{"id":3812,"date":"2025-11-10T13:45:01","date_gmt":"2025-11-10T18:45:01","guid":{"rendered":"https:\/\/carleton.ca\/indigenous\/cisce\/?page_id=3812"},"modified":"2026-03-06T11:33:32","modified_gmt":"2026-03-06T16:33:32","slug":"indigenous-reports-and-toolkits","status":"publish","type":"page","link":"https:\/\/carleton.ca\/indigenous\/cisce\/indigenous-reports-and-toolkits\/","title":{"rendered":"Indigenous Reports and Toolkits"},"content":{"rendered":"\n<div class=\"\">\n\t<p>\n\t\t<a class=\"button__red button__red--solid\" href=\"https:\/\/carleton.ca\/indigenousinitiatives\/wp-content\/uploads\/Kinamagwin.pdf\"  rel=\"noopener noreferrer\">2020 Kin\u00e0m\u00e0gawin Report<\/a>\n\t<\/p>\n<\/div>\n\n\n<div class=\"\">\n\t<p>\n\t\t<a class=\"button__red button__red--solid\" href=\"https:\/\/carleton.ca\/indigenousinitiatives\/wp-content\/uploads\/Kinamagwin-Progress-Report-May-2022.pdf\"  rel=\"noopener noreferrer\">2022 Kin\u00e0m\u00e0gawin Progress Report<\/a>\n\t<\/p>\n<\/div>\n\n\n<div class=\"\">\n\t<p>\n\t\t<a class=\"button__red button__red--solid\" href=\"https:\/\/carleton.ca\/indigenous\/wp-content\/uploads\/Kina%CC%80ma%CC%80gawin-Learning-Together-Progress-Report-April-2024_240403.pdf\"  rel=\"noopener noreferrer\">2024 Kin\u00e0m\u00e0gawin Progress Report<\/a>\n\t<\/p>\n<\/div>\n\n\n<div class=\"\">\n\t<p>\n\t\t<a class=\"button__red button__red--solid\" href=\"https:\/\/carleton.ca\/indigenous\/wp-content\/uploads\/Kina%CC%80ma%CC%80gawin-Learning-Together-Progress-Report-April-2025.pdf\"  rel=\"noopener noreferrer\">2025 Kin\u00e0m\u00e0gawin Progress Report<\/a>\n\t<\/p>\n<\/div>\n\n\n<div class=\"\">\n\t<p>\n\t\t<a class=\"button__red button__red--solid\" href=\"https:\/\/ehprnh2mwo3.exactdn.com\/wp-content\/uploads\/2021\/01\/aboriginal-healing-in-canada.pdf\"  rel=\"noopener noreferrer\">Aboriginal Healing in Canada: Studies in Therapeutic Meaning and Practice - Aboriginal Healing Foundation Research Series<\/a>\n\t<\/p>\n<\/div>\n\n\n<div class=\"\">\n\t<p>\n\t\t<a class=\"button__red button__red--solid\" href=\"https:\/\/campusmentalhealth.ca\/wp-content\/uploads\/2022\/03\/CICMH-Anti-Oppressive-Practice-Toolkit.pdf\"  rel=\"noopener noreferrer\">ANTI-OPPRESSIVE PRACTICE: A GUIDE FOR MOVING FROM THEORY TO ACTION PART 1<\/a>\n\t<\/p>\n<\/div>\n\n\n<div class=\"\">\n\t<p>\n\t\t<a class=\"button__red button__red--solid\" href=\"https:\/\/campusmentalhealth.ca\/wp-content\/uploads\/2023\/03\/CICMH-Anti-Oppressive-Practice-Toolkit-part-2-en.pdf\"  rel=\"noopener noreferrer\">ANTI-OPPRESSIVE PRACTICE: COLONIALISM AND MENTAL HEALTH ON CAMPUS PART 2<\/a>\n\t<\/p>\n<\/div>\n\n\n<div class=\"\">\n\t<p>\n\t\t<a class=\"button__red button__red--solid\" href=\"https:\/\/awakethefilm.org\/assets\/docs\/awake-calls-to-action.pdf\"  rel=\"noopener noreferrer\">Awake: Calls to Action Activist Guide<\/a>\n\t<\/p>\n<\/div>\n\n\n<div class=\"\">\n\t<p>\n\t\t<a class=\"button__red button__red--solid\" href=\"https:\/\/ehprnh2mwo3.exactdn.com\/wp-content\/uploads\/2021\/01\/Volume_1_History_Part_1_English_Web.pdf\"  rel=\"noopener noreferrer\">Canada\u2019s Residential Schools: The History, Part 1 Origins to 1939 The Final Report of the Truth and Reconciliation Commission of Canada Volume 1<\/a>\n\t<\/p>\n<\/div>\n\n\n<div class=\"\">\n\t<p>\n\t\t<a class=\"button__red button__red--solid\" href=\"https:\/\/ehprnh2mwo3.exactdn.com\/wp-content\/uploads\/2021\/01\/Volume_1_History_Part_2_English_Web.pdf\"  rel=\"noopener noreferrer\">Canada\u2019s Residential Schools: The History, Part 2 1939 to 2000 The Final Report of the Truth and Reconciliation Commission of Canada Volume 1<\/a>\n\t<\/p>\n<\/div>\n\n\n<div class=\"\">\n\t<p>\n\t\t<a class=\"button__red button__red--solid\" href=\"https:\/\/ehprnh2mwo3.exactdn.com\/wp-content\/uploads\/2021\/01\/Volume_2_Inuit_and_Northern_English_Web.pdf\"  rel=\"noopener noreferrer\">Canada\u2019s Residential Schools: The Inuit and Northern Experience The Final Report of the Truth and Reconciliation Commission of Canada Volume 2<\/a>\n\t<\/p>\n<\/div>\n\n\n<div class=\"\">\n\t<p>\n\t\t<a class=\"button__red button__red--solid\" href=\"https:\/\/ehprnh2mwo3.exactdn.com\/wp-content\/uploads\/2021\/01\/Volume_3_Metis_English_Web.pdf\"  rel=\"noopener noreferrer\">Canada\u2019s Residential Schools: The M\u00e9tis Experience The Final Report of the Truth and Reconciliation Commission of Canada Volume 3<\/a>\n\t<\/p>\n<\/div>\n\n\n<div class=\"\">\n\t<p>\n\t\t<a class=\"button__red button__red--solid\" href=\"https:\/\/ehprnh2mwo3.exactdn.com\/wp-content\/uploads\/2021\/01\/Volume_4_Missing_Children_English_Web.pdf\"  rel=\"noopener noreferrer\">Canada\u2019s Residential Schools: Missing Children and Unmarked Burials The Final Report of the Truth and Reconciliation Commission of Canada Volume 4<\/a>\n\t<\/p>\n<\/div>\n\n\n<div class=\"\">\n\t<p>\n\t\t<a class=\"button__red button__red--solid\" href=\"https:\/\/ehprnh2mwo3.exactdn.com\/wp-content\/uploads\/2021\/01\/Volume_5_Legacy_English_Web.pdf\"  rel=\"noopener noreferrer\">Canada\u2019s Residential Schools: The Legacy The Final Report of the Truth and Reconciliation Commission of Canada Volume 5<\/a>\n\t<\/p>\n<\/div>\n\n\n<div class=\"\">\n\t<p>\n\t\t<a class=\"button__red button__red--solid\" href=\"https:\/\/ehprnh2mwo3.exactdn.com\/wp-content\/uploads\/2021\/01\/Volume_6_Reconciliation_English_Web.pdf\"  rel=\"noopener noreferrer\">Canada\u2019s Residential Schools: Reconciliation The Final Report of the Truth and Reconciliation Commission of Canada Volume 6<\/a>\n\t<\/p>\n<\/div>\n\n\n<div class=\"\">\n\t<p>\n\t\t<a class=\"button__red button__red--solid\" href=\"https:\/\/metiswomen.org\/wp-content\/uploads\/2025\/04\/LFMO-Palliative-Care-Report-Caring-for-Self-and-Kin-1.pdf\"  rel=\"noopener noreferrer\">Caring for Self and Kin: A M\u00e9tis GBA+ Perspective on Palliative Care - LFMO<\/a>\n\t<\/p>\n<\/div>\n\n\n<div class=\"\">\n\t<p>\n\t\t<a class=\"button__red button__red--solid\" href=\"https:\/\/ehprnh2mwo3.exactdn.com\/wp-content\/uploads\/2021\/01\/cultivating-canada-pdf.pdf\"  rel=\"noopener noreferrer\">Cultivating Canada: Reconciliation through the Lens of Cultural Diversity<\/a>\n\t<\/p>\n<\/div>\n\n\n<div class=\"\">\n\t<p>\n\t\t<a class=\"button__red button__red--solid\" href=\"https:\/\/ehprnh2mwo3.exactdn.com\/wp-content\/uploads\/2021\/01\/ibpengweb.pdf\"  rel=\"noopener noreferrer\">Decolonization and Healing: Indigenous Experiences in the United States, New Zealand, Australia and Greenland - Aboriginal Healing Foundation Research Series<\/a>\n\t<\/p>\n<\/div>\n\n\n<div class=\"\">\n\t<p>\n\t\t<a class=\"button__red button__red--solid\" href=\"https:\/\/assets.cmhc-schl.gc.ca\/sites\/cmhc\/professional\/housing-markets-data-and-research\/housing-research\/research-reports\/2024\/exploring-metis-women-2slgbtqia-peoples-housing-issues-canada-en.pdf?rev=baa014db-c235-40d2-b9ad-eb94f3813f1a&#038;_gl=1*1xrr0ni*_gcl_au*MTMzNjE1OTQ4OS4xNzU1MDg5OTIw*_ga*NDIyNTYzNDY4LjE3NTUwODk5MjE.*_ga_CY7T7RT5C4*czE3NTUwODk5MjEkbzEkZzAkdDE3NTUwODk5MjQkajU3JGwwJGgw\"  rel=\"noopener noreferrer\">Exploring M\u00e9tis Women and 2SLGBTQIA+ Peoples Housing Issues in Canada - CMHC<\/a>\n\t<\/p>\n<\/div>\n\n\n<div class=\"\">\n\t<p>\n\t\t<a class=\"button__red button__red--solid\" href=\"https:\/\/ehprnh2mwo3.exactdn.com\/wp-content\/uploads\/2021\/01\/Bill-an-act-to-encourage-the-gradual-civilization-of-Indian-tribes.pdf\"  rel=\"noopener noreferrer\">Gradual Civilization Act, 1857<\/a>\n\t<\/p>\n<\/div>\n\n\n<div class=\"\">\n\t<p>\n\t\t<a class=\"button__red button__red--solid\" href=\"https:\/\/ehprnh2mwo3.exactdn.com\/wp-content\/uploads\/2021\/01\/1869-Gradual-Enfranchisement-Act.pdf\"  rel=\"noopener noreferrer\">Gradual Enfranchisement Act, 1869<\/a>\n\t<\/p>\n<\/div>\n\n\n<div class=\"\">\n\t<p>\n\t\t<a class=\"button__red button__red--solid\" href=\"https:\/\/ehprnh2mwo3.exactdn.com\/wp-content\/uploads\/2021\/01\/Executive_Summary_English_Web.pdf\"  rel=\"noopener noreferrer\">Honouring the Truth, Reconciling for the Future Summary of the Final Report of the Truth and Reconciliation Commission of Canada<\/a>\n\t<\/p>\n<\/div>\n\n\n<div class=\"\">\n\t<p>\n\t\t<a class=\"button__red button__red--outline\" href=\"https:\/\/campusmentalhealth.ca\/wp-content\/uploads\/2025\/12\/CICMH_Sharing-Circles_Infosheet_EN-FINAL.pdf\"  rel=\"noopener noreferrer\">Implementing sharing circles in post-secondary campuses | Centre for Innovation in Campus Mental Health<\/a>\n\t<\/p>\n<\/div>\n\n\n<div class=\"\">\n\t<p>\n\t\t<a class=\"button__red button__red--solid\" href=\"https:\/\/metiswomen.org\/wp-content\/uploads\/2025\/01\/LFMO-Midwifery-Report.-In-Our-Hands_V3_02.pdf\"  rel=\"noopener noreferrer\">In Our Hands: Perspectives from M\u00e9tis Midwives, Doulas, Birth Workers, and Life Givers - LFMO<\/a>\n\t<\/p>\n<\/div>\n\n\n<div class=\"\">\n\t<p>\n\t\t<a class=\"button__red button__red--solid\" href=\"https:\/\/laws-lois.justice.gc.ca\/PDF\/I-5.pdf\"  rel=\"noopener noreferrer\">The Indian Act, Current<\/a>\n\t<\/p>\n<\/div>\n\n\n<div class=\"\">\n\t<p>\n\t\t<a class=\"button__red button__red--solid\" href=\"https:\/\/www.segalcentre.org\/common\/sitemedia\/201819_shows\/eng_allytookit.pdf\"  rel=\"noopener noreferrer\">Indigenous Allyship Toolkit<\/a>\n\t<\/p>\n<\/div>\n\n\n<div class=\"\">\n\t<p>\n\t\t<a class=\"button__red button__red--solid\" href=\"https:\/\/healthsci.queensu.ca\/opdes\/about-us\/project-showcase\/indigenous-healthcare-education-and-practice\"  rel=\"noopener noreferrer\">Indigenous Healthcare Education and Practice: Applying Digital Teaching and Learning Resources to the TRC\u2019s Calls to Action  - Queen&#039;s University<\/a>\n\t<\/p>\n<\/div>\n\n\n<div class=\"\">\n\t<p>\n\t\t<a class=\"button__red button__red--solid\" href=\"https:\/\/campusmentalhealth.ca\/wp-content\/uploads\/2022\/12\/CICMH-2SLGBTQToolkit_v2.pdf\"  rel=\"noopener noreferrer\">Invisible Intersections: CAMPUS MENTAL HEALTH Supporting 2SLGBTQ+ Students on Campus<\/a>\n\t<\/p>\n<\/div>\n\n\n<div class=\"\">\n\t<p>\n\t\t<a class=\"button__red button__red--solid\" href=\"https:\/\/ehprnh2mwo3.exactdn.com\/wp-content\/uploads\/2021\/01\/Lessons_learned_report_final_2020.pdf\"  rel=\"noopener noreferrer\">Lessons Learned: Survivor Perspective from the NCTR<\/a>\n\t<\/p>\n<\/div>\n\n\n<div class=\"\">\n\t<p>\n\t\t<a class=\"button__red button__red--solid\" href=\"https:\/\/metiswomen.org\/wp-content\/uploads\/2025\/08\/Literature-Review-Summary_reviewed_FINAL.pdf\"  rel=\"noopener noreferrer\">Les Femmes Michif Otipemisiwak (LFMO) MIY\u00d3Y\u00c2WIN Initiative: M\u00e9tis Mental Wellness: Rooted in Culture, Strengthened in Community<\/a>\n\t<\/p>\n<\/div>\n\n\n<div class=\"\">\n\t<p>\n\t\t<a class=\"button__red button__red--solid\" href=\"https:\/\/metiswomen.org\/wp-content\/uploads\/2024\/12\/Metis-Perspectives-MAID.pdf\"  rel=\"noopener noreferrer\">M\u00e9tis Perspectives: Medical Assistance in Dying (MAiD) and Mental Illness - LFMO<\/a>\n\t<\/p>\n<\/div>\n\n\n<div class=\"\">\n\t<p>\n\t\t<a class=\"button__red button__red--solid\" href=\"https:\/\/metiswomen.org\/wp-content\/uploads\/2024\/09\/Metis-Specific-GBA-Tool.pdf\"  rel=\"noopener noreferrer\">M\u00e9tis-Specific Gender-Based Analysis Plus (GBA+) Tool - LFMO<\/a>\n\t<\/p>\n<\/div>\n\n\n<div class=\"\">\n\t<p>\n\t\t<a class=\"button__red button__red--solid\" href=\"https:\/\/metiswomen.org\/wp-content\/uploads\/2025\/08\/LFMO-Housing-Report-1.pdf\"  rel=\"noopener noreferrer\">\u201cMy ancestors would be proud of us\u201d M\u00e9tis Women and 2SLGBTQQIA+ People\u2019s Housing Histories, Experiences, Struggles, and Perspectives - LFMO<\/a>\n\t<\/p>\n<\/div>\n\n\n<div class=\"\">\n\t<p>\n\t\t<a class=\"button__red button__red--solid\" href=\"https:\/\/metiswomen.org\/wp-content\/uploads\/2025\/03\/Trauma-Informed-Toolkit-Report-1.pdf\"  rel=\"noopener noreferrer\">A Place From Which We Grow: M\u00e9tis Trauma Informed Toolkit - LFMO<\/a>\n\t<\/p>\n<\/div>\n\n\n<div class=\"\">\n\t<p>\n\t\t<a class=\"button__red button__red--solid\" href=\"https:\/\/www.mmiwg-ffada.ca\/wp-content\/uploads\/2019\/06\/Final_Report_Vol_1a-1.pdf\"  rel=\"noopener noreferrer\">Reclaiming Power and Place: The Final Report of the National Inquiry into Missing and Murdered Indigenous Women and Girls - Volume 1a<\/a>\n\t<\/p>\n<\/div>\n\n\n<div class=\"\">\n\t<p>\n\t\t<a class=\"button__red button__red--solid\" href=\"https:\/\/www.mmiwg-ffada.ca\/wp-content\/uploads\/2019\/06\/Final_Report_Vol_1b.pdf\"  rel=\"noopener noreferrer\">Reclaiming Power and Place: The Final Report of the National Inquiry into Missing and Murdered Indigenous Women and Girls - Volume 1b<\/a>\n\t<\/p>\n<\/div>\n\n\n<div class=\"\">\n\t<p>\n\t\t<a class=\"button__red button__red--solid\" href=\"https:\/\/ehprnh2mwo3.exactdn.com\/wp-content\/uploads\/2021\/01\/RCMP-role-in-residential-school-system-Oct-4-2011.pdf\"  rel=\"noopener noreferrer\">The Role of the Royal Canadian Mounted Police During the Indian Residential School System<\/a>\n\t<\/p>\n<\/div>\n\n\n<div class=\"\">\n\t<p>\n\t\t<a class=\"button__red button__red--solid\" href=\"https:\/\/caid.ca\/AppJusIndCan1922.pdf\"  rel=\"noopener noreferrer\">The Story of a National Crime by Peter H. Bryce<\/a>\n\t<\/p>\n<\/div>\n\n\n<div class=\"\">\n\t<p>\n\t\t<a class=\"button__red button__red--solid\" href=\"https:\/\/ehprnh2mwo3.exactdn.com\/wp-content\/uploads\/2021\/01\/suicide.pdf\"  rel=\"noopener noreferrer\">Suicide Among Aboriginal People in Canada - Aboriginal Healing Foundation Research Series<\/a>\n\t<\/p>\n<\/div>\n\n\n<div class=\"\">\n\t<p>\n\t\t<a class=\"button__red button__red--solid\" href=\"https:\/\/campusmentalhealth.ca\/wp-content\/uploads\/2026\/02\/CICMH-Indigenous-Transition-Toolkit.pdf\"  rel=\"noopener noreferrer\">Transitioning into post-secondary: A guide for Indigenous students<\/a>\n\t<\/p>\n<\/div>\n\n\n<div class=\"\">\n\t<p>\n\t\t<a class=\"button__red button__red--solid\" href=\"https:\/\/ehprnh2mwo3.exactdn.com\/wp-content\/uploads\/2021\/01\/Calls_to_Action_English2.pdf\"  rel=\"noopener noreferrer\">Truth and Reconciliation Commission of Canada: Calls to Action<\/a>\n\t<\/p>\n<\/div>\n\n\n<div class=\"\">\n\t<p>\n\t\t<a class=\"button__red button__red--solid\" href=\"https:\/\/www.justice.gc.ca\/eng\/declaration\/un_declaration_EN1.pdf\"  rel=\"noopener noreferrer\">United Nations Declaration on the Rights of Indigenous Peoples (UNDRIP)<\/a>\n\t<\/p>\n<\/div>\n\n\n<div class=\"\">\n\t<p>\n\t\t<a class=\"button__red button__red--solid\" href=\"https:\/\/ehprnh2mwo3.exactdn.com\/wp-content\/uploads\/2021\/01\/healingmenewebrev.pdf\"  rel=\"noopener noreferrer\">Warrior-Caregivers: Understanding the Challenges and Healing of First Nations Men<\/a>\n\t<\/p>\n<\/div>\n\n","protected":false},"excerpt":{"rendered":"","protected":false},"author":8,"featured_media":0,"parent":0,"menu_order":0,"comment_status":"closed","ping_status":"closed","template":"","meta":{"_relevanssi_hide_post":"","_relevanssi_hide_content":"","_relevanssi_pin_for_all":"","_relevanssi_pin_keywords":"","_relevanssi_unpin_keywords":"","_relevanssi_related_keywords":"","_relevanssi_related_include_ids":"","_relevanssi_related_exclude_ids":"","_relevanssi_related_no_append":"","_relevanssi_related_not_related":"","_relevanssi_related_posts":"","_relevanssi_noindex_reason":"","_mi_skip_tracking":false,"_exactmetrics_sitenote_active":false,"_exactmetrics_sitenote_note":"","_exactmetrics_sitenote_category":0,"_monsterinsights_sitenote_active":false,"_monsterinsights_sitenote_note":"","_monsterinsights_sitenote_category":0,"footnotes":"","_links_to":"","_links_to_target":""},"yoast_head":"<!-- This site is optimized with the Yoast SEO plugin v21.2 - https:\/\/yoast.com\/wordpress\/plugins\/seo\/ -->\n<title>Indigenous Reports and Toolkits - The Centre for Indigenous Support and Community Engagement<\/title>\n<meta name=\"robots\" content=\"index, follow, max-snippet:-1, max-image-preview:large, max-video-preview:-1\" \/>\n<link rel=\"canonical\" href=\"https:\/\/carleton.ca\/indigenous\/cisce\/indigenous-reports-and-toolkits\/\" \/>\n<meta name=\"twitter:label1\" content=\"Est. reading time\" \/>\n\t<meta name=\"twitter:data1\" content=\"4 minutes\" \/>\n<script type=\"application\/ld+json\" class=\"yoast-schema-graph\">{\"@context\":\"https:\/\/schema.org\",\"@graph\":[{\"@type\":\"WebPage\",\"@id\":\"https:\/\/carleton.ca\/indigenous\/cisce\/indigenous-reports-and-toolkits\/\",\"url\":\"https:\/\/carleton.ca\/indigenous\/cisce\/indigenous-reports-and-toolkits\/\",\"name\":\"Indigenous Reports and Toolkits - The Centre for Indigenous Support and Community Engagement\",\"isPartOf\":{\"@id\":\"https:\/\/carleton.ca\/indigenous\/cisce\/#website\"},\"datePublished\":\"2025-11-10T18:45:01+00:00\",\"dateModified\":\"2026-03-06T16:33:32+00:00\",\"breadcrumb\":{\"@id\":\"https:\/\/carleton.ca\/indigenous\/cisce\/indigenous-reports-and-toolkits\/#breadcrumb\"},\"inLanguage\":\"en-US\",\"potentialAction\":[{\"@type\":\"ReadAction\",\"target\":[\"https:\/\/carleton.ca\/indigenous\/cisce\/indigenous-reports-and-toolkits\/\"]}]},{\"@type\":\"BreadcrumbList\",\"@id\":\"https:\/\/carleton.ca\/indigenous\/cisce\/indigenous-reports-and-toolkits\/#breadcrumb\",\"itemListElement\":[{\"@type\":\"ListItem\",\"position\":1,\"name\":\"Home\",\"item\":\"https:\/\/carleton.ca\/indigenous\/cisce\/\"},{\"@type\":\"ListItem\",\"position\":2,\"name\":\"Indigenous Reports and Toolkits\"}]},{\"@type\":\"WebSite\",\"@id\":\"https:\/\/carleton.ca\/indigenous\/cisce\/#website\",\"url\":\"https:\/\/carleton.ca\/indigenous\/cisce\/\",\"name\":\"The Centre for Indigenous Support and Community Engagement\",\"description\":\"Carleton University\",\"potentialAction\":[{\"@type\":\"SearchAction\",\"target\":{\"@type\":\"EntryPoint\",\"urlTemplate\":\"https:\/\/carleton.ca\/indigenous\/cisce\/?s={search_term_string}\"},\"query-input\":\"required name=search_term_string\"}],\"inLanguage\":\"en-US\"}]}<\/script>\n<!-- \/ Yoast SEO plugin. -->","yoast_head_json":{"title":"Indigenous Reports and Toolkits - The Centre for Indigenous Support and Community Engagement","robots":{"index":"index","follow":"follow","max-snippet":"max-snippet:-1","max-image-preview":"max-image-preview:large","max-video-preview":"max-video-preview:-1"},"canonical":"https:\/\/carleton.ca\/indigenous\/cisce\/indigenous-reports-and-toolkits\/","twitter_misc":{"Est. reading time":"4 minutes"},"schema":{"@context":"https:\/\/schema.org","@graph":[{"@type":"WebPage","@id":"https:\/\/carleton.ca\/indigenous\/cisce\/indigenous-reports-and-toolkits\/","url":"https:\/\/carleton.ca\/indigenous\/cisce\/indigenous-reports-and-toolkits\/","name":"Indigenous Reports and Toolkits - The Centre for Indigenous Support and Community Engagement","isPartOf":{"@id":"https:\/\/carleton.ca\/indigenous\/cisce\/#website"},"datePublished":"2025-11-10T18:45:01+00:00","dateModified":"2026-03-06T16:33:32+00:00","breadcrumb":{"@id":"https:\/\/carleton.ca\/indigenous\/cisce\/indigenous-reports-and-toolkits\/#breadcrumb"},"inLanguage":"en-US","potentialAction":[{"@type":"ReadAction","target":["https:\/\/carleton.ca\/indigenous\/cisce\/indigenous-reports-and-toolkits\/"]}]},{"@type":"BreadcrumbList","@id":"https:\/\/carleton.ca\/indigenous\/cisce\/indigenous-reports-and-toolkits\/#breadcrumb","itemListElement":[{"@type":"ListItem","position":1,"name":"Home","item":"https:\/\/carleton.ca\/indigenous\/cisce\/"},{"@type":"ListItem","position":2,"name":"Indigenous Reports and Toolkits"}]},{"@type":"WebSite","@id":"https:\/\/carleton.ca\/indigenous\/cisce\/#website","url":"https:\/\/carleton.ca\/indigenous\/cisce\/","name":"The Centre for Indigenous Support and Community Engagement","description":"Carleton University","potentialAction":[{"@type":"SearchAction","target":{"@type":"EntryPoint","urlTemplate":"https:\/\/carleton.ca\/indigenous\/cisce\/?s={search_term_string}"},"query-input":"required name=search_term_string"}],"inLanguage":"en-US"}]}},"acf":{"banner_image_type":"none","banner_button":"no"},"_links":{"self":[{"href":"https:\/\/carleton.ca\/indigenous\/cisce\/wp-json\/wp\/v2\/pages\/3812"}],"collection":[{"href":"https:\/\/carleton.ca\/indigenous\/cisce\/wp-json\/wp\/v2\/pages"}],"about":[{"href":"https:\/\/carleton.ca\/indigenous\/cisce\/wp-json\/wp\/v2\/types\/page"}],"author":[{"embeddable":true,"href":"https:\/\/carleton.ca\/indigenous\/cisce\/wp-json\/wp\/v2\/users\/8"}],"replies":[{"embeddable":true,"href":"https:\/\/carleton.ca\/indigenous\/cisce\/wp-json\/wp\/v2\/comments?post=3812"}],"version-history":[{"count":3,"href":"https:\/\/carleton.ca\/indigenous\/cisce\/wp-json\/wp\/v2\/pages\/3812\/revisions"}],"predecessor-version":[{"id":4342,"href":"https:\/\/carleton.ca\/indigenous\/cisce\/wp-json\/wp\/v2\/pages\/3812\/revisions\/4342"}],"wp:attachment":[{"href":"https:\/\/carleton.ca\/indigenous\/cisce\/wp-json\/wp\/v2\/media?parent=3812"}],"curies":[{"name":"wp","href":"https:\/\/api.w.org\/{rel}","templated":true}]}}