{"id":3975,"date":"2025-12-11T09:52:44","date_gmt":"2025-12-11T14:52:44","guid":{"rendered":"https:\/\/carleton.ca\/indigenous\/cisce\/?page_id=3975"},"modified":"2025-12-11T10:06:03","modified_gmt":"2025-12-11T15:06:03","slug":"indigenous-learning-opportunities","status":"publish","type":"page","link":"https:\/\/carleton.ca\/indigenous\/cisce\/indigenous-learning-opportunities\/","title":{"rendered":"Indigenous Learning Opportunities"},"content":{"rendered":"\n<div class=\"\">\n\t<p>\n\t\t<a class=\"button__red button__red--solid\" href=\"https:\/\/www.coursera.org\/learn\/aboriginal-education?\"  rel=\"noopener noreferrer\">Aboriginal Worldviews and Education - University of Toronto<\/a>\n\t<\/p>\n<\/div>\n\n\n<div class=\"\">\n\t<p>\n\t\t<a class=\"button__red button__red--solid\" href=\"https:\/\/www.ualberta.ca\/en\/native-studies\/programs\/continuing-education\/countering-stereotypes-of-indigenous-peoples\/index.html\"  rel=\"noopener noreferrer\">Countering Stereotypes of Indigenous Peoples - Microcredential Certificate - University of Alberta<\/a>\n\t<\/p>\n<\/div>\n\n\n<div class=\"\">\n\t<p>\n\t\t<a class=\"button__red button__red--solid\" href=\"https:\/\/www.coursera.org\/learn\/indigenous-canada\/\"  rel=\"noopener noreferrer\">Indigenous Canada - University of Alberta<\/a>\n\t<\/p>\n<\/div>\n\n\n<div class=\"\">\n\t<p>\n\t\t<a class=\"button__red button__red--solid\" href=\"https:\/\/www.ualberta.ca\/en\/native-studies\/programs\/continuing-education\/indigenous-peoples-and-canada.html\"  rel=\"noopener noreferrer\">Indigenous Peoples and Canada - University of Alberta<\/a>\n\t<\/p>\n<\/div>\n\n\n<div class=\"\">\n\t<p>\n\t\t<a class=\"button__red button__red--solid\" href=\"https:\/\/www.ualberta.ca\/en\/native-studies\/programs\/continuing-education\/indigenous-technoscience-microcredential\/index.html\"  rel=\"noopener noreferrer\">Indigenous Peoples and Technoscience Microcredential Certificate - University of Alberta<\/a>\n\t<\/p>\n<\/div>\n\n\n<div class=\"\">\n\t<p>\n\t\t<a class=\"button__red button__red--solid\" href=\"https:\/\/courses.apihtawikosisan.com\/courses-overview\/\"  rel=\"noopener noreferrer\">M\u00e2ci-N\u00eahiyaw\u00eat\u00e2n - Learn How to Speak Cree - Indigenous Learns<\/a>\n\t<\/p>\n<\/div>\n\n\n<div class=\"\">\n\t<p>\n\t\t<a class=\"button__red button__red--solid\" href=\"https:\/\/www.edx.org\/learn\/education\/university-of-british-columbia-reconciliation-through-indigenous-education?irclickid=3qyXcVTKtxycU57z35XKOTDXUkpQzq3%3A3yiaXQ0&#038;utm_source=affiliate&#038;utm_medium=HumanRightsCareersEU&#038;utm_campaign=Online%20Tracking%20Link_&#038;utm_content=ONLINE_TRACKING_LINK&#038;irgwc=1&#038;afsrc=1\"  rel=\"noopener noreferrer\">Reconciliation Through Indigenous Education - University of British Columbia<\/a>\n\t<\/p>\n<\/div>\n\n\n<div class=\"\">\n\t<p>\n\t\t<a class=\"button__red button__red--solid\" href=\"https:\/\/www.ualberta.ca\/en\/native-studies\/programs\/continuing-education\/stand-alone-certificate-in-indigenous-governance-and-partnership.html\"  rel=\"noopener noreferrer\">Stand-alone Certificate in Indigenous Governance and Partnership - University of Alberta<\/a>\n\t<\/p>\n<\/div>\n\n\n<div class=\"\">\n\t<p>\n\t\t<a class=\"button__red button__red--solid\" href=\"https:\/\/www.ualberta.ca\/en\/native-studies\/programs\/continuing-education\/tackling-structural-racism.html\"  rel=\"noopener noreferrer\">Tackling Structural Racism - University of Alberta<\/a>\n\t<\/p>\n<\/div>\n\n","protected":false},"excerpt":{"rendered":"","protected":false},"author":8,"featured_media":0,"parent":0,"menu_order":0,"comment_status":"closed","ping_status":"closed","template":"","meta":{"_relevanssi_hide_post":"","_relevanssi_hide_content":"","_relevanssi_pin_for_all":"","_relevanssi_pin_keywords":"","_relevanssi_unpin_keywords":"","_relevanssi_related_keywords":"","_relevanssi_related_include_ids":"","_relevanssi_related_exclude_ids":"","_relevanssi_related_no_append":"","_relevanssi_related_not_related":"","_relevanssi_related_posts":"","_relevanssi_noindex_reason":"","_mi_skip_tracking":false,"_exactmetrics_sitenote_active":false,"_exactmetrics_sitenote_note":"","_exactmetrics_sitenote_category":0,"_monsterinsights_sitenote_active":false,"_monsterinsights_sitenote_note":"","_monsterinsights_sitenote_category":0,"footnotes":"","_links_to":"","_links_to_target":""},"yoast_head":"<!-- This site is optimized with the Yoast SEO plugin v21.2 - https:\/\/yoast.com\/wordpress\/plugins\/seo\/ -->\n<title>Indigenous Learning Opportunities - The Centre for Indigenous Support and Community Engagement<\/title>\n<meta name=\"robots\" content=\"index, follow, max-snippet:-1, max-image-preview:large, max-video-preview:-1\" \/>\n<link rel=\"canonical\" href=\"https:\/\/carleton.ca\/indigenous\/cisce\/indigenous-learning-opportunities\/\" \/>\n<meta name=\"twitter:label1\" content=\"Est. reading time\" \/>\n\t<meta name=\"twitter:data1\" content=\"1 minute\" \/>\n<script type=\"application\/ld+json\" class=\"yoast-schema-graph\">{\"@context\":\"https:\/\/schema.org\",\"@graph\":[{\"@type\":\"WebPage\",\"@id\":\"https:\/\/carleton.ca\/indigenous\/cisce\/indigenous-learning-opportunities\/\",\"url\":\"https:\/\/carleton.ca\/indigenous\/cisce\/indigenous-learning-opportunities\/\",\"name\":\"Indigenous Learning Opportunities - The Centre for Indigenous Support and Community Engagement\",\"isPartOf\":{\"@id\":\"https:\/\/carleton.ca\/indigenous\/cisce\/#website\"},\"datePublished\":\"2025-12-11T14:52:44+00:00\",\"dateModified\":\"2025-12-11T15:06:03+00:00\",\"breadcrumb\":{\"@id\":\"https:\/\/carleton.ca\/indigenous\/cisce\/indigenous-learning-opportunities\/#breadcrumb\"},\"inLanguage\":\"en-US\",\"potentialAction\":[{\"@type\":\"ReadAction\",\"target\":[\"https:\/\/carleton.ca\/indigenous\/cisce\/indigenous-learning-opportunities\/\"]}]},{\"@type\":\"BreadcrumbList\",\"@id\":\"https:\/\/carleton.ca\/indigenous\/cisce\/indigenous-learning-opportunities\/#breadcrumb\",\"itemListElement\":[{\"@type\":\"ListItem\",\"position\":1,\"name\":\"Home\",\"item\":\"https:\/\/carleton.ca\/indigenous\/cisce\/\"},{\"@type\":\"ListItem\",\"position\":2,\"name\":\"Indigenous Learning Opportunities\"}]},{\"@type\":\"WebSite\",\"@id\":\"https:\/\/carleton.ca\/indigenous\/cisce\/#website\",\"url\":\"https:\/\/carleton.ca\/indigenous\/cisce\/\",\"name\":\"The Centre for Indigenous Support and Community Engagement\",\"description\":\"Carleton University\",\"potentialAction\":[{\"@type\":\"SearchAction\",\"target\":{\"@type\":\"EntryPoint\",\"urlTemplate\":\"https:\/\/carleton.ca\/indigenous\/cisce\/?s={search_term_string}\"},\"query-input\":\"required name=search_term_string\"}],\"inLanguage\":\"en-US\"}]}<\/script>\n<!-- \/ Yoast SEO plugin. -->","yoast_head_json":{"title":"Indigenous Learning Opportunities - The Centre for Indigenous Support and Community Engagement","robots":{"index":"index","follow":"follow","max-snippet":"max-snippet:-1","max-image-preview":"max-image-preview:large","max-video-preview":"max-video-preview:-1"},"canonical":"https:\/\/carleton.ca\/indigenous\/cisce\/indigenous-learning-opportunities\/","twitter_misc":{"Est. reading time":"1 minute"},"schema":{"@context":"https:\/\/schema.org","@graph":[{"@type":"WebPage","@id":"https:\/\/carleton.ca\/indigenous\/cisce\/indigenous-learning-opportunities\/","url":"https:\/\/carleton.ca\/indigenous\/cisce\/indigenous-learning-opportunities\/","name":"Indigenous Learning Opportunities - The Centre for Indigenous Support and Community Engagement","isPartOf":{"@id":"https:\/\/carleton.ca\/indigenous\/cisce\/#website"},"datePublished":"2025-12-11T14:52:44+00:00","dateModified":"2025-12-11T15:06:03+00:00","breadcrumb":{"@id":"https:\/\/carleton.ca\/indigenous\/cisce\/indigenous-learning-opportunities\/#breadcrumb"},"inLanguage":"en-US","potentialAction":[{"@type":"ReadAction","target":["https:\/\/carleton.ca\/indigenous\/cisce\/indigenous-learning-opportunities\/"]}]},{"@type":"BreadcrumbList","@id":"https:\/\/carleton.ca\/indigenous\/cisce\/indigenous-learning-opportunities\/#breadcrumb","itemListElement":[{"@type":"ListItem","position":1,"name":"Home","item":"https:\/\/carleton.ca\/indigenous\/cisce\/"},{"@type":"ListItem","position":2,"name":"Indigenous Learning Opportunities"}]},{"@type":"WebSite","@id":"https:\/\/carleton.ca\/indigenous\/cisce\/#website","url":"https:\/\/carleton.ca\/indigenous\/cisce\/","name":"The Centre for Indigenous Support and Community Engagement","description":"Carleton University","potentialAction":[{"@type":"SearchAction","target":{"@type":"EntryPoint","urlTemplate":"https:\/\/carleton.ca\/indigenous\/cisce\/?s={search_term_string}"},"query-input":"required name=search_term_string"}],"inLanguage":"en-US"}]}},"acf":{"banner_image_type":"none","banner_button":"no"},"_links":{"self":[{"href":"https:\/\/carleton.ca\/indigenous\/cisce\/wp-json\/wp\/v2\/pages\/3975"}],"collection":[{"href":"https:\/\/carleton.ca\/indigenous\/cisce\/wp-json\/wp\/v2\/pages"}],"about":[{"href":"https:\/\/carleton.ca\/indigenous\/cisce\/wp-json\/wp\/v2\/types\/page"}],"author":[{"embeddable":true,"href":"https:\/\/carleton.ca\/indigenous\/cisce\/wp-json\/wp\/v2\/users\/8"}],"replies":[{"embeddable":true,"href":"https:\/\/carleton.ca\/indigenous\/cisce\/wp-json\/wp\/v2\/comments?post=3975"}],"version-history":[{"count":2,"href":"https:\/\/carleton.ca\/indigenous\/cisce\/wp-json\/wp\/v2\/pages\/3975\/revisions"}],"predecessor-version":[{"id":3983,"href":"https:\/\/carleton.ca\/indigenous\/cisce\/wp-json\/wp\/v2\/pages\/3975\/revisions\/3983"}],"wp:attachment":[{"href":"https:\/\/carleton.ca\/indigenous\/cisce\/wp-json\/wp\/v2\/media?parent=3975"}],"curies":[{"name":"wp","href":"https:\/\/api.w.org\/{rel}","templated":true}]}}