{"id":69,"date":"2020-06-23T16:14:46","date_gmt":"2020-06-23T20:14:46","guid":{"rendered":"https:\/\/carleton.ca\/indigenous\/?page_id=69"},"modified":"2025-07-07T16:29:11","modified_gmt":"2025-07-07T20:29:11","slug":"kinamagawin-symposium","status":"publish","type":"page","link":"https:\/\/carleton.ca\/indigenous\/cisce\/faculty-staff\/kinamagawin-symposium\/","title":{"rendered":"Kin\u00e0m\u00e0gawin Symposium"},"content":{"rendered":"<p>Hosted by the Centre for Indigenous Support and Community Engagement, the Kin\u00e0m\u00e0gawin Symposium addresses timely topics\u2014chosen by students\u2014relevant to Indigenous peoples and empowers students, staff, and faculty at Carleton to further their own knowledge and become a positive force for change.<\/p>\n<p>The name <em>Kin\u00e0m\u00e0gawin<\/em>, which means <em>Learning Together<\/em>, is shared by the <a href=\"https:\/\/carleton.ca\/indigenous\/strategic-directions\/\">Kin\u00e0m\u00e0gawin report<\/a> published by the Carleton University Strategic Indigenous Initiatives Committee in 2020. In 2022, the\u00a0<a href=\"https:\/\/carleton.ca\/indigenousinitiatives\/wp-content\/uploads\/Kinamagwin-Progress-Report-May-2022.pdf\">Kin\u00e0m\u00e0gawin Progress Report<\/a>\u00a0was released.<\/p>\n<h2>Previous Symposium Events<\/h2>\n<h3>2025 Event<\/h3>\n<ul>\n<li>Topic: Indigenization &#8211; How to use Design Thinking <i>with<\/i> Indigenous Community to find our Truth for Systems Disruption, Innovation, Imagination and Course Correction in an effort to Reconcile<\/li>\n<li><a href=\"https:\/\/carleton.ca\/indigenous\/cisce\/about-the-2025-kinamagawin-presenter\/\">Keynote Presenter<\/a>: Marilyn Poitras<\/li>\n<\/ul>\n<h3>2024 Symposium<\/h3>\n<ul>\n<li>Topic: Connecting to Indigenous Spirituality: Learning from the Land, Community, and Culture<\/li>\n<li><a href=\"https:\/\/carleton.ca\/indigenous\/cisce\/kinamagawin-symposium-registration\/about-the-2024-kinamagawin-symposium-presenters\/\">Keynote Presenters<\/a>: Shannon Chief, Ron Indian Mandamin, Mkomose (Dr. Andrew Judge), and Elder Barbara Bruce and Elder Charlotte Nolin<\/li>\n<\/ul>\n<h3>2023 Symposium<\/h3>\n<ul>\n<li>Topic: Accessing the Academy: A Four Directions Approach<\/li>\n<li><a href=\"https:\/\/carleton.ca\/indigenous\/cisce\/faculty-staff\/kinamagawin-symposium\/about-the-2023-keynote-presenters\/\">Keynote Presenters:<\/a> Dr. Chantal Fiola, Dr. Verna St. Denis, Paula MacDonald, and Tera Beaulieu<\/li>\n<\/ul>\n<h3>2022 Symposium<\/h3>\n<ul>\n<li>Topic: Surviving the Pandemic: Indigenous Approaches to Wellbeing<\/li>\n<li><a href=\"https:\/\/carleton.ca\/indigenous\/cisce\/faculty-staff\/kinamagawin-symposium\/speakers\/\">Keynote speakers<\/a>: Dr. James Makokis and Dr. Raven Sinclair<\/li>\n<\/ul>\n<h3>2021 Symposium<\/h3>\n<ul>\n<li>Topic: The Inuit Relocations: Intergenerational Impacts and Inuit Resilience<\/li>\n<li><a href=\"https:\/\/carleton.ca\/indigenous\/cise\/faculty-staff\/kinamagawin-symposium\/speakers\/\">Keynote speakers<\/a>: Martha Flaherty and Sheila Watt-Cloutier<\/li>\n<\/ul>\n<h3>2020 Symposium<\/h3>\n<ul>\n<li>Topic: Indigenous Identity and Sovereignty<\/li>\n<li>Keynote speakers: Pam Palmater and Darryl Leroux<\/li>\n<\/ul>\n","protected":false},"excerpt":{"rendered":"<p>Hosted by the Centre for Indigenous Support and Community Engagement, the Kin\u00e0m\u00e0gawin Symposium addresses timely topics\u2014chosen by students\u2014relevant to Indigenous peoples and empowers students, staff, and faculty at Carleton to further their own knowledge and become a positive force for change. The name Kin\u00e0m\u00e0gawin, which means Learning Together, is shared by the Kin\u00e0m\u00e0gawin report published [&hellip;]<\/p>\n","protected":false},"author":5,"featured_media":0,"parent":27,"menu_order":0,"comment_status":"closed","ping_status":"closed","template":"","meta":{"_relevanssi_hide_post":"","_relevanssi_hide_content":"","_relevanssi_pin_for_all":"","_relevanssi_pin_keywords":"","_relevanssi_unpin_keywords":"","_relevanssi_related_keywords":"","_relevanssi_related_include_ids":"","_relevanssi_related_exclude_ids":"","_relevanssi_related_no_append":"","_relevanssi_related_not_related":"","_relevanssi_related_posts":"","_relevanssi_noindex_reason":"","_mi_skip_tracking":false,"_exactmetrics_sitenote_active":false,"_exactmetrics_sitenote_note":"","_exactmetrics_sitenote_category":0,"_monsterinsights_sitenote_active":false,"_monsterinsights_sitenote_note":"","_monsterinsights_sitenote_category":0,"footnotes":"","_links_to":"","_links_to_target":""},"yoast_head":"<!-- This site is optimized with the Yoast SEO plugin v21.2 - https:\/\/yoast.com\/wordpress\/plugins\/seo\/ -->\n<title>Kin\u00e0m\u00e0gawin Symposium - The Centre for Indigenous Support and Community Engagement<\/title>\n<meta name=\"description\" content=\"Hosted by the Centre for Indigenous Support and Community Engagement, the Kin\u00e0m\u00e0gawin Symposium addresses timely topics\u2014chosen by students\u2014relevant to\" \/>\n<meta name=\"robots\" content=\"index, follow, max-snippet:-1, max-image-preview:large, max-video-preview:-1\" \/>\n<link rel=\"canonical\" href=\"https:\/\/carleton.ca\/indigenous\/cisce\/faculty-staff\/kinamagawin-symposium\/\" \/>\n<meta name=\"twitter:label1\" content=\"Est. reading time\" \/>\n\t<meta name=\"twitter:data1\" content=\"1 minute\" \/>\n<script type=\"application\/ld+json\" class=\"yoast-schema-graph\">{\"@context\":\"https:\/\/schema.org\",\"@graph\":[{\"@type\":\"WebPage\",\"@id\":\"https:\/\/carleton.ca\/indigenous\/cisce\/faculty-staff\/kinamagawin-symposium\/\",\"url\":\"https:\/\/carleton.ca\/indigenous\/cisce\/faculty-staff\/kinamagawin-symposium\/\",\"name\":\"Kin\u00e0m\u00e0gawin Symposium - The Centre for Indigenous Support and Community Engagement\",\"isPartOf\":{\"@id\":\"https:\/\/carleton.ca\/indigenous\/cisce\/#website\"},\"datePublished\":\"2020-06-23T20:14:46+00:00\",\"dateModified\":\"2025-07-07T20:29:11+00:00\",\"description\":\"Hosted by the Centre for Indigenous Support and Community Engagement, the Kin\u00e0m\u00e0gawin Symposium addresses timely topics\u2014chosen by students\u2014relevant to\",\"breadcrumb\":{\"@id\":\"https:\/\/carleton.ca\/indigenous\/cisce\/faculty-staff\/kinamagawin-symposium\/#breadcrumb\"},\"inLanguage\":\"en-US\",\"potentialAction\":[{\"@type\":\"ReadAction\",\"target\":[\"https:\/\/carleton.ca\/indigenous\/cisce\/faculty-staff\/kinamagawin-symposium\/\"]}]},{\"@type\":\"BreadcrumbList\",\"@id\":\"https:\/\/carleton.ca\/indigenous\/cisce\/faculty-staff\/kinamagawin-symposium\/#breadcrumb\",\"itemListElement\":[{\"@type\":\"ListItem\",\"position\":1,\"name\":\"Home\",\"item\":\"https:\/\/carleton.ca\/indigenous\/cisce\/\"},{\"@type\":\"ListItem\",\"position\":2,\"name\":\"Supporting All CU Faculty &#038; Staff\",\"item\":\"https:\/\/carleton.ca\/indigenous\/cisce\/faculty-staff\/\"},{\"@type\":\"ListItem\",\"position\":3,\"name\":\"Kin\u00e0m\u00e0gawin Symposium\"}]},{\"@type\":\"WebSite\",\"@id\":\"https:\/\/carleton.ca\/indigenous\/cisce\/#website\",\"url\":\"https:\/\/carleton.ca\/indigenous\/cisce\/\",\"name\":\"The Centre for Indigenous Support and Community Engagement\",\"description\":\"Carleton University\",\"potentialAction\":[{\"@type\":\"SearchAction\",\"target\":{\"@type\":\"EntryPoint\",\"urlTemplate\":\"https:\/\/carleton.ca\/indigenous\/cisce\/?s={search_term_string}\"},\"query-input\":\"required name=search_term_string\"}],\"inLanguage\":\"en-US\"}]}<\/script>\n<!-- \/ Yoast SEO plugin. -->","yoast_head_json":{"title":"Kin\u00e0m\u00e0gawin Symposium - The Centre for Indigenous Support and Community Engagement","description":"Hosted by the Centre for Indigenous Support and Community Engagement, the Kin\u00e0m\u00e0gawin Symposium addresses timely topics\u2014chosen by students\u2014relevant to","robots":{"index":"index","follow":"follow","max-snippet":"max-snippet:-1","max-image-preview":"max-image-preview:large","max-video-preview":"max-video-preview:-1"},"canonical":"https:\/\/carleton.ca\/indigenous\/cisce\/faculty-staff\/kinamagawin-symposium\/","twitter_misc":{"Est. reading time":"1 minute"},"schema":{"@context":"https:\/\/schema.org","@graph":[{"@type":"WebPage","@id":"https:\/\/carleton.ca\/indigenous\/cisce\/faculty-staff\/kinamagawin-symposium\/","url":"https:\/\/carleton.ca\/indigenous\/cisce\/faculty-staff\/kinamagawin-symposium\/","name":"Kin\u00e0m\u00e0gawin Symposium - The Centre for Indigenous Support and Community Engagement","isPartOf":{"@id":"https:\/\/carleton.ca\/indigenous\/cisce\/#website"},"datePublished":"2020-06-23T20:14:46+00:00","dateModified":"2025-07-07T20:29:11+00:00","description":"Hosted by the Centre for Indigenous Support and Community Engagement, the Kin\u00e0m\u00e0gawin Symposium addresses timely topics\u2014chosen by students\u2014relevant to","breadcrumb":{"@id":"https:\/\/carleton.ca\/indigenous\/cisce\/faculty-staff\/kinamagawin-symposium\/#breadcrumb"},"inLanguage":"en-US","potentialAction":[{"@type":"ReadAction","target":["https:\/\/carleton.ca\/indigenous\/cisce\/faculty-staff\/kinamagawin-symposium\/"]}]},{"@type":"BreadcrumbList","@id":"https:\/\/carleton.ca\/indigenous\/cisce\/faculty-staff\/kinamagawin-symposium\/#breadcrumb","itemListElement":[{"@type":"ListItem","position":1,"name":"Home","item":"https:\/\/carleton.ca\/indigenous\/cisce\/"},{"@type":"ListItem","position":2,"name":"Supporting All CU Faculty &#038; Staff","item":"https:\/\/carleton.ca\/indigenous\/cisce\/faculty-staff\/"},{"@type":"ListItem","position":3,"name":"Kin\u00e0m\u00e0gawin Symposium"}]},{"@type":"WebSite","@id":"https:\/\/carleton.ca\/indigenous\/cisce\/#website","url":"https:\/\/carleton.ca\/indigenous\/cisce\/","name":"The Centre for Indigenous Support and Community Engagement","description":"Carleton University","potentialAction":[{"@type":"SearchAction","target":{"@type":"EntryPoint","urlTemplate":"https:\/\/carleton.ca\/indigenous\/cisce\/?s={search_term_string}"},"query-input":"required name=search_term_string"}],"inLanguage":"en-US"}]}},"acf":{"banner_image_type":"upload","banner_button":"no","banner_uploaded_image":{"ID":173,"id":173,"title":"Kin\u00e0m\u00e0gawin Symposium","filename":"kinamagwin-header-1600w-1.jpg","filesize":245891,"url":"https:\/\/carleton.ca\/indigenous\/cisce\/wp-content\/uploads\/kinamagwin-header-1600w-1.jpg","link":"https:\/\/carleton.ca\/indigenous\/cisce\/faculty-staff\/kinamagawin-symposium\/kinamagwin-header-1600w-1\/","alt":"Kin\u00e0m\u00e0gawin Symposium","author":"5","description":"","caption":"","name":"kinamagwin-header-1600w-1","status":"inherit","uploaded_to":69,"date":"2020-06-24 20:40:13","modified":"2021-10-14 15:57:56","menu_order":0,"mime_type":"image\/jpeg","type":"image","subtype":"jpeg","icon":"https:\/\/carleton.ca\/indigenous\/cisce\/wp\/wp-includes\/images\/media\/default.png","width":1600,"height":700,"sizes":{"thumbnail":"https:\/\/carleton.ca\/indigenous\/cisce\/wp-content\/uploads\/kinamagwin-header-1600w-1-160x70.jpg","thumbnail-width":160,"thumbnail-height":70,"medium":"https:\/\/carleton.ca\/indigenous\/cisce\/wp-content\/uploads\/kinamagwin-header-1600w-1-240x105.jpg","medium-width":240,"medium-height":105,"medium_large":"https:\/\/carleton.ca\/indigenous\/cisce\/wp-content\/uploads\/kinamagwin-header-1600w-1-768x336.jpg","medium_large-width":768,"medium_large-height":336,"large":"https:\/\/carleton.ca\/indigenous\/cisce\/wp-content\/uploads\/kinamagwin-header-1600w-1-400x175.jpg","large-width":400,"large-height":175,"gallery-thumb":"https:\/\/carleton.ca\/indigenous\/cisce\/wp-content\/uploads\/kinamagwin-header-1600w-1-300x230.jpg","gallery-thumb-width":300,"gallery-thumb-height":230,"1536x1536":"https:\/\/carleton.ca\/indigenous\/cisce\/wp-content\/uploads\/kinamagwin-header-1600w-1-1536x672.jpg","1536x1536-width":1536,"1536x1536-height":672,"2048x2048":"https:\/\/carleton.ca\/indigenous\/cisce\/wp-content\/uploads\/kinamagwin-header-1600w-1.jpg","2048x2048-width":1600,"2048x2048-height":700,"banner":"https:\/\/carleton.ca\/indigenous\/cisce\/wp-content\/uploads\/kinamagwin-header-1600w-1.jpg","banner-width":1600,"banner-height":700,"people":"https:\/\/carleton.ca\/indigenous\/cisce\/wp-content\/uploads\/kinamagwin-header-1600w-1-200x200.jpg","people-width":200,"people-height":200,"post-thumb":"https:\/\/carleton.ca\/indigenous\/cisce\/wp-content\/uploads\/kinamagwin-header-1600w-1-300x230.jpg","post-thumb-width":300,"post-thumb-height":230,"rotator-image":"https:\/\/carleton.ca\/indigenous\/cisce\/wp-content\/uploads\/kinamagwin-header-1600w-1-800x600.jpg","rotator-image-width":800,"rotator-image-height":600,"video-thumb":"https:\/\/carleton.ca\/indigenous\/cisce\/wp-content\/uploads\/kinamagwin-header-1600w-1-360x158.jpg","video-thumb-width":360,"video-thumb-height":158}},"banner_opacity":"dark","banner_buttons":[{"button_text":"Register for the 2022 Kin\u00e0m\u00e0gawin Symposium","button_link_type":"external","button_page_link":false,"button_post_link":false,"button_event_link":false,"button_video_link":false,"button_external_link":"https:\/\/whova.com\/portal\/registration\/kinmg_202203"}]},"_links":{"self":[{"href":"https:\/\/carleton.ca\/indigenous\/cisce\/wp-json\/wp\/v2\/pages\/69"}],"collection":[{"href":"https:\/\/carleton.ca\/indigenous\/cisce\/wp-json\/wp\/v2\/pages"}],"about":[{"href":"https:\/\/carleton.ca\/indigenous\/cisce\/wp-json\/wp\/v2\/types\/page"}],"author":[{"embeddable":true,"href":"https:\/\/carleton.ca\/indigenous\/cisce\/wp-json\/wp\/v2\/users\/5"}],"replies":[{"embeddable":true,"href":"https:\/\/carleton.ca\/indigenous\/cisce\/wp-json\/wp\/v2\/comments?post=69"}],"version-history":[{"count":5,"href":"https:\/\/carleton.ca\/indigenous\/cisce\/wp-json\/wp\/v2\/pages\/69\/revisions"}],"predecessor-version":[{"id":3249,"href":"https:\/\/carleton.ca\/indigenous\/cisce\/wp-json\/wp\/v2\/pages\/69\/revisions\/3249"}],"up":[{"embeddable":true,"href":"https:\/\/carleton.ca\/indigenous\/cisce\/wp-json\/wp\/v2\/pages\/27"}],"wp:attachment":[{"href":"https:\/\/carleton.ca\/indigenous\/cisce\/wp-json\/wp\/v2\/media?parent=69"}],"curies":[{"name":"wp","href":"https:\/\/api.w.org\/{rel}","templated":true}]}}