{"id":245,"date":"2018-10-05T11:22:50","date_gmt":"2018-10-05T15:22:50","guid":{"rendered":"https:\/\/carleton.ca\/istconference\/?page_id=245"},"modified":"2019-05-22T11:08:09","modified_gmt":"2019-05-22T15:08:09","slug":"organizing-committee","status":"publish","type":"page","link":"https:\/\/carleton.ca\/istconference\/organizing-committee\/","title":{"rendered":"Organizing Committee"},"content":{"rendered":"<p style=\"text-align: center;\"><span style=\"text-decoration: underline;\"><strong>Organizing Committee<\/strong><\/span><\/p>\n<p><strong>James Meadowcroft<\/strong><span style=\"text-decoration: underline;\"><strong><img decoding=\"async\" loading=\"lazy\" class=\"size-full wp-image-247 alignright\" src=\"https:\/\/carleton.ca\/istconference\/wp-content\/uploads\/James-Meadowcroft-200x200.jpg\" alt=\"\" width=\"200\" height=\"200\" srcset=\"https:\/\/carleton.ca\/istconference\/wp-content\/uploads\/James-Meadowcroft-200x200.jpg 200w, https:\/\/carleton.ca\/istconference\/wp-content\/uploads\/James-Meadowcroft-200x200-160x160.jpg 160w\" sizes=\"(max-width: 200px) 100vw, 200px\" \/><\/strong><\/span><\/p>\n<p>James Meadowcroft is a Professor in both the School of Public Policy and Administration and in the Department of Political Science. He has a BA in Political Science from McGill University, and a Doctorate from the University of Oxford.\u00a0His research is focused on the ways in which governments are adjusting their practices and policies in order to cope with the emergence of problems of the environment and sustainable development.<\/p>\n<p><\/p>\n<p><strong>Daniel Rosenbloom<\/strong><span style=\"text-decoration: underline;\"><strong><img decoding=\"async\" loading=\"lazy\" class=\"size-full wp-image-264 alignright\" src=\"https:\/\/carleton.ca\/istconference\/wp-content\/uploads\/Picture-1.png\" alt=\"\" width=\"214\" height=\"209\" srcset=\"https:\/\/carleton.ca\/istconference\/wp-content\/uploads\/Picture-1.png 214w, https:\/\/carleton.ca\/istconference\/wp-content\/uploads\/Picture-1-160x156.png 160w\" sizes=\"(max-width: 214px) 100vw, 214px\" \/><\/strong><\/span><\/p>\n<p>Daniel Rosenbloom is a SSHRC Postdoctoral Fellow working with Professor Matthew Hoffmann at the University of Toronto. He completed his PhD in Public Policy at Carleton University where he studied the policy and political dimensions of low-carbon energy transitions. Drawing on transition and political perspectives, his research explores the intersection of climate change, energy, and societal transitions. His work has appeared in a number of high impact journals such as Global Environmental Change, Research Policy, and Environmental Innovation and Societal Transitions. Daniel is vice-chair of the organizing committee for the 10<sup>th<\/sup> annual International Sustainability Transitions conference being held in Canada for the first time. He is also a member of the Steering Group for the Sustainability Transitions Research Network.<\/p>\n<p><strong>Alexandra Mallett\u00a0<\/strong><span style=\"text-decoration: underline;\"><strong><img decoding=\"async\" loading=\"lazy\" class=\"size-full wp-image-248 alignright\" src=\"https:\/\/carleton.ca\/istconference\/wp-content\/uploads\/Alexandra-Mallett-200x200.jpg\" alt=\"\" width=\"200\" height=\"200\" srcset=\"https:\/\/carleton.ca\/istconference\/wp-content\/uploads\/Alexandra-Mallett-200x200.jpg 200w, https:\/\/carleton.ca\/istconference\/wp-content\/uploads\/Alexandra-Mallett-200x200-160x160.jpg 160w\" sizes=\"(max-width: 200px) 100vw, 200px\" \/><\/strong><\/span><\/p>\n<p>Dr. Mallett\u2019s experience spans academia and the public sectors, working on the design, implementation and evaluation of energy, climate change and environmental policy.\u00a0 She has worked for the Canadian government (Natural Resources Canada and Environment Canada), an intergovernmental organization (the Organization of American States in Washington, D.C.), and academic institutions including Carleton University in Ottawa, Canada, the University of Sussex in the United Kingdom and the University of Minnesota in the United States.\u00a0 Research areas include an examination of the innovation, cooperation and adoption processes (including policies, actors and institutions) involved in sustainable energy technologies, especially in emerging economies, and Canada and the United States.<\/p>\n<p><strong>Brie Morrison\u00a0<img decoding=\"async\" loading=\"lazy\" class=\" wp-image-316 alignright\" src=\"https:\/\/carleton.ca\/istconference\/wp-content\/uploads\/IMG_5916-240x285.jpg\" alt=\"\" width=\"189\" height=\"224\" srcset=\"https:\/\/carleton.ca\/istconference\/wp-content\/uploads\/IMG_5916-240x285.jpg 240w, https:\/\/carleton.ca\/istconference\/wp-content\/uploads\/IMG_5916-160x190.jpg 160w, https:\/\/carleton.ca\/istconference\/wp-content\/uploads\/IMG_5916-768x912.jpg 768w, https:\/\/carleton.ca\/istconference\/wp-content\/uploads\/IMG_5916-400x475.jpg 400w, https:\/\/carleton.ca\/istconference\/wp-content\/uploads\/IMG_5916-360x428.jpg 360w\" sizes=\"(max-width: 189px) 100vw, 189px\" \/><br \/>\n<\/strong><\/p>\n<p>Brie is a graduate student in the Sustainable Energy Policy program at Carleton University and will be completing her MA in Spring 2019. Brie holds a BA in History from McGill University with a specialization in right-wing populist movements. She is currently writing a major research paper on the role of carbon pricing in facilitating low-carbon transitions.<\/p>\n<p><\/p>\n<p><strong>Jessica Leis<\/strong><\/p>\n<p><a href=\"https:\/\/carleton.ca\/istconference\/organizing-committee\/dsc01634-2\/\" rel=\"attachment wp-att-460\"><img decoding=\"async\" loading=\"lazy\" class=\"alignright wp-image-460\" src=\"https:\/\/carleton.ca\/istconference\/wp-content\/uploads\/DSC01634-1-160x215.jpeg\" alt=\"Picture of Jessica Leis\" width=\"189\" height=\"253\" srcset=\"https:\/\/carleton.ca\/istconference\/wp-content\/uploads\/DSC01634-1-160x215.jpeg 160w, https:\/\/carleton.ca\/istconference\/wp-content\/uploads\/DSC01634-1-240x322.jpeg 240w, https:\/\/carleton.ca\/istconference\/wp-content\/uploads\/DSC01634-1-768x1030.jpeg 768w, https:\/\/carleton.ca\/istconference\/wp-content\/uploads\/DSC01634-1-400x536.jpeg 400w, https:\/\/carleton.ca\/istconference\/wp-content\/uploads\/DSC01634-1-360x483.jpeg 360w\" sizes=\"(max-width: 189px) 100vw, 189px\" \/><\/a>After completing her BA in Political Science from the University of British Columbia in 2015 (with a few years of travelling in between), Jessica moved to Ottawa this past September to pursue her master\u2019s in Sustainable Energy Policy (SEP) at Carleton.\u00a0 Forever intrigued by the political challenges related to enacting and implementing meaningful climate policies in the natural resource-wealthy jurisdictions of western Canada, her most recent research has explored British Columbia\u2019s attempt to do so while also pushing for the advancement of an emerging liquefied natural gas (LNG) industry.\u00a0 In addition to working as a Policy Analyst at Environment and Climate Change Canada this summer, she is excited to assist Dr. Alexandra Mallett (Professor in Carleton\u2019s School of Public Policy and Administration) in her research investigating potential links between energy system change and evolving self-governance structures in communities in the Canadian north. As a newcomer to transitions scholarship, Jessica is delighted to have been awarded the opportunity to help out as an organizing committee member for IST2019, and is looking forward to attending the conference in June.<\/p>\n<p><\/p>\n<p style=\"text-align: center;\"><span style=\"text-decoration: underline;\"><strong>Outreach and Engagement Team<\/strong><\/span><\/p>\n<p><strong>Lindsay Berg\u00a0<img decoding=\"async\" loading=\"lazy\" class=\" wp-image-277 alignright\" src=\"https:\/\/carleton.ca\/istconference\/wp-content\/uploads\/Unknown-240x360.jpg\" alt=\"\" width=\"181\" height=\"272\" srcset=\"https:\/\/carleton.ca\/istconference\/wp-content\/uploads\/Unknown-240x360.jpg 240w, https:\/\/carleton.ca\/istconference\/wp-content\/uploads\/Unknown-160x240.jpg 160w, https:\/\/carleton.ca\/istconference\/wp-content\/uploads\/Unknown-768x1152.jpg 768w, https:\/\/carleton.ca\/istconference\/wp-content\/uploads\/Unknown-400x600.jpg 400w, https:\/\/carleton.ca\/istconference\/wp-content\/uploads\/Unknown-360x540.jpg 360w, https:\/\/carleton.ca\/istconference\/wp-content\/uploads\/Unknown.jpg 853w\" sizes=\"(max-width: 181px) 100vw, 181px\" \/><br \/>\n<\/strong><\/p>\n<p>Lindsay is a native Canadian who holds a bachelor of science in Chemical Engineering from the University of Alberta and most recently a master&#8217;s of science in Industrial Ecology from Chalmers University of Technology in Gothenburg, Sweden. She is currently writing a paper from her master&#8217;s thesis on the importance of connecting personal and organizational values to increase employee engagement for organizational sustainability transitions. Still based in Sweden, Lindsay is delighted to be supporting a transitions community in her home country.<\/p>\n<p><\/p>\n<p><\/p>\n<p><strong>Lauren Peng\u00a0<img decoding=\"async\" loading=\"lazy\" class=\"size-full wp-image-270 alignright\" src=\"https:\/\/carleton.ca\/istconference\/wp-content\/uploads\/Picture2.png\" alt=\"\" width=\"222\" height=\"208\" srcset=\"https:\/\/carleton.ca\/istconference\/wp-content\/uploads\/Picture2.png 222w, https:\/\/carleton.ca\/istconference\/wp-content\/uploads\/Picture2-160x150.png 160w\" sizes=\"(max-width: 222px) 100vw, 222px\" \/><\/strong><\/p>\n<p>Lauren is a Canadian and a recent graduate from the Public Affairs and Policy Management program at Carleton. She was first introduced to the realm of sustainability transitions through completion of her Honour\u2019s thesis examining renewable energy transitions in rural communities in the global South. Lauren is currently based in Ottawa and works for Natural Resources Canada, however plans to soon continue her research on grassroots sustainability transitions through pursuing a masters. She is excited and honoured for the opportunity to partake in this groundbreaking conference.<\/p>\n<p><\/p>\n<p style=\"text-align: center;\"><strong><u>Advisory board<\/u><\/strong><\/p>\n<p>The organizers would like to acknowledge the input of our North American Advisory Board, composed of: Mark Winfield (York University), Maya Jegen (Universit\u00e9 du Qu\u00e9bec \u00e0 Montr\u00e9al), Sarah Burch (University of Waterloo), Michael Howlett (Simon Fraser University), Jeremy Rayner (University of Saskatchewan), Ren\u00e9 Audet (Universit\u00e9 du Qu\u00e9bec \u00e0 Montr\u00e9al), Blake Poland (University of Toronto), David Hess (Vanderbilt University), Jennie Stephens (Northeastern University), and Elizabeth Wilson (Dartmouth College)..<\/p>\n<p><\/p>\n<p style=\"text-align: center;\"><u><b>Emerging and Early Career Transitions Researchers from Canada<\/b><\/u><\/p>\n<p style=\"text-align: left;\">We are also grateful for the ideas of the following emerging and early career transitions researchers from Canada (some have taken up posts outside of Canada): Andr\u00e9anne Doyon (RMIT University), Christopher Luederitz (University of Waterloo), Joey El-Khoury (HEC Montr\u00e9al), Marie Claire Brisbois (University of Sussex), and Steve Williams (University of British Columbia).<\/p>\n<p><\/p>\n","protected":false},"excerpt":{"rendered":"<p>Organizing Committee James Meadowcroft James Meadowcroft is a Professor in both the School of Public Policy and Administration and in the Department of Political Science. He has a BA in Political Science from McGill University, and a Doctorate from the University of Oxford.\u00a0His research is focused on the ways in which governments are adjusting their [&hellip;]<\/p>\n","protected":false},"author":7,"featured_media":0,"parent":0,"menu_order":0,"comment_status":"closed","ping_status":"closed","template":"","meta":{"_relevanssi_hide_post":"","_relevanssi_hide_content":"","_relevanssi_pin_for_all":"","_relevanssi_pin_keywords":"","_relevanssi_unpin_keywords":"","_relevanssi_related_keywords":"","_relevanssi_related_include_ids":"","_relevanssi_related_exclude_ids":"","_relevanssi_related_no_append":"","_relevanssi_related_not_related":"","_relevanssi_related_posts":"","_relevanssi_noindex_reason":"","_mi_skip_tracking":false,"_exactmetrics_sitenote_active":false,"_exactmetrics_sitenote_note":"","_exactmetrics_sitenote_category":0,"footnotes":"","_links_to":"","_links_to_target":""},"yoast_head":"<!-- This site is optimized with the Yoast SEO plugin v21.2 - https:\/\/yoast.com\/wordpress\/plugins\/seo\/ -->\n<title>Organizing Committee - International Sustainability Transitions Conference 2019<\/title>\n<meta name=\"description\" content=\"Organizing Committee James Meadowcroft James Meadowcroft is a Professor in both the School of Public Policy and Administration and in the Department of\" \/>\n<meta name=\"robots\" content=\"index, follow, max-snippet:-1, max-image-preview:large, max-video-preview:-1\" \/>\n<link rel=\"canonical\" href=\"https:\/\/carleton.ca\/istconference\/organizing-committee\/\" \/>\n<meta name=\"twitter:label1\" content=\"Est. reading time\" \/>\n\t<meta name=\"twitter:data1\" content=\"4 minutes\" \/>\n<script type=\"application\/ld+json\" class=\"yoast-schema-graph\">{\"@context\":\"https:\/\/schema.org\",\"@graph\":[{\"@type\":\"WebPage\",\"@id\":\"https:\/\/carleton.ca\/istconference\/organizing-committee\/\",\"url\":\"https:\/\/carleton.ca\/istconference\/organizing-committee\/\",\"name\":\"Organizing Committee - International Sustainability Transitions Conference 2019\",\"isPartOf\":{\"@id\":\"https:\/\/carleton.ca\/istconference\/#website\"},\"datePublished\":\"2018-10-05T15:22:50+00:00\",\"dateModified\":\"2019-05-22T15:08:09+00:00\",\"description\":\"Organizing Committee James Meadowcroft James Meadowcroft is a Professor in both the School of Public Policy and Administration and in the Department of\",\"breadcrumb\":{\"@id\":\"https:\/\/carleton.ca\/istconference\/organizing-committee\/#breadcrumb\"},\"inLanguage\":\"en-US\",\"potentialAction\":[{\"@type\":\"ReadAction\",\"target\":[\"https:\/\/carleton.ca\/istconference\/organizing-committee\/\"]}]},{\"@type\":\"BreadcrumbList\",\"@id\":\"https:\/\/carleton.ca\/istconference\/organizing-committee\/#breadcrumb\",\"itemListElement\":[{\"@type\":\"ListItem\",\"position\":1,\"name\":\"Home\",\"item\":\"https:\/\/carleton.ca\/istconference\/\"},{\"@type\":\"ListItem\",\"position\":2,\"name\":\"Organizing Committee\"}]},{\"@type\":\"WebSite\",\"@id\":\"https:\/\/carleton.ca\/istconference\/#website\",\"url\":\"https:\/\/carleton.ca\/istconference\/\",\"name\":\"International Sustainability Transitions Conference 2019\",\"description\":\"Carleton University\",\"potentialAction\":[{\"@type\":\"SearchAction\",\"target\":{\"@type\":\"EntryPoint\",\"urlTemplate\":\"https:\/\/carleton.ca\/istconference\/?s={search_term_string}\"},\"query-input\":\"required name=search_term_string\"}],\"inLanguage\":\"en-US\"}]}<\/script>\n<!-- \/ Yoast SEO plugin. -->","yoast_head_json":{"title":"Organizing Committee - International Sustainability Transitions Conference 2019","description":"Organizing Committee James Meadowcroft James Meadowcroft is a Professor in both the School of Public Policy and Administration and in the Department of","robots":{"index":"index","follow":"follow","max-snippet":"max-snippet:-1","max-image-preview":"max-image-preview:large","max-video-preview":"max-video-preview:-1"},"canonical":"https:\/\/carleton.ca\/istconference\/organizing-committee\/","twitter_misc":{"Est. reading time":"4 minutes"},"schema":{"@context":"https:\/\/schema.org","@graph":[{"@type":"WebPage","@id":"https:\/\/carleton.ca\/istconference\/organizing-committee\/","url":"https:\/\/carleton.ca\/istconference\/organizing-committee\/","name":"Organizing Committee - International Sustainability Transitions Conference 2019","isPartOf":{"@id":"https:\/\/carleton.ca\/istconference\/#website"},"datePublished":"2018-10-05T15:22:50+00:00","dateModified":"2019-05-22T15:08:09+00:00","description":"Organizing Committee James Meadowcroft James Meadowcroft is a Professor in both the School of Public Policy and Administration and in the Department of","breadcrumb":{"@id":"https:\/\/carleton.ca\/istconference\/organizing-committee\/#breadcrumb"},"inLanguage":"en-US","potentialAction":[{"@type":"ReadAction","target":["https:\/\/carleton.ca\/istconference\/organizing-committee\/"]}]},{"@type":"BreadcrumbList","@id":"https:\/\/carleton.ca\/istconference\/organizing-committee\/#breadcrumb","itemListElement":[{"@type":"ListItem","position":1,"name":"Home","item":"https:\/\/carleton.ca\/istconference\/"},{"@type":"ListItem","position":2,"name":"Organizing Committee"}]},{"@type":"WebSite","@id":"https:\/\/carleton.ca\/istconference\/#website","url":"https:\/\/carleton.ca\/istconference\/","name":"International Sustainability Transitions Conference 2019","description":"Carleton University","potentialAction":[{"@type":"SearchAction","target":{"@type":"EntryPoint","urlTemplate":"https:\/\/carleton.ca\/istconference\/?s={search_term_string}"},"query-input":"required name=search_term_string"}],"inLanguage":"en-US"}]}},"acf":{"banner_image_type":"hosted","banner_button":"no","banner_hosted_image":"aerial","banner_opacity":"default"},"_links":{"self":[{"href":"https:\/\/carleton.ca\/istconference\/wp-json\/wp\/v2\/pages\/245"}],"collection":[{"href":"https:\/\/carleton.ca\/istconference\/wp-json\/wp\/v2\/pages"}],"about":[{"href":"https:\/\/carleton.ca\/istconference\/wp-json\/wp\/v2\/types\/page"}],"author":[{"embeddable":true,"href":"https:\/\/carleton.ca\/istconference\/wp-json\/wp\/v2\/users\/7"}],"replies":[{"embeddable":true,"href":"https:\/\/carleton.ca\/istconference\/wp-json\/wp\/v2\/comments?post=245"}],"version-history":[{"count":4,"href":"https:\/\/carleton.ca\/istconference\/wp-json\/wp\/v2\/pages\/245\/revisions"}],"predecessor-version":[{"id":478,"href":"https:\/\/carleton.ca\/istconference\/wp-json\/wp\/v2\/pages\/245\/revisions\/478"}],"wp:attachment":[{"href":"https:\/\/carleton.ca\/istconference\/wp-json\/wp\/v2\/media?parent=245"}],"curies":[{"name":"wp","href":"https:\/\/api.w.org\/{rel}","templated":true}]}}