{"id":190,"date":"2020-01-30T11:15:01","date_gmt":"2020-01-30T16:15:01","guid":{"rendered":"https:\/\/carleton.ca\/jcws\/?page_id=190"},"modified":"2020-04-07T09:11:57","modified_gmt":"2020-04-07T13:11:57","slug":"2020-feminist-community-of-practice-communaute-de-pratique-feministe-2020","status":"publish","type":"page","link":"https:\/\/carleton.ca\/jcws\/2020-feminist-community-of-practice-communaute-de-pratique-feministe-2020\/","title":{"rendered":"2020 Feminist Community of Practice | Communaut\u00e9 de pratique f\u00e9ministe 2020"},"content":{"rendered":"<h2>Please note that due to the COVID-19 pandemic, we are planning to move the April and May Feminist Community of Practice Sessions to an online platform.<\/h2>\n<h2>Veuillez noter qu&#8217;en raison de la pand\u00e9mie COVID-19, nous pr\u00e9voyons de d\u00e9placer les sessions de la communaut\u00e9 de pratique f\u00e9ministe d&#8217;avril et mai vers une plateforme en ligne.<\/h2>\n<p>Please indicate in the form below if you are interested in continuing the Communities of Practice online.\u00a0 <span style=\"text-decoration: underline;\"><strong>Only people who have indicated that they are interested in continuing will be contacted regarding the April and May meetings.<\/strong><\/span><\/p>\n<p>Veuillez indiquer dans le formulaire ci-dessous si vous souhaitez poursuivre les Communaut\u00e9s de pratique en ligne.\u00a0 <span style=\"text-decoration: underline;\"><strong>Seules les personnes ayant indiqu\u00e9 qu&#8217;elles sont int\u00e9ress\u00e9es \u00e0 poursuivre seront contact\u00e9es concernant les r\u00e9unions d&#8217;avril et mai.<\/strong><\/span><\/p>\n<script type=\"text\/javascript\">var gform;gform||(document.addEventListener(\"gform_main_scripts_loaded\",function(){gform.scriptsLoaded=!0}),window.addEventListener(\"DOMContentLoaded\",function(){gform.domLoaded=!0}),gform={domLoaded:!1,scriptsLoaded:!1,initializeOnLoaded:function(o){gform.domLoaded&&gform.scriptsLoaded?o():!gform.domLoaded&&gform.scriptsLoaded?window.addEventListener(\"DOMContentLoaded\",o):document.addEventListener(\"gform_main_scripts_loaded\",o)},hooks:{action:{},filter:{}},addAction:function(o,n,r,t){gform.addHook(\"action\",o,n,r,t)},addFilter:function(o,n,r,t){gform.addHook(\"filter\",o,n,r,t)},doAction:function(o){gform.doHook(\"action\",o,arguments)},applyFilters:function(o){return gform.doHook(\"filter\",o,arguments)},removeAction:function(o,n){gform.removeHook(\"action\",o,n)},removeFilter:function(o,n,r){gform.removeHook(\"filter\",o,n,r)},addHook:function(o,n,r,t,i){null==gform.hooks[o][n]&&(gform.hooks[o][n]=[]);var e=gform.hooks[o][n];null==i&&(i=n+\"_\"+e.length),gform.hooks[o][n].push({tag:i,callable:r,priority:t=null==t?10:t})},doHook:function(n,o,r){var t;if(r=Array.prototype.slice.call(r,1),null!=gform.hooks[n][o]&&((o=gform.hooks[n][o]).sort(function(o,n){return o.priority-n.priority}),o.forEach(function(o){\"function\"!=typeof(t=o.callable)&&(t=window[t]),\"action\"==n?t.apply(null,r):r[0]=t.apply(null,r)})),\"filter\"==n)return r[0]},removeHook:function(o,n,t,i){var r;null!=gform.hooks[o][n]&&(r=(r=gform.hooks[o][n]).filter(function(o,n,r){return!!(null!=i&&i!=o.tag||null!=t&&t!=o.priority)}),gform.hooks[o][n]=r)}});<\/script>\n                <div class='gf_browser_gecko gform_wrapper gform_legacy_markup_wrapper gform-theme--no-framework' data-form-theme='legacy' data-form-index='0' id='gform_wrapper_3' >\n                        <div class='gform_heading'>\n                            <h3 class=\"gform_title\">Community of Practice - Online Sessions | Communaut\u00e9 de pratique - Sessions en ligne<\/h3>\n                            <p class='gform_description'><\/p>\n                        <\/div><form method='post' enctype='multipart\/form-data'  id='gform_3'  action='\/jcws\/wp-json\/wp\/v2\/pages\/190' data-formid='3' >\n                        <div class='gform-body gform_body'><ul id='gform_fields_3' class='gform_fields top_label form_sublabel_below description_below'><li id=\"field_3_1\"  class=\"gfield gfield--type-text gfield_contains_required field_sublabel_below gfield--no-description field_description_below gfield_visibility_visible\"  data-js-reload=\"field_3_1\"><label class='gfield_label gform-field-label' for='input_3_1' >First Name | Pr\u00e9nom<span class=\"gfield_required\"><span class=\"gfield_required gfield_required_asterisk\">*<\/span><\/span><\/label><div class='ginput_container ginput_container_text'><input name='input_1' id='input_3_1' type='text' value='' class='medium'     aria-required=\"true\" aria-invalid=\"false\"   \/> <\/div><\/li><li id=\"field_3_2\"  class=\"gfield gfield--type-text gfield_contains_required field_sublabel_below gfield--no-description field_description_below gfield_visibility_visible\"  data-js-reload=\"field_3_2\"><label class='gfield_label gform-field-label' for='input_3_2' >Last Name | Nom<span class=\"gfield_required\"><span class=\"gfield_required gfield_required_asterisk\">*<\/span><\/span><\/label><div class='ginput_container ginput_container_text'><input name='input_2' id='input_3_2' type='text' value='' class='medium'     aria-required=\"true\" aria-invalid=\"false\"   \/> <\/div><\/li><li id=\"field_3_3\"  class=\"gfield gfield--type-text gfield_contains_required field_sublabel_below gfield--no-description field_description_below gfield_visibility_visible\"  data-js-reload=\"field_3_3\"><label class='gfield_label gform-field-label' for='input_3_3' >Email | Courriel<span class=\"gfield_required\"><span class=\"gfield_required gfield_required_asterisk\">*<\/span><\/span><\/label><div class='ginput_container ginput_container_text'><input name='input_3' id='input_3_3' type='text' value='' class='medium'     aria-required=\"true\" aria-invalid=\"false\"   \/> <\/div><\/li><li id=\"field_3_5\"  class=\"gfield gfield--type-select gfield_contains_required field_sublabel_below gfield--has-description field_description_below gfield_visibility_visible\"  data-js-reload=\"field_3_5\"><label class='gfield_label gform-field-label' for='input_3_5' >Interest in joining Communities of Practice Online? | Vous souhaitez rejoindre les communaut\u00e9s de pratique en ligne ?<span class=\"gfield_required\"><span class=\"gfield_required gfield_required_asterisk\">*<\/span><\/span><\/label><div class='ginput_container ginput_container_select'><select name='input_5' id='input_3_5' class='medium gfield_select'  aria-describedby=\"gfield_description_3_5\"  aria-required=\"true\" aria-invalid=\"false\" ><option value='Yes, I am interested in continuing the Communities of Practice Online | Oui, je suis int\u00e9ress\u00e9 \u00e0 poursuivre les Communaut\u00e9s de pratique en ligne' >Yes, I am interested in continuing the Communities of Practice Online | Oui, je suis int\u00e9ress\u00e9 \u00e0 poursuivre les Communaut\u00e9s de pratique en ligne<\/option><option value='No, I do not wish to continue the Communities of Practice online | Non, je ne souhaite pas poursuivre les Communaut\u00e9s de pratique en ligne' >No, I do not wish to continue the Communities of Practice online | Non, je ne souhaite pas poursuivre les Communaut\u00e9s de pratique en ligne<\/option><\/select><\/div><div class='gfield_description' id='gfield_description_3_5'>Please indicate whether you are interested in continuing the Communities of Practice online for April, May and June 2020?  Registration for each session will open soon.\n\nVeuillez indiquer si vous souhaitez poursuivre les Communaut\u00e9s de pratique en ligne pour les mois d'avril, mai et juin 2020.  Les inscriptions pour chaque session seront bient\u00f4t ouvertes.<\/div><\/li><li id=\"field_3_6\"  class=\"gfield gfield--type-select field_sublabel_below gfield--no-description field_description_below gfield_visibility_visible\"  data-js-reload=\"field_3_6\"><label class='gfield_label gform-field-label' for='input_3_6' >Preferred Language of Session | Langue pr\u00e9f\u00e9r\u00e9e de la session<\/label><div class='ginput_container ginput_container_select'><select name='input_6' id='input_3_6' class='medium gfield_select'     aria-invalid=\"false\" ><option value='English' >English<\/option><option value='Fran\u00e7ais' >Fran\u00e7ais<\/option><option value='No Preference | Pas de pr\u00e9f\u00e9rence' >No Preference | Pas de pr\u00e9f\u00e9rence<\/option><\/select><\/div><\/li><\/ul><\/div>\n        <div class='gform_footer top_label'> <input type='submit' id='gform_submit_button_3' class='gform_button button' value='Submit'  onclick='if(window[\"gf_submitting_3\"]){return false;}  window[\"gf_submitting_3\"]=true;  ' onkeypress='if( event.keyCode == 13 ){ if(window[\"gf_submitting_3\"]){return false;} window[\"gf_submitting_3\"]=true;  jQuery(\"#gform_3\").trigger(\"submit\",[true]); }' \/> \n            <input type='hidden' class='gform_hidden' name='is_submit_3' value='1' \/>\n            <input type='hidden' class='gform_hidden' name='gform_submit' value='3' \/>\n            \n            <input type='hidden' class='gform_hidden' name='gform_unique_id' value='' \/>\n            <input type='hidden' class='gform_hidden' name='state_3' value='WyJbXSIsIjUxOWVkMWRlYTNjMmNhYzAxYzI2NmYyZGUzNzUwZDViIl0=' \/>\n            <input type='hidden' class='gform_hidden' name='gform_target_page_number_3' id='gform_target_page_number_3' value='0' \/>\n            <input type='hidden' class='gform_hidden' name='gform_source_page_number_3' id='gform_source_page_number_3' value='1' \/>\n            <input type='hidden' name='gform_field_values' value='' \/>\n            \n        <\/div>\n                        <p style=\"display: none !important;\"><label>&#916;<textarea name=\"ak_hp_textarea\" cols=\"45\" rows=\"8\" maxlength=\"100\"><\/textarea><\/label><input type=\"hidden\" id=\"ak_js_1\" name=\"ak_js\" value=\"126\"\/><script>document.getElementById( \"ak_js_1\" ).setAttribute( \"value\", ( new Date() ).getTime() );<\/script><\/p><\/form>\n                        <\/div><script type=\"text\/javascript\">\ngform.initializeOnLoaded( function() {gformInitSpinner( 3, 'https:\/\/carleton.ca\/jcws\/wp-content\/plugins\/gravityforms\/images\/spinner.svg', true );jQuery('#gform_ajax_frame_3').on('load',function(){var contents = jQuery(this).contents().find('*').html();var is_postback = contents.indexOf('GF_AJAX_POSTBACK') >= 0;if(!is_postback){return;}var form_content = jQuery(this).contents().find('#gform_wrapper_3');var is_confirmation = jQuery(this).contents().find('#gform_confirmation_wrapper_3').length > 0;var is_redirect = contents.indexOf('gformRedirect(){') >= 0;var is_form = form_content.length > 0 && ! is_redirect && ! is_confirmation;var mt = parseInt(jQuery('html').css('margin-top'), 10) + parseInt(jQuery('body').css('margin-top'), 10) + 100;if(is_form){jQuery('#gform_wrapper_3').html(form_content.html());if(form_content.hasClass('gform_validation_error')){jQuery('#gform_wrapper_3').addClass('gform_validation_error');} else {jQuery('#gform_wrapper_3').removeClass('gform_validation_error');}setTimeout( function() { \/* delay the scroll by 50 milliseconds to fix a bug in chrome *\/  }, 50 );if(window['gformInitDatepicker']) {gformInitDatepicker();}if(window['gformInitPriceFields']) {gformInitPriceFields();}var current_page = jQuery('#gform_source_page_number_3').val();gformInitSpinner( 3, 'https:\/\/carleton.ca\/jcws\/wp-content\/plugins\/gravityforms\/images\/spinner.svg', true );jQuery(document).trigger('gform_page_loaded', [3, current_page]);window['gf_submitting_3'] = false;}else if(!is_redirect){var confirmation_content = jQuery(this).contents().find('.GF_AJAX_POSTBACK').html();if(!confirmation_content){confirmation_content = contents;}setTimeout(function(){jQuery('#gform_wrapper_3').replaceWith(confirmation_content);jQuery(document).trigger('gform_confirmation_loaded', [3]);window['gf_submitting_3'] = false;wp.a11y.speak(jQuery('#gform_confirmation_message_3').text());}, 50);}else{jQuery('#gform_3').append(contents);if(window['gformRedirect']) {gformRedirect();}}jQuery(document).trigger('gform_post_render', [3, current_page]);gform.utils.trigger({ event: 'gform\/postRender', native: false, data: { formId: 3, currentPage: current_page } });} );} );\n<\/script>\n\n<p>_______________________________________________________________________________<\/p>\n<p>Communities of Practice 2019-20<\/p>\n<div class=\"columns\"><div class=\"columns__two\"><p>Please join our communities of practice in \u201cfeminist pedagogy and solidarity in the learning environment\u201d. Everyone is welcome: community members (no affiliation required to the university), university staff, students, instructors, technicians, professors, resource persons, and others.<\/p>\n<p>Our aim is to build community, through monthly sharing circles and five themes: (1) doing online learning differently, (2) belonging, (3) learner-designed experiential learning, (4) why and how we learn, and (5) support groups. Below, please select the sessions you would like to attend.<\/p>\n<p><strong>The afternoon time slot at the University of Ottawa will be in French<\/strong>. If the number of persons registered is insufficient, the time slot will be made bilingual (French &amp; English). If you are unable to attend a session on a particular month, please select \u201cnone of the above\u201d time slots.<\/p>\n<p><strong><a href=\"https:\/\/carleton.ca\/jcws\/wp-content\/uploads\/2020-CoP-Session-Descriptions.pdf\" target=\"_blank\" rel=\"noopener noreferrer\">Click here for summaries of each session<\/a><\/strong><\/p><\/div>\n<div class=\"columns__two\"><p>Veuillez vous joindre \u00e0 nos communaut\u00e9s de pratique en &#8221; p\u00e9dagogie f\u00e9ministe et solidarit\u00e9 dans l&#8217;environnement d&#8217;apprentissage &#8220;. Tout le monde est bienvenu : les membres de la communaut\u00e9 (aucune affiliation requise \u00e0 l&#8217;universit\u00e9), le personnel universitaire, les \u00e9tudiantes, les enseignantes, les techniciennes, les professeurs, les personnes-ressources et autres.<\/p>\n<p>Notre but est de construire une communaut\u00e9, par le biais de cercles de partage mensuels et de cinq th\u00e8mes : (1) apprendre en ligne diff\u00e9remment, (2) l&#8217;appartenance, (3) l&#8217;apprentissage exp\u00e9rientiel con\u00e7u par l&#8217;apprenant, (4) pourquoi et comment nous apprenons, et (5) les groupes de soutien. Veuillez s\u00e9lectionner ci-dessous les s\u00e9ances auxquelles vous aimeriez participer.<\/p>\n<p><strong>La session de l&#8217;apr\u00e8s-midi \u00e0 l&#8217;Universit\u00e9 d&#8217;Ottawa sera en fran\u00e7ais<\/strong>. Si le nombre de personnes inscrites est insuffisant, la session sera bilingue (fran\u00e7ais et anglais). Si vous ne pouvez pas assister \u00e0 une s\u00e9ance un mois donn\u00e9, veuillez s\u00e9lectionner &#8221; aucune de ces r\u00e9ponses&#8221;.<\/p>\n<p><a href=\"https:\/\/carleton.ca\/jcws\/wp-content\/uploads\/2020-CoP-Session-Descriptions_FR.pdf\"><strong>Cliquez ici pour les r\u00e9sum\u00e9s de chaque session<\/strong><\/a><\/p><\/div><\/div>\n<p><\/p>\n","protected":false},"excerpt":{"rendered":"<p>Please note that due to the COVID-19 pandemic, we are planning to move the April and May Feminist Community of Practice Sessions to an online platform. Veuillez noter qu&#8217;en raison de la pand\u00e9mie COVID-19, nous pr\u00e9voyons de d\u00e9placer les sessions de la communaut\u00e9 de pratique f\u00e9ministe d&#8217;avril et mai vers une plateforme en ligne. Please [&hellip;]<\/p>\n","protected":false},"author":5,"featured_media":0,"parent":0,"menu_order":0,"comment_status":"closed","ping_status":"closed","template":"","meta":{"_relevanssi_hide_post":"","_relevanssi_hide_content":"","_relevanssi_pin_for_all":"","_relevanssi_pin_keywords":"","_relevanssi_unpin_keywords":"","_relevanssi_related_keywords":"","_relevanssi_related_include_ids":"","_relevanssi_related_exclude_ids":"","_relevanssi_related_no_append":"","_relevanssi_related_not_related":"","_relevanssi_related_posts":"","_relevanssi_noindex_reason":"","_mi_skip_tracking":false,"_exactmetrics_sitenote_active":false,"_exactmetrics_sitenote_note":"","_exactmetrics_sitenote_category":0,"footnotes":"","_links_to":"","_links_to_target":""},"yoast_head":"<!-- This site is optimized with the Yoast SEO plugin v21.2 - https:\/\/yoast.com\/wordpress\/plugins\/seo\/ -->\n<title>2020 Feminist Community of Practice | Communaut\u00e9 de pratique f\u00e9ministe 2020 - Joint Chair in Women&#039;s Studies<\/title>\n<meta name=\"description\" content=\"Please note that due to the COVID-19 pandemic, we are planning to move the April and May Feminist Community of Practice Sessions to an online platform.\" \/>\n<meta name=\"robots\" content=\"index, follow, max-snippet:-1, max-image-preview:large, max-video-preview:-1\" \/>\n<link rel=\"canonical\" href=\"https:\/\/carleton.ca\/jcws\/2020-feminist-community-of-practice-communaute-de-pratique-feministe-2020\/\" \/>\n<meta name=\"twitter:label1\" content=\"Est. reading time\" \/>\n\t<meta name=\"twitter:data1\" content=\"2 minutes\" \/>\n<script type=\"application\/ld+json\" class=\"yoast-schema-graph\">{\"@context\":\"https:\/\/schema.org\",\"@graph\":[{\"@type\":\"WebPage\",\"@id\":\"https:\/\/carleton.ca\/jcws\/2020-feminist-community-of-practice-communaute-de-pratique-feministe-2020\/\",\"url\":\"https:\/\/carleton.ca\/jcws\/2020-feminist-community-of-practice-communaute-de-pratique-feministe-2020\/\",\"name\":\"2020 Feminist Community of Practice | Communaut\u00e9 de pratique f\u00e9ministe 2020 - Joint Chair in Women's Studies\",\"isPartOf\":{\"@id\":\"https:\/\/carleton.ca\/jcws\/#website\"},\"datePublished\":\"2020-01-30T16:15:01+00:00\",\"dateModified\":\"2020-04-07T13:11:57+00:00\",\"description\":\"Please note that due to the COVID-19 pandemic, we are planning to move the April and May Feminist Community of Practice Sessions to an online platform.\",\"breadcrumb\":{\"@id\":\"https:\/\/carleton.ca\/jcws\/2020-feminist-community-of-practice-communaute-de-pratique-feministe-2020\/#breadcrumb\"},\"inLanguage\":\"en-US\",\"potentialAction\":[{\"@type\":\"ReadAction\",\"target\":[\"https:\/\/carleton.ca\/jcws\/2020-feminist-community-of-practice-communaute-de-pratique-feministe-2020\/\"]}]},{\"@type\":\"BreadcrumbList\",\"@id\":\"https:\/\/carleton.ca\/jcws\/2020-feminist-community-of-practice-communaute-de-pratique-feministe-2020\/#breadcrumb\",\"itemListElement\":[{\"@type\":\"ListItem\",\"position\":1,\"name\":\"Home\",\"item\":\"https:\/\/carleton.ca\/jcws\/\"},{\"@type\":\"ListItem\",\"position\":2,\"name\":\"2020 Feminist Community of Practice | Communaut\u00e9 de pratique f\u00e9ministe 2020\"}]},{\"@type\":\"WebSite\",\"@id\":\"https:\/\/carleton.ca\/jcws\/#website\",\"url\":\"https:\/\/carleton.ca\/jcws\/\",\"name\":\"Joint Chair in Women's Studies\",\"description\":\"Carleton University\",\"potentialAction\":[{\"@type\":\"SearchAction\",\"target\":{\"@type\":\"EntryPoint\",\"urlTemplate\":\"https:\/\/carleton.ca\/jcws\/?s={search_term_string}\"},\"query-input\":\"required name=search_term_string\"}],\"inLanguage\":\"en-US\"}]}<\/script>\n<!-- \/ Yoast SEO plugin. -->","yoast_head_json":{"title":"2020 Feminist Community of Practice | Communaut\u00e9 de pratique f\u00e9ministe 2020 - Joint Chair in Women's Studies","description":"Please note that due to the COVID-19 pandemic, we are planning to move the April and May Feminist Community of Practice Sessions to an online platform.","robots":{"index":"index","follow":"follow","max-snippet":"max-snippet:-1","max-image-preview":"max-image-preview:large","max-video-preview":"max-video-preview:-1"},"canonical":"https:\/\/carleton.ca\/jcws\/2020-feminist-community-of-practice-communaute-de-pratique-feministe-2020\/","twitter_misc":{"Est. reading time":"2 minutes"},"schema":{"@context":"https:\/\/schema.org","@graph":[{"@type":"WebPage","@id":"https:\/\/carleton.ca\/jcws\/2020-feminist-community-of-practice-communaute-de-pratique-feministe-2020\/","url":"https:\/\/carleton.ca\/jcws\/2020-feminist-community-of-practice-communaute-de-pratique-feministe-2020\/","name":"2020 Feminist Community of Practice | Communaut\u00e9 de pratique f\u00e9ministe 2020 - Joint Chair in Women's Studies","isPartOf":{"@id":"https:\/\/carleton.ca\/jcws\/#website"},"datePublished":"2020-01-30T16:15:01+00:00","dateModified":"2020-04-07T13:11:57+00:00","description":"Please note that due to the COVID-19 pandemic, we are planning to move the April and May Feminist Community of Practice Sessions to an online platform.","breadcrumb":{"@id":"https:\/\/carleton.ca\/jcws\/2020-feminist-community-of-practice-communaute-de-pratique-feministe-2020\/#breadcrumb"},"inLanguage":"en-US","potentialAction":[{"@type":"ReadAction","target":["https:\/\/carleton.ca\/jcws\/2020-feminist-community-of-practice-communaute-de-pratique-feministe-2020\/"]}]},{"@type":"BreadcrumbList","@id":"https:\/\/carleton.ca\/jcws\/2020-feminist-community-of-practice-communaute-de-pratique-feministe-2020\/#breadcrumb","itemListElement":[{"@type":"ListItem","position":1,"name":"Home","item":"https:\/\/carleton.ca\/jcws\/"},{"@type":"ListItem","position":2,"name":"2020 Feminist Community of Practice | Communaut\u00e9 de pratique f\u00e9ministe 2020"}]},{"@type":"WebSite","@id":"https:\/\/carleton.ca\/jcws\/#website","url":"https:\/\/carleton.ca\/jcws\/","name":"Joint Chair in Women's Studies","description":"Carleton University","potentialAction":[{"@type":"SearchAction","target":{"@type":"EntryPoint","urlTemplate":"https:\/\/carleton.ca\/jcws\/?s={search_term_string}"},"query-input":"required name=search_term_string"}],"inLanguage":"en-US"}]}},"acf":{"banner_image_type":"none","banner_button":"no"},"_links":{"self":[{"href":"https:\/\/carleton.ca\/jcws\/wp-json\/wp\/v2\/pages\/190"}],"collection":[{"href":"https:\/\/carleton.ca\/jcws\/wp-json\/wp\/v2\/pages"}],"about":[{"href":"https:\/\/carleton.ca\/jcws\/wp-json\/wp\/v2\/types\/page"}],"author":[{"embeddable":true,"href":"https:\/\/carleton.ca\/jcws\/wp-json\/wp\/v2\/users\/5"}],"replies":[{"embeddable":true,"href":"https:\/\/carleton.ca\/jcws\/wp-json\/wp\/v2\/comments?post=190"}],"version-history":[{"count":4,"href":"https:\/\/carleton.ca\/jcws\/wp-json\/wp\/v2\/pages\/190\/revisions"}],"predecessor-version":[{"id":209,"href":"https:\/\/carleton.ca\/jcws\/wp-json\/wp\/v2\/pages\/190\/revisions\/209"}],"wp:attachment":[{"href":"https:\/\/carleton.ca\/jcws\/wp-json\/wp\/v2\/media?parent=190"}],"curies":[{"name":"wp","href":"https:\/\/api.w.org\/{rel}","templated":true}]}}