{"id":7563,"date":"2026-01-30T11:43:25","date_gmt":"2026-01-30T16:43:25","guid":{"rendered":"https:\/\/carleton.ca\/jewishstudies\/?page_id=7563"},"modified":"2026-01-30T11:43:25","modified_gmt":"2026-01-30T16:43:25","slug":"call-for-papers","status":"publish","type":"page","link":"https:\/\/carleton.ca\/jewishstudies\/conferences\/canadian-society-canadian-jewish-studies\/call-for-papers\/","title":{"rendered":"Call for Papers"},"content":{"rendered":"<h3><span class=\"fontstyle0\">Canadian Society for Jewish Studies Annual Conference 2026 \/ Conf\u00e9rence annuelle de la Soci\u00e9t\u00e9 canadienne d\u2019\u00e9tudes juives, 2026<\/span><\/h3>\n<p><span class=\"fontstyle2\">Carleton University, Ottawa, May 26-28, 2026<br \/>\n<\/span><span class=\"fontstyle2\">Universit\u00e9 Carleton, Ottawa, 26-28 mai 2026<\/span><\/p>\n<h4><span class=\"fontstyle0\">Call for Papers \u2013 proposals due February 16, 2026 \u2013 please distribute widely<\/span><\/h4>\n<p><span class=\"fontstyle2\">Appel \u00e0 communication \u2013 date limite : 16 f\u00e9vrier 2026 \u2013 merci de diffuser largement<\/span><\/p>\n<p><span class=\"fontstyle3\">(le texte fran\u00e7ais suit l\u2019anglais)<\/span><\/p>\n<p><span class=\"fontstyle2\">The Canadian Society for Jewish Studies (CSJS \/ SC\u00c9J), founded in 2004, is an academic society for the study of Jewish cultures, practices, and thought in any part of the world and any time period, from any disciplinary perspective. Participants and members from anywhere in the world are welcome.<\/span><\/p>\n<p><span class=\"fontstyle2\">Paper proposals in all areas of Jewish Studies are invited for our annual conference. Approaches may be grounded in ethnography, history, textual study, hermeneutics, literary analysis, arts and culture, critical theory, rabbinics, or any other scholarly discipline. Papers may not have been published or presented elsewhere.<\/span><\/p>\n<p><span class=\"fontstyle2\">The 2026 conference is to take place May 26-28, in person at Carleton University, Ottawa, Canada. Our host is Professor Deidre Butler, Director of the Max and Tessie Zelikovitz Centre for Jewish Studies.<\/span><\/p>\n<p><span class=\"fontstyle2\"><strong>Proposals are due by Monday, February 16, 2026<\/strong>. A proposal, about 250 words, should clearly and concisely state the main argument of the paper, and indicate the type of methodology or research model, and how it will contribute to scholarship. Include a brief bibliography. Proposals for pre-arranged panels should add a brief statement about the panel\u2019s theme and significance. Proposals may be submitted, and papers may be presented, in English, French, Hebrew, or Yiddish.<\/span><\/p>\n<p><span class=\"fontstyle2\">All proposals should be sent by email, with the subject line CSJS Proposal, to <\/span><a href=\"mail&#116;&#111;&#58;&#67;&#83;&#x4a;&#x53;&#x63;&#x6f;&#x6e;&#x66;&#x65;renc&#101;&#64;&#103;&#109;&#97;&#x69;&#x6c;&#x2e;&#x63;&#x6f;&#x6d;\"><span class=\"fontstyle2\">&#x43;&#x53;&#x4a;&#x53;&#x63;&#x6f;&#x6e;&#102;&#101;&#114;&#101;&#110;ce&#64;g&#x6d;&#x61;&#x69;&#x6c;&#x2e;&#x63;&#x6f;&#x6d;<\/span><\/a><span class=\"fontstyle2\">. The text of the email should include the presenter\u2019s name and a brief biography including institutional affiliation and academic rank. Attach the proposal as a Word, Open Office, or PDF file. To facilitate anonymous peer review, the attachment should not include any identifying information. We intend to respond to proposals by early March.<\/span><\/p>\n<p><span class=\"fontstyle2\">All presenters must be CSJS members in good standing for 2026. An annual membership (beginning January 1) is CAN $36 for university faculty members, or $18 for graduate students, adjunct faculty, unaffiliated scholars, and retirees. Lifetime memberships are also available. There will be a conference registration fee of CAN $200, which includes meals (kosher). This fee will be waived for graduate students presenting papers, thanks to a generous anonymous donor. Graduate students in Canada whose proposals are accepted will be able to request financial assistance to defray travel costs.<\/span><\/p>\n<p><span class=\"fontstyle2\">Memberships and conference fees can be paid by mailing a cheque or money order to CSJS, c\/o A. Atlani, 77 Spring Gate Boulevard, Thornhill ON L4J 3C9, Canada, or by <\/span><span class=\"fontstyle2\">e-transfer: <\/span><a href=\"mailto:c&#97;&#110;&#115;&#111;&#99;&#106;&#115;&#116;&#117;&#100;&#x69;&#x65;&#x73;&#x40;&#x67;&#x6d;&#x61;&#x69;&#x6c;&#x2e;&#x63;&#x6f;&#x6d;\"><span class=\"fontstyle2\">&#x63;a&#x6e;&#115;&#x6f;&#x63;j&#x73;&#116;&#x75;&#x64;i&#x65;&#115;&#x40;&#x67;m&#x61;&#105;&#x6c;&#x2e;c&#x6f;&#109;<\/span><\/a><span class=\"fontstyle2\">. Payment must be received by March 31, 2026, to guarantee participation for those whose papers are accepted.<\/span><\/p>\n<p><span class=\"fontstyle2\">A student paper of high calibre presented at the conference will be given an award in memory of longtime CSJS executive member Susan Landau-Chark, accompanied by a cash prize.<\/span><\/p>\n<p><span class=\"fontstyle2\">Please contact the program chair, Justin Jaron Lewis, with any questions:\u00a0<\/span><span class=\"fontstyle2\">(204) 474-8696, <\/span><a href=\"&#109;&#x61;&#x69;&#108;&#x74;&#x6f;:&#x43;&#x53;J&#83;&#x63;o&#110;&#x66;e&#114;&#x65;n&#99;&#x65;&#64;&#103;&#x6d;&#x61;&#105;&#x6c;&#x2e;&#99;&#x6f;&#x6d;\"><span class=\"fontstyle2\">&#67;&#x53;J&#x53;&#x63;&#111;&#x6e;f&#101;&#x72;&#101;&#x6e;c&#101;&#x40;g&#x6d;a&#105;&#x6c;&#46;&#x63;&#x6f;&#109;<\/span><\/a><span class=\"fontstyle2\">.<\/span><\/p>\n<p><span class=\"fontstyle2\">Please see <\/span><span class=\"fontstyle2\">https:\/\/csjs.ca\/ <\/span><span class=\"fontstyle2\">for our Academic Statement and Diversity Statement. Please check the website for further conference information and updates beginning in January 2026. We look forward to your conference proposals and hope to welcome you there.<\/span><\/p>\n<p><\/p>\n<table class=\"NormalTable\">\n<tbody>\n<tr>\n<td style=\"border-style: none;\" width=\"194\"><span class=\"fontstyle2\">Deidre Butler President, CSJS \/ SC\u00c9J <\/span><\/td>\n<td style=\"border-style: none;\" width=\"198\"><span class=\"fontstyle2\">Yael Halevi-Wise Vice President <\/span><\/td>\n<td style=\"border-style: none;\" width=\"157\"><span class=\"fontstyle2\">Justin Jaron LewisProgram Chair<\/span><\/td>\n<\/tr>\n<\/tbody>\n<\/table>\n<p><\/p>\n<h3><span class=\"fontstyle0\">Conf\u00e9rence annuelle de la Soci\u00e9t\u00e9 canadienne d\u2019\u00e9tudes juives<\/span><\/h3>\n<p><span class=\"fontstyle2\">Universit\u00e9 Carleton, Ottawa, 26-28 mai 2026<\/span><\/p>\n<h4><span class=\"fontstyle0\">Appel \u00e0 communication \u2013 <\/span><span class=\"fontstyle2\">date limite : 16 f\u00e9vrier 2026 <\/span><span class=\"fontstyle0\">\u2013 merci de diffuser largement<\/span><\/h4>\n<p><span class=\"fontstyle2\">La Soci\u00e9t\u00e9 canadienne d&#8217;\u00e9tudes juives (SC\u00c9J), fond\u00e9e en 2004, aspire \u00e0 promouvoir l\u2019\u00e9tude des cultures, des pratiques et de la pens\u00e9e juives \u00e0 toutes les \u00e9poques et en tout lieu. Les membres et les participant.es du monde entier sont les bienvenu.es. Nous sollicitons des propositions de communication dans tous les domaines des \u00e9tudes juives pour notre conf\u00e9rence annuelle. Les approches emprunt\u00e9es peuvent \u00eatre fond\u00e9es sur l\u2019histoire, l\u2019ethnographie, l\u2019\u00e9tude textuelle, l\u2019analyse litt\u00e9raire, l\u2019herm\u00e9neutique, les arts et cultures, la th\u00e9orie critique, ou toute autre approche scientifique. Les communications ne doivent pas avoir \u00e9t\u00e9 publi\u00e9es ou pr\u00e9sent\u00e9es ailleurs.<\/span><\/p>\n<p><span class=\"fontstyle2\">La conf\u00e9rence 2026 se tiendra \u00e0 l\u2019Universit\u00e9 Carleton (Ottawa), du 26 au 28 mai. Notre h\u00f4te sera la professeure Deidre Butler, directrice du Centre Max et Tessie Zelikovitz d\u2019\u00e9tudes juives.<\/span><\/p>\n<p><span class=\"fontstyle2\">Les propositions de communications doivent comprendre environ 250 mots et \u00e9noncer de mani\u00e8re claire et concise l&#8217;argument principal avanc\u00e9. Il sera aussi n\u00e9cessaire d\u2019indiquer la m\u00e9thodologie ou le mod\u00e8le de recherche qui sera employ\u00e9 et de pr\u00e9ciser en quoi la pr\u00e9sentation contribuera \u00e0 l\u2019avancement des connaissances. Enfin, une br\u00e8ve bibliographie devra figurer dans la proposition. Des propositions de panels pr\u00e9\u00e9tablis devront comprendre une br\u00e8ve introduction sur le th\u00e8me g\u00e9n\u00e9ral du panel. Les communications peuvent \u00eatre pr\u00e9sent\u00e9es et les propositions soumises en fran\u00e7ais, en anglais, en h\u00e9breu ou en yiddish.<\/span><\/p>\n<p><span class=\"fontstyle2\"><strong>Les propositions de communication doivent \u00eatre soumises au plus tard le lundi 16 f\u00e9vrier 2026<\/strong>, par courriel \u00e0 l\u2019adresse suivante : <\/span><a href=\"&#x6d;a&#x69;&#108;&#x74;&#x6f;:&#x43;&#83;&#x4a;&#x53;c&#x6f;&#110;&#x66;&#x65;r&#x65;&#110;&#x63;&#x65;&#64;&#x67;&#109;&#x61;&#x69;l&#x2e;&#99;&#x6f;&#x6d;\"><span class=\"fontstyle2\">C&#83;&#74;&#x53;&#x63;&#x6f;nf&#101;&#114;&#x65;&#x6e;&#x63;e&#64;&#103;&#109;&#x61;&#x69;&#x6c;&#46;&#99;&#111;&#x6d;<\/span><\/a><span class=\"fontstyle2\">. Veuillez indiquer en objet: \u00ab Proposition SC\u00c9J \u00bb. Le courriel doit inclure votre nom et une br\u00e8ve biographie comprenant l&#8217;affiliation institutionnelle et le rang acad\u00e9mique. La proposition doit \u00eatre jointe sous forme de fichier Word, Open Office ou PDF. Pour faciliter l&#8217;examen \u00e0 l\u2019aveugle par des pairs, la pi\u00e8ce jointe ne doit contenir aucune information d&#8217;identification. Nous esp\u00e9rons \u00eatre en mesure de r\u00e9pondre aux propositions d&#8217;ici le d\u00e9but de mars.<\/span><\/p>\n<p><span class=\"fontstyle2\">Les conf\u00e9renciers\/\u00e8res retenu.es doivent \u00eatre membres en r\u00e8gle de la SC\u00c9J pour 2026. L\u2019adh\u00e9sion annuelle (\u00e0 compter du 1er janvier) s\u2019\u00e9l\u00e8ve \u00e0 36 $CAN pour membres du corps enseignant d&#8217;une universit\u00e9; 18 $ pour les \u00e9tudiant.es dipl\u00f4m\u00e9s, les professeur.es auxiliaires, les universitaires non affili\u00e9.es, et les retrait\u00e9.es. On peut \u00e9galement devenir membre \u00e0 vie. Il y aura aussi des frais d&#8217;inscription \u00e0 la conf\u00e9rence de $200 CAN, qui comprendront plusieurs repas (cashers). Un g\u00e9n\u00e9reux donateur anonyme couvrira cependant ces frais pour les \u00e9tudiant.es dipl\u00f4m\u00e9.es pr\u00e9sentant des communications. De plus, nous esp\u00e9rons pouvoir offrir de l\u2019aide financi\u00e8re pour des frais de voyage des \u00e9tudiant.es dipl\u00f4m\u00e9.es au Canada.<\/span><\/p>\n<p><span class=\"fontstyle2\">Les adh\u00e9sions et les frais d&#8217;inscription \u00e0 la conf\u00e9rence peuvent \u00eatre r\u00e9gl\u00e9s par ch\u00e8que ou par mandat \u00e0 l&#8217;ordre de: CSJS, c\/o A. Atlani, 77 Spring Gate Boulevard, Thornhill ON L4J 3C9, Canada, ou par transfert \u00e9lectronique \u00e0 <\/span><a href=\"m&#97;&#105;&#x6c;&#x74;o:&#99;&#97;&#x6e;&#x73;oc&#106;&#115;&#x74;&#x75;di&#101;&#x73;&#x40;&#x67;m&#97;&#105;&#x6c;&#x2e;&#x63;o&#109;\"><span class=\"fontstyle2\">&#x63;&#x61;&#x6e;&#x73;&#x6f;&#x63;&#x6a;&#115;&#116;&#117;&#100;&#105;es&#64;g&#x6d;&#x61;&#x69;&#x6c;&#x2e;&#x63;&#x6f;&#x6d;<\/span><\/a><span class=\"fontstyle2\">. Les paiements doivent \u00eatre re\u00e7us avant le 31 mars 2026 pour garantir la participation.<\/span><\/p>\n<p><span class=\"fontstyle2\">Une communication de haute qualit\u00e9 donn\u00e9e par un.e \u00e9tudiant.e dipl\u00f4m\u00e9.e lors de la conf\u00e9rence se verra d\u00e9cern\u00e9e un prix, \u00e0 la m\u00e9moire de Susan Landau-Chark, accompagn\u00e9 d&#8217;une r\u00e9compense en argent.<\/span><\/p>\n<p><span class=\"fontstyle2\">Contactez le pr\u00e9sident du programme, Justin Jaron Lewis, si vous avez des questions :\u00a0<\/span><span class=\"fontstyle2\">(204) 474-8696, <\/span><span class=\"fontstyle2\"><a href=\"m&#97;&#x69;&#x6c;&#x74;o&#58;&#x43;&#x53;&#x4a;S&#99;&#x6f;&#x6e;&#x66;e&#114;&#x65;&#x6e;&#x63;e&#64;&#x67;&#x6d;&#x61;i&#108;&#x2e;&#x63;&#x6f;m\">CSJS&#99;&#111;&#110;&#102;&#101;&#114;&#101;&#x6e;&#x63;&#x65;&#x40;&#x67;&#x6d;&#x61;&#x69;&#x6c;&#46;com<\/a>.<\/span><\/p>\n<p><span class=\"fontstyle2\">Veuillez consulter le site <\/span><span class=\"fontstyle2\">https:\/\/csjs.ca\/ <\/span><span class=\"fontstyle2\">pour notre d\u00e9claration acad\u00e9mique et notre d\u00e9claration sur la diversit\u00e9. Vous y trouverez de plus amples informations sur la conf\u00e9rence et des mises \u00e0 jour depuis janvier 2026. Nous attendons avec impatience vos propositions de conf\u00e9rence et nous esp\u00e9rons vous accueillir.<\/span><\/p>\n<p><\/p>\n<table class=\"NormalTable\">\n<tbody>\n<tr>\n<td style=\"border-style: none;\" width=\"198\"><span class=\"fontstyle2\">Deidre Butler Pr\u00e9sidente, SC\u00c9J \/ CSJS <\/span><\/td>\n<td style=\"border-style: none;\" width=\"194\"><span class=\"fontstyle2\">Yael Halevi-Wise Vice-pr\u00e9sident.e <\/span><\/td>\n<td style=\"border-style: none;\" width=\"195\"><span class=\"fontstyle2\">Justin Jaron LewisPr\u00e9sident du programme<\/span><\/td>\n<\/tr>\n<\/tbody>\n<\/table>\n<p><\/p>\n","protected":false},"excerpt":{"rendered":"<p>Canadian Society for Jewish Studies Annual Conference 2026 \/ Conf\u00e9rence annuelle de la Soci\u00e9t\u00e9 canadienne d\u2019\u00e9tudes juives, 2026 Carleton University, Ottawa, May 26-28, 2026 Universit\u00e9 Carleton, Ottawa, 26-28 mai 2026 Call for Papers \u2013 proposals due February 16, 2026 \u2013 please distribute widely Appel \u00e0 communication \u2013 date limite : 16 f\u00e9vrier 2026 \u2013 merci [&hellip;]<\/p>\n","protected":false},"author":52,"featured_media":0,"parent":3949,"menu_order":0,"comment_status":"closed","ping_status":"closed","template":"","meta":{"_relevanssi_hide_post":"","_relevanssi_hide_content":"","_relevanssi_pin_for_all":"","_relevanssi_pin_keywords":"","_relevanssi_unpin_keywords":"","_relevanssi_related_keywords":"","_relevanssi_related_include_ids":"","_relevanssi_related_exclude_ids":"","_relevanssi_related_no_append":"","_relevanssi_related_not_related":"","_relevanssi_related_posts":"","_relevanssi_noindex_reason":"","_mi_skip_tracking":false,"_exactmetrics_sitenote_active":false,"_exactmetrics_sitenote_note":"","_exactmetrics_sitenote_category":0,"footnotes":"","_links_to":"","_links_to_target":""},"yoast_head":"<!-- This site is optimized with the Yoast SEO plugin v21.2 - https:\/\/yoast.com\/wordpress\/plugins\/seo\/ -->\n<title>Call for Papers - Max and Tessie Zelikovitz Centre for Jewish Studies<\/title>\n<meta name=\"description\" content=\"Canadian Society for Jewish Studies Annual Conference 2026 \/ Conf\u00e9rence annuelle de la Soci\u00e9t\u00e9 canadienne d\u2019\u00e9tudes juives, 2026 Carleton University,\" \/>\n<meta name=\"robots\" content=\"index, follow, max-snippet:-1, max-image-preview:large, max-video-preview:-1\" \/>\n<link rel=\"canonical\" href=\"https:\/\/carleton.ca\/jewishstudies\/conferences\/canadian-society-canadian-jewish-studies\/call-for-papers\/\" \/>\n<meta name=\"twitter:label1\" content=\"Est. reading time\" \/>\n\t<meta name=\"twitter:data1\" content=\"6 minutes\" \/>\n<script type=\"application\/ld+json\" class=\"yoast-schema-graph\">{\"@context\":\"https:\/\/schema.org\",\"@graph\":[{\"@type\":\"WebPage\",\"@id\":\"https:\/\/carleton.ca\/jewishstudies\/conferences\/canadian-society-canadian-jewish-studies\/call-for-papers\/\",\"url\":\"https:\/\/carleton.ca\/jewishstudies\/conferences\/canadian-society-canadian-jewish-studies\/call-for-papers\/\",\"name\":\"Call for Papers - Max and Tessie Zelikovitz Centre for Jewish Studies\",\"isPartOf\":{\"@id\":\"https:\/\/carleton.ca\/jewishstudies\/#website\"},\"datePublished\":\"2026-01-30T16:43:25+00:00\",\"dateModified\":\"2026-01-30T16:43:25+00:00\",\"description\":\"Canadian Society for Jewish Studies Annual Conference 2026 \/ Conf\u00e9rence annuelle de la Soci\u00e9t\u00e9 canadienne d\u2019\u00e9tudes juives, 2026 Carleton University,\",\"breadcrumb\":{\"@id\":\"https:\/\/carleton.ca\/jewishstudies\/conferences\/canadian-society-canadian-jewish-studies\/call-for-papers\/#breadcrumb\"},\"inLanguage\":\"en-US\",\"potentialAction\":[{\"@type\":\"ReadAction\",\"target\":[\"https:\/\/carleton.ca\/jewishstudies\/conferences\/canadian-society-canadian-jewish-studies\/call-for-papers\/\"]}]},{\"@type\":\"BreadcrumbList\",\"@id\":\"https:\/\/carleton.ca\/jewishstudies\/conferences\/canadian-society-canadian-jewish-studies\/call-for-papers\/#breadcrumb\",\"itemListElement\":[{\"@type\":\"ListItem\",\"position\":1,\"name\":\"Home\",\"item\":\"https:\/\/carleton.ca\/jewishstudies\/\"},{\"@type\":\"ListItem\",\"position\":2,\"name\":\"Conferences\",\"item\":\"https:\/\/carleton.ca\/jewishstudies\/conferences\/\"},{\"@type\":\"ListItem\",\"position\":3,\"name\":\"The Canadian Society for Jewish Studies\",\"item\":\"https:\/\/carleton.ca\/jewishstudies\/conferences\/canadian-society-canadian-jewish-studies\/\"},{\"@type\":\"ListItem\",\"position\":4,\"name\":\"Call for Papers\"}]},{\"@type\":\"WebSite\",\"@id\":\"https:\/\/carleton.ca\/jewishstudies\/#website\",\"url\":\"https:\/\/carleton.ca\/jewishstudies\/\",\"name\":\"Max and Tessie Zelikovitz Centre for Jewish Studies\",\"description\":\"Carleton University\",\"potentialAction\":[{\"@type\":\"SearchAction\",\"target\":{\"@type\":\"EntryPoint\",\"urlTemplate\":\"https:\/\/carleton.ca\/jewishstudies\/?s={search_term_string}\"},\"query-input\":\"required name=search_term_string\"}],\"inLanguage\":\"en-US\"}]}<\/script>\n<!-- \/ Yoast SEO plugin. -->","yoast_head_json":{"title":"Call for Papers - Max and Tessie Zelikovitz Centre for Jewish Studies","description":"Canadian Society for Jewish Studies Annual Conference 2026 \/ Conf\u00e9rence annuelle de la Soci\u00e9t\u00e9 canadienne d\u2019\u00e9tudes juives, 2026 Carleton University,","robots":{"index":"index","follow":"follow","max-snippet":"max-snippet:-1","max-image-preview":"max-image-preview:large","max-video-preview":"max-video-preview:-1"},"canonical":"https:\/\/carleton.ca\/jewishstudies\/conferences\/canadian-society-canadian-jewish-studies\/call-for-papers\/","twitter_misc":{"Est. reading time":"6 minutes"},"schema":{"@context":"https:\/\/schema.org","@graph":[{"@type":"WebPage","@id":"https:\/\/carleton.ca\/jewishstudies\/conferences\/canadian-society-canadian-jewish-studies\/call-for-papers\/","url":"https:\/\/carleton.ca\/jewishstudies\/conferences\/canadian-society-canadian-jewish-studies\/call-for-papers\/","name":"Call for Papers - Max and Tessie Zelikovitz Centre for Jewish Studies","isPartOf":{"@id":"https:\/\/carleton.ca\/jewishstudies\/#website"},"datePublished":"2026-01-30T16:43:25+00:00","dateModified":"2026-01-30T16:43:25+00:00","description":"Canadian Society for Jewish Studies Annual Conference 2026 \/ Conf\u00e9rence annuelle de la Soci\u00e9t\u00e9 canadienne d\u2019\u00e9tudes juives, 2026 Carleton University,","breadcrumb":{"@id":"https:\/\/carleton.ca\/jewishstudies\/conferences\/canadian-society-canadian-jewish-studies\/call-for-papers\/#breadcrumb"},"inLanguage":"en-US","potentialAction":[{"@type":"ReadAction","target":["https:\/\/carleton.ca\/jewishstudies\/conferences\/canadian-society-canadian-jewish-studies\/call-for-papers\/"]}]},{"@type":"BreadcrumbList","@id":"https:\/\/carleton.ca\/jewishstudies\/conferences\/canadian-society-canadian-jewish-studies\/call-for-papers\/#breadcrumb","itemListElement":[{"@type":"ListItem","position":1,"name":"Home","item":"https:\/\/carleton.ca\/jewishstudies\/"},{"@type":"ListItem","position":2,"name":"Conferences","item":"https:\/\/carleton.ca\/jewishstudies\/conferences\/"},{"@type":"ListItem","position":3,"name":"The Canadian Society for Jewish Studies","item":"https:\/\/carleton.ca\/jewishstudies\/conferences\/canadian-society-canadian-jewish-studies\/"},{"@type":"ListItem","position":4,"name":"Call for Papers"}]},{"@type":"WebSite","@id":"https:\/\/carleton.ca\/jewishstudies\/#website","url":"https:\/\/carleton.ca\/jewishstudies\/","name":"Max and Tessie Zelikovitz Centre for Jewish Studies","description":"Carleton University","potentialAction":[{"@type":"SearchAction","target":{"@type":"EntryPoint","urlTemplate":"https:\/\/carleton.ca\/jewishstudies\/?s={search_term_string}"},"query-input":"required name=search_term_string"}],"inLanguage":"en-US"}]}},"acf":{"banner_image_type":"none","banner_button":"no"},"_links":{"self":[{"href":"https:\/\/carleton.ca\/jewishstudies\/wp-json\/wp\/v2\/pages\/7563"}],"collection":[{"href":"https:\/\/carleton.ca\/jewishstudies\/wp-json\/wp\/v2\/pages"}],"about":[{"href":"https:\/\/carleton.ca\/jewishstudies\/wp-json\/wp\/v2\/types\/page"}],"author":[{"embeddable":true,"href":"https:\/\/carleton.ca\/jewishstudies\/wp-json\/wp\/v2\/users\/52"}],"replies":[{"embeddable":true,"href":"https:\/\/carleton.ca\/jewishstudies\/wp-json\/wp\/v2\/comments?post=7563"}],"version-history":[{"count":1,"href":"https:\/\/carleton.ca\/jewishstudies\/wp-json\/wp\/v2\/pages\/7563\/revisions"}],"predecessor-version":[{"id":7564,"href":"https:\/\/carleton.ca\/jewishstudies\/wp-json\/wp\/v2\/pages\/7563\/revisions\/7564"}],"up":[{"embeddable":true,"href":"https:\/\/carleton.ca\/jewishstudies\/wp-json\/wp\/v2\/pages\/3949"}],"wp:attachment":[{"href":"https:\/\/carleton.ca\/jewishstudies\/wp-json\/wp\/v2\/media?parent=7563"}],"curies":[{"name":"wp","href":"https:\/\/api.w.org\/{rel}","templated":true}]}}