{"id":571,"date":"2023-09-07T12:24:19","date_gmt":"2023-09-07T16:24:19","guid":{"rendered":"https:\/\/carleton.ca\/jtheca\/?page_id=571"},"modified":"2024-04-26T18:28:22","modified_gmt":"2024-04-26T22:28:22","slug":"teaching-and-learning-about-climate-action-in-the-heritage-sector-and-beyond-oct-14-2023","status":"publish","type":"page","link":"https:\/\/carleton.ca\/jtheca\/teaching-and-learning-about-climate-action-in-the-heritage-sector-and-beyond-oct-14-2023\/","title":{"rendered":"Teaching and Learning about Climate Action in the Heritage Sector and Beyond &#8211; Oct.14, 2023"},"content":{"rendered":"<p style=\"font-weight: 400;\">The &#8220;Teaching and Learning about Climate Action in the Heritage Sector and Beyond&#8221; event took\u00a0 place\u00a0 online on <strong>Saturday, October 14, 2023<\/strong> (9:00-11:30 MDT \/ 17:00-19:30 GMT).<\/p>\n<p><strong><a href=\"https:\/\/mediaspace.carleton.ca\/media\/JTHECA+Teaching+and+Learning+about+Climate+Action+in+the+Heritage+Sector+and+Beyond\/1_6cte0tdi\" target=\"_blank\" rel=\"noopener noreferrer\">A recording of the event<\/a> is now available<\/strong><\/p>\n<p><img decoding=\"async\" loading=\"lazy\" class=\"alignnone size-large wp-image-618\" src=\"https:\/\/carleton.ca\/jtheca\/wp-content\/uploads\/Screenshot-2024-04-26-at-4.49.32-PM-400x212.png\" alt=\"\" width=\"400\" height=\"212\" srcset=\"https:\/\/carleton.ca\/jtheca\/wp-content\/uploads\/Screenshot-2024-04-26-at-4.49.32-PM-400x212.png 400w, https:\/\/carleton.ca\/jtheca\/wp-content\/uploads\/Screenshot-2024-04-26-at-4.49.32-PM-240x127.png 240w, https:\/\/carleton.ca\/jtheca\/wp-content\/uploads\/Screenshot-2024-04-26-at-4.49.32-PM-160x85.png 160w, https:\/\/carleton.ca\/jtheca\/wp-content\/uploads\/Screenshot-2024-04-26-at-4.49.32-PM-768x407.png 768w, https:\/\/carleton.ca\/jtheca\/wp-content\/uploads\/Screenshot-2024-04-26-at-4.49.32-PM-1536x814.png 1536w, https:\/\/carleton.ca\/jtheca\/wp-content\/uploads\/Screenshot-2024-04-26-at-4.49.32-PM-360x191.png 360w, https:\/\/carleton.ca\/jtheca\/wp-content\/uploads\/Screenshot-2024-04-26-at-4.49.32-PM.png 1646w\" sizes=\"(max-width: 400px) 100vw, 400px\" \/><\/p>\n<p><strong><a href=\"https:\/\/carleton.ca\/jtheca\/wp-content\/uploads\/Info-Event2B-October-14-2023.pdf\" target=\"_blank\" rel=\"noopener noreferrer\">Detailed agenda for Oct.14, 2023.<\/a><\/strong><\/p>\n<p>Download the <strong><a href=\"https:\/\/carleton.ca\/jtheca\/wp-content\/uploads\/Summary-of-JT-HECA_Survey.pdf\">Summary of JT-HECA_Survey<\/a>.<\/strong><\/p>\n<p>_______________________________________________<\/p>\n<p><strong>Event announcement<\/strong><\/p>\n<p>Join us to learn about innovative and creative ways of <strong>Teaching and Learning about Climate Action,<\/strong> including sessions on &#8220;What is happening in the Heritage Sector? &#8221; and \u00a0&#8220;Learning from outside the Heritage Sector.&#8221;<\/p>\n<p>Our esteemed speakers will discuss formal and informal teaching and learning models, using examples from educational, training, and awareness raising programs. They will share insights and experiences while focusing on the following questions:<\/p>\n<ul>\n<li>Teaching approaches and methodologies: what are good examples?<\/li>\n<li>Communication strategies: how to get the message across?<\/li>\n<li>Interdisciplinarity: how to broaden its scope in classrooms and\/or outside of formal education?<\/li>\n<\/ul>\n<p>Meet us online to hear about the outcomes of our recent <a href=\"https:\/\/survey123.arcgis.com\/share\/b35bb2dddce4413ebe5e1fcdf835f921\"><strong>Survey<\/strong> <\/a>on programs, courses, and\/or training opportunities in and related to the field of heritage conservation and management, specifically in relation to climate change adaptation, mitigation, and planning.<\/p>\n<p><\/p>\n<p><strong>MEET THE SPEAKERS<\/strong><\/p>\n<p><strong><img decoding=\"async\" loading=\"lazy\" class=\"size-medium wp-image-582 alignleft\" src=\"https:\/\/carleton.ca\/jtheca\/wp-content\/uploads\/Picture2-240x245.jpg\" alt=\"\" width=\"240\" height=\"245\" srcset=\"https:\/\/carleton.ca\/jtheca\/wp-content\/uploads\/Picture2-240x245.jpg 240w, https:\/\/carleton.ca\/jtheca\/wp-content\/uploads\/Picture2-160x163.jpg 160w, https:\/\/carleton.ca\/jtheca\/wp-content\/uploads\/Picture2.jpg 275w\" sizes=\"(max-width: 240px) 100vw, 240px\" \/>Dave Blaine<\/strong> is a GIS Analyst at the Northern Alberta Institute of Technology. He earned a BA in Archaeology from the University of Calgary in 2002, a Bachelor of Applied Technology in Geographic Information Systems from the Southern Alberta Institute of Technology in 2016, as well as certificates in photography and remotely piloted aircraft systems. He is currently working on his MA in Interdisciplinary Studies with a dual focus in Writing and New Media, and Heritage and Social History from Athabasca University.<\/p>\n<p>Dave specializes in visual storytelling, using photographs, videos, and maps, and has worked in a variety of fields including emergency management, wildlife conservation, heritage, and archaeology. Throughout his career, he has combined his passions for communication, graphic design, research, and analytics in order to visualize complex subjects in accessible and informative ways.<\/p>\n<p><strong><img decoding=\"async\" loading=\"lazy\" class=\"size-medium wp-image-581 alignleft\" src=\"https:\/\/carleton.ca\/jtheca\/wp-content\/uploads\/Picture1-240x312.png\" alt=\"\" width=\"240\" height=\"312\" srcset=\"https:\/\/carleton.ca\/jtheca\/wp-content\/uploads\/Picture1-240x312.png 240w, https:\/\/carleton.ca\/jtheca\/wp-content\/uploads\/Picture1-160x208.png 160w, https:\/\/carleton.ca\/jtheca\/wp-content\/uploads\/Picture1.png 275w\" sizes=\"(max-width: 240px) 100vw, 240px\" \/>Dr. YoungHwa Cha<\/strong> is Postdoctoral Research Associate in Climate Change Adaptation at the University of Edinburgh. She is an expert in climate change adaptation policy, climate risk and collaborative vulnerability modelling. Her research focuses on interfacing between research, policy and practice embedded in interdisciplinary approaches, working with international, national and local institutions (UNEP, Historic Environment Scotland, Edinburgh city council, government ministries and local authorities in South Korea) and communicating with a broader range of different stakeholders. In addition, she has research experience through working at Edinburgh Climate Change Institute (ECCI) and the Korean Adaptation Centre for Climate Change (KACCC) in the Korean Environment Institute (KEI).<\/p>\n<p><strong><img decoding=\"async\" loading=\"lazy\" class=\"alignleft wp-image-583 size-medium\" src=\"https:\/\/carleton.ca\/jtheca\/wp-content\/uploads\/Picture3-e1695408165957-240x296.jpg\" alt=\"\" width=\"240\" height=\"296\" srcset=\"https:\/\/carleton.ca\/jtheca\/wp-content\/uploads\/Picture3-e1695408165957-240x296.jpg 240w, https:\/\/carleton.ca\/jtheca\/wp-content\/uploads\/Picture3-e1695408165957-160x197.jpg 160w, https:\/\/carleton.ca\/jtheca\/wp-content\/uploads\/Picture3-e1695408165957.jpg 275w\" sizes=\"(max-width: 240px) 100vw, 240px\" \/>Dr. Stewart J. Cohen<\/strong> is an author and educator on climate change. He studied geography at university, obtaining degrees from McGill University, the University of Alberta, and the University of Illinois. He has retired from a 35-year research career at Environment and Climate Change Canada (formerly Environment Canada), where he participated in regional climate change impacts and adaptation studies. Dr. Cohen also contributed to assessments of available literature in Canada, the United States, and worldwide as part of assessments conducted by the Intergovernmental Panel on Climate Change (IPCC), including the IPCC 3rd, 4th, and 5th Assessment Reports. He taught a course on climate change, \u201cClimate Change in the 21st Century\u201d, at the University of British Columbia from 1998 \u2013 2012. He is currently teaching climate change adaptation at Royal Roads University, and also writes posts on his blog, <a href=\"http:\/\/www.doctorclimatechange.com\">www.doctorclimatechange.com<\/a>.<\/p>\n<p><strong><img decoding=\"async\" loading=\"lazy\" class=\"size-medium wp-image-584 alignleft\" src=\"https:\/\/carleton.ca\/jtheca\/wp-content\/uploads\/Picture4-240x325.jpg\" alt=\"\" width=\"240\" height=\"325\" srcset=\"https:\/\/carleton.ca\/jtheca\/wp-content\/uploads\/Picture4-240x325.jpg 240w, https:\/\/carleton.ca\/jtheca\/wp-content\/uploads\/Picture4-160x216.jpg 160w, https:\/\/carleton.ca\/jtheca\/wp-content\/uploads\/Picture4.jpg 275w\" sizes=\"(max-width: 240px) 100vw, 240px\" \/>Dr. Claudine D\u00e9om<\/strong> is a professor at the School of Architecture where she teaches the conservation of built heritage at the three cycles of studies. Her research focuses on the links between cultural heritage conservation and the sustainable development goals. She is also interested in the history of the construction of architecture in Quebec in order to promote ad facilitate the reuse of existing buildings, especially those that have a heritage interest. She works with heritage conservation organizations including Heritage Montreal, the Association for Critical Heritage Studies and ICOMOS. She sits on the Table des partenaires of the Qu\u00e9bec Minister of Culture and Communications. Claudine D\u00e9om is also a researcher at the Laboratoire d&#8217;histoire et de patrimoine de Montr\u00e9al and the\u00a0Centre for Interdisciplinary Research on Montr\u00e9al (CIRM).<\/p>\n<p><strong><img decoding=\"async\" loading=\"lazy\" class=\"alignleft wp-image-585 size-medium\" src=\"https:\/\/carleton.ca\/jtheca\/wp-content\/uploads\/Picture5-e1695408089896-240x236.jpg\" alt=\"\" width=\"240\" height=\"236\" srcset=\"https:\/\/carleton.ca\/jtheca\/wp-content\/uploads\/Picture5-e1695408089896-240x236.jpg 240w, https:\/\/carleton.ca\/jtheca\/wp-content\/uploads\/Picture5-e1695408089896-160x158.jpg 160w, https:\/\/carleton.ca\/jtheca\/wp-content\/uploads\/Picture5-e1695408089896.jpg 274w\" sizes=\"(max-width: 240px) 100vw, 240px\" \/>Mary Lou Doyle <\/strong>has worked in the cultural field for over 20 years. Mary Lou was appointed Parks Canada\u2019s Director of Cultural Heritage Conservation and Field Unit Liaison in 2022. She is leading Parks Canada\u2019s team responsible for providing Parks Canada administered sites and other federal custodians with expertise in the management of cultural resources, federal heritage buildings and the conservation of built heritage. In addition, Mary Lou led the evolution of the National Cost-Sharing Program for Heritage Places and the Directory of Federal Heritage Designations to orient these programs to better serve Canadians.<\/p>\n<p><strong><img decoding=\"async\" loading=\"lazy\" class=\"size-medium wp-image-586 alignleft\" src=\"https:\/\/carleton.ca\/jtheca\/wp-content\/uploads\/Picture6-240x245.png\" alt=\"\" width=\"240\" height=\"245\" srcset=\"https:\/\/carleton.ca\/jtheca\/wp-content\/uploads\/Picture6-240x245.png 240w, https:\/\/carleton.ca\/jtheca\/wp-content\/uploads\/Picture6-160x163.png 160w, https:\/\/carleton.ca\/jtheca\/wp-content\/uploads\/Picture6.png 275w\" sizes=\"(max-width: 240px) 100vw, 240px\" \/>Professor Susan Ross<\/strong> is a licensed architect in Quebec, who has practiced in the private sector and government in Montreal, Berlin and Gatineau (Quebec), and now teaches full time at Carleton University in Ottawa, where she is cross appointed between the Schools of Indigenous and Canadian Studies and Architecture and Urbanism. She is Carleton\u2019s lead with the Climate Heritage Network, and together with other Canadian academic members of the Network, co-organized the ICOMOS University Forum on Heritage Education for Climate Adaptation in June 2022. Susan is co-chair of Canada\u2019s National Roundtable for Heritage Education, former co-chair of the Association for Preservation Technology (APT)&#8217;s Technical Committee on Sustainable Preservation, and a Fellow of APT. Her research and publications focus on the sustainable conservation of modern and industrial landscapes, buildings, and materials, including adapting historic water works infrastructure for climate change.<\/p>\n<p><strong><img decoding=\"async\" loading=\"lazy\" class=\"size-medium wp-image-587 alignleft\" src=\"https:\/\/carleton.ca\/jtheca\/wp-content\/uploads\/Picture7-240x329.jpg\" alt=\"\" width=\"240\" height=\"329\" srcset=\"https:\/\/carleton.ca\/jtheca\/wp-content\/uploads\/Picture7-240x329.jpg 240w, https:\/\/carleton.ca\/jtheca\/wp-content\/uploads\/Picture7-160x219.jpg 160w, https:\/\/carleton.ca\/jtheca\/wp-content\/uploads\/Picture7.jpg 281w\" sizes=\"(max-width: 240px) 100vw, 240px\" \/>Skw\u2019akw\u2019as\/Sunshine Lillian<\/strong> (She\/Her) is a Nlakapamux and Yakama youth from Tlekemstin, also known as Lytton in British Columbia. Skw\u2019akw\u2019as has been a climate advocate and activist since high school. She studied Media &amp; Communications at university and is passionate about how the media discusses the climate crisis, explicitly moving away from the unnecessary doomism in climate communication. Skw\u2019akw\u2019as is a Community Climate Justice Coordinator with VIDEA for her community Tlekemstin. A member of the Youth Advisory Group with the Canadian Commission of UNESCO, member and co-chair of the Environment and Climate Change Youth Council, and a Board Member for Youth Climate Lab. Skw\u2019akw\u2019as strives to inspire BIPOC youth to take up space within colonial structures and to make the folxs in power just as uncomfortable as they make us. Continue to call for the decolonization of how we write, teach, and think about policy. To hold and create safe spaces for youth who are having big climate feelings and normalize crying within climate spaces. Skw\u2019akw\u2019as loves Taylor Swift and frequently listens to \u2018You\u2019re on your own kid\u2019 in colonial spaces.<\/p>\n","protected":false},"excerpt":{"rendered":"<p>The &#8220;Teaching and Learning about Climate Action in the Heritage Sector and Beyond&#8221; event took\u00a0 place\u00a0 online on Saturday, October 14, 2023 (9:00-11:30 MDT \/ 17:00-19:30 GMT). A recording of the event is now available Detailed agenda for Oct.14, 2023. Download the Summary of JT-HECA_Survey. _______________________________________________ Event announcement Join us to learn about innovative and [&hellip;]<\/p>\n","protected":false},"author":7,"featured_media":0,"parent":0,"menu_order":0,"comment_status":"closed","ping_status":"closed","template":"","meta":{"_relevanssi_hide_post":"","_relevanssi_hide_content":"","_relevanssi_pin_for_all":"","_relevanssi_pin_keywords":"","_relevanssi_unpin_keywords":"","_relevanssi_related_keywords":"","_relevanssi_related_include_ids":"","_relevanssi_related_exclude_ids":"","_relevanssi_related_no_append":"","_relevanssi_related_not_related":"","_relevanssi_related_posts":"","_relevanssi_noindex_reason":"","_mi_skip_tracking":false,"_exactmetrics_sitenote_active":false,"_exactmetrics_sitenote_note":"","_exactmetrics_sitenote_category":0,"_monsterinsights_sitenote_active":false,"_monsterinsights_sitenote_note":"","_monsterinsights_sitenote_category":0,"footnotes":"","_links_to":"","_links_to_target":""},"yoast_head":"<!-- This site is optimized with the Yoast SEO plugin v21.2 - https:\/\/yoast.com\/wordpress\/plugins\/seo\/ -->\n<title>Teaching and Learning about Climate Action in the Heritage Sector and Beyond - Oct.14, 2023 - Just Transitions: Heritage Education for Climate Adaptation<\/title>\n<meta name=\"description\" content=\"The &quot;Teaching and Learning about Climate Action in the Heritage Sector and Beyond&quot; event took\u00a0 place\u00a0 online on Saturday, October 14, 2023 (9:00-11:30 MDT\" \/>\n<meta name=\"robots\" content=\"index, follow, max-snippet:-1, max-image-preview:large, max-video-preview:-1\" \/>\n<link rel=\"canonical\" href=\"https:\/\/carleton.ca\/jtheca\/teaching-and-learning-about-climate-action-in-the-heritage-sector-and-beyond-oct-14-2023\/\" \/>\n<meta name=\"twitter:label1\" content=\"Est. reading time\" \/>\n\t<meta name=\"twitter:data1\" content=\"6 minutes\" \/>\n<script type=\"application\/ld+json\" class=\"yoast-schema-graph\">{\"@context\":\"https:\/\/schema.org\",\"@graph\":[{\"@type\":\"WebPage\",\"@id\":\"https:\/\/carleton.ca\/jtheca\/teaching-and-learning-about-climate-action-in-the-heritage-sector-and-beyond-oct-14-2023\/\",\"url\":\"https:\/\/carleton.ca\/jtheca\/teaching-and-learning-about-climate-action-in-the-heritage-sector-and-beyond-oct-14-2023\/\",\"name\":\"Teaching and Learning about Climate Action in the Heritage Sector and Beyond - Oct.14, 2023 - Just Transitions: Heritage Education for Climate Adaptation\",\"isPartOf\":{\"@id\":\"https:\/\/carleton.ca\/jtheca\/#website\"},\"datePublished\":\"2023-09-07T16:24:19+00:00\",\"dateModified\":\"2024-04-26T22:28:22+00:00\",\"description\":\"The \\\"Teaching and Learning about Climate Action in the Heritage Sector and Beyond\\\" event took\u00a0 place\u00a0 online on Saturday, October 14, 2023 (9:00-11:30 MDT\",\"breadcrumb\":{\"@id\":\"https:\/\/carleton.ca\/jtheca\/teaching-and-learning-about-climate-action-in-the-heritage-sector-and-beyond-oct-14-2023\/#breadcrumb\"},\"inLanguage\":\"en-US\",\"potentialAction\":[{\"@type\":\"ReadAction\",\"target\":[\"https:\/\/carleton.ca\/jtheca\/teaching-and-learning-about-climate-action-in-the-heritage-sector-and-beyond-oct-14-2023\/\"]}]},{\"@type\":\"BreadcrumbList\",\"@id\":\"https:\/\/carleton.ca\/jtheca\/teaching-and-learning-about-climate-action-in-the-heritage-sector-and-beyond-oct-14-2023\/#breadcrumb\",\"itemListElement\":[{\"@type\":\"ListItem\",\"position\":1,\"name\":\"Home\",\"item\":\"https:\/\/carleton.ca\/jtheca\/\"},{\"@type\":\"ListItem\",\"position\":2,\"name\":\"Teaching and Learning about Climate Action in the Heritage Sector and Beyond &#8211; Oct.14, 2023\"}]},{\"@type\":\"WebSite\",\"@id\":\"https:\/\/carleton.ca\/jtheca\/#website\",\"url\":\"https:\/\/carleton.ca\/jtheca\/\",\"name\":\"Just Transitions: Heritage Education for Climate Adaptation\",\"description\":\"Carleton University\",\"potentialAction\":[{\"@type\":\"SearchAction\",\"target\":{\"@type\":\"EntryPoint\",\"urlTemplate\":\"https:\/\/carleton.ca\/jtheca\/?s={search_term_string}\"},\"query-input\":\"required name=search_term_string\"}],\"inLanguage\":\"en-US\"}]}<\/script>\n<!-- \/ Yoast SEO plugin. -->","yoast_head_json":{"title":"Teaching and Learning about Climate Action in the Heritage Sector and Beyond - Oct.14, 2023 - Just Transitions: Heritage Education for Climate Adaptation","description":"The \"Teaching and Learning about Climate Action in the Heritage Sector and Beyond\" event took\u00a0 place\u00a0 online on Saturday, October 14, 2023 (9:00-11:30 MDT","robots":{"index":"index","follow":"follow","max-snippet":"max-snippet:-1","max-image-preview":"max-image-preview:large","max-video-preview":"max-video-preview:-1"},"canonical":"https:\/\/carleton.ca\/jtheca\/teaching-and-learning-about-climate-action-in-the-heritage-sector-and-beyond-oct-14-2023\/","twitter_misc":{"Est. reading time":"6 minutes"},"schema":{"@context":"https:\/\/schema.org","@graph":[{"@type":"WebPage","@id":"https:\/\/carleton.ca\/jtheca\/teaching-and-learning-about-climate-action-in-the-heritage-sector-and-beyond-oct-14-2023\/","url":"https:\/\/carleton.ca\/jtheca\/teaching-and-learning-about-climate-action-in-the-heritage-sector-and-beyond-oct-14-2023\/","name":"Teaching and Learning about Climate Action in the Heritage Sector and Beyond - Oct.14, 2023 - Just Transitions: Heritage Education for Climate Adaptation","isPartOf":{"@id":"https:\/\/carleton.ca\/jtheca\/#website"},"datePublished":"2023-09-07T16:24:19+00:00","dateModified":"2024-04-26T22:28:22+00:00","description":"The \"Teaching and Learning about Climate Action in the Heritage Sector and Beyond\" event took\u00a0 place\u00a0 online on Saturday, October 14, 2023 (9:00-11:30 MDT","breadcrumb":{"@id":"https:\/\/carleton.ca\/jtheca\/teaching-and-learning-about-climate-action-in-the-heritage-sector-and-beyond-oct-14-2023\/#breadcrumb"},"inLanguage":"en-US","potentialAction":[{"@type":"ReadAction","target":["https:\/\/carleton.ca\/jtheca\/teaching-and-learning-about-climate-action-in-the-heritage-sector-and-beyond-oct-14-2023\/"]}]},{"@type":"BreadcrumbList","@id":"https:\/\/carleton.ca\/jtheca\/teaching-and-learning-about-climate-action-in-the-heritage-sector-and-beyond-oct-14-2023\/#breadcrumb","itemListElement":[{"@type":"ListItem","position":1,"name":"Home","item":"https:\/\/carleton.ca\/jtheca\/"},{"@type":"ListItem","position":2,"name":"Teaching and Learning about Climate Action in the Heritage Sector and Beyond &#8211; Oct.14, 2023"}]},{"@type":"WebSite","@id":"https:\/\/carleton.ca\/jtheca\/#website","url":"https:\/\/carleton.ca\/jtheca\/","name":"Just Transitions: Heritage Education for Climate Adaptation","description":"Carleton University","potentialAction":[{"@type":"SearchAction","target":{"@type":"EntryPoint","urlTemplate":"https:\/\/carleton.ca\/jtheca\/?s={search_term_string}"},"query-input":"required name=search_term_string"}],"inLanguage":"en-US"}]}},"acf":{"banner_image_type":"upload","banner_button":"no","banner_uploaded_image":{"ID":576,"id":576,"title":"DSCF6305 copy","filename":"DSCF6305-copy.jpg","filesize":702673,"url":"https:\/\/carleton.ca\/jtheca\/wp-content\/uploads\/DSCF6305-copy.jpg","link":"https:\/\/carleton.ca\/jtheca\/teaching-and-learning-about-climate-action-in-the-heritage-sector-and-beyond-oct-14-2023\/dscf6305-copy\/","alt":"","author":"7","description":"","caption":"","name":"dscf6305-copy","status":"inherit","uploaded_to":571,"date":"2023-09-07 18:44:02","modified":"2023-09-07 18:44:02","menu_order":0,"mime_type":"image\/jpeg","type":"image","subtype":"jpeg","icon":"https:\/\/carleton.ca\/jtheca\/wp\/wp-includes\/images\/media\/default.png","width":1600,"height":700,"sizes":{"thumbnail":"https:\/\/carleton.ca\/jtheca\/wp-content\/uploads\/DSCF6305-copy-160x70.jpg","thumbnail-width":160,"thumbnail-height":70,"medium":"https:\/\/carleton.ca\/jtheca\/wp-content\/uploads\/DSCF6305-copy-240x105.jpg","medium-width":240,"medium-height":105,"medium_large":"https:\/\/carleton.ca\/jtheca\/wp-content\/uploads\/DSCF6305-copy-768x336.jpg","medium_large-width":768,"medium_large-height":336,"large":"https:\/\/carleton.ca\/jtheca\/wp-content\/uploads\/DSCF6305-copy-400x175.jpg","large-width":400,"large-height":175,"gallery-thumb":"https:\/\/carleton.ca\/jtheca\/wp-content\/uploads\/DSCF6305-copy-300x230.jpg","gallery-thumb-width":300,"gallery-thumb-height":230,"1536x1536":"https:\/\/carleton.ca\/jtheca\/wp-content\/uploads\/DSCF6305-copy-1536x672.jpg","1536x1536-width":1536,"1536x1536-height":672,"2048x2048":"https:\/\/carleton.ca\/jtheca\/wp-content\/uploads\/DSCF6305-copy.jpg","2048x2048-width":1600,"2048x2048-height":700,"banner":"https:\/\/carleton.ca\/jtheca\/wp-content\/uploads\/DSCF6305-copy.jpg","banner-width":1600,"banner-height":700,"people":"https:\/\/carleton.ca\/jtheca\/wp-content\/uploads\/DSCF6305-copy-200x200.jpg","people-width":200,"people-height":200,"post-thumb":"https:\/\/carleton.ca\/jtheca\/wp-content\/uploads\/DSCF6305-copy-300x230.jpg","post-thumb-width":300,"post-thumb-height":230,"rotator-image":"https:\/\/carleton.ca\/jtheca\/wp-content\/uploads\/DSCF6305-copy-800x600.jpg","rotator-image-width":800,"rotator-image-height":600,"video-thumb":"https:\/\/carleton.ca\/jtheca\/wp-content\/uploads\/DSCF6305-copy-360x158.jpg","video-thumb-width":360,"video-thumb-height":158}},"banner_opacity":"dark"},"_links":{"self":[{"href":"https:\/\/carleton.ca\/jtheca\/wp-json\/wp\/v2\/pages\/571"}],"collection":[{"href":"https:\/\/carleton.ca\/jtheca\/wp-json\/wp\/v2\/pages"}],"about":[{"href":"https:\/\/carleton.ca\/jtheca\/wp-json\/wp\/v2\/types\/page"}],"author":[{"embeddable":true,"href":"https:\/\/carleton.ca\/jtheca\/wp-json\/wp\/v2\/users\/7"}],"replies":[{"embeddable":true,"href":"https:\/\/carleton.ca\/jtheca\/wp-json\/wp\/v2\/comments?post=571"}],"version-history":[{"count":4,"href":"https:\/\/carleton.ca\/jtheca\/wp-json\/wp\/v2\/pages\/571\/revisions"}],"predecessor-version":[{"id":626,"href":"https:\/\/carleton.ca\/jtheca\/wp-json\/wp\/v2\/pages\/571\/revisions\/626"}],"wp:attachment":[{"href":"https:\/\/carleton.ca\/jtheca\/wp-json\/wp\/v2\/media?parent=571"}],"curies":[{"name":"wp","href":"https:\/\/api.w.org\/{rel}","templated":true}]}}