{"id":94,"date":"2022-05-13T15:37:19","date_gmt":"2022-05-13T19:37:19","guid":{"rendered":"https:\/\/carleton.ca\/jtheca\/?page_id=94"},"modified":"2022-05-21T08:56:06","modified_gmt":"2022-05-21T12:56:06","slug":"partners","status":"publish","type":"page","link":"https:\/\/carleton.ca\/jtheca\/partners\/","title":{"rendered":"Partners"},"content":{"rendered":"<p><strong>Just Transitions: Heritage Education for Climate Adaptation (JTHECA)<\/strong> is an initiative led by three Canadian university academic members of the Climate Heritage Network: Carleton University, Athabasca University and Universit\u00e9 de Montr\u00e9al. Events being organized will be led by these universities in partrnership with different organizations, including ICOMOS, ICOMOS Canada, the National Trust for Canada&#8217;s National Roundtable for Heritage Education, ICCROM and other universities. Please contact us if you are interested in partnering in future events.<\/p>\n<h4><img decoding=\"async\" loading=\"lazy\" class=\"alignnone wp-image-251\" src=\"https:\/\/carleton.ca\/jtheca\/wp-content\/uploads\/B_Logo_V-RGBRedBlackonLight_130821-240x196.png\" alt=\"\" width=\"159\" height=\"130\" srcset=\"https:\/\/carleton.ca\/jtheca\/wp-content\/uploads\/B_Logo_V-RGBRedBlackonLight_130821-240x196.png 240w, https:\/\/carleton.ca\/jtheca\/wp-content\/uploads\/B_Logo_V-RGBRedBlackonLight_130821-400x327.png 400w, https:\/\/carleton.ca\/jtheca\/wp-content\/uploads\/B_Logo_V-RGBRedBlackonLight_130821-160x131.png 160w, https:\/\/carleton.ca\/jtheca\/wp-content\/uploads\/B_Logo_V-RGBRedBlackonLight_130821-768x628.png 768w, https:\/\/carleton.ca\/jtheca\/wp-content\/uploads\/B_Logo_V-RGBRedBlackonLight_130821-360x295.png 360w, https:\/\/carleton.ca\/jtheca\/wp-content\/uploads\/B_Logo_V-RGBRedBlackonLight_130821.png 919w\" sizes=\"(max-width: 159px) 100vw, 159px\" \/>\u00a0 \u00a0 \u00a0<img decoding=\"async\" loading=\"lazy\" class=\"alignnone wp-image-247\" src=\"https:\/\/carleton.ca\/jtheca\/wp-content\/uploads\/640px-Athabasca_University_Logo_2017-240x87.png\" alt=\"\" width=\"238\" height=\"86\" srcset=\"https:\/\/carleton.ca\/jtheca\/wp-content\/uploads\/640px-Athabasca_University_Logo_2017-240x87.png 240w, https:\/\/carleton.ca\/jtheca\/wp-content\/uploads\/640px-Athabasca_University_Logo_2017-400x145.png 400w, https:\/\/carleton.ca\/jtheca\/wp-content\/uploads\/640px-Athabasca_University_Logo_2017-160x58.png 160w, https:\/\/carleton.ca\/jtheca\/wp-content\/uploads\/640px-Athabasca_University_Logo_2017-360x131.png 360w, https:\/\/carleton.ca\/jtheca\/wp-content\/uploads\/640px-Athabasca_University_Logo_2017.png 640w\" sizes=\"(max-width: 238px) 100vw, 238px\" \/>\u00a0 \u00a0<img decoding=\"async\" loading=\"lazy\" class=\"alignnone wp-image-248\" src=\"https:\/\/carleton.ca\/jtheca\/wp-content\/uploads\/universite-de-montreal-logo-vector-240x133.png\" alt=\"\" width=\"221\" height=\"123\" srcset=\"https:\/\/carleton.ca\/jtheca\/wp-content\/uploads\/universite-de-montreal-logo-vector-240x133.png 240w, https:\/\/carleton.ca\/jtheca\/wp-content\/uploads\/universite-de-montreal-logo-vector-400x222.png 400w, https:\/\/carleton.ca\/jtheca\/wp-content\/uploads\/universite-de-montreal-logo-vector-160x89.png 160w, https:\/\/carleton.ca\/jtheca\/wp-content\/uploads\/universite-de-montreal-logo-vector-768x427.png 768w, https:\/\/carleton.ca\/jtheca\/wp-content\/uploads\/universite-de-montreal-logo-vector-360x200.png 360w, https:\/\/carleton.ca\/jtheca\/wp-content\/uploads\/universite-de-montreal-logo-vector.png 900w\" sizes=\"(max-width: 221px) 100vw, 221px\" \/><\/h4>\n<p><\/p>\n<h4><img decoding=\"async\" loading=\"lazy\" class=\"alignnone wp-image-271\" src=\"https:\/\/carleton.ca\/jtheca\/wp-content\/uploads\/Screen-Shot-2022-05-18-at-12.12.27-PM-240x116.png\" alt=\"\" width=\"194\" height=\"94\" srcset=\"https:\/\/carleton.ca\/jtheca\/wp-content\/uploads\/Screen-Shot-2022-05-18-at-12.12.27-PM-240x116.png 240w, https:\/\/carleton.ca\/jtheca\/wp-content\/uploads\/Screen-Shot-2022-05-18-at-12.12.27-PM-400x193.png 400w, https:\/\/carleton.ca\/jtheca\/wp-content\/uploads\/Screen-Shot-2022-05-18-at-12.12.27-PM-160x77.png 160w, https:\/\/carleton.ca\/jtheca\/wp-content\/uploads\/Screen-Shot-2022-05-18-at-12.12.27-PM-768x370.png 768w, https:\/\/carleton.ca\/jtheca\/wp-content\/uploads\/Screen-Shot-2022-05-18-at-12.12.27-PM-1536x739.png 1536w, https:\/\/carleton.ca\/jtheca\/wp-content\/uploads\/Screen-Shot-2022-05-18-at-12.12.27-PM-2048x986.png 2048w, https:\/\/carleton.ca\/jtheca\/wp-content\/uploads\/Screen-Shot-2022-05-18-at-12.12.27-PM-360x173.png 360w\" sizes=\"(max-width: 194px) 100vw, 194px\" \/>\u00a0 \u00a0 \u00a0 \u00a0 \u00a0<img decoding=\"async\" loading=\"lazy\" class=\"alignnone wp-image-272\" src=\"https:\/\/carleton.ca\/jtheca\/wp-content\/uploads\/LOGO-CARTOUCHE-QUADRI-3-240x80.png\" alt=\"\" width=\"201\" height=\"67\" srcset=\"https:\/\/carleton.ca\/jtheca\/wp-content\/uploads\/LOGO-CARTOUCHE-QUADRI-3-240x80.png 240w, https:\/\/carleton.ca\/jtheca\/wp-content\/uploads\/LOGO-CARTOUCHE-QUADRI-3-160x53.png 160w, https:\/\/carleton.ca\/jtheca\/wp-content\/uploads\/LOGO-CARTOUCHE-QUADRI-3-360x120.png 360w, https:\/\/carleton.ca\/jtheca\/wp-content\/uploads\/LOGO-CARTOUCHE-QUADRI-3.png 375w\" sizes=\"(max-width: 201px) 100vw, 201px\" \/>\u00a0 \u00a0 \u00a0 \u00a0 \u00a0 \u00a0 <img decoding=\"async\" loading=\"lazy\" class=\"alignnone wp-image-346\" src=\"https:\/\/carleton.ca\/jtheca\/wp-content\/uploads\/Screen-Shot-2022-05-19-at-5.36.24-PM-240x99.png\" alt=\"\" width=\"201\" height=\"83\" srcset=\"https:\/\/carleton.ca\/jtheca\/wp-content\/uploads\/Screen-Shot-2022-05-19-at-5.36.24-PM-240x99.png 240w, https:\/\/carleton.ca\/jtheca\/wp-content\/uploads\/Screen-Shot-2022-05-19-at-5.36.24-PM-400x165.png 400w, https:\/\/carleton.ca\/jtheca\/wp-content\/uploads\/Screen-Shot-2022-05-19-at-5.36.24-PM-160x66.png 160w, https:\/\/carleton.ca\/jtheca\/wp-content\/uploads\/Screen-Shot-2022-05-19-at-5.36.24-PM-768x316.png 768w, https:\/\/carleton.ca\/jtheca\/wp-content\/uploads\/Screen-Shot-2022-05-19-at-5.36.24-PM-360x148.png 360w, https:\/\/carleton.ca\/jtheca\/wp-content\/uploads\/Screen-Shot-2022-05-19-at-5.36.24-PM.png 1044w\" sizes=\"(max-width: 201px) 100vw, 201px\" \/><\/h4>\n<p><\/p>\n<h4>\u00a0 <img decoding=\"async\" loading=\"lazy\" class=\"alignnone wp-image-267\" src=\"https:\/\/carleton.ca\/jtheca\/wp-content\/uploads\/Screen-Shot-2022-05-18-at-9.34.31-AM-8-240x67.png\" alt=\"\" width=\"222\" height=\"62\" srcset=\"https:\/\/carleton.ca\/jtheca\/wp-content\/uploads\/Screen-Shot-2022-05-18-at-9.34.31-AM-8-240x67.png 240w, https:\/\/carleton.ca\/jtheca\/wp-content\/uploads\/Screen-Shot-2022-05-18-at-9.34.31-AM-8-400x112.png 400w, https:\/\/carleton.ca\/jtheca\/wp-content\/uploads\/Screen-Shot-2022-05-18-at-9.34.31-AM-8-160x45.png 160w, https:\/\/carleton.ca\/jtheca\/wp-content\/uploads\/Screen-Shot-2022-05-18-at-9.34.31-AM-8-768x215.png 768w, https:\/\/carleton.ca\/jtheca\/wp-content\/uploads\/Screen-Shot-2022-05-18-at-9.34.31-AM-8-360x101.png 360w, https:\/\/carleton.ca\/jtheca\/wp-content\/uploads\/Screen-Shot-2022-05-18-at-9.34.31-AM-8.png 1228w\" sizes=\"(max-width: 222px) 100vw, 222px\" \/><strong>\u00a0 \u00a0 \u00a0<\/strong><img decoding=\"async\" loading=\"lazy\" class=\"wp-image-249 alignnone\" src=\"https:\/\/carleton.ca\/jtheca\/wp-content\/uploads\/ICCROM-logo-240x180.png\" alt=\"\" width=\"144\" height=\"108\" srcset=\"https:\/\/carleton.ca\/jtheca\/wp-content\/uploads\/ICCROM-logo-240x180.png 240w, https:\/\/carleton.ca\/jtheca\/wp-content\/uploads\/ICCROM-logo-160x120.png 160w, https:\/\/carleton.ca\/jtheca\/wp-content\/uploads\/ICCROM-logo.png 259w\" sizes=\"(max-width: 144px) 100vw, 144px\" \/>\u00a0 \u00a0 \u00a0 \u00a0 \u00a0 \u00a0 \u00a0 <img decoding=\"async\" loading=\"lazy\" class=\"alignnone wp-image-250\" src=\"https:\/\/carleton.ca\/jtheca\/wp-content\/uploads\/Universit\u00e9_du_Qu\u00e9bec_\u00e0_Montr\u00e9al_Logo-240x80.png\" alt=\"\" width=\"180\" height=\"60\" srcset=\"https:\/\/carleton.ca\/jtheca\/wp-content\/uploads\/Universit\u00e9_du_Qu\u00e9bec_\u00e0_Montr\u00e9al_Logo-240x80.png 240w, https:\/\/carleton.ca\/jtheca\/wp-content\/uploads\/Universit\u00e9_du_Qu\u00e9bec_\u00e0_Montr\u00e9al_Logo-160x54.png 160w, https:\/\/carleton.ca\/jtheca\/wp-content\/uploads\/Universit\u00e9_du_Qu\u00e9bec_\u00e0_Montr\u00e9al_Logo.png 320w\" sizes=\"(max-width: 180px) 100vw, 180px\" \/><\/h4>\n<p><\/p>\n<h4>\u00a0 \u00a0 <strong>\u00a0\u00a0<\/strong><\/h4>\n<p><\/p>\n","protected":false},"excerpt":{"rendered":"<p>Just Transitions: Heritage Education for Climate Adaptation (JTHECA) is an initiative led by three Canadian university academic members of the Climate Heritage Network: Carleton University, Athabasca University and Universit\u00e9 de Montr\u00e9al. Events being organized will be led by these universities in partrnership with different organizations, including ICOMOS, ICOMOS Canada, the National Trust for Canada&#8217;s National [&hellip;]<\/p>\n","protected":false},"author":6,"featured_media":0,"parent":0,"menu_order":0,"comment_status":"closed","ping_status":"closed","template":"","meta":{"_relevanssi_hide_post":"","_relevanssi_hide_content":"","_relevanssi_pin_for_all":"","_relevanssi_pin_keywords":"","_relevanssi_unpin_keywords":"","_relevanssi_related_keywords":"","_relevanssi_related_include_ids":"","_relevanssi_related_exclude_ids":"","_relevanssi_related_no_append":"","_relevanssi_related_not_related":"","_relevanssi_related_posts":"","_relevanssi_noindex_reason":"","_mi_skip_tracking":false,"_exactmetrics_sitenote_active":false,"_exactmetrics_sitenote_note":"","_exactmetrics_sitenote_category":0,"_monsterinsights_sitenote_active":false,"_monsterinsights_sitenote_note":"","_monsterinsights_sitenote_category":0,"footnotes":"","_links_to":"","_links_to_target":""},"yoast_head":"<!-- This site is optimized with the Yoast SEO plugin v21.2 - https:\/\/yoast.com\/wordpress\/plugins\/seo\/ -->\n<title>Partners - Just Transitions: Heritage Education for Climate Adaptation<\/title>\n<meta name=\"description\" content=\"Just Transitions: Heritage Education for Climate Adaptation (JTHECA) is an initiative led by three Canadian university academic members of the Climate\" \/>\n<meta name=\"robots\" content=\"index, follow, max-snippet:-1, max-image-preview:large, max-video-preview:-1\" \/>\n<link rel=\"canonical\" href=\"https:\/\/carleton.ca\/jtheca\/partners\/\" \/>\n<script type=\"application\/ld+json\" class=\"yoast-schema-graph\">{\"@context\":\"https:\/\/schema.org\",\"@graph\":[{\"@type\":\"WebPage\",\"@id\":\"https:\/\/carleton.ca\/jtheca\/partners\/\",\"url\":\"https:\/\/carleton.ca\/jtheca\/partners\/\",\"name\":\"Partners - Just Transitions: Heritage Education for Climate Adaptation\",\"isPartOf\":{\"@id\":\"https:\/\/carleton.ca\/jtheca\/#website\"},\"datePublished\":\"2022-05-13T19:37:19+00:00\",\"dateModified\":\"2022-05-21T12:56:06+00:00\",\"description\":\"Just Transitions: Heritage Education for Climate Adaptation (JTHECA) is an initiative led by three Canadian university academic members of the Climate\",\"breadcrumb\":{\"@id\":\"https:\/\/carleton.ca\/jtheca\/partners\/#breadcrumb\"},\"inLanguage\":\"en-US\",\"potentialAction\":[{\"@type\":\"ReadAction\",\"target\":[\"https:\/\/carleton.ca\/jtheca\/partners\/\"]}]},{\"@type\":\"BreadcrumbList\",\"@id\":\"https:\/\/carleton.ca\/jtheca\/partners\/#breadcrumb\",\"itemListElement\":[{\"@type\":\"ListItem\",\"position\":1,\"name\":\"Home\",\"item\":\"https:\/\/carleton.ca\/jtheca\/\"},{\"@type\":\"ListItem\",\"position\":2,\"name\":\"Partners\"}]},{\"@type\":\"WebSite\",\"@id\":\"https:\/\/carleton.ca\/jtheca\/#website\",\"url\":\"https:\/\/carleton.ca\/jtheca\/\",\"name\":\"Just Transitions: Heritage Education for Climate Adaptation\",\"description\":\"Carleton University\",\"potentialAction\":[{\"@type\":\"SearchAction\",\"target\":{\"@type\":\"EntryPoint\",\"urlTemplate\":\"https:\/\/carleton.ca\/jtheca\/?s={search_term_string}\"},\"query-input\":\"required name=search_term_string\"}],\"inLanguage\":\"en-US\"}]}<\/script>\n<!-- \/ Yoast SEO plugin. -->","yoast_head_json":{"title":"Partners - Just Transitions: Heritage Education for Climate Adaptation","description":"Just Transitions: Heritage Education for Climate Adaptation (JTHECA) is an initiative led by three Canadian university academic members of the Climate","robots":{"index":"index","follow":"follow","max-snippet":"max-snippet:-1","max-image-preview":"max-image-preview:large","max-video-preview":"max-video-preview:-1"},"canonical":"https:\/\/carleton.ca\/jtheca\/partners\/","schema":{"@context":"https:\/\/schema.org","@graph":[{"@type":"WebPage","@id":"https:\/\/carleton.ca\/jtheca\/partners\/","url":"https:\/\/carleton.ca\/jtheca\/partners\/","name":"Partners - Just Transitions: Heritage Education for Climate Adaptation","isPartOf":{"@id":"https:\/\/carleton.ca\/jtheca\/#website"},"datePublished":"2022-05-13T19:37:19+00:00","dateModified":"2022-05-21T12:56:06+00:00","description":"Just Transitions: Heritage Education for Climate Adaptation (JTHECA) is an initiative led by three Canadian university academic members of the Climate","breadcrumb":{"@id":"https:\/\/carleton.ca\/jtheca\/partners\/#breadcrumb"},"inLanguage":"en-US","potentialAction":[{"@type":"ReadAction","target":["https:\/\/carleton.ca\/jtheca\/partners\/"]}]},{"@type":"BreadcrumbList","@id":"https:\/\/carleton.ca\/jtheca\/partners\/#breadcrumb","itemListElement":[{"@type":"ListItem","position":1,"name":"Home","item":"https:\/\/carleton.ca\/jtheca\/"},{"@type":"ListItem","position":2,"name":"Partners"}]},{"@type":"WebSite","@id":"https:\/\/carleton.ca\/jtheca\/#website","url":"https:\/\/carleton.ca\/jtheca\/","name":"Just Transitions: Heritage Education for Climate Adaptation","description":"Carleton University","potentialAction":[{"@type":"SearchAction","target":{"@type":"EntryPoint","urlTemplate":"https:\/\/carleton.ca\/jtheca\/?s={search_term_string}"},"query-input":"required name=search_term_string"}],"inLanguage":"en-US"}]}},"acf":{"banner_image_type":"upload","banner_button":"no","banner_uploaded_image":{"ID":79,"id":79,"title":"Seedstore Halifax NS Ross copy","filename":"Seedstore-Halifax-NS-Ross-copy.jpg","filesize":319572,"url":"https:\/\/carleton.ca\/jtheca\/wp-content\/uploads\/Seedstore-Halifax-NS-Ross-copy.jpg","link":"https:\/\/carleton.ca\/jtheca\/programme\/seedstore-halifax-ns-ross-copy\/","alt":"","author":"7","description":"","caption":"","name":"seedstore-halifax-ns-ross-copy","status":"inherit","uploaded_to":77,"date":"2022-05-13 11:25:04","modified":"2022-05-13 11:25:04","menu_order":0,"mime_type":"image\/jpeg","type":"image","subtype":"jpeg","icon":"https:\/\/carleton.ca\/jtheca\/wp\/wp-includes\/images\/media\/default.png","width":1600,"height":700,"sizes":{"thumbnail":"https:\/\/carleton.ca\/jtheca\/wp-content\/uploads\/Seedstore-Halifax-NS-Ross-copy-160x70.jpg","thumbnail-width":160,"thumbnail-height":70,"medium":"https:\/\/carleton.ca\/jtheca\/wp-content\/uploads\/Seedstore-Halifax-NS-Ross-copy-240x105.jpg","medium-width":240,"medium-height":105,"medium_large":"https:\/\/carleton.ca\/jtheca\/wp-content\/uploads\/Seedstore-Halifax-NS-Ross-copy-768x336.jpg","medium_large-width":768,"medium_large-height":336,"large":"https:\/\/carleton.ca\/jtheca\/wp-content\/uploads\/Seedstore-Halifax-NS-Ross-copy-400x175.jpg","large-width":400,"large-height":175,"gallery-thumb":"https:\/\/carleton.ca\/jtheca\/wp-content\/uploads\/Seedstore-Halifax-NS-Ross-copy-300x230.jpg","gallery-thumb-width":300,"gallery-thumb-height":230,"1536x1536":"https:\/\/carleton.ca\/jtheca\/wp-content\/uploads\/Seedstore-Halifax-NS-Ross-copy-1536x672.jpg","1536x1536-width":1536,"1536x1536-height":672,"2048x2048":"https:\/\/carleton.ca\/jtheca\/wp-content\/uploads\/Seedstore-Halifax-NS-Ross-copy.jpg","2048x2048-width":1600,"2048x2048-height":700,"banner":"https:\/\/carleton.ca\/jtheca\/wp-content\/uploads\/Seedstore-Halifax-NS-Ross-copy.jpg","banner-width":1600,"banner-height":700,"people":"https:\/\/carleton.ca\/jtheca\/wp-content\/uploads\/Seedstore-Halifax-NS-Ross-copy-200x200.jpg","people-width":200,"people-height":200,"post-thumb":"https:\/\/carleton.ca\/jtheca\/wp-content\/uploads\/Seedstore-Halifax-NS-Ross-copy-300x230.jpg","post-thumb-width":300,"post-thumb-height":230,"rotator-image":"https:\/\/carleton.ca\/jtheca\/wp-content\/uploads\/Seedstore-Halifax-NS-Ross-copy-800x600.jpg","rotator-image-width":800,"rotator-image-height":600,"video-thumb":"https:\/\/carleton.ca\/jtheca\/wp-content\/uploads\/Seedstore-Halifax-NS-Ross-copy-360x158.jpg","video-thumb-width":360,"video-thumb-height":158}},"banner_opacity":"default"},"_links":{"self":[{"href":"https:\/\/carleton.ca\/jtheca\/wp-json\/wp\/v2\/pages\/94"}],"collection":[{"href":"https:\/\/carleton.ca\/jtheca\/wp-json\/wp\/v2\/pages"}],"about":[{"href":"https:\/\/carleton.ca\/jtheca\/wp-json\/wp\/v2\/types\/page"}],"author":[{"embeddable":true,"href":"https:\/\/carleton.ca\/jtheca\/wp-json\/wp\/v2\/users\/6"}],"replies":[{"embeddable":true,"href":"https:\/\/carleton.ca\/jtheca\/wp-json\/wp\/v2\/comments?post=94"}],"version-history":[{"count":4,"href":"https:\/\/carleton.ca\/jtheca\/wp-json\/wp\/v2\/pages\/94\/revisions"}],"predecessor-version":[{"id":431,"href":"https:\/\/carleton.ca\/jtheca\/wp-json\/wp\/v2\/pages\/94\/revisions\/431"}],"wp:attachment":[{"href":"https:\/\/carleton.ca\/jtheca\/wp-json\/wp\/v2\/media?parent=94"}],"curies":[{"name":"wp","href":"https:\/\/api.w.org\/{rel}","templated":true}]}}