{"id":891,"date":"2020-04-29T10:36:59","date_gmt":"2020-04-29T14:36:59","guid":{"rendered":"https:\/\/carleton.ca\/lacs\/?page_id=891"},"modified":"2026-01-23T10:39:56","modified_gmt":"2026-01-23T15:39:56","slug":"research-resources","status":"publish","type":"page","link":"https:\/\/carleton.ca\/lacs\/research-resources\/","title":{"rendered":"Research Resources"},"content":{"rendered":"\n<section class=\"w-screen px-6 cu-section cu-section--white ml-offset-center md:px-8 lg:px-14\">\n    <div class=\"space-y-6 cu-max-w-child-5xl  md:space-y-10 cu-prose-first-last\">\n\n            <div class=\"cu-textmedia flex flex-col lg:flex-row mx-auto gap-6 md:gap-10 my-6 md:my-12 first:mt-0 max-w-5xl\">\n        <div class=\"justify-start cu-textmedia-content cu-prose-first-last\" style=\"flex: 0 0 100%;\">\n            <header class=\"font-light prose-xl cu-pageheader md:prose-2xl cu-component-updated cu-prose-first-last\">\n                                    <h1 class=\"cu-prose-first-last font-semibold !mt-2 mb-4 md:mb-6 relative after:absolute after:h-px after:bottom-0 after:bg-cu-red after:left-px text-3xl md:text-4xl lg:text-5xl lg:leading-[3.5rem] pb-5 after:w-10 text-cu-black-700 not-prose\">\n                        Research Resources\n                    <\/h1>\n                \n                                \n                            <\/header>\n\n                    <\/div>\n\n            <\/div>\n\n    <\/div>\n<\/section>\n\n<p><strong>Digital Library of the Caribbean<\/strong><br>\n<u><a href=\"https:\/\/www.dloc.com\/\" target=\"_blank\" rel=\"noopener noreferrer\">https:\/\/www.dloc.com\/<\/a><\/u><br>\nThe Digital Library of the Caribbean (dLOC) is a cooperative digital library for resources from and about the Caribbean and circum-Caribbean.<\/p>\n\n\n\n<p>&nbsp;<\/p>\n\n\n\n<p><strong>Gabriel Garc\u00eda M\u00e1rquez:&nbsp;&nbsp;Digital Archive<\/strong><br>\n<a href=\"https:\/\/hrc.contentdm.oclc.org\/digital\/collection\/p15878coll51\" target=\"_blank\" rel=\"noopener noreferrer\">https:\/\/hrc.contentdm.oclc.org\/digital\/collection\/p15878coll51<\/a><br>\nThe digital archive of the Colombian-born writer Gabriel Garc\u00eda M\u00e1rquez includes a collection of his published and unpublished works.<\/p>\n\n\n\n<p>&nbsp;<\/p>\n\n\n\n<p><strong>International Center for the Arts of the Americas (ICAA)<\/strong><br>\n<a href=\"https:\/\/icaa.mfah.org\/s\/en\/page\/home\" target=\"_blank\" rel=\"noopener noreferrer\">https:\/\/icaa.mfah.org\/s\/en\/page\/home<\/a><br>\nExplore over 8,000 documents of 20th and 21st\u2060-\u2060century art in Latin America, the Caribbean, and among US Latino communities.<\/p>\n\n\n\n<p>&nbsp;<\/p>\n\n\n\n<p><strong>Lascelles Slavery Archive<\/strong><br>\n<a href=\"https:\/\/www.york.ac.uk\/projects\/harewoodslavery\/index.html\" target=\"_blank\" rel=\"noopener noreferrer\">https:\/\/www.york.ac.uk\/projects\/harewoodslavery\/index.html<\/a><br>\nThe Lascelles Slavery Archive documents the history of Caribbean Slavery at the end of the 18th century.<\/p>\n\n\n\n<p>&nbsp;<\/p>\n\n\n\n<p><strong>Latin American Network Information Centre<\/strong><br>\n<a href=\"http:\/\/lanic.utexas.edu\/\" target=\"_blank\" rel=\"noopener noreferrer\">http:\/\/lanic.utexas.edu\/<\/a><br>\nContains various resources relevant to Latin America and the Caribbean.<\/p>\n\n\n\n<p>&nbsp;<\/p>\n\n\n\n<p><strong>Marxists Internet Archive<\/strong><br>\n<a href=\"https:\/\/www.marxists.org\/\" target=\"_blank\" rel=\"noopener noreferrer\">https:\/\/www.marxists.org\/<\/a><br>\nAn international collection of writings and speeches.<\/p>\n\n\n\n<p>&nbsp;<\/p>\n\n\n\n<p><strong>Marronnage&nbsp;in Saint-Domingue (Ha\u00efti)<\/strong><br>\n<a href=\"http:\/\/www.marronnage.info\/en\/\" target=\"_blank\" rel=\"noopener noreferrer\">http:\/\/www.marronnage.info\/en\/<\/a><br>\nAn electronic interface meant to decompartementalise the archives of slavery in the French Atlantic world.<\/p>\n\n\n\n<p>&nbsp;<\/p>\n\n\n\n<p><strong>National Security Archive<\/strong><br>\n<a href=\"https:\/\/nsarchive.gwu.edu\/\" target=\"_blank\" rel=\"noopener noreferrer\">https:\/\/nsarchive.gwu.edu\/<\/a><br>\nA library and archive of declassified U.S. documents.<\/p>\n\n\n\n<p>&nbsp;<\/p>\n\n\n\n<p><strong>Red de Revistas Cient\u00edficas de Am\u00e9rica Latina y el Caribe, Espa\u00f1a y Portugal (Redalyc)<\/strong><br>\n<a href=\"https:\/\/www.redalyc.org\/\" target=\"_blank\" rel=\"noopener noreferrer\">https:\/\/www.redalyc.org\/<\/a><br>\nSpanish and Portuguese-language academic database with several open access journals from the region.<\/p>\n\n\n\n<p>&nbsp;<\/p>\n\n\n\n<p><strong>Slave Societies Digital Archive (SSDA)<\/strong><br>\n<a href=\"https:\/\/www.slavesocieties.org\" target=\"_blank\" rel=\"noopener noreferrer\">https:\/\/www.slavesocieties.org<\/a><br>\nPreserves endangered ecclesiastical and secular documents related to Africans and African-descended peoples in slave societies. SSDA holdings include more than 700,000 digital images drawn close to 2,000 unique volumes dating from the sixteenth through twentieth centuries that document the lives of an estimated four to six million individuals.<\/p>\n\n\n\n<p>&nbsp;<\/p>\n\n\n\n<p><strong>Small Axe<\/strong><br>\n<a href=\"https:\/\/read.dukeupress.edu\/small-axe\" target=\"_blank\" rel=\"noopener noreferrer\">https:\/\/read.dukeupress.edu\/small-axe<\/a><br>\nA Caribbean Journal of Criticism.<\/p>\n\n\n\n<p>&nbsp;<\/p>\n\n\n\n<p><strong>The North American Congress on Latin America (NACLA)&nbsp;<\/strong><br>\n<a title=\"https:\/\/nacla.org\/\" href=\"https:\/\/nacla.org\/\" target=\"_blank\" rel=\"noopener noreferrer\">https:\/\/nacla.org\/<\/a><br>\nProvides information and analysis on the Americas, and on its complex and changing relationship with the United States.<\/p>\n\n\n\n<p>&nbsp;<\/p>\n\n\n\n<p><strong>Word Reference<\/strong><br>\n<a href=\"https:\/\/www.wordreference.com\/\" target=\"_blank\" rel=\"noopener noreferrer\">https:\/\/www.wordreference.com\/<\/a><br>\nA useful translation dictionary for several languages, including colloquial definitions, and active language forums for more difficult translations.<\/p>\n","protected":false},"excerpt":{"rendered":"<p>Digital Library of the Caribbean https:\/\/www.dloc.com\/ The Digital Library of the Caribbean (dLOC) is a cooperative digital library for resources from and about the Caribbean and circum-Caribbean. &nbsp; Gabriel Garc\u00eda M\u00e1rquez:&nbsp;&nbsp;Digital Archive https:\/\/hrc.contentdm.oclc.org\/digital\/collection\/p15878coll51 The digital archive of the Colombian-born writer Gabriel Garc\u00eda M\u00e1rquez includes a collection of his published and unpublished works. &nbsp; International Center [&hellip;]<\/p>\n","protected":false},"author":2,"featured_media":0,"parent":0,"menu_order":0,"comment_status":"closed","ping_status":"closed","template":"","meta":{"_acf_changed":false,"_cu_dining_location_slug":"","footnotes":"","_links_to":"","_links_to_target":""},"cu_page_type":[31],"class_list":["post-891","page","type-page","status-publish","hentry","cu_page_type-research-resources"],"acf":{"cu_post_thumbnail":false},"_links":{"self":[{"href":"https:\/\/carleton.ca\/lacs\/wp-json\/wp\/v2\/pages\/891","targetHints":{"allow":["GET"]}}],"collection":[{"href":"https:\/\/carleton.ca\/lacs\/wp-json\/wp\/v2\/pages"}],"about":[{"href":"https:\/\/carleton.ca\/lacs\/wp-json\/wp\/v2\/types\/page"}],"author":[{"embeddable":true,"href":"https:\/\/carleton.ca\/lacs\/wp-json\/wp\/v2\/users\/2"}],"replies":[{"embeddable":true,"href":"https:\/\/carleton.ca\/lacs\/wp-json\/wp\/v2\/comments?post=891"}],"version-history":[{"count":2,"href":"https:\/\/carleton.ca\/lacs\/wp-json\/wp\/v2\/pages\/891\/revisions"}],"predecessor-version":[{"id":2220,"href":"https:\/\/carleton.ca\/lacs\/wp-json\/wp\/v2\/pages\/891\/revisions\/2220"}],"wp:attachment":[{"href":"https:\/\/carleton.ca\/lacs\/wp-json\/wp\/v2\/media?parent=891"}],"wp:term":[{"taxonomy":"cu_page_type","embeddable":true,"href":"https:\/\/carleton.ca\/lacs\/wp-json\/wp\/v2\/cu_page_type?post=891"}],"curies":[{"name":"wp","href":"https:\/\/api.w.org\/{rel}","templated":true}]}}