{"id":1035,"date":"2011-10-10T20:58:40","date_gmt":"2011-10-11T01:58:40","guid":{"rendered":"http:\/\/carleton.ca\/litnews\/"},"modified":"2014-12-19T03:03:35","modified_gmt":"2014-12-19T08:03:35","slug":"prog-2podcast","status":"publish","type":"page","link":"https:\/\/carleton.ca\/litnews\/actualites-litteraires\/prog-2podcast\/","title":{"rendered":"Baladodiffusion"},"content":{"rendered":"<h3 style=\"text-align: center;\"><a href=\"http:\/\/carleton.ca\/litnews\/wp-content\/uploads\/aw7YxA.jpeg\"><img decoding=\"async\" loading=\"lazy\" class=\"aligncenter size-large wp-image-1468\" title=\"CKCU LitNews-2 PODCAST\" src=\"http:\/\/carleton.ca\/litnews\/wp-content\/uploads\/aw7YxA-400x310.jpg\" alt=\"\" width=\"400\" height=\"310\" \/><\/a><\/h3>\n<h3>CKCU LitNews-2<em><em> Les Actualit\u00e9s litt\u00e9raires dans le monde francophone <\/em><\/em><\/h3>\n<p><strong>Pour \u00e9couter des \u00e9missions, veuillez cliquez<\/strong><strong> les liens&gt;<br \/>\n<\/strong><\/p>\n<p><a title=\"litnews2pod58.htm\" href=\"http:\/\/cod.ckcufm.com\/programs\/414\/20013.html\">litnews2pod58 <\/a>Pour se souvenir des disparus&#8230;. De ceux et celles d\u00e9port\u00e9s par les Allemands sur <em>Le Train fant\u00f4me 1944<\/em> de Toulouse \u00e0 Dachau.\u2013 Guy SCARPETTA, <strong>Guido<\/strong>, roman (Gallimard, 2014).\u2013 Une oeuvre marquante et deux voix \u00e0 \u00e9couter ici: la voix du narrateur de l&#8217;histoire vraie de Guido, r\u00e9sistant, d\u00e9port\u00e9 et grand-p\u00e8re paternel inconnu du romancier; puis la parole engag\u00e9e de Robert RICHARD, \u00e9crivain, essayiste et critique litt\u00e9raire \u00e9tabli \u00e0 Montr\u00e9al, qui se dit &#8216;en dialogue libre&#8217; avec le narrateur de Guy SCARPETTA, \u00e9crivain et essayiste fran\u00e7ais de renom international.<\/p>\n<p>Pour m\u00e9moire et avec tristesse que nous vous invitons \u00e0 r\u00e9\u00e9couter l&#8217;entrevue avec l&#8217;historien Michel DROUIN, d\u00e9c\u00e9d\u00e9 le 13 novembre 2014, que nous avons diffus\u00e9e en 2011 sur son \u2018Zola au Panth\u00e9on \/ la quatri\u00e8me affaire Dreyfus\u2019 (2008)&gt; <a href=\"http:\/\/www.ckcufm.com\/uploads\/pod\/litnews2pod04.mp3\">http:\/\/www.ckcufm.com\/uploads\/pod\/litnews2pod04.mp3<\/a><\/p>\n<p><a href=\"http:\/\/cod.ckcufm.com\/programs\/414\/19795.html\">litnews2pod57<\/a> <em>DAKAR<\/em> 2014: Apr\u00e8s le Sommet de l&#8217;OIF 2014 \u00e0 Dakar, c&#8217;est le retour sur les rivages des grands fleuves de la Francophonie, avec Hamidou SALL, po\u00e8te s\u00e9n\u00e9galais (en rediffusion) et Antoine HOULOU-GARCIA, animateur de CKCU\/Literary News &#8216;Paroles d&#8217;Afrique&#8217; au t\u00e9l\u00e9phone \u00e0 Paris.<\/p>\n<p><a href=\"http:\/\/www.carleton.ca\/litnews\/wp-content\/uploads\/litnews2pod56.mp3\">litnews2pod56<\/a>\u00a0SARAH MOSTREL, \u00e9crivaine fran\u00e7aise, essayiste, po\u00e8te, artiste musicienne de renom international, parle de la po\u00e9sie qui t\u00e9moigne de la culture, la religion et de l&#8217;exp\u00e9rience juive, ancienne et moderne.<\/p>\n<p><a href=\"http:\/\/www.carleton.ca\/litnews\/wp-content\/uploads\/litnews2pod55.mp3\">litnews2pod55<\/a>\u00a0JEAN-MICHEL NZIKOU, docteur en &#8216;Langue et parole&#8217; de l&#8217;Universit\u00e9 Aix Marseille 1&gt; www.theses.fr\/2005AIX1009\u00a0 est l&#8217;invit\u00e9 d&#8217;Antoine Houlou-Garcia, animateur de l&#8217;\u00e9mission &#8216;Paroles d&#8217;Afrique&#8217; enregistr\u00e9e \u00e0 Paris pour CKCU-Literary News.<\/p>\n<p><a href=\"http:\/\/www.carleton.ca\/litnews\/wp-content\/uploads\/litnews2pod54.mp3\">litnews2pod54<\/a>\u00a0 L&#8217;\u00e9crivaine camerounaise HEMLEY BOUM, laur\u00e9ate du <em>Prix Ivoire<\/em> 2013 pour son roman <em>Si d&#8217;aimer <\/em>(\u00e9d. La Cheminante, 2013) est l&#8217;invit\u00e9e d&#8217;Antoine Houlou-Garcia, animateur de CKCU-Literary News &#8216;Parolesd&#8217;Afrique&#8217; \u00e0 Paris.<\/p>\n<p><a href=\"http:\/\/www.carleton.ca\/litnews\/wp-content\/uploads\/litnews2pod53.mp3\">litnews2pod53<\/a>\u00a0 C&#8217;est dans les locaux de la Librairie Galerie Congo \u00e0 Paris que Antoine Houlou-Garcia, animateur de <a href=\"http:\/\/carleton.ca\/litnews\/afrique\/\">Paroles d&#8217;Afrique<\/a> re\u00e7oit pour <em>CKCU Literary News <\/em>BONIFACE MONGO MBOUSSA, critique litt\u00e9raire congolais, auteur de deux essais sur la litt\u00e9rature africaine: <em>D\u00e9sir d&#8217;Afrique<\/em> et <em>L&#8217;indocilit\u00e9<\/em>, parus aux \u00e9ditions Gallimard. Il est aussi l&#8217;auteur d&#8217;une biographie du grand po\u00e8te congolais Tchicaya U Tam&#8217;si.<\/p>\n<p><a href=\"http:\/\/www.carleton.ca\/litnews\/wp-content\/uploads\/litnews2pod52.mp3\">litnews2pod52<\/a> Perspectives de retour sur le courant litt\u00e9raire afro-antillais, connu sous le nom de <em>N\u00e9gritude <\/em>et sur <em>Harlem Renaissance,<\/em> avec ALAIN HOULOU, Ancien \u00e9l\u00e8ve de l&#8217;ENS de la rue d&#8217;Ulm, Docteur d&#8217;\u00c9tat, professeur d&#8217;universit\u00e9, essayiste, po\u00e8te (Prix Charles Le Quinterec 2012, pour <em>Alidades et Th\u00e9odolites<\/em>), honor\u00e9 de <em>La<\/em> <em>M\u00e9daille SENGHOR,<\/em> plus haute distinction de la Francophonie<em>,<\/em> qu&#8217;il a re\u00e7ue en 2011 des mains d&#8217;ABDOU DIOUF, Secr\u00e9taire g\u00e9n\u00e9ral de l&#8217;Organisation internationale de la francophonie et Ancient pr\u00e9sident de la R\u00e9publique du S\u00e9n\u00e9gal.<\/p>\n<p><a href=\"http:\/\/www.carleton.ca\/litnews\/wp-content\/uploads\/litnews2pod51.mp3\">litnews2pod51<\/a>\u00a0L\u00c9ANDRE SAHIRI, \u00e9crivain originaire de la C\u00f4te d&#8217;Ivoire, Dr \u00e8s Lettres, critique litt\u00e9raire, auteur de la pi\u00e8ce de th\u00e9\u00e2tre <em>Le code noir de Louis XIV<\/em> (\u00c9ditions Menaibuc, Paris 2008), s&#8217;entrient de son engagement en tant qu&#8217;auteur au niveau de la d\u00e9fense des droits de la personne en Afrique, avec notre correspondant Antoine HOULOU-GARCIA, qui anime <a href=\"http:\/\/carleton.ca\/litnews\/afrique\/\">Paroles d&#8217;Afrique<\/a> pour CKCU\/Literary News \u00e0 Paris.<\/p>\n<p><a href=\"http:\/\/www.carleton.ca\/litnews\/wp-content\/uploads\/litnews2pod50_b.mp3\">litnews2pod50_b<\/a>\u00a0 Entretien (int\u00e9gral, 35 min.) avec GUY JEAN, \u00e9crivain, po\u00e8te acadien sur son nouveau recueil de po\u00e9sie, <em>Fossiles qui\u00a0 gisent\u00a0 en mes r\u00eaves \/ <\/em>po\u00e8mes arch\u00e9ologiques (Moncton: \u00c9ditions Perce-Neige, 2014).<\/p>\n<p><a href=\"http:\/\/www.carleton.ca\/litnews\/wp-content\/uploads\/litnews2pod50_a.mp3\">litnews2pod50_a<\/a>\u00a0 Entretien (abr\u00e9g\u00e9, 20 min.) avec GUY JEAN, \u00e9crivain http:\/\/www.guyjean.com sur son nouveau recueil de po\u00e9sie, <em>Fossiles qui gisent en mes r\u00eaves<\/em> \/ po\u00e8mes arch\u00e9ologiques (Moncton: \u00c9ditions Perce-Neige, 2014).<\/p>\n<p><a href=\"http:\/\/www.carleton.ca\/litnews\/wp-content\/uploads\/litnews2pod491.mp3\">litnews2pod49<\/a>\u00a0MARC-ALEXANDRE OHO BAMBE, auteur, po\u00e8te et Directeur Artistque chez <em>On A Slam\u00e9 Sur La Lune <\/em>est l&#8217;invit\u00e9 d&#8217;Antoine HOULOU-GARCIA, qui anime <a href=\"http:\/\/carleton.ca\/litnews\/afrique\/\">Paroles d&#8217;Afrique<\/a>, \u00e9mission litt\u00e9raire enregistr\u00e9e \u00e0 Paris pour CKCU Literary News.<\/p>\n<p><a href=\"http:\/\/www.carleton.ca\/litnews\/wp-content\/uploads\/litnews2pod48.mp3\">litnews2pod48<\/a> Mise en ondes de la nouvelle s\u00e9rie d&#8217;\u00e9missions litt\u00e9raires francophones: <a href=\"http:\/\/carleton.ca\/litnews\/afrique\/\"><strong>Paroles d&#8217;Afrique<\/strong> \u2013 <em><strong>entretiens, reportages et po\u00e9sie<\/strong><\/em><\/a>, qui est anim\u00e9e par Antoine HOULOU-GARCIA \u00e0 Paris pour <a title=\"Radio CKCU\/Literary News\" href=\"http:\/\/carleton.ca\/litnews\/home\/\"><strong>CKCU Literary News<\/strong><\/a>. Son invit\u00e9 d&#8217;honneur est l&#8217;\u00e9crivain s\u00e9n\u00e9galais Elhadj Abdoul HAMIDOU SALL. Titulaire d&#8217;une d\u00e9coration dans l&#8217;Ordre fran\u00e7ais des Arts et des Lettres, il est auteur de <em>Rhapsodies fluviales<\/em> (2010) et de <em>Circonstances du coeur\u00a0<\/em>(2011), livres parus aux \u00c9ditions La Cheminante.<\/p>\n<p><a href=\"http:\/\/www.carleton.ca\/litnews\/wp-content\/uploads\/litnews2pod47.mp3\">litnews2pod47<\/a><\/p>\n<p><a href=\"http:\/\/www.carleton.ca\/litnews\/wp-content\/uploads\/litnews2pod46.mp3\">litnews2pod46<\/a><\/p>\n<p><a href=\"http:\/\/carleton.ca\/litnews\/wp-content\/uploads\/litnews2pod45.mp3\">litnews2pod45<\/a><\/p>\n<p><a href=\"http:\/\/carleton.ca\/litnews\/wp-content\/uploads\/litnews2pod44.mp3\">litnews2pod44<\/a><\/p>\n<p><a href=\"http:\/\/carleton.ca\/litnews\/wp-content\/uploads\/litnews2pod43.mp3\">litnews2pod43<\/a><\/p>\n<p><a href=\"http:\/\/carleton.ca\/litnews\/wp-content\/uploads\/litnews2pod42.mp3\">litnews2pod42<\/a><\/p>\n<p><a href=\"http:\/\/carleton.ca\/litnews\/wp-content\/uploads\/litnews2pod41.mp3\">litnews2pod41<\/a><\/p>\n<p><a href=\"http:\/\/carleton.ca\/litnews\/wp-content\/uploads\/litnews2pod40.mp3\">litnews2pod40<\/a><\/p>\n<p><a href=\"http:\/\/carleton.ca\/litnews\/wp-content\/uploads\/litnews2pod39.mp3\">litnews2pod39<\/a><\/p>\n<p><a href=\"http:\/\/carleton.ca\/litnews\/wp-content\/uploads\/litnews2pod38.mp3\">litnews2pod38<\/a><\/p>\n<p><a href=\"http:\/\/carleton.ca\/litnews\/wp-content\/uploads\/litnews2pod37.mp3\">litnews2pod37<\/a><\/p>\n<p><a href=\"http:\/\/media1.cuol.ca\/play.php?file=_Profs\/Hans_Ruprecht\/Two\/litnews2pod36.mp3\">CKCULitNews-2 \u00c9MISSION 36<\/a><\/p>\n<p><a href=\"http:\/\/media1.cuol.ca\/play.php?file=_Profs\/Hans_Ruprecht\/Two\/litnews2pod35.mp3\">CKCULitNews-2 \u00c9MISSION 35<\/a><\/p>\n<p><a href=\"http:\/\/media1.cuol.ca\/play.php?file=_Profs\/Hans_Ruprecht\/Two\/litnews2pod34.mp3\">CKCULitNews-2 \u00c9MISSION 34<\/a><\/p>\n<p><a href=\"http:\/\/media1.cuol.ca\/play.php?file=_Profs\/Hans_Ruprecht\/Two\/litnews2pod33.mp3\">CKCULitNews-2 \u00c9MISSION 33<\/a><\/p>\n<p><a href=\"http:\/\/media1.cuol.ca\/play.php?file=_Profs\/Hans_Ruprecht\/Two\/litnews2pod32.mp3\">CKCULitNews-2 \u00c9MISSION 32<\/a><\/p>\n<p><a href=\"http:\/\/media1.cuol.ca\/play.php?file=_Profs\/Hans_Ruprecht\/Two\/litnews2pod31.mp3\">CKCULitNews-2 \u00c9MISSION 31<\/a><\/p>\n<p><a href=\"http:\/\/media1.cuol.ca\/play.php?file=_Profs\/Hans_Ruprecht\/Two\/litnews2pod30.mp3\">CKCULitNews-2 \u00c9MISSION 30<\/a><\/p>\n<p><a href=\"http:\/\/media1.cuol.ca\/play.php?file=_Profs\/Hans_Ruprecht\/Two\/litnews2pod29.mp3\">CKCULitNews-2 \u00c9MISSION 29<\/a><\/p>\n<p><a href=\"http:\/\/www.ckcufm.com\/uploads\/pod\/litnews2pod28.mp3\">CKCULitNews-2 \u00c9MISSION 28<\/a> L&#8217;\u00e9crivain NORMAND BELLEFEUILLE et Lucie RENAUD, r\u00e9dactrice en chef du webzine montr\u00e9alais <em>La Recrue du mois<\/em>, s&#8217;entretiennent de l&#8217;\u00e9dition litt\u00e9raire au Qu\u00e9bec; suivi de MARTIN ROBITAILLE parlant de son deuxi\u00e8me roman \u00e0 para\u00eetre.<\/p>\n<p><a href=\"http:\/\/www.ckcufm.com\/uploads\/pod\/litnews2pod27.mp3\">CKCULitNews-2 \u00c9MISSION 27<\/a> DANIEL POLIQUIN s&#8217;entretient de l&#8217;\u00e9volution de son \u0153uvre romanesque et de nouvelles, en particulier de son roman\u00a0<em>L&#8217;Historien de rien<\/em>\u00a0(\u00c9d. du Bor\u00e9al, 2012) avec Lucie HOTTE, professeure titulaire \u00e0 l&#8217;Universit\u00e9 d&#8217;Ottawa, Chaire de recherche sur les cultures et les litt\u00e9ratures francophones du Canada.<\/p>\n<p><a href=\"http:\/\/www.ckcufm.com\/uploads\/pod\/litnews2pod26.mp3\">CKCULitNews-2 \u00c9MISSION 26<\/a> MARIUS TREMBLAY, musicien, compositeur, peintre, po\u00e8te et romancier qu\u00e9b\u00e9cois fut l&#8217;invit\u00e9 de l&#8217;\u00e9mission de CKCU-Literary News du 1er janvier 2013.<\/p>\n<p><a href=\"http:\/\/www.ckcufm.com\/uploads\/pod\/litnews2pod25.mp3\">CKCULitNews-2 \u00c9MISSION 25<\/a> Lucie RENAUD, r\u00e9dactrice en chef du webzine montr\u00e9alais <em>La Recrue du mois<\/em> http:\/\/larecrue.net\/ s&#8217;entretient avec OLIVIA TAPIERO, <em>Espaces <\/em>(\u00c9d. XYZ, 2012), SIMON BOULERICE, <em>Javotte<\/em> (Lem\u00e9ac \u00c9diteur, 2012) et PATRICE LESSARD, <em>Nina<\/em> (\u00c9d. H\u00e9liotrope, 2012).<\/p>\n<p><a href=\"http:\/\/www.ckcufm.com\/uploads\/pod\/litnews2pod24.mp3\">CKCULitNews-2 \u00c9MISSION 24<\/a> SCHOLASTIQUE MUKASONGA, au micro de CKCU-Literary News \u00e0 Paris pour son roman <em>Notre-Dame du Nil<\/em> (Gallimard, coll. Continents noirs, 2012), Prix Renaudot 2012.<\/p>\n<p><a href=\"http:\/\/www.ckcufm.com\/uploads\/pod\/litnews2pod23.mp3\">CKCULitNews-2 \u00c9MISSION 23<\/a> L&#8217;actualit\u00e9 litt\u00e9raire franco-ontarienne pr\u00e9sent\u00e9e par Lucie HOTTE, professeure titulaire,\u00a0Chaire de recherche sur les cultures et les litt\u00e9ratures francophones du Canada \u00e0 l&#8217;Universit\u00e9 d&#8217;Ottawa.<\/p>\n<p><a href=\"http:\/\/www.ckcufm.com\/uploads\/pod\/litnews2pod22.mp3\">CKCULitNews-2 \u00c9MISSION 22<\/a> En partenariat avec le webzine litt\u00e9raire montr\u00e9alais\u00a0 <em>La Recrue du mois<\/em> http:\/\/larecrue.net\/ \u2013 voici EMMANUELLE CORNU, auteure du recueil de nouvelles <em>J\u00e9sus, Cassandre et les demoiselles <\/em>(Druide, 2012), engag\u00e9e dans une conversation sur la production de son premier livre avec l\u2019\u00e9crivain NORMAND DE BELLEFEUILE (Prix du Gouverneur g\u00e9n\u00e9ral), directeur litt\u00e9raire aux \u00c9ditions Druide.<\/p>\n<p><a href=\"http:\/\/ckcufm.com\/uploads\/pod\/litnews2pod21.mp3\">CKCULitNews-2 \u00c9MISSION 21<\/a>\u00a0 L\u2019\u00e9crivain CLAUDE GEUDEVERT: points de vue nuanc\u00e9s sur l\u2019actualit\u00e9 de cinq \u0153uvres litt\u00e9raires repr\u00e9sentatives de la modernit\u00e9 belge.<\/p>\n<p><a href=\"http:\/\/www.ckcufm.com\/uploads\/pod\/litnews2pod20.mp3\">CKCULitNews-2 \u00c9MISSION 20<\/a> En partenariat avec le webzine litt\u00e9raire montr\u00e9alais\u00a0 <em>La Recrue du mois<\/em> http:\/\/larecrue.net\/ \u2013 un entretien avec l&#8217;\u00e9crivain DANY LECLAIR sur son roman <em>Le Saint-Christophe <\/em>(Qu\u00e9bec-Am\u00e9rique, 2012).<\/p>\n<p><a href=\"http:\/\/www.ckcufm.com\/uploads\/pod\/litnews2pod19.mp3\">CKCULitNews-2 \u00c9MISSION 19<\/a> En partenariat avec le webzine litt\u00e9raire montr\u00e9alais\u00a0 <em>La Recrue du mois<\/em> http:\/\/larecrue.net\/ \u2013 une table ronde avec STEPHANIE PELLETIER, DANIEL GRENIER, KARINE ROSSO sur leurs nouveaux livres.<\/p>\n<p><a href=\"http:\/\/www.ckcufm.com\/uploads\/pod\/litnews2pod18.mp3\">CKCULitNews-2 \u00c9MISSION 18<\/a>\u00a0 JEAN-FACQUES ROUSSEAU (1712-1778) : maintenant et toujours! Une contribution au Tricentenaire de sa naissance, cr\u00e9\u00e9e et narr\u00e9e par Ray Ortali, professeur \u00e9m\u00e9rite \u00e0 l&#8217;University at Albany-SUNY.<\/p>\n<p><a href=\"http:\/\/www.ckcufm.com\/uploads\/pod\/litnews2pod17.mp3\">CKCULitNews-2 \u00c9MISSION 17<\/a>\u00a0 Entrevue au siege de l\u2019<em>Organisation internationale de la Francophonie<\/em> \u00e0 Paris: Le rayonnement des litt\u00e9ratures francophones sur les cinq continents: un objectif cl\u00e9 de l&#8217;<em>OIF<\/em>.<\/p>\n<p><a href=\"http:\/\/www.ckcufm.com\/uploads\/pod\/litnews2pod16.mp3\">CKCULitNews-2 \u00c9MISSION 16<\/a>\u00a0 Laura Secord et le Bicentenaire de la guerre anglo-am\u00e9ricaine de 1812, avec RICHARD GOUGEON, auteur de <em>Le roman de Laura Secord<\/em>, tome 1 &#8216;La naissance d&#8217;une h\u00e9ro\u00efne&#8217;; tome 2 &#8216;La d\u00e9fence du pays&#8217;.<\/p>\n<p><a href=\"http:\/\/www.ckcufm.com\/uploads\/pod\/litnews2pod15.mp3\">CKCULitNews-2 \u00c9MISSION 15<\/a> \u00a0<em>Sur les chemins de vos vacances<\/em> \u2013 notre programmation estivale 2012.<\/p>\n<p><a href=\"htt:\/\/www.ckcufm.com\/uploads\/pod\/litnews2pod14.mp3\">CKCULitNews-2 \u00c9MISSION 14<\/a>\u00a0 &#8216;L&#8217;imaginaire b\u00e9d\u00e9iste \u00e0 l&#8217;\u0153uvre&#8217;, avec BENJAMIN LACOMBE, illustrateur et auteur;\u00a0 FRAN\u00c7OIS LE BESCOND, directeur \u00e9ditorial adjoint chez \u00c9ditions Dargaud \u00e0 Paris. Reportage: Pierre Chaffard-Lu\u00e7on.<\/p>\n<p><a href=\"http:\/\/www.ckcufm.com\/uploads\/pod\/litnews2pod13.mp3\">CKCU LitNews-2 \u00c9MISSION 13<\/a>\u00a0\u00a0 XAVIER DORISON et RALPH MAYER, b\u00e9d\u00e9istes de renom international, en conversation au sujet de leur album ASGARD, tome 1 (\u00c9d. DARGAUD, 2012).<\/p>\n<p><a href=\"http:\/\/www.ckcufm.com\/uploads\/pod\/litnews2pod12.mp3\">CKCU LitNews-2 \u00c9MISSION 12<\/a>\u00a0\u00a0 Entretien avec SARAH MOSTREL,\u00e9crivaine fran\u00e7aise, sur son \u0153uvre po\u00e9tique.<\/p>\n<p><a href=\"http:\/\/www.ckcufm.com\/uploads\/pod\/litnews2pod11.mp3\">CKCU LitNews-2 \u00c9MISSION 11<\/a>Entretien avec l&#8217;\u00e9crivain ALEXANDRE GRONDEAU sur son roman <em>Pang\u00e9e <\/em>(2012).<strong><br \/>\n<\/strong><\/p>\n<p><a href=\"http:\/\/www.ckcufm.com\/uploads\/pod\/litnews2pod10.mp3\">CKCU LitNews-2 \u00c9MISSION 10<\/a> Le stand &#8216;Qu\u00e9bec \u00c9dition&#8217; au Salon du livre de Paris 2012. Suivi des extraits d&#8217;un d\u00e9bat passion\u00e9 sur le statut de la langue fran\u00e7aise en Afrique subsaharienne.<strong><br \/>\n<\/strong><\/p>\n<p><a href=\"http:\/\/www.ckcufm.com\/uploads\/pod\/litnews2pod9.mp3\">CKCU LitNews-2 \u00c9MISSION 9<\/a>&#8220;Comment parler du litt\u00e9raire aujourd&#8217;hui?&#8221; \u2013 une conversation avec JEAN BESSI\u00c8RE, professeur de Litt\u00e9rature G\u00e9n\u00e9rale et Compar\u00e9e (Universit\u00e9 Sorbonne Nouvelle Paris III).<\/p>\n<p><a href=\"http:\/\/www.ckcufm.com\/uploads\/pod\/litnews2pod8.mp3\">CKCU LitNews-2 \u00c9MISSION 8<\/a> Entrevue avec FRANCINE GAUTHIER, \u00e9crivaine qu\u00e9b\u00e9coise.<\/p>\n<p><a href=\"http:\/\/www.ckcufm.com\/uploads\/pod\/litnews2pod7.mp3\">CKCU LitNews-2 \u00c9MISSION 7<\/a> CHRISTOPHE BLAIN, auteur b\u00e9d\u00e9iste, raconte comment il a cr\u00e9\u00e9, avec Abel LANZAC, la bande dessin\u00e9e <em>Quai d&#8217;Orsay, <\/em>t. 2 (2011) dont tout le monde parle&#8230;<\/p>\n<p><a href=\"http:\/\/www.ckcufm.com\/uploads\/pod\/litnews2pod06.mp3\">CKCU LitNews-2 \u00c9MISSION 6<\/a> PATRICIA HASS NIVOIX, \u00e9crivaine fran\u00e7aise, pr\u00e9sente son roman <em>Dilemme <\/em>(2011); puis, XAVIER de MARCHIS, de la librairie <em>Contretemps <\/em>(Paris 7<sup>e<\/sup>) en conversation.<\/p>\n<p><a href=\"http:\/\/www.ckcufm.com\/uploads\/pod\/litnews2pod05.mp3\">CKCU LitNews-2 \u00c9MISSION 5<\/a> DENISE LE DANTEC, philosophe de formation, essayiste, \u00e9crivain breton, po\u00e9tesse fran\u00e7aise, peintre \u2013 en invit\u00e9e \u00e0 propos de l&#8217;\u00e9volution de son \u0153uvre litt\u00e9raire comprenant une trentaine d&#8217;ouvrages.<\/p>\n<p><a href=\"http:\/\/www.ckcufm.com\/uploads\/pod\/litnews2pod04.mp3\">CKCU LitNews-2 \u00c9MISSION 4<\/a> MICHEL DROUIN, attach\u00e9 de recherches au CNRS, \u00e0 propos de son\u00a0 &#8216;Zola au Panth\u00e9on \/ la quatri\u00e8me affaire Dreyfus&#8217; (2008).<\/p>\n<p><a href=\"http:\/\/www.ckcufm.com\/uploads\/pod\/litnews2pod03.mp3\">CKCU LitNews-2 \u00c9MISSION 3<\/a> DOMINIQUE DYENS, \u00e9crivaine fran\u00e7aise, au micro de <em>CKCU Literary News<\/em> \u00e0 Paris.<\/p>\n<p><a href=\"http:\/\/ckcufm.com\/uploads\/pod\/litnews2pod02.mp3\">CKCU LitNews-2 \u00c9MISSION 2<\/a> P\u00e9sentation du Prix Goncourt 2011 et du Prix des cinq continents de la Francophonie 2011, suivie d&#8217;un entretien avec Mme. Myriam SENGHOR-BA, responsable du Prix des cinq continents, au si\u00e8ge de l&#8217;ORGANISATION INTERNATIONALE DE LA FRANCOPHONIE \u00e0 Paris.<\/p>\n<p><a href=\"http:\/\/www.ckcufm.com\/uploads\/pod\/litnews2pod01.mp3\">CKCU LitNews-2 \u00c9MISSION 1<\/a> La pr\u00e9sentation du programme suivie d&#8217;un entretien avec M. Fr\u00e9d\u00e9ric BOUILLEUX, Directeur (Direction de la langue fran\u00e7aise et de la diversit\u00e9 culturelle et linguistique), au si\u00e8ge de l&#8217;ORGANISATION INTERNATIONALE DE LA FRANCOPHONIE \u00e0 Paris.<\/p>\n","protected":false},"excerpt":{"rendered":"<p>CKCU LitNews-2 Les Actualit\u00e9s litt\u00e9raires dans le monde francophone Pour \u00e9couter des \u00e9missions, veuillez cliquez les liens&gt; litnews2pod58 Pour se souvenir des disparus&#8230;. De ceux et celles d\u00e9port\u00e9s par les Allemands sur Le Train fant\u00f4me 1944 de Toulouse \u00e0 Dachau.\u2013 Guy SCARPETTA, Guido, roman (Gallimard, 2014).\u2013 Une oeuvre marquante et deux voix \u00e0 \u00e9couter ici: [&hellip;]<\/p>\n","protected":false},"author":3,"featured_media":0,"parent":1218,"menu_order":0,"comment_status":"open","ping_status":"open","template":"","meta":{"_relevanssi_hide_post":"","_relevanssi_hide_content":"","_relevanssi_pin_for_all":"","_relevanssi_pin_keywords":"","_relevanssi_unpin_keywords":"","_relevanssi_related_keywords":"","_relevanssi_related_include_ids":"","_relevanssi_related_exclude_ids":"","_relevanssi_related_no_append":"","_relevanssi_related_not_related":"","_relevanssi_related_posts":"","_relevanssi_noindex_reason":"","_mi_skip_tracking":false,"_exactmetrics_sitenote_active":false,"_exactmetrics_sitenote_note":"","_exactmetrics_sitenote_category":0,"footnotes":"","_links_to":"","_links_to_target":""},"yoast_head":"<!-- This site is optimized with the Yoast SEO plugin v21.2 - https:\/\/yoast.com\/wordpress\/plugins\/seo\/ -->\n<title>Radio CKCU\/Literary News_BALADODIFFUSION<\/title>\n<meta name=\"description\" content=\"CKCU LitNews-2 Les Actualit\u00e9s litt\u00e9raires dans le monde francophone Pour \u00e9couter des \u00e9missions, veuillez cliquez les liens&gt; litnews2pod58 Pour se\" \/>\n<meta name=\"robots\" content=\"index, follow, max-snippet:-1, max-image-preview:large, max-video-preview:-1\" \/>\n<link rel=\"canonical\" href=\"https:\/\/carleton.ca\/litnews\/actualites-litteraires\/prog-2podcast\/\" \/>\n<meta name=\"twitter:label1\" content=\"Est. reading time\" \/>\n\t<meta name=\"twitter:data1\" content=\"8 minutes\" \/>\n<script type=\"application\/ld+json\" class=\"yoast-schema-graph\">{\"@context\":\"https:\/\/schema.org\",\"@graph\":[{\"@type\":\"WebPage\",\"@id\":\"https:\/\/carleton.ca\/litnews\/actualites-litteraires\/prog-2podcast\/\",\"url\":\"https:\/\/carleton.ca\/litnews\/actualites-litteraires\/prog-2podcast\/\",\"name\":\"Radio CKCU\/Literary News_BALADODIFFUSION\",\"isPartOf\":{\"@id\":\"https:\/\/carleton.ca\/litnews\/#website\"},\"datePublished\":\"2011-10-11T01:58:40+00:00\",\"dateModified\":\"2014-12-19T08:03:35+00:00\",\"description\":\"CKCU LitNews-2 Les Actualit\u00e9s litt\u00e9raires dans le monde francophone Pour \u00e9couter des \u00e9missions, veuillez cliquez les liens&gt; litnews2pod58 Pour se\",\"breadcrumb\":{\"@id\":\"https:\/\/carleton.ca\/litnews\/actualites-litteraires\/prog-2podcast\/#breadcrumb\"},\"inLanguage\":\"en-US\",\"potentialAction\":[{\"@type\":\"ReadAction\",\"target\":[\"https:\/\/carleton.ca\/litnews\/actualites-litteraires\/prog-2podcast\/\"]}]},{\"@type\":\"BreadcrumbList\",\"@id\":\"https:\/\/carleton.ca\/litnews\/actualites-litteraires\/prog-2podcast\/#breadcrumb\",\"itemListElement\":[{\"@type\":\"ListItem\",\"position\":1,\"name\":\"Home\",\"item\":\"https:\/\/carleton.ca\/litnews\/\"},{\"@type\":\"ListItem\",\"position\":2,\"name\":\"Actualit\u00e9s litt\u00e9raires\",\"item\":\"https:\/\/carleton.ca\/litnews\/actualites-litteraires\/\"},{\"@type\":\"ListItem\",\"position\":3,\"name\":\"Baladodiffusion\"}]},{\"@type\":\"WebSite\",\"@id\":\"https:\/\/carleton.ca\/litnews\/#website\",\"url\":\"https:\/\/carleton.ca\/litnews\/\",\"name\":\"CKCU Literary News\",\"description\":\"Carleton University\",\"potentialAction\":[{\"@type\":\"SearchAction\",\"target\":{\"@type\":\"EntryPoint\",\"urlTemplate\":\"https:\/\/carleton.ca\/litnews\/?s={search_term_string}\"},\"query-input\":\"required name=search_term_string\"}],\"inLanguage\":\"en-US\"}]}<\/script>\n<!-- \/ Yoast SEO plugin. -->","yoast_head_json":{"title":"Radio CKCU\/Literary News_BALADODIFFUSION","description":"CKCU LitNews-2 Les Actualit\u00e9s litt\u00e9raires dans le monde francophone Pour \u00e9couter des \u00e9missions, veuillez cliquez les liens&gt; litnews2pod58 Pour se","robots":{"index":"index","follow":"follow","max-snippet":"max-snippet:-1","max-image-preview":"max-image-preview:large","max-video-preview":"max-video-preview:-1"},"canonical":"https:\/\/carleton.ca\/litnews\/actualites-litteraires\/prog-2podcast\/","twitter_misc":{"Est. reading time":"8 minutes"},"schema":{"@context":"https:\/\/schema.org","@graph":[{"@type":"WebPage","@id":"https:\/\/carleton.ca\/litnews\/actualites-litteraires\/prog-2podcast\/","url":"https:\/\/carleton.ca\/litnews\/actualites-litteraires\/prog-2podcast\/","name":"Radio CKCU\/Literary News_BALADODIFFUSION","isPartOf":{"@id":"https:\/\/carleton.ca\/litnews\/#website"},"datePublished":"2011-10-11T01:58:40+00:00","dateModified":"2014-12-19T08:03:35+00:00","description":"CKCU LitNews-2 Les Actualit\u00e9s litt\u00e9raires dans le monde francophone Pour \u00e9couter des \u00e9missions, veuillez cliquez les liens&gt; litnews2pod58 Pour se","breadcrumb":{"@id":"https:\/\/carleton.ca\/litnews\/actualites-litteraires\/prog-2podcast\/#breadcrumb"},"inLanguage":"en-US","potentialAction":[{"@type":"ReadAction","target":["https:\/\/carleton.ca\/litnews\/actualites-litteraires\/prog-2podcast\/"]}]},{"@type":"BreadcrumbList","@id":"https:\/\/carleton.ca\/litnews\/actualites-litteraires\/prog-2podcast\/#breadcrumb","itemListElement":[{"@type":"ListItem","position":1,"name":"Home","item":"https:\/\/carleton.ca\/litnews\/"},{"@type":"ListItem","position":2,"name":"Actualit\u00e9s litt\u00e9raires","item":"https:\/\/carleton.ca\/litnews\/actualites-litteraires\/"},{"@type":"ListItem","position":3,"name":"Baladodiffusion"}]},{"@type":"WebSite","@id":"https:\/\/carleton.ca\/litnews\/#website","url":"https:\/\/carleton.ca\/litnews\/","name":"CKCU Literary News","description":"Carleton University","potentialAction":[{"@type":"SearchAction","target":{"@type":"EntryPoint","urlTemplate":"https:\/\/carleton.ca\/litnews\/?s={search_term_string}"},"query-input":"required name=search_term_string"}],"inLanguage":"en-US"}]}},"acf":{"banner_image_type":null,"banner_uploaded_image":null,"banner_hosted_image":null,"banner_opacity":null,"banner_button":null,"banner_buttons":null},"_links":{"self":[{"href":"https:\/\/carleton.ca\/litnews\/wp-json\/wp\/v2\/pages\/1035"}],"collection":[{"href":"https:\/\/carleton.ca\/litnews\/wp-json\/wp\/v2\/pages"}],"about":[{"href":"https:\/\/carleton.ca\/litnews\/wp-json\/wp\/v2\/types\/page"}],"author":[{"embeddable":true,"href":"https:\/\/carleton.ca\/litnews\/wp-json\/wp\/v2\/users\/3"}],"replies":[{"embeddable":true,"href":"https:\/\/carleton.ca\/litnews\/wp-json\/wp\/v2\/comments?post=1035"}],"version-history":[{"count":3,"href":"https:\/\/carleton.ca\/litnews\/wp-json\/wp\/v2\/pages\/1035\/revisions"}],"predecessor-version":[{"id":2292,"href":"https:\/\/carleton.ca\/litnews\/wp-json\/wp\/v2\/pages\/1035\/revisions\/2292"}],"up":[{"embeddable":true,"href":"https:\/\/carleton.ca\/litnews\/wp-json\/wp\/v2\/pages\/1218"}],"wp:attachment":[{"href":"https:\/\/carleton.ca\/litnews\/wp-json\/wp\/v2\/media?parent=1035"}],"curies":[{"name":"wp","href":"https:\/\/api.w.org\/{rel}","templated":true}]}}