{"id":1038,"date":"2011-10-10T20:59:10","date_gmt":"2011-10-11T00:59:10","guid":{"rendered":"http:\/\/carleton.ca\/litnews\/"},"modified":"2015-01-24T00:53:36","modified_gmt":"2015-01-24T05:53:36","slug":"prog-3podcast","status":"publish","type":"page","link":"https:\/\/carleton.ca\/litnews\/prog-3podcast\/","title":{"rendered":"Podcast-3 (auf Deutsch)"},"content":{"rendered":"<h4 style=\"text-align: center;\"><a href=\"http:\/\/carleton.ca\/litnews\/wp-content\/uploads\/NBTQEi.jpeg\"><img decoding=\"async\" loading=\"lazy\" class=\"aligncenter size-large wp-image-1470\" title=\"CKCU LitNews-3 PODCAST\" src=\"http:\/\/carleton.ca\/litnews\/wp-content\/uploads\/NBTQEi-400x309.jpg\" alt=\"\" width=\"400\" height=\"309\" \/><\/a><\/h4>\n<p><\/p>\n<h4 style=\"text-align: center;\">CKCU LitNews-3 Das literarische Echo \/ Deutschsprachige Literatur im Gespr\u00e4ch.<\/h4>\n<p style=\"text-align: center;\">Um die Sendungen zu h\u00f6ren, bitte die Links anklicken&gt;<\/p>\n<p><a href=\"http:\/\/cod.ckcufm.com\/programs\/414\/20478.html\">litnews3pod115<\/a> Alfred ANDERSCH (1914-1980), dem bedeutenden Schriftsteller der Nachkriegszeit, zum 100. Geburtstag; ein Radioessay von Dr. Klemens KLEMMER, CKCU Literary News Deutschlandkorrespondent.<\/p>\n<p><a href=\"http:\/\/www.carleton.ca\/litnews\/wp-content\/uploads\/litnews3pod114.mp3\">litnews3pod114<\/a> Ein Gespr\u00e4ch mit dem Schriftsteller PETER REUTER \u00fcber satirische Literatur in Deutschland, heute.<\/p>\n<p><a href=\"http:\/\/www.carleton.ca\/litnews\/wp-content\/uploads\/litnews3pod113.mp3\">litnews3pod113<\/a>\u00a0 Ein Blick zur\u00fcck auf die Literatur der &#8216;Wendezeit&#8217;, anl\u00e4sslich des 25. Jahrestages des Mauerfalls.<\/p>\n<p><a href=\"http:\/\/www.carleton.ca\/litnews\/wp-content\/uploads\/litnews3pod112.mp3\">litnews3pod112<\/a>\u00a0Auf der Suche nach dem Verlorenen, das j\u00fcdisch war. Erinnerung, Wahrheit und Fiktion bei W.G. SEBALD, <em>Austerlitz<\/em> (C. Hanser, 2001) und KATJA PETROWSKAJA, <em>Vielleicht Esther<\/em> (Suhrkamp, 2013), Ingeborg-Bachmann-Preis 2013.<\/p>\n<p><a href=\"http:\/\/www.carleton.ca\/litnews\/wp-content\/uploads\/litnews3pod111.mp3\">litnews3pod111<\/a>\u00a0Schriftsteller werden im DEUTSCHEN LITERATURINSTITUT (Universit\u00e4t Leipzig): J\u00f6rn DEGE, Gesch\u00e4ftsf\u00fchrer, im Gespr\u00e4ch mit Dr. Isabelle LEHN, Wissenschaftliche Mitarbeiterin im Forschungsprojekt &#8220;Literarische Schreibprozesse im Kontext der instutionellen Hochschulausbildung \u2013 dargestellt am Beispiel des Instituts f\u00fcr Literatur &#8216;Johannes R. Becher'&#8221;.<\/p>\n<p><a href=\"http:\/\/www.carleton.ca\/litnews\/wp-content\/uploads\/litnews3pod110.mp3\">litnews3pod110<\/a>\u00a0Lyrik zur Zeit des Ersten Weltkriegs, gesprochen von R\u00fcdiger Offergeld, Regie G\u00fcnter Hess (Bayrischer Rundfunk). Dazu Kommentare und zeitgen\u00f6ssische Musik.<\/p>\n<p><a href=\"http:\/\/www.carleton.ca\/litnews\/wp-content\/uploads\/litnews3pod109.mp3\">litnews3pod109<\/a> Erinnerung, Wahrheit und Fiktion: Eine Diskussion \u00fcber Werke von Urs Widmer, Daniel Kehlmann, Katja Petrowskaja, Felicitas Hoppe, Eugen Ruge und Kathrin Schmidt (ferner \u00fcber W.G. Sebald, demn\u00e4chst im verl\u00e4ngerten Gespr\u00e4chsverlauf ausf\u00fchrlich unter <em>litnews3pod109a<\/em>).<\/p>\n<p><a href=\"http:\/\/www.carleton.ca\/litnews\/wp-content\/uploads\/litnews3pod108.mp3\">litnews3pod108<\/a> Ein Gespr\u00e4ch mit der Schriftstellerin und Verlagsleiterin AMGELIKA BRUHN, am Stand des BS Verlags Rostock auf der Leipziger Buchmesse 2014.<\/p>\n<p><a href=\"http:\/\/carleton.ca\/litnews\/wp-content\/uploads\/litnews3pod107.mp3\">litnews3pod107<\/a> Anl\u00e4sslich des 50. Gr\u00fcndungsjubil\u00e4ums des Verlags KLAUS WAGENBACH (Berlin), ein Gespr\u00e4ch mit der Verlagsleiterin Dr. Susanne Sch\u00fcssler auf der <em>Leipziger Buchmesse<\/em> 2014.<\/p>\n<p><a href=\"http:\/\/carleton.ca\/litnews\/wp-content\/uploads\/litnews3pod106.mp3\">litnews3pod106<\/a><\/p>\n<p><a href=\"http:\/\/carleton.ca\/litnews\/wp-content\/uploads\/litnews3pod105.mp3\">litnews3pod105<\/a><\/p>\n<p><a href=\"http:\/\/carleton.ca\/litnews\/wp-content\/uploads\/litnews3pod104.mp3\">litnews3pod104<\/a><\/p>\n<p><a href=\"http:\/\/carleton.ca\/litnews\/wp-content\/uploads\/litnews3pod103.mp3\">litnews3pod103<\/a><\/p>\n<p><a href=\"http:\/\/carleton.ca\/litnews\/wp-content\/uploads\/litnews3pod102.mp3\">litnews3pod102<\/a><\/p>\n<p><a href=\"http:\/\/carleton.ca\/litnews\/wp-content\/uploads\/litnews3pod101.mp3\">litnews3pod101<\/a><\/p>\n<p><a href=\"http:\/\/carleton.ca\/litnews\/wp-content\/uploads\/litnews3pod100.mp3\">litnews3pod100<\/a><\/p>\n<p><a href=\"http:\/\/carleton.ca\/litnews\/wp-content\/uploads\/litnews3pod99.mp3\">litnews3pod99<\/a><\/p>\n<p><a href=\"http:\/\/carleton.ca\/litnews\/wp-content\/uploads\/litnews3pod98.mp3\">litnews3pod98<\/a><\/p>\n<p><a href=\"http:\/\/media1.cuol.ca\/play.php?file=_Profs\/Hans_Ruprecht\/Three\/litnews3pod97.mp3\">CKCU LitNews-3 PODCAST Episode 97<\/a><\/p>\n<p><a href=\"http:\/\/media1.cuol.ca\/play.php?file=_Profs\/Hans_Ruprecht\/Three\/litnews3pod96.mp3\">CKCU LitNews-3 PODCAST Episode 96<\/a><\/p>\n<p><a href=\"http:\/\/media1.cuol.ca\/play.php?file=_Profs\/Hans_Ruprecht\/Three\/litnews3pod95.mp3\">CKCU LitNews-3 PODCAST Episode 95<\/a><\/p>\n<p><a href=\"http:\/\/media1.cuol.ca\/play.php?file=_Profs\/Hans_Ruprecht\/Three\/litnews3pod94.mp3\">CKCU LitNews-3 PODCAST Episode 94<\/a><\/p>\n<p><a href=\"http:\/\/media1.cuol.ca\/play.php?file=_Profs\/Hans_Ruprecht\/Three\/litnews3pod93.mp3\">CKCU LitNews-3 PODCAST Episode 93<\/a><\/p>\n<p><a href=\"http:\/\/media1.cuol.ca\/play.php?file=_Profs\/Hans_Ruprecht\/Three\/litnews3pod92.mp3\">CKCU LitNews-3 PODCAST Episode 92<\/a><\/p>\n<p><a href=\"http:\/\/media1.cuol.ca\/play.php?file=_Profs\/Hans_Ruprecht\/Three\/litnews3pod91.mp3\">CKCU LitNews-3 PODCAST Episode 91<\/a><\/p>\n<p><a href=\"http:\/\/www.ckcufm.com\/uploads\/pod\/litnews3pod90.mp3\">CKCU LitNews-3 PODCAST Episode 90<\/a> R\u00dcDIGER OFFERGELD (Bayrischer Rundfunk) berichtet f\u00fcr CKCU-Literary News \u00fcber die Ausstellung <em>Wollust des Untergangs \u2013 100 Jahre Thomas Manns &#8216;Der Tod in Venedig&#8217;<\/em> im Literaturhaus M\u00fcnchen.<\/p>\n<p><a href=\"http:\/\/www.ckcufm.com\/uploads\/pod\/litnews3pod89.mp3\">CKCU LitNews-3 PODCAST Episode 89<\/a> BRITTA ENDERS im Gespr\u00e4ch mit JACQUELINE ROUSSETY \u00fcber ihren Roman <em>Die Voyageurin<\/em> (Sujet Verlag, 2011) und mit MAJA ROEDENBECK \u00fcber ihr viel diskutiertes Buch <em>Wer k\u00fcsst mich? Absolute Beginners \u2013 Wenn die Liebe auf sich warten l\u00e4sst<\/em> (Chr. Links Verlag, 2012).<\/p>\n<p><a href=\"http:\/\/www.ckcufm.com\/uploads\/pod\/litnews3pod88.mp3\">CKCU LitNews-3 PODCAST Episode 88<\/a> &#8216;Fiktionen und Realit\u00e4ten: Schrifstellerinnen im deutschsprachigen Literaturbetrieb&#8217;, eine Reportage von BRITTA ENDERS, Deutschlandkorrespondentin f\u00fcr CKCU-Literary News.<\/p>\n<p><a href=\"http:\/\/www.ckcufm.com\/uploads\/pod\/litnews3pod87.mp3\">CKCU LitNews-3 PODCAST Episode 87<\/a> BRITTA ENDERS im Gespr\u00e4ch mit CAROLINE G\u00dcNTHER \u00fcber ihren Roman <em>Ein Satz<\/em> (Open House Verlag, 2012) und mit der Verlegerin SELMA WELS \u00fcber t\u00fcrkische Literatur deutscher Sprache im binooki Verlag.<\/p>\n<p><a href=\"http:\/\/www.ckcufm.com\/uploads\/pod\/litnews3pod86.mp3\">CKCU LitNews-3 PODCAST Episode 86<\/a> \u00dcber FELICITAS HOPPE, B\u00fcchnerpreistr\u00e4gerin 2012, und ihren Roman <em>Hoppe <\/em>(Fischerverlag, 2012); ein Beitrag zur CKCU Spendenaktion (Radio CKCU Annual Funding Drive).<\/p>\n<p><a href=\"http:\/\/www.ckcufm.com\/uploads\/pod\/litnews3pod85.mp3\">CKCU LitNews-3 PODCAST Episode 85<\/a> HERMANN HESSE (1877-1962) aus heutiger Sicht; mit einem Beitrag von Bettina Johl und Dieter Kaltwasser.<\/p>\n<p><a href=\"http:\/\/www.ckcufm.com\/uploads\/pod\/litnews3pod84.mp3\">CKCU LitNews-3 PODCAST Episode 84<\/a> Wir stellen vor: MATHIAS DENZLINGER, ein zeitkritischer Schriftsteller. Portr\u00e4t mit Lesung.<\/p>\n<p><a href=\"http:\/\/www.ckcufm.com\/uploads\/pod\/litnews1pod37.mp3\">CKCU LitNews-3 PODCAST Episode 83<\/a>\u00a0 HERMANN HESSE (1877-1962) zum Gedenken. Ein Radio Essay von Dr. Klemens Klemmer.<\/p>\n<p><a href=\"http:\/\/www.ckcufm.com\/uploads\/pod\/litnews2pod14.mp3\">CKCU LitNews-3 PODCAST Episode 82<\/a>\u00a0 Vorschau auf das Sommerprogramm.<\/p>\n<p><a href=\"http:\/\/www.ckcufm.com\/uploads\/pod\/litnews3pod81.mp3\">CKCU LitNews-3 PODCAST Episode 81<\/a>\u00a0 Ist &#8216;Exilliteratur&#8217; so etwas wie &#8220;Luftwurzel-Literatur&#8221;? MADJID MOHIT, Gr\u00fcnder des <em>Sujet-Verlag<\/em> in Bremen, mit Autorinnen INGE BUCK und SCHIRIN NOWROUSIAN im Gespr\u00e4ch.<\/p>\n<p><a href=\"http:\/\/www.ckcufm.com\/uploads\/pod\/litnews3pod80.mp3\"><br \/>\nCKCU LitNews-3 PODCAST Episode 80<\/a>\u00a0 Wir besprechen und empfehlen:\u00a0 CHARLOTTE ROCHE, <em>Scho\u00dfgebete, <\/em>Roman (Piper Verlag, 2011).<\/p>\n<p><a href=\"http:\/\/www.ckcufm.com\/uploads\/pod\/litnews3pod79.mp3\">CKCU LitNews-3 PODCAST Episode 79<\/a> CLAUDIA SCHMID, die mit Preisen mehrfach ausgezeichnete Autorin im Gespr\u00e4ch \u00fcber eine ihrer Kurzgeschichten und ihren historischen Roman &#8216;Die brennenden Lettern&#8217; (2011).<\/p>\n<p><a href=\"http:\/\/www.ckcufm.com\/uploads\/pod\/litnews3pod78.mp3\">CKCU LitNews-3 PODCAST Episode 78<\/a> Die Leipziger Buchmesse 2012: R\u00fcckblick und Bilanz.<\/p>\n<p><a href=\"http:\/\/www.ckcufm.com\/uploads\/pod\/litnews3pod77.mp3\">CKCU LitNews-3 PODCAST Episode 77<\/a> HILMAR LORENZ\u00a0 im Gespr\u00e4ch \u00fcber Wissen und Glaube, anl\u00e4sslich seines Buches &#8216;Kants kopernikanische Wende vom Wissen zum Glauben&#8217; (Berlin: LIT Verlag 2011, Reihe PHILOSOPHIE Bd 85.)<\/p>\n<p><a href=\"http:\/\/www.ckcufm.com\/uploads\/pod\/litnews3pod76.mp3\">CKCU LitNews-3 PODCAST Episode 76<\/a> Diese Sendung ist FRIEDRICH CHRISTIAN DELIUS (Georg-B\u00fcchner-Preis 2011) gewidmet und bringt, im Einvernehmen mit dem Autor, seine Lesung aus dem Roman\u00a0 <em>Die Frau, f\u00fcr die ich den Computer erfand<\/em> (Berlin: Rowohlt, 2009).<\/p>\n<p><a href=\"http:\/\/www.ckcufm.com\/uploads\/pod\/litnews3pod75.mp3\">CKCU LitNews-3 PODCAST Episode 75<\/a> Zweiter Teil der Sendung zum Heinrich von Kleist Gedenkjahr.<\/p>\n<p><a href=\"http:\/\/www.ckcufm.com\/uploads\/pod\/litnews3pod74.mp3\">CKCU LitNews-3 PODCAST Episode 74<\/a> Erster Teil der Sendung zum Heinrich von Kleist (1777-1811) Gedenkjahr, mit einem Beitrag von Dr. Klemens Klemmer.<\/p>\n<p><a href=\"http:\/\/www.ckcufm.com\/uploads\/pod\/litnews3pod73.mp3\">CKCU LitNews-3 PODCAST Episode 73<\/a> Literarische Neuerscheinungen.<\/p>\n<p><a href=\"http:\/\/www.ckcufm.com\/uploads\/pod\/litnews3pod72.mp3\">CKCU LitNews-3 PODCAST Episode 72b<\/a> George Kuester, im Gespr\u00e4ch (2. Teil).<\/p>\n<p><a href=\"http:\/\/www3.carleton.ca\/litecho\/LitEcho_76.mp3\">CKCU LitNews-3 PODCAST Episode 72a<\/a> George Kuester, ein deutsch-kanadischer Lyriker im Gespr\u00e4ch (1.Teil).<\/p>\n<p><a href=\"http:\/\/www.ckcufm.com\/uploads\/pod\/litnews3pod71.mp3\">CKCU LitNews-3 PODCAST Episode 71<\/a> Martin de Wolf\u00a0 stellt sich mit seinen neuesten Krimis vor.<\/p>\n<p><a href=\"http:\/\/www3.carleton.ca\/litecho\/LitEcho_70.mp3\">CKCU LitNews-3 PODCAST Episode 70<\/a> <strong><em>Neuere Literatur in \u00d6sterreich (12. Sendung) <\/em><\/strong>: Wolfgang Wallner-F, stellt sich mit zwei Texten vor.<\/p>\n<p><a href=\"http:\/\/www.ckcufm.com\/uploads\/pod\/litnews3pod69.mp3\">CKCU LitNews-3 PODCAST Episode 69<\/a> <strong><em>Neuere Literatur in \u00d6sterreich (11. Sendung) <\/em><\/strong>: Dimitr\u00e9 DINEV,\u00a0 Schriftsteller, Theater- und Drehbuchautor in Wien im Gespr\u00e4ch mit Dr. Olga Arnaudova.<\/p>\n<p><a href=\"http:\/\/www.ckcufm.com\/uploads\/pod\/litnews3pod68.mp3\">CKCU LitNews-3 PODCAST Episode 68<\/a> <strong><em>Neuere Literatur in \u00d6sterreich (10. Sendung) <\/em><\/strong>: Friederike Mayr\u00f6cker, &#8220;was brauchst du?&#8221;<\/p>\n<p><a href=\"http:\/\/www.ckcufm.com\/uploads\/pod\/litnews3pod68.mp3\">CKCU LitNews-3 PODCAST Episode 67<\/a> <strong><em>Neuere Literatur in \u00d6sterreich (9. Sendung)<\/em><\/strong> : Was leistet der Begriff &#8216;Migrantenliteratur&#8217; im Gespr\u00e4ch \u00fcber neuere Literatur in \u00d6sterreich?<\/p>\n<p><a href=\"http:\/\/www.ckcufm.com\/uploads\/pod\/litnews3pod67.mp3\">CKCU LitNews-3 PODCAST Episode 66<\/a> <em><strong>Neuere Literatur in \u00d6sterreich (8. Sendung)<\/strong><\/em> : Arno Geiger, Clemens J. Setz.<\/p>\n<p><a href=\"http:\/\/www3.carleton.ca\/litecho\/LitEcho_13.mp3\">CKCU LitNews-3 PODCAST Episode 65a<\/a><strong><em> Neuere Literatur in \u00d6sterreich (7. Sendung) <\/em><\/strong>: Walter Kappacher, Georg-B\u00fcchner-Preistr\u00e4ger 2008.<\/p>\n<p><a href=\"http:\/\/www.ckcufm.com\/uploads\/pod\/litnews3pod66.mp3\">CKCU LitNews-3 PODCAST Episode 65<\/a> <strong><em>Neuere Literatur in \u00d6sterreich (6. Sendung) <\/em><\/strong>: Walter Kappacher, Josef Winkler.<\/p>\n<p><a href=\"http:\/\/www.ckcufm.com\/uploads\/pod\/litnews3pod65.mp3\">CKCU LitNews-3 PODCAST Episode 64<\/a> <em><strong>Neuere Literatur in \u00d6sterreich (5. Sendung)<\/strong><\/em> : Peter Handke, Elfriede Jelinek und die &#8216;Antiheimat&#8217; Thematik bei anderen Autoren.<\/p>\n<p><a href=\"http:\/\/www.ckcufm.com\/uploads\/pod\/litnews3pod64.mp3\">CKCU LitNews-3 PODCAST Episode 6<\/a>3 <strong><em>Neuere Literatur in \u00d6sterreich (4. Sendung) <\/em><\/strong>:\u00a0 Der Begriff\u00a0 &#8216;Kakanien&#8217; bei Robert Musil: ein Gespr\u00e4ch mit Dr. Alice Bolterauer (U. Graz).<\/p>\n<p><a href=\"http:\/\/www3.carleton.ca\/litecho\/LitEcho_58.mp3\">CKCU LitNews-3 PODCAST Episode 62a<\/a> <strong><em>Neuere Literatur in \u00d6sterreich (3. Sendung) <\/em><\/strong>: Ingeborg Bachmann und Paul Celan.<\/p>\n<p><a href=\"http:\/\/www.ckcufm.com\/uploads\/pod\/litnews3pod62.mp3\">CKCU LitNews-3 PODCAST Episode 62<\/a><strong> <em>Neuere Literatur in \u00d6sterreich (2. Sendung)<\/em><\/strong> : Thema Sprachgebrauch \/-kritik; dazu Dr. Klemens Klemmer \u00fcber Robert Musils Sprache.<\/p>\n<p><a href=\"http:\/\/www.ckcufm.com\/uploads\/pod\/litnews3pod61.mp3\">CKCU LitNews-3 PODCAST Episode 61<\/a> <em><strong>Neuere Literatur in \u00d6sterreich (1. Sendung) <\/strong><\/em>: Ausgangspunkt: Thomas Bernhard; dann Vorschau und R\u00fcckblick auf\u00a0 &#8216;das gro\u00dfe Erbe&#8217;.<\/p>\n<p><a href=\"http:\/\/www3.carleton.ca\/litecho\/archiv_old.html\">PODCAST der Episoden 1-60 (2009-2010)<\/a><\/p>\n","protected":false},"excerpt":{"rendered":"<p>CKCU LitNews-3 Das literarische Echo \/ Deutschsprachige Literatur im Gespr\u00e4ch. Um die Sendungen zu h\u00f6ren, bitte die Links anklicken&gt; litnews3pod115 Alfred ANDERSCH (1914-1980), dem bedeutenden Schriftsteller der Nachkriegszeit, zum 100. Geburtstag; ein Radioessay von Dr. Klemens KLEMMER, CKCU Literary News Deutschlandkorrespondent. litnews3pod114 Ein Gespr\u00e4ch mit dem Schriftsteller PETER REUTER \u00fcber satirische Literatur in Deutschland, heute. [&hellip;]<\/p>\n","protected":false},"author":3,"featured_media":0,"parent":0,"menu_order":10,"comment_status":"open","ping_status":"closed","template":"pg-full.php","meta":{"_relevanssi_hide_post":"","_relevanssi_hide_content":"","_relevanssi_pin_for_all":"","_relevanssi_pin_keywords":"","_relevanssi_unpin_keywords":"","_relevanssi_related_keywords":"","_relevanssi_related_include_ids":"","_relevanssi_related_exclude_ids":"","_relevanssi_related_no_append":"","_relevanssi_related_not_related":"","_relevanssi_related_posts":"","_relevanssi_noindex_reason":"","_mi_skip_tracking":false,"_exactmetrics_sitenote_active":false,"_exactmetrics_sitenote_note":"","_exactmetrics_sitenote_category":0,"footnotes":"","_links_to":"","_links_to_target":""},"yoast_head":"<!-- This site is optimized with the Yoast SEO plugin v21.2 - https:\/\/yoast.com\/wordpress\/plugins\/seo\/ -->\n<title>Podcast-3 (auf Deutsch) - CKCU Literary News<\/title>\n<meta name=\"description\" content=\"&nbsp; CKCU LitNews-3 Das literarische Echo \/ Deutschsprachige Literatur im Gespr\u00e4ch. Um die Sendungen zu h\u00f6ren, bitte die Links anklicken&gt;\" \/>\n<meta name=\"robots\" content=\"index, follow, max-snippet:-1, max-image-preview:large, max-video-preview:-1\" \/>\n<link rel=\"canonical\" href=\"https:\/\/carleton.ca\/litnews\/prog-3podcast\/\" \/>\n<meta name=\"twitter:label1\" content=\"Est. reading time\" \/>\n\t<meta name=\"twitter:data1\" content=\"5 minutes\" \/>\n<script type=\"application\/ld+json\" class=\"yoast-schema-graph\">{\"@context\":\"https:\/\/schema.org\",\"@graph\":[{\"@type\":\"WebPage\",\"@id\":\"https:\/\/carleton.ca\/litnews\/prog-3podcast\/\",\"url\":\"https:\/\/carleton.ca\/litnews\/prog-3podcast\/\",\"name\":\"Podcast-3 (auf Deutsch) - CKCU Literary News\",\"isPartOf\":{\"@id\":\"https:\/\/carleton.ca\/litnews\/#website\"},\"datePublished\":\"2011-10-11T00:59:10+00:00\",\"dateModified\":\"2015-01-24T05:53:36+00:00\",\"description\":\"&nbsp; CKCU LitNews-3 Das literarische Echo \/ Deutschsprachige Literatur im Gespr\u00e4ch. Um die Sendungen zu h\u00f6ren, bitte die Links anklicken&gt;\",\"breadcrumb\":{\"@id\":\"https:\/\/carleton.ca\/litnews\/prog-3podcast\/#breadcrumb\"},\"inLanguage\":\"en-US\",\"potentialAction\":[{\"@type\":\"ReadAction\",\"target\":[\"https:\/\/carleton.ca\/litnews\/prog-3podcast\/\"]}]},{\"@type\":\"BreadcrumbList\",\"@id\":\"https:\/\/carleton.ca\/litnews\/prog-3podcast\/#breadcrumb\",\"itemListElement\":[{\"@type\":\"ListItem\",\"position\":1,\"name\":\"Home\",\"item\":\"https:\/\/carleton.ca\/litnews\/\"},{\"@type\":\"ListItem\",\"position\":2,\"name\":\"Podcast-3 (auf Deutsch)\"}]},{\"@type\":\"WebSite\",\"@id\":\"https:\/\/carleton.ca\/litnews\/#website\",\"url\":\"https:\/\/carleton.ca\/litnews\/\",\"name\":\"CKCU Literary News\",\"description\":\"Carleton University\",\"potentialAction\":[{\"@type\":\"SearchAction\",\"target\":{\"@type\":\"EntryPoint\",\"urlTemplate\":\"https:\/\/carleton.ca\/litnews\/?s={search_term_string}\"},\"query-input\":\"required name=search_term_string\"}],\"inLanguage\":\"en-US\"}]}<\/script>\n<!-- \/ Yoast SEO plugin. -->","yoast_head_json":{"title":"Podcast-3 (auf Deutsch) - CKCU Literary News","description":"&nbsp; CKCU LitNews-3 Das literarische Echo \/ Deutschsprachige Literatur im Gespr\u00e4ch. Um die Sendungen zu h\u00f6ren, bitte die Links anklicken&gt;","robots":{"index":"index","follow":"follow","max-snippet":"max-snippet:-1","max-image-preview":"max-image-preview:large","max-video-preview":"max-video-preview:-1"},"canonical":"https:\/\/carleton.ca\/litnews\/prog-3podcast\/","twitter_misc":{"Est. reading time":"5 minutes"},"schema":{"@context":"https:\/\/schema.org","@graph":[{"@type":"WebPage","@id":"https:\/\/carleton.ca\/litnews\/prog-3podcast\/","url":"https:\/\/carleton.ca\/litnews\/prog-3podcast\/","name":"Podcast-3 (auf Deutsch) - CKCU Literary News","isPartOf":{"@id":"https:\/\/carleton.ca\/litnews\/#website"},"datePublished":"2011-10-11T00:59:10+00:00","dateModified":"2015-01-24T05:53:36+00:00","description":"&nbsp; CKCU LitNews-3 Das literarische Echo \/ Deutschsprachige Literatur im Gespr\u00e4ch. Um die Sendungen zu h\u00f6ren, bitte die Links anklicken&gt;","breadcrumb":{"@id":"https:\/\/carleton.ca\/litnews\/prog-3podcast\/#breadcrumb"},"inLanguage":"en-US","potentialAction":[{"@type":"ReadAction","target":["https:\/\/carleton.ca\/litnews\/prog-3podcast\/"]}]},{"@type":"BreadcrumbList","@id":"https:\/\/carleton.ca\/litnews\/prog-3podcast\/#breadcrumb","itemListElement":[{"@type":"ListItem","position":1,"name":"Home","item":"https:\/\/carleton.ca\/litnews\/"},{"@type":"ListItem","position":2,"name":"Podcast-3 (auf Deutsch)"}]},{"@type":"WebSite","@id":"https:\/\/carleton.ca\/litnews\/#website","url":"https:\/\/carleton.ca\/litnews\/","name":"CKCU Literary News","description":"Carleton University","potentialAction":[{"@type":"SearchAction","target":{"@type":"EntryPoint","urlTemplate":"https:\/\/carleton.ca\/litnews\/?s={search_term_string}"},"query-input":"required name=search_term_string"}],"inLanguage":"en-US"}]}},"acf":{"banner_image_type":null,"banner_uploaded_image":null,"banner_hosted_image":null,"banner_opacity":null,"banner_button":null,"banner_buttons":null},"_links":{"self":[{"href":"https:\/\/carleton.ca\/litnews\/wp-json\/wp\/v2\/pages\/1038"}],"collection":[{"href":"https:\/\/carleton.ca\/litnews\/wp-json\/wp\/v2\/pages"}],"about":[{"href":"https:\/\/carleton.ca\/litnews\/wp-json\/wp\/v2\/types\/page"}],"author":[{"embeddable":true,"href":"https:\/\/carleton.ca\/litnews\/wp-json\/wp\/v2\/users\/3"}],"replies":[{"embeddable":true,"href":"https:\/\/carleton.ca\/litnews\/wp-json\/wp\/v2\/comments?post=1038"}],"version-history":[{"count":3,"href":"https:\/\/carleton.ca\/litnews\/wp-json\/wp\/v2\/pages\/1038\/revisions"}],"predecessor-version":[{"id":2305,"href":"https:\/\/carleton.ca\/litnews\/wp-json\/wp\/v2\/pages\/1038\/revisions\/2305"}],"wp:attachment":[{"href":"https:\/\/carleton.ca\/litnews\/wp-json\/wp\/v2\/media?parent=1038"}],"curies":[{"name":"wp","href":"https:\/\/api.w.org\/{rel}","templated":true}]}}