{"id":1218,"date":"2012-01-01T21:52:50","date_gmt":"2012-01-02T02:52:50","guid":{"rendered":"http:\/\/carleton.ca\/litnews\/"},"modified":"2016-10-02T02:37:54","modified_gmt":"2016-10-02T06:37:54","slug":"actualites-litteraires","status":"publish","type":"page","link":"https:\/\/carleton.ca\/litnews\/actualites-litteraires\/","title":{"rendered":"Actualit\u00e9s litt\u00e9raires"},"content":{"rendered":"<h2><a href=\"http:\/\/carleton.ca\/litnews\/actualites-litteraires\/\"><strong><img decoding=\"async\" loading=\"lazy\" class=\"aligncenter wp-image-2402 size-large\" src=\"http:\/\/carleton.ca\/litnews\/wp-content\/uploads\/url-6-400x400.jpg\" alt=\"Nouvelles litt\u00e9rairews\" width=\"400\" height=\"400\" srcset=\"https:\/\/carleton.ca\/litnews\/wp-content\/uploads\/url-6-400x400.jpg 400w, https:\/\/carleton.ca\/litnews\/wp-content\/uploads\/url-6-160x160.jpg 160w, https:\/\/carleton.ca\/litnews\/wp-content\/uploads\/url-6-240x240.jpg 240w, https:\/\/carleton.ca\/litnews\/wp-content\/uploads\/url-6-768x768.jpg 768w, https:\/\/carleton.ca\/litnews\/wp-content\/uploads\/url-6-200x200.jpg 200w, https:\/\/carleton.ca\/litnews\/wp-content\/uploads\/url-6-360x360.jpg 360w, https:\/\/carleton.ca\/litnews\/wp-content\/uploads\/url-6.jpg 1024w\" sizes=\"(max-width: 400px) 100vw, 400px\" \/><\/strong><\/a><\/h2>\n<h2><strong>CKCU LitNews-2<\/strong><\/h2>\n<p><strong>CKCU LitNews-2 en ondes:<\/strong><\/p>\n<h2 style=\"text-align: center;\"><strong><em>&#8216;Les actualit\u00e9s litt\u00e9raires dans le monde francophone&#8217;<\/em><\/strong><\/h2>\n<h5 style=\"text-align: center;\"><strong><em><a href=\"http:\/\/carleton.ca\/litnews\/actualites-litteraires\/nwcnl4-2\" rel=\"attachment wp-att-1285\"><img decoding=\"async\" loading=\"lazy\" class=\"size-large wp-image-1285 \" title=\"Le monde de la francophonie\" src=\"http:\/\/carleton.ca\/litnews\/wp-content\/uploads\/nWCNL41-400x285.jpg\" alt=\"\" width=\"400\" height=\"285\" \/><\/a><br \/>\n<\/em><\/strong><\/h5>\n<p><em>Description du programme<\/em><\/p>\n<p>La station de radio <a href=\"http:\/\/en.wikipedia.org\/wiki\/CKCU-FM\">CKCU-FM<\/a> est situ\u00e9e au campus de l&#8217;Universit\u00e9 Carleton \u2013 &#8216;<em>Canada&#8217;s Capital University&#8217;<\/em> \u2013 \u00e0 Ottawa. Station universitaire et communautaire, elle \u00e9met vingt-quatre heures sur vingt-quatre. Ses \u00e9missions peuvent \u00eatre \u00e9cout\u00e9es, localement <em><strong>en direct<\/strong><\/em> dans un rayon de 100 km sur <strong>93,1 MHz (FM)<\/strong>, et <strong>en continu<\/strong> (sur Internet par <em>streaming<\/em>) &gt; <a href=\"http:\/\/ckcufm.com\/sites\/default\/themes\/ckcu\/ckcuradio.php\">LISTEN LIVE.<\/a><\/p>\n<p>La radiodiffusion en modulation de fr\u00e9quence de <strong>CKCU LITERARY NEWS<\/strong>, accueil<strong> &gt; <\/strong><a href=\"http:\/\/carleton.ca\/litnews\">http:\/\/carleton.ca\/litnews<\/a>\/ comprend des \u00e9missions en anglais, fran\u00e7ais et en allemand, voir CKCU LitNews [cliquez] &gt; <a href=\"http:\/\/carleton.ca\/litnews\/programs\/\">PROGRAMS<\/a> . Elles sont partie int\u00e9grante de la grilles de programmes d&#8217;int\u00e9r\u00eat culturel en treize langues aussi diffus\u00e9s par CKCU-FM.<\/p>\n<p style=\"text-align: center;\">Lanc\u00e9 en 2010, \u00e0 l&#8217;occasion du trente-cinqui\u00e8me anniversaire de la station,<\/p>\n<p style=\"text-align: left;\"><strong><em>CKCU LITERARY NEWS<\/em><\/strong>, nouveau m\u00e9dia d&#8217;information litt\u00e9raire, diffuse ses \u00e9missions, alternativement en anglais, fran\u00e7ais, allemand et en espagnol et anglais (blilingue) de quatre mani\u00e8res:<\/p>\n<ol>\n<li><em><strong>en direct<\/strong><\/em>, localement dans un rayon de 100 km autour de la capitale nationale du Canada, <strong>MER de 9H30 \u00e0 10H00 <\/strong>HNE \/ HAE sur <strong>FM 93,1<\/strong>;<\/li>\n<li><em><strong>en continu<\/strong><\/em>&gt;<a href=\"http:\/\/carleton.ca\/litnews\/stream\/\"> CKCU LitNewsSTREAM<\/a> <strong>MER<\/strong> <strong>9H30 &#8211; 10H00 <\/strong>HNE \/ HAE au Canada \/<strong>15H30 &#8211; 16H00 <\/strong>HEC en Europe;<\/li>\n<li><strong>sur l&#8217;<em>audio fil<\/em>\u00a0 <\/strong>(<span style=\"text-decoration: underline;\"><a href=\"http:\/\/Http:\/\/cod.ckcufm.com\/programs\/414\/index.html?=all\"><strong>liste d&#8217;\u00e9coute<\/strong><\/a><\/span> automatique des fichiers mis en ondes) &gt;<\/li>\n<\/ol>\n<p style=\"padding-left: 30px;\"><a href=\"http:\/\/cod.ckcufm.com\/programs\/414\/index.html?filter=all\"><img decoding=\"async\" loading=\"lazy\" class=\"aligncenter wp-image-2455 size-medium\" src=\"http:\/\/carleton.ca\/litnews\/wp-content\/uploads\/url-7-240x252.jpg\" alt=\"url-7\" width=\"240\" height=\"252\" srcset=\"https:\/\/carleton.ca\/litnews\/wp-content\/uploads\/url-7-240x252.jpg 240w, https:\/\/carleton.ca\/litnews\/wp-content\/uploads\/url-7-160x168.jpg 160w, https:\/\/carleton.ca\/litnews\/wp-content\/uploads\/url-7-768x807.jpg 768w, https:\/\/carleton.ca\/litnews\/wp-content\/uploads\/url-7-400x420.jpg 400w, https:\/\/carleton.ca\/litnews\/wp-content\/uploads\/url-7-360x378.jpg 360w, https:\/\/carleton.ca\/litnews\/wp-content\/uploads\/url-7.jpg 975w\" sizes=\"(max-width: 240px) 100vw, 240px\" \/><\/a><\/p>\n<p style=\"padding-left: 30px; text-align: center;\">veuillez cliquer&gt; <a href=\"http:\/\/Http:\/\/cod.ckcufm.com\/programs\/414\/index.html?=all\"><span style=\"text-decoration: underline;\"><strong>ALL PLAYLIST<\/strong><\/span><\/a><\/p>\n<p style=\"padding-left: 30px;\">\n<p style=\"padding-left: 30px;\">4.<em><strong>en diff\u00e9r\u00e9<\/strong><\/em> (baladodiffusion) &gt; <a href=\"http:\/\/carleton.ca\/litnews\/podcast\/\">PODCAST<\/a><\/p>\n<p><strong>CKCU LitNews-1<\/strong> <strong><em>Literatures in Europe Today<\/em><\/strong>, au microphone Hans G. Ruprecht et ses invit\u00e9s &gt; <a href=\"http:\/\/www2.carleton.ca\/litnews\/prog-1podcast\/\">Podcast-1 (in English)<\/a><\/p>\n<p><strong>CKCU LitNews-2<\/strong> <strong><em>Les Actualit\u00e9s litt\u00e9raires dans le monde francophone<\/em><\/strong>, au microphone Hans G. Ruprecht et ses invit\u00e9s &gt; <a href=\"http:\/\/www2.carleton.ca\/litnews\/prog-2podcast\/\">Podcast-2 (en fran\u00e7ais)<\/a><\/p>\n<p>La programmation des \u00e9missions de CKCU LitNews-2 s&#8217;enrichit consid\u00e9rablement gr\u00e2ce \u00e0 deux partenariats m\u00e9diatiques:\u00a0 avec <a href=\"http:\/\/larecrue.net\"><strong>La Recrue du mois<\/strong>,<\/a> qui est la <strong>vitrine des premi\u00e8res \u0153uvres litt\u00e9raires qu\u00e9b\u00e9coises <\/strong>dirig\u00e9e par LUCIE RENAUD, r\u00e9dactrice en chef \u00e9tablie \u00e0 Montr\u00e9al,et avec <a href=\"http:\/\/carleton.ca\/litnews\/afrique\/\"><strong>Paroles d&#8217;Afrique<\/strong><\/a>, <strong>entretiens, reportages et po\u00e9sie<\/strong>, anim\u00e9e par ANTOINE HOULOU-GARCIA \u00e0 Paris.<\/p>\n<p style=\"padding-left: 30px;\"><img decoding=\"async\" loading=\"lazy\" class=\"size-medium wp-image-1960 aligncenter\" src=\"http:\/\/www.carleton.ca\/litnews\/wp-content\/uploads\/s6KUn3-240x227.jpeg\" alt=\"Paroles d'Afrique, entretiens, reportages et po\u00e9sie.\" width=\"240\" height=\"227\" \/><\/p>\n<p>\u00a0\u00a0\u00a0\u00a0\u00a0 La programmation de ces \u00e9missions s&#8217;inspire de principes directeurs et des valeurs auxquels adh\u00e8rent les pays signataires de la <strong>Convention sur la protection et la promotion de la diversit\u00e9 des expressions culturelles <\/strong>(UNESCO 2005). Elle d\u00e9clare notamment \u00abquela culture prend diverses formes dans le temps et dans l&#8217;espace et que cette diversit\u00e9 s&#8217;incarne dans l&#8217;originalit\u00e9 et la pluralit\u00e9 des identit\u00e9s ainsi que dans les expressions culturelles des peuples et des soci\u00e9t\u00e9s qui constituent l&#8217;humanit\u00e9\u00bb.<sup>1<\/sup><\/p>\n<p>Dans la mesure que <strong>la diversit\u00e9<\/strong> <span style=\"text-decoration: underline;\">et<\/span> <strong>des traditions litt\u00e9raires d&#8217;expression fran\u00e7aise<\/strong> <span style=\"text-decoration: underline;\">et<\/span> <strong>des pratiques textuelles contemporaines<\/strong>, qui l&#8217;augmentent la rendant encore plus impressionnante, cette diversit\u00e9 rel\u00e8ve aussi de ce qui est dans &#8216;la vie litt\u00e9raire&#8217; des pays francophones d&#8217;ordre g\u00e9ographique, historique et socioculturel. C&#8217;est pour cette raison que <span style=\"text-decoration: underline;\">l&#8217;\u00e9mission<\/span> <strong>CKCU LitNews-2<\/strong> <strong><em>&#8216;Les Actualit\u00e9s litt\u00e9raires dans le monde francophone&#8217;<\/em><\/strong> <span style=\"text-decoration: underline;\">poursuit un triple objectif<\/span>:<\/p>\n<ol>\n<li>Appr\u00e9cier &#8220;l&#8217;originalit\u00e9 et la pluralit\u00e9 des identit\u00e9s&#8221; telles qu&#8217;elles se manifestent dans les pays de la <strong>Francophonie<\/strong> par la cr\u00e9ativit\u00e9 litt\u00e9raire sous toutes ses formes.<\/li>\n<li>Apporter <span style=\"text-decoration: underline;\">des nouvelles litt\u00e9raires francophones<\/span> d&#8217;actualit\u00e9 locale, r\u00e9gionale et nationale autant que transnationale (nouveaut\u00e9s, grands prix litt\u00e9raires, foires \/ salons du livre, festivals litt\u00e9raires, saisons th\u00e9\u00e2trales, anniversaires, etc.).<\/li>\n<li>Pr\u00e9senter aux auditeurs des \u00e9crivaines et auteurs dont les livres jouissent, dans leurs pays d&#8217;origine, et de la faveur des lecteurs et de l&#8217;attention suivie de la part des critiques litt\u00e9raires.<\/li>\n<\/ol>\n<p>Pour pouvoir pr\u00e9senter une vision \u00e9largie de la culture litt\u00e9raire plurielle dans les pays de la <strong>Francophonie<\/strong> nos <span style=\"text-decoration: underline;\">auditeurs<\/span> et <span style=\"text-decoration: underline;\">auditrices<\/span>, et notamment nos <span style=\"text-decoration: underline;\">correspondant(e)s<\/span> (lecteurs, gens de lettres; auteurs, \u00e9diteurs, critiques; professeurs, enseignants, \u00e9tudiants ; parmi d&#8217;autres) ainsi que <span style=\"text-decoration: underline;\">nos amis des r\u00e9seaux sociaux<\/span> sur <em>Facebook, Twitter <\/em>et <em>LinkedIn<\/em> peuvent contribuer au succ\u00e8s du programme, par ex., en nous envoyant des petits <span style=\"text-decoration: underline;\">dossiers \u00e0 th\u00e8me sur <strong>fichiers MP3<\/strong><\/span> (dur\u00e9e: 15-20 min. \u2264 20 MB).<\/p>\n<p>Voici un choix de th\u00e8mes qui int\u00e9ressent nos auditeurs en milieu universitaire:<\/p>\n<ul>\n<li>La situation actuelle <em>du litt\u00e9raire <\/em>dans un pays donn\u00e9:\n<ul>\n<li>\u00c9crire, publier et lire en fran\u00e7ais dans un \u00e9tat officiellement unilingue \/ bilingue \/ trilingue \/ plurilingue.<\/li>\n<li>Les concours et prix litt\u00e9raires du pays.<\/li>\n<li>Statut (place publique, m\u00e9dia, institutions, r\u00f4le, prestige, influence) du litt\u00e9raire.<\/li>\n<li>\u00c9dition, traduction et diffusion des ouvrages \u00e0 l&#8217;int\u00e9rieur \/ ext\u00e9rieur du pays.<\/li>\n<li>La litt\u00e9rature francophone du pays sur Internet (blogs, magazines en ligne, forums; biblioth\u00e8ques, librairies, achats en ligne; les fichiers MP3 et MP4 \u00e0 contenu litt\u00e9raire disponibles sur Internet).<\/li>\n<li>Le march\u00e9 du livre: La r\u00e9ception de la litt\u00e9rature d&#8217;autres pays.<\/li>\n<li>L&#8217;enseignement scolaire du canon litt\u00e9raire national.<\/li>\n<\/ul>\n<\/li>\n<li>Comment faut-il aborder, imaginer, penser la franco<em>poly<\/em>phonie<sup>2<\/sup> litt\u00e9raire au XXI<sup>e <\/sup>si\u00e8cle? Interd\u00e9pendance, m\u00e9tissage, migrations et r\u00e9seautage virtuel, etc. autant de sujets qui m\u00e9ritent une attention suivie.<\/li>\n<\/ul>\n<ul>\n<li>Quelles sont les &#8216;pratiques litt\u00e9raires&#8217; propres \u00e0 un quartier (&#8216;cit\u00e9 ghetto&#8217;), un district, un territoire, une r\u00e9gion, une aire linguistique, et ce par opposition \u00e0 l&#8217;identification de la Litt\u00e9rature aux principes normatifs de &#8216;litt\u00e9rarit\u00e9&#8217; \u00e9tablis, qui d\u00e9terminent certains aspects de &#8220;la vie litt\u00e9raire&#8221;, tels que le succ\u00e8s en librairie, la reconnaissance, l&#8217;attribution des prix litt\u00e9raires et la cons\u00e9cration officielle.<\/li>\n<\/ul>\n<ul>\n<li>Regards sur <em>La po\u00e9tique de la relation <\/em>(E. Glissant)<sup>3<\/sup> et les champs du litt\u00e9raire francophone \u00e0 l&#8217;air du num\u00e9rique.<\/li>\n<\/ul>\n<ul>\n<li>Continuit\u00e9 \/ discontinuit\u00e9 des formes et genres de la cr\u00e9ation po\u00e9tique, romanesque et dramatique, etc. par rapport \u00e0 l&#8217;histoire r\u00e9cente des pays appartenant \u00e0 la Francophonie (en Europe, au Maghreb, en Afrique, dans les Am\u00e9riques, dans la Cara\u00efbe, en Asie, en Oc\u00e9anie).<\/li>\n<\/ul>\n<ul>\n<li>\u00c9crivains francophones face aux grands d\u00e9fis de notre temps.<\/li>\n<\/ul>\n<p>Il est \u00e9galement pr\u00e9vu que nous diffusons des entrevues t\u00e9l\u00e9phoniques, pour des raisons \u00e9videntes en nombre limit\u00e9, avec des auteur(e)s o\u00f9 qu&#8217;ils\/elles soient. Nous diffusons aussi des <strong>fichiers mp3<\/strong> pr\u00e9par\u00e9s sp\u00e9cialement pour nos \u00e9missions, et ce en collaboration avec des auteur(e)s qui ont bien voulu accepter notre invitation.<\/p>\n<p>Sont \u00e9galement invit\u00e9s les organisateurs et promoteurs d&#8217;\u00e9v\u00e9nements \u00e0 caract\u00e8re litt\u00e9raire (colloque, festival, comm\u00e9moration, exposition, etc.) \u00e0 nous contacter afin de pouvoir contribuer, de notre c\u00f4t\u00e9, aux rayonnement d&#8217;un tel \u00e9v\u00e9nement.<\/p>\n<p>\u2013\u2013\u2013\u2013\u2013\u2013\u2013\u2013\u2013\u2013\u2013\u2013\u2013&#8211;<\/p>\n<p>1\/ Pr\u00e9ambule<em>, Convention sur la protection et la promotion de la diversit\u00e9 des expressions culturelles<\/em>, <a href=\"http:\/\/agora.qc.ca\/francophonie.nsf\/Dossiers\/Diversit\u00e9_culturelle\">http:\/\/agora.qc.ca\/francophonie.nsf\/Dossiers\/Diversit\u00e9_culturelle<\/a><\/p>\n<p>2\/ <em>Po\u00e9tiques et imaginaires \/ Franco<\/em>poly<em>phonie litt\u00e9raire des Am\u00e9riques<\/em>, sous la direction de Pierre LAURETTE et Hans-George RUPRECHT (Paris : Edtions L&#8217;Harmattan, 1995).<\/p>\n<p>3\/ \u00c9douard Glissant, <em>La po\u00e9tique de la relation<\/em> (Paris : Gallimard, 1990).<\/p>\n<p>_________________________________________<\/p>\n<p>Hans G. Ruprecht, producteur, animateur et r\u00e9alisateur<\/p>\n<p><strong> CKCU<\/strong> <strong>Literary News<em><br \/>\n<\/em><\/strong><a href=\"http:\/\/carleton.ca\/litnews\/home\/\">http:\/\/carleton.ca\/litnews\/home\/<\/a><\/p>\n<p><span style=\"text-decoration: underline;\">Contact<\/span>:<br \/>\n<a href=\"http:\/\/www.linkedin.com\/in\/hostckculitnews\">www.linkedin.com\/in\/hostckculitnews<\/a><a href=\"https:\/\/twitter.com\/ckculitnews\"><br \/>\nwww.twitter.com\/#!\/ckculitnews<\/a><a href=\"http:\/\/www.facebook.com\/ckculitnews\"><br \/>\nwww.facebook.com\/ckculitnews<\/a><\/p>\n<p><span style=\"text-decoration: underline;\">Courriel<\/span>:<br \/>\n<a href=\"&#x2e;&#46;&#x2f;&#46;&#x2e;&#47;A&#x70;p&#x6c;&#105;&#x63;&#97;t&#x69;&#111;&#x6e;&#115;\/&#x4d;i&#x63;&#114;&#x6f;&#115;o&#x66;t&#x25;&#50;&#x30;&#x4f;f&#x66;&#105;&#x63;&#101;%&#x32;0&#x32;&#48;&#x31;&#49;\/&#x4d;&#105;&#x63;&#114;&#x6f;&#x73;o&#x66;&#116;&#x25;&#50;0&#x57;o&#x72;&#100;&#x2e;&#97;p&#x70;&#47;&#x43;&#111;n&#x74;e&#x6e;&#116;&#x73;&#47;r&#x61;d&#x69;&#111;&#x2e;&#x63;k&#x63;&#117;&#x2e;&#108;i&#x74;n&#x65;&#119;&#x73;&#64;g&#x6d;&#97;&#x69;&#108;&#x2e;&#x63;o&#x6d;\">&#x72;&#97;&#x64;&#x69;&#111;&#x2e;&#99;k&#x63;&#117;&#46;&#x6c;&#105;t&#x6e;&#101;w&#x73;&#64;&#x67;&#x6d;&#97;&#x69;&#x6c;&#46;&#x63;&#111;m<\/a><\/p>\n<p><span style=\"text-decoration: underline;\">Skype:<\/span> &#8216;radiockcu-litnews&#8217;<\/p>\n<p>mb +1 (613) 883-2120<br \/>\ntf +1 (613) 730-2220<\/p>\n<p><span style=\"text-decoration: underline;\">Adresse postale<\/span>:<br \/>\n<strong>Radio Carleton CKCU-FM 93.1.<br \/>\n<\/strong>Unicentre, Room 517<br \/>\nCarleton University<br \/>\n1125 Colonel By Drive<br \/>\nOttawa, ON K1S 5B6<br \/>\nCANADA<\/p>\n<p><strong>CKCU LitNews-3<\/strong> <strong><em>Das literarische Echo. Deutschsprachige Literatur im<\/em><\/strong><em> <strong>Gespr\u00e4ch<\/strong><\/em>, au microphone Hans G. Ruprecht et Helmut Zobl&gt; <a href=\"http:\/\/www.carleton.ca\/litecho\/\">http:\/\/www.carleton.ca\/litecho\/<\/a> et en diff\u00e9r\u00e9 &gt; <a href=\"http:\/\/www2.carleton.ca\/litnews\/prog-3podcast\/\">Podcast-3 (auf Deutsch)<\/a><\/p>\n","protected":false},"excerpt":{"rendered":"<p>CKCU LitNews-2 CKCU LitNews-2 en ondes: &#8216;Les actualit\u00e9s litt\u00e9raires dans le monde francophone&#8217; Description du programme La station de radio CKCU-FM est situ\u00e9e au campus de l&#8217;Universit\u00e9 Carleton \u2013 &#8216;Canada&#8217;s Capital University&#8217; \u2013 \u00e0 Ottawa. Station universitaire et communautaire, elle \u00e9met vingt-quatre heures sur vingt-quatre. Ses \u00e9missions peuvent \u00eatre \u00e9cout\u00e9es, localement en direct dans un [&hellip;]<\/p>\n","protected":false},"author":3,"featured_media":0,"parent":0,"menu_order":6,"comment_status":"open","ping_status":"open","template":"","meta":{"_relevanssi_hide_post":"","_relevanssi_hide_content":"","_relevanssi_pin_for_all":"","_relevanssi_pin_keywords":"","_relevanssi_unpin_keywords":"","_relevanssi_related_keywords":"","_relevanssi_related_include_ids":"","_relevanssi_related_exclude_ids":"","_relevanssi_related_no_append":"","_relevanssi_related_not_related":"","_relevanssi_related_posts":"","_relevanssi_noindex_reason":"","_mi_skip_tracking":false,"_exactmetrics_sitenote_active":false,"_exactmetrics_sitenote_note":"","_exactmetrics_sitenote_category":0,"footnotes":"","_links_to":"","_links_to_target":""},"yoast_head":"<!-- This site is optimized with the Yoast SEO plugin v21.2 - https:\/\/yoast.com\/wordpress\/plugins\/seo\/ -->\n<title>Radio CKCU\/Literary News_Actualit\u00e9s litt\u00e9raires<\/title>\n<meta name=\"description\" content=\"CKCU LitNews-2 CKCU LitNews-2 en ondes: &#039;Les actualit\u00e9s litt\u00e9raires dans le monde francophone&#039; Description du programme La station de radio CKCU-FM est\" \/>\n<meta name=\"robots\" content=\"index, follow, max-snippet:-1, max-image-preview:large, max-video-preview:-1\" \/>\n<link rel=\"canonical\" href=\"https:\/\/carleton.ca\/litnews\/actualites-litteraires\/\" \/>\n<meta name=\"twitter:label1\" content=\"Est. reading time\" \/>\n\t<meta name=\"twitter:data1\" content=\"6 minutes\" \/>\n<script type=\"application\/ld+json\" class=\"yoast-schema-graph\">{\"@context\":\"https:\/\/schema.org\",\"@graph\":[{\"@type\":\"WebPage\",\"@id\":\"https:\/\/carleton.ca\/litnews\/actualites-litteraires\/\",\"url\":\"https:\/\/carleton.ca\/litnews\/actualites-litteraires\/\",\"name\":\"Radio CKCU\/Literary News_Actualit\u00e9s litt\u00e9raires\",\"isPartOf\":{\"@id\":\"https:\/\/carleton.ca\/litnews\/#website\"},\"datePublished\":\"2012-01-02T02:52:50+00:00\",\"dateModified\":\"2016-10-02T06:37:54+00:00\",\"description\":\"CKCU LitNews-2 CKCU LitNews-2 en ondes: 'Les actualit\u00e9s litt\u00e9raires dans le monde francophone' Description du programme La station de radio CKCU-FM est\",\"breadcrumb\":{\"@id\":\"https:\/\/carleton.ca\/litnews\/actualites-litteraires\/#breadcrumb\"},\"inLanguage\":\"en-US\",\"potentialAction\":[{\"@type\":\"ReadAction\",\"target\":[\"https:\/\/carleton.ca\/litnews\/actualites-litteraires\/\"]}]},{\"@type\":\"BreadcrumbList\",\"@id\":\"https:\/\/carleton.ca\/litnews\/actualites-litteraires\/#breadcrumb\",\"itemListElement\":[{\"@type\":\"ListItem\",\"position\":1,\"name\":\"Home\",\"item\":\"https:\/\/carleton.ca\/litnews\/\"},{\"@type\":\"ListItem\",\"position\":2,\"name\":\"Actualit\u00e9s litt\u00e9raires\"}]},{\"@type\":\"WebSite\",\"@id\":\"https:\/\/carleton.ca\/litnews\/#website\",\"url\":\"https:\/\/carleton.ca\/litnews\/\",\"name\":\"CKCU Literary News\",\"description\":\"Carleton University\",\"potentialAction\":[{\"@type\":\"SearchAction\",\"target\":{\"@type\":\"EntryPoint\",\"urlTemplate\":\"https:\/\/carleton.ca\/litnews\/?s={search_term_string}\"},\"query-input\":\"required name=search_term_string\"}],\"inLanguage\":\"en-US\"}]}<\/script>\n<!-- \/ Yoast SEO plugin. -->","yoast_head_json":{"title":"Radio CKCU\/Literary News_Actualit\u00e9s litt\u00e9raires","description":"CKCU LitNews-2 CKCU LitNews-2 en ondes: 'Les actualit\u00e9s litt\u00e9raires dans le monde francophone' Description du programme La station de radio CKCU-FM est","robots":{"index":"index","follow":"follow","max-snippet":"max-snippet:-1","max-image-preview":"max-image-preview:large","max-video-preview":"max-video-preview:-1"},"canonical":"https:\/\/carleton.ca\/litnews\/actualites-litteraires\/","twitter_misc":{"Est. reading time":"6 minutes"},"schema":{"@context":"https:\/\/schema.org","@graph":[{"@type":"WebPage","@id":"https:\/\/carleton.ca\/litnews\/actualites-litteraires\/","url":"https:\/\/carleton.ca\/litnews\/actualites-litteraires\/","name":"Radio CKCU\/Literary News_Actualit\u00e9s litt\u00e9raires","isPartOf":{"@id":"https:\/\/carleton.ca\/litnews\/#website"},"datePublished":"2012-01-02T02:52:50+00:00","dateModified":"2016-10-02T06:37:54+00:00","description":"CKCU LitNews-2 CKCU LitNews-2 en ondes: 'Les actualit\u00e9s litt\u00e9raires dans le monde francophone' Description du programme La station de radio CKCU-FM est","breadcrumb":{"@id":"https:\/\/carleton.ca\/litnews\/actualites-litteraires\/#breadcrumb"},"inLanguage":"en-US","potentialAction":[{"@type":"ReadAction","target":["https:\/\/carleton.ca\/litnews\/actualites-litteraires\/"]}]},{"@type":"BreadcrumbList","@id":"https:\/\/carleton.ca\/litnews\/actualites-litteraires\/#breadcrumb","itemListElement":[{"@type":"ListItem","position":1,"name":"Home","item":"https:\/\/carleton.ca\/litnews\/"},{"@type":"ListItem","position":2,"name":"Actualit\u00e9s litt\u00e9raires"}]},{"@type":"WebSite","@id":"https:\/\/carleton.ca\/litnews\/#website","url":"https:\/\/carleton.ca\/litnews\/","name":"CKCU Literary News","description":"Carleton University","potentialAction":[{"@type":"SearchAction","target":{"@type":"EntryPoint","urlTemplate":"https:\/\/carleton.ca\/litnews\/?s={search_term_string}"},"query-input":"required name=search_term_string"}],"inLanguage":"en-US"}]}},"acf":{"banner_image_type":"none"},"_links":{"self":[{"href":"https:\/\/carleton.ca\/litnews\/wp-json\/wp\/v2\/pages\/1218"}],"collection":[{"href":"https:\/\/carleton.ca\/litnews\/wp-json\/wp\/v2\/pages"}],"about":[{"href":"https:\/\/carleton.ca\/litnews\/wp-json\/wp\/v2\/types\/page"}],"author":[{"embeddable":true,"href":"https:\/\/carleton.ca\/litnews\/wp-json\/wp\/v2\/users\/3"}],"replies":[{"embeddable":true,"href":"https:\/\/carleton.ca\/litnews\/wp-json\/wp\/v2\/comments?post=1218"}],"version-history":[{"count":3,"href":"https:\/\/carleton.ca\/litnews\/wp-json\/wp\/v2\/pages\/1218\/revisions"}],"predecessor-version":[{"id":2510,"href":"https:\/\/carleton.ca\/litnews\/wp-json\/wp\/v2\/pages\/1218\/revisions\/2510"}],"wp:attachment":[{"href":"https:\/\/carleton.ca\/litnews\/wp-json\/wp\/v2\/media?parent=1218"}],"curies":[{"name":"wp","href":"https:\/\/api.w.org\/{rel}","templated":true}]}}