{"id":1291,"date":"2012-01-07T00:47:38","date_gmt":"2012-01-07T05:47:38","guid":{"rendered":"http:\/\/carleton.ca\/litnews\/"},"modified":"2012-05-09T14:46:24","modified_gmt":"2012-05-09T18:46:24","slug":"liens-francophones","status":"publish","type":"page","link":"https:\/\/carleton.ca\/litnews\/liens-francophones\/","title":{"rendered":"Liens francophones"},"content":{"rendered":"<p>\u00c9crivains maghr\u00e9bins<\/p>\n<p><a href=\"http:\/\/ecrivainsmaghrebins.blogspot.com\/\">http:\/\/ecrivainsmaghrebins.blogspot.com\/<\/a><\/p>\n<p>\u00c9tudes francophones<\/p>\n<p><a href=\"http:\/\/languages.louisiana.edu\/ef\/pres_revue.html\">http:\/\/languages.louisiana.edu\/ef\/pres_revue.html<\/a><\/p>\n<p><em>Le Monde<\/em> interactif &#8211;<em> livres<\/em><\/p>\n<p><a href=\"http:\/\/www.lelitteraire.com\/redaction.php3\">http:\/\/www.lelitteraire.com<\/a><\/p>\n<p><a href=\"http:\/\/www.lemonde.fr\/livres\/\">http:\/\/www.lemonde.fr\/livres\/<\/a><\/p>\n<p>Litt\u00e9ratures de l&#8217;Oc\u00e9an Indien &#8211; \u00eele en \u00eele<\/p>\n<p><a href=\"http:\/\/www.lehman.cuny.edu\/ile.en.ile\/indien\/paroles.html\">http:\/\/www.lehman.cuny.edu\/ile.en.ile\/indien\/paroles.html<\/a><\/p>\n<p>Po\u00e9sie mauricienne \/ Litt\u00e9rature mauricienne : REVUE DE POESIE<\/p>\n<p><a href=\"http:\/\/pages.intnet.mu\/ykadel\/\">http:\/\/pages.intnet.mu\/ykadel\/<\/a><\/p>\n<p>Zone d&#8217;\u00e9criture<\/p>\n<p><a href=\"http:\/\/zonedecriture.radio-canada.ca\">http:\/\/zonedecriture.radio-canada.ca<\/a><\/p>\n","protected":false},"excerpt":{"rendered":"<p>\u00c9crivains maghr\u00e9bins http:\/\/ecrivainsmaghrebins.blogspot.com\/ \u00c9tudes francophones http:\/\/languages.louisiana.edu\/ef\/pres_revue.html Le Monde interactif &#8211; livres http:\/\/www.lelitteraire.com http:\/\/www.lemonde.fr\/livres\/ Litt\u00e9ratures de l&#8217;Oc\u00e9an Indien &#8211; \u00eele en \u00eele http:\/\/www.lehman.cuny.edu\/ile.en.ile\/indien\/paroles.html Po\u00e9sie mauricienne \/ Litt\u00e9rature mauricienne : REVUE DE POESIE http:\/\/pages.intnet.mu\/ykadel\/ Zone d&#8217;\u00e9criture http:\/\/zonedecriture.radio-canada.ca<\/p>\n","protected":false},"author":3,"featured_media":0,"parent":0,"menu_order":12,"comment_status":"open","ping_status":"open","template":"","meta":{"_relevanssi_hide_post":"","_relevanssi_hide_content":"","_relevanssi_pin_for_all":"","_relevanssi_pin_keywords":"","_relevanssi_unpin_keywords":"","_relevanssi_related_keywords":"","_relevanssi_related_include_ids":"","_relevanssi_related_exclude_ids":"","_relevanssi_related_no_append":"","_relevanssi_related_not_related":"","_relevanssi_related_posts":"","_relevanssi_noindex_reason":"","_mi_skip_tracking":false,"_exactmetrics_sitenote_active":false,"_exactmetrics_sitenote_note":"","_exactmetrics_sitenote_category":0,"footnotes":"","_links_to":"","_links_to_target":""},"yoast_head":"<!-- This site is optimized with the Yoast SEO plugin v21.2 - https:\/\/yoast.com\/wordpress\/plugins\/seo\/ -->\n<title>Liens francophones - CKCU Literary News<\/title>\n<meta name=\"description\" content=\"\u00c9crivains maghr\u00e9bins http:\/\/ecrivainsmaghrebins.blogspot.com\/ \u00c9tudes francophones http:\/\/languages.louisiana.edu\/ef\/pres_revue.html Le Monde interactif -\" \/>\n<meta name=\"robots\" content=\"index, follow, max-snippet:-1, max-image-preview:large, max-video-preview:-1\" \/>\n<link rel=\"canonical\" href=\"https:\/\/carleton.ca\/litnews\/liens-francophones\/\" \/>\n<script type=\"application\/ld+json\" class=\"yoast-schema-graph\">{\"@context\":\"https:\/\/schema.org\",\"@graph\":[{\"@type\":\"WebPage\",\"@id\":\"https:\/\/carleton.ca\/litnews\/liens-francophones\/\",\"url\":\"https:\/\/carleton.ca\/litnews\/liens-francophones\/\",\"name\":\"Liens francophones - CKCU Literary News\",\"isPartOf\":{\"@id\":\"https:\/\/carleton.ca\/litnews\/#website\"},\"datePublished\":\"2012-01-07T05:47:38+00:00\",\"dateModified\":\"2012-05-09T18:46:24+00:00\",\"description\":\"\u00c9crivains maghr\u00e9bins http:\/\/ecrivainsmaghrebins.blogspot.com\/ \u00c9tudes francophones http:\/\/languages.louisiana.edu\/ef\/pres_revue.html Le Monde interactif -\",\"breadcrumb\":{\"@id\":\"https:\/\/carleton.ca\/litnews\/liens-francophones\/#breadcrumb\"},\"inLanguage\":\"en-US\",\"potentialAction\":[{\"@type\":\"ReadAction\",\"target\":[\"https:\/\/carleton.ca\/litnews\/liens-francophones\/\"]}]},{\"@type\":\"BreadcrumbList\",\"@id\":\"https:\/\/carleton.ca\/litnews\/liens-francophones\/#breadcrumb\",\"itemListElement\":[{\"@type\":\"ListItem\",\"position\":1,\"name\":\"Home\",\"item\":\"https:\/\/carleton.ca\/litnews\/\"},{\"@type\":\"ListItem\",\"position\":2,\"name\":\"Liens francophones\"}]},{\"@type\":\"WebSite\",\"@id\":\"https:\/\/carleton.ca\/litnews\/#website\",\"url\":\"https:\/\/carleton.ca\/litnews\/\",\"name\":\"CKCU Literary News\",\"description\":\"Carleton University\",\"potentialAction\":[{\"@type\":\"SearchAction\",\"target\":{\"@type\":\"EntryPoint\",\"urlTemplate\":\"https:\/\/carleton.ca\/litnews\/?s={search_term_string}\"},\"query-input\":\"required name=search_term_string\"}],\"inLanguage\":\"en-US\"}]}<\/script>\n<!-- \/ Yoast SEO plugin. -->","yoast_head_json":{"title":"Liens francophones - CKCU Literary News","description":"\u00c9crivains maghr\u00e9bins http:\/\/ecrivainsmaghrebins.blogspot.com\/ \u00c9tudes francophones http:\/\/languages.louisiana.edu\/ef\/pres_revue.html Le Monde interactif -","robots":{"index":"index","follow":"follow","max-snippet":"max-snippet:-1","max-image-preview":"max-image-preview:large","max-video-preview":"max-video-preview:-1"},"canonical":"https:\/\/carleton.ca\/litnews\/liens-francophones\/","schema":{"@context":"https:\/\/schema.org","@graph":[{"@type":"WebPage","@id":"https:\/\/carleton.ca\/litnews\/liens-francophones\/","url":"https:\/\/carleton.ca\/litnews\/liens-francophones\/","name":"Liens francophones - CKCU Literary News","isPartOf":{"@id":"https:\/\/carleton.ca\/litnews\/#website"},"datePublished":"2012-01-07T05:47:38+00:00","dateModified":"2012-05-09T18:46:24+00:00","description":"\u00c9crivains maghr\u00e9bins http:\/\/ecrivainsmaghrebins.blogspot.com\/ \u00c9tudes francophones http:\/\/languages.louisiana.edu\/ef\/pres_revue.html Le Monde interactif -","breadcrumb":{"@id":"https:\/\/carleton.ca\/litnews\/liens-francophones\/#breadcrumb"},"inLanguage":"en-US","potentialAction":[{"@type":"ReadAction","target":["https:\/\/carleton.ca\/litnews\/liens-francophones\/"]}]},{"@type":"BreadcrumbList","@id":"https:\/\/carleton.ca\/litnews\/liens-francophones\/#breadcrumb","itemListElement":[{"@type":"ListItem","position":1,"name":"Home","item":"https:\/\/carleton.ca\/litnews\/"},{"@type":"ListItem","position":2,"name":"Liens francophones"}]},{"@type":"WebSite","@id":"https:\/\/carleton.ca\/litnews\/#website","url":"https:\/\/carleton.ca\/litnews\/","name":"CKCU Literary News","description":"Carleton University","potentialAction":[{"@type":"SearchAction","target":{"@type":"EntryPoint","urlTemplate":"https:\/\/carleton.ca\/litnews\/?s={search_term_string}"},"query-input":"required name=search_term_string"}],"inLanguage":"en-US"}]}},"acf":{"banner_image_type":null,"banner_uploaded_image":null,"banner_hosted_image":null,"banner_opacity":null,"banner_button":null,"banner_buttons":null},"_links":{"self":[{"href":"https:\/\/carleton.ca\/litnews\/wp-json\/wp\/v2\/pages\/1291"}],"collection":[{"href":"https:\/\/carleton.ca\/litnews\/wp-json\/wp\/v2\/pages"}],"about":[{"href":"https:\/\/carleton.ca\/litnews\/wp-json\/wp\/v2\/types\/page"}],"author":[{"embeddable":true,"href":"https:\/\/carleton.ca\/litnews\/wp-json\/wp\/v2\/users\/3"}],"replies":[{"embeddable":true,"href":"https:\/\/carleton.ca\/litnews\/wp-json\/wp\/v2\/comments?post=1291"}],"version-history":[{"count":3,"href":"https:\/\/carleton.ca\/litnews\/wp-json\/wp\/v2\/pages\/1291\/revisions"}],"predecessor-version":[{"id":1529,"href":"https:\/\/carleton.ca\/litnews\/wp-json\/wp\/v2\/pages\/1291\/revisions\/1529"}],"wp:attachment":[{"href":"https:\/\/carleton.ca\/litnews\/wp-json\/wp\/v2\/media?parent=1291"}],"curies":[{"name":"wp","href":"https:\/\/api.w.org\/{rel}","templated":true}]}}