{"id":1810,"date":"2014-02-25T16:04:26","date_gmt":"2014-02-25T21:04:26","guid":{"rendered":"http:\/\/carleton.ca\/litnews\/?page_id=1810"},"modified":"2016-09-18T01:36:45","modified_gmt":"2016-09-18T05:36:45","slug":"playlist","status":"publish","type":"page","link":"https:\/\/carleton.ca\/litnews\/playlist\/","title":{"rendered":"Playlist"},"content":{"rendered":"<p style=\"text-align: center;\"><a href=\"tp:\/\/cod.ckcufm.com\/programs\/414\/info.html\"><img decoding=\"async\" loading=\"lazy\" class=\"aligncenter wp-image-2444 size-large\" src=\"http:\/\/carleton.ca\/litnews\/wp-content\/uploads\/Cpwu7SGXYAAxdYY-400x164.jpg\" alt=\"Abspielliste (PLAYLIST)\" width=\"400\" height=\"164\" srcset=\"https:\/\/carleton.ca\/litnews\/wp-content\/uploads\/Cpwu7SGXYAAxdYY-400x164.jpg 400w, https:\/\/carleton.ca\/litnews\/wp-content\/uploads\/Cpwu7SGXYAAxdYY-160x65.jpg 160w, https:\/\/carleton.ca\/litnews\/wp-content\/uploads\/Cpwu7SGXYAAxdYY-240x98.jpg 240w, https:\/\/carleton.ca\/litnews\/wp-content\/uploads\/Cpwu7SGXYAAxdYY-768x314.jpg 768w, https:\/\/carleton.ca\/litnews\/wp-content\/uploads\/Cpwu7SGXYAAxdYY-360x147.jpg 360w, https:\/\/carleton.ca\/litnews\/wp-content\/uploads\/Cpwu7SGXYAAxdYY.jpg 1198w\" sizes=\"(max-width: 400px) 100vw, 400px\" \/><\/a><\/p>\n<h3 style=\"text-align: center;\">CKCU Literary News: <a href=\"http:\/\/cod.ckcufm.com\/programs\/414\/index.html?filter=all\">ALL PLAYLISTS<\/a> \/ <a href=\"http:\/\/cod.ckcufm.com\/programs\/414\/index.html?filter=all\">liste d&#8217;\u00e9coute<\/a> \/ <a href=\"http:\/\/cod.ckcufm.com\/programs\/414\/index.html?filter=all\">Abspielliste<\/a> \/ <a href=\"http:\/\/cod.ckcufm.com\/programs\/414\/index.html?filter=all\">lista de reproducci\u00f3n<\/a><\/h3>\n<p style=\"text-align: center;\">To listen to shows from the playlist, please click on the dates. \/ Pour r\u00e9\u00e9couter des \u00e9missions, veuillez cliquer leurs dates de diffusion indiqu\u00e9es sur la liste d&#8217;\u00e9coute (playlist). \/ Das Anklicken der Sendedaten\u00a0auf\u00a0 der Abspielliste (playlist) erm\u00f6glicht das Nachh\u00f6ren.<\/p>\n<p>Information&gt;<a href=\"http:\/\/carleton.ca\/litnews\/programs\/\"> CKCU Literary News Programs <\/a><\/p>\n<ul>\n<li>\n<h4>Literatures in Europe Today<\/h4>\n<\/li>\n<li>\n<h4>Les Actualit\u00e9s litt\u00e9raires dans le monde francophone<\/h4>\n<\/li>\n<li>\n<h4 style=\"text-align: left;\">Das literarische Echo aus deutschsprachigen L\u00e4ndern<\/h4>\n<\/li>\n<li><strong>Noticias literarias de Latinoam\u00e9rica<\/strong><\/li>\n<\/ul>\n","protected":false},"excerpt":{"rendered":"<p>CKCU Literary News: ALL PLAYLISTS \/ liste d&#8217;\u00e9coute \/ Abspielliste \/ lista de reproducci\u00f3n To listen to shows from the playlist, please click on the dates. \/ Pour r\u00e9\u00e9couter des \u00e9missions, veuillez cliquer leurs dates de diffusion indiqu\u00e9es sur la liste d&#8217;\u00e9coute (playlist). \/ Das Anklicken der Sendedaten\u00a0auf\u00a0 der Abspielliste (playlist) erm\u00f6glicht das Nachh\u00f6ren. Information&gt; [&hellip;]<\/p>\n","protected":false},"author":7,"featured_media":0,"parent":0,"menu_order":3,"comment_status":"open","ping_status":"closed","template":"","meta":{"_relevanssi_hide_post":"","_relevanssi_hide_content":"","_relevanssi_pin_for_all":"","_relevanssi_pin_keywords":"","_relevanssi_unpin_keywords":"","_relevanssi_related_keywords":"","_relevanssi_related_include_ids":"","_relevanssi_related_exclude_ids":"","_relevanssi_related_no_append":"","_relevanssi_related_not_related":"","_relevanssi_related_posts":"","_relevanssi_noindex_reason":"","_mi_skip_tracking":false,"_exactmetrics_sitenote_active":false,"_exactmetrics_sitenote_note":"","_exactmetrics_sitenote_category":0,"footnotes":"","_links_to":"","_links_to_target":""},"yoast_head":"<!-- This site is optimized with the Yoast SEO plugin v21.2 - https:\/\/yoast.com\/wordpress\/plugins\/seo\/ -->\n<title>Radio CKCU\/ Literary News_PLAYLIST: en.fr.de<\/title>\n<meta name=\"description\" content=\"Please click a date on the playlist. Activez un fichier audio par clic sur la date de sa diffusion. Das Sendedatum auf der Abspielliste bitte anklicken.\" \/>\n<meta name=\"robots\" content=\"index, follow, max-snippet:-1, max-image-preview:large, max-video-preview:-1\" \/>\n<link rel=\"canonical\" href=\"https:\/\/carleton.ca\/litnews\/playlist\/\" \/>\n<script type=\"application\/ld+json\" class=\"yoast-schema-graph\">{\"@context\":\"https:\/\/schema.org\",\"@graph\":[{\"@type\":\"WebPage\",\"@id\":\"https:\/\/carleton.ca\/litnews\/playlist\/\",\"url\":\"https:\/\/carleton.ca\/litnews\/playlist\/\",\"name\":\"Radio CKCU\/ Literary News_PLAYLIST: en.fr.de\",\"isPartOf\":{\"@id\":\"https:\/\/carleton.ca\/litnews\/#website\"},\"datePublished\":\"2014-02-25T21:04:26+00:00\",\"dateModified\":\"2016-09-18T05:36:45+00:00\",\"description\":\"Please click a date on the playlist. Activez un fichier audio par clic sur la date de sa diffusion. Das Sendedatum auf der Abspielliste bitte anklicken.\",\"breadcrumb\":{\"@id\":\"https:\/\/carleton.ca\/litnews\/playlist\/#breadcrumb\"},\"inLanguage\":\"en-US\",\"potentialAction\":[{\"@type\":\"ReadAction\",\"target\":[\"https:\/\/carleton.ca\/litnews\/playlist\/\"]}]},{\"@type\":\"BreadcrumbList\",\"@id\":\"https:\/\/carleton.ca\/litnews\/playlist\/#breadcrumb\",\"itemListElement\":[{\"@type\":\"ListItem\",\"position\":1,\"name\":\"Home\",\"item\":\"https:\/\/carleton.ca\/litnews\/\"},{\"@type\":\"ListItem\",\"position\":2,\"name\":\"Playlist\"}]},{\"@type\":\"WebSite\",\"@id\":\"https:\/\/carleton.ca\/litnews\/#website\",\"url\":\"https:\/\/carleton.ca\/litnews\/\",\"name\":\"CKCU Literary News\",\"description\":\"Carleton University\",\"potentialAction\":[{\"@type\":\"SearchAction\",\"target\":{\"@type\":\"EntryPoint\",\"urlTemplate\":\"https:\/\/carleton.ca\/litnews\/?s={search_term_string}\"},\"query-input\":\"required name=search_term_string\"}],\"inLanguage\":\"en-US\"}]}<\/script>\n<!-- \/ Yoast SEO plugin. -->","yoast_head_json":{"title":"Radio CKCU\/ Literary News_PLAYLIST: en.fr.de","description":"Please click a date on the playlist. Activez un fichier audio par clic sur la date de sa diffusion. Das Sendedatum auf der Abspielliste bitte anklicken.","robots":{"index":"index","follow":"follow","max-snippet":"max-snippet:-1","max-image-preview":"max-image-preview:large","max-video-preview":"max-video-preview:-1"},"canonical":"https:\/\/carleton.ca\/litnews\/playlist\/","schema":{"@context":"https:\/\/schema.org","@graph":[{"@type":"WebPage","@id":"https:\/\/carleton.ca\/litnews\/playlist\/","url":"https:\/\/carleton.ca\/litnews\/playlist\/","name":"Radio CKCU\/ Literary News_PLAYLIST: en.fr.de","isPartOf":{"@id":"https:\/\/carleton.ca\/litnews\/#website"},"datePublished":"2014-02-25T21:04:26+00:00","dateModified":"2016-09-18T05:36:45+00:00","description":"Please click a date on the playlist. Activez un fichier audio par clic sur la date de sa diffusion. Das Sendedatum auf der Abspielliste bitte anklicken.","breadcrumb":{"@id":"https:\/\/carleton.ca\/litnews\/playlist\/#breadcrumb"},"inLanguage":"en-US","potentialAction":[{"@type":"ReadAction","target":["https:\/\/carleton.ca\/litnews\/playlist\/"]}]},{"@type":"BreadcrumbList","@id":"https:\/\/carleton.ca\/litnews\/playlist\/#breadcrumb","itemListElement":[{"@type":"ListItem","position":1,"name":"Home","item":"https:\/\/carleton.ca\/litnews\/"},{"@type":"ListItem","position":2,"name":"Playlist"}]},{"@type":"WebSite","@id":"https:\/\/carleton.ca\/litnews\/#website","url":"https:\/\/carleton.ca\/litnews\/","name":"CKCU Literary News","description":"Carleton University","potentialAction":[{"@type":"SearchAction","target":{"@type":"EntryPoint","urlTemplate":"https:\/\/carleton.ca\/litnews\/?s={search_term_string}"},"query-input":"required name=search_term_string"}],"inLanguage":"en-US"}]}},"acf":{"banner_image_type":"none"},"_links":{"self":[{"href":"https:\/\/carleton.ca\/litnews\/wp-json\/wp\/v2\/pages\/1810"}],"collection":[{"href":"https:\/\/carleton.ca\/litnews\/wp-json\/wp\/v2\/pages"}],"about":[{"href":"https:\/\/carleton.ca\/litnews\/wp-json\/wp\/v2\/types\/page"}],"author":[{"embeddable":true,"href":"https:\/\/carleton.ca\/litnews\/wp-json\/wp\/v2\/users\/7"}],"replies":[{"embeddable":true,"href":"https:\/\/carleton.ca\/litnews\/wp-json\/wp\/v2\/comments?post=1810"}],"version-history":[{"count":4,"href":"https:\/\/carleton.ca\/litnews\/wp-json\/wp\/v2\/pages\/1810\/revisions"}],"predecessor-version":[{"id":2471,"href":"https:\/\/carleton.ca\/litnews\/wp-json\/wp\/v2\/pages\/1810\/revisions\/2471"}],"wp:attachment":[{"href":"https:\/\/carleton.ca\/litnews\/wp-json\/wp\/v2\/media?parent=1810"}],"curies":[{"name":"wp","href":"https:\/\/api.w.org\/{rel}","templated":true}]}}