{"id":2355,"date":"2016-09-06T05:00:21","date_gmt":"2016-09-06T09:00:21","guid":{"rendered":"http:\/\/carleton.ca\/litnews\/?page_id=2355"},"modified":"2016-10-02T02:50:51","modified_gmt":"2016-10-02T06:50:51","slug":"latinamerica","status":"publish","type":"page","link":"https:\/\/carleton.ca\/litnews\/latinamerica\/","title":{"rendered":"Latin America"},"content":{"rendered":"<p><\/p>\n<p style=\"text-align: center;\">\u00a0\u00a0\u00a0\u00a0\u00a0\u00a0\u00a0\u00a0\u00a0\u00a0\u00a0\u00a0\u00a0\u00a0\u00a0\u00a0\u00a0\u00a0\u00a0<a href=\"http:\/\/carleton.ca\/litnews\/latinamerica\/\"><img decoding=\"async\" loading=\"lazy\" class=\"aligncenter wp-image-2325 size-large\" src=\"http:\/\/carleton.ca\/litnews\/wp-content\/uploads\/yCes8E-400x192.jpeg\" alt=\"yCes8E\" width=\"400\" height=\"192\" srcset=\"https:\/\/carleton.ca\/litnews\/wp-content\/uploads\/yCes8E-400x192.jpeg 400w, https:\/\/carleton.ca\/litnews\/wp-content\/uploads\/yCes8E-160x77.jpeg 160w, https:\/\/carleton.ca\/litnews\/wp-content\/uploads\/yCes8E-240x115.jpeg 240w, https:\/\/carleton.ca\/litnews\/wp-content\/uploads\/yCes8E-768x368.jpeg 768w, https:\/\/carleton.ca\/litnews\/wp-content\/uploads\/yCes8E-360x173.jpeg 360w, https:\/\/carleton.ca\/litnews\/wp-content\/uploads\/yCes8E.jpeg 905w\" sizes=\"(max-width: 400px) 100vw, 400px\" \/><\/a><\/p>\n<p><strong>Noticias literarias de Latinoam\u00e9ric<\/strong>a \/ <strong>Latin American Literary News<\/strong> is a program being aired every second month by <strong>CKCU-FM | Literary News<\/strong> of the community based radio station that is located on the campus of CARLETON UNIVERSITY\u00a0in Ottawa (Canada). It can be heard locally (alternating with other broadcasts about literature being aired in English, French and German) on FM 93.1, Wednesdays 9:30-10:00 EDT \/ EST in Canada and worldwide on <strong>STREAM<\/strong> <a href=\"http:\/\/carleton.ca\/litnews\/stream\/\">http:\/\/carleton.ca\/litnews\/stream\/<\/a> as well as <strong>ON DEMAND<\/strong> <a href=\"http:\/\/http;\/\/cod.ckcufm.com\/programs\/414\/index.html?=all\"><span style=\"text-decoration: underline;\"><strong>(lista de reproducci\u00f3n<\/strong><\/span><\/a>)&gt;\u00a0 <a href=\"http:\/\/cod.ckcufm.com\/programs\/414\/index.html?=all\"><strong>ALL PLAYLISTS<\/strong><\/a>\u00a0 as well as via <a href=\"http:\/\/feeds.feedburner.com\/CKCU-LiteraryNews\"><span style=\"text-decoration: underline;\"><strong>feedburner<\/strong><\/span><\/a> and at <a href=\"http:\/\/carleton.ca\/litnews\/playlist\/\">http:\/\/carleton.ca\/litnews\/playlist\/<\/a><\/p>\n<p>Broadcasts are covering all aspects of literary life in Latin American countries.<\/p>\n<p>This segment of the multilingual CKCU-FM Literary News casts \u2013 for more information please go to <a href=\"http:\/\/carleton.ca\/litnews\/programs\/\">http:\/\/carleton.ca\/litnews\/programs\/<\/a> \u2013 is bilingual, and it will be open for <em>ad honorem<\/em> contributions by authors from all over Latin America.<\/p>\n<p>Audio files of up to 25 minutes duration may be submitted in MP3 format to radio.ckcu.litnews[at]gmail.com<\/p>\n<p>Dr. Alberto QUERO recently joined the international CKCU-FM team as a contributing literary correspondent, bringing you the latest literary news from Latin America. Thanks to his feature reports and well-informed comments about literary news from <em>Nuestra<\/em> <em>Am\u00e9rica, <\/em>to use Jos\u00e9 Mart\u00ed\u2019s term, listeners in Canada, as well as in other parts of the world via <strong>Twitter<\/strong> (@ckculitnews) and <strong>Facebook <\/strong>(Hans G. Ruprecht), will get acquainted with many vibrating scenes of literary life in Latin America today.<\/p>\n<p style=\"text-align: center;\"><img decoding=\"async\" loading=\"lazy\" class=\"aligncenter wp-image-2326 size-large\" src=\"http:\/\/carleton.ca\/litnews\/wp-content\/uploads\/ALBERTO-400x265.jpg\" alt=\"Alberto Quero\" width=\"400\" height=\"265\" srcset=\"https:\/\/carleton.ca\/litnews\/wp-content\/uploads\/ALBERTO-400x265.jpg 400w, https:\/\/carleton.ca\/litnews\/wp-content\/uploads\/ALBERTO-160x106.jpg 160w, https:\/\/carleton.ca\/litnews\/wp-content\/uploads\/ALBERTO-240x159.jpg 240w, https:\/\/carleton.ca\/litnews\/wp-content\/uploads\/ALBERTO-768x509.jpg 768w, https:\/\/carleton.ca\/litnews\/wp-content\/uploads\/ALBERTO-360x238.jpg 360w\" sizes=\"(max-width: 400px) 100vw, 400px\" \/><\/p>\n<p style=\"text-align: center;\">Alberto Quero<\/p>\n<p>Alberto Quero is a writer and critic based in Maracaibo, Venezuela. He studied at the University of Zulia.\u00a0\u00a0He holds a BA in literature and linguistics, a Master\u2019s degree in Venezuelan literature and a Doctorate in Humanities.<\/p>\n<p>___________________<\/p>\n<p>Alberto QUERO se une al equipo de CKCU-FM como corresponsal literario. A trav\u00e9s de sus valiosas contribuciones, \u00e9l\u00a0\u00a0traer\u00e1 las m\u00e1s recientes noticias literarias de Latinoam\u00e9rica. Cada dos meses, el p\u00fablico canadiense conocer\u00e1 la importancia de algunos eventos de indole cultural y social (festivales, premios literarios, novedades editoriales, etc.) que ocurran en Am\u00e9rica Latina, en donde las actualidades literarias ocupan desde siempre un espacio privilegiado de la vida cultural y una escena vibrante, llena de los m\u00e1s sorprendentes eventos.<\/p>\n<p>Este segmento es biling\u00fce, y estar\u00e1 abierto para contribuciones ad honorem de autores j\u00f3venes provenientes de cualquier punto de Am\u00e9rica Latina. Se pueden enviar archivos de audio en formato MP3, los cuales pueden durar hasta 25 minutos.\u00a0\u00a0Contacta con nosotros: Twitter (@ckculitnews), Facebook (Hans G. Ruprecht), LinkedIn (hostckculitnews), or radio.ckcu.litnews[at]<a href=\"http:\/\/gmail.com\" target=\"_blank\" data-saferedirecturl=\"https:\/\/www.google.com\/url?hl=en&amp;q=http:\/\/gmail.com&amp;source=gmail&amp;ust=1473239526133000&amp;usg=AFQjCNGqXf6IaV-9jSO71lwq1dci92ah_g\">gmail.<wbr \/>com<\/a><\/p>\n<p>Alberto es un escritor y cr\u00edtico radicado en Maracaibo, Venezuela. \u00c9l estudi\u00f3 en la universidad del Zulia. Tiene una licenciatura en literatura y ling\u00fc\u00edstica, una maestr\u00eda en literatura venezolana y un doctorado en humanidades. Es profesor de ingl\u00e9s, franc\u00e9s\u00a0\u00a0espa\u00f1ol como lenguas extranjeras, y es miembro de la Asociaci\u00f3n Venezolana de Semi\u00f3tica.<\/p>\n","protected":false},"excerpt":{"rendered":"<p>\u00a0\u00a0\u00a0\u00a0\u00a0\u00a0\u00a0\u00a0\u00a0\u00a0\u00a0\u00a0\u00a0\u00a0\u00a0\u00a0\u00a0\u00a0\u00a0 Noticias literarias de Latinoam\u00e9rica \/ Latin American Literary News is a program being aired every second month by CKCU-FM | Literary News of the community based radio station that is located on the campus of CARLETON UNIVERSITY\u00a0in Ottawa (Canada). It can be heard locally (alternating with other broadcasts about literature being aired in English, [&hellip;]<\/p>\n","protected":false},"author":7,"featured_media":0,"parent":0,"menu_order":0,"comment_status":"closed","ping_status":"closed","template":"","meta":{"_relevanssi_hide_post":"","_relevanssi_hide_content":"","_relevanssi_pin_for_all":"","_relevanssi_pin_keywords":"","_relevanssi_unpin_keywords":"","_relevanssi_related_keywords":"","_relevanssi_related_include_ids":"","_relevanssi_related_exclude_ids":"","_relevanssi_related_no_append":"","_relevanssi_related_not_related":"","_relevanssi_related_posts":"","_relevanssi_noindex_reason":"","_mi_skip_tracking":false,"_exactmetrics_sitenote_active":false,"_exactmetrics_sitenote_note":"","_exactmetrics_sitenote_category":0,"footnotes":"","_links_to":"","_links_to_target":""},"yoast_head":"<!-- This site is optimized with the Yoast SEO plugin v21.2 - https:\/\/yoast.com\/wordpress\/plugins\/seo\/ -->\n<title>Latin America - CKCU Literary News<\/title>\n<meta name=\"description\" content=\"Latin American Literary News \/ Noticias literarias de Latinoam\u00e9rica, aired by CKCU-FM93.1, the community based radio of CARLETON U in Ottawa (Canada).\" \/>\n<meta name=\"robots\" content=\"index, follow, max-snippet:-1, max-image-preview:large, max-video-preview:-1\" \/>\n<link rel=\"canonical\" href=\"https:\/\/carleton.ca\/litnews\/latinamerica\/\" \/>\n<meta name=\"twitter:label1\" content=\"Est. reading time\" \/>\n\t<meta name=\"twitter:data1\" content=\"2 minutes\" \/>\n<script type=\"application\/ld+json\" class=\"yoast-schema-graph\">{\"@context\":\"https:\/\/schema.org\",\"@graph\":[{\"@type\":\"WebPage\",\"@id\":\"https:\/\/carleton.ca\/litnews\/latinamerica\/\",\"url\":\"https:\/\/carleton.ca\/litnews\/latinamerica\/\",\"name\":\"Latin America - CKCU Literary News\",\"isPartOf\":{\"@id\":\"https:\/\/carleton.ca\/litnews\/#website\"},\"datePublished\":\"2016-09-06T09:00:21+00:00\",\"dateModified\":\"2016-10-02T06:50:51+00:00\",\"description\":\"Latin American Literary News \/ Noticias literarias de Latinoam\u00e9rica, aired by CKCU-FM93.1, the community based radio of CARLETON U in Ottawa (Canada).\",\"breadcrumb\":{\"@id\":\"https:\/\/carleton.ca\/litnews\/latinamerica\/#breadcrumb\"},\"inLanguage\":\"en-US\",\"potentialAction\":[{\"@type\":\"ReadAction\",\"target\":[\"https:\/\/carleton.ca\/litnews\/latinamerica\/\"]}]},{\"@type\":\"BreadcrumbList\",\"@id\":\"https:\/\/carleton.ca\/litnews\/latinamerica\/#breadcrumb\",\"itemListElement\":[{\"@type\":\"ListItem\",\"position\":1,\"name\":\"Home\",\"item\":\"https:\/\/carleton.ca\/litnews\/\"},{\"@type\":\"ListItem\",\"position\":2,\"name\":\"Latin America\"}]},{\"@type\":\"WebSite\",\"@id\":\"https:\/\/carleton.ca\/litnews\/#website\",\"url\":\"https:\/\/carleton.ca\/litnews\/\",\"name\":\"CKCU Literary News\",\"description\":\"Carleton University\",\"potentialAction\":[{\"@type\":\"SearchAction\",\"target\":{\"@type\":\"EntryPoint\",\"urlTemplate\":\"https:\/\/carleton.ca\/litnews\/?s={search_term_string}\"},\"query-input\":\"required name=search_term_string\"}],\"inLanguage\":\"en-US\"}]}<\/script>\n<!-- \/ Yoast SEO plugin. -->","yoast_head_json":{"title":"Latin America - CKCU Literary News","description":"Latin American Literary News \/ Noticias literarias de Latinoam\u00e9rica, aired by CKCU-FM93.1, the community based radio of CARLETON U in Ottawa (Canada).","robots":{"index":"index","follow":"follow","max-snippet":"max-snippet:-1","max-image-preview":"max-image-preview:large","max-video-preview":"max-video-preview:-1"},"canonical":"https:\/\/carleton.ca\/litnews\/latinamerica\/","twitter_misc":{"Est. reading time":"2 minutes"},"schema":{"@context":"https:\/\/schema.org","@graph":[{"@type":"WebPage","@id":"https:\/\/carleton.ca\/litnews\/latinamerica\/","url":"https:\/\/carleton.ca\/litnews\/latinamerica\/","name":"Latin America - CKCU Literary News","isPartOf":{"@id":"https:\/\/carleton.ca\/litnews\/#website"},"datePublished":"2016-09-06T09:00:21+00:00","dateModified":"2016-10-02T06:50:51+00:00","description":"Latin American Literary News \/ Noticias literarias de Latinoam\u00e9rica, aired by CKCU-FM93.1, the community based radio of CARLETON U in Ottawa (Canada).","breadcrumb":{"@id":"https:\/\/carleton.ca\/litnews\/latinamerica\/#breadcrumb"},"inLanguage":"en-US","potentialAction":[{"@type":"ReadAction","target":["https:\/\/carleton.ca\/litnews\/latinamerica\/"]}]},{"@type":"BreadcrumbList","@id":"https:\/\/carleton.ca\/litnews\/latinamerica\/#breadcrumb","itemListElement":[{"@type":"ListItem","position":1,"name":"Home","item":"https:\/\/carleton.ca\/litnews\/"},{"@type":"ListItem","position":2,"name":"Latin America"}]},{"@type":"WebSite","@id":"https:\/\/carleton.ca\/litnews\/#website","url":"https:\/\/carleton.ca\/litnews\/","name":"CKCU Literary News","description":"Carleton University","potentialAction":[{"@type":"SearchAction","target":{"@type":"EntryPoint","urlTemplate":"https:\/\/carleton.ca\/litnews\/?s={search_term_string}"},"query-input":"required name=search_term_string"}],"inLanguage":"en-US"}]}},"acf":{"banner_image_type":"none"},"_links":{"self":[{"href":"https:\/\/carleton.ca\/litnews\/wp-json\/wp\/v2\/pages\/2355"}],"collection":[{"href":"https:\/\/carleton.ca\/litnews\/wp-json\/wp\/v2\/pages"}],"about":[{"href":"https:\/\/carleton.ca\/litnews\/wp-json\/wp\/v2\/types\/page"}],"author":[{"embeddable":true,"href":"https:\/\/carleton.ca\/litnews\/wp-json\/wp\/v2\/users\/7"}],"replies":[{"embeddable":true,"href":"https:\/\/carleton.ca\/litnews\/wp-json\/wp\/v2\/comments?post=2355"}],"version-history":[{"count":3,"href":"https:\/\/carleton.ca\/litnews\/wp-json\/wp\/v2\/pages\/2355\/revisions"}],"predecessor-version":[{"id":2512,"href":"https:\/\/carleton.ca\/litnews\/wp-json\/wp\/v2\/pages\/2355\/revisions\/2512"}],"wp:attachment":[{"href":"https:\/\/carleton.ca\/litnews\/wp-json\/wp\/v2\/media?parent=2355"}],"curies":[{"name":"wp","href":"https:\/\/api.w.org\/{rel}","templated":true}]}}