{"id":2395,"date":"2016-09-13T02:40:05","date_gmt":"2016-09-13T06:40:05","guid":{"rendered":"http:\/\/carleton.ca\/litnews\/?page_id=2395"},"modified":"2016-10-12T06:30:20","modified_gmt":"2016-10-12T10:30:20","slug":"german","status":"publish","type":"page","link":"https:\/\/carleton.ca\/litnews\/german\/","title":{"rendered":"Das literarische Echo"},"content":{"rendered":"<article><\/article>\n<article><\/article>\n<article><\/article>\n<article>\n<h3><\/h3>\n<h3><\/h3>\n<h4><strong>CKCU\/LitNews-3<\/strong><\/h4>\n<\/article>\n<article><\/article>\n<p style=\"text-align: center;\"><a href=\"http:\/\/carleton.ca\/litnews\/german-2\/\"><img decoding=\"async\" loading=\"lazy\" class=\"aligncenter wp-image-325 size-large\" src=\"http:\/\/carleton.ca\/litnews\/wp-content\/uploads\/LitEchoLOGO1-400x109.jpeg\" alt=\"LitEchoLOGO\" width=\"400\" height=\"109\" srcset=\"https:\/\/carleton.ca\/litnews\/wp-content\/uploads\/LitEchoLOGO1-400x109.jpeg 400w, https:\/\/carleton.ca\/litnews\/wp-content\/uploads\/LitEchoLOGO1-160x44.jpeg 160w, https:\/\/carleton.ca\/litnews\/wp-content\/uploads\/LitEchoLOGO1-240x65.jpeg 240w, https:\/\/carleton.ca\/litnews\/wp-content\/uploads\/LitEchoLOGO1-768x209.jpeg 768w, https:\/\/carleton.ca\/litnews\/wp-content\/uploads\/LitEchoLOGO1-360x98.jpeg 360w, https:\/\/carleton.ca\/litnews\/wp-content\/uploads\/LitEchoLOGO1.jpeg 908w\" sizes=\"(max-width: 400px) 100vw, 400px\" \/><\/a> <span id=\"sample-permalink\"><a href=\"http:\/\/carleton.ca\/litnews\/german\/\">http:\/\/carleton.ca\/litnews\/<span id=\"editable-post-name\">german<\/span>\/<\/a><\/span> \u200e<span id=\"edit-slug-buttons\"><\/span><\/p>\n<h3 style=\"text-align: center;\"><\/h3>\n<h4 style=\"text-align: center;\">Deutschsprachige Literatur im Gespr\u00e4ch,<\/h4>\n<h4 style=\"text-align: center;\">Kritiken und Kontroversen.<\/h4>\n<h4><strong>Tonzeichen<\/strong>:<\/h4>\n<p><\/p>\n<h3><a href=\"http:\/\/carleton.ca\/litecho\/\"><strong><img decoding=\"async\" loading=\"lazy\" class=\"aligncenter wp-image-2406\" src=\"http:\/\/carleton.ca\/litnews\/wp-content\/uploads\/photo-main.jpg\" alt=\"photo-main\" width=\"634\" height=\"213\" \/><\/strong><\/a><\/h3>\n<p style=\"text-align: center;\">Medienpartnerschaft<em><br \/>\n<\/em><\/p>\n<p style=\"text-align: center;\"><img decoding=\"async\" loading=\"lazy\" class=\"aligncenter wp-image-2592 size-large\" src=\"http:\/\/carleton.ca\/litnews\/wp-content\/uploads\/url-400x400.png\" alt=\"url\" width=\"400\" height=\"400\" srcset=\"https:\/\/carleton.ca\/litnews\/wp-content\/uploads\/url-400x400.png 400w, https:\/\/carleton.ca\/litnews\/wp-content\/uploads\/url-160x160.png 160w, https:\/\/carleton.ca\/litnews\/wp-content\/uploads\/url-240x240.png 240w, https:\/\/carleton.ca\/litnews\/wp-content\/uploads\/url-768x768.png 768w, https:\/\/carleton.ca\/litnews\/wp-content\/uploads\/url-200x200.png 200w, https:\/\/carleton.ca\/litnews\/wp-content\/uploads\/url-360x360.png 360w, https:\/\/carleton.ca\/litnews\/wp-content\/uploads\/url.png 1024w\" sizes=\"(max-width: 400px) 100vw, 400px\" \/><\/p>\n<p style=\"padding-left: 30px; text-align: center;\"><em>Sendezeit<\/em>:<\/p>\n<p style=\"padding-left: 30px; text-align: center;\"><strong>Mittwochs<\/strong>, <strong>9.30 \u2013 10.00 Uhr EDT \/ EST<\/strong> in Kanada \/ <strong>15.30 \u2013 16.00 Uhr MEZ<\/strong> (Europa) im Internet &gt; CKCU LitNews <a href=\"http:\/\/bit.ly\/10JdDXn\"><strong>STREAM<\/strong><\/a> &gt; <a href=\"http:\/\/streema.com\/radios\/play\/2934\">LISTEN LIVE <\/a><\/p>\n<p style=\"padding-left: 30px; text-align: center;\">und danach unter dem in blau\u00a0 angezeigten Sendetermin auf der<a href=\"http:\/\/carleton.ca\/litnews\/playlist\/\"><strong> ABSPIELLISTE<\/strong> <\/a>( bitte CKCU Literary News <a href=\"http:\/\/cod.ckcufm.com\/programs\/414\/index.html?=all\"><span style=\"text-decoration: underline;\"><strong>ALL<\/strong> <strong>PLAYLIST<\/strong><\/span><\/a> klicken )&gt;<em><br \/>\n<\/em><\/p>\n<p style=\"padding-left: 30px; text-align: center;\"><a href=\"http:\/\/cod.ckcufm.com\/programs\/414\/info.html\"><img decoding=\"async\" loading=\"lazy\" class=\"aligncenter wp-image-2444 size-large\" src=\"http:\/\/carleton.ca\/litnews\/wp-content\/uploads\/Cpwu7SGXYAAxdYY-400x164.jpg\" alt=\"Abspielliste (PLAYLIST)\" width=\"400\" height=\"164\" srcset=\"https:\/\/carleton.ca\/litnews\/wp-content\/uploads\/Cpwu7SGXYAAxdYY-400x164.jpg 400w, https:\/\/carleton.ca\/litnews\/wp-content\/uploads\/Cpwu7SGXYAAxdYY-160x65.jpg 160w, https:\/\/carleton.ca\/litnews\/wp-content\/uploads\/Cpwu7SGXYAAxdYY-240x98.jpg 240w, https:\/\/carleton.ca\/litnews\/wp-content\/uploads\/Cpwu7SGXYAAxdYY-768x314.jpg 768w, https:\/\/carleton.ca\/litnews\/wp-content\/uploads\/Cpwu7SGXYAAxdYY-360x147.jpg 360w, https:\/\/carleton.ca\/litnews\/wp-content\/uploads\/Cpwu7SGXYAAxdYY.jpg 1198w\" sizes=\"(max-width: 400px) 100vw, 400px\" \/><\/a><\/p>\n<p style=\"padding-left: 30px; text-align: center;\"><span style=\"text-decoration: underline;\">\u00c4ltere <\/span>Sendungen werden zum Nachh\u00f6ren unter CKCU LitNews-3 &gt; <a href=\"http:\/\/carleton.ca\/litnews\/prog-3podcast\/\">Podcast-3 angeboten.<\/a><\/p>\n<h3>PROGRAMMSCHEMA<\/h3>\n<h3>I. Ausgangspunkte<\/h3>\n<p>Die Sendungen verstehen sich als ein <em>kanadisches<\/em> Echo auf das literarische Leben in europ\u00e4ischen L\u00e4ndern und Landesteilen, die \u00fcberwiegend oder zum Teil deutschsprachiger Kultur sind.-<\/p>\n<p>Die Programmgestaltung der Sendung bezieht sich auf folgende Ausgangspunkte:<\/p>\n<ol>\n<li>Was schreiben deutschsprachige Autoren heutzutage? Wie und f\u00fcr wen erz\u00e4hlen sie ihre Geschichten? Wovon handeln ihre Romane und Theaterst\u00fccke? Wie klingen ihre Gedichte? Was bedeuten ihre Texte?<\/li>\n<li>Wie soll man sie lesen und bewerten? Wer findet \u00ad\u2014 gro\u00dfe, geringe oder gar keine Beachtung? Was halten Kritiker von Bestsellern? Welche kulturelle Bedeutung haben heutzutage (noch immer?] die gro\u00dfen Literaturpreise in Deutschland, in \u00d6sterreich und in der Schweiz? Finden sie grenz\u00fcberschreitende Beachtung?<\/li>\n<li>Welchen Platz nimmt neuartige, experimentelle Dichtung deutscher Sprache in der schweizer, \u00f6sterreichischen und deutschen Medienlandschaft ein? Wo und wie wird sie rezipiert? Was ist \u2018literarische \u00d6ffentlichkeit\u2019 im deutschsprachigen Raum? Wer sind die meinungsbildenden K\u00f6pfe?<\/li>\n<li>Die Sendungen sind auch ein Echo aus virtuellen R\u00e4umen im Internet, wo junge Lyriker, Schriftstellerinnen, und St\u00fcckeschreiber aus aller Welt ihre Werke in deutscher Sprache vorstellen und produzieren.<strong>*<\/strong><\/li>\n<li>Wie wirkt aktuelle Literatur in deutscher Sprache im multikulturellen Rahmen globaler \u201cWeltliteratur\u201d? Gibt es sie? Als Goethe 1827 mit diesem Begriff eine \u00e4hnliche Frage aufwarf, waren die Bedingungen des literarischen Schaffens nat\u00fcrlich anders\u2026<\/li>\n<\/ol>\n<p>* <strong>Walter Benjamin<\/strong> war in dieser Hinsicht wegweisend; meinte er doch in seiner oft zitierten Ansprache, <em>Der Autor als Produzent<\/em> (1934): \u201cAlso ehe ich frage: wie steht eine Dichtung <em>zu <\/em>den Produktionsverh\u00e4ltnissen einer Epoche? m\u00f6chte ich fragen: wie steht sie <em>in<\/em> ihnen? Diese Frage zielt unmittelbar auf die Funktion, die das Werk innerhalb der schriftstellerischen Produktionsverh\u00e4ltnisse einer Zeit hat.\u201d <em>Gesammelte Schriften <\/em>II.2 (Suhrkamp Verlag, 1977), S. 686.<\/p>\n<h3>II. Aktuelle Schwerpunkte<\/h3>\n<p>Das sind Inhalte unterschiedlicher Art, die w\u00e4hrend der ersten H\u00e4lfte einer Sendung gebracht werden, z.B. Gespr\u00e4che mit Autoren, die im Studio zu Gast sind. Dabei kann es auch zu einer ausf\u00fchrlichen Unterhaltung kommen, die den Inhalt einer ganzen Sendung f\u00fcllt (20 Min.). Auch l\u00e4ngere Telefongespr\u00e4che sind m\u00f6glich. Ferner wird eingangs auf erw\u00e4hnenswerte Daten im Literaturkalendar (Gedenktage,Geburtstage) hingewiesen.<\/p>\n<p><strong>Literarische Kurznachrichten<\/strong><\/p>\n<p>Aktuelles aus dem deutschsprachigen Literaturbetrieb, z.B. beachtenswerte literarische Ereignisse; Preisverleihungen; \u00f6ffentliche Ehrungen; Debatten und Kontroversen; Neues aus dem Verlagswesen, Buchmessen; Berliner Theatertreffen, Krimifest, etc;<\/p>\n<p><strong>Top-Ten Bestsellerlisten<\/strong> (in deutschsprachigen Medien)<\/p>\n<p><strong>Hinweise auf Tendenzen<\/strong> (literarische Geschmacksrichtungen): \u2018Was geht derzeit gut?\u2019 (Telefongespr\u00e4che mit Verlegern, Kritikern, Buchh\u00e4ndlern); Hinweise auf noch ungedruckte, experimentelle <strong>ONLINE<\/strong> Werke; wenn m\u00f6glich kurze Leseprobe aus besonders zu empfehlenden <strong>e-texten.<br \/>\n<\/strong><\/p>\n<p><strong>Wir besprechen kurz und empfehlen wirklich <em>neue Titel<\/em><\/strong> (Romane, Lyrik, Theaterst\u00fccke; wichtige Neuausgaben; auch mal Biographien, Geschichtliches, Heiteres, Kontroverses, Reiseliteratur; Kriminalromane; Kinderb\u00fccher, Jugendliteratur, H\u00f6rb\u00fccher, e-books; aber leider keine Sachb\u00fccher.)<\/p>\n<p><strong>Besuche in virtuellen literarischen Salons, Caf\u00e9s und Blogs<\/strong> mit kurzen Kommentaren zu aktuellen Inhalten, und wenn irgend m\u00f6glich mit Toneinlagen. Was wird derzeit in den \u2018H\u00e4usern der Literatur\u2019 geboten?<\/p>\n<h3>III. Verschiedene Gesichtspunkte<\/h3>\n<p>&gt; Die Moderatoren diskutieren (auch mal mit einem Gast) \u00fcber das was sich aus der Lekt\u00fcre eines Buches ableiten l\u00e4sst: Sujet und Inhalt; Sprache, Erz\u00e4hlform, Gestalt. Die Handlung [Zeit\/Raum]: darin die psychologische \/ historische Glaubw\u00fcrdigkeit der Charaktere.<\/p>\n<p>&gt; Diskussion \u00fcber inhaltlich bemerkenswerte, gestalterisch origin\u00e4re Werkaspekte. Was ist neuartig an dem Buch? Wie ist es zu bewerten? Was hei\u00dft das \u00fcberhaupt, \u2018ein literarisches Werk bewerten\u2019? Warum ist das Buch (sehr \/nur begrenzt) lesenswert? Mit was ist es zu vergleichen? Welche kulturelle Bedeutung hat es? Dazu kommt danneine kurze Leseprobe.<\/p>\n<p>&gt; Gedankenaustausch \u00fcber ein aktuelles Theaterst\u00fcck: Wie war die Rezeption? Was sagen Feuilletonisten in \u00d6sterreich, in der Schweiz und in Deutschland zu einer bedeutsamen Theaterauff\u00fchrung? Was besagt das \u00fcber den \u2018Erwartungshorizont\u2019 der Zuschauer?<\/p>\n<p><strong>Das Gedicht des Monats aus drei Jahrhunderten<\/strong> (19 .- 21. Jhd.): Ein Gedicht wird vorgelesen und kurz besprochen: gespr\u00e4chsweise werden m\u00f6gliche Inhalte angedeutet, nichts \u2018tiefsch\u00fcrfend\u2019 interpretiert; vielmehr soll manches offen bleiben\u2026<\/p>\n<h3>IV. Thematische Schwerpunkte<\/h3>\n<p>Das sind vorprogrammierte Inhalte, z.B. au\u00dferhalb des Studios aufgenommene Interviews mit Schriftstellern, die nach Ottawa zu Lesungen gekommen sind.<\/p>\n<p>Thematisch ausgearbeitete Sendereihen, wie z.B. die bereits gelaufenen \u00fcber \u2018Literatur der Wendezeit\u2019 und \u00fcber \u2018neue Literatur aus \u00d6sterreich\u2019, die noch immer im<a href=\"http:\/\/carleton.ca\/litecho\/archiv.html\"> ARCHIV <\/a> nachzuh\u00f6ren sind, unter &gt; http:\/\/carleton.ca\/litecho\/archiv.html<\/p>\n<p>Augenommene Telefongespr\u00e4che (MP3-Dateien), z.B. mit Leseprogrammleitern in \u2018H\u00e4usern der Literatur\u2019 oder mit Lektoren deutschsprachiger Verlagsh\u00e4user. \u2018Das literarische Leben\u2019 in den virtuellen R\u00e4umen der Social-Networks und Foren mit denen <strong>CKCU Literay News<\/strong> mehrsprachig vernetzt ist (<em><a href=\"http:\/\/www.facebook.com\/ckculitnews\">facebook<\/a> | <a href=\"http:\/\/www.twitter.com\/#%21\/ckculitnews\">twitter<\/a> <\/em>).Was l\u00e4sst sich \u00fcber die \u00abjunge Literatur\u00bb erfahren?<\/p>\n<p><strong>Unterhaltsame Behandlung umstrittener Themen<\/strong><\/p>\n<p>Vorgesehen sind Kommentare zu folgenden Themen:<\/p>\n<ul>\n<li>Literarische Fernsehsendungen: <em>Show<\/em>, Manipulation und Wirkung;<\/li>\n<li>Schreiben heute: Was h\u00f6rt man von jungen Autoren?<\/li>\n<li>Literarisches Leben im deutschsprachigen Raum: kulturgeschichtlich bedingt, geographisch begrenzt, sich selbst organisierend, virtuell und offen;<\/li>\n<li>Gibt es au\u00dfer der \u00abliterarischen Sprachgemeinschaft\u00bb, neben der kulturellen Eigenst\u00e4ndigkeit und Vielfalt, noch etwas Spezifisches, das allen gemeinsam ist?<\/li>\n<li>Literatur und sozial-politisches Engagement \u2014 noch immer? Warum?<\/li>\n<li>\u201cDie Wende\u201d (1989 bis heute): Erz\u00e4hlte Zeitgeschichte;<\/li>\n<li>Merkmale massenhaft verbreiteter Belletristik;<\/li>\n<li>Literatur und Tabu: Gibt es noch tabuisierte Stoffe?<\/li>\n<li>Lyrik und Musik: Gibt es eine literarische <em>pop culture<\/em>?<\/li>\n<li>Formen und Ausdrucksweisen \u00abintermedialer Literatur\u00bb;<\/li>\n<li>Literatur und Film: Gelungene \/ gescheiterte Verfilmungen;<\/li>\n<li>Literatur und bildende Kunst: Gibt es Beziehungen? Kafka, Hesse, Grass;<\/li>\n<li>Literarische Tradition heute: Wer beruft sich (noch?) auf [moderne?] Klassiker?<\/li>\n<li>Was ist postmodern?<\/li>\n<li>Wo gibt es eine avantgardistische Literatur deutscher Sprache?<\/li>\n<li>Publikumsgeschmack: Was l\u00e4sst sich heutzutage dazu sagen?<\/li>\n<li>Deutschsprachige Schriftsteller in der <em>Diaspora<\/em>;<\/li>\n<li>Schriftsteller-\/innen, die sich des Deutschen als Zweitsprache bedienen;<\/li>\n<li>Deutsch \u2014 eine literarische Weltsprache?<\/li>\n<li>Gibt es noch so etwas wie Dichterruhm? Wer kommt auf das <em>blaue Sofa<\/em> w\u00e4hrend der Frankfurter Buchmesse?<\/li>\n<li>Wie liest man heute? Buchkultur und <em>e-books<\/em>;<\/li>\n<li>Dichtung im virtuellen Raum \u2013 leicht findbar oder f\u00fcr immer verloren?<\/li>\n<\/ul>\n<h3>IMPRESSUM<\/h3>\n<p>Die Sendung <a href=\"http:\/\/www.carleton.ca\/litecho\/\"><em>Das literarische Echo<\/em><\/a> wird vom universit\u00e4tseigenen <strong>Sender CKCU-FM 93.1<\/strong> <cite><\/cite>auf dem Campus der <a href=\"http:\/\/carleton.ca\">Carleton University<\/a>\u00a0 in Ottawa ausgestrahlt. Sie ist auch im Internet zu h\u00f6ren, auf CKCU LitNewsSTREAM &gt; <a href=\"http:\/\/carleton.ca\/litnews\/stream\/\">LISTEN LIVE<\/a>.<\/p>\n<p>Derzeit werden \u00fcber 100 gespeicherte Radiosendungen im <a href=\"http:\/\/www3.carleton.ca\/litecho\/archiv.html\">Archiv (<em>podcast<\/em>)<\/a> sowie unter <strong>CKCU Literary News<\/strong> <a href=\"http:\/\/carleton.ca\/litnews\/prog-3podcast\/\">Podcast 3<\/a> und \u00fcber die <strong>Abspielliste<\/strong> (CKCU Literary News <a href=\"http:\/\/carleton.ca\/litnews\/playlist\/\">PAYLIST<\/a>) zum Nachh\u00f6ren angeboten.<\/p>\n<p><em>Moderatoren<\/em>:<\/p>\n<div align=\"center\">\n<div id=\"attachment_974\" class=\"wp-caption aligncenter\">\n<p><img decoding=\"async\" loading=\"lazy\" class=\"size-large wp-image-974\" title=\"P1060600\" src=\"http:\/\/carleton.ca\/litnews\/wp-content\/uploads\/P1060600-400x283.jpg\" alt=\"\" width=\"400\" height=\"283\" \/><\/p>\n<p class=\"wp-caption-text\">Dr. Hans-George Ruprecht und\u00a0 Dr. Helmut Zobl<\/p>\n<\/div>\n<\/div>\n<p><a href=\"http:\/\/www.carleton.ca\/slals\/faculty\/linguistics\/index.html\">http:\/\/www.carleton.ca\/slals\/faculty\/linguistics\/index.html<\/a><\/p>\n<p><em>Kontakt<\/em>:<\/p>\n<p>radio.ckcu.litnews[at]gmail.com<\/p>\n<p><a href=\"http:\/\/www.linkedin.com\/in\/hostckculitnews\">www.linkedin.com\/in\/hostckculitnews<\/a><a href=\"http:\/\/www.facebook.com\/ckculitnews\"><br \/>\nwww.facebook.com\/ckculitnews<\/a><a href=\"http:\/\/twitter.com\/#!\/ckculitnews\"><br \/>\nwww.twitter.com\/#!\/ckculitnews<\/a><\/p>\n<p><em>Postanschrift:<\/em><\/p>\n<p><strong>Radio CKCU Literary News<\/strong><\/p>\n<p>Unicentre, Room 517<br \/>\nCarleton University<br \/>\n1125 Colonel By Drive<br \/>\nOttawa, ON K1S 5B6 \/ Canada<\/p>\n<p><em>Skype:<\/em><strong> radiockcu-litnews<br \/>\n<\/strong><\/p>\n<p>mb +1 (613) 883-2120<br \/>\ntf\u00a0\u00a0\u00a0 +1 (613) 730-2220<\/p>\n<p><strong>CKCU<\/strong><strong> Empfang,<\/strong>werktags 8.00 &#8211; 17.00 Uhr EST: + 1 (613) 520-2898<\/p>\n<p><\/p>\n","protected":false},"excerpt":{"rendered":"<p>CKCU\/LitNews-3 http:\/\/carleton.ca\/litnews\/german\/ \u200e Deutschsprachige Literatur im Gespr\u00e4ch, Kritiken und Kontroversen. Tonzeichen: Medienpartnerschaft Sendezeit: Mittwochs, 9.30 \u2013 10.00 Uhr EDT \/ EST in Kanada \/ 15.30 \u2013 16.00 Uhr MEZ (Europa) im Internet &gt; CKCU LitNews STREAM &gt; LISTEN LIVE und danach unter dem in blau\u00a0 angezeigten Sendetermin auf der ABSPIELLISTE ( bitte CKCU Literary News [&hellip;]<\/p>\n","protected":false},"author":7,"featured_media":0,"parent":0,"menu_order":0,"comment_status":"closed","ping_status":"closed","template":"","meta":{"_relevanssi_hide_post":"","_relevanssi_hide_content":"","_relevanssi_pin_for_all":"","_relevanssi_pin_keywords":"","_relevanssi_unpin_keywords":"","_relevanssi_related_keywords":"","_relevanssi_related_include_ids":"","_relevanssi_related_exclude_ids":"","_relevanssi_related_no_append":"","_relevanssi_related_not_related":"","_relevanssi_related_posts":"","_relevanssi_noindex_reason":"","_mi_skip_tracking":false,"_exactmetrics_sitenote_active":false,"_exactmetrics_sitenote_note":"","_exactmetrics_sitenote_category":0,"footnotes":"","_links_to":"","_links_to_target":""},"yoast_head":"<!-- This site is optimized with the Yoast SEO plugin v21.2 - https:\/\/yoast.com\/wordpress\/plugins\/seo\/ -->\n<title>Das literarische Echo - CKCU Literary News<\/title>\n<meta name=\"description\" content=\"Das literarische Echo aus deutschsprachigen L\u00e4ndern. Berichte, Interviews, Kritiken und Kontroversen.\" \/>\n<meta name=\"robots\" content=\"index, follow, max-snippet:-1, max-image-preview:large, max-video-preview:-1\" \/>\n<link rel=\"canonical\" href=\"https:\/\/carleton.ca\/litnews\/german\/\" \/>\n<meta name=\"twitter:label1\" content=\"Est. reading time\" \/>\n\t<meta name=\"twitter:data1\" content=\"6 minutes\" \/>\n<script type=\"application\/ld+json\" class=\"yoast-schema-graph\">{\"@context\":\"https:\/\/schema.org\",\"@graph\":[{\"@type\":\"WebPage\",\"@id\":\"https:\/\/carleton.ca\/litnews\/german\/\",\"url\":\"https:\/\/carleton.ca\/litnews\/german\/\",\"name\":\"Das literarische Echo - CKCU Literary News\",\"isPartOf\":{\"@id\":\"https:\/\/carleton.ca\/litnews\/#website\"},\"datePublished\":\"2016-09-13T06:40:05+00:00\",\"dateModified\":\"2016-10-12T10:30:20+00:00\",\"description\":\"Das literarische Echo aus deutschsprachigen L\u00e4ndern. Berichte, Interviews, Kritiken und Kontroversen.\",\"breadcrumb\":{\"@id\":\"https:\/\/carleton.ca\/litnews\/german\/#breadcrumb\"},\"inLanguage\":\"en-US\",\"potentialAction\":[{\"@type\":\"ReadAction\",\"target\":[\"https:\/\/carleton.ca\/litnews\/german\/\"]}]},{\"@type\":\"BreadcrumbList\",\"@id\":\"https:\/\/carleton.ca\/litnews\/german\/#breadcrumb\",\"itemListElement\":[{\"@type\":\"ListItem\",\"position\":1,\"name\":\"Home\",\"item\":\"https:\/\/carleton.ca\/litnews\/\"},{\"@type\":\"ListItem\",\"position\":2,\"name\":\"Das literarische Echo\"}]},{\"@type\":\"WebSite\",\"@id\":\"https:\/\/carleton.ca\/litnews\/#website\",\"url\":\"https:\/\/carleton.ca\/litnews\/\",\"name\":\"CKCU Literary News\",\"description\":\"Carleton University\",\"potentialAction\":[{\"@type\":\"SearchAction\",\"target\":{\"@type\":\"EntryPoint\",\"urlTemplate\":\"https:\/\/carleton.ca\/litnews\/?s={search_term_string}\"},\"query-input\":\"required name=search_term_string\"}],\"inLanguage\":\"en-US\"}]}<\/script>\n<!-- \/ Yoast SEO plugin. -->","yoast_head_json":{"title":"Das literarische Echo - CKCU Literary News","description":"Das literarische Echo aus deutschsprachigen L\u00e4ndern. Berichte, Interviews, Kritiken und Kontroversen.","robots":{"index":"index","follow":"follow","max-snippet":"max-snippet:-1","max-image-preview":"max-image-preview:large","max-video-preview":"max-video-preview:-1"},"canonical":"https:\/\/carleton.ca\/litnews\/german\/","twitter_misc":{"Est. reading time":"6 minutes"},"schema":{"@context":"https:\/\/schema.org","@graph":[{"@type":"WebPage","@id":"https:\/\/carleton.ca\/litnews\/german\/","url":"https:\/\/carleton.ca\/litnews\/german\/","name":"Das literarische Echo - CKCU Literary News","isPartOf":{"@id":"https:\/\/carleton.ca\/litnews\/#website"},"datePublished":"2016-09-13T06:40:05+00:00","dateModified":"2016-10-12T10:30:20+00:00","description":"Das literarische Echo aus deutschsprachigen L\u00e4ndern. Berichte, Interviews, Kritiken und Kontroversen.","breadcrumb":{"@id":"https:\/\/carleton.ca\/litnews\/german\/#breadcrumb"},"inLanguage":"en-US","potentialAction":[{"@type":"ReadAction","target":["https:\/\/carleton.ca\/litnews\/german\/"]}]},{"@type":"BreadcrumbList","@id":"https:\/\/carleton.ca\/litnews\/german\/#breadcrumb","itemListElement":[{"@type":"ListItem","position":1,"name":"Home","item":"https:\/\/carleton.ca\/litnews\/"},{"@type":"ListItem","position":2,"name":"Das literarische Echo"}]},{"@type":"WebSite","@id":"https:\/\/carleton.ca\/litnews\/#website","url":"https:\/\/carleton.ca\/litnews\/","name":"CKCU Literary News","description":"Carleton University","potentialAction":[{"@type":"SearchAction","target":{"@type":"EntryPoint","urlTemplate":"https:\/\/carleton.ca\/litnews\/?s={search_term_string}"},"query-input":"required name=search_term_string"}],"inLanguage":"en-US"}]}},"acf":{"banner_image_type":"none"},"_links":{"self":[{"href":"https:\/\/carleton.ca\/litnews\/wp-json\/wp\/v2\/pages\/2395"}],"collection":[{"href":"https:\/\/carleton.ca\/litnews\/wp-json\/wp\/v2\/pages"}],"about":[{"href":"https:\/\/carleton.ca\/litnews\/wp-json\/wp\/v2\/types\/page"}],"author":[{"embeddable":true,"href":"https:\/\/carleton.ca\/litnews\/wp-json\/wp\/v2\/users\/7"}],"replies":[{"embeddable":true,"href":"https:\/\/carleton.ca\/litnews\/wp-json\/wp\/v2\/comments?post=2395"}],"version-history":[{"count":4,"href":"https:\/\/carleton.ca\/litnews\/wp-json\/wp\/v2\/pages\/2395\/revisions"}],"predecessor-version":[{"id":2604,"href":"https:\/\/carleton.ca\/litnews\/wp-json\/wp\/v2\/pages\/2395\/revisions\/2604"}],"wp:attachment":[{"href":"https:\/\/carleton.ca\/litnews\/wp-json\/wp\/v2\/media?parent=2395"}],"curies":[{"name":"wp","href":"https:\/\/api.w.org\/{rel}","templated":true}]}}