{"id":2516,"date":"2016-10-03T03:58:54","date_gmt":"2016-10-03T07:58:54","guid":{"rendered":"http:\/\/carleton.ca\/litnews\/?page_id=2516"},"modified":"2016-10-04T15:13:17","modified_gmt":"2016-10-04T19:13:17","slug":"criticalthoughts","status":"publish","type":"page","link":"https:\/\/carleton.ca\/litnews\/criticalthoughts\/","title":{"rendered":"Pens\u00e9e critique \/ Critical thoughts"},"content":{"rendered":"<p><img decoding=\"async\" loading=\"lazy\" class=\"aligncenter wp-image-2518 size-large\" src=\"http:\/\/carleton.ca\/litnews\/wp-content\/uploads\/url-8-400x400.jpg\" alt=\"url-8\" width=\"400\" height=\"400\" srcset=\"https:\/\/carleton.ca\/litnews\/wp-content\/uploads\/url-8-400x400.jpg 400w, https:\/\/carleton.ca\/litnews\/wp-content\/uploads\/url-8-160x160.jpg 160w, https:\/\/carleton.ca\/litnews\/wp-content\/uploads\/url-8-240x240.jpg 240w, https:\/\/carleton.ca\/litnews\/wp-content\/uploads\/url-8-768x768.jpg 768w, https:\/\/carleton.ca\/litnews\/wp-content\/uploads\/url-8-200x200.jpg 200w, https:\/\/carleton.ca\/litnews\/wp-content\/uploads\/url-8-360x360.jpg 360w, https:\/\/carleton.ca\/litnews\/wp-content\/uploads\/url-8.jpg 1024w\" sizes=\"(max-width: 400px) 100vw, 400px\" \/>\u00a0\u00a0\u00a0\u00a0\u00a0\u00a0\u00a0 Diffus\u00e9 \u00e0 l&#8217;antenne de CKCU-FM 93.1 du campus de Carleton University (Ottawa) le programme <strong>CKCU-Literary News |<em>Pens\u00e9e critique<\/em><\/strong> \/ <strong>Critical thoughts<\/strong> fut cr\u00e9e en 2015 \u00e0 l&#8217;initiative de personnes associ\u00e9es de diverses mani\u00e8res au <strong><em>Coll\u00e8ge universitaire dominicain<\/em><\/strong> (CUD Ottawa) et \u00e0 <strong><em>Carleton University <\/em><\/strong>(CU). \u00a0Ce programme a \u00e9t\u00e9 promu ensemble par le Dr Roseann O\u2019Reilly Runte et le Dr Maxime Allard, respectivement pr\u00e9sident de CU et du CUD, en vue d\u2019\u00e9largir l\u2019espace francophone favorisant le dialogue et la collaboration entre ces deux institutions.\u00a0Il est aussi soutenu par <em>le minist\u00e8re de la Formation et des Coll\u00e8ges et Universit\u00e9s<\/em> (MFCU) de l\u2019Ontario.<\/p>\n<p style=\"text-align: center;\">C&#8217;est un programme ouvert au grand public; il se veut communautaire et interpersonnel faisant fond sur une entente interuniversitaire.<\/p>\n<p style=\"text-align: center;\">Sur notre <a href=\"http:\/\/Http:\/\/cod.ckcufm.com\/programs\/414\/index.html?=all\"><strong>l<\/strong><\/a><a href=\"http:\/\/cod.ckcufm.com\/programs\/414\/index.html?filter=all\"><strong>iste d&#8217;\u00e9coute<\/strong><\/a> (playlist) nous vous proposons d&#8217;entendre toutes nos \u00e9missions, dont celles du programme <strong>Pens\u00e9e critique \/ Critical thoughts<\/strong>.<\/p>\n<p style=\"text-align: center;\"><strong>All our broadcasts are available<\/strong> <strong>ON DEMAND<\/strong> <strong>at the site of<\/strong> <a href=\"http:\/\/cod.ckcufm.com\/programs\/414\/index.html?filter=all\"><strong>CKCU Literary News PLAYLIST<\/strong>.<\/a><\/p>\n<p>Ce programme de radio est \u2014<\/p>\n<ul>\n<li><u>ouvert<\/u> parce que son temps d&#8217;antenne de 30 minutes est offert \u00e0 ceux et celles qui voudraient prendre la parole afin de faire valoir les tenants et aboutissants d&#8217;une r\u00e9flexion critique, d\u00fbment inform\u00e9e, au sujet de probl\u00e9matiques reli\u00e9es aux r\u00e9alit\u00e9s d\u2019ordre culturel, social ou politique, o\u00f9 elles se trouvent dans le monde. Ne se consacrant donc pas qu\u2019\u00e0 une seule sorte de sujets, cette \u00e9mission est programm\u00e9e de mani\u00e8re<\/li>\n<li><u>h\u00e9t\u00e9rog\u00e8ne<\/u> \u00e0 plus forte raison qu\u2019elle privil\u00e9gie les diff\u00e9rences d\u2019opinion sur de perspectives nouvelles qui s\u2019ouvrent \u00e0 notre regard, afin de nous faire r\u00e9fl\u00e9chir sur la condition humaine ici ou ailleurs. \u00a0Cette \u00e9mission se veut<\/li>\n<li><u>communautaire<\/u> parce que sa programmation \u00e9pisodique ambitionne de se constituer en une plate-forme de diffusion et d&#8217;\u00e9change de connaissances qui participent \u00e0 la richesse de l&#8217;univers discursif de la francophonie au sens large. Tout bien consid\u00e9r\u00e9, c\u2019est un programme coop\u00e9ratif \u00e0 caract\u00e8re<\/li>\n<li><u>interpersonnel<\/u> parce que le producteur \/ animateur aura \u00e0 c\u0153ur d&#8217;encourager le dialogue dans l&#8217;espace publique de la cit\u00e9, y compris celui des r\u00e9seaux sociaux.<\/li>\n<\/ul>\n<p>Dans la mesure o\u00f9 les \u00e9missions de ce programme se d\u00e9marquent d&#8217;autres formes de discours (id\u00e9ologique, politique, etc.) elles sont forc\u00e9ment critique au sens \u00e9tymologique du terme.<\/p>\n<p>C&#8217;est un programme de radio \u00e0 plateaux multiples, car il ne sera pas seulement enregistr\u00e9 dans les studios de CKCU-FM 93.1 mais aussi fr\u00e9quemment dans des lieux publiques et certainement dans les locaux des deux universit\u00e9s.<\/p>\n<p>Produit par <strong>CKCU-LIterary News<\/strong> <u>http:\/\/carleton.ca\/litnews\/<\/u> le programme <strong><em>Pens\u00e9e<\/em> <em>critique<\/em><\/strong>, \u00e0 l&#8217;instar de sa version en langue anglaise (<em>Critical thoughts<\/em>), se pr\u00e9sente donc tel un passeur d&#8217;id\u00e9es. C&#8217;est aussi un lieu de passage o\u00f9 se croisent et s&#8217;entrelacent de multiples pistes de r\u00e9flexion, des attitudes et prises de position critique eu \u00e9gard \u00e0 tout ce qui fait probl\u00e8me pr\u00e9sentement dans nos soci\u00e9t\u00e9s, serait-ce pour une personne, une minorit\u00e9 ethnique, culturelle ou pour l&#8217;ensemble de la collectivit\u00e9.<\/p>\n<p>Ainsi la compr\u00e9hension commune des probl\u00e9matiques v\u00e9cues et des id\u00e9es avanc\u00e9es progressera, nous l\u2019esp\u00e9rons vivement, dans ce monde en pleine mutation.<\/p>\n<p><strong>\u00c9missions r\u00e9centes \/\u00a0 Recent broadcasts:<\/strong><\/p>\n<p><\/p>\n","protected":false},"excerpt":{"rendered":"<p>\u00a0\u00a0\u00a0\u00a0\u00a0\u00a0\u00a0 Diffus\u00e9 \u00e0 l&#8217;antenne de CKCU-FM 93.1 du campus de Carleton University (Ottawa) le programme CKCU-Literary News |Pens\u00e9e critique \/ Critical thoughts fut cr\u00e9e en 2015 \u00e0 l&#8217;initiative de personnes associ\u00e9es de diverses mani\u00e8res au Coll\u00e8ge universitaire dominicain (CUD Ottawa) et \u00e0 Carleton University (CU). \u00a0Ce programme a \u00e9t\u00e9 promu ensemble par le Dr Roseann [&hellip;]<\/p>\n","protected":false},"author":7,"featured_media":0,"parent":0,"menu_order":0,"comment_status":"closed","ping_status":"closed","template":"","meta":{"_relevanssi_hide_post":"","_relevanssi_hide_content":"","_relevanssi_pin_for_all":"","_relevanssi_pin_keywords":"","_relevanssi_unpin_keywords":"","_relevanssi_related_keywords":"","_relevanssi_related_include_ids":"","_relevanssi_related_exclude_ids":"","_relevanssi_related_no_append":"","_relevanssi_related_not_related":"","_relevanssi_related_posts":"","_relevanssi_noindex_reason":"","_mi_skip_tracking":false,"_exactmetrics_sitenote_active":false,"_exactmetrics_sitenote_note":"","_exactmetrics_sitenote_category":0,"footnotes":"","_links_to":"","_links_to_target":""},"yoast_head":"<!-- This site is optimized with the Yoast SEO plugin v21.2 - https:\/\/yoast.com\/wordpress\/plugins\/seo\/ -->\n<title>Pens\u00e9e critique \/ Critical thoughts - CKCU Literary News<\/title>\n<meta name=\"description\" content=\"\u00a0\u00a0\u00a0\u00a0\u00a0\u00a0\u00a0 Diffus\u00e9 \u00e0 l&#039;antenne de CKCU-FM 93.1 du campus de Carleton University (Ottawa) le programme CKCU-Literary News |Pens\u00e9e critique \/ Critical thoughts\" \/>\n<meta name=\"robots\" content=\"index, follow, max-snippet:-1, max-image-preview:large, max-video-preview:-1\" \/>\n<link rel=\"canonical\" href=\"https:\/\/carleton.ca\/litnews\/criticalthoughts\/\" \/>\n<meta name=\"twitter:label1\" content=\"Est. reading time\" \/>\n\t<meta name=\"twitter:data1\" content=\"3 minutes\" \/>\n<script type=\"application\/ld+json\" class=\"yoast-schema-graph\">{\"@context\":\"https:\/\/schema.org\",\"@graph\":[{\"@type\":\"WebPage\",\"@id\":\"https:\/\/carleton.ca\/litnews\/criticalthoughts\/\",\"url\":\"https:\/\/carleton.ca\/litnews\/criticalthoughts\/\",\"name\":\"Pens\u00e9e critique \/ Critical thoughts - CKCU Literary News\",\"isPartOf\":{\"@id\":\"https:\/\/carleton.ca\/litnews\/#website\"},\"datePublished\":\"2016-10-03T07:58:54+00:00\",\"dateModified\":\"2016-10-04T19:13:17+00:00\",\"description\":\"\u00a0\u00a0\u00a0\u00a0\u00a0\u00a0\u00a0 Diffus\u00e9 \u00e0 l'antenne de CKCU-FM 93.1 du campus de Carleton University (Ottawa) le programme CKCU-Literary News |Pens\u00e9e critique \/ Critical thoughts\",\"breadcrumb\":{\"@id\":\"https:\/\/carleton.ca\/litnews\/criticalthoughts\/#breadcrumb\"},\"inLanguage\":\"en-US\",\"potentialAction\":[{\"@type\":\"ReadAction\",\"target\":[\"https:\/\/carleton.ca\/litnews\/criticalthoughts\/\"]}]},{\"@type\":\"BreadcrumbList\",\"@id\":\"https:\/\/carleton.ca\/litnews\/criticalthoughts\/#breadcrumb\",\"itemListElement\":[{\"@type\":\"ListItem\",\"position\":1,\"name\":\"Home\",\"item\":\"https:\/\/carleton.ca\/litnews\/\"},{\"@type\":\"ListItem\",\"position\":2,\"name\":\"Pens\u00e9e critique \/ Critical thoughts\"}]},{\"@type\":\"WebSite\",\"@id\":\"https:\/\/carleton.ca\/litnews\/#website\",\"url\":\"https:\/\/carleton.ca\/litnews\/\",\"name\":\"CKCU Literary News\",\"description\":\"Carleton University\",\"potentialAction\":[{\"@type\":\"SearchAction\",\"target\":{\"@type\":\"EntryPoint\",\"urlTemplate\":\"https:\/\/carleton.ca\/litnews\/?s={search_term_string}\"},\"query-input\":\"required name=search_term_string\"}],\"inLanguage\":\"en-US\"}]}<\/script>\n<!-- \/ Yoast SEO plugin. -->","yoast_head_json":{"title":"Pens\u00e9e critique \/ Critical thoughts - CKCU Literary News","description":"\u00a0\u00a0\u00a0\u00a0\u00a0\u00a0\u00a0 Diffus\u00e9 \u00e0 l'antenne de CKCU-FM 93.1 du campus de Carleton University (Ottawa) le programme CKCU-Literary News |Pens\u00e9e critique \/ Critical thoughts","robots":{"index":"index","follow":"follow","max-snippet":"max-snippet:-1","max-image-preview":"max-image-preview:large","max-video-preview":"max-video-preview:-1"},"canonical":"https:\/\/carleton.ca\/litnews\/criticalthoughts\/","twitter_misc":{"Est. reading time":"3 minutes"},"schema":{"@context":"https:\/\/schema.org","@graph":[{"@type":"WebPage","@id":"https:\/\/carleton.ca\/litnews\/criticalthoughts\/","url":"https:\/\/carleton.ca\/litnews\/criticalthoughts\/","name":"Pens\u00e9e critique \/ Critical thoughts - CKCU Literary News","isPartOf":{"@id":"https:\/\/carleton.ca\/litnews\/#website"},"datePublished":"2016-10-03T07:58:54+00:00","dateModified":"2016-10-04T19:13:17+00:00","description":"\u00a0\u00a0\u00a0\u00a0\u00a0\u00a0\u00a0 Diffus\u00e9 \u00e0 l'antenne de CKCU-FM 93.1 du campus de Carleton University (Ottawa) le programme CKCU-Literary News |Pens\u00e9e critique \/ Critical thoughts","breadcrumb":{"@id":"https:\/\/carleton.ca\/litnews\/criticalthoughts\/#breadcrumb"},"inLanguage":"en-US","potentialAction":[{"@type":"ReadAction","target":["https:\/\/carleton.ca\/litnews\/criticalthoughts\/"]}]},{"@type":"BreadcrumbList","@id":"https:\/\/carleton.ca\/litnews\/criticalthoughts\/#breadcrumb","itemListElement":[{"@type":"ListItem","position":1,"name":"Home","item":"https:\/\/carleton.ca\/litnews\/"},{"@type":"ListItem","position":2,"name":"Pens\u00e9e critique \/ Critical thoughts"}]},{"@type":"WebSite","@id":"https:\/\/carleton.ca\/litnews\/#website","url":"https:\/\/carleton.ca\/litnews\/","name":"CKCU Literary News","description":"Carleton University","potentialAction":[{"@type":"SearchAction","target":{"@type":"EntryPoint","urlTemplate":"https:\/\/carleton.ca\/litnews\/?s={search_term_string}"},"query-input":"required name=search_term_string"}],"inLanguage":"en-US"}]}},"acf":{"banner_image_type":"none"},"_links":{"self":[{"href":"https:\/\/carleton.ca\/litnews\/wp-json\/wp\/v2\/pages\/2516"}],"collection":[{"href":"https:\/\/carleton.ca\/litnews\/wp-json\/wp\/v2\/pages"}],"about":[{"href":"https:\/\/carleton.ca\/litnews\/wp-json\/wp\/v2\/types\/page"}],"author":[{"embeddable":true,"href":"https:\/\/carleton.ca\/litnews\/wp-json\/wp\/v2\/users\/7"}],"replies":[{"embeddable":true,"href":"https:\/\/carleton.ca\/litnews\/wp-json\/wp\/v2\/comments?post=2516"}],"version-history":[{"count":3,"href":"https:\/\/carleton.ca\/litnews\/wp-json\/wp\/v2\/pages\/2516\/revisions"}],"predecessor-version":[{"id":2582,"href":"https:\/\/carleton.ca\/litnews\/wp-json\/wp\/v2\/pages\/2516\/revisions\/2582"}],"wp:attachment":[{"href":"https:\/\/carleton.ca\/litnews\/wp-json\/wp\/v2\/media?parent=2516"}],"curies":[{"name":"wp","href":"https:\/\/api.w.org\/{rel}","templated":true}]}}