{"id":2548,"date":"2016-10-04T07:37:27","date_gmt":"2016-10-04T11:37:27","guid":{"rendered":"http:\/\/carleton.ca\/litnews\/?page_id=2548"},"modified":"2016-10-04T13:58:48","modified_gmt":"2016-10-04T17:58:48","slug":"european","status":"publish","type":"page","link":"https:\/\/carleton.ca\/litnews\/european\/","title":{"rendered":"European literatures"},"content":{"rendered":"<p><a href=\"http:\/\/carleton.ca\/litnews\/european\/\"><img decoding=\"async\" loading=\"lazy\" class=\"alignleft wp-image-2405\" src=\"http:\/\/carleton.ca\/litnews\/wp-content\/uploads\/CKCU-icon-1.jpg\" alt=\"CKCU-FM93.1\" width=\"111\" height=\"111\" srcset=\"https:\/\/carleton.ca\/litnews\/wp-content\/uploads\/CKCU-icon-1.jpg 223w, https:\/\/carleton.ca\/litnews\/wp-content\/uploads\/CKCU-icon-1-160x161.jpg 160w, https:\/\/carleton.ca\/litnews\/wp-content\/uploads\/CKCU-icon-1-200x200.jpg 200w\" sizes=\"(max-width: 111px) 100vw, 111px\" \/><img decoding=\"async\" loading=\"lazy\" class=\"aligncenter wp-image-2556 size-full\" src=\"http:\/\/carleton.ca\/litnews\/wp-content\/uploads\/EUROPE-3.jpg\" alt=\"europe\" width=\"1961\" height=\"208\" srcset=\"https:\/\/carleton.ca\/litnews\/wp-content\/uploads\/EUROPE-3.jpg 1961w, https:\/\/carleton.ca\/litnews\/wp-content\/uploads\/EUROPE-3-160x17.jpg 160w, https:\/\/carleton.ca\/litnews\/wp-content\/uploads\/EUROPE-3-240x25.jpg 240w, https:\/\/carleton.ca\/litnews\/wp-content\/uploads\/EUROPE-3-768x81.jpg 768w, https:\/\/carleton.ca\/litnews\/wp-content\/uploads\/EUROPE-3-400x42.jpg 400w, https:\/\/carleton.ca\/litnews\/wp-content\/uploads\/EUROPE-3-360x38.jpg 360w\" sizes=\"(max-width: 1961px) 100vw, 1961px\" \/><\/a><\/p>\n<h3 style=\"text-align: center;\">CKCU Literary News:<span style=\"text-decoration: underline;\"> <a href=\"http:\/\/cod.ckcufm.com\/programs\/414\/index.html?filter=all\">ALL PLAYLISTS<\/a><\/span> \/ <a href=\"http:\/\/cod.ckcufm.com\/programs\/414\/index.html?filter=all\">liste d&#8217;\u00e9coute<\/a> \/ <a href=\"http:\/\/cod.ckcufm.com\/programs\/414\/index.html?filter=all\">Abspielliste<\/a> \/ <a href=\"http:\/\/cod.ckcufm.com\/programs\/414\/index.html?filter=all\">lista de reproducci\u00f3n<\/a><\/h3>\n<p style=\"text-align: center;\">To listen to shows from the playlist, please click on the dates. \/ Pour r\u00e9\u00e9couter des \u00e9missions, veuillez cliquer leurs dates de diffusion indiqu\u00e9es sur la liste d&#8217;\u00e9coute (playlist). \/ Das Anklicken der Sendedaten\u00a0auf\u00a0 der Abspielliste (playlist) erm\u00f6glicht das Nachh\u00f6ren.<\/p>\n<p>Given the complexity of the wider geographical, historical and sociopolitical context of culturally so diverse traditions, circumstances and ways of creative writing in Europe which\u00a0 define the program <span style=\"text-decoration: underline;\"><strong><em>Literatures in Europe today<\/em><\/strong><\/span><em>,<\/em> it needs to be said that the content of this program as well as its <em>newscasts<\/em> are deriving from the following points:<\/p>\n<blockquote>\n<blockquote>\n<ul>\n<li><em>Selected writers and their recent works as reviewed in Europe<\/em>\n<ul>\n<li><em>Regional differences (cultures \/ languages \/ borders)<\/em><\/li>\n<li><em>Historical relations (traditions \/ changes)<\/em><\/li>\n<\/ul>\n<\/li>\n<li><em>Books (poetry, fiction, drama, essay) in the News<\/em><\/li>\n<li><em>Prizes (national, international award-winning authors)<\/em><\/li>\n<li><em>Themes, genres and styles of contemporary writing<\/em><\/li>\n<li><em>New Media (blogs, e-magazines) and creative writing<\/em><\/li>\n<li><em>Circumstances of commemorative celebrations<\/em><\/li>\n<li><em>Inter- \/ national literature (theatre, poetry) festivals,<\/em><\/li>\n<li><em>Inter- \/ national book fairs (London, Paris, Frankfurt, etc.)<\/em><\/li>\n<li><em>Perspectives on cultural, and &#8216;literary life&#8217;in major European cities<\/em><\/li>\n<li><em>Latest trends in dramatic performance<\/em><\/li>\n<li><em>New film adaptations of fiction: reception and critique<\/em><\/li>\n<\/ul>\n<\/blockquote>\n<\/blockquote>\n<p>In dialogue with Canadian and European correspondents, who are graciously volunteering their time to participate in the broadcast, the show informs, from every aspect possible, about the considerable range of debate LITERATURE is generating in Europe, as it always has and continues to do in many countries.<\/p>\n<p>If there is a <em>common thread<\/em> running through the episodes of the show, then it may well be one that is also entwined with the multicultural fabric of Canadian society. In fact, in this vast country of ours many people do relate to each other in full awareness of their European cultural heritage, which includes shared experiences of literary readings.<\/p>\n<p>In addition to presentations of specific literary news items from all over Europe the program about <em>Literatures in Europe Today<\/em> proposes to engage guests, correspondents, and listeners in exploring program-related <em>themes<\/em> and <em>literary subject matters<\/em>, including the following:<\/p>\n<ul>\n<li><em>Rethinking &#8216;the literary&#8217; in Europe today<\/em><\/li>\n<li><em>Canadian media coverage of European writing: What do we get?<\/em><\/li>\n<li><em>Literary expressions of post-national \/ regional identities<\/em><\/li>\n<li><em>Reconstructing the recent past in fiction<\/em><\/li>\n<li><em>&#8216;War-torn European countries&#8217; as a theme<\/em><\/li>\n<li><em>The Holocaust: mourning and memory in creative writing<\/em><\/li>\n<li><em>1989 \u2013 writing twenty years later<\/em><\/li>\n<li><em>Writers mediating borderland experiences<\/em><\/li>\n<li><em>The figure of the exiled, refugee, immigrant<\/em><\/li>\n<li><em>Narratives of migration, immigration<\/em><\/li>\n<li><em>Experiences of ethnic cleansing, displacement, and loss<\/em><\/li>\n<li><em>Self and otherness in fiction, drama, and in poetry<\/em><\/li>\n<li><em>Overcoming \/ living with cultural divides<\/em><\/li>\n<li><em>Writing in more than one language<\/em><\/li>\n<li><em>The literary &#8216;publishing industry&#8217; in Europe<\/em><\/li>\n<li><em>European bestsellers: Translation, reception, success<\/em><\/li>\n<li><em>Popular literary genres<\/em><\/li>\n<li><em>Poetic voices on the outside: Can they be heard?<\/em><\/li>\n<li><em>Circulating writers, &#8216;\u00e9crivains sans fronti\u00e8res&#8217;<\/em><\/li>\n<li><em>Essayists and critics read across Europe<\/em><\/li>\n<li><em>Is there an established &#8216;literary scene&#8217; across Europe?<\/em><\/li>\n<li><em>Writers speaking up for people and causes<\/em><\/li>\n<li><em>Contemporary creative writing and the canons of &#8216;modern literature&#8217;<\/em><\/li>\n<li><em>Literature and new media in Europe<\/em><\/li>\n<li><em>Literary perspectives from the margins of society<\/em><\/li>\n<li><em>Fractured communities: writing about sub-cultural identities<\/em><\/li>\n<li><em>Literary traditions of resistance and dissidence: Are they still alive?<\/em><\/li>\n<li><em>Transgressive &#8216;underground&#8217; writing: Where? what about?<\/em><\/li>\n<li><em>Are there any new trends, or emerging literary movements?<\/em><\/li>\n<\/ul>\n<p style=\"text-align: center;\"><a href=\"http:\/\/carleton.ca\/litnews\/stream\/\"><img decoding=\"async\" loading=\"lazy\" class=\"aligncenter size-medium wp-image-2446\" src=\"http:\/\/carleton.ca\/litnews\/wp-content\/uploads\/url-5-240x252.jpg\" alt=\"url-5\" width=\"240\" height=\"252\" srcset=\"https:\/\/carleton.ca\/litnews\/wp-content\/uploads\/url-5-240x252.jpg 240w, https:\/\/carleton.ca\/litnews\/wp-content\/uploads\/url-5-160x168.jpg 160w, https:\/\/carleton.ca\/litnews\/wp-content\/uploads\/url-5-768x807.jpg 768w, https:\/\/carleton.ca\/litnews\/wp-content\/uploads\/url-5-400x420.jpg 400w, https:\/\/carleton.ca\/litnews\/wp-content\/uploads\/url-5-360x378.jpg 360w, https:\/\/carleton.ca\/litnews\/wp-content\/uploads\/url-5.jpg 975w\" sizes=\"(max-width: 240px) 100vw, 240px\" \/><\/a><\/p>\n<h3 style=\"text-align: center;\"><a href=\"http:\/\/carleton.ca\/litnews\/stream\/\"><strong><span style=\"text-decoration: underline;\">CKCU-FM93.1 STREAM<\/span><\/strong><\/a><\/h3>\n","protected":false},"excerpt":{"rendered":"<p>CKCU Literary News: ALL PLAYLISTS \/ liste d&#8217;\u00e9coute \/ Abspielliste \/ lista de reproducci\u00f3n To listen to shows from the playlist, please click on the dates. \/ Pour r\u00e9\u00e9couter des \u00e9missions, veuillez cliquer leurs dates de diffusion indiqu\u00e9es sur la liste d&#8217;\u00e9coute (playlist). \/ Das Anklicken der Sendedaten\u00a0auf\u00a0 der Abspielliste (playlist) erm\u00f6glicht das Nachh\u00f6ren. Given [&hellip;]<\/p>\n","protected":false},"author":7,"featured_media":0,"parent":0,"menu_order":0,"comment_status":"closed","ping_status":"closed","template":"","meta":{"_relevanssi_hide_post":"","_relevanssi_hide_content":"","_relevanssi_pin_for_all":"","_relevanssi_pin_keywords":"","_relevanssi_unpin_keywords":"","_relevanssi_related_keywords":"","_relevanssi_related_include_ids":"","_relevanssi_related_exclude_ids":"","_relevanssi_related_no_append":"","_relevanssi_related_not_related":"","_relevanssi_related_posts":"","_relevanssi_noindex_reason":"","_mi_skip_tracking":false,"_exactmetrics_sitenote_active":false,"_exactmetrics_sitenote_note":"","_exactmetrics_sitenote_category":0,"footnotes":"","_links_to":"","_links_to_target":""},"yoast_head":"<!-- This site is optimized with the Yoast SEO plugin v21.2 - https:\/\/yoast.com\/wordpress\/plugins\/seo\/ -->\n<title>European literatures - CKCU Literary News<\/title>\n<meta name=\"description\" content=\"CKCU Literary News: ALL PLAYLISTS \/ liste d&#039;\u00e9coute \/ Abspielliste \/ lista de reproducci\u00f3n To listen to shows from the playlist, please click on the dates.\" \/>\n<meta name=\"robots\" content=\"index, follow, max-snippet:-1, max-image-preview:large, max-video-preview:-1\" \/>\n<link rel=\"canonical\" href=\"https:\/\/carleton.ca\/litnews\/european\/\" \/>\n<meta name=\"twitter:label1\" content=\"Est. reading time\" \/>\n\t<meta name=\"twitter:data1\" content=\"3 minutes\" \/>\n<script type=\"application\/ld+json\" class=\"yoast-schema-graph\">{\"@context\":\"https:\/\/schema.org\",\"@graph\":[{\"@type\":\"WebPage\",\"@id\":\"https:\/\/carleton.ca\/litnews\/european\/\",\"url\":\"https:\/\/carleton.ca\/litnews\/european\/\",\"name\":\"European literatures - CKCU Literary News\",\"isPartOf\":{\"@id\":\"https:\/\/carleton.ca\/litnews\/#website\"},\"datePublished\":\"2016-10-04T11:37:27+00:00\",\"dateModified\":\"2016-10-04T17:58:48+00:00\",\"description\":\"CKCU Literary News: ALL PLAYLISTS \/ liste d'\u00e9coute \/ Abspielliste \/ lista de reproducci\u00f3n To listen to shows from the playlist, please click on the dates.\",\"breadcrumb\":{\"@id\":\"https:\/\/carleton.ca\/litnews\/european\/#breadcrumb\"},\"inLanguage\":\"en-US\",\"potentialAction\":[{\"@type\":\"ReadAction\",\"target\":[\"https:\/\/carleton.ca\/litnews\/european\/\"]}]},{\"@type\":\"BreadcrumbList\",\"@id\":\"https:\/\/carleton.ca\/litnews\/european\/#breadcrumb\",\"itemListElement\":[{\"@type\":\"ListItem\",\"position\":1,\"name\":\"Home\",\"item\":\"https:\/\/carleton.ca\/litnews\/\"},{\"@type\":\"ListItem\",\"position\":2,\"name\":\"European literatures\"}]},{\"@type\":\"WebSite\",\"@id\":\"https:\/\/carleton.ca\/litnews\/#website\",\"url\":\"https:\/\/carleton.ca\/litnews\/\",\"name\":\"CKCU Literary News\",\"description\":\"Carleton University\",\"potentialAction\":[{\"@type\":\"SearchAction\",\"target\":{\"@type\":\"EntryPoint\",\"urlTemplate\":\"https:\/\/carleton.ca\/litnews\/?s={search_term_string}\"},\"query-input\":\"required name=search_term_string\"}],\"inLanguage\":\"en-US\"}]}<\/script>\n<!-- \/ Yoast SEO plugin. -->","yoast_head_json":{"title":"European literatures - CKCU Literary News","description":"CKCU Literary News: ALL PLAYLISTS \/ liste d'\u00e9coute \/ Abspielliste \/ lista de reproducci\u00f3n To listen to shows from the playlist, please click on the dates.","robots":{"index":"index","follow":"follow","max-snippet":"max-snippet:-1","max-image-preview":"max-image-preview:large","max-video-preview":"max-video-preview:-1"},"canonical":"https:\/\/carleton.ca\/litnews\/european\/","twitter_misc":{"Est. reading time":"3 minutes"},"schema":{"@context":"https:\/\/schema.org","@graph":[{"@type":"WebPage","@id":"https:\/\/carleton.ca\/litnews\/european\/","url":"https:\/\/carleton.ca\/litnews\/european\/","name":"European literatures - CKCU Literary News","isPartOf":{"@id":"https:\/\/carleton.ca\/litnews\/#website"},"datePublished":"2016-10-04T11:37:27+00:00","dateModified":"2016-10-04T17:58:48+00:00","description":"CKCU Literary News: ALL PLAYLISTS \/ liste d'\u00e9coute \/ Abspielliste \/ lista de reproducci\u00f3n To listen to shows from the playlist, please click on the dates.","breadcrumb":{"@id":"https:\/\/carleton.ca\/litnews\/european\/#breadcrumb"},"inLanguage":"en-US","potentialAction":[{"@type":"ReadAction","target":["https:\/\/carleton.ca\/litnews\/european\/"]}]},{"@type":"BreadcrumbList","@id":"https:\/\/carleton.ca\/litnews\/european\/#breadcrumb","itemListElement":[{"@type":"ListItem","position":1,"name":"Home","item":"https:\/\/carleton.ca\/litnews\/"},{"@type":"ListItem","position":2,"name":"European literatures"}]},{"@type":"WebSite","@id":"https:\/\/carleton.ca\/litnews\/#website","url":"https:\/\/carleton.ca\/litnews\/","name":"CKCU Literary News","description":"Carleton University","potentialAction":[{"@type":"SearchAction","target":{"@type":"EntryPoint","urlTemplate":"https:\/\/carleton.ca\/litnews\/?s={search_term_string}"},"query-input":"required name=search_term_string"}],"inLanguage":"en-US"}]}},"acf":{"banner_image_type":"none"},"_links":{"self":[{"href":"https:\/\/carleton.ca\/litnews\/wp-json\/wp\/v2\/pages\/2548"}],"collection":[{"href":"https:\/\/carleton.ca\/litnews\/wp-json\/wp\/v2\/pages"}],"about":[{"href":"https:\/\/carleton.ca\/litnews\/wp-json\/wp\/v2\/types\/page"}],"author":[{"embeddable":true,"href":"https:\/\/carleton.ca\/litnews\/wp-json\/wp\/v2\/users\/7"}],"replies":[{"embeddable":true,"href":"https:\/\/carleton.ca\/litnews\/wp-json\/wp\/v2\/comments?post=2548"}],"version-history":[{"count":3,"href":"https:\/\/carleton.ca\/litnews\/wp-json\/wp\/v2\/pages\/2548\/revisions"}],"predecessor-version":[{"id":2566,"href":"https:\/\/carleton.ca\/litnews\/wp-json\/wp\/v2\/pages\/2548\/revisions\/2566"}],"wp:attachment":[{"href":"https:\/\/carleton.ca\/litnews\/wp-json\/wp\/v2\/media?parent=2548"}],"curies":[{"name":"wp","href":"https:\/\/api.w.org\/{rel}","templated":true}]}}