{"id":26,"date":"2010-06-21T08:55:51","date_gmt":"2010-06-21T13:55:51","guid":{"rendered":"http:\/\/carleton.ca\/litnews\/?page_id=26"},"modified":"2012-05-09T14:45:14","modified_gmt":"2012-05-09T18:45:14","slug":"literature-information-centres-and-portals","status":"publish","type":"page","link":"https:\/\/carleton.ca\/litnews\/links\/literature-information-centres-and-portals\/","title":{"rendered":"Literature Information Centres And Portals"},"content":{"rendered":"<p>Actualidad Literatura.com<\/p>\n<p style=\"padding-left: 30px;\"><a href=\"http:\/\/www.actualidadliteratura.com\/\">http:\/\/www.actualidadliteratura.com\/<\/a><\/p>\n<p>Bacacay: The Polish Literature Weblog<\/p>\n<p style=\"padding-left: 30px;\"><a href=\"http:\/\/bacacay.wordpress.com\/\">http:\/\/bacacay.wordpress.com\/<\/a><\/p>\n<p>Basque Literature portal<\/p>\n<p style=\"padding-left: 30px;\"><a href=\"http:\/\/www.basqueliterature.com\/en\/\">http:\/\/www.basqueliterature.com\/en\/<\/a><\/p>\n<p>Books from Lithuania<\/p>\n<p style=\"padding-left: 30px;\"><a href=\"http:\/\/www.booksfromlithuania.lt\/index.php?page_id=20\">http:\/\/www.booksfromlithuania.lt\/index.php?page_id=20<\/a><\/p>\n<p>British Academy, Portals<\/p>\n<p style=\"padding-left: 30px;\"><a href=\"http:\/\/www.britac.ac.uk\/portal\/bysection.asp?section=H6\">http:\/\/www.britac.ac.uk\/portal\/bysection.asp?section=H6<\/a><\/p>\n<p style=\"padding-left: 30px;\">Contemporary writers in the UK<\/p>\n<p style=\"padding-left: 30px;\"><a href=\"http:\/\/www.contemporarywriters.com\/\">http:\/\/www.contemporarywriters.com\/<\/a><\/p>\n<p style=\"padding-left: 30px;\"><em>The Guardian<\/em> \u2013 literary links<\/p>\n<p style=\"padding-left: 30px;\"><a href=\"http:\/\/books.guardian.co.uk\/links\/\">http:\/\/books.guardian.co.uk\/links\/<\/a><\/p>\n<p style=\"padding-left: 30px;\">The Poetry Book Society<\/p>\n<p style=\"padding-left: 30px;\"><a href=\"http:\/\/www.poetrybooks.co.uk\/\">http:\/\/www.poetrybooks.co.uk\/<\/a><\/p>\n<p style=\"padding-left: 30px;\">BLOOMSBURY<\/p>\n<p style=\"padding-left: 30px;\"><a href=\"http:\/\/www.bloomsbury.com\/readinggroups\/default.aspx\">http:\/\/www.bloomsbury.com\/readinggroups\/default.aspx<\/a><\/p>\n<p style=\"padding-left: 30px;\">Books on the BBC<\/p>\n<p style=\"padding-left: 30px;\"><a href=\"http:\/\/www.bbc.co.uk\/tv\/seasons\/books\/\">http:\/\/www.bbc.co.uk\/tv\/seasons\/books\/<\/a><\/p>\n<p style=\"padding-left: 30px;\">The <em>Official London Theatre Guide<\/em><\/p>\n<p style=\"padding-left: 30px;\"><a href=\"http:\/\/www.officiallondontheatre.co.uk\">http:\/\/www.officiallondontheatre.co.uk\/<\/a><\/p>\n<p>Bookstores in Europe<\/p>\n<p style=\"padding-left: 30px;\"><a href=\"http:\/\/www.bookstoreguide.org\/\">http:\/\/www.bookstoreguide.org\/<\/a><\/p>\n<p>Bulgarian cultural news and\u00a0 literature<\/p>\n<p style=\"padding-left: 30px;\"><span style=\"text-decoration: underline;\"><a href=\"http:\/\/www.liternet.bg\/\">http:\/\/www.liternet.bg\/<\/a><\/span><\/p>\n<p style=\"padding-left: 30px;\"><a href=\"http:\/\/kulturni-novini.info\/\">http:\/\/kulturni-novini.info\/<\/a><\/p>\n<p style=\"padding-left: 30px;\"><a href=\"http:\/\/www.litclub.com\/\">http:\/\/www.litclub.com\/<\/a><\/p>\n<p style=\"padding-left: 30px;\"><a href=\"http:\/\/otkrovenia.com\/\">http:\/\/otkrovenia.com\/<\/a><\/p>\n<p style=\"padding-left: 30px;\"><a href=\"http:\/\/literaturata.com\/\">http:\/\/literaturata.com\/<\/a><\/p>\n<p>Centre for Slovenian Literature<\/p>\n<p style=\"padding-left: 30px;\"><a href=\"http:\/\/www.culture.si\/en\/Centre_for_Slovenian_Literature\">http:\/\/www.culture.si\/en\/Centre_for_Slovenian_Literature<\/a><\/p>\n<p>Contemporary Romanian writers<\/p>\n<p style=\"padding-left: 30px;\"><a href=\"http:\/\/www.romanianwriters.ro\/\">http:\/\/www.romanianwriters.ro\/<\/a><\/p>\n<p>Croation Literature in English<\/p>\n<p style=\"padding-left: 30px;\"><a href=\"http:\/\/main.acmt.hr\/%7Emario\/about.htm\">http:\/\/main.acmt.hr\/~mario\/about.htm<\/a><\/p>\n<p>Czech Literature Portals<\/p>\n<p style=\"padding-left: 30px;\"><a href=\"http:\/\/www.czechlit.cz\/literary-links\/organizations-and-institutions\/\">http:\/\/www.czechlit.cz\/literary-links\/organizations-and-institutions\/<\/a><\/p>\n<p style=\"padding-left: 30px;\"><a href=\"http:\/\/www.czechlit.cz\/literary-links\/literary-cafes-and-tea-rooms\/\">http:\/\/www.czechlit.cz\/literary-links\/literary-cafes-and-tea-rooms\/<\/a><\/p>\n<p style=\"padding-left: 30px;\"><a href=\"http:\/\/www.czechcentres.cz\/hague\/novinky.asp\">http:\/\/www.czechcentres.cz\/hague\/novinky.asp<\/a><\/p>\n<p style=\"padding-left: 30px;\"><a href=\"http:\/\/www.czechlit.cz\/literary-links\/literary-and-book-awards\/\">http:\/\/www.czechlit.cz\/literary-links\/literary-and-book-awards\/<\/a><\/p>\n<p style=\"padding-left: 30px;\"><a href=\"http:\/\/www.czechlit.cz\/literary-links\/festivals-and-fairs\/\">http:\/\/www.czechlit.cz\/literary-links\/festivals-and-fairs\/<\/a><\/p>\n<p>Czech and Slovak Literature Resources<\/p>\n<p style=\"padding-left: 30px;\"><a href=\"http:\/\/users.ox.ac.uk\/%7Etayl0010\/czech.html\">http:\/\/users.ox.ac.uk\/~tayl0010\/czech.html<\/a><\/p>\n<p>Culture Chronique<\/p>\n<p style=\"padding-left: 30px;\"><a href=\"http:\/\/www.culture-chronique.com\">http:\/\/www.culture-chronique.com<\/a><\/p>\n<p>Danish Literature.info<\/p>\n<p style=\"padding-left: 30px;\"><a href=\"http:\/\/www.danishliterature.info\">http:\/\/www.danishliterature.info<\/a><\/p>\n<p>DOML Dokumentationsstelle f\u00fcr ost- und mitteleurop\u00e4ische Literatur<\/p>\n<p style=\"padding-left: 30px;\"><a href=\"http:\/\/www.doml.at\/\">http:\/\/www.doml.at\/<\/a><\/p>\n<p>Deutscher B\u00fchnenverein\u00a0 (German and international theatre LINKS)<\/p>\n<p style=\"padding-left: 30px;\"><a href=\"http:\/\/www.buehnenverein.de\/de\/links.html\">http:\/\/www.buehnenverein.de\/de\/links.html<\/a><\/p>\n<p>El Documentalista Enredado<\/p>\n<p style=\"padding-left: 30px;\"><a href=\"http:\/\/www.documentalistaenredado.net\/\">http:\/\/www.documentalistaenredado.net\/<\/a><\/p>\n<p>Estonian Literature Information Centre<\/p>\n<p style=\"padding-left: 30px;\"><a href=\"http:\/\/www.estlit.ee\/\">http:\/\/www.estlit.ee\/<\/a><\/p>\n<p>Finnish Literature Society SKS<\/p>\n<p style=\"padding-left: 30px;\"><a href=\"http:\/\/www.finlit.fi\/index.php?lang=eng\">http:\/\/www.finlit.fi\/index.php?lang=eng<\/a><\/p>\n<p>Finish Theatre Information Centre<\/p>\n<p style=\"padding-left: 30px;\"><a href=\"http:\/\/www.teatteri.org\/\">http:\/\/www.teatteri.org\/<\/a><\/p>\n<p>Finland and Finland-Swedish<\/p>\n<p style=\"padding-left: 30px;\"><a href=\"http:\/\/www.jrank.org\/literature\/pages\/7160\/Finnish-Finland-Swedish.html\">http:\/\/www.jrank.org\/literature\/pages\/7160\/Finnish-Finland-Swedish.html<\/a><\/p>\n<p>FILI- Finnish Literature Exchange<\/p>\n<p style=\"padding-left: 30px;\"><a href=\"http:\/\/www.finlit.fi\/fili\/en\/\">http:\/\/www.finlit.fi\/fili\/en\/<\/a><\/p>\n<p>French Book News<\/p>\n<p style=\"padding-left: 30px;\"><a href=\"http:\/\/www.frenchbooknews.com\/\">http:\/\/www.frenchbooknews.com\/<\/a><\/p>\n<p>Gedichtendag (important Dutch poetry site)<\/p>\n<p style=\"padding-left: 30px;\"><a href=\"http:\/\/www.gedichtendag.com\/\">http:\/\/www.gedichtendag.com\/<\/a><\/p>\n<p>Goethe Institut (worldwide)<\/p>\n<p style=\"padding-left: 30px;\"><a href=\"http:\/\/www.goethe.de\/uun\/adr\/wwt\/enindex.htm\">http:\/\/www.goethe.de\/uun\/adr\/wwt\/enindex.htm<\/a><\/p>\n<p>Hungarian Literature ONLINE<\/p>\n<p style=\"padding-left: 30px;\"><a href=\"http:\/\/www.hlo.hu\/\">http:\/\/www.hlo.hu\/<\/a><\/p>\n<p>Hunlit<\/p>\n<p style=\"padding-left: 30px;\"><a href=\"http:\/\/www.hunlit.hu\/index.d2?language=en\">http:\/\/www.hunlit.hu\/index.d2?language=en<\/a><\/p>\n<p><em>in|ad|ae|qu|at<\/em> (Christiane Zintzen&#8217;s most informative <em>Salon litt\u00e9raire<\/em>)<\/p>\n<p style=\"padding-left: 30px;\"><a href=\"http:\/\/www.zintzen.org\/\">http:\/\/www.zintzen.org\/<\/a><\/p>\n<p>Italian Cultural Centre: <em>La Dante in Cambridge<\/em>, UK<\/p>\n<p style=\"padding-left: 30px;\"><a href=\"http:\/\/www.ladante-in-cambridge.org\/\">http:\/\/www.ladante-in-cambridge.org\/<\/a><\/p>\n<p><em>Le Monde<\/em> interactif &#8211;<em> livres<\/em><\/p>\n<p style=\"padding-left: 30px;\"><a href=\"http:\/\/www.lemonde.fr\/livres\/\">http:\/\/www.lemonde.fr\/livres\/<\/a><\/p>\n<p>Litt\u00e9ratures de l&#8217;Oc\u00e9an Indien &#8211; \u00eele en \u00eele<\/p>\n<p><a href=\"http:\/\/www.lehman.cuny.edu\/ile.en.ile\/indien\/paroles.html\">http:\/\/www.lehman.cuny.edu\/ile.en.ile\/indien\/paroles.html<\/a><\/p>\n<p>Literatures across frontiers<\/p>\n<p style=\"padding-left: 30px;\"><a href=\"http:\/\/www.lit-across-frontiers.org\/links.php\">http:\/\/www.lit-across-frontiers.org\/links.php<\/a><\/p>\n<p style=\"padding-left: 30px;\"><a href=\"http:\/\/www.britishcouncil.org\/lithuania-information-centre-links-2-uk-literature.htm\">Literature-Links2UK-Information Centre-British Council-Lithuania<\/a><\/p>\n<p>The British Council Lithuania Information Centre &#8211; LINKS.<\/p>\n<p style=\"padding-left: 30px;\"><a href=\"http:\/\/www.britishcouncil.org\/lithuania-information-centre-links-2-uk-literature\/\">http:\/\/www.britishcouncil.org\/lithuania-information-centre-links-2-uk-literature\/<\/a><\/p>\n<p>Liter\u00e1rne informa\u010dn\u00e9 centrum<\/p>\n<p style=\"padding-left: 30px;\"><a href=\"http:\/\/www.litcentrum.sk\/en\/\">http:\/\/www.litcentrum.sk\/en\/<\/a><\/p>\n<p>Literarisches Leben &amp; Literaturbetrieb<\/p>\n<p style=\"padding-left: 30px;\"><a href=\"http:\/\/www.suite101.de\/literarische_kultur\">http:\/\/www.suite101.de\/literarische_kultur<\/a><\/p>\n<p>Literature Night EU<\/p>\n<p style=\"padding-left: 30px;\"><a href=\"http:\/\/www.literaturenight.eu\/2010\/en\/viden\/links\">http:\/\/www.literaturenight.eu\/2010\/en\/viden\/links<\/a><\/p>\n<p>Lituanus<\/p>\n<p style=\"padding-left: 30px;\"><a href=\"http:\/\/www.lituanus.org\/main.php?id=home\">http:\/\/www.lituanus.org\/main.php?id=home<\/a><\/p>\n<p>Lyrikzeitung &amp; Poetry News<\/p>\n<p style=\"padding-left: 30px;\"><a href=\"http:\/\/lyrikzeitung.com\/about\/\">http:\/\/lyrikzeitung.com\/about\/<\/a><\/p>\n<p style=\"padding-left: 30px;\"><a href=\"http:\/\/lyrikzeitung.com\/links\/\">http:\/\/lyrikzeitung.com\/links\/<\/a><\/p>\n<p>Modern Austrian Literature &amp; Culture Association<\/p>\n<p style=\"padding-left: 30px;\"><a href=\"http:\/\/malca.org\/links\/links.html\">http:\/\/malca.org\/links\/links.html<\/a><\/p>\n<p>Mundo Cultural Hispano &gt; LITERATURA<\/p>\n<p style=\"padding-left: 30px;\"><a href=\"http:\/\/www.mundoculturalhispano.com\/spip.php?rubrique81\">http:\/\/www.mundoculturalhispano.com\/spip.php?rubrique81<\/a><\/p>\n<p>PORT\u00c1L \u010desk\u00e9 literatury<\/p>\n<p style=\"padding-left: 30px;\"><a href=\"http:\/\/www.czechlit.cz\/\">http:\/\/www.czechlit.cz\/<\/a><\/p>\n<p style=\"padding-left: 30px;\"><a href=\"http:\/\/www.iliteratura.cz\/index.asp\">http:\/\/www.iliteratura.cz\/index.asp<\/a><\/p>\n<p>&lt;i&gt;literature<\/p>\n<p style=\"padding-left: 30px;\"><a href=\"http:\/\/www.iliteratura.cz\/index.asp\">http:\/\/www.iliteratura.cz\/index.asp<\/a><\/p>\n<p>Polish Writing<\/p>\n<p style=\"padding-left: 30px;\"><a href=\"http:\/\/www.polishwriting.net\/\">http:\/\/www.polishwriting.net\/<\/a><\/p>\n<p>CULTURE.PL<\/p>\n<p style=\"padding-left: 30px;\"><a href=\"http:\/\/www.culture.pl\/en\/culture\/\">http:\/\/www.culture.pl\/en\/culture\/<\/a><\/p>\n<p>Literary Poland \/ Polish literature<\/p>\n<p style=\"padding-left: 30px;\"><a href=\"http:\/\/twitter.com\/#%21\/LiteraryPoland\">http:\/\/twitter.com\/#!\/LiteraryPoland<\/a><\/p>\n<p>Polish Cultural Institut<\/p>\n<p style=\"padding-left: 30px;\"><a href=\"http:\/\/www.culture.pl\/en\/culture\/\">http:\/\/www.culture.pl\/en\/culture\/<\/a><\/p>\n<p>Portale Literackie<\/p>\n<p style=\"padding-left: 30px;\"><a href=\"http:\/\/www.poema.art.pl\/\">http:\/\/www.poema.art.pl\/<\/a><\/p>\n<p>Prague Writers\u2019 Festival<\/p>\n<p style=\"padding-left: 30px;\"><a href=\"http:\/\/www.pwf.cz\/en\/pwf-2010\/program\/\">http:\/\/www.pwf.cz\/en\/pwf-2010\/program\/<\/a><\/p>\n<p>Service du Livre Luxembourgeois (Province of Luxembourg, Wallonia, Belgium)<\/p>\n<p style=\"padding-left: 30px;\"><!-- @font-face {   font-family: \"Cambria\"; }p.MsoNormal, li.MsoNormal, div.MsoNormal { margin: 0cm 0cm 0.0001pt; font-size: 12pt; font-family: \"Times New Roman\"; }div.Section1 { page: Section1; } --> <a href=\"http:\/\/www.servicedulivre.be\/index.htm\">http:\/\/www.servicedulivre.be\/index.htm<\/a><\/p>\n<p>Slovakia: Literature Information Centre, Bratislava<\/p>\n<p style=\"padding-left: 30px;\"><a href=\"http:\/\/www.slovakia.culturalprofiles.net\/?id=3558 re.htm\">http:\/\/www.slovakia.culturalprofiles.net\/?id=3558 re.htm<\/a><\/p>\n<p>Slovenia (Books)<\/p>\n<p style=\"padding-left: 30px;\"><a href=\"http:\/\/www.slovenia.si\/art_and_culture\/books_literature\/\">http:\/\/www.slovenia.si\/art_and_culture\/books_literature\/<\/a><\/p>\n<p>Theatre in Estonia<\/p>\n<p style=\"padding-left: 30px;\"><a href=\"http:\/\/www.estoniantheatre.info\/index.html?action=organ&amp;rub=6&amp;id=55\">http:\/\/www.estoniantheatre.info\/index.html?action=organ&amp;rub=6&amp;id=55<\/a><\/p>\n<p>Theater-Paradies Deutschland &#8211; LINKS<\/p>\n<p style=\"padding-left: 30px;\"><a href=\"http:\/\/www.theaterparadies-deutschland.de\/\">http:\/\/ww.theaterparadies-deutschland.de\/<\/a><\/p>\n<p>Una ruta literaria por Espa\u00f1a<\/p>\n<p style=\"padding-left: 30px;\"><a href=\"http:\/\/noticias.terra.es\/2010\/genteycultura\/0227\/actualidad\/espana-reverte-delibes-zafon-ruta-literaria-obras-escritores.aspx\">http:\/\/noticias.terra.es\/2010\/genteycultura\/0227\/actualidad\/espana-reverte-delibes-zafon-ruta-literaria-obras-escritores.aspx<\/a><\/p>\n<p>Wirth Institute (Austrian, Czech, Hungarian, Polish, Slovak, and Slovenian culture sites)<\/p>\n<p style=\"padding-left: 30px;\"><a href=\"http:\/\/www.arts.ualberta.ca\/ccauces\/\">http:\/\/www.arts.ualberta.ca\/ccauces\/<\/a><\/p>\n<p>World Literature On The Web<\/p>\n<p style=\"padding-left: 30px;\"><a href=\"http:\/\/www.zeroland.co.nz\/literature_index_3.html\">http:\/\/www.zeroland.co.nz\/literature_index_3.html<\/a><\/p>\n<p>Zone d&#8217;\u00e9criture<\/p>\n<p style=\"padding-left: 30px;\"><a href=\"http:\/\/zonedecriture.radio-canada.ca\">http:\/\/zonedecriture.radio-canada.ca<\/a><\/p>\n","protected":false},"excerpt":{"rendered":"<p>Actualidad Literatura.com http:\/\/www.actualidadliteratura.com\/ Bacacay: The Polish Literature Weblog http:\/\/bacacay.wordpress.com\/ Basque Literature portal http:\/\/www.basqueliterature.com\/en\/ Books from Lithuania http:\/\/www.booksfromlithuania.lt\/index.php?page_id=20 British Academy, Portals http:\/\/www.britac.ac.uk\/portal\/bysection.asp?section=H6 Contemporary writers in the UK http:\/\/www.contemporarywriters.com\/ The Guardian \u2013 literary links http:\/\/books.guardian.co.uk\/links\/ The Poetry Book Society http:\/\/www.poetrybooks.co.uk\/ BLOOMSBURY http:\/\/www.bloomsbury.com\/readinggroups\/default.aspx Books on the BBC http:\/\/www.bbc.co.uk\/tv\/seasons\/books\/ The Official London Theatre Guide http:\/\/www.officiallondontheatre.co.uk\/ Bookstores in Europe http:\/\/www.bookstoreguide.org\/ [&hellip;]<\/p>\n","protected":false},"author":3,"featured_media":0,"parent":51,"menu_order":1,"comment_status":"closed","ping_status":"open","template":"","meta":{"_relevanssi_hide_post":"","_relevanssi_hide_content":"","_relevanssi_pin_for_all":"","_relevanssi_pin_keywords":"","_relevanssi_unpin_keywords":"","_relevanssi_related_keywords":"","_relevanssi_related_include_ids":"","_relevanssi_related_exclude_ids":"","_relevanssi_related_no_append":"","_relevanssi_related_not_related":"","_relevanssi_related_posts":"","_relevanssi_noindex_reason":"","_mi_skip_tracking":false,"_exactmetrics_sitenote_active":false,"_exactmetrics_sitenote_note":"","_exactmetrics_sitenote_category":0,"footnotes":"","_links_to":"","_links_to_target":""},"yoast_head":"<!-- This site is optimized with the Yoast SEO plugin v21.2 - https:\/\/yoast.com\/wordpress\/plugins\/seo\/ -->\n<title>Literature Information Centres And Portals - CKCU Literary News<\/title>\n<meta name=\"description\" content=\"Actualidad Literatura.com http:\/\/www.actualidadliteratura.com\/ Bacacay: The Polish Literature Weblog http:\/\/bacacay.wordpress.com\/ Basque Literature\" \/>\n<meta name=\"robots\" content=\"index, follow, max-snippet:-1, max-image-preview:large, max-video-preview:-1\" \/>\n<link rel=\"canonical\" href=\"https:\/\/carleton.ca\/litnews\/links\/literature-information-centres-and-portals\/\" \/>\n<meta name=\"twitter:label1\" content=\"Est. reading time\" \/>\n\t<meta name=\"twitter:data1\" content=\"4 minutes\" \/>\n<script type=\"application\/ld+json\" class=\"yoast-schema-graph\">{\"@context\":\"https:\/\/schema.org\",\"@graph\":[{\"@type\":\"WebPage\",\"@id\":\"https:\/\/carleton.ca\/litnews\/links\/literature-information-centres-and-portals\/\",\"url\":\"https:\/\/carleton.ca\/litnews\/links\/literature-information-centres-and-portals\/\",\"name\":\"Literature Information Centres And Portals - CKCU Literary News\",\"isPartOf\":{\"@id\":\"https:\/\/carleton.ca\/litnews\/#website\"},\"datePublished\":\"2010-06-21T13:55:51+00:00\",\"dateModified\":\"2012-05-09T18:45:14+00:00\",\"description\":\"Actualidad Literatura.com http:\/\/www.actualidadliteratura.com\/ Bacacay: The Polish Literature Weblog http:\/\/bacacay.wordpress.com\/ Basque Literature\",\"breadcrumb\":{\"@id\":\"https:\/\/carleton.ca\/litnews\/links\/literature-information-centres-and-portals\/#breadcrumb\"},\"inLanguage\":\"en-US\",\"potentialAction\":[{\"@type\":\"ReadAction\",\"target\":[\"https:\/\/carleton.ca\/litnews\/links\/literature-information-centres-and-portals\/\"]}]},{\"@type\":\"BreadcrumbList\",\"@id\":\"https:\/\/carleton.ca\/litnews\/links\/literature-information-centres-and-portals\/#breadcrumb\",\"itemListElement\":[{\"@type\":\"ListItem\",\"position\":1,\"name\":\"Home\",\"item\":\"https:\/\/carleton.ca\/litnews\/\"},{\"@type\":\"ListItem\",\"position\":2,\"name\":\"Links\",\"item\":\"https:\/\/carleton.ca\/litnews\/links\/\"},{\"@type\":\"ListItem\",\"position\":3,\"name\":\"Literature Information Centres And Portals\"}]},{\"@type\":\"WebSite\",\"@id\":\"https:\/\/carleton.ca\/litnews\/#website\",\"url\":\"https:\/\/carleton.ca\/litnews\/\",\"name\":\"CKCU Literary News\",\"description\":\"Carleton University\",\"potentialAction\":[{\"@type\":\"SearchAction\",\"target\":{\"@type\":\"EntryPoint\",\"urlTemplate\":\"https:\/\/carleton.ca\/litnews\/?s={search_term_string}\"},\"query-input\":\"required name=search_term_string\"}],\"inLanguage\":\"en-US\"}]}<\/script>\n<!-- \/ Yoast SEO plugin. -->","yoast_head_json":{"title":"Literature Information Centres And Portals - CKCU Literary News","description":"Actualidad Literatura.com http:\/\/www.actualidadliteratura.com\/ Bacacay: The Polish Literature Weblog http:\/\/bacacay.wordpress.com\/ Basque Literature","robots":{"index":"index","follow":"follow","max-snippet":"max-snippet:-1","max-image-preview":"max-image-preview:large","max-video-preview":"max-video-preview:-1"},"canonical":"https:\/\/carleton.ca\/litnews\/links\/literature-information-centres-and-portals\/","twitter_misc":{"Est. reading time":"4 minutes"},"schema":{"@context":"https:\/\/schema.org","@graph":[{"@type":"WebPage","@id":"https:\/\/carleton.ca\/litnews\/links\/literature-information-centres-and-portals\/","url":"https:\/\/carleton.ca\/litnews\/links\/literature-information-centres-and-portals\/","name":"Literature Information Centres And Portals - CKCU Literary News","isPartOf":{"@id":"https:\/\/carleton.ca\/litnews\/#website"},"datePublished":"2010-06-21T13:55:51+00:00","dateModified":"2012-05-09T18:45:14+00:00","description":"Actualidad Literatura.com http:\/\/www.actualidadliteratura.com\/ Bacacay: The Polish Literature Weblog http:\/\/bacacay.wordpress.com\/ Basque Literature","breadcrumb":{"@id":"https:\/\/carleton.ca\/litnews\/links\/literature-information-centres-and-portals\/#breadcrumb"},"inLanguage":"en-US","potentialAction":[{"@type":"ReadAction","target":["https:\/\/carleton.ca\/litnews\/links\/literature-information-centres-and-portals\/"]}]},{"@type":"BreadcrumbList","@id":"https:\/\/carleton.ca\/litnews\/links\/literature-information-centres-and-portals\/#breadcrumb","itemListElement":[{"@type":"ListItem","position":1,"name":"Home","item":"https:\/\/carleton.ca\/litnews\/"},{"@type":"ListItem","position":2,"name":"Links","item":"https:\/\/carleton.ca\/litnews\/links\/"},{"@type":"ListItem","position":3,"name":"Literature Information Centres And Portals"}]},{"@type":"WebSite","@id":"https:\/\/carleton.ca\/litnews\/#website","url":"https:\/\/carleton.ca\/litnews\/","name":"CKCU Literary News","description":"Carleton University","potentialAction":[{"@type":"SearchAction","target":{"@type":"EntryPoint","urlTemplate":"https:\/\/carleton.ca\/litnews\/?s={search_term_string}"},"query-input":"required name=search_term_string"}],"inLanguage":"en-US"}]}},"acf":{"banner_image_type":null,"banner_uploaded_image":null,"banner_hosted_image":null,"banner_opacity":null,"banner_button":null,"banner_buttons":null},"_links":{"self":[{"href":"https:\/\/carleton.ca\/litnews\/wp-json\/wp\/v2\/pages\/26"}],"collection":[{"href":"https:\/\/carleton.ca\/litnews\/wp-json\/wp\/v2\/pages"}],"about":[{"href":"https:\/\/carleton.ca\/litnews\/wp-json\/wp\/v2\/types\/page"}],"author":[{"embeddable":true,"href":"https:\/\/carleton.ca\/litnews\/wp-json\/wp\/v2\/users\/3"}],"replies":[{"embeddable":true,"href":"https:\/\/carleton.ca\/litnews\/wp-json\/wp\/v2\/comments?post=26"}],"version-history":[{"count":1,"href":"https:\/\/carleton.ca\/litnews\/wp-json\/wp\/v2\/pages\/26\/revisions"}],"predecessor-version":[{"id":1565,"href":"https:\/\/carleton.ca\/litnews\/wp-json\/wp\/v2\/pages\/26\/revisions\/1565"}],"up":[{"embeddable":true,"href":"https:\/\/carleton.ca\/litnews\/wp-json\/wp\/v2\/pages\/51"}],"wp:attachment":[{"href":"https:\/\/carleton.ca\/litnews\/wp-json\/wp\/v2\/media?parent=26"}],"curies":[{"name":"wp","href":"https:\/\/api.w.org\/{rel}","templated":true}]}}