{"id":415,"date":"2010-10-13T23:35:54","date_gmt":"2010-10-14T04:35:54","guid":{"rendered":"http:\/\/carleton.ca\/litnews\/"},"modified":"2015-02-24T15:57:21","modified_gmt":"2015-02-24T20:57:21","slug":"stream","status":"publish","type":"page","link":"https:\/\/carleton.ca\/litnews\/stream\/","title":{"rendered":"Stream"},"content":{"rendered":"<p style=\"text-align: center;\">PLEASE\u25bcCLICK<\/p>\n<p><a title=\"Radio CKCU-FM 93.1\" href=\"http:\/\/www.ckcufm.com\/sites\/default\/themes\/ckcu\/ckcuradio.php\"><img decoding=\"async\" loading=\"lazy\" class=\"aligncenter wp-image-1282 size-medium\" src=\"http:\/\/www.carleton.ca\/litnews\/wp-content\/uploads\/YdYxjm-125x116.jpg\" alt=\"CKCU LISTEN LIVE\" width=\"125\" height=\"116\" \/><\/a><\/p>\n<p>PLEASE\u25bcCLICK<\/p>\n<p><a title=\"Radio CKCU-FM 93.1\" href=\"http:\/\/streema.com\/radios\/CKCU_FM_Radio\">LISTEN LIVE,<\/a> <strong>wednesdays<\/strong>, <strong>9:30-10:00 a.m. EST<\/strong> (Canada) \/ <strong>15:30-16:00<\/strong> (<strong>Europe<\/strong>) to alternating programs:<strong> CKCU LitNews-1 <\/strong><a href=\"http:\/\/carleton.ca\/litnews\/programs\/\"><em>Literatures in Europe Today<\/em><\/a><strong>, <\/strong> to\u00a0<strong> CKCU LitNews-2 <\/strong><a href=\"http:\/\/carleton.ca\/litnews\/actualites-litteraires\/\"><em>Les Actualit\u00e9s litt\u00e9raires dans le monde francophone<\/em><\/a>,\u00a0 <a href=\"www.carleton.ca\/litnews\/afrique\/\"><em>Paroles d&#8217;Afriques. Entretiens, reportages et po\u00e9sie<\/em><\/a> and to <strong>CKCU LitNews-3<\/strong> <em><a href=\"http:\/\/www.carleton.ca\/litecho\/\">Das literarische Echo<\/a>, <span style=\"text-decoration: underline;\">Pens\u00e9e crtitique \/ Critical thought <\/span><\/em><\/p>\n<p><a title=\"Radio CKCU-FM 93.1\" href=\"http:\/\/streema.com\/radios\/CKCU_FM_Radio\">\u00c9COUTEZ <\/a><strong>les mercredis de 9h30 \u00e0 10h00<\/strong>\u00a0 HNE (Canada) \/ <strong>15h30-16h00<\/strong> (<strong>Europe<\/strong>) l&#8217;\u00e9mission <strong>CKCU LitNews-2 <\/strong><em><a href=\"http:\/\/carleton.ca\/litnews\/actualites-litteraires\/\">Les Actualit\u00e9s litt\u00e9raires dans le monde francophone<\/a> \u00a0<\/em>en mode continu, toujours en alternance avec <em>CKCU LitNews-1<\/em>, <em>CKCU LitNews-3<\/em> ou <a href=\"http:\/\/carleton.ca\/litnews\/afrique\/\">Paroles d&#8217;Afrique. Entretiens, reportages et po\u00e9sie<\/a>, une \u00e9mission anim\u00e9e par Antoine Houlou-Garcia pour CKCU Literary News \u00e0 Paris. <span style=\"text-decoration: underline;\"><em>Pens\u00e9e critique<\/em><\/span>.<\/p>\n<p><a title=\"Radio CKCU-FM 93.1\" href=\"http:\/\/streema.com\/radios\/CKCU_FM_Radio\">H\u00d6REN SIE<\/a> <strong>wittwochs von 9.30 &#8211; 10.00 Uhr<\/strong> EST in Kanada \/ <strong>15.30 &#8211; 16.00 Uhr in Europ<\/strong>a die Sendung <strong>CKCU LitNews-3<\/strong> <a href=\"http:\/\/carleton.ca\/litnews\/program\/\"><em>Das literarische Echo aus deutschsprachigen L\u00e4ndern. Kritiken und Kontroversen<\/em><\/a> im Streaming-Media-Angebot, <strong>mittwochs<\/strong>, abwechselnd mit <em>CKCU LitNews-1,<\/em> <em>CKCU LitNews-2<\/em> oder <em>Paroles d&#8217;Afrique.<\/em><\/p>\n","protected":false},"excerpt":{"rendered":"<p>PLEASE\u25bcCLICK PLEASE\u25bcCLICK LISTEN LIVE, wednesdays, 9:30-10:00 a.m. EST (Canada) \/ 15:30-16:00 (Europe) to alternating programs: CKCU LitNews-1 Literatures in Europe Today, to\u00a0 CKCU LitNews-2 Les Actualit\u00e9s litt\u00e9raires dans le monde francophone,\u00a0 Paroles d&#8217;Afriques. Entretiens, reportages et po\u00e9sie and to CKCU LitNews-3 Das literarische Echo, Pens\u00e9e crtitique \/ Critical thought \u00c9COUTEZ les mercredis de 9h30 \u00e0 [&hellip;]<\/p>\n","protected":false},"author":3,"featured_media":0,"parent":0,"menu_order":2,"comment_status":"open","ping_status":"open","template":"","meta":{"_relevanssi_hide_post":"","_relevanssi_hide_content":"","_relevanssi_pin_for_all":"","_relevanssi_pin_keywords":"","_relevanssi_unpin_keywords":"","_relevanssi_related_keywords":"","_relevanssi_related_include_ids":"","_relevanssi_related_exclude_ids":"","_relevanssi_related_no_append":"","_relevanssi_related_not_related":"","_relevanssi_related_posts":"","_relevanssi_noindex_reason":"","_mi_skip_tracking":false,"_exactmetrics_sitenote_active":false,"_exactmetrics_sitenote_note":"","_exactmetrics_sitenote_category":0,"footnotes":"","_links_to":"","_links_to_target":""},"yoast_head":"<!-- This site is optimized with the Yoast SEO plugin v21.2 - https:\/\/yoast.com\/wordpress\/plugins\/seo\/ -->\n<title>Radio CKCU\/Literary News_STREAM<\/title>\n<meta name=\"description\" content=\"PLEASE\u25bcCLICK PLEASE\u25bcCLICK LISTEN LIVE, wednesdays, 9:30-10:00 a.m. EST (Canada) \/ 15:30-16:00 (Europe) to alternating programs: CKCU LitNews-1 Literatures\" \/>\n<meta name=\"robots\" content=\"index, follow, max-snippet:-1, max-image-preview:large, max-video-preview:-1\" \/>\n<link rel=\"canonical\" href=\"https:\/\/carleton.ca\/litnews\/stream\/\" \/>\n<meta name=\"twitter:label1\" content=\"Est. reading time\" \/>\n\t<meta name=\"twitter:data1\" content=\"1 minute\" \/>\n<script type=\"application\/ld+json\" class=\"yoast-schema-graph\">{\"@context\":\"https:\/\/schema.org\",\"@graph\":[{\"@type\":\"WebPage\",\"@id\":\"https:\/\/carleton.ca\/litnews\/stream\/\",\"url\":\"https:\/\/carleton.ca\/litnews\/stream\/\",\"name\":\"Radio CKCU\/Literary News_STREAM\",\"isPartOf\":{\"@id\":\"https:\/\/carleton.ca\/litnews\/#website\"},\"datePublished\":\"2010-10-14T04:35:54+00:00\",\"dateModified\":\"2015-02-24T20:57:21+00:00\",\"description\":\"PLEASE\u25bcCLICK PLEASE\u25bcCLICK LISTEN LIVE, wednesdays, 9:30-10:00 a.m. EST (Canada) \/ 15:30-16:00 (Europe) to alternating programs: CKCU LitNews-1 Literatures\",\"breadcrumb\":{\"@id\":\"https:\/\/carleton.ca\/litnews\/stream\/#breadcrumb\"},\"inLanguage\":\"en-US\",\"potentialAction\":[{\"@type\":\"ReadAction\",\"target\":[\"https:\/\/carleton.ca\/litnews\/stream\/\"]}]},{\"@type\":\"BreadcrumbList\",\"@id\":\"https:\/\/carleton.ca\/litnews\/stream\/#breadcrumb\",\"itemListElement\":[{\"@type\":\"ListItem\",\"position\":1,\"name\":\"Home\",\"item\":\"https:\/\/carleton.ca\/litnews\/\"},{\"@type\":\"ListItem\",\"position\":2,\"name\":\"Stream\"}]},{\"@type\":\"WebSite\",\"@id\":\"https:\/\/carleton.ca\/litnews\/#website\",\"url\":\"https:\/\/carleton.ca\/litnews\/\",\"name\":\"CKCU Literary News\",\"description\":\"Carleton University\",\"potentialAction\":[{\"@type\":\"SearchAction\",\"target\":{\"@type\":\"EntryPoint\",\"urlTemplate\":\"https:\/\/carleton.ca\/litnews\/?s={search_term_string}\"},\"query-input\":\"required name=search_term_string\"}],\"inLanguage\":\"en-US\"}]}<\/script>\n<!-- \/ Yoast SEO plugin. -->","yoast_head_json":{"title":"Radio CKCU\/Literary News_STREAM","description":"PLEASE\u25bcCLICK PLEASE\u25bcCLICK LISTEN LIVE, wednesdays, 9:30-10:00 a.m. EST (Canada) \/ 15:30-16:00 (Europe) to alternating programs: CKCU LitNews-1 Literatures","robots":{"index":"index","follow":"follow","max-snippet":"max-snippet:-1","max-image-preview":"max-image-preview:large","max-video-preview":"max-video-preview:-1"},"canonical":"https:\/\/carleton.ca\/litnews\/stream\/","twitter_misc":{"Est. reading time":"1 minute"},"schema":{"@context":"https:\/\/schema.org","@graph":[{"@type":"WebPage","@id":"https:\/\/carleton.ca\/litnews\/stream\/","url":"https:\/\/carleton.ca\/litnews\/stream\/","name":"Radio CKCU\/Literary News_STREAM","isPartOf":{"@id":"https:\/\/carleton.ca\/litnews\/#website"},"datePublished":"2010-10-14T04:35:54+00:00","dateModified":"2015-02-24T20:57:21+00:00","description":"PLEASE\u25bcCLICK PLEASE\u25bcCLICK LISTEN LIVE, wednesdays, 9:30-10:00 a.m. EST (Canada) \/ 15:30-16:00 (Europe) to alternating programs: CKCU LitNews-1 Literatures","breadcrumb":{"@id":"https:\/\/carleton.ca\/litnews\/stream\/#breadcrumb"},"inLanguage":"en-US","potentialAction":[{"@type":"ReadAction","target":["https:\/\/carleton.ca\/litnews\/stream\/"]}]},{"@type":"BreadcrumbList","@id":"https:\/\/carleton.ca\/litnews\/stream\/#breadcrumb","itemListElement":[{"@type":"ListItem","position":1,"name":"Home","item":"https:\/\/carleton.ca\/litnews\/"},{"@type":"ListItem","position":2,"name":"Stream"}]},{"@type":"WebSite","@id":"https:\/\/carleton.ca\/litnews\/#website","url":"https:\/\/carleton.ca\/litnews\/","name":"CKCU Literary News","description":"Carleton University","potentialAction":[{"@type":"SearchAction","target":{"@type":"EntryPoint","urlTemplate":"https:\/\/carleton.ca\/litnews\/?s={search_term_string}"},"query-input":"required name=search_term_string"}],"inLanguage":"en-US"}]}},"acf":{"banner_image_type":null,"banner_uploaded_image":null,"banner_hosted_image":null,"banner_opacity":null,"banner_button":null,"banner_buttons":null},"_links":{"self":[{"href":"https:\/\/carleton.ca\/litnews\/wp-json\/wp\/v2\/pages\/415"}],"collection":[{"href":"https:\/\/carleton.ca\/litnews\/wp-json\/wp\/v2\/pages"}],"about":[{"href":"https:\/\/carleton.ca\/litnews\/wp-json\/wp\/v2\/types\/page"}],"author":[{"embeddable":true,"href":"https:\/\/carleton.ca\/litnews\/wp-json\/wp\/v2\/users\/3"}],"replies":[{"embeddable":true,"href":"https:\/\/carleton.ca\/litnews\/wp-json\/wp\/v2\/comments?post=415"}],"version-history":[{"count":4,"href":"https:\/\/carleton.ca\/litnews\/wp-json\/wp\/v2\/pages\/415\/revisions"}],"predecessor-version":[{"id":2312,"href":"https:\/\/carleton.ca\/litnews\/wp-json\/wp\/v2\/pages\/415\/revisions\/2312"}],"wp:attachment":[{"href":"https:\/\/carleton.ca\/litnews\/wp-json\/wp\/v2\/media?parent=415"}],"curies":[{"name":"wp","href":"https:\/\/api.w.org\/{rel}","templated":true}]}}