{"id":20,"date":"2023-02-14T09:43:15","date_gmt":"2023-02-14T14:43:15","guid":{"rendered":"https:\/\/carleton.ca\/lpp\/?page_id=20"},"modified":"2023-06-21T09:55:14","modified_gmt":"2023-06-21T13:55:14","slug":"news","status":"publish","type":"page","link":"https:\/\/carleton.ca\/lpp\/news\/","title":{"rendered":"News \/ Nouvelles"},"content":{"rendered":"<div>\n<section class=\"content-wrapper content-wrapper--shortcode\"><div class=\"u-post-reload\"><div class=\"news news--archive u-width-limited\"><a class=\"news__link  news__link--archive\" href=\"https:\/\/carleton.ca\/lpp\/2025\/save-the-dates\/\"><p class=\"news__date news__date--archive\">Tuesday, July 8, 2025<\/p><h3 class=\"news__heading u-hide-in-toc news__heading--archive\" rel=\"bookmark\">Save the dates!<\/h3><p class=\"news__excerpt news__excerpt--archive\">Save the dates ! The next LPP Conference will be held in Ottawa from June 17th to June 19th, 2026. The Call for paper will be launched at the end of the Summer. -- R\u00e9servez les dates! La prochaine Conf\u00e9rence aura lieu \u00e0 Ottawa du 17 au 19 juin 2026. L&#039;appel \u00e0 communication sera... <span class=\"news__more-link\">More<\/span><\/p><\/a><\/div><\/div><div class=\"button button--news button--more\"><a class=\"load-more button__red button__red--outline\"\n\t\t\t\tdata-numposts=\"12\"\n\t\t\t\tdata-offset=\"12\"\n\t\t\t\tdata-selector=\"blog\" data-catid=\"1\"\n\t\t\t\tdata-nonce=\"2ccc64b9f0\"\n\t\t\t\tdata-thumbnail=\"false\">Load More &rarr;<\/a><\/div><\/section>\n<\/div>\n<div><\/div>\n","protected":false},"excerpt":{"rendered":"","protected":false},"author":4,"featured_media":0,"parent":0,"menu_order":0,"comment_status":"closed","ping_status":"closed","template":"","meta":{"_relevanssi_hide_post":"","_relevanssi_hide_content":"","_relevanssi_pin_for_all":"","_relevanssi_pin_keywords":"","_relevanssi_unpin_keywords":"","_relevanssi_related_keywords":"","_relevanssi_related_include_ids":"","_relevanssi_related_exclude_ids":"","_relevanssi_related_no_append":"","_relevanssi_related_not_related":"","_relevanssi_related_posts":"","_relevanssi_noindex_reason":"","_mi_skip_tracking":false,"_exactmetrics_sitenote_active":false,"_exactmetrics_sitenote_note":"","_exactmetrics_sitenote_category":0,"_monsterinsights_sitenote_active":false,"_monsterinsights_sitenote_note":"","_monsterinsights_sitenote_category":0,"footnotes":"","_links_to":"","_links_to_target":""},"yoast_head":"<!-- This site is optimized with the Yoast SEO plugin v21.2 - https:\/\/yoast.com\/wordpress\/plugins\/seo\/ -->\n<title>News \/ Nouvelles - Multidisciplinary Approaches in Language Policy and Planning<\/title>\n<meta name=\"robots\" content=\"index, follow, max-snippet:-1, max-image-preview:large, max-video-preview:-1\" \/>\n<link rel=\"canonical\" href=\"https:\/\/carleton.ca\/lpp\/news\/\" \/>\n<script type=\"application\/ld+json\" class=\"yoast-schema-graph\">{\"@context\":\"https:\/\/schema.org\",\"@graph\":[{\"@type\":\"WebPage\",\"@id\":\"https:\/\/carleton.ca\/lpp\/news\/\",\"url\":\"https:\/\/carleton.ca\/lpp\/news\/\",\"name\":\"News \/ Nouvelles - Multidisciplinary Approaches in Language Policy and Planning\",\"isPartOf\":{\"@id\":\"https:\/\/carleton.ca\/lpp\/#website\"},\"datePublished\":\"2023-02-14T14:43:15+00:00\",\"dateModified\":\"2023-06-21T13:55:14+00:00\",\"breadcrumb\":{\"@id\":\"https:\/\/carleton.ca\/lpp\/news\/#breadcrumb\"},\"inLanguage\":\"en-US\",\"potentialAction\":[{\"@type\":\"ReadAction\",\"target\":[\"https:\/\/carleton.ca\/lpp\/news\/\"]}]},{\"@type\":\"BreadcrumbList\",\"@id\":\"https:\/\/carleton.ca\/lpp\/news\/#breadcrumb\",\"itemListElement\":[{\"@type\":\"ListItem\",\"position\":1,\"name\":\"Home\",\"item\":\"https:\/\/carleton.ca\/lpp\/\"},{\"@type\":\"ListItem\",\"position\":2,\"name\":\"News \/ Nouvelles\"}]},{\"@type\":\"WebSite\",\"@id\":\"https:\/\/carleton.ca\/lpp\/#website\",\"url\":\"https:\/\/carleton.ca\/lpp\/\",\"name\":\"Multidisciplinary Approaches in Language Policy and Planning\",\"description\":\"Carleton University\",\"potentialAction\":[{\"@type\":\"SearchAction\",\"target\":{\"@type\":\"EntryPoint\",\"urlTemplate\":\"https:\/\/carleton.ca\/lpp\/?s={search_term_string}\"},\"query-input\":\"required name=search_term_string\"}],\"inLanguage\":\"en-US\"}]}<\/script>\n<!-- \/ Yoast SEO plugin. -->","yoast_head_json":{"title":"News \/ Nouvelles - Multidisciplinary Approaches in Language Policy and Planning","robots":{"index":"index","follow":"follow","max-snippet":"max-snippet:-1","max-image-preview":"max-image-preview:large","max-video-preview":"max-video-preview:-1"},"canonical":"https:\/\/carleton.ca\/lpp\/news\/","schema":{"@context":"https:\/\/schema.org","@graph":[{"@type":"WebPage","@id":"https:\/\/carleton.ca\/lpp\/news\/","url":"https:\/\/carleton.ca\/lpp\/news\/","name":"News \/ Nouvelles - Multidisciplinary Approaches in Language Policy and Planning","isPartOf":{"@id":"https:\/\/carleton.ca\/lpp\/#website"},"datePublished":"2023-02-14T14:43:15+00:00","dateModified":"2023-06-21T13:55:14+00:00","breadcrumb":{"@id":"https:\/\/carleton.ca\/lpp\/news\/#breadcrumb"},"inLanguage":"en-US","potentialAction":[{"@type":"ReadAction","target":["https:\/\/carleton.ca\/lpp\/news\/"]}]},{"@type":"BreadcrumbList","@id":"https:\/\/carleton.ca\/lpp\/news\/#breadcrumb","itemListElement":[{"@type":"ListItem","position":1,"name":"Home","item":"https:\/\/carleton.ca\/lpp\/"},{"@type":"ListItem","position":2,"name":"News \/ Nouvelles"}]},{"@type":"WebSite","@id":"https:\/\/carleton.ca\/lpp\/#website","url":"https:\/\/carleton.ca\/lpp\/","name":"Multidisciplinary Approaches in Language Policy and Planning","description":"Carleton University","potentialAction":[{"@type":"SearchAction","target":{"@type":"EntryPoint","urlTemplate":"https:\/\/carleton.ca\/lpp\/?s={search_term_string}"},"query-input":"required name=search_term_string"}],"inLanguage":"en-US"}]}},"acf":{"banner_image_type":"hosted","banner_button":"no","banner_hosted_image":"parliament","banner_opacity":"default"},"_links":{"self":[{"href":"https:\/\/carleton.ca\/lpp\/wp-json\/wp\/v2\/pages\/20"}],"collection":[{"href":"https:\/\/carleton.ca\/lpp\/wp-json\/wp\/v2\/pages"}],"about":[{"href":"https:\/\/carleton.ca\/lpp\/wp-json\/wp\/v2\/types\/page"}],"author":[{"embeddable":true,"href":"https:\/\/carleton.ca\/lpp\/wp-json\/wp\/v2\/users\/4"}],"replies":[{"embeddable":true,"href":"https:\/\/carleton.ca\/lpp\/wp-json\/wp\/v2\/comments?post=20"}],"version-history":[{"count":3,"href":"https:\/\/carleton.ca\/lpp\/wp-json\/wp\/v2\/pages\/20\/revisions"}],"predecessor-version":[{"id":329,"href":"https:\/\/carleton.ca\/lpp\/wp-json\/wp\/v2\/pages\/20\/revisions\/329"}],"wp:attachment":[{"href":"https:\/\/carleton.ca\/lpp\/wp-json\/wp\/v2\/media?parent=20"}],"curies":[{"name":"wp","href":"https:\/\/api.w.org\/{rel}","templated":true}]}}