{"id":22,"date":"2023-02-14T09:44:11","date_gmt":"2023-02-14T14:44:11","guid":{"rendered":"https:\/\/carleton.ca\/lpp\/?page_id=22"},"modified":"2025-07-08T12:24:46","modified_gmt":"2025-07-08T16:24:46","slug":"about","status":"publish","type":"page","link":"https:\/\/carleton.ca\/lpp\/about\/","title":{"rendered":"About \/ \u00c0 propos"},"content":{"rendered":"<p><strong><span style=\"color: #2a2a2a;\"><img decoding=\"async\" loading=\"lazy\" class=\"size-medium wp-image-87 aligncenter\" src=\"https:\/\/carleton.ca\/lpp\/wp-content\/uploads\/1500x500-2-240x80.jpeg\" alt=\"\" width=\"240\" height=\"80\" srcset=\"https:\/\/carleton.ca\/lpp\/wp-content\/uploads\/1500x500-2-240x80.jpeg 240w, https:\/\/carleton.ca\/lpp\/wp-content\/uploads\/1500x500-2-400x133.jpeg 400w, https:\/\/carleton.ca\/lpp\/wp-content\/uploads\/1500x500-2-160x53.jpeg 160w, https:\/\/carleton.ca\/lpp\/wp-content\/uploads\/1500x500-2-768x256.jpeg 768w, https:\/\/carleton.ca\/lpp\/wp-content\/uploads\/1500x500-2-360x120.jpeg 360w, https:\/\/carleton.ca\/lpp\/wp-content\/uploads\/1500x500-2.jpeg 1500w\" sizes=\"(max-width: 240px) 100vw, 240px\" \/><\/span><\/strong><\/p>\n<p style=\"text-align: center;\"><span style=\"color: #2a2a2a;\">The Multidisciplinary Approaches in Language Policy and Planning (LPP) conference brings scholars from different disciplines (language education, anthropology, political studies, social sciences, economics, linguistics, and more) whose work centres on language policy and planning at different levels: local, national and\/or international. The LPP conference was created by Dr. Tom Ricento in 2012 at the University of Calgary, where it was hosted until 2016. In 2017, the LPP conference moved to Toronto, where it was co-hosted by Dr. Jeff Bale and Dr. Eve Haque at OISE\/University of Toronto until 2019. After eight successful years, LPP2020 was cancelled due to COVID-19 but LPP2021 and LPP 2022 were co-hosted by Dr. Mela Sarkar and Dr. Amir Kalan at McGill University in Montr\u00e9al, Canada. More information about previous conferences can be found <a href=\"https:\/\/lpp2022.weebly.com\/past-conferences.html\">here<\/a>. 2026 marks the second time that the conference will be held in Ottawa after a successful 2024 edition.<\/span><\/p>\n<p><em><span style=\"color: #2a2a2a;\">La<\/span><\/em><span style=\"color: #2a2a2a;\">\u00a0c<em>onf\u00e9rence\u00a0Approches <span class=\"TextRun SCXW125576420 BCX9\" lang=\"FR-CA\" xml:lang=\"FR-CA\" data-contrast=\"auto\"><span class=\"NormalTextRun SCXW125576420 BCX9\">multidisciplinaires en planification et politiques linguistiques\u00a0<\/span><\/span><\/em><\/span><i><\/i><span style=\"color: #2a2a2a;\"><em>(PPL)<\/em> <\/span><span style=\"color: #2a2a2a;\"><i>r\u00e9unit des sp\u00e9cialistes de diff\u00e9rentes disciplines (enseignement des langues, anthropologie, sciences politiques, sciences sociales, \u00e9conomie, linguistique, et autres)\u00a0<\/i><i style=\"caret-color: #2a2a2a;\">dont le travail se\u00a0<\/i><i>concentre<\/i><i style=\"caret-color: #2a2a2a;\">\u00a0sur la politique et\u00a0<\/i><i>l&#8217;am\u00e9nagement<\/i><i style=\"caret-color: #2a2a2a;\">\u00a0linguistiques \u00e0 diff\u00e9rents niveaux : local, national et\/ou international. La conf\u00e9rence<\/i><i>\u00a0PPL a \u00e9t\u00e9 cr\u00e9\u00e9e par Dr. Tom Ricento en 2012 \u00e0 l&#8217;Universit\u00e9 de Calgary, o\u00f9\u00a0elle a \u00e9t\u00e9 organis\u00e9e jusqu&#8217;en 2016. En 2017, la conf\u00e9rence PPL s&#8217;est d\u00e9plac\u00e9e \u00e0 Toronto, o\u00f9 elle a \u00e9t\u00e9 co-organis\u00e9e par Dr. Jeff Bale et Dr. Eve Haque \u00e0 OISE\/University of Toronto jusqu&#8217;en 2019. Apr\u00e8s huit ans, PPL2020 \u00e0 d\u00fb \u00eatre annul\u00e9e en raison de COVID-19 mais PPL2021 et PPL2022 ont\u00a0\u00e9t\u00e9\u00a0organis\u00e9es par Dr. Mela Sarkar et Dr. Amir Kalan \u00e0\u00a0l&#8217;Universit\u00e9 McGill \u00e0 Montr\u00e9al, Canada. Vous pouvez trouver plus d&#8217;informations sur les \u00e9ditions pr\u00e9c\u00e9dentes de la conf\u00e9rence <\/i><\/span><a style=\"color: #2a2a2a; font-style: italic;\" href=\"https:\/\/lpp2022.weebly.com\/past-conferences.html\">ici<\/a><span><i><span style=\"color: #2a2a2a;\">. La conf\u00e9rence aura lieu pour la <span style=\"caret-color: #2a2a2a;\">deuxi\u00e8me<\/span> fois \u00e0 Ottawa en 2026, apr\u00e8s une \u00e9dition tr\u00e8s r\u00e9ussie en 2024.<\/span><\/i><\/span><\/p>\n<p><span data-contrast=\"none\">Carleton University is located on the unceded and unsurrendered territories of the Algonquin nation. We acknowledge our responsibility to the Om\u00e0miwinin\u00ecwag (Algonquin Anishinaabeg) and our respect for Algonquin knowledge holders and to members of other Indigenous nations who call Ottawa home.\u00a0<\/span><span data-contrast=\"none\">As a field, language policy and planning also has a responsibility to address the role of language policies in historical and ongoing processes of colonization. We welcome critical reflection on this complex topic as part of the conference.<\/span><span data-ccp-props=\"{&quot;201341983&quot;:0,&quot;335559739&quot;:160,&quot;335559740&quot;:259}\">\u00a0<\/span><\/p>\n<p><em>L\u2019Universit\u00e9 Carleton est situ\u00e9e sur les territoires non-c\u00e9d\u00e9s de la nation Algonquine. Nous reconnaissons notre responsabilit\u00e9 envers les Om\u00e0miwinin\u00ecwag (Algonquin Anishinaabeg) et notre respect pour les d\u00e9tentrices et d\u00e9tenteurs de connaissance algonquins et pour les membres d\u2019autres nations autochtones qui vivent \u00e0 Ottawa.\u00a0Le champ de la politique et l\u2019am\u00e9nagement linguistiques a aussi la responsabilit\u00e9 de r\u00e9fl\u00e9chir au r\u00f4le des politiques linguistiques dans les processus historiques et contemporains de colonisation. Nous accueillons chaleureusement les pr\u00e9sentations sur ce th\u00e8me complexe dans le cadre de la conf\u00e9rence.<\/em><span data-ccp-props=\"{&quot;201341983&quot;:0,&quot;335551550&quot;:6,&quot;335551620&quot;:6,&quot;335559740&quot;:259}\">\u00a0<\/span><\/p>\n<p style=\"text-align: center;\">\n<p style=\"text-align: center;\">Contact: <a href=\"mail&#116;&#111;&#58;&#108;&#112;&#112;&#99;&#x6f;&#x6e;&#x66;&#x65;&#x72;&#x65;&#x6e;&#x63;&#x65;&#64;car&#108;&#101;&#116;&#111;&#110;&#46;&#99;&#x61;\">&#108;p&#x70;c&#x6f;n&#x66;&#101;&#x72;&#101;&#x6e;&#99;e&#x40;c&#x61;r&#x6c;&#101;&#x74;&#111;&#x6e;&#46;&#x63;&#97;<\/a><\/p>\n<p><\/p>\n","protected":false},"excerpt":{"rendered":"<p>The Multidisciplinary Approaches in Language Policy and Planning (LPP) conference brings scholars from different disciplines (language education, anthropology, political studies, social sciences, economics, linguistics, and more) whose work centres on language policy and planning at different levels: local, national and\/or international. The LPP conference was created by Dr. Tom Ricento in 2012 at the University [&hellip;]<\/p>\n","protected":false},"author":4,"featured_media":0,"parent":0,"menu_order":0,"comment_status":"closed","ping_status":"closed","template":"","meta":{"_relevanssi_hide_post":"","_relevanssi_hide_content":"","_relevanssi_pin_for_all":"","_relevanssi_pin_keywords":"","_relevanssi_unpin_keywords":"","_relevanssi_related_keywords":"","_relevanssi_related_include_ids":"","_relevanssi_related_exclude_ids":"","_relevanssi_related_no_append":"","_relevanssi_related_not_related":"","_relevanssi_related_posts":"","_relevanssi_noindex_reason":"","_mi_skip_tracking":false,"_exactmetrics_sitenote_active":false,"_exactmetrics_sitenote_note":"","_exactmetrics_sitenote_category":0,"_monsterinsights_sitenote_active":false,"_monsterinsights_sitenote_note":"","_monsterinsights_sitenote_category":0,"footnotes":"","_links_to":"","_links_to_target":""},"yoast_head":"<!-- This site is optimized with the Yoast SEO plugin v21.2 - https:\/\/yoast.com\/wordpress\/plugins\/seo\/ -->\n<title>About \/ \u00c0 propos - Multidisciplinary Approaches in Language Policy and Planning<\/title>\n<meta name=\"description\" content=\"The Multidisciplinary Approaches in Language Policy and Planning (LPP) conference brings scholars from different disciplines (language education,\" \/>\n<meta name=\"robots\" content=\"index, follow, max-snippet:-1, max-image-preview:large, max-video-preview:-1\" \/>\n<link rel=\"canonical\" href=\"https:\/\/carleton.ca\/lpp\/about\/\" \/>\n<meta name=\"twitter:label1\" content=\"Est. reading time\" \/>\n\t<meta name=\"twitter:data1\" content=\"3 minutes\" \/>\n<script type=\"application\/ld+json\" class=\"yoast-schema-graph\">{\"@context\":\"https:\/\/schema.org\",\"@graph\":[{\"@type\":\"WebPage\",\"@id\":\"https:\/\/carleton.ca\/lpp\/about\/\",\"url\":\"https:\/\/carleton.ca\/lpp\/about\/\",\"name\":\"About \/ \u00c0 propos - Multidisciplinary Approaches in Language Policy and Planning\",\"isPartOf\":{\"@id\":\"https:\/\/carleton.ca\/lpp\/#website\"},\"datePublished\":\"2023-02-14T14:44:11+00:00\",\"dateModified\":\"2025-07-08T16:24:46+00:00\",\"description\":\"The Multidisciplinary Approaches in Language Policy and Planning (LPP) conference brings scholars from different disciplines (language education,\",\"breadcrumb\":{\"@id\":\"https:\/\/carleton.ca\/lpp\/about\/#breadcrumb\"},\"inLanguage\":\"en-US\",\"potentialAction\":[{\"@type\":\"ReadAction\",\"target\":[\"https:\/\/carleton.ca\/lpp\/about\/\"]}]},{\"@type\":\"BreadcrumbList\",\"@id\":\"https:\/\/carleton.ca\/lpp\/about\/#breadcrumb\",\"itemListElement\":[{\"@type\":\"ListItem\",\"position\":1,\"name\":\"Home\",\"item\":\"https:\/\/carleton.ca\/lpp\/\"},{\"@type\":\"ListItem\",\"position\":2,\"name\":\"About \/ \u00c0 propos\"}]},{\"@type\":\"WebSite\",\"@id\":\"https:\/\/carleton.ca\/lpp\/#website\",\"url\":\"https:\/\/carleton.ca\/lpp\/\",\"name\":\"Multidisciplinary Approaches in Language Policy and Planning\",\"description\":\"Carleton University\",\"potentialAction\":[{\"@type\":\"SearchAction\",\"target\":{\"@type\":\"EntryPoint\",\"urlTemplate\":\"https:\/\/carleton.ca\/lpp\/?s={search_term_string}\"},\"query-input\":\"required name=search_term_string\"}],\"inLanguage\":\"en-US\"}]}<\/script>\n<!-- \/ Yoast SEO plugin. -->","yoast_head_json":{"title":"About \/ \u00c0 propos - Multidisciplinary Approaches in Language Policy and Planning","description":"The Multidisciplinary Approaches in Language Policy and Planning (LPP) conference brings scholars from different disciplines (language education,","robots":{"index":"index","follow":"follow","max-snippet":"max-snippet:-1","max-image-preview":"max-image-preview:large","max-video-preview":"max-video-preview:-1"},"canonical":"https:\/\/carleton.ca\/lpp\/about\/","twitter_misc":{"Est. reading time":"3 minutes"},"schema":{"@context":"https:\/\/schema.org","@graph":[{"@type":"WebPage","@id":"https:\/\/carleton.ca\/lpp\/about\/","url":"https:\/\/carleton.ca\/lpp\/about\/","name":"About \/ \u00c0 propos - Multidisciplinary Approaches in Language Policy and Planning","isPartOf":{"@id":"https:\/\/carleton.ca\/lpp\/#website"},"datePublished":"2023-02-14T14:44:11+00:00","dateModified":"2025-07-08T16:24:46+00:00","description":"The Multidisciplinary Approaches in Language Policy and Planning (LPP) conference brings scholars from different disciplines (language education,","breadcrumb":{"@id":"https:\/\/carleton.ca\/lpp\/about\/#breadcrumb"},"inLanguage":"en-US","potentialAction":[{"@type":"ReadAction","target":["https:\/\/carleton.ca\/lpp\/about\/"]}]},{"@type":"BreadcrumbList","@id":"https:\/\/carleton.ca\/lpp\/about\/#breadcrumb","itemListElement":[{"@type":"ListItem","position":1,"name":"Home","item":"https:\/\/carleton.ca\/lpp\/"},{"@type":"ListItem","position":2,"name":"About \/ \u00c0 propos"}]},{"@type":"WebSite","@id":"https:\/\/carleton.ca\/lpp\/#website","url":"https:\/\/carleton.ca\/lpp\/","name":"Multidisciplinary Approaches in Language Policy and Planning","description":"Carleton University","potentialAction":[{"@type":"SearchAction","target":{"@type":"EntryPoint","urlTemplate":"https:\/\/carleton.ca\/lpp\/?s={search_term_string}"},"query-input":"required name=search_term_string"}],"inLanguage":"en-US"}]}},"acf":{"banner_image_type":"hosted","banner_button":"no","banner_hosted_image":"campus-night","banner_opacity":"default"},"_links":{"self":[{"href":"https:\/\/carleton.ca\/lpp\/wp-json\/wp\/v2\/pages\/22"}],"collection":[{"href":"https:\/\/carleton.ca\/lpp\/wp-json\/wp\/v2\/pages"}],"about":[{"href":"https:\/\/carleton.ca\/lpp\/wp-json\/wp\/v2\/types\/page"}],"author":[{"embeddable":true,"href":"https:\/\/carleton.ca\/lpp\/wp-json\/wp\/v2\/users\/4"}],"replies":[{"embeddable":true,"href":"https:\/\/carleton.ca\/lpp\/wp-json\/wp\/v2\/comments?post=22"}],"version-history":[{"count":4,"href":"https:\/\/carleton.ca\/lpp\/wp-json\/wp\/v2\/pages\/22\/revisions"}],"predecessor-version":[{"id":566,"href":"https:\/\/carleton.ca\/lpp\/wp-json\/wp\/v2\/pages\/22\/revisions\/566"}],"wp:attachment":[{"href":"https:\/\/carleton.ca\/lpp\/wp-json\/wp\/v2\/media?parent=22"}],"curies":[{"name":"wp","href":"https:\/\/api.w.org\/{rel}","templated":true}]}}