{"id":32,"date":"2023-02-15T12:27:13","date_gmt":"2023-02-15T17:27:13","guid":{"rendered":"https:\/\/carleton.ca\/lpp\/?page_id=32"},"modified":"2025-07-08T12:27:59","modified_gmt":"2025-07-08T16:27:59","slug":"2024-plenary-speakers","status":"publish","type":"page","link":"https:\/\/carleton.ca\/lpp\/2024-plenary-speakers\/","title":{"rendered":"2024 Plenary speakers \/ Conf\u00e9rences pl\u00e9ni\u00e8res"},"content":{"rendered":"<p><img decoding=\"async\" loading=\"lazy\" class=\"size-medium wp-image-49 aligncenter\" src=\"https:\/\/carleton.ca\/lpp\/wp-content\/uploads\/1500x500-240x80.jpeg\" alt=\"\" width=\"240\" height=\"80\" srcset=\"https:\/\/carleton.ca\/lpp\/wp-content\/uploads\/1500x500-240x80.jpeg 240w, https:\/\/carleton.ca\/lpp\/wp-content\/uploads\/1500x500-400x133.jpeg 400w, https:\/\/carleton.ca\/lpp\/wp-content\/uploads\/1500x500-160x53.jpeg 160w, https:\/\/carleton.ca\/lpp\/wp-content\/uploads\/1500x500-768x256.jpeg 768w, https:\/\/carleton.ca\/lpp\/wp-content\/uploads\/1500x500-360x120.jpeg 360w, https:\/\/carleton.ca\/lpp\/wp-content\/uploads\/1500x500.jpeg 1500w\" sizes=\"(max-width: 240px) 100vw, 240px\" \/><\/p>\n<h2 style=\"text-align: center;\">Plenary speakers &#8211; Conf\u00e9rences pl\u00e9ni\u00e8res<\/h2>\n<table style=\"border-collapse: collapse; width: 100%; height: 275px;\">\n<tbody>\n<tr style=\"height: 182px;\">\n<td style=\"width: 25%; height: 182px;\"><a href=\"https:\/\/www.ul.ie\/research\/prof-helen-kelly-holmes\"><img decoding=\"async\" loading=\"lazy\" class=\"aligncenter wp-image-260\" src=\"https:\/\/carleton.ca\/lpp\/wp-content\/uploads\/HKH-3-240x242.jpeg\" alt=\"\" width=\"293\" height=\"295\" srcset=\"https:\/\/carleton.ca\/lpp\/wp-content\/uploads\/HKH-3-240x242.jpeg 240w, https:\/\/carleton.ca\/lpp\/wp-content\/uploads\/HKH-3-160x161.jpeg 160w, https:\/\/carleton.ca\/lpp\/wp-content\/uploads\/HKH-3-200x200.jpeg 200w, https:\/\/carleton.ca\/lpp\/wp-content\/uploads\/HKH-3.jpeg 360w\" sizes=\"(max-width: 293px) 100vw, 293px\" \/><\/a><\/td>\n<td style=\"width: 25%; height: 182px;\"><a href=\"https:\/\/www.oise.utoronto.ca\/home\/fr\/crefo\/equipe\/amal-madibbo\"><img decoding=\"async\" loading=\"lazy\" class=\" wp-image-259 aligncenter\" src=\"https:\/\/carleton.ca\/lpp\/wp-content\/uploads\/amal-madibbo-1-240x237.jpg\" alt=\"\" width=\"300\" height=\"296\" srcset=\"https:\/\/carleton.ca\/lpp\/wp-content\/uploads\/amal-madibbo-1-240x237.jpg 240w, https:\/\/carleton.ca\/lpp\/wp-content\/uploads\/amal-madibbo-1-400x395.jpg 400w, https:\/\/carleton.ca\/lpp\/wp-content\/uploads\/amal-madibbo-1-160x158.jpg 160w, https:\/\/carleton.ca\/lpp\/wp-content\/uploads\/amal-madibbo-1.jpg 609w, https:\/\/carleton.ca\/lpp\/wp-content\/uploads\/amal-madibbo-1-360x356.jpg 360w\" sizes=\"(max-width: 300px) 100vw, 300px\" \/><\/a><\/td>\n<\/tr>\n<tr style=\"height: 93px;\">\n<td style=\"width: 25%; height: 93px;\">\n<h3 style=\"text-align: center;\"><a href=\"https:\/\/www.ul.ie\/research\/prof-helen-kelly-holmes\">Professor\/Professeure Helen Kelly-Holmes<\/a><\/h3>\n<\/td>\n<td style=\"width: 25%; height: 93px;\">\n<h3 style=\"text-align: center;\"><a href=\"https:\/\/www.oise.utoronto.ca\/home\/fr\/crefo\/equipe\/amal-madibbo\">Professor\/Professeure Amal Maddibo<\/a><\/h3>\n<\/td>\n<\/tr>\n<tr>\n<td style=\"width: 25%;\">\n<h3 style=\"text-align: center;\"><a href=\"https:\/\/www.dal.ca\/faculty\/law\/faculty-staff\/our-faculty\/naiomi-metallic.html\"><img decoding=\"async\" loading=\"lazy\" class=\"alignnone wp-image-261\" src=\"https:\/\/carleton.ca\/lpp\/wp-content\/uploads\/NM-1.jpeg\" alt=\"\" width=\"295\" height=\"290\" srcset=\"https:\/\/carleton.ca\/lpp\/wp-content\/uploads\/NM-1.jpeg 214w, https:\/\/carleton.ca\/lpp\/wp-content\/uploads\/NM-1-160x157.jpeg 160w\" sizes=\"(max-width: 295px) 100vw, 295px\" \/><\/a><\/h3>\n<\/td>\n<td style=\"width: 25%;\">\n<h3 style=\"text-align: center;\"><a href=\"https:\/\/aplng.la.psu.edu\/people\/tommaso-milani\/\"><img decoding=\"async\" loading=\"lazy\" class=\"alignnone wp-image-262\" src=\"https:\/\/carleton.ca\/lpp\/wp-content\/uploads\/TM-1-240x246.png\" alt=\"\" width=\"280\" height=\"287\" srcset=\"https:\/\/carleton.ca\/lpp\/wp-content\/uploads\/TM-1-240x246.png 240w, https:\/\/carleton.ca\/lpp\/wp-content\/uploads\/TM-1-400x410.png 400w, https:\/\/carleton.ca\/lpp\/wp-content\/uploads\/TM-1-160x164.png 160w, https:\/\/carleton.ca\/lpp\/wp-content\/uploads\/TM-1-768x787.png 768w, https:\/\/carleton.ca\/lpp\/wp-content\/uploads\/TM-1-360x369.png 360w, https:\/\/carleton.ca\/lpp\/wp-content\/uploads\/TM-1.png 777w\" sizes=\"(max-width: 280px) 100vw, 280px\" \/><\/a><\/h3>\n<\/td>\n<\/tr>\n<tr>\n<td style=\"width: 25%;\">\n<h3 style=\"text-align: center;\"><a href=\"https:\/\/www.dal.ca\/faculty\/law\/faculty-staff\/our-faculty\/naiomi-metallic.html\">Professor\/Professeure Naiomi Metallic<\/a><\/h3>\n<\/td>\n<td style=\"width: 25%;\">\n<h3 style=\"text-align: center;\"><a href=\"https:\/\/aplng.la.psu.edu\/people\/department-head\/\">Professor\/Professeur Tommaso Milani<\/a><\/h3>\n<\/td>\n<\/tr>\n<\/tbody>\n<\/table>\n<h3 style=\"text-align: center;\">Also:<\/h3>\n<h3 style=\"text-align: center;\">Featured Round Table Honouring the Life and Work of <a href=\"http:\/\/www.tove-skutnabb-kangas.org\/\">Tove Skutnabb-Kangas<\/a> (1940-2023), with\u00a0 Professor Jim Cummins<\/h3>\n<p><img decoding=\"async\" loading=\"lazy\" class=\"size-medium wp-image-417 aligncenter\" src=\"https:\/\/carleton.ca\/lpp\/wp-content\/uploads\/jim-cummins-1-240x260.jpg\" alt=\"\" width=\"240\" height=\"260\" srcset=\"https:\/\/carleton.ca\/lpp\/wp-content\/uploads\/jim-cummins-1-240x260.jpg 240w, https:\/\/carleton.ca\/lpp\/wp-content\/uploads\/jim-cummins-1-160x174.jpg 160w, https:\/\/carleton.ca\/lpp\/wp-content\/uploads\/jim-cummins-1.jpg 295w\" sizes=\"(max-width: 240px) 100vw, 240px\" \/><\/p>\n<h3 style=\"text-align: center;\"><em>Table-ronde invit\u00e9e honorant la vie et la carri\u00e8re de <a href=\"http:\/\/www.tove-skutnabb-kangas.org\/\">Tove Skutnabb-Kangas<\/a> (1940-2023), avec Professeur Jim Cummins<\/em><\/h3>\n<h3 style=\"text-align: center;\">(details TBC &#8211; d\u00e9tails \u00e0 venir)<\/h3>\n<p><\/p>\n<p><\/p>\n<p><\/p>\n","protected":false},"excerpt":{"rendered":"<p>Plenary speakers &#8211; Conf\u00e9rences pl\u00e9ni\u00e8res Professor\/Professeure Helen Kelly-Holmes Professor\/Professeure Amal Maddibo Professor\/Professeure Naiomi Metallic Professor\/Professeur Tommaso Milani Also: Featured Round Table Honouring the Life and Work of Tove Skutnabb-Kangas (1940-2023), with\u00a0 Professor Jim Cummins Table-ronde invit\u00e9e honorant la vie et la carri\u00e8re de Tove Skutnabb-Kangas (1940-2023), avec Professeur Jim Cummins (details TBC &#8211; d\u00e9tails \u00e0 [&hellip;]<\/p>\n","protected":false},"author":5,"featured_media":0,"parent":0,"menu_order":0,"comment_status":"closed","ping_status":"closed","template":"","meta":{"_relevanssi_hide_post":"","_relevanssi_hide_content":"","_relevanssi_pin_for_all":"","_relevanssi_pin_keywords":"","_relevanssi_unpin_keywords":"","_relevanssi_related_keywords":"","_relevanssi_related_include_ids":"","_relevanssi_related_exclude_ids":"","_relevanssi_related_no_append":"","_relevanssi_related_not_related":"","_relevanssi_related_posts":"","_relevanssi_noindex_reason":"","_mi_skip_tracking":false,"_exactmetrics_sitenote_active":false,"_exactmetrics_sitenote_note":"","_exactmetrics_sitenote_category":0,"_monsterinsights_sitenote_active":false,"_monsterinsights_sitenote_note":"","_monsterinsights_sitenote_category":0,"footnotes":"","_links_to":"","_links_to_target":""},"yoast_head":"<!-- This site is optimized with the Yoast SEO plugin v21.2 - https:\/\/yoast.com\/wordpress\/plugins\/seo\/ -->\n<title>2024 Plenary speakers \/ Conf\u00e9rences pl\u00e9ni\u00e8res - Multidisciplinary Approaches in Language Policy and Planning<\/title>\n<meta name=\"description\" content=\"Plenary speakers - Conf\u00e9rences pl\u00e9ni\u00e8res Professor\/Professeure Helen Kelly-Holmes Professor\/Professeure Amal Maddibo Professor\/Professeure Naiomi Metallic\" \/>\n<meta name=\"robots\" content=\"index, follow, max-snippet:-1, max-image-preview:large, max-video-preview:-1\" \/>\n<link rel=\"canonical\" href=\"https:\/\/carleton.ca\/lpp\/2024-plenary-speakers\/\" \/>\n<script type=\"application\/ld+json\" class=\"yoast-schema-graph\">{\"@context\":\"https:\/\/schema.org\",\"@graph\":[{\"@type\":\"WebPage\",\"@id\":\"https:\/\/carleton.ca\/lpp\/2024-plenary-speakers\/\",\"url\":\"https:\/\/carleton.ca\/lpp\/2024-plenary-speakers\/\",\"name\":\"2024 Plenary speakers \/ Conf\u00e9rences pl\u00e9ni\u00e8res - Multidisciplinary Approaches in Language Policy and Planning\",\"isPartOf\":{\"@id\":\"https:\/\/carleton.ca\/lpp\/#website\"},\"datePublished\":\"2023-02-15T17:27:13+00:00\",\"dateModified\":\"2025-07-08T16:27:59+00:00\",\"description\":\"Plenary speakers - Conf\u00e9rences pl\u00e9ni\u00e8res Professor\/Professeure Helen Kelly-Holmes Professor\/Professeure Amal Maddibo Professor\/Professeure Naiomi Metallic\",\"breadcrumb\":{\"@id\":\"https:\/\/carleton.ca\/lpp\/2024-plenary-speakers\/#breadcrumb\"},\"inLanguage\":\"en-US\",\"potentialAction\":[{\"@type\":\"ReadAction\",\"target\":[\"https:\/\/carleton.ca\/lpp\/2024-plenary-speakers\/\"]}]},{\"@type\":\"BreadcrumbList\",\"@id\":\"https:\/\/carleton.ca\/lpp\/2024-plenary-speakers\/#breadcrumb\",\"itemListElement\":[{\"@type\":\"ListItem\",\"position\":1,\"name\":\"Home\",\"item\":\"https:\/\/carleton.ca\/lpp\/\"},{\"@type\":\"ListItem\",\"position\":2,\"name\":\"2024 Plenary speakers \/ Conf\u00e9rences pl\u00e9ni\u00e8res\"}]},{\"@type\":\"WebSite\",\"@id\":\"https:\/\/carleton.ca\/lpp\/#website\",\"url\":\"https:\/\/carleton.ca\/lpp\/\",\"name\":\"Multidisciplinary Approaches in Language Policy and Planning\",\"description\":\"Carleton University\",\"potentialAction\":[{\"@type\":\"SearchAction\",\"target\":{\"@type\":\"EntryPoint\",\"urlTemplate\":\"https:\/\/carleton.ca\/lpp\/?s={search_term_string}\"},\"query-input\":\"required name=search_term_string\"}],\"inLanguage\":\"en-US\"}]}<\/script>\n<!-- \/ Yoast SEO plugin. -->","yoast_head_json":{"title":"2024 Plenary speakers \/ Conf\u00e9rences pl\u00e9ni\u00e8res - Multidisciplinary Approaches in Language Policy and Planning","description":"Plenary speakers - Conf\u00e9rences pl\u00e9ni\u00e8res Professor\/Professeure Helen Kelly-Holmes Professor\/Professeure Amal Maddibo Professor\/Professeure Naiomi Metallic","robots":{"index":"index","follow":"follow","max-snippet":"max-snippet:-1","max-image-preview":"max-image-preview:large","max-video-preview":"max-video-preview:-1"},"canonical":"https:\/\/carleton.ca\/lpp\/2024-plenary-speakers\/","schema":{"@context":"https:\/\/schema.org","@graph":[{"@type":"WebPage","@id":"https:\/\/carleton.ca\/lpp\/2024-plenary-speakers\/","url":"https:\/\/carleton.ca\/lpp\/2024-plenary-speakers\/","name":"2024 Plenary speakers \/ Conf\u00e9rences pl\u00e9ni\u00e8res - Multidisciplinary Approaches in Language Policy and Planning","isPartOf":{"@id":"https:\/\/carleton.ca\/lpp\/#website"},"datePublished":"2023-02-15T17:27:13+00:00","dateModified":"2025-07-08T16:27:59+00:00","description":"Plenary speakers - Conf\u00e9rences pl\u00e9ni\u00e8res Professor\/Professeure Helen Kelly-Holmes Professor\/Professeure Amal Maddibo Professor\/Professeure Naiomi Metallic","breadcrumb":{"@id":"https:\/\/carleton.ca\/lpp\/2024-plenary-speakers\/#breadcrumb"},"inLanguage":"en-US","potentialAction":[{"@type":"ReadAction","target":["https:\/\/carleton.ca\/lpp\/2024-plenary-speakers\/"]}]},{"@type":"BreadcrumbList","@id":"https:\/\/carleton.ca\/lpp\/2024-plenary-speakers\/#breadcrumb","itemListElement":[{"@type":"ListItem","position":1,"name":"Home","item":"https:\/\/carleton.ca\/lpp\/"},{"@type":"ListItem","position":2,"name":"2024 Plenary speakers \/ Conf\u00e9rences pl\u00e9ni\u00e8res"}]},{"@type":"WebSite","@id":"https:\/\/carleton.ca\/lpp\/#website","url":"https:\/\/carleton.ca\/lpp\/","name":"Multidisciplinary Approaches in Language Policy and Planning","description":"Carleton University","potentialAction":[{"@type":"SearchAction","target":{"@type":"EntryPoint","urlTemplate":"https:\/\/carleton.ca\/lpp\/?s={search_term_string}"},"query-input":"required name=search_term_string"}],"inLanguage":"en-US"}]}},"acf":{"banner_image_type":"hosted","banner_button":"no","banner_hosted_image":"lecture","banner_opacity":"default"},"_links":{"self":[{"href":"https:\/\/carleton.ca\/lpp\/wp-json\/wp\/v2\/pages\/32"}],"collection":[{"href":"https:\/\/carleton.ca\/lpp\/wp-json\/wp\/v2\/pages"}],"about":[{"href":"https:\/\/carleton.ca\/lpp\/wp-json\/wp\/v2\/types\/page"}],"author":[{"embeddable":true,"href":"https:\/\/carleton.ca\/lpp\/wp-json\/wp\/v2\/users\/5"}],"replies":[{"embeddable":true,"href":"https:\/\/carleton.ca\/lpp\/wp-json\/wp\/v2\/comments?post=32"}],"version-history":[{"count":4,"href":"https:\/\/carleton.ca\/lpp\/wp-json\/wp\/v2\/pages\/32\/revisions"}],"predecessor-version":[{"id":571,"href":"https:\/\/carleton.ca\/lpp\/wp-json\/wp\/v2\/pages\/32\/revisions\/571"}],"wp:attachment":[{"href":"https:\/\/carleton.ca\/lpp\/wp-json\/wp\/v2\/media?parent=32"}],"curies":[{"name":"wp","href":"https:\/\/api.w.org\/{rel}","templated":true}]}}