{"id":34,"date":"2023-02-15T12:27:21","date_gmt":"2023-02-15T17:27:21","guid":{"rendered":"https:\/\/carleton.ca\/lpp\/?page_id=34"},"modified":"2026-03-23T08:36:13","modified_gmt":"2026-03-23T12:36:13","slug":"registration","status":"publish","type":"page","link":"https:\/\/carleton.ca\/lpp\/registration\/","title":{"rendered":"Registration \/ Inscription"},"content":{"rendered":"<p><img decoding=\"async\" loading=\"lazy\" class=\"alignnone size-medium wp-image-68\" src=\"https:\/\/carleton.ca\/lpp\/wp-content\/uploads\/1500x500-1-240x80.jpeg\" alt=\"\" width=\"240\" height=\"80\" srcset=\"https:\/\/carleton.ca\/lpp\/wp-content\/uploads\/1500x500-1-240x80.jpeg 240w, https:\/\/carleton.ca\/lpp\/wp-content\/uploads\/1500x500-1-400x133.jpeg 400w, https:\/\/carleton.ca\/lpp\/wp-content\/uploads\/1500x500-1-160x53.jpeg 160w, https:\/\/carleton.ca\/lpp\/wp-content\/uploads\/1500x500-1-768x256.jpeg 768w, https:\/\/carleton.ca\/lpp\/wp-content\/uploads\/1500x500-1-360x120.jpeg 360w, https:\/\/carleton.ca\/lpp\/wp-content\/uploads\/1500x500-1.jpeg 1500w\" sizes=\"(max-width: 240px) 100vw, 240px\" \/><\/p>\n<p><\/p>\n<h3>Registration \/ Inscription<\/h3>\n<p style=\"text-align: left;\">Registration for the conference is now <a href=\"https:\/\/payments.carleton.ca\/lpp\/lpp-registration-inscription\/\">open<\/a>!<\/p>\n<p style=\"text-align: left;\">Please note that presenters need to be registered by <strong>May 31st<\/strong> <strong>at the latest<\/strong> to be included in the final program.<\/p>\n<p>Gala dinner reservations are open until May 31st, subject to availability.<\/p>\n<p>&#8212;<\/p>\n<p><em>Les inscriptions sont d\u00e9sormais <a href=\"https:\/\/payments.carleton.ca\/lpp\/lpp-registration-inscription\/\">ouvertes<\/a>!<\/em><\/p>\n<p><em>Veuillez noter que les conf\u00e9renciers et conf\u00e9renci\u00e8res donnant une pr\u00e9sentation doivent \u00eatre enregistr\u00e9\u00b7es d&#8217;ici le<strong> 31 mai au plus tard<\/strong> pour \u00eatre inclus\u00b7es dans le programme final.<\/em><\/p>\n<p><em>Les places pour le souper de gala peuvent \u00eatre r\u00e9serv\u00e9es jusqu&#8217;au 31 mai ou dans la limite des places disponibles.\u00a0<\/em><\/p>\n<p><\/p>\n<h3>Registration fees \/ Frais d&#8217;inscription<\/h3>\n<p>Students and postdoctoral fellows: 50$ \/ <em>\u00c9tudiant\u00b7es et postdoctorant\u00b7es : 50$<\/em><\/p>\n<p>Scholars from the Global South: 50$ \/ <em>Coll\u00e8gues des pays du sud : 50$<\/em><\/p>\n<p>Faculty members and researchers or other professions: 150$ \/ <em>Professeur\u00b7es et chercheur\u00b7euses ou autres professions : 150$<\/em><\/p>\n<p>Registration fees are waived for students enrolled in ALDS5407 and Carleton and University of Ottawa conference volunteers. If you are interested in volunteering, please write to lppc&#111;&#110;&#102;&#101;&#114;&#101;&#110;&#x63;&#x65;&#x40;&#x63;&#x61;&#x72;&#x6c;&#x65;&#x74;on&#46;c&#97;<\/p>\n<p><em>Les \u00e9tudiant\u00b7es du cours ALDS5407 et les b\u00e9n\u00e9voles de la conf\u00e9rence de Carleton et de l&#8217;Universit\u00e9 d&#8217;Ottawa sont exempt\u00e9s des frais d&#8217;inscription. Si vous souhaitez rejoindre notre \u00e9quipe de b\u00e9n\u00e9voles, n&#8217;h\u00e9sitez pas \u00e0 \u00e9crire \u00e0 l&#112;&#x70;&#x63;&#x6f;n&#102;&#101;&#x72;&#x65;n&#99;&#101;&#x40;&#x63;ar&#108;&#x65;&#x74;&#x6f;n&#46;&#x63;&#x61;<\/em><\/p>\n<p><\/p>\n<p><\/p>\n","protected":false},"excerpt":{"rendered":"<p>Registration \/ Inscription Registration for the conference is now open! Please note that presenters need to be registered by May 31st at the latest to be included in the final program. Gala dinner reservations are open until May 31st, subject to availability. &#8212; Les inscriptions sont d\u00e9sormais ouvertes! Veuillez noter que les conf\u00e9renciers et conf\u00e9renci\u00e8res [&hellip;]<\/p>\n","protected":false},"author":5,"featured_media":0,"parent":0,"menu_order":0,"comment_status":"closed","ping_status":"closed","template":"","meta":{"_relevanssi_hide_post":"","_relevanssi_hide_content":"","_relevanssi_pin_for_all":"","_relevanssi_pin_keywords":"","_relevanssi_unpin_keywords":"","_relevanssi_related_keywords":"","_relevanssi_related_include_ids":"","_relevanssi_related_exclude_ids":"","_relevanssi_related_no_append":"","_relevanssi_related_not_related":"","_relevanssi_related_posts":"","_relevanssi_noindex_reason":"","_mi_skip_tracking":false,"_exactmetrics_sitenote_active":false,"_exactmetrics_sitenote_note":"","_exactmetrics_sitenote_category":0,"_monsterinsights_sitenote_active":false,"_monsterinsights_sitenote_note":"","_monsterinsights_sitenote_category":0,"footnotes":"","_links_to":"","_links_to_target":""},"yoast_head":"<!-- This site is optimized with the Yoast SEO plugin v21.2 - https:\/\/yoast.com\/wordpress\/plugins\/seo\/ -->\n<title>Registration \/ Inscription - Multidisciplinary Approaches in Language Policy and Planning<\/title>\n<meta name=\"description\" content=\"&nbsp; Registration \/ Inscription Registration for the conference is now open! Please note that presenters need to be registered by May 31st at the latest\" \/>\n<meta name=\"robots\" content=\"index, follow, max-snippet:-1, max-image-preview:large, max-video-preview:-1\" \/>\n<link rel=\"canonical\" href=\"https:\/\/carleton.ca\/lpp\/registration\/\" \/>\n<meta name=\"twitter:label1\" content=\"Est. reading time\" \/>\n\t<meta name=\"twitter:data1\" content=\"2 minutes\" \/>\n<script type=\"application\/ld+json\" class=\"yoast-schema-graph\">{\"@context\":\"https:\/\/schema.org\",\"@graph\":[{\"@type\":\"WebPage\",\"@id\":\"https:\/\/carleton.ca\/lpp\/registration\/\",\"url\":\"https:\/\/carleton.ca\/lpp\/registration\/\",\"name\":\"Registration \/ Inscription - Multidisciplinary Approaches in Language Policy and Planning\",\"isPartOf\":{\"@id\":\"https:\/\/carleton.ca\/lpp\/#website\"},\"datePublished\":\"2023-02-15T17:27:21+00:00\",\"dateModified\":\"2026-03-23T12:36:13+00:00\",\"description\":\"&nbsp; Registration \/ Inscription Registration for the conference is now open! Please note that presenters need to be registered by May 31st at the latest\",\"breadcrumb\":{\"@id\":\"https:\/\/carleton.ca\/lpp\/registration\/#breadcrumb\"},\"inLanguage\":\"en-US\",\"potentialAction\":[{\"@type\":\"ReadAction\",\"target\":[\"https:\/\/carleton.ca\/lpp\/registration\/\"]}]},{\"@type\":\"BreadcrumbList\",\"@id\":\"https:\/\/carleton.ca\/lpp\/registration\/#breadcrumb\",\"itemListElement\":[{\"@type\":\"ListItem\",\"position\":1,\"name\":\"Home\",\"item\":\"https:\/\/carleton.ca\/lpp\/\"},{\"@type\":\"ListItem\",\"position\":2,\"name\":\"Registration \/ Inscription\"}]},{\"@type\":\"WebSite\",\"@id\":\"https:\/\/carleton.ca\/lpp\/#website\",\"url\":\"https:\/\/carleton.ca\/lpp\/\",\"name\":\"Multidisciplinary Approaches in Language Policy and Planning\",\"description\":\"Carleton University\",\"potentialAction\":[{\"@type\":\"SearchAction\",\"target\":{\"@type\":\"EntryPoint\",\"urlTemplate\":\"https:\/\/carleton.ca\/lpp\/?s={search_term_string}\"},\"query-input\":\"required name=search_term_string\"}],\"inLanguage\":\"en-US\"}]}<\/script>\n<!-- \/ Yoast SEO plugin. -->","yoast_head_json":{"title":"Registration \/ Inscription - Multidisciplinary Approaches in Language Policy and Planning","description":"&nbsp; Registration \/ Inscription Registration for the conference is now open! Please note that presenters need to be registered by May 31st at the latest","robots":{"index":"index","follow":"follow","max-snippet":"max-snippet:-1","max-image-preview":"max-image-preview:large","max-video-preview":"max-video-preview:-1"},"canonical":"https:\/\/carleton.ca\/lpp\/registration\/","twitter_misc":{"Est. reading time":"2 minutes"},"schema":{"@context":"https:\/\/schema.org","@graph":[{"@type":"WebPage","@id":"https:\/\/carleton.ca\/lpp\/registration\/","url":"https:\/\/carleton.ca\/lpp\/registration\/","name":"Registration \/ Inscription - Multidisciplinary Approaches in Language Policy and Planning","isPartOf":{"@id":"https:\/\/carleton.ca\/lpp\/#website"},"datePublished":"2023-02-15T17:27:21+00:00","dateModified":"2026-03-23T12:36:13+00:00","description":"&nbsp; Registration \/ Inscription Registration for the conference is now open! Please note that presenters need to be registered by May 31st at the latest","breadcrumb":{"@id":"https:\/\/carleton.ca\/lpp\/registration\/#breadcrumb"},"inLanguage":"en-US","potentialAction":[{"@type":"ReadAction","target":["https:\/\/carleton.ca\/lpp\/registration\/"]}]},{"@type":"BreadcrumbList","@id":"https:\/\/carleton.ca\/lpp\/registration\/#breadcrumb","itemListElement":[{"@type":"ListItem","position":1,"name":"Home","item":"https:\/\/carleton.ca\/lpp\/"},{"@type":"ListItem","position":2,"name":"Registration \/ Inscription"}]},{"@type":"WebSite","@id":"https:\/\/carleton.ca\/lpp\/#website","url":"https:\/\/carleton.ca\/lpp\/","name":"Multidisciplinary Approaches in Language Policy and Planning","description":"Carleton University","potentialAction":[{"@type":"SearchAction","target":{"@type":"EntryPoint","urlTemplate":"https:\/\/carleton.ca\/lpp\/?s={search_term_string}"},"query-input":"required name=search_term_string"}],"inLanguage":"en-US"}]}},"acf":{"banner_image_type":"hosted","banner_button":"no","banner_hosted_image":"desk-comp","banner_opacity":"default"},"_links":{"self":[{"href":"https:\/\/carleton.ca\/lpp\/wp-json\/wp\/v2\/pages\/34"}],"collection":[{"href":"https:\/\/carleton.ca\/lpp\/wp-json\/wp\/v2\/pages"}],"about":[{"href":"https:\/\/carleton.ca\/lpp\/wp-json\/wp\/v2\/types\/page"}],"author":[{"embeddable":true,"href":"https:\/\/carleton.ca\/lpp\/wp-json\/wp\/v2\/users\/5"}],"replies":[{"embeddable":true,"href":"https:\/\/carleton.ca\/lpp\/wp-json\/wp\/v2\/comments?post=34"}],"version-history":[{"count":4,"href":"https:\/\/carleton.ca\/lpp\/wp-json\/wp\/v2\/pages\/34\/revisions"}],"predecessor-version":[{"id":658,"href":"https:\/\/carleton.ca\/lpp\/wp-json\/wp\/v2\/pages\/34\/revisions\/658"}],"wp:attachment":[{"href":"https:\/\/carleton.ca\/lpp\/wp-json\/wp\/v2\/media?parent=34"}],"curies":[{"name":"wp","href":"https:\/\/api.w.org\/{rel}","templated":true}]}}