{"id":464,"date":"2024-03-06T14:18:06","date_gmt":"2024-03-06T19:18:06","guid":{"rendered":"https:\/\/carleton.ca\/lpp\/?page_id=464"},"modified":"2026-04-07T11:45:34","modified_gmt":"2026-04-07T15:45:34","slug":"lodging","status":"publish","type":"page","link":"https:\/\/carleton.ca\/lpp\/lodging\/","title":{"rendered":"Lodging \/ H\u00e9bergement"},"content":{"rendered":"<h2><img decoding=\"async\" loading=\"lazy\" class=\"alignnone size-medium wp-image-68 aligncenter\" src=\"https:\/\/carleton.ca\/lpp\/wp-content\/uploads\/1500x500-1-240x80.jpeg\" alt=\"\" width=\"240\" height=\"80\" srcset=\"https:\/\/carleton.ca\/lpp\/wp-content\/uploads\/1500x500-1-240x80.jpeg 240w, https:\/\/carleton.ca\/lpp\/wp-content\/uploads\/1500x500-1-400x133.jpeg 400w, https:\/\/carleton.ca\/lpp\/wp-content\/uploads\/1500x500-1-160x53.jpeg 160w, https:\/\/carleton.ca\/lpp\/wp-content\/uploads\/1500x500-1-768x256.jpeg 768w, https:\/\/carleton.ca\/lpp\/wp-content\/uploads\/1500x500-1-360x120.jpeg 360w, https:\/\/carleton.ca\/lpp\/wp-content\/uploads\/1500x500-1.jpeg 1500w\" sizes=\"(max-width: 240px) 100vw, 240px\" \/><\/h2>\n<p><\/p>\n<h2 style=\"text-align: center;\">Lodging \/ H\u00e9bergement<\/h2>\n<p style=\"font-weight: 400;\"><div class=\"columns\"><div class=\"columns__two\"><p style=\"font-weight: 400;\">Participants to the Conference will be responsible for the booking and payment of their own accommodations.<\/p>\n<p>A limited number of rooms are available in Carleton student residences on campus on a first come first serve basis. The rooms are two bedroom suites (140$ + HST (Harmonized Sales Tax)) that can be shared between two individuals (booking is for the whole suite). More info on the booking process can be found here <a href=\"https:\/\/carleton.ca\/lpp\/wp-content\/uploads\/2026-LLP-Conference.pdf\">2026 LLP Conference<\/a>. You can also consult this link to find more <a href=\"https:\/\/carleton.ca\/lpp\/wp-content\/uploads\/Details-of-your-Stay-at-Carleton-University.pdf\">Details of your Stay at Carleton University<\/a>.<\/p>\n<p style=\"font-weight: 400;\">We partnered with some hotels in Ottawa to offer you preferential discounted rates for the duration of the Conference. The detail for each hotel is listed below (please pay attention to the booking process, as some require you to call or email, and to the deadlines: most of these discounted prices will expire by mid-May or the end of May). For those unfamiliar with Canadian pricing, next to the room rates you will see + 13 % HST (Harmonized Sales Tax) and 6% MAT (Municipal Accommodation Tax). These are taxes that will be added to the final price of the room(s).<\/p>\n<p style=\"font-weight: 400;\">The Conference will mostly take place on Carleton University Campus, in Tory Building, on June 17th, 18th and 19th.<\/p>\n<p style=\"font-weight: 400;\">On the afternoon of June 18<sup>th<\/sup>, the keynote and the gala dinner will take place on the campus of University of Ottawa (ample time has been included in the schedule to allow participants to commute between location).<\/p>\n<p style=\"font-weight: 400;\">The hotels we partnered with are located in downtown Ottawa. Taxis to and from the airport cost around $35-40 each way. Campus can be accessed by public transportation (itinerary will be added to the website closer to the Conference dates).<\/p>\n<p style=\"font-weight: 400;\"><\/div><\/p>\n<p style=\"font-weight: 400;\"><div class=\"columns__two\"><p style=\"font-weight: 400;\">La r\u00e9servation et le paiement de l&#8217;h\u00e9bergement sont de la responsabilit\u00e9 des participant\u00b7e\u00b7s de la conf\u00e9rence.<\/p>\n<p>Un nombre limit\u00e9 de chambres sont disponibles dans les r\u00e9sidences \u00e9tudiantes. Ces suites contiennent deux chambres individuelles et une salle de bain partag\u00e9e (140$ + taxes) et peuvent \u00eatre partag\u00e9es entre deux adultes (la r\u00e9servation se fait pour la suite compl\u00e8te). Plus d&#8217;informations <a href=\"https:\/\/carleton.ca\/lpp\/wp-content\/uploads\/2026-LLP-Conference.pdf\">ici<\/a>. Vous pouvez aussi consulter le lien suivant pour des d\u00e9tails sur votre s\u00e9jour en r\u00e9sidence : <a href=\"https:\/\/carleton.ca\/lpp\/wp-content\/uploads\/Details-of-your-Stay-at-Carleton-University.pdf\">Details of your Stay at Carleton University<\/a><\/p>\n<p style=\"font-weight: 400;\">Nous avons collabor\u00e9 avec certains h\u00f4tels du centre-ville d&#8217;Ottawa pour vous offrir des taux concurrentiels pour la dur\u00e9e de la conf\u00e9rence. Vous pouvez trouver les informations d\u00e9taill\u00e9es pour chacun des h\u00f4tels ci-dessous (merci de lire attentivement les instructions concernant le processus de r\u00e9servation et les politiques de chaque h\u00f4tel puisque la plupart d&#8217;entre eux ont une date limite de r\u00e9servation vers la mi-mai ou la fin mai). Veuillez \u00e9galement noter qu&#8217;au Canada les prix sont toujours donn\u00e9s avant l&#8217;ajout des taxes (taxe harmonis\u00e9e de vente de 13% et taxe municipale de 5%). Ces taxes sont ajout\u00e9es dans le prix final des chambres.<\/p>\n<p style=\"font-weight: 400;\">Notre conf\u00e9rence se d\u00e9roulera \u00e0 deux endroits. La majeure partie de la conf\u00e9rence se d\u00e9roulera sur le campus de l&#8217;Universit\u00e9 Carleton, dans l&#8217;\u00e9difice Tory, les 17, 18 et 19 juin.<\/p>\n<p style=\"font-weight: 400;\">La conf\u00e9rence pl\u00e9ni\u00e8re et le souper de gala du 18 juin auront lieu sur le campus de l\u2019Universit\u00e9 d\u2019Ottawa (l\u2019horaire pr\u00e9voit du temps pour se d\u00e9placer entre les deux campus).<\/p>\n<p style=\"font-weight: 400;\">Nos h\u00f4tels partenaires sont situ\u00e9s au centre-ville d&#8217;Ottawa. Les taxis depuis l&#8217;a\u00e9roport co\u00fbtent environ 35-40$ par trajet. Le campus est accessible par transport en commun (des itin\u00e9raires seront ajout\u00e9s au site web ult\u00e9rieurement \u00e0 l&#8217;approche de la conf\u00e9rence).<\/p>\n<p style=\"font-weight: 400;\"><\/div><\/div><\/p>\n<h2 style=\"font-weight: 400; text-align: center;\"><strong>Partnering Hotels \/ H\u00f4tels partenaires<\/strong><\/h2>\n<h3 style=\"font-weight: 400; text-align: center;\"><strong>The Ottawa Marriott<\/strong><\/h3>\n<p style=\"font-weight: 400;\">Location: 100 Kent St, Ottawa, ON K1P 5R7<\/p>\n<p style=\"font-weight: 400;\"><strong>Room types<\/strong>: Traditional King\/Double Double (preference; based on hotel availability)<\/p>\n<p style=\"font-weight: 400;\"><strong>Rate<\/strong>: CAD $259 exclusive of taxes (13% HST and 6% Municipal Accommodation Tax)<\/p>\n<p style=\"font-weight: 400;\">Rate valid for 4 nights, June 16th-20th (checking out on June 20<sup>th<\/sup>); 15 rooms are available at the preferential rates on a first come, first served basis.<\/p>\n<p style=\"font-weight: 400;\"><strong><u>Deadline<\/u><\/strong>\u00a0to book at preferential rate is\u00a0<strong>Saturday, May 2nd, 2026<\/strong>, after which rooms and special rate are no longer guaranteed.<\/p>\n<p style=\"font-weight: 400;\"><strong><u>Booking<\/u><\/strong><strong>:\u00a0<\/strong>To book a room, you can \u00a0<a href=\"https:\/\/www.marriott.com\/event-reservations\/reservation-link.mi?id=1772640462774&amp;key=GRP&amp;app=resvlink&amp;_branch_match_id=1389343712189581865&amp;_branch_referrer=H4sIAAAAAAAAA8soKSkottLXTywo0MtNLCrKzC8p0UvOz9UvSi3OyczLtgdK2ALZZSCOWmaKraG5uZGZiYGJmZG5uYladmqlrXtQgFpdUWpaKlB3Xnp8UlF%2BeXFqka1zRlF%2BbioAZyQg%2BWAAAAA%3D\">Visit hotel website here<\/a> or call 1 (613)238-1122<\/p>\n<p style=\"font-weight: 400;\"><strong><u>Refund policy<\/u><\/strong><strong>:\u00a0<\/strong>Please note that there is a 7-business-day cancellation policy for all reservations made under this group block. Any cancelations under seven days (168 hours) prior to reservation will be charged a fee and may be charged the full cost of the original booking<\/p>\n<h3 style=\"font-weight: 400; text-align: center;\"><strong>Arc The Hotel<\/strong><\/h3>\n<p style=\"font-weight: 400;\">Located at 140 Slater St., Ottawa, ON K1P 5H6.<\/p>\n<p style=\"font-weight: 400;\">Preferential rates: Intimate Queen Bed: CAD $181\/night; Premier King Room: CAD $191\/night exclusive of taxes (13% HST and 6% Municipal Accommodation Tax)<\/p>\n<p style=\"font-weight: 400;\">Rate valid for 4 nights, June 16th-20th (checking out on June 20<sup>th<\/sup>); 10 Queen Bed rooms and 15 King Bed rooms are available at this preferential rate on a first come first served basis.<\/p>\n<p style=\"font-weight: 400;\"><strong><u>Deadline<\/u><\/strong>\u00a0to book at preferential rate is\u00a0<strong>Monday, May 11th, 2026<\/strong>, after which rooms and special rate are no longer guaranteed.<\/p>\n<p style=\"font-weight: 400;\"><strong><u>Booking<\/u><\/strong>: To book a room, please use click on the following\u00a0<a href=\"https:\/\/be.synxis.com\/?adult=1&amp;arrive=2026-06-16&amp;chain=10237&amp;child=0&amp;currency=CAD&amp;depart=2026-06-20&amp;group=LPP26&amp;hotel=26818&amp;level=hotel&amp;locale=en-US&amp;productcurrency=CAD&amp;rooms=1\">link<\/a>\u00a0or call the hotel directly.<\/p>\n<p style=\"font-weight: 400;\"><strong><u>Refund policy<\/u><\/strong>:\u00a0Reservations can be cancelled up to 48 hours (3 pm) before arrival, with no cancellation fee. If cancelled within 48 hours of arrival, there will be a cancellation fee equal to 1-night room and tax.<\/p>\n<h3 style=\"font-weight: 400; text-align: center;\"><strong>Holiday Inn Ottawa Downtown Parliament Hill\u00a0<\/strong><\/h3>\n<p style=\"font-weight: 400;\">Located at 402 Queen St, Ottawa, ON K1R 5A7.<\/p>\n<p style=\"font-weight: 400;\">Preferential rates:<\/p>\n<ul>\n<li>2 Queen Beds Standard CAD $221\/night<\/li>\n<li>Standard Room CAD $221\/night<\/li>\n<li>1 King Bed Standard CAD $230\/night<\/li>\n<li>1 Kind Bed Suite Sofa Bed CAD $264\/night<\/li>\n<\/ul>\n<p style=\"font-weight: 400;\">*All rates exclusive of taxes (13% HST and 6% Municipal Accommodation Tax)<\/p>\n<p style=\"font-weight: 400;\">Rate valid for 4 nights, June 16th-20th (checking out on June 20<sup>th<\/sup>); available until the hotel is fully booked.<\/p>\n<p style=\"font-weight: 400;\"><strong><u>Booking<\/u><\/strong>: To receive the preferential rate, <a href=\"https:\/\/www.ihg.com\/holidayinn\/hotels\/us\/en\/ottawa\/yowqs\/hoteldetail?fromRedirect=true&amp;qSrt=sBR&amp;qIta=99502056&amp;icdv=99502056&amp;qSlH=YOWQS&amp;qCpid=786972865&amp;qAAR=AL8SX&amp;qRtP=AL8SX&amp;setPMCookies=true&amp;qSHBrC=HI&amp;qDest=402%20Queen%20Street%2C%20Ottawa%2C%20ON%2C%20CA&amp;showApp=true&amp;adjustMonth=false&amp;srb_u=1\">book using this link\u00a0<\/a>or call +1 (613) 236-1133 and specify that you would like the Language Policy and Planning Conference special rate.<\/p>\n<h3 style=\"font-weight: 400; text-align: center;\"><strong>Les Suites Hotel Ottawa<\/strong><\/h3>\n<p><img decoding=\"async\" loading=\"lazy\" class=\"size-full wp-image-663 aligncenter\" src=\"https:\/\/carleton.ca\/lpp\/wp-content\/uploads\/Picture1-1.jpg\" alt=\"\" width=\"590\" height=\"140\" srcset=\"https:\/\/carleton.ca\/lpp\/wp-content\/uploads\/Picture1-1.jpg 590w, https:\/\/carleton.ca\/lpp\/wp-content\/uploads\/Picture1-1-240x57.jpg 240w, https:\/\/carleton.ca\/lpp\/wp-content\/uploads\/Picture1-1-400x95.jpg 400w, https:\/\/carleton.ca\/lpp\/wp-content\/uploads\/Picture1-1-160x38.jpg 160w, https:\/\/carleton.ca\/lpp\/wp-content\/uploads\/Picture1-1-360x85.jpg 360w\" sizes=\"(max-width: 590px) 100vw, 590px\" \/><\/p>\n<p style=\"font-weight: 400;\">Located at130 Besserer Street, Ottawa, Ontario K1N 9M9<\/p>\n<p style=\"font-weight: 400;\"><strong><u>Preferential Rates<\/u><\/strong>:<\/p>\n<p style=\"font-weight: 400;\"><a href=\"https:\/\/can01.safelinks.protection.outlook.com\/?url=https%3A%2F%2Fvimeo.com%2F1063221021&amp;data=05%7C02%7CLPPconference%40cunet.carleton.ca%7Cd2d6d3e2c7a6469acb7a08de891b7b12%7C6ad91895de06485ebc51fce126cc8530%7C0%7C0%7C639098948360656031%7CUnknown%7CTWFpbGZsb3d8eyJFbXB0eU1hcGkiOnRydWUsIlYiOiIwLjAuMDAwMCIsIlAiOiJXaW4zMiIsIkFOIjoiTWFpbCIsIldUIjoyfQ%3D%3D%7C0%7C%7C%7C&amp;sdata=a3aHoJuJ3Ln8MS9EWbA0dAhn8Za9%2F4C7mchbD%2Fliehc%3D&amp;reserved=0\">Modern One Bedroom Suites<\/a>:\u00a0\u00a0\u00a0\u00a0\u00a0\u00a0\u00a0\u00a0\u00a0\u00a0\u00a0\u00a0\u00a0\u00a0\u00a0\u00a0\u00a0\u00a0\u00a0\u00a0\u00a0\u00a0\u00a0\u00a0<strong>$255\u00a0<\/strong>\/night (single\/double occupancy)<\/p>\n<p style=\"font-weight: 400;\"><a href=\"https:\/\/can01.safelinks.protection.outlook.com\/?url=https%3A%2F%2Fvimeo.com%2F1063259104&amp;data=05%7C02%7CLPPconference%40cunet.carleton.ca%7Cd2d6d3e2c7a6469acb7a08de891b7b12%7C6ad91895de06485ebc51fce126cc8530%7C0%7C0%7C639098948360678370%7CUnknown%7CTWFpbGZsb3d8eyJFbXB0eU1hcGkiOnRydWUsIlYiOiIwLjAuMDAwMCIsIlAiOiJXaW4zMiIsIkFOIjoiTWFpbCIsIldUIjoyfQ%3D%3D%7C0%7C%7C%7C&amp;sdata=82Cgx6aMsahU8AfpjtN2zhbQPgxwIJicoJhacugE9Uc%3D&amp;reserved=0\">Modern Executive One Bedroom<\/a>:\u00a0\u00a0\u00a0\u00a0\u00a0\u00a0\u00a0\u00a0\u00a0\u00a0\u00a0\u00a0\u00a0\u00a0\u00a0\u00a0\u00a0\u00a0<strong>$285\u00a0<\/strong>\/night (single\/double occupancy)<\/p>\n<p style=\"font-weight: 400;\"><a href=\"https:\/\/can01.safelinks.protection.outlook.com\/?url=https%3A%2F%2Fvimeo.com%2F1063259389&amp;data=05%7C02%7CLPPconference%40cunet.carleton.ca%7Cd2d6d3e2c7a6469acb7a08de891b7b12%7C6ad91895de06485ebc51fce126cc8530%7C0%7C0%7C639098948361135069%7CUnknown%7CTWFpbGZsb3d8eyJFbXB0eU1hcGkiOnRydWUsIlYiOiIwLjAuMDAwMCIsIlAiOiJXaW4zMiIsIkFOIjoiTWFpbCIsIldUIjoyfQ%3D%3D%7C0%7C%7C%7C&amp;sdata=apyXc5ah8zookDLpT9hO9gFNx%2FW16TlGr0e57VDnmXc%3D&amp;reserved=0\">Modern Two Bedroom Suites<\/a>:\u00a0\u00a0\u00a0\u00a0\u00a0\u00a0\u00a0\u00a0\u00a0\u00a0\u00a0\u00a0\u00a0\u00a0\u00a0\u00a0\u00a0\u00a0\u00a0\u00a0\u00a0\u00a0\u00a0\u00a0<strong>$375\u00a0<\/strong>\/night (single\/double occupancy)<\/p>\n<p style=\"font-weight: 400;\">* Rates are exclusive of taxes (13% HST and 6% Municipal Accommodation Tax)<\/p>\n<p style=\"font-weight: 400;\"><strong><u>Booking<\/u><\/strong>: To book a room, please use click on <a href=\"https:\/\/www.reseze.net\/servlet\/WebresResDesk?hotelid=1743&amp;rateCode=157710&amp;nightsStay=2&amp;arrivalMonth=6&amp;arrivalDay=17&amp;arrivalYear=2026\">this link\u00a0<\/a>or contact the hotel directly.<\/p>\n<p style=\"font-weight: 400;\">Reservations: +1 (613) 232-2000<\/p>\n<p style=\"font-weight: 400;\">Toll free: + 1 (800) 267-1989<\/p>\n<p style=\"font-weight: 400;\">By email: &#105;&#118;&#x34;1&#49;&#x2e;&#x72;e&#115;&#x63;&#x6f;o&#114;&#x40;&#x69;n&#110;&#x76;&#x65;s&#116;&#x68;&#x6f;t&#101;&#x6c;s&#46;&#99;&#x6f;m<\/p>\n<p style=\"font-weight: 400;\"><strong>PLEASE QUOTE GROUP ID CODE: 157710<\/strong><\/p>\n<p style=\"font-weight: 400;\"><strong>Parking<\/strong> if required is an additional $33.00CAN\/day (plus applicable tax) with unlimited in\/out access.<\/p>\n<h3 style=\"font-weight: 400; text-align: center;\"><strong>DoubleTree by Hilton Ottawa Downtown<\/strong><\/h3>\n<p style=\"font-weight: 400;\"><strong><u>Location<\/u><\/strong>: 33 Nicholas Street Ottawa ON K1N 9M7<\/p>\n<p style=\"font-weight: 400;\"><strong><u>Preferential Rate<\/u><\/strong><strong>: <\/strong>CAD $289 per night for one king bed or two double beds<\/p>\n<p style=\"font-weight: 400;\"><strong>\u00a0<\/strong>* Rate exclusive of taxes (13% HST and 6% Municipal Accommodation Tax)<\/p>\n<p style=\"font-weight: 400;\">* Room rate is based on 2 adults per room; additional adults $20\/person (max 4 per room).<\/p>\n<p style=\"font-weight: 400;\"><strong><u>Deadline<\/u><\/strong>: Rates valid until May 16, 2026 and subject to availability<\/p>\n<p style=\"font-weight: 400;\"><strong><u>Booking<\/u><\/strong><strong>: <\/strong>To book a room with the preferential rates, please click <a href=\"https:\/\/www.hilton.com\/en\/attend-my-event\/yowoddt-98a-49f50638-d354-46b2-9a9f-65dfe623b06d\/\">this link<\/a>.<\/p>\n<p style=\"font-weight: 400;\"><strong>Self-parking:<\/strong> $33\/day (overnight) with unlimited in\/out, subject to availability can be purchased at check in.<\/p>\n<h3 style=\"font-weight: 400; text-align: center;\"><strong>Hilton Garden Inn and Homewood Suites Ottawa<\/strong><\/h3>\n<p style=\"font-weight: 400;\"><strong><u>Location<\/u><\/strong>: 361 Queen Street, Ottawa ON K1R Oc7<\/p>\n<p style=\"font-weight: 400;\"><strong><u>Preferential Rates<\/u><\/strong><strong>: <\/strong><\/p>\n<p style=\"font-weight: 400;\">King Bed Signature Room: CAD $239 per night<\/p>\n<p style=\"font-weight: 400;\">1 King Bed Studio Suite with Sofa bed Non-smoking: CAD $259 per night<\/p>\n<p style=\"font-weight: 400;\">To book a room, please use <a href=\"https:\/\/www.hilton.com\/en\/attend-my-event\/yowcdgi-llpc-e0bfca91-283b-48db-ac0d-f915d5747cb0\/\">this link.<\/a><\/p>\n<p style=\"font-weight: 400;\"><strong><u>Deadline<\/u><\/strong>: May 17, 2026<\/p>\n<h2 style=\"text-align: center;\">University Residences \/ R\u00e9sidences universitaires<\/h2>\n<h3 style=\"font-weight: 400; text-align: center;\"><strong>Carleton University Lodging<\/strong><\/h3>\n<p style=\"font-weight: 400;\"><strong><u>Location<\/u><\/strong>: 1233\u00a0Colonel By Drive Ottawa, ON K1S 5B7<\/p>\n<p style=\"font-weight: 400;\"><strong><u>Rooms<\/u><\/strong>: CAD $140 per night exclusive of 13% HST taxes<\/p>\n<p style=\"font-weight: 400;\">Each suite consists of two private bedrooms (one double bed per room), a private washroom and a private common space equipped with a fridge, microwave and sink. Linens and towels are provided. Housekeeping is not available. Suites are not stocked with utensils or dinnerware so please plan accordingly. <strong>Max capacity: 2 adults<\/strong>.<\/p>\n<p style=\"font-weight: 400;\"><strong><u>Deadline<\/u><\/strong>: June 3, 2026 (limited space is available)<\/p>\n<p style=\"font-weight: 400;\"><strong><u>Booking<\/u><\/strong>: To book a room on campus at Carleton, use <a href=\"https:\/\/carleton.starrezhousing.com\/StarRezPortalXConference\/A49B5CA1\/9\/38\/Home-Home?UrlToken=B19D1264\">this link<\/a>. Group promo code: 2026LANGUAGE<\/p>\n<p style=\"font-weight: 400;\"><strong>Directions<\/strong>: How to get to Carleton University &#8211; https:\/\/carleton.ca\/campus\/directions<\/p>\n<p style=\"font-weight: 400;\">Once you arrive on Campus, continue straight on University Drive and turn left on Campus Avenue. Campus Avenue is a one-way street. On your right-hand side is Teraanga Commons building main entrance. Temporary parking, while you check-in, is available across the street from the building.<\/p>\n","protected":false},"excerpt":{"rendered":"<p>Lodging \/ H\u00e9bergement Partnering Hotels \/ H\u00f4tels partenaires The Ottawa Marriott Location: 100 Kent St, Ottawa, ON K1P 5R7 Room types: Traditional King\/Double Double (preference; based on hotel availability) Rate: CAD $259 exclusive of taxes (13% HST and 6% Municipal Accommodation Tax) Rate valid for 4 nights, June 16th-20th (checking out on June 20th); 15 [&hellip;]<\/p>\n","protected":false},"author":7,"featured_media":0,"parent":0,"menu_order":0,"comment_status":"closed","ping_status":"closed","template":"","meta":{"_relevanssi_hide_post":"","_relevanssi_hide_content":"","_relevanssi_pin_for_all":"","_relevanssi_pin_keywords":"","_relevanssi_unpin_keywords":"","_relevanssi_related_keywords":"","_relevanssi_related_include_ids":"","_relevanssi_related_exclude_ids":"","_relevanssi_related_no_append":"","_relevanssi_related_not_related":"","_relevanssi_related_posts":"","_relevanssi_noindex_reason":"","_mi_skip_tracking":false,"_exactmetrics_sitenote_active":false,"_exactmetrics_sitenote_note":"","_exactmetrics_sitenote_category":0,"_monsterinsights_sitenote_active":false,"_monsterinsights_sitenote_note":"","_monsterinsights_sitenote_category":0,"footnotes":"","_links_to":"","_links_to_target":""},"yoast_head":"<!-- This site is optimized with the Yoast SEO plugin v21.2 - https:\/\/yoast.com\/wordpress\/plugins\/seo\/ -->\n<title>Lodging \/ H\u00e9bergement - Multidisciplinary Approaches in Language Policy and Planning<\/title>\n<meta name=\"description\" content=\"&nbsp; Lodging \/ H\u00e9bergement Partnering Hotels \/ H\u00f4tels partenaires The Ottawa Marriott Location: 100 Kent St, Ottawa, ON K1P 5R7 Room types: Traditional\" \/>\n<meta name=\"robots\" content=\"index, follow, max-snippet:-1, max-image-preview:large, max-video-preview:-1\" \/>\n<link rel=\"canonical\" href=\"https:\/\/carleton.ca\/lpp\/lodging\/\" \/>\n<meta name=\"twitter:label1\" content=\"Est. reading time\" \/>\n\t<meta name=\"twitter:data1\" content=\"7 minutes\" \/>\n<script type=\"application\/ld+json\" class=\"yoast-schema-graph\">{\"@context\":\"https:\/\/schema.org\",\"@graph\":[{\"@type\":\"WebPage\",\"@id\":\"https:\/\/carleton.ca\/lpp\/lodging\/\",\"url\":\"https:\/\/carleton.ca\/lpp\/lodging\/\",\"name\":\"Lodging \/ H\u00e9bergement - Multidisciplinary Approaches in Language Policy and Planning\",\"isPartOf\":{\"@id\":\"https:\/\/carleton.ca\/lpp\/#website\"},\"datePublished\":\"2024-03-06T19:18:06+00:00\",\"dateModified\":\"2026-04-07T15:45:34+00:00\",\"description\":\"&nbsp; Lodging \/ H\u00e9bergement Partnering Hotels \/ H\u00f4tels partenaires The Ottawa Marriott Location: 100 Kent St, Ottawa, ON K1P 5R7 Room types: Traditional\",\"breadcrumb\":{\"@id\":\"https:\/\/carleton.ca\/lpp\/lodging\/#breadcrumb\"},\"inLanguage\":\"en-US\",\"potentialAction\":[{\"@type\":\"ReadAction\",\"target\":[\"https:\/\/carleton.ca\/lpp\/lodging\/\"]}]},{\"@type\":\"BreadcrumbList\",\"@id\":\"https:\/\/carleton.ca\/lpp\/lodging\/#breadcrumb\",\"itemListElement\":[{\"@type\":\"ListItem\",\"position\":1,\"name\":\"Home\",\"item\":\"https:\/\/carleton.ca\/lpp\/\"},{\"@type\":\"ListItem\",\"position\":2,\"name\":\"Lodging \/ H\u00e9bergement\"}]},{\"@type\":\"WebSite\",\"@id\":\"https:\/\/carleton.ca\/lpp\/#website\",\"url\":\"https:\/\/carleton.ca\/lpp\/\",\"name\":\"Multidisciplinary Approaches in Language Policy and Planning\",\"description\":\"Carleton University\",\"potentialAction\":[{\"@type\":\"SearchAction\",\"target\":{\"@type\":\"EntryPoint\",\"urlTemplate\":\"https:\/\/carleton.ca\/lpp\/?s={search_term_string}\"},\"query-input\":\"required name=search_term_string\"}],\"inLanguage\":\"en-US\"}]}<\/script>\n<!-- \/ Yoast SEO plugin. -->","yoast_head_json":{"title":"Lodging \/ H\u00e9bergement - Multidisciplinary Approaches in Language Policy and Planning","description":"&nbsp; Lodging \/ H\u00e9bergement Partnering Hotels \/ H\u00f4tels partenaires The Ottawa Marriott Location: 100 Kent St, Ottawa, ON K1P 5R7 Room types: Traditional","robots":{"index":"index","follow":"follow","max-snippet":"max-snippet:-1","max-image-preview":"max-image-preview:large","max-video-preview":"max-video-preview:-1"},"canonical":"https:\/\/carleton.ca\/lpp\/lodging\/","twitter_misc":{"Est. reading time":"7 minutes"},"schema":{"@context":"https:\/\/schema.org","@graph":[{"@type":"WebPage","@id":"https:\/\/carleton.ca\/lpp\/lodging\/","url":"https:\/\/carleton.ca\/lpp\/lodging\/","name":"Lodging \/ H\u00e9bergement - Multidisciplinary Approaches in Language Policy and Planning","isPartOf":{"@id":"https:\/\/carleton.ca\/lpp\/#website"},"datePublished":"2024-03-06T19:18:06+00:00","dateModified":"2026-04-07T15:45:34+00:00","description":"&nbsp; Lodging \/ H\u00e9bergement Partnering Hotels \/ H\u00f4tels partenaires The Ottawa Marriott Location: 100 Kent St, Ottawa, ON K1P 5R7 Room types: Traditional","breadcrumb":{"@id":"https:\/\/carleton.ca\/lpp\/lodging\/#breadcrumb"},"inLanguage":"en-US","potentialAction":[{"@type":"ReadAction","target":["https:\/\/carleton.ca\/lpp\/lodging\/"]}]},{"@type":"BreadcrumbList","@id":"https:\/\/carleton.ca\/lpp\/lodging\/#breadcrumb","itemListElement":[{"@type":"ListItem","position":1,"name":"Home","item":"https:\/\/carleton.ca\/lpp\/"},{"@type":"ListItem","position":2,"name":"Lodging \/ H\u00e9bergement"}]},{"@type":"WebSite","@id":"https:\/\/carleton.ca\/lpp\/#website","url":"https:\/\/carleton.ca\/lpp\/","name":"Multidisciplinary Approaches in Language Policy and Planning","description":"Carleton University","potentialAction":[{"@type":"SearchAction","target":{"@type":"EntryPoint","urlTemplate":"https:\/\/carleton.ca\/lpp\/?s={search_term_string}"},"query-input":"required name=search_term_string"}],"inLanguage":"en-US"}]}},"acf":{"banner_image_type":"hosted","banner_button":"no","banner_hosted_image":"aerial","banner_opacity":"default"},"_links":{"self":[{"href":"https:\/\/carleton.ca\/lpp\/wp-json\/wp\/v2\/pages\/464"}],"collection":[{"href":"https:\/\/carleton.ca\/lpp\/wp-json\/wp\/v2\/pages"}],"about":[{"href":"https:\/\/carleton.ca\/lpp\/wp-json\/wp\/v2\/types\/page"}],"author":[{"embeddable":true,"href":"https:\/\/carleton.ca\/lpp\/wp-json\/wp\/v2\/users\/7"}],"replies":[{"embeddable":true,"href":"https:\/\/carleton.ca\/lpp\/wp-json\/wp\/v2\/comments?post=464"}],"version-history":[{"count":4,"href":"https:\/\/carleton.ca\/lpp\/wp-json\/wp\/v2\/pages\/464\/revisions"}],"predecessor-version":[{"id":667,"href":"https:\/\/carleton.ca\/lpp\/wp-json\/wp\/v2\/pages\/464\/revisions\/667"}],"wp:attachment":[{"href":"https:\/\/carleton.ca\/lpp\/wp-json\/wp\/v2\/media?parent=464"}],"curies":[{"name":"wp","href":"https:\/\/api.w.org\/{rel}","templated":true}]}}