{"id":54,"date":"2023-02-24T13:52:46","date_gmt":"2023-02-24T18:52:46","guid":{"rendered":"https:\/\/carleton.ca\/lpp\/?page_id=54"},"modified":"2023-07-14T17:37:48","modified_gmt":"2023-07-14T21:37:48","slug":"statement-of-principle","status":"publish","type":"page","link":"https:\/\/carleton.ca\/lpp\/statement-of-principle\/","title":{"rendered":"Statement of principle \/ D\u00e9claration de principe"},"content":{"rendered":"<h2>STATEMENT OF PRINCIPLE<\/h2>\n<table width=\"100%\">\n<tbody>\n<tr>\n<td width=\"50%\">\u00a0<strong>Statement of commitment to linguistic inclusion and equity\u00a0<\/strong><\/p>\n<p>\u200bThe Multidisciplinary Approaches in Language Policy and Planning conference (\u201cLPP\u201d) must always be an equitable and inclusive space. To that end, the organizers welcome the use of all languages and language varieties irrespective of modality and\/or whether or not said languages are officially recognized. Furthermore, the organizers commit to adhering to this policy at this and all future LPP conferences.<\/p>\n<p>\u200b<br \/>\n\u200b<br \/>\nLPP brings together scholars to discuss and share work related to language policy and planning, understood in the widest possible terms. These scholars represent a wide range of disciplinary and linguistic backgrounds. The conference organizers will therefore do everything in their power to facilitate the participation of conference attendees from every possible language background in the language(s) of their choice. This may include, but is not restricted to, encouraging presentations in any language, providing interpreters between languages, and creating social networking spaces conducive to the use of many languages.<\/p>\n<p>\u200b<br \/>\nThe above principles are to be understood as non-exclusive. It is incumbent upon current and future LPP organizers to stimulate discussion of these principles among LPP supporters. We seek input from LPP participants across a diverse range of points of view in order that we may further refine and improve this statement. We cannot do this without the participation of our valued community. Together, we hope to create a\u00a0set of principles that we ourselves adhere to and that may serve as an example for others who hope to create linguistically inclusive and equitable spaces.<\/p>\n<p><\/p>\n<p>We therefore hope to receive your input and feedback at the conference email address,\u00a0<u>&#108;p&#112;&#64;&#99;a&#x72;l&#x65;t&#x6f;n&#x2e;c&#x61;<\/u>, at any time; we will revise and re-post this statement regularly. Please help us to keep it a living document. Translations of this document into other languages are most welcome.<\/td>\n<td width=\"50%\"><strong>\u200bNotre engagement pour l&#8217;inclusion et l&#8217;\u00e9quit\u00e9 linguistiques\u00a0<\/strong><\/p>\n<p>\u200bLa Conf\u00e9rence sur les approches multidisciplinaires de la planification et des politiques linguistiques (\u00ab PPL \u00bb) se doit d\u2019\u00eatre un espace \u00e9quitable et inclusif. \u00c0 cette fin, les organisateurs accueillent favorablement l&#8217;utilisation de toutes les langues et vari\u00e9t\u00e9s de langues ind\u00e9pendamment de la modalit\u00e9 et\/ou du fait que ces langues soient officiellement reconnues ou non. De plus, les organisateurs s&#8217;engagent \u00e0 respecter cette politique lors de cette conf\u00e9rence et de toutes les conf\u00e9rences PPL futures.\u200b<\/p>\n<p>PPL rassemble des universitaires pour discuter et partager des travaux li\u00e9s \u00e0 la planification et aux politiques linguistiques au sens large du terme. Ces chercheurs repr\u00e9sentent un large \u00e9ventail de milieux disciplinaires et linguistiques. Les organisateurs de cette conf\u00e9rence feront donc tout ce qui est en leur pouvoir pour faciliter la participation dans la langue de leur choix aux participants issus de divers horizons linguistiques. Cela inclut, entre-autre, le fait d\u2019encourager les pr\u00e9sentations peu importe leur langue de communication, de fournir des interpr\u00e8tes, et de cr\u00e9er des espaces de r\u00e9seautage social propices \u00e0 l&#8217;utilisation de nombreuses langues.<\/p>\n<p>Les principes \u00e9voqu\u00e9s ci-dessus doivent \u00eatre consid\u00e9r\u00e9s comme non-exclusifs. Il incombe aux organisateurs actuels et futurs de PPL d\u2019encourager la discussion de ces principes au sein des groupes de gens qui soutiennent PPL. Nous solicitons les commentaires des participants de PPL afin que leur large \u00e9ventail de points de vue puisse affiner cette d\u00e9claration dans le but de l\u2019am\u00e9liorer. Nous ne pouvons pas le faire sans la participation\u00a0de notre pr\u00e9cieuse communaut\u00e9. Ensemble, nous esp\u00e9rons faire ressortir les principes auxquels nous adh\u00e9rons et qui pourront servir d&#8217;exemple \u00e0 d&#8217;autres qui visent, eux aussi, \u00e0 cr\u00e9er des espaces linguistiquement inclusifs et \u00e9quitables.\u200b<\/p>\n<p>\u200bVous pouvez \u00e0 tout moment faire parvenir vos commentaires et votre r\u00e9troaction \u00e0 l&#8217;adresse courriel de la conf\u00e9rence :\u00a0<u>&#x6c;&#112;&#x70;&#64;c&#x61;&#114;l&#x65;&#116;&#x6f;&#x6e;&#46;&#x63;&#97;<\/u>. Nous r\u00e9viserons et republierons cette d\u00e9claration r\u00e9guli\u00e8rement. S&#8217;il-vous-pla\u00eet, aidez-nous \u00e0 en faire un document vivant. Les traductions de ce document dans d&#8217;autres langues sont les bienvenues.<\/td>\n<\/tr>\n<\/tbody>\n<\/table>\n<p><\/p>\n<table>\n<tbody>\n<tr>\n<td>\n<p style=\"text-align: right;\"><strong>\u0628\u06d5\u06cc\u0627\u0646\u0646\u0627\u0645\u06d5\u06cc<\/strong> <strong>\u067e\u0627\u0628\u06d5\u0646\u062f\u0628\u0648\u0648\u0646<\/strong> <strong>\u0628\u06d5<\/strong> <strong>\u06af\u0634\u062a\u06af\u06cc\u0631\u06cc \u0648 \u06cc\u06d5\u06a9\u0633\u0627\u0646\u06cc\u06cc<\/strong> <strong>\u0632\u0645\u0627\u0646\u06cc\u00a0<\/strong><\/p>\n<p style=\"text-align: right;\">\u06a9\u06c6\u0646\u0641\u0631\u0627\u0646\u0633\u06cc \u0695\u06ce\u0628\u0627\u0632\u06d5 \u0641\u0631\u06d5\u067e\u0633\u067e\u06c6\u0695\u06cc\u06cc\u06d5\u06a9\u0627\u0646 \u0644\u06d5 \u0628\u0648\u0627\u0631\u06cc <strong>\u0633\u06cc\u0627\u0633\u06d5\u062a \u0648 \u067e\u0644\u0627\u0646\u062f\u0627\u0646\u0627\u0646\u06cc \u0632\u0645\u0627\u0646\u06cc<\/strong><strong>\u062f\u0627<\/strong> \u0647\u06d5\u0645\u06cc\u0634\u06d5 \u062f\u06d5\u0628\u06ce\u062a \u0698\u06cc\u0646\u06af\u06d5\u06cc\u06d5\u06a9\u06cc \u062f\u0627\u062f\u067e\u06d5\u0631\u0648\u06d5\u0631\u0627\u0646\u06d5 \u0648 \u06af\u0634\u062a\u06af\u06cc\u0631 \u0628\u06ce\u062a. \u0628\u06c6 \u0626\u06d5\u0648 \u0645\u06d5\u0628\u06d5\u0633\u062a\u06d5\u0634\u060c \u0695\u06ce\u06a9\u062e\u06d5\u0631\u0627\u0646\u06cc \u06a9\u06c6\u0646\u0641\u0631\u0627\u0646\u0633\u06d5\u06a9\u06d5 \u067e\u06ce\u0634\u0648\u0627\u0632\u06cc \u0644\u06d5 \u0628\u06d5\u06a9\u0627\u0631\u0647\u06ce\u0646\u0627\u0646\u06cc \u0647\u06d5\u0645\u0648\u0648 \u0632\u0645\u0627\u0646\u06d5\u06a9\u0627\u0646 \u0648 \u062c\u06c6\u0631\u06d5\u06a9\u0627\u0646\u06cc \u0632\u0645\u0627\u0646 \u062f\u06d5\u06a9\u06d5\u0646 \u0628\u06d5\u0628\u06ce \u06af\u0648\u06ce\u062f\u0627\u0646 \u0628\u06d5 \u0634\u06ce\u0648\u06d5\u062f\u06d5\u0631\u0628\u0695\u06cc\u0646\u06cc\u0627\u0646 (\u0645\u06c6\u0648\u062f\u0627\u0644\u06ce\u062a\u06cc)\u060c \u06cc\u0627\u0646 \u0626\u06d5\u0648\u06d5 \u06a9\u06d5 \u0626\u0627\u06cc\u0627 \u0644\u06d5 \u0634\u0648\u06ce\u0646\u06ce\u06a9 \u0641\u06d5\u0631\u0645\u06cc\u0646 \u06cc\u0627\u0646 \u0646\u06cc\u0646. \u062c\u06af\u06d5 \u0644\u06d5\u0645\u06d5\u060c \u0695\u06ce\u06a9\u062e\u06d5\u0631\u0627\u0646 \u067e\u0627\u0628\u06d5\u0646\u062f \u062f\u06d5\u0628\u0646 \u0628\u06d5 \u0695\u06d5\u0686\u0627\u0648\u06a9\u0631\u062f\u0646\u06cc \u0626\u06d5\u0645 \u0633\u06cc\u0627\u0633\u06d5\u062a\u06d5 \u0644\u06d5\u0645 \u0626\u06d5\u06b5\u0642\u06d5\u06cc\u06d5 \u0648 \u0647\u06d5\u0645\u0648\u0648 \u0626\u06d5\u06b5\u0642\u06d5\u06a9\u0627\u0646\u06cc \u062f\u06cc\u06a9\u06d5\u06cc \u0626\u06d5\u0645 \u0632\u0646\u062c\u06cc\u0631\u06d5 \u06a9\u06c6\u0646\u0641\u0631\u0627\u0646\u0633\u06d5\u062f\u0627<\/p>\n<p style=\"text-align: right;\">\u0628\u0648\u0627\u0631\u06cc \u0633\u06cc\u0627\u0633\u06d5\u062a \u0648 \u067e\u0644\u0627\u0646\u062f\u0627\u0646\u0627\u0646\u06cc \u0632\u0645\u0627\u0646\u06cc \u00a0\u0632\u0627\u0646\u0627\u06cc\u0627\u0646 \u06a9\u06c6 \u062f\u06d5\u06a9\u0627\u062a\u06d5\u0648\u06d5 \u0628\u06c6 \u06af\u0641\u062a\u0648\u06af\u06c6\u06a9\u0631\u062f\u0646 \u0648 \u0647\u0627\u0648\u0628\u06d5\u0634\u06a9\u0631\u062f\u0646\u06cc \u06a9\u0627\u0631\u06d5\u06a9\u0627\u0646\u06cc \u067e\u06d5\u06cc\u0648\u06d5\u0633\u062a \u0628\u06d5 \u0633\u06cc\u0627\u0633\u06d5\u062a \u0648 \u067e\u0644\u0627\u0646\u062f\u0627\u0646\u0627\u0646\u06cc \u0632\u0645\u0627\u0646 \u0628\u06d5 \u0648\u0627\u062a\u0627 \u0647\u06d5\u0631\u06d5\u0628\u06d5\u0631\u0641\u0631\u0627\u0648\u0627\u0646\u06d5\u06a9\u06d5\u06cc. \u0626\u06d5\u0645 \u0644\u06ce\u06a9\u06c6\u06b5\u06d5\u0631\u0627\u0646\u06d5 \u0646\u0648\u06ce\u0646\u06d5\u0631\u0627\u06cc\u06d5\u062a\u06cc\u06cc \u06a9\u06c6\u0645\u06d5\u06b5\u06ce\u06a9 \u067e\u0627\u0634\u062e\u0627\u0646\u06cc \u0632\u0645\u0627\u0646\u06d5\u0648\u0627\u0646\u06cc \u0648 \u062f\u06cc\u0633\u06cc\u067e\u0644\u06cc\u0646\u06cc \u0628\u06d5\u0631\u0641\u0631\u0627\u0648\u0627\u0646\u06cc \u062f\u06cc\u06a9\u06d5 \u062f\u06d5\u06a9\u06d5\u0646. \u00a0\u0628\u06c6\u06cc\u06d5 \u0695\u06ce\u06a9\u062e\u06d5\u0631\u0627\u0646\u06cc \u06a9\u06c6\u0646\u0641\u0631\u0627\u0646\u0633\u06d5\u06a9\u06d5 \u0647\u06d5\u0645\u0648\u0648 \u0647\u06d5\u0648\u06b5\u06ce\u06a9 \u062f\u06d5\u062f\u06d5\u0646 \u0628\u06c6 \u0626\u06d5\u0648\u06d5 \u06a9\u06d5 \u0626\u0627\u0633\u0627\u0646\u06a9\u0627\u0631\u06cc \u0628\u06a9\u06d5\u0646 \u0628\u06c6 \u0647\u06d5\u0631 \u06a9\u06d5\u0633\u06ce\u06a9\u060c \u0628\u06d5 \u0647\u06d5\u0631 \u067e\u06ce\u0634\u06cc\u0646\u06d5\u06cc\u06d5\u06a9\u06cc \u0632\u0645\u0627\u0646\u06cc\u06cc\u06d5\u0648\u06d5\u060c \u0626\u06d5\u06af\u06d5\u0631 \u06af\u06d5\u0631\u06d5\u06a9\u06cc \u0628\u06ce\u062a \u0628\u06d5 \u0632\u0645\u0627\u0646\u06cc \u062f\u06b5\u062e\u0648\u0627\u0632\u06cc \u062e\u06c6\u06cc \u0628\u06d5\u0634\u062f\u0627\u0631\u06cc \u0644\u06d5 \u06a9\u06c6\u0646\u0641\u0631\u0627\u0646\u0633\u06d5\u06a9\u06d5\u062f\u0627 \u0628\u06a9\u0627\u062a.\u00a0 \u00a0\u0628\u06c6 \u0648\u06ce\u0646\u06d5\u060c \u067e\u06ce\u0634\u06a9\u06d5\u0634\u06a9\u0627\u0631\u0627\u0646 \u062f\u06d5\u062a\u0648\u0627\u0646\u0646 \u0628\u06d5 \u0647\u06d5\u0631 \u0632\u0645\u0627\u0646\u06ce\u06a9 \u062d\u06d5\u0632 \u062f\u06d5\u06a9\u06d5\u0646 \u06af\u0648\u062a\u0627\u0631 \u067e\u06ce\u0634\u06a9\u06d5\u0634 \u0628\u06a9\u06d5\u0646\u060c \u06cc\u0627\u0646 \u06af\u0648\u062a\u0627\u0631\u06d5\u06a9\u06d5\u06cc\u0627\u0646 \u0648\u06d5\u0631\u0628\u06af\u06ce\u0695\u0646 \u0628\u06c6 \u0632\u0645\u0627\u0646\u06cc \u062f\u06cc\u06a9\u06d5 \u0648\u060c \u062a\u06c6\u0695\u06cc \u06a9\u06c6\u0645\u06d5\u06b5\u0627\u06cc\u06d5\u062a\u06cc\u06cc \u0626\u06d5\u0648\u062a\u06c6 \u067e\u06ce\u06a9 \u0628\u0647\u06ce\u0646\u0646 \u06a9\u06d5 \u062a\u06ce\u06cc\u062f\u0627 \u0628\u06a9\u0631\u06ce\u062a \u0686\u06d5\u0646\u062f \u0632\u0645\u0627\u0646 \u0647\u0627\u0648\u06a9\u0627\u062a \u06a9\u06d5\u06b5\u06a9\u06cc\u0627\u0646 \u0644\u06ce \u0648\u06d5\u0631\u0628\u06af\u06cc\u0631\u06ce\u062a. (\u0628\u06c6 \u0632\u0627\u0646\u06cc\u0627\u0631\u06cc\u06cc \u0632\u06c6\u0631\u062a\u0631 \u0628\u0695\u0648\u0627\u0646\u0646\u06d5 \u0628\u0627\u0646\u06af\u06d5\u0648\u0627\u0632 \u0628\u06c6 \u067e\u0631\u06c6\u067e\u06c6\u0632\u06b5)<\/p>\n<p style=\"text-align: right;\">\u00a0\u0628\u0646\u06d5\u0645\u0627\u06a9\u0627\u0646\u06cc \u0633\u06d5\u0631\u06d5\u0648\u06d5 \u0647\u06cc\u0686\u06a9\u06d5\u0633 \u0648 \u0647\u06cc\u0686 \u0632\u0645\u0627\u0646\u06ce\u06a9 \u0647\u06d5\u06b5\u0646\u0627\u0648\u06ce\u0631\u0646. \u0626\u06d5\u0631\u06a9\u06cc \u0695\u06ce\u06a9\u062e\u06d5\u0631\u0627\u0646\u06cc \u0626\u06ce\u0633\u062a\u0627 \u0648 \u062f\u0627\u0647\u0627\u062a\u0648\u0648\u06cc \u0626\u06d5\u0645 \u06a9\u06c6\u0646\u0641\u0631\u0627\u0646\u0633\u06d5 \u0626\u06d5\u0645\u06cc\u06d5 \u06a9\u06d5 \u0647\u0627\u0646\u062f\u06d5\u0631\u06cc \u06af\u0641\u062a\u0648\u06af\u06c6\u06a9\u0631\u062f\u0646 \u0644\u06d5\u0633\u06d5\u0631 \u0626\u06d5\u0645 \u0628\u0646\u06d5\u0645\u0627\u06cc\u0627\u0646\u06d5 \u0644\u06d5 \u0646\u06ce\u0648\u0627\u0646 \u067e\u0634\u062a\u06cc\u0648\u0627\u0646\u0627\u0646\u06cc \u0633\u06cc\u0627\u0633\u06d5\u062a \u0648 \u067e\u0644\u0627\u0646\u062f\u0627\u0646\u0627\u0646\u06cc \u0632\u0645\u0627\u0646\u06cc\u062f\u0627 \u0628\u0646. \u0626\u06ce\u0645\u06d5 \u062d\u06d5\u0632 \u062f\u06d5\u06a9\u06d5\u06cc\u0646 \u0695\u0627 \u0648 \u0628\u06c6\u0686\u0648\u0648\u0646\u06cc \u0647\u06d5\u0645\u0648\u0648 \u0628\u06d5\u0634\u062f\u0627\u0631\u0627\u0646\u06cc \u00a0\u0626\u06d5\u0645 \u0628\u0648\u0627\u0631\u06d5\u060c \u0628\u06d5 \u0647\u06d5\u0645\u0648\u0648 \u0695\u0648\u0627\u0646\u06af\u06d5 \u062c\u06c6\u0631\u0627\u0648\u062c\u06c6\u0631\u06d5\u06a9\u0627\u0646\u06cc\u0627\u0646\u06d5\u0648\u06d5\u060c \u0628\u0632\u0627\u0646\u06cc\u0646\u060c \u0628\u06c6 \u0626\u06d5\u0648\u06d5 \u06a9\u06d5 \u0626\u06d5\u0645 \u0628\u06d5\u06cc\u0627\u0646\u0646\u0627\u0645\u06d5\u06cc\u06d5 \u0628\u0627\u0634\u062a\u0631 \u0648 \u0695\u06ce\u06a9\u0648\u067e\u06ce\u06a9\u062a\u0631 \u0628\u06a9\u06d5\u06cc\u0646. \u00a0\u0628\u06d5\u0628\u06ce \u0628\u06d5\u0634\u062f\u0627\u0631\u06cc\u06cc \u0626\u06d5\u0646\u062f\u0627\u0645\u0627\u0646\u06cc \u0628\u06d5\u0646\u0631\u062e\u06cc \u0626\u06d5\u0645 \u062c\u06a4\u0627\u062a\u06d5\u060c \u0626\u06ce\u0645\u06d5 \u0646\u0627\u062a\u0648\u0627\u0646\u06cc\u0646 \u0626\u06d5\u0645 \u06a9\u0627\u0631\u06d5 \u0628\u06a9\u06d5\u06cc\u0646. \u0647\u06cc\u0648\u0627\u062f\u0627\u0631\u06cc\u0646 \u0628\u06d5\u06cc\u06d5\u06a9\u06d5\u0648\u06d5 \u0628\u062a\u0648\u0627\u0646\u06cc\u0646 \u0644\u06cc\u0633\u062a\u06d5\u06cc\u06d5\u06a9\u06cc \u0628\u06d5\u0628\u0646\u06d5\u0645\u0627 (\u067e\u0631\u06cc\u0646\u0633\u06cc\u067e) \u062f\u0627\u0628\u0646\u06ce\u06cc\u0646 \u06a9\u06d5 \u0628\u06d5\u0631 \u0644\u06d5 \u0647\u06d5\u0645\u0648\u0648 \u06a9\u06d5\u0633 \u062e\u06c6\u0645\u0627\u0646 \u067e\u06ce\u0695\u06d5\u0648\u06cc \u0628\u06cc\u0646\u061b \u0628\u06d5\u0648 \u0647\u06cc\u0648\u0627\u06cc\u06d5 \u06a9\u06d5 \u0644\u06cc\u0633\u062a\u06d5\u06a9\u06d5 \u0628\u0628\u06ce\u062a \u0628\u06d5 \u0646\u0645\u0648\u0648\u0646\u06d5 \u0628\u06c6 \u0626\u06d5\u0648 \u06a9\u06d5\u0633 \u0648 \u0695\u06ce\u06a9\u062e\u0631\u0627\u0648\u0627\u0646\u06d5\u06cc \u062d\u06d5\u0632 \u062f\u06d5\u06a9\u06d5\u0646 \u0698\u06cc\u0646\u06af\u06d5\u06cc\u06d5\u06a9\u06cc \u0632\u0645\u0627\u0646\u06cc\u06cc \u0647\u06d5\u0645\u06d5\u0644\u0627\u06cc\u06d5\u0646\u06d5 \u0648 \u062f\u0627\u062f\u067e\u06d5\u0631\u0648\u06d5\u0631\u0627\u0646\u06d5 \u067e\u06ce\u06a9 \u0628\u0647\u06ce\u0646\u0646<\/p>\n<p style=\"text-align: right;\">\u00a0\u0632\u06c6\u0631 \u062d\u06d5\u0632 \u062f\u06d5\u06a9\u06d5\u06cc\u0646 \u06a9\u06d5 \u0647\u06d5\u0631\u06a9\u0627\u062a \u0628\u06c6\u062a\u0627\u0646 \u062f\u06d5\u06a9\u0631\u06ce\u062a\u060c \u0628\u06c6\u0686\u0648\u0648\u0646\u06cc \u062e\u06c6\u062a\u0627\u0646\u0645\u0627\u0646 \u0628\u06c6 \u0628\u0646\u0648\u0648\u0633\u0646 \u0648 \u0628\u06cc\u0646\u06ce\u0631\u0646 \u0628\u06c6 \u0626\u06d5\u0645 \u0626\u06cc\u0645\u06d5\u06cc\u0644\u06d5: <a href=\"m&#97;&#105;&#x6c;&#x74;o&#58;&#108;&#x70;&#x6c;&#x70;&#64;&#99;&#97;&#x72;&#x6c;et&#111;&#x6e;&#x2e;&#x63;a\">&#x6c;&#112;&#112;&#x40;&#x63;&#97;&#114;&#x6c;&#x65;&#116;&#111;&#x6e;&#x2e;&#99;&#97;<\/a>. \u0626\u06ce\u0645\u06d5 \u0628\u06d5\u0631\u062f\u06d5\u0648\u0627\u0645 \u0628\u06d5\u0645 \u0628\u06d5\u06cc\u0627\u0646\u0646\u0627\u0645\u06d5\u06cc\u06d5\u062f\u0627 \u062f\u06d5\u0686\u06cc\u0646\u06d5\u0648\u06d5\u060c \u0628\u0627\u0634\u062a\u0631\u06cc \u062f\u06d5\u06a9\u06d5\u06cc\u0646 \u0648 \u062f\u06cc\u0633\u0627\u0646 \u062f\u0627\u06cc\u062f\u06d5\u0646\u06ce\u06cc\u0646\u06d5\u0648\u06d5. \u062a\u06a9\u0627\u06cc\u06d5 \u06cc\u0627\u0631\u0645\u06d5\u062a\u06cc\u0645\u0627\u0646 \u0628\u062f\u06d5\u0646 \u0628\u06c6 \u0626\u06d5\u0648\u06d5 \u06a9\u06d5 \u0648\u06d5\u06a9\u0648\u0648 \u062f\u06d5\u0642\u06ce\u06a9\u06cc \u0632\u06cc\u0646\u062f\u0648\u0648 \u0695\u0627\u06cc\u0628\u06af\u0631\u06cc\u0646. \u0633\u067e\u0627\u0633\u062a\u0627\u0646 \u062f\u06d5\u06a9\u06d5\u06cc\u0646 \u0626\u06d5\u06af\u06d5\u0631 \u0628\u062a\u0648\u0627\u0646\u0646 \u0626\u06d5\u0645 \u062f\u06d5\u0642\u06d5 \u0628\u06c6 \u0632\u0645\u0627\u0646\u06cc \u062f\u06cc\u06a9\u06d5\u0634 \u0648\u06d5\u0631\u0628\u06af\u06ce\u0695\u0646<\/p>\n<\/td>\n<td><strong>Declaraci\u00f3n de compromiso con la inclusi\u00f3n ling\u00fc\u00edstica y la equidad<\/strong><\/p>\n<p>La conferencia <strong>Enfoques multidisciplinares en pol\u00edtica y planificaci\u00f3n ling\u00fc\u00edsticas<\/strong> (\u201cPPL\u201d) se establece como un espacio equitativo e inclusivo. Con este prop\u00f3sito, los organizadores promueven el uso de todas las lenguas y variedades ling\u00fc\u00edsticas, sin importar su modalidad o si dichas lenguas est\u00e1n oficialmente reconocidas o no. Asimismo, los organizadores se comprometen a respetar esta pol\u00edtica en la presente y en todas las futuras conferencias de la PPL.<\/p>\n<p>La PPL re\u00fane a acad\u00e9micos para debatir y compartir trabajos relacionados con la pol\u00edtica y la planificaci\u00f3n ling\u00fc\u00edsticas, entendidas en su sentido m\u00e1s amplio. Las y los participantes representan una amplia gama de disciplinas y lenguas. Por lo tanto, los organizadores de la conferencia se comprometen a hacer todo lo posible para facilitar la participaci\u00f3n de todas las procedencias ling\u00fc\u00edsticas en la lengua o lenguas de su elecci\u00f3n. Esto puede incluir, entre otras medidas, fomentar las presentaciones en cualquier idioma, proporcionar servicios de interpretaci\u00f3n entre idiomas y crear espacios en las redes sociales que fomenten el uso de diversas lenguas.<\/p>\n<p>Los principios anteriores se consideran no excluyentes. Tanto los organizadores actuales como los futuros de la PPL tienen la responsabilidad de fomentar el debate sobre estos principios entre aquellos que apoyan y asisten a la conferencia. Solicitamos la colaboraci\u00f3n de los participantes de la PPL desde diversas perspectivas con el fin de perfeccionar y mejorar esta propuesta. Para ello, contamos con la valiosa contribuci\u00f3n de nuestra comunidad. Juntos, aspiramos a crear un conjunto de principios que nos gu\u00ede y pueda servir de ejemplo a otros interesados en establecer espacios ling\u00fc\u00edsticamente inclusivos y equitativos.<\/p>\n<p>Esperamos recibir sus aportaciones y comentarios en cualquier momento a trav\u00e9s de la direcci\u00f3n de correo electr\u00f3nico de la conferencia, <a href=\"&#x6d;&#x61;&#x69;&#x6c;&#x74;&#x6f;&#58;&#108;&#112;&#108;p&#64;ca&#x72;&#x6c;&#x65;&#x74;&#x6f;&#x6e;&#46;&#99;&#97;\">&#x6c;p&#x6c;&#112;&#x40;&#x63;a&#x72;&#108;&#x65;&#x74;o&#x6e;&#46;&#x63;&#x61;<\/a>. Revisaremos y actualizaremos peri\u00f3dicamente esta declaraci\u00f3n. Les instamos a que nos ayuden a mantenerla como un documento vivo. Agradecemos la traducci\u00f3n de este documento a otros idiomas.<\/td>\n<\/tr>\n<\/tbody>\n<\/table>\n<p><\/p>\n","protected":false},"excerpt":{"rendered":"<p>STATEMENT OF PRINCIPLE \u00a0Statement of commitment to linguistic inclusion and equity\u00a0 \u200bThe Multidisciplinary Approaches in Language Policy and Planning conference (\u201cLPP\u201d) must always be an equitable and inclusive space. To that end, the organizers welcome the use of all languages and language varieties irrespective of modality and\/or whether or not said languages are officially recognized. [&hellip;]<\/p>\n","protected":false},"author":5,"featured_media":0,"parent":0,"menu_order":0,"comment_status":"closed","ping_status":"closed","template":"","meta":{"_relevanssi_hide_post":"","_relevanssi_hide_content":"","_relevanssi_pin_for_all":"","_relevanssi_pin_keywords":"","_relevanssi_unpin_keywords":"","_relevanssi_related_keywords":"","_relevanssi_related_include_ids":"","_relevanssi_related_exclude_ids":"","_relevanssi_related_no_append":"","_relevanssi_related_not_related":"","_relevanssi_related_posts":"","_relevanssi_noindex_reason":"","_mi_skip_tracking":false,"_exactmetrics_sitenote_active":false,"_exactmetrics_sitenote_note":"","_exactmetrics_sitenote_category":0,"_monsterinsights_sitenote_active":false,"_monsterinsights_sitenote_note":"","_monsterinsights_sitenote_category":0,"footnotes":"","_links_to":"","_links_to_target":""},"yoast_head":"<!-- This site is optimized with the Yoast SEO plugin v21.2 - https:\/\/yoast.com\/wordpress\/plugins\/seo\/ -->\n<title>Statement of principle \/ D\u00e9claration de principe - Multidisciplinary Approaches in Language Policy and Planning<\/title>\n<meta name=\"description\" content=\"STATEMENT OF PRINCIPLE \u00a0Statement of commitment to linguistic inclusion and equity\u00a0 \u200bThe Multidisciplinary Approaches in Language Policy and Planning\" \/>\n<meta name=\"robots\" content=\"index, follow, max-snippet:-1, max-image-preview:large, max-video-preview:-1\" \/>\n<link rel=\"canonical\" href=\"https:\/\/carleton.ca\/lpp\/statement-of-principle\/\" \/>\n<meta name=\"twitter:label1\" content=\"Est. reading time\" \/>\n\t<meta name=\"twitter:data1\" content=\"5 minutes\" \/>\n<script type=\"application\/ld+json\" class=\"yoast-schema-graph\">{\"@context\":\"https:\/\/schema.org\",\"@graph\":[{\"@type\":\"WebPage\",\"@id\":\"https:\/\/carleton.ca\/lpp\/statement-of-principle\/\",\"url\":\"https:\/\/carleton.ca\/lpp\/statement-of-principle\/\",\"name\":\"Statement of principle \/ D\u00e9claration de principe - Multidisciplinary Approaches in Language Policy and Planning\",\"isPartOf\":{\"@id\":\"https:\/\/carleton.ca\/lpp\/#website\"},\"datePublished\":\"2023-02-24T18:52:46+00:00\",\"dateModified\":\"2023-07-14T21:37:48+00:00\",\"description\":\"STATEMENT OF PRINCIPLE \u00a0Statement of commitment to linguistic inclusion and equity\u00a0 \u200bThe Multidisciplinary Approaches in Language Policy and Planning\",\"breadcrumb\":{\"@id\":\"https:\/\/carleton.ca\/lpp\/statement-of-principle\/#breadcrumb\"},\"inLanguage\":\"en-US\",\"potentialAction\":[{\"@type\":\"ReadAction\",\"target\":[\"https:\/\/carleton.ca\/lpp\/statement-of-principle\/\"]}]},{\"@type\":\"BreadcrumbList\",\"@id\":\"https:\/\/carleton.ca\/lpp\/statement-of-principle\/#breadcrumb\",\"itemListElement\":[{\"@type\":\"ListItem\",\"position\":1,\"name\":\"Home\",\"item\":\"https:\/\/carleton.ca\/lpp\/\"},{\"@type\":\"ListItem\",\"position\":2,\"name\":\"Statement of principle \/ D\u00e9claration de principe\"}]},{\"@type\":\"WebSite\",\"@id\":\"https:\/\/carleton.ca\/lpp\/#website\",\"url\":\"https:\/\/carleton.ca\/lpp\/\",\"name\":\"Multidisciplinary Approaches in Language Policy and Planning\",\"description\":\"Carleton University\",\"potentialAction\":[{\"@type\":\"SearchAction\",\"target\":{\"@type\":\"EntryPoint\",\"urlTemplate\":\"https:\/\/carleton.ca\/lpp\/?s={search_term_string}\"},\"query-input\":\"required name=search_term_string\"}],\"inLanguage\":\"en-US\"}]}<\/script>\n<!-- \/ Yoast SEO plugin. -->","yoast_head_json":{"title":"Statement of principle \/ D\u00e9claration de principe - Multidisciplinary Approaches in Language Policy and Planning","description":"STATEMENT OF PRINCIPLE \u00a0Statement of commitment to linguistic inclusion and equity\u00a0 \u200bThe Multidisciplinary Approaches in Language Policy and Planning","robots":{"index":"index","follow":"follow","max-snippet":"max-snippet:-1","max-image-preview":"max-image-preview:large","max-video-preview":"max-video-preview:-1"},"canonical":"https:\/\/carleton.ca\/lpp\/statement-of-principle\/","twitter_misc":{"Est. reading time":"5 minutes"},"schema":{"@context":"https:\/\/schema.org","@graph":[{"@type":"WebPage","@id":"https:\/\/carleton.ca\/lpp\/statement-of-principle\/","url":"https:\/\/carleton.ca\/lpp\/statement-of-principle\/","name":"Statement of principle \/ D\u00e9claration de principe - Multidisciplinary Approaches in Language Policy and Planning","isPartOf":{"@id":"https:\/\/carleton.ca\/lpp\/#website"},"datePublished":"2023-02-24T18:52:46+00:00","dateModified":"2023-07-14T21:37:48+00:00","description":"STATEMENT OF PRINCIPLE \u00a0Statement of commitment to linguistic inclusion and equity\u00a0 \u200bThe Multidisciplinary Approaches in Language Policy and Planning","breadcrumb":{"@id":"https:\/\/carleton.ca\/lpp\/statement-of-principle\/#breadcrumb"},"inLanguage":"en-US","potentialAction":[{"@type":"ReadAction","target":["https:\/\/carleton.ca\/lpp\/statement-of-principle\/"]}]},{"@type":"BreadcrumbList","@id":"https:\/\/carleton.ca\/lpp\/statement-of-principle\/#breadcrumb","itemListElement":[{"@type":"ListItem","position":1,"name":"Home","item":"https:\/\/carleton.ca\/lpp\/"},{"@type":"ListItem","position":2,"name":"Statement of principle \/ D\u00e9claration de principe"}]},{"@type":"WebSite","@id":"https:\/\/carleton.ca\/lpp\/#website","url":"https:\/\/carleton.ca\/lpp\/","name":"Multidisciplinary Approaches in Language Policy and Planning","description":"Carleton University","potentialAction":[{"@type":"SearchAction","target":{"@type":"EntryPoint","urlTemplate":"https:\/\/carleton.ca\/lpp\/?s={search_term_string}"},"query-input":"required name=search_term_string"}],"inLanguage":"en-US"}]}},"acf":{"banner_image_type":"none","banner_button":"no"},"_links":{"self":[{"href":"https:\/\/carleton.ca\/lpp\/wp-json\/wp\/v2\/pages\/54"}],"collection":[{"href":"https:\/\/carleton.ca\/lpp\/wp-json\/wp\/v2\/pages"}],"about":[{"href":"https:\/\/carleton.ca\/lpp\/wp-json\/wp\/v2\/types\/page"}],"author":[{"embeddable":true,"href":"https:\/\/carleton.ca\/lpp\/wp-json\/wp\/v2\/users\/5"}],"replies":[{"embeddable":true,"href":"https:\/\/carleton.ca\/lpp\/wp-json\/wp\/v2\/comments?post=54"}],"version-history":[{"count":4,"href":"https:\/\/carleton.ca\/lpp\/wp-json\/wp\/v2\/pages\/54\/revisions"}],"predecessor-version":[{"id":404,"href":"https:\/\/carleton.ca\/lpp\/wp-json\/wp\/v2\/pages\/54\/revisions\/404"}],"wp:attachment":[{"href":"https:\/\/carleton.ca\/lpp\/wp-json\/wp\/v2\/media?parent=54"}],"curies":[{"name":"wp","href":"https:\/\/api.w.org\/{rel}","templated":true}]}}