{"id":59,"date":"2023-02-24T13:55:44","date_gmt":"2023-02-24T18:55:44","guid":{"rendered":"https:\/\/carleton.ca\/lpp\/?page_id=59"},"modified":"2026-03-23T08:35:57","modified_gmt":"2026-03-23T12:35:57","slug":"conference-program","status":"publish","type":"page","link":"https:\/\/carleton.ca\/lpp\/conference-program\/","title":{"rendered":"Program \/ Programme"},"content":{"rendered":"<h2><img decoding=\"async\" loading=\"lazy\" class=\"alignnone size-medium wp-image-49\" src=\"https:\/\/carleton.ca\/lpp\/wp-content\/uploads\/1500x500-240x80.jpeg\" alt=\"\" width=\"240\" height=\"80\" srcset=\"https:\/\/carleton.ca\/lpp\/wp-content\/uploads\/1500x500-240x80.jpeg 240w, https:\/\/carleton.ca\/lpp\/wp-content\/uploads\/1500x500-400x133.jpeg 400w, https:\/\/carleton.ca\/lpp\/wp-content\/uploads\/1500x500-160x53.jpeg 160w, https:\/\/carleton.ca\/lpp\/wp-content\/uploads\/1500x500-768x256.jpeg 768w, https:\/\/carleton.ca\/lpp\/wp-content\/uploads\/1500x500-360x120.jpeg 360w, https:\/\/carleton.ca\/lpp\/wp-content\/uploads\/1500x500.jpeg 1500w\" sizes=\"(max-width: 240px) 100vw, 240px\" \/><\/h2>\n<h2 style=\"font-weight: 400; text-align: center;\"><strong>Conference program \/ Programme de la conf\u00e9rence<\/strong><\/h2>\n<p><i style=\"font-weight: 400;\">The preliminary program (including accepted individual papers, thematic panels and posters) of the conference is now available <a href=\"https:\/\/www.conftool.org\/lpp2026\/index.php?page=browseSessions&amp;path=adminSessions\">here<\/a>. Please note that the provided schedule (and groupings of papers by topic) <\/i><i>might be subject to changes until the conference. Although we will try to limit changes to same-day schedule changes, participants whose <strong>day<\/strong> <strong>of presentation<\/strong> might need to be changed will be notified.<\/i><\/p>\n<p>&#8212;<\/p>\n<p>Le programme provisoire de la conf\u00e9rence (incluant les pr\u00e9sentations individuelles, les sessions th\u00e9matiques et les pr\u00e9sentations par affiche accept\u00e9es) est d\u00e9sormais disponible <a href=\"https:\/\/www.conftool.org\/lpp2026\/index.php?page=browseSessions&amp;path=adminSessions\">ici<\/a>. Veuillez noter que cet horaire (et les regroupements des pr\u00e9sentations en sessions th\u00e9matiques) pourrait faire l&#8217;objet de modifications jusqu&#8217;\u00e0 la conf\u00e9rence. Bien que nous essayerons de limiter les changements \u00e0 des changements d&#8217;horaire au sein d&#8217;une m\u00eame journ\u00e9e, les personnes dont la pr\u00e9sentation devrait changer de <strong>jour de pr\u00e9sentation<\/strong> seront avis\u00e9es directement.<\/p>\n","protected":false},"excerpt":{"rendered":"<p>Conference program \/ Programme de la conf\u00e9rence The preliminary program (including accepted individual papers, thematic panels and posters) of the conference is now available here. Please note that the provided schedule (and groupings of papers by topic) might be subject to changes until the conference. Although we will try to limit changes to same-day schedule [&hellip;]<\/p>\n","protected":false},"author":5,"featured_media":0,"parent":0,"menu_order":0,"comment_status":"closed","ping_status":"closed","template":"","meta":{"_relevanssi_hide_post":"","_relevanssi_hide_content":"","_relevanssi_pin_for_all":"","_relevanssi_pin_keywords":"","_relevanssi_unpin_keywords":"","_relevanssi_related_keywords":"","_relevanssi_related_include_ids":"","_relevanssi_related_exclude_ids":"","_relevanssi_related_no_append":"","_relevanssi_related_not_related":"","_relevanssi_related_posts":"","_relevanssi_noindex_reason":"","_mi_skip_tracking":false,"_exactmetrics_sitenote_active":false,"_exactmetrics_sitenote_note":"","_exactmetrics_sitenote_category":0,"_monsterinsights_sitenote_active":false,"_monsterinsights_sitenote_note":"","_monsterinsights_sitenote_category":0,"footnotes":"","_links_to":"","_links_to_target":""},"yoast_head":"<!-- This site is optimized with the Yoast SEO plugin v21.2 - https:\/\/yoast.com\/wordpress\/plugins\/seo\/ -->\n<title>Program \/ Programme - Multidisciplinary Approaches in Language Policy and Planning<\/title>\n<meta name=\"description\" content=\"Conference program \/ Programme de la conf\u00e9rence The preliminary program (including accepted individual papers, thematic panels and posters) of the\" \/>\n<meta name=\"robots\" content=\"index, follow, max-snippet:-1, max-image-preview:large, max-video-preview:-1\" \/>\n<link rel=\"canonical\" href=\"https:\/\/carleton.ca\/lpp\/conference-program\/\" \/>\n<meta name=\"twitter:label1\" content=\"Est. reading time\" \/>\n\t<meta name=\"twitter:data1\" content=\"1 minute\" \/>\n<script type=\"application\/ld+json\" class=\"yoast-schema-graph\">{\"@context\":\"https:\/\/schema.org\",\"@graph\":[{\"@type\":\"WebPage\",\"@id\":\"https:\/\/carleton.ca\/lpp\/conference-program\/\",\"url\":\"https:\/\/carleton.ca\/lpp\/conference-program\/\",\"name\":\"Program \/ Programme - Multidisciplinary Approaches in Language Policy and Planning\",\"isPartOf\":{\"@id\":\"https:\/\/carleton.ca\/lpp\/#website\"},\"datePublished\":\"2023-02-24T18:55:44+00:00\",\"dateModified\":\"2026-03-23T12:35:57+00:00\",\"description\":\"Conference program \/ Programme de la conf\u00e9rence The preliminary program (including accepted individual papers, thematic panels and posters) of the\",\"breadcrumb\":{\"@id\":\"https:\/\/carleton.ca\/lpp\/conference-program\/#breadcrumb\"},\"inLanguage\":\"en-US\",\"potentialAction\":[{\"@type\":\"ReadAction\",\"target\":[\"https:\/\/carleton.ca\/lpp\/conference-program\/\"]}]},{\"@type\":\"BreadcrumbList\",\"@id\":\"https:\/\/carleton.ca\/lpp\/conference-program\/#breadcrumb\",\"itemListElement\":[{\"@type\":\"ListItem\",\"position\":1,\"name\":\"Home\",\"item\":\"https:\/\/carleton.ca\/lpp\/\"},{\"@type\":\"ListItem\",\"position\":2,\"name\":\"Program \/ Programme\"}]},{\"@type\":\"WebSite\",\"@id\":\"https:\/\/carleton.ca\/lpp\/#website\",\"url\":\"https:\/\/carleton.ca\/lpp\/\",\"name\":\"Multidisciplinary Approaches in Language Policy and Planning\",\"description\":\"Carleton University\",\"potentialAction\":[{\"@type\":\"SearchAction\",\"target\":{\"@type\":\"EntryPoint\",\"urlTemplate\":\"https:\/\/carleton.ca\/lpp\/?s={search_term_string}\"},\"query-input\":\"required name=search_term_string\"}],\"inLanguage\":\"en-US\"}]}<\/script>\n<!-- \/ Yoast SEO plugin. -->","yoast_head_json":{"title":"Program \/ Programme - Multidisciplinary Approaches in Language Policy and Planning","description":"Conference program \/ Programme de la conf\u00e9rence The preliminary program (including accepted individual papers, thematic panels and posters) of the","robots":{"index":"index","follow":"follow","max-snippet":"max-snippet:-1","max-image-preview":"max-image-preview:large","max-video-preview":"max-video-preview:-1"},"canonical":"https:\/\/carleton.ca\/lpp\/conference-program\/","twitter_misc":{"Est. reading time":"1 minute"},"schema":{"@context":"https:\/\/schema.org","@graph":[{"@type":"WebPage","@id":"https:\/\/carleton.ca\/lpp\/conference-program\/","url":"https:\/\/carleton.ca\/lpp\/conference-program\/","name":"Program \/ Programme - Multidisciplinary Approaches in Language Policy and Planning","isPartOf":{"@id":"https:\/\/carleton.ca\/lpp\/#website"},"datePublished":"2023-02-24T18:55:44+00:00","dateModified":"2026-03-23T12:35:57+00:00","description":"Conference program \/ Programme de la conf\u00e9rence The preliminary program (including accepted individual papers, thematic panels and posters) of the","breadcrumb":{"@id":"https:\/\/carleton.ca\/lpp\/conference-program\/#breadcrumb"},"inLanguage":"en-US","potentialAction":[{"@type":"ReadAction","target":["https:\/\/carleton.ca\/lpp\/conference-program\/"]}]},{"@type":"BreadcrumbList","@id":"https:\/\/carleton.ca\/lpp\/conference-program\/#breadcrumb","itemListElement":[{"@type":"ListItem","position":1,"name":"Home","item":"https:\/\/carleton.ca\/lpp\/"},{"@type":"ListItem","position":2,"name":"Program \/ Programme"}]},{"@type":"WebSite","@id":"https:\/\/carleton.ca\/lpp\/#website","url":"https:\/\/carleton.ca\/lpp\/","name":"Multidisciplinary Approaches in Language Policy and Planning","description":"Carleton University","potentialAction":[{"@type":"SearchAction","target":{"@type":"EntryPoint","urlTemplate":"https:\/\/carleton.ca\/lpp\/?s={search_term_string}"},"query-input":"required name=search_term_string"}],"inLanguage":"en-US"}]}},"acf":{"banner_image_type":"hosted","banner_button":"no","banner_hosted_image":"apply","banner_opacity":"default"},"_links":{"self":[{"href":"https:\/\/carleton.ca\/lpp\/wp-json\/wp\/v2\/pages\/59"}],"collection":[{"href":"https:\/\/carleton.ca\/lpp\/wp-json\/wp\/v2\/pages"}],"about":[{"href":"https:\/\/carleton.ca\/lpp\/wp-json\/wp\/v2\/types\/page"}],"author":[{"embeddable":true,"href":"https:\/\/carleton.ca\/lpp\/wp-json\/wp\/v2\/users\/5"}],"replies":[{"embeddable":true,"href":"https:\/\/carleton.ca\/lpp\/wp-json\/wp\/v2\/comments?post=59"}],"version-history":[{"count":11,"href":"https:\/\/carleton.ca\/lpp\/wp-json\/wp\/v2\/pages\/59\/revisions"}],"predecessor-version":[{"id":657,"href":"https:\/\/carleton.ca\/lpp\/wp-json\/wp\/v2\/pages\/59\/revisions\/657"}],"wp:attachment":[{"href":"https:\/\/carleton.ca\/lpp\/wp-json\/wp\/v2\/media?parent=59"}],"curies":[{"name":"wp","href":"https:\/\/api.w.org\/{rel}","templated":true}]}}