{"id":48,"date":"2014-08-05T14:07:01","date_gmt":"2014-08-05T14:07:01","guid":{"rendered":"http:\/\/carleton.ca\/mds\/?page_id=48"},"modified":"2025-10-02T10:36:45","modified_gmt":"2025-10-02T14:36:45","slug":"research-centres","status":"publish","type":"page","link":"https:\/\/carleton.ca\/mds\/research\/research-centres\/","title":{"rendered":"National and International Research Centres"},"content":{"rendered":"\n<section class=\"w-screen px-6 cu-section cu-section--white ml-offset-center md:px-8 lg:px-14\">\n    <div class=\"space-y-6 cu-max-w-child-5xl  md:space-y-10 cu-prose-first-last\">\n\n            <div class=\"cu-textmedia flex flex-col lg:flex-row mx-auto gap-6 md:gap-10 my-6 md:my-12 first:mt-0 max-w-5xl\">\n        <div class=\"justify-start cu-textmedia-content cu-prose-first-last\" style=\"flex: 0 0 100%;\">\n            <header class=\"font-light prose-xl cu-pageheader md:prose-2xl cu-component-updated cu-prose-first-last\">\n                                    <h1 class=\"cu-prose-first-last font-semibold !mt-2 mb-4 md:mb-6 relative after:absolute after:h-px after:bottom-0 after:bg-cu-red after:left-px text-3xl md:text-4xl lg:text-5xl lg:leading-[3.5rem] pb-5 after:w-10 text-cu-black-700 not-prose\">\n                        National and International Research Centres\n                    <\/h1>\n                \n                                \n                            <\/header>\n\n                    <\/div>\n\n            <\/div>\n\n    <\/div>\n<\/section>\n\n<h3 id=\"canadian-research-centres\" class=\"wp-block-heading\">Canadian Research Centres<\/h3>\n\n\n\n<ul class=\"wp-block-list\">\n<li><a href=\"http:\/\/www.humanities.mcmaster.ca\/africanhistory\/\" target=\"_blank\" rel=\"noopener noreferrer\">African and African Diaspora Studies Program (AADS)<\/a><\/li>\n\n\n\n<li><a href=\"http:\/\/www.casa-acea.ca\/\">Canadian Asian Studies Association<\/a><\/li>\n\n\n\n<li><a href=\"http:\/\/carfms.apps01.yorku.ca\/\">Canadian Association for Refugee and Forced Migration Studies<\/a><\/li>\n\n\n\n<li>Canadian Community for Dialogue and Deliberation<\/li>\n\n\n\n<li><a href=\"http:\/\/cesa.uwinnipeg.ca\/\">Canadian Ethnic Studies Association<\/a><\/li>\n\n\n\n<li><a href=\"http:\/\/www.clsrn.econ.ubc.ca\/home.php\">Canadian Labour Market and Skills Researcher Network<\/a><\/li>\n\n\n\n<li><a href=\"http:\/\/www.pier21.ca\/\">Canadian Museum of Immigration at Pier 21<\/a><\/li>\n\n\n\n<li><a href=\"http:\/\/www.ceetum.umontreal.ca\/fr\/\">Centre d&#8217;\u00e9tudes ethniques des universit\u00e9s montr\u00e9alaises<\/a><\/li>\n\n\n\n<li><a href=\"http:\/\/www.cdts.utoronto.ca\/\" target=\"_blank\" rel=\"noopener noreferrer\">Centre for Diaspora and Transnational Studies (CDTS)<\/a><\/li>\n\n\n\n<li><a href=\"http:\/\/cgcer.ualberta.ca\/\">Centre for Global Citizenship Education and Research University of Alberta<\/a><\/li>\n\n\n\n<li><a href=\"http:\/\/www.oise.utoronto.ca\/ciars\/\">Centre for Integrative Anti-Racism Studies University of Toronto<\/a><\/li>\n\n\n\n<li><a href=\"http:\/\/sciencessociales.uottawa.ca\/circem\/index_e.asp\">Centre for Interdisciplinary Research on Citizenship and Minorities<\/a><\/li>\n\n\n\n<li><a href=\"http:\/\/crs.yorku.ca\/\">Centre for Refugee Studies York University<\/a><\/li>\n\n\n\n<li>Chaire de recherche en immigration, ethnicit\u00e9 et citoyennet\u00e9- UQAM<\/li>\n\n\n\n<li><a href=\"http:\/\/arts.acadiau.ca\/diaspora-studies.html\" target=\"_blank\" rel=\"noopener noreferrer\">Diaspora Studies, Acadia University Wolfville, NS<\/a><\/li>\n\n\n\n<li><a href=\"http:\/\/www.ufv.ca\/calendar\/fall-2014\/ProgramsR-Z\/SCMS_DIASPORA.htm\" target=\"_blank\" rel=\"noopener noreferrer\">Diaspora Studies Certificate Prog. University of the Fraser Valley, British Colombia<\/a><\/li>\n\n\n\n<li><a href=\"http:\/\/www.cdp-hrc.uottawa.ca\/\">Human Rights Research and Education Centre University of Ottawa<\/a><\/li>\n\n\n\n<li><a href=\"https:\/\/inclusion.ca\/\">Institute for Canadian Citizenship<\/a><\/li>\n\n\n\n<li><a href=\"http:\/\/www.sfu.ca\/diaspora-institute.html\" target=\"_blank\" rel=\"noopener noreferrer\">Institute for Diaspora Research and Engagement (IDRE), Simon Fraser University Burnaby, BC<\/a><\/li>\n\n\n\n<li>Intercultural Institute of Montreal<\/li>\n\n\n\n<li><a href=\"http:\/\/imrc.ca\/\">International Migration Research Centre Wilfrid Laurier University<\/a><\/li>\n\n\n\n<li><a href=\"http:\/\/www.eldis.org\/go\/home&amp;id=35104&amp;type=Organisation\" target=\"_blank\" rel=\"noopener noreferrer\">Kule Ukrainian Canadian Studies Centre (KUCSC), University of Alberta, Edmonton<\/a><\/li>\n\n\n\n<li><a href=\"http:\/\/maytree.com\/\">Maytree Foundation<\/a><\/li>\n\n\n\n<li><a href=\"http:\/\/canada.metropolis.net\/\">Metropolis Canada<\/a><\/li>\n\n\n\n<li><a href=\"http:\/\/www.ciqss.umontreal.ca\/\">Quebec Inter-University Centre for Social Statistics<\/a><\/li>\n\n\n\n<li><a href=\"http:\/\/www.refugeeresearch.net\/\">Refugee Research Network<\/a><\/li>\n\n\n\n<li><a href=\"http:\/\/www.ryerson.ca\/rcis\/\">Ryerson Centre for Immigration and Settlement<\/a><\/li>\n\n\n\n<li><a href=\"http:\/\/www.sparc.bc.ca\/\">Social Planning and Research Council of BC<\/a><\/li>\n\n\n\n<li><a href=\"http:\/\/www.statcan.gc.ca\/\">Statistics Canada<\/a><\/li>\n\n\n\n<li><a href=\"https:\/\/cstudies.ubc.ca\/study-topic\/intercultural-communication-diversity-inclusion?utm_campaign=cic.cstudies.ubc.ca&amp;utm_medium=Referral&amp;utm_source=Domain-Redirect\">University of British Columbia Centre for Intercultural Communication<\/a><\/li>\n\n\n\n<li><a href=\"http:\/\/p2pcanada.ca\/redirect\/\">Welcoming Communities Initiative<\/a><\/li>\n\n\n\n<li>Western Centre for Research on Migration and Ethnic Relations<\/li>\n<\/ul>\n\n\n\n<h3 id=\"international-research-centres\" class=\"wp-block-heading\">International Research Centres<\/h3>\n\n\n\n<ul class=\"wp-block-list\">\n<li><a href=\"http:\/\/www.utexas.edu\/cola\/depts\/aads\/\" target=\"_blank\" rel=\"noopener noreferrer\">African &amp; African Diaspora Studies Department,\u00a0 (AADS) <\/a>: United States<\/li>\n\n\n\n<li><a href=\"https:\/\/apps.carleton.edu\/curricular\/afam\/\" target=\"_blank\" rel=\"noopener noreferrer\">African and African American Studies (AFAM) <\/a>: United States<\/li>\n\n\n\n<li><a href=\"http:\/\/www.diaspora-centre.org\/\" target=\"_blank\" rel=\"noopener noreferrer\">African Diaspora Policy Centre (ADPC)<\/a> : Netherlands<\/li>\n\n\n\n<li><a href=\"http:\/\/www.migration.org.za\/\">African Centre for Migration &amp; Society<\/a>: South Africa<\/li>\n\n\n\n<li>Academy for Migration Studies in Denmark: Denmark<\/li>\n\n\n\n<li>Association for the Study of the Worldwide African Diaspora (ASWAD): New York<\/li>\n\n\n\n<li>American Institute for Managing Diversity: United States<\/li>\n\n\n\n<li>Asia Pacific Migration Research Network: Australia<\/li>\n\n\n\n<li><a href=\"http:\/\/www.arcmthailand.com\/\">Asian Research Center for Migration Chulalongkorn University<\/a>: Thailand<\/li>\n\n\n\n<li><a href=\"http:\/\/www.lse.ac.uk\/researchAndExpertise\/units\/ASEN\/Home.aspx\">Association for the Study of Ethnicity and Nationalism<\/a>: United Kingdom<\/li>\n\n\n\n<li><a href=\"http:\/\/aemi.eu\/\">Association of European Migration Institutions<\/a>: Denmark<\/li>\n\n\n\n<li><a href=\"https:\/\/ccis.ucsd.edu\" target=\"_blank\" rel=\"noopener noreferrer\">Center for Comparative Immigration Studies at the University of California San Diego<\/a>: United States<\/li>\n\n\n\n<li>Centre for Diasporic Studies (CDS): Fiji Islands<\/li>\n\n\n\n<li><a href=\"http:\/\/www.bcics.northwestern.edu\/programs\/migration\/\" target=\"_blank\" rel=\"noopener noreferrer\">Center for Forced Migration Studies (CFMS) <\/a>:\u00a0United States<\/li>\n\n\n\n<li><a href=\"http:\/\/cgrs.uchastings.edu\/\">Center for Gender and Refugee Studies<\/a>: United States<\/li>\n\n\n\n<li><a href=\"http:\/\/www.cis.org\/\">Center for Immigration Studies<\/a>: United States<\/li>\n\n\n\n<li><a href=\"http:\/\/www.soas.ac.uk\/migrationdiaspora\/\" target=\"_blank\" rel=\"noopener noreferrer\">Centre for Migration and Diaspora Studies (CMDS)<\/a>: United Kingdom<\/li>\n\n\n\n<li><a href=\"http:\/\/www.aucegypt.edu\/GAPP\/cmrs\/Pages\/default.aspx\">Center for Migration and Refugee Studies<\/a>: Egypt<\/li>\n\n\n\n<li><a href=\"http:\/\/cmsny.org\/\">Center for Migration Studies<\/a>: United States<\/li>\n\n\n\n<li><a href=\"http:\/\/www.clas.wayne.edu\/citizenship\/upload\/index.php\">Center for the Study of Citizenship at Wayne State University<\/a>: United States<\/li>\n\n\n\n<li><a href=\"http:\/\/www.jhsph.edu\/research\/centers-and-institutes\/center-for-refugee-and-disaster-response\/\" target=\"_blank\" rel=\"noopener noreferrer\">Center for Refugee and Disaster Response (CRDR):<\/a> United States<\/li>\n\n\n\n<li><a href=\"http:\/\/www.crr.unsw.edu.au\/\" target=\"_blank\" rel=\"noopener noreferrer\">Centre for Refugee Research (CRR)<\/a>: Australia<\/li>\n\n\n\n<li><a href=\"http:\/\/www.sciencespo.fr\/ceri\/\">Centre d&#8217;\u00e9tudes et de Recherches Internationales<\/a>: France<\/li>\n\n\n\n<li><a href=\"http:\/\/www.qub.ac.uk\/cms\/index.html\">Centre for Migration Studies at the Ulster American Folk Park<\/a>: United Kingdom<\/li>\n\n\n\n<li><a href=\"http:\/\/www.cream-migration.org\/\">Centre for Research and Analysis of Migration<\/a>: United Kingdom<\/li>\n\n\n\n<li><a href=\"http:\/\/www.socant.su.se\/english\/research\/research-areas\/migration\">Centre for Research in International Migration and Ethnic Relations<\/a>: Sweden<\/li>\n\n\n\n<li><a href=\"http:\/\/csfm.udsm.ac.tz\/\" target=\"_blank\" rel=\"noopener noreferrer\">Centre for the Study of Forced Migration (CSFM): <\/a>Tanzania<\/li>\n\n\n\n<li><a href=\"http:\/\/cesem.ku.dk\/\">Centre for the Study of Equality and Multiculturalism<\/a>: Denmark<\/li>\n\n\n\n<li><a href=\"http:\/\/www.qmul.ac.uk\/migration\/\">Centre for the Study of Migration<\/a>: United Kingdom<\/li>\n\n\n\n<li>Centre for Trauma Asylum and Refugees: United Kingdom<\/li>\n\n\n\n<li><a href=\"http:\/\/www.compas.ox.ac.uk\/\">Centre on Migration Policy and Society<\/a>: United Kingdom<\/li>\n\n\n\n<li><a href=\"http:\/\/www.childmigration.net\/\">Child Migration Research Network<\/a>: United Kingdom<\/li>\n\n\n\n<li><a href=\"http:\/\/www.migrationdrc.org\/\">Development Research Centre on Migration Globalisation and Poverty<\/a>: United Kingdom<\/li>\n\n\n\n<li><a href=\"https:\/\/www.britsoc.co.uk\/groups\/study-groups\/diaspora-migration-transnationalism-study-group\/\" target=\"_blank\" rel=\"noopener noreferrer\">Diaspora, Migration, Transnationalism Study Group, British Sociological Association, Durham<\/a>: United Kingdom<\/li>\n\n\n\n<li><a href=\"http:\/\/www.esce.org\/\">Economic and Social Research Center<\/a>: Germany<\/li>\n\n\n\n<li>Eurasylum: United Kingdom<\/li>\n\n\n\n<li><a href=\"http:\/\/www.carim.org\/\">Euro-Mediterranean Consortium for Applied Research on International Migration<\/a>: Italy<\/li>\n\n\n\n<li><a href=\"http:\/\/www.ecre.org\/\">European Council on Refugees and Exiles<\/a>: United Kingdom<\/li>\n\n\n\n<li><a href=\"http:\/\/www.efms.uni-bamberg.de\/\">European Forum for Migration Studies<\/a>: Germany<\/li>\n\n\n\n<li><a href=\"http:\/\/www.ercomer.eu\/\">European Research Centre on Migration and Ethnic Relations<\/a>: Netherlands<\/li>\n\n\n\n<li><a href=\"http:\/\/www.eldis.org\/go\/home&amp;id=35104&amp;type=Organisation\" target=\"_blank\" rel=\"noopener noreferrer\">Forced Migration Studies Programme, Univ. of the Witwatersrand (FMSP)<\/a>: South Africa<\/li>\n\n\n\n<li><a href=\"http:\/\/fiids-usa.org\/\" target=\"_blank\" rel=\"noopener noreferrer\">Foundation for India and Indian Diaspora Studies (FIIDS): <\/a>United States<\/li>\n\n\n\n<li><a href=\"http:\/\/www.bmu-foundation.ch\/index_e.html\">Foundation for Population Migration and Environment<\/a>: Switzerland<\/li>\n\n\n\n<li><a href=\"http:\/\/www.eldis.org\/go\/home&amp;id=35104&amp;type=Organisation\" target=\"_blank\" rel=\"noopener noreferrer\">Independent Network of Labour Migration and Integration Experts, Brussels<\/a>: Belgium<\/li>\n\n\n\n<li><a href=\"http:\/\/isim.georgetown.edu\/\" target=\"_blank\" rel=\"noopener noreferrer\">Institute for the Study of International Migration (ISIM), Georgetown University, Washington<\/a>: United States<\/li>\n\n\n\n<li><a href=\"http:\/\/web.mit.edu\/cis\/www\/migration\/\" target=\"_blank\" rel=\"noopener noreferrer\">Inter University Committee on International Migration, MIT<\/a>: United States<\/li>\n\n\n\n<li>International Organization for Migration (IOM), Geneva: Switzerland<\/li>\n\n\n\n<li><a href=\"http:\/\/imes.uva.nl\/\">Institute for Migration and Ethnic Studies<\/a>: Netherlands<\/li>\n\n\n\n<li>Institute for Migration Research and Intercultural Studies: Germany<\/li>\n\n\n\n<li>Institute for Research on Migration, Ethnicity and Society: Norway<\/li>\n\n\n\n<li><a href=\"http:\/\/isim.georgetown.edu\/\">Institute for the Study of International Migration Georgetown University<\/a>: United States<\/li>\n\n\n\n<li><a href=\"http:\/\/www.irr.org.uk\/\">Institute of Race Relations<\/a>: United Kingdom<\/li>\n\n\n\n<li><a href=\"http:\/\/web.mit.edu\/cis\/www\/migration\/\">Inter-University Committee on International Migration<\/a>: United States<\/li>\n\n\n\n<li><a href=\"http:\/\/iasfm.org\/\">International Association for the Study of Forced Migration<\/a>: United States<\/li>\n\n\n\n<li><a href=\"http:\/\/www.newschool.edu\/nssr\/migration-ethnicity-citizenship\/\">International Center for Migration Ethnicity and Citizenship at The New School<\/a>: United States<\/li>\n\n\n\n<li><a href=\"http:\/\/www.imiscoeconferences.org\/\">International Migration Integration and Social Cohesion in Europe<\/a>: Netherlands<\/li>\n\n\n\n<li>Irish Centre for Migration Studies: Ireland<\/li>\n\n\n\n<li><a href=\"http:\/\/www.eldis.org\/go\/home&amp;id=35104&amp;type=Organisation\" target=\"_blank\" rel=\"noopener noreferrer\">Global Forum on Migration &amp; Development (GFMD)<\/a>: UN<\/li>\n\n\n\n<li><a href=\"http:\/\/www.globalmigrationgroup.org\/\" target=\"_blank\" rel=\"noopener noreferrer\">Global Migration Group (GMG), Washington<\/a>: United States<\/li>\n\n\n\n<li>Grop de Recerca Interdisciplinari Immigracio (GRTIM), Universitat Pompeu Fabra, Barcelona<\/li>\n\n\n\n<li><a href=\"http:\/\/www.carleton.ca\/metropolis\/\">Metropolis International<\/a>: Netherlands<\/li>\n\n\n\n<li><a href=\"http:\/\/www.migrationpolicycentre.eu\/\" target=\"_blank\" rel=\"noopener noreferrer\">Migration Policy Centre, European University, Florence:<\/a> Italy<\/li>\n\n\n\n<li><a href=\"http:\/\/www.migpolgroup.com\/\" target=\"_blank\" rel=\"noopener noreferrer\">Migration Policy Group Brussels:<\/a> Belgium<\/li>\n\n\n\n<li><a href=\"http:\/\/www.migrationpolicy.org\/\" target=\"_blank\" rel=\"noopener noreferrer\">Migration Policy Institute, Washington<\/a>: United States<\/li>\n\n\n\n<li>Migration Program, Social Science Research Council, Brooklyn NY: United States<\/li>\n\n\n\n<li><a href=\"http:\/\/www.lse.ac.uk\/government\/research\/resgroups\/MSU\/MSU%20home.aspx\" target=\"_blank\" rel=\"noopener noreferrer\">Migration Studies Unit, London School of Economics, London<\/a>: United Kingdom<\/li>\n\n\n\n<li><a href=\"http:\/\/lebanesestudies.ncsu.edu\/\" target=\"_blank\" rel=\"noopener noreferrer\">Moise A.\u00a0Khayrallah Center for Lebanese Diaspora Studies, North Carolina State University <\/a>: United States<\/li>\n\n\n\n<li><a href=\"http:\/\/www.migrationpolicy.org\/\">Migration Policy Institute<\/a>: United States<\/li>\n\n\n\n<li><a href=\"http:\/\/urmis.unice.fr\/?lang=fr\">Migrations et Soci\u00e9t\u00e9<\/a>: France<\/li>\n\n\n\n<li><a href=\"http:\/\/migrationmuseum.org\/\">Migration Museum<\/a>: United Kingdom<\/li>\n\n\n\n<li><a href=\"http:\/\/www.globalmovements.monash.edu.au\/\">Monash Institute for the Study of Global Movements<\/a>: Australia<\/li>\n\n\n\n<li><a href=\"http:\/\/www.migrationpolicy.org\/programs\/national-center-immigrant-integration-policy\">National Center on Immigrant Integration Policy<\/a>: United States<\/li>\n\n\n\n<li><a href=\"http:\/\/www.norface-migration.org\/\">NORFACE Research Program on Migration<\/a>: United Kingdom<\/li>\n\n\n\n<li><a href=\"http:\/\/www.emigrationcenter.com\/index.cfm\">Norwegian Emigration Center<\/a>: Norway<\/li>\n\n\n\n<li><a href=\"http:\/\/oicd.net\/oicd\/\">Organization for Intra-Cultural Development<\/a>: Japan<\/li>\n\n\n\n<li><a href=\"http:\/\/www.rmmru.org\/newsite\/\" target=\"_blank\" rel=\"noopener noreferrer\">Refugee and Migratory Movements Research Unit\u00a0 University of\u00a0 Dhaka<\/a>: Bangladesh<\/li>\n\n\n\n<li><a href=\"http:\/\/www.rhin.org\/\">Refugee Health Information Network<\/a>: United States:<\/li>\n\n\n\n<li><a href=\"http:\/\/www.rsc.ox.ac.uk\/\">Refugee Studies Centre University of Oxford<\/a>: United Kingdom<\/li>\n\n\n\n<li><a href=\"http:\/\/fic.tufts.edu\/research-area\/people-on-the-move\/\">Refugees and Forced Migration Program Feinstein International Center<\/a>: United States<\/li>\n\n\n\n<li>Scalabrini International Migration Network (SIMN), New York: United States<\/li>\n\n\n\n<li><a href=\"http:\/\/www.sussex.ac.uk\/migration\/\">Sussex Centre for Migration Research<\/a>: United Kingdom<\/li>\n\n\n\n<li><a href=\"http:\/\/www.reseau-terra.eu\/\">Travaux Etudes et Recherches sur les R\u00e9fugi\u00e9s et l\u2019Asile<\/a>: France<\/li>\n\n\n\n<li><a href=\"http:\/\/www.ucl.ac.uk\/migration\/index\">UCL Global Migration Network<\/a>: United Kingdom<\/li>\n\n\n\n<li>UK-IMR Institute for Migration Research: United Kingdom<\/li>\n\n\n\n<li><a href=\"http:\/\/www.usaim.org\/\" target=\"_blank\" rel=\"noopener noreferrer\">U.S. Association for International Migration (USAIM), Washington<\/a><\/li>\n\n\n\n<li><a href=\"http:\/\/www.ihrc.umn.edu\/\">University of Minnesota Immigration History Research Center<\/a>: United States<\/li>\n\n\n\n<li><a href=\"http:\/\/www.eldis.org\/go\/home&amp;id=8063&amp;type=Organisation#.WHO5tLEZORs\" target=\"_blank\" rel=\"noopener noreferrer\">University of Oxford Centre for Research on Inequality Human Security and Ethnicity<\/a>: United Kingdom<\/li>\n\n\n\n<li><a href=\"http:\/\/www.imi.ox.ac.uk\/\">University of Oxford International Migration Institute<\/a>: United Kingdom<\/li>\n\n\n\n<li><a href=\"http:\/\/www2.warwick.ac.uk\/fac\/soc\/crer\">University of Warwick Centre for Research on Ethnic Relations<\/a>: United Kingdom<\/li>\n\n\n\n<li><a href=\"http:\/\/www.childmigration.net\/globalchild\" target=\"_blank\" rel=\"noopener noreferrer\">Working Group on Childhood and Migration<\/a>: United States<\/li>\n<\/ul>\n","protected":false},"excerpt":{"rendered":"<p>Canadian Research Centres International Research Centres<\/p>\n","protected":false},"author":2,"featured_media":0,"parent":15,"menu_order":0,"comment_status":"closed","ping_status":"closed","template":"","meta":{"_acf_changed":false,"_cu_dining_location_slug":"","footnotes":"","_links_to":"","_links_to_target":""},"cu_page_type":[],"class_list":["post-48","page","type-page","status-publish","hentry"],"acf":{"cu_post_thumbnail":false},"_links":{"self":[{"href":"https:\/\/carleton.ca\/mds\/wp-json\/wp\/v2\/pages\/48","targetHints":{"allow":["GET"]}}],"collection":[{"href":"https:\/\/carleton.ca\/mds\/wp-json\/wp\/v2\/pages"}],"about":[{"href":"https:\/\/carleton.ca\/mds\/wp-json\/wp\/v2\/types\/page"}],"author":[{"embeddable":true,"href":"https:\/\/carleton.ca\/mds\/wp-json\/wp\/v2\/users\/2"}],"replies":[{"embeddable":true,"href":"https:\/\/carleton.ca\/mds\/wp-json\/wp\/v2\/comments?post=48"}],"version-history":[{"count":4,"href":"https:\/\/carleton.ca\/mds\/wp-json\/wp\/v2\/pages\/48\/revisions"}],"predecessor-version":[{"id":5003,"href":"https:\/\/carleton.ca\/mds\/wp-json\/wp\/v2\/pages\/48\/revisions\/5003"}],"up":[{"embeddable":true,"href":"https:\/\/carleton.ca\/mds\/wp-json\/wp\/v2\/pages\/15"}],"wp:attachment":[{"href":"https:\/\/carleton.ca\/mds\/wp-json\/wp\/v2\/media?parent=48"}],"wp:term":[{"taxonomy":"cu_page_type","embeddable":true,"href":"https:\/\/carleton.ca\/mds\/wp-json\/wp\/v2\/cu_page_type?post=48"}],"curies":[{"name":"wp","href":"https:\/\/api.w.org\/{rel}","templated":true}]}}