{"id":803,"date":"2015-08-07T01:29:57","date_gmt":"2015-08-07T01:29:57","guid":{"rendered":"http:\/\/carleton.ca\/mds\/?page_id=803"},"modified":"2025-10-03T12:30:39","modified_gmt":"2025-10-03T16:30:39","slug":"podcasts","status":"publish","type":"page","link":"https:\/\/carleton.ca\/mds\/research\/podcasts\/","title":{"rendered":"Podcasts"},"content":{"rendered":"\n<section class=\"w-screen px-6 cu-section cu-section--white ml-offset-center md:px-8 lg:px-14\">\n    <div class=\"space-y-6 cu-max-w-child-5xl  md:space-y-10 cu-prose-first-last\">\n\n            <div class=\"cu-textmedia flex flex-col lg:flex-row mx-auto gap-6 md:gap-10 my-6 md:my-12 first:mt-0 max-w-5xl\">\n        <div class=\"justify-start cu-textmedia-content cu-prose-first-last\" style=\"flex: 0 0 100%;\">\n            <header class=\"font-light prose-xl cu-pageheader md:prose-2xl cu-component-updated cu-prose-first-last\">\n                                    <h1 class=\"cu-prose-first-last font-semibold !mt-2 mb-4 md:mb-6 relative after:absolute after:h-px after:bottom-0 after:bg-cu-red after:left-px text-3xl md:text-4xl lg:text-5xl lg:leading-[3.5rem] pb-5 after:w-10 text-cu-black-700 not-prose\">\n                        Podcasts\n                    <\/h1>\n                \n                                \n                            <\/header>\n\n                    <\/div>\n\n            <\/div>\n\n    <\/div>\n<\/section>\n\n\n\n<p><a href=\"https:\/\/www.youtube.com\/watch?v=mArhHHvn8Qk&amp;feature=youtu.be\">Syrian Refugee Crisis in Historical Context<\/a><\/p>\n\n\n\n<figure class=\"wp-block-image alignright\"><img loading=\"lazy\" decoding=\"async\" width=\"172\" height=\"172\" src=\"https:\/\/carleton.ca\/mds\/wp-content\/uploads\/sites\/177\/Rachad_Antonius.png.jpg\" alt=\"\" class=\"wp-image-2033\" srcset=\"https:\/\/carleton.ca\/mds\/wp-content\/uploads\/sites\/177\/Rachad_Antonius.png.jpg 172w, https:\/\/carleton.ca\/mds\/wp-content\/uploads\/sites\/177\/Rachad_Antonius.png-160x160.jpg 160w\" sizes=\"auto, (max-width: 172px) 100vw, 172px\" \/><\/figure>\n\n\n\n<p class=\"x_MsoNormal\"><span lang=\"EN-CA\">This recent lecture by Professor <a href=\"https:\/\/sociologie.uqam.ca\/professeur?c=antonius.rachad\">Rachad Antonius<\/a> of the Universit\u00e9 de Qu\u00e9bec \u00e0 Montr\u00e9al provides an insightful overview of Syria\u2019s history as it relates to present events. The <a href=\"https:\/\/www.jrs.net\/\">Jesuit Refugee Service in Canada <\/a>and St. Monica\u2019s Parish in Montreal organized this lecture to raise awareness among sponsorship groups about the geopolitical forces at work in the Middle-East from the beginning of the 20<sup>th<\/sup> century until today which created the circumstances that led to war and forced many Syrians to flee their homeland since 2011.<\/span><\/p>\n\n\n\n<p class=\"x_MsoNormal\"><span lang=\"EN-CA\">&nbsp;<\/span>Cette conf\u00e9rence r\u00e9cente du Professeur <a href=\"https:\/\/sociologie.uqam.ca\/professeur?c=antonius.rachad\">Rachad Antonius<\/a> de l\u2019Universit\u00e9 de Qu\u00e9bec \u00e0 Montr\u00e9al apporte un survol \u00e9clair\u00e9 de l\u2019histoire de la Syrie en lien avec les \u00e9v\u00e9nements pr\u00e9sents.&nbsp; Le <a href=\"https:\/\/www.jrs.net\/\">Service j\u00e9suite des r\u00e9fugi\u00e9s au Canada<\/a> et la paroisse St. Monica\u2019s \u00e0 Montr\u00e9al ont organis\u00e9 cette conf\u00e9rence pour sensibiliser les groupes parrains aux forces g\u00e9opolitiques dans le Moyen-Orient du d\u00e9but du 20<sup>e<\/sup> si\u00e8cle \u00e0 nos jours cr\u00e9ant les circonstances qui ont conduit \u00e0 la guerre et qui ont forc\u00e9 plusieurs Syriens \u00e0 fuir leur patrie depuis 2011. (La vid\u00e9o est en anglais seulement)<\/p>\n\n\n\n<p>&nbsp;<\/p>\n\n\n\n<h3 id=\"averting-violent-extremism\" class=\"wp-block-heading\"><a href=\"http:\/\/carleton.ca\/islamstudies\/wp-content\/uploads\/Averting-violent-extremism-podcast.mp3\">Averting Violent Extremism<\/a><\/h3>\n\n\n\n<p>The Carleton Centre for the Study of Islam, the Intercultural Dialogue Institute of Ottawa and the Canadian Council of Muslim Women organized an international workshop on <strong>Feb. 4-5, 2016<\/strong> with support from MDS.<\/p>\n\n\n\n<p>The overall goal of the interdisciplinary workshop was to assess the viability of the religious literacy approach in ameliorating the attractiveness of violent extremism for vulnerable youth.<\/p>\n\n\n\n<p>Podcasts&nbsp;and&nbsp;videos&nbsp;from the workshop are available <a href=\"http:\/\/carleton.ca\/islamstudies\/wp-content\/uploads\/Averting-violent-extremism-podcast.mp3\">here<\/a> and&nbsp;<a href=\"https:\/\/www.youtube.com\/playlist?list=PLIDFZspgPie6YSSSp-IpZsEystAyfxLYn\">here<\/a><\/p>\n\n\n\n<p>&nbsp;<\/p>\n\n\n\n<h3 id=\"blacklivesmatter-oscarssowhite-and-the-politics-and-poetics-of-diasporic-communities\" class=\"wp-block-heading\"><a href=\"http:\/\/cod.ckcufm.com\/programs\/447\/26134.html\">#BlackLivesMatter, #OscarsSoWhite, and the politics and poetics of diasporic communities<\/a><\/h3>\n\n\n\n<p><strong>29 February&nbsp;2016.<\/strong> <a href=\"http:\/\/cod.ckcufm.com\/programs\/447\/26134.html\">CKCU interview<\/a> with Daniel McNeil,&nbsp;Associate Professor of History&nbsp;and Carleton University&#8217;s strategic hire in&nbsp;Migration and Diaspora Studies.<\/p>\n\n\n\n<p>&nbsp;<\/p>\n\n\n\n<h3 id=\"remaking-the-middle-east-the-long-arab-19th-century-part-1-part-2\" class=\"wp-block-heading\"><a href=\"http:\/\/carleton.ca\/mds\/wp-content\/uploads\/sites\/177\/15-367-Colloquim-poster-.jpg\" target=\"_blank\" rel=\"noopener noreferrer\">Remaking the Middle East: The Long Arab 19th Century<\/a> (<a href=\"http:\/\/carleton.ca\/mds\/wp-content\/uploads\/sites\/177\/SeifDana-Carleton0.mp3\" target=\"_blank\" rel=\"noopener noreferrer\">Part 1<\/a>) (<a href=\"http:\/\/carleton.ca\/mds\/wp-content\/uploads\/sites\/177\/SeifDana-Carleton1.mp3\" target=\"_blank\" rel=\"noopener noreferrer\">Part 2<\/a>)<\/h3>\n\n\n\n<p>The Current events stirring the Middle East can be discerned most easily as a matter of politics, economic, or culture, but steeped in complexity they are much more. In order to explain the rise of ISIL (Islamic State in Iraq and the Levant), the Syrian refugee question, the Palestinian Uprising, and the failure of the Arab Uprisings, this lecture reconstructs the regional history. It traces the roots of these events to the early 19th century (with emphasis on specific significant historical moments throughout since 1811 e.g, 1948 Palestinian Nakba, the late 1970s expansion of neoliberalism). It argues that the existing accounts of the regional historical accounts do not explain the political present or the unfolding geopolitical regional order. As such, and in order to explain the current geopolitical conditions, identify the root causes of the current events and their possible outcomes, a reconstruction of the regional history is essential.<\/p>\n\n\n\n<p>The lecture on <strong>19 November 2015<\/strong> addressed the following interrelated topics:<br>\nThe Rise of ISIL: Why ISIS?<br>\nThe Syrian Refugee Question.<br>\nThe Palestinian Question and Colonial Zionism.<\/p>\n\n\n\n<p>&nbsp;<\/p>\n\n\n\n<h3 id=\"emma-bider-history-of-black-freedom\" class=\"wp-block-heading\"><a href=\"http:\/\/carleton.ca\/mds\/wp-content\/uploads\/sites\/177\/History-of-Black-Freedom-Podcast-_001.mp3\" target=\"_blank\" rel=\"noopener noreferrer\">Emma Bider: History of Black Freedom<\/a><\/h3>\n\n\n\n<p>Emma Bider is a Journalism and African studies student at Carleton University. Here&#8217;s what she had to say about her intriguing <a href=\"http:\/\/carleton.ca\/mds\/wp-content\/uploads\/sites\/177\/History-of-Black-Freedom-Podcast-_001.mp3\" target=\"_blank\" rel=\"noopener noreferrer\">Podcast<\/a>:<\/p>\n\n\n\n<p>&#8220;This podcast was an attempt to use my journalism training in&nbsp;an academic setting and a challenge to myself to explain complex ideas through a medium that often relies on simplicity to gets a point across. What made the combination successful was my decision to find a more playful way of explaining my thesis&nbsp;while still exploring issues in-depth. In essence, I decided to produce a &#8220;story about a story.&#8221;&nbsp;I presented&nbsp;the national identity of Canada as a historical narrative that excludes the stories of Black people. The audio medium allowed me to take listeners on a journey through space and time in a way that was a little more engaging than your everyday essay.&#8221;<\/p>\n\n\n\n<p>&nbsp;<\/p>\n\n\n\n<h3 id=\"dr-james-milner-at-the-refugee-studies-centre-oxford\" class=\"wp-block-heading\"><a href=\"http:\/\/carleton.ca\/mds\/2015\/dr-james-milner-at-the-refugee-studies-centre-oxford\/\" target=\"_blank\" rel=\"noopener noreferrer\">Dr. James Milner at the Refugee Studies Centre, Oxford<\/a><\/h3>\n\n\n\n<ul class=\"wp-block-list\">\n<li>&nbsp;\u201cPower and Influence in the Global Refugee Regime\u201d \u2013 <strong>5 May 2015<\/strong> (<a href=\"http:\/\/carleton.ca\/mds\/wp-content\/uploads\/sites\/177\/Milner-Understanding-Power-in-the-GRR-RSC-5-May-2015.mp3\" target=\"_blank\" rel=\"noopener noreferrer\">Podcast)<\/a><\/li>\n\n\n\n<li>\u201cUnderstanding Global Refugee Policy\u201d \u2013&nbsp;<strong>29 April 2015<\/strong> (<a href=\"http:\/\/www.rsc.ox.ac.uk\/news\/understanding-global-refugee-policy-the-case-of-naturalisation-in-tanzania-dr-james-milner\" target=\"_blank\" rel=\"noopener noreferrer\">Podcast)<\/a><\/li>\n<\/ul>\n\n\n\n<p>&nbsp;<\/p>\n\n\n\n<h3 id=\"stuart-hall-day-9-april-2015\" class=\"wp-block-heading\"><a href=\"http:\/\/carleton.ca\/mds\/2015\/stuart-hall-day\/\" target=\"_blank\" rel=\"noopener noreferrer\">Stuart Hall Day&nbsp;<\/a>&nbsp;(9 April 2015)<\/h3>\n\n\n\n<p><b>Stuart Hall<\/b> was a Jamaican-born cultural theorist and sociologist and one of the founders of Cultural Studies and the \u201cNew Left Review\u201d in Britain. He left a lasting international legacy on discourses on culture, race, identity and media.<\/p>\n\n\n\n<ul class=\"wp-block-list\">\n<li>Dr. Ali Kazimi (York University) ( Screening Q&amp;A <a href=\"http:\/\/carleton.ca\/mds\/wp-content\/uploads\/sites\/177\/Ali-Kazimi-QA.mp3\" target=\"_blank\" rel=\"noopener noreferrer\">Podcast<\/a>)<\/li>\n\n\n\n<li>Dr. Ali Kazimi (Panel&nbsp; <a href=\"http:\/\/carleton.ca\/mds\/wp-content\/uploads\/sites\/177\/Ali-Kazimi-presentation.mp3\" target=\"_blank\" rel=\"noopener noreferrer\">Podcast<\/a>)<\/li>\n\n\n\n<li>Dr. Sarah Casteel (<a href=\"http:\/\/carleton.ca\/mds\/wp-content\/uploads\/sites\/177\/Sarah-Casteel.mp3\" target=\"_blank\" rel=\"noopener noreferrer\">Podcast<\/a>)<\/li>\n\n\n\n<li>Dr. Daniel McNeil (<a href=\"http:\/\/carleton.ca\/mds\/wp-content\/uploads\/sites\/177\/Daniel-McNeil.mp3\">Podcast<\/a>)<\/li>\n\n\n\n<li>Dr. Aboubakar Sanogo (<a href=\"http:\/\/carleton.ca\/mds\/wp-content\/uploads\/sites\/177\/Aboubakar-Sanogo.mp3\">Podcast<\/a>)<\/li>\n<\/ul>\n\n\n\n<p>&nbsp;<\/p>\n","protected":false},"excerpt":{"rendered":"<p>Syrian Refugee Crisis in Historical Context This recent lecture by Professor Rachad Antonius of the Universit\u00e9 de Qu\u00e9bec \u00e0 Montr\u00e9al provides an insightful overview of Syria\u2019s history as it relates to present events. The Jesuit Refugee Service in Canada and St. Monica\u2019s Parish in Montreal organized this lecture to raise awareness among sponsorship groups about [&hellip;]<\/p>\n","protected":false},"author":2,"featured_media":0,"parent":15,"menu_order":0,"comment_status":"open","ping_status":"closed","template":"","meta":{"_acf_changed":false,"_cu_dining_location_slug":"","footnotes":"","_links_to":"","_links_to_target":""},"cu_page_type":[],"class_list":["post-803","page","type-page","status-publish","hentry"],"acf":{"cu_post_thumbnail":""},"_links":{"self":[{"href":"https:\/\/carleton.ca\/mds\/wp-json\/wp\/v2\/pages\/803","targetHints":{"allow":["GET"]}}],"collection":[{"href":"https:\/\/carleton.ca\/mds\/wp-json\/wp\/v2\/pages"}],"about":[{"href":"https:\/\/carleton.ca\/mds\/wp-json\/wp\/v2\/types\/page"}],"author":[{"embeddable":true,"href":"https:\/\/carleton.ca\/mds\/wp-json\/wp\/v2\/users\/2"}],"replies":[{"embeddable":true,"href":"https:\/\/carleton.ca\/mds\/wp-json\/wp\/v2\/comments?post=803"}],"version-history":[{"count":4,"href":"https:\/\/carleton.ca\/mds\/wp-json\/wp\/v2\/pages\/803\/revisions"}],"predecessor-version":[{"id":6384,"href":"https:\/\/carleton.ca\/mds\/wp-json\/wp\/v2\/pages\/803\/revisions\/6384"}],"up":[{"embeddable":true,"href":"https:\/\/carleton.ca\/mds\/wp-json\/wp\/v2\/pages\/15"}],"wp:attachment":[{"href":"https:\/\/carleton.ca\/mds\/wp-json\/wp\/v2\/media?parent=803"}],"wp:term":[{"taxonomy":"cu_page_type","embeddable":true,"href":"https:\/\/carleton.ca\/mds\/wp-json\/wp\/v2\/cu_page_type?post=803"}],"curies":[{"name":"wp","href":"https:\/\/api.w.org\/{rel}","templated":true}]}}