{"id":119,"date":"2013-03-15T16:47:46","date_gmt":"2013-03-15T20:47:46","guid":{"rendered":"http:\/\/carleton.ca\/memory\/?page_id=119"},"modified":"2013-04-15T10:35:35","modified_gmt":"2013-04-15T14:35:35","slug":"a-conference-bibliography","status":"publish","type":"page","link":"https:\/\/carleton.ca\/memory\/a-conference-bibliography\/","title":{"rendered":"A Conference Bibliography"},"content":{"rendered":"<p><strong>Suggested Resources:\u00a0 A Conference Bibliography<\/strong><\/p>\n<p><strong>Genocide<\/strong><\/p>\n<p>Bloxham, Donald and Dirk Moses. <em>The Oxford Handbook of Genocide Studies<\/em> (New York, Oxford University Press, 2010).<\/p>\n<p>Chalk, Frank and Kurt Jonassohn. <em>The History and Sociology of Genocide: Analyses and Case Studies<\/em> (New Haven and London, Yale University Press, 1990).<\/p>\n<p>Gellately, Robert and Ben Kiernan. <em>The Spector of Genocide: Mass Murder in Historical Perspective<\/em> (Cambridge, Cambridge University Press, 2003).<\/p>\n<p>Jonassohn, Kurt and Karin Solveig Bj\u00f6rnson. <em>Genocide and Gross Human Rights Violations in Comparative Perspective<\/em> (New Brunswick and London, Transaction Publishers, 1998).<\/p>\n<p>Moses, Dirk (ed). <em>Genocide and Settler Society: Frontier Violence and Stolen Indigenous Children in Australian History<\/em> (New York, Berghahn Books, 2004).<\/p>\n<p>Moses, Dirk and Dan Stone (eds). <em>Colonialism and Genocide<\/em> (London, Routledge, 2007).<\/p>\n<p>Weitz, Eric. <em>A Century of Genocide: Utopias of Race and Nation<\/em> (Princeton, Princeton University Press, 2003).<\/p>\n<p><strong>History of the Holocaust<\/strong><\/p>\n<p>Bauer, Yehuda.\u00a0 <em>Rethinking the Holocaust<\/em> (New Haven, Yale University Press, 2001).<\/p>\n<p>Bergen, Doris.<em> War and Genocide: A Concise History of the Holocaust <\/em>(Lanham, Rowman and Littlefield, 2003).<\/p>\n<p>Browning, Christopher. <em>Ordinary Men:<\/em><em> <\/em><em>Reserve Police Battalion 101 and the Final Solution in Poland<\/em><em> <\/em>(New York, Harper Perennial, 1998)<\/p>\n<p>Friedlaender, Saul. <em>Nazi Germany and the Jews, 1939-1945. The Years of Extermination<\/em> (New York, Harper Perennial, 2007).<\/p>\n<p>Grabowski, Jan. <em>Je le connais, c\u2019est un Juif: Varsovie 1939-1943, Le Chantage contre les Juifs<\/em> (\u00e9ditions Calmann-L\u00e9vy, Paris, 2008).<\/p>\n<p>Gross, Jan, <em>Neighbours: The Destruction of the Jewish Community in Jedwabne, Poland<\/em> (Princeton, Princeton University Press, 2002).<\/p>\n<p>Grossmann, Atina. <em>Jews, Germans and Allies: Close Encounters in Occupied Germany<\/em> (Princeton, Princeton University Press, 2007).<\/p>\n<p>Hillberg, Raul. <em>Perpetrators, Victims, Bystanders<\/em> (New York, Harper Collins, 1992).<\/p>\n<p>Lower, Wendy. <em>Nazi Empire-Building and the Holocaust in Ukraine<\/em> (Chapel Hill, University of North Carlonia Press, 2005).<\/p>\n<p>Snyder, Timothy. <em>Bloodlands: Europe between Hitler and Stalin<\/em> (London: Bodley Head, 2010).<\/p>\n<p>Sofsky, Wolfgang. <em>The Order of Terror: The Concentration Camp <\/em>(Princeton, Princeton University Press, 1996).<\/p>\n<p>Stargardt, Nicholas. <em>Witnesses of War: Children\u2019s Lives Under the Nazis <\/em>(London, Pimlico, 2005).<\/p>\n<p><\/p>\n<p><strong>Sociology of the Holocaust<\/strong><\/p>\n<p>Bauman, Zygmunt. <em>Modernity and the Holocaust<\/em> (Cambridge: Polity, 1989).<\/p>\n<p>Gerson, Judith M. and Diane Wolf (eds).\u00a0 <em>Sociology Confronts the Holocaust: Memories and Identities in Jewish Diasporas <\/em>(Durham: Duke University Press, 2007).<\/p>\n<p>Jacobs, Janet.\u00a0 <em>Memorializing the Holocaust: Gender, Genocide and Collective Memory<\/em> (London: I.B. Tauris, 2010).<\/p>\n<p><\/p>\n<p><\/p>\n<p><strong>Memory and the Holocaust\u00a0 <\/strong><\/p>\n<p>Baumel, Judith Tydor and Tova Cohen (eds). <em>Gender, Place and<\/em><em> M<\/em><em>emory<\/em><em> i<\/em><em>n the Modern Jewish Experience: Re-placing Ourselves<\/em> (London, Vallentine Mitchell, 2003).<\/p>\n<p>Cesarani, David and Eric J. Sundquist (eds). <em>After the<\/em><em> <\/em><em>Holocaust: challenging the myth of silence <\/em>(New York, Routledge, 2012).<\/p>\n<p>Desbois, Patrick. <em>Holocaust by Bullets: A Priest\u2019s Journey to Uncover the Truth Behind the Murder of 1.5 Million Jews<\/em> (Palgrave Macmillan, 2009).<\/p>\n<p>Dorland, Michael. <em>Cadaverland: Inventing a Pathology of Catastrophe for Holocaust Survival: The Limits of Medical Knowledge and Memory in France<\/em> (Waltham: Brandeis University Press, 2009).<\/p>\n<p>Horowitz, Sara. <em>Voicing the Void. Muteness and Memory in Holocaust Fiction<\/em> (New York, State University of New York Press, 1997).<\/p>\n<p>Jacobs, Janet Liebman, <em>Memorializing the Holocaust: Gender, Genocide, &amp; Collective Memory<\/em> (London, I.B. Tauris, 2010).<\/p>\n<p>Kaufman, Debra. <em>From the Protocols of Zion to Holocaust Denial Trials: Challenging the Media, the Law and the Academy <\/em>(Vallentine Mitchell: London, England and Portland, Oregon 2007).<\/p>\n<p>Levy, Daniel and Natan Sznaider. <em>The Holocaust and Memory in the Global Age (<\/em>Philadelphia, Temple University Press, 2005).<\/p>\n<p>Meng, Michael. <em>Shattered Spaces: Encountering Jewish Ruins in Postwar Germany and Poland <\/em>(Cambridge, Harvard University Press, 2011).<\/p>\n<p>Rosenfeld, Gavriel David. <em>Building after Auschwitz: Jewish Architecture and the Memory of the Holocaust<\/em> (New Haven, Yale University Press, 2011).<\/p>\n<p>Rabinowitz, Dorothy. <em>New Lives: Survivors of the Holocaust Living in America<\/em> (New York, Knopf, 1976).<em><\/em><\/p>\n<p><\/p>\n<p><\/p>\n<p><strong>Survivor Testimony<\/strong><\/p>\n<p>Brenner, Rachel Feldhay, <em>Writing as Resistance: Four Women Confronting the Holocaust <\/em>(Pennsylvania State University Press, 1997).<\/p>\n<p>Brostoff, Anita and Sheila Chamovitz. <em>Flares of Memory: Stories of Childhood during the Holocaust <\/em>(London: Oxford University Press, 2002).<\/p>\n<p>Frank, Anne. <em>The Diary of a Young Girl <\/em>(New York, Double Day, 1995).<\/p>\n<p>Gray, Martin. <em>For Those I Loved <\/em>(Boston, Little Brown, 1972).<\/p>\n<p>Hillesum, Etty. <em>Etty Hillesum: An Interrupted Life the Diaries, 1941-1943 and Letters from Westerbork <\/em>(New York, Picador, 1996).<\/p>\n<p>Kaplan, Chaim.\u00a0 <em>A Scroll of Agony: The Warsaw Diary of Chaim A. Kaplan <\/em>(Bloomington, Indiana University Press, 1999)<\/p>\n<p>Kluger, Ruth. <em>Still Alive: A Holocaust Childhood Remembered<\/em> (New York : Feminist Press at the City University of New York, 2001).<\/p>\n<p>Levi, Primo. <em>Survival in Auschwitz<\/em> (New York, Collier, 1971).<\/p>\n<p>Spiegelman, Art. <em>Maus: A Survivors Tail <\/em>(New York, Pantheon Books, 1997).<\/p>\n<p>Wiesel, Elie. <em>Night <\/em>(New York: Hill and Wang, 2006).<\/p>\n<p><\/p>\n<p><\/p>\n<p><strong>Fiction<\/strong><\/p>\n<p>Becker, Jurek. <em>Bronstein\u2019s Children<\/em> (Chicago, University of Chicago Press, 1999).<\/p>\n<p>Becker, Jurek. <em>Jacob the Liar<\/em> (New York, Plume, 1997).<\/p>\n<p>Brett, Lily. <em>Too Many Men<\/em> (New York, Harper Collins, 2001).<\/p>\n<p>Fallada, Hans. <em>Every Man Dies Alone<\/em> (Brooklyn, Melville House, 2010).<\/p>\n<p>Foer, Jonathan Safran.\u00a0 <em>Everything Is Illuminated<\/em> (New York, Houghton Mifflin, 2002).<\/p>\n<p>Kraus, Nicole. <em>The History of Love<\/em> (W.W. Norton, 2006).<\/p>\n<p>Levi, Primo. <em>If Not Now, When?<\/em> (New York, Summit Books, 1985).<\/p>\n<p>Nemirovsky, Irene. <em>Suite Francaise<\/em> (New York, Vintage, 2007).<\/p>\n<p>Schlink, Bernhard. <em>The Reader<\/em> (New York, Vintage 1997).<\/p>\n<p>Uris, Leon. <em>Mila 18 <\/em>(Garden City, Doubleday, 1961).<\/p>\n<p><\/p>\n<p><\/p>\n<p><strong>Jewish Identity and History<\/strong><\/p>\n<p>Gilman, Sander and Milton Shain (eds). <em>Jewries at the Frontier: Accommodation, Identity, Conflict <\/em>(Urbana, University of Illinois Press, 1999).<\/p>\n<p>Gilman, Sander. <em>The Jew\u2019s Body<\/em> (New York, Routledge, 1991).<\/p>\n<p>Kaplan, Marion A. <em>Between Dignity and Despair: Jewish Life in Nazi Germany<\/em> (New York: Oxford University Press, 1998).<\/p>\n<p>Kaufman, Debra. <em>Rachel\u2019s Daughters: Newly Orthodox Jewish Women<\/em>, Rutgers University Press, 1991.<\/p>\n<p>Van Rahden, Till. <em>Jews and Other Germans. Civil Society, Religious Diversity, and Urban Politics in Breslau, 1860-1925<\/em> (Madison, University of Wisconsin Press, 2008).<\/p>\n<p>Slezkine, Yuri. <em>The Jewish Century <\/em>(Princeton, Princeton University Press, 2004).<\/p>\n<p>Stanislawski, Michael.\u00a0 <em>Zionism and the Fin de Siecle: Cosmopolitanism and Nationalism from Nordau to Jabotinsky<\/em> (2001).<strong> <\/strong><\/p>\n<p>Stanislawski, Michael. <em>Autobiographical Jews: Essays in Jewish Self-Fashioning<\/em> (Seattle, University of Washington Press, 2004).<\/p>\n<p>Stratton, Jon. <em>Coming out Jewish: constructing ambivalent identities<\/em> (London, Routledge, 2000).<\/p>\n<p>Yerulshalmi, Yosef Hayim. <em>Zakhor: Jewish History and Jewish Memory <\/em>(Seattle, University of Washington Press, 1982).<\/p>\n<p><\/p>\n<p><\/p>\n<p><strong>History of Canada and the Holocaust<\/strong><\/p>\n<p>Abella, Irving and Harold Troper.\u00a0 <em>None is too many: Canada and the Jews of Europe, 1933-1948<\/em> (Toronto, Lester and Orpen Dennys, 1982).<\/p>\n<p>Bialystok, Franklin. <em>Delayed Impact: The Holocaust and the Canadian Jewish Community<\/em> (Montreal, McGill-Queen&#8217;s University Press, 2000).<\/p>\n<p>Davies, Alan and Marilyn F. Nefsky.\u00a0 <em>How Silent were the Churches?: Canadian Protestantism and the Jewish Plight during the Nazi Era<\/em> (Waterloo, Wilfrid Laurier University Press, 1997).<\/p>\n<p>Genizi, Haim. <em>The Holocaust, Israel, and Canadian Protestant<\/em> <em>Churches <\/em>(Montreal: McGill-Queen\u2019s University Press, 2002).<\/p>\n<p>Klein, Ruth L (ed). <em>Nazi Germany, Canadian Responses: Confronting Antisemitism in the Shadow of War <\/em>(Montreal: McGill-Queen\u2019s University Press, 2012).<\/p>\n<p>Mintz, Alan. <em>Popular Culture and the Shaping of Holocaust Memory in America<\/em> (Seattle, University of Washington Press, 2001)<\/p>\n<p>Shandler, Jeffrey. <em>While America Watches: Televising the Holocaust<\/em> (New York, Oxford University Press, 1999).<\/p>\n<p><\/p>\n<p><\/p>\n<p><strong>Jewish Life in Canada<\/strong><\/p>\n<p>Azrieli, David J. <em>Rekindling the Torch: The Story of Canadian Zionism<\/em> (Toronto, Key Porter Books, 2008).<\/p>\n<p><em>Margolis, Rebecca. Jewish Roots, Canadian Soil: Yiddish Culture in Montreal, 1905-45 (<\/em>Kingston-Montreal, McGill-Queen\u2019s University Press, 2011).<\/p>\n<p>Robinson, Ira<em>. <\/em><em>Rabbis and their Community: Studies in the Eastern European Orthodox rabbinate in Montreal, 1896-1930<\/em> (Calgary, University of Calgary Press, 2007).<\/p>\n<p>Stingel, Janine. <em>Social Discredit: Anti-Semitism, Social Credit and the Jewish Response<\/em> (Montreal-Kingston, McGill-Queen&#8217;s University Press, 2000).<\/p>\n<p>Lipinsky, Jack. <em>Imposing Their Will: <\/em><em> An Organizational History of Jewish Toronto, 1933-1948<\/em> Montreal, McGill-Queen\u2019s University Press, 2011).<em><\/em><\/p>\n<p>Medresh, Isra\u00ebl.<em> <\/em><em>Montreal of Yesterday : Jewish life in Montreal, 1900-1920<\/em><em> <\/em>(Montr\u00e9al, V\u00e9hicule Press, 2000).<\/p>\n<p><\/p>\n<p><\/p>\n<p><strong>Canada, Human Rights, Intervention and Peacekeeping<\/strong><\/p>\n<p>Dallaire, Romeo. <em>Shake Hands with the Devil: The Failure of Humanity in Rwanda<\/em> (Cambridge, De Capo Press, 2005).<\/p>\n<p>Hart, Michael.\u00a0 <em>From Pride to Influence: Towards a New Canadian Foreign Policy <\/em>(Vancouver, University of British Columbia Press, 2008).<\/p>\n<p>Hillmer, Norman and J.L. Granatstein.\u00a0 <em>Empire to Umpire: Canada and the World to the 1990s<\/em> (Toronto, Copp Clark Longman, 1994).<\/p>\n<p>Klassen Jerome and Greg Albo (eds). <em>Empire&#8217;s Ally: Canada and the war in Afghanistan<\/em> (Toronto, University of Toronto Press, 2012).<\/p>\n<p>Razack, Sherene. <em>Dark Threats and White Knights: The Somalia Affair, Peacekeeping and the New Imperialism <\/em>(Toronto, University of Toronto Press, 2004).<\/p>\n<p>Tomlin, Brian, Norman Hillmer and Fen Hampson. <em>Canada&#8217;s International Policies: Agendas, Alternatives, and Politics<\/em> (Toronto, Oxford University Press, 2008).<\/p>\n<p><\/p>\n<p><\/p>\n<p><strong>Antisemitism<\/strong><\/p>\n<p>Arendt, Hannah. <em>Eichmann in Jerusalem <\/em>(London, Penguin Books, 2006).<\/p>\n<p>Carr, Steven. <em>Hollywood and Anti-Semitism: A Cultural History up to World War II<\/em> (New York, Cambridge University Press, 2001).<\/p>\n<p>Dinnerstein, Leonard. <em>Antisemitism in America<\/em> (New York, Oxford University Press, 1994).<\/p>\n<p>Harrison, Bernard. <em>The Resurgence of Anti-Semitism: Jews, Israel and Liberal Opinion <\/em>(Lanham, Rowman and Littlefield, 2006).<\/p>\n<p>Koonz, Claudia. <em>The Nazi Conscience<\/em> (Cambridge, Belknap Press, 2003).<\/p>\n<p>Lindemann, Albert and Richard Levy (eds). <em>Antisemitism: A History <\/em>(Oxford University Press, 2010).<\/p>\n<p>Nicosia, Francis. <em>Zionism and Anti-Semitism in Nazi Germany <\/em>(Cambridge, Cambridge University Press, 2008).<\/p>\n<p>Walser Smith, Helmut. <em>The Butcher\u2019s Tale: Murder and Anti-Semitism in a German Town<\/em> (2002).<\/p>\n<p>Wistrich, Robert. <em>A Lethal Obsession: <\/em><em>Anti-Semitism from Antiquity to the Global Jihad<\/em><em> <\/em>(New York, Random House, 2010).<\/p>\n<p><\/p>\n<p><\/p>\n<p class=\"MsoNormalCxSpFirst\" style=\"line-height: 150%;\"><strong>Azrieli Series Of Holocaust Survivor Memoirs.<\/strong><\/p>\n<p class=\"MsoNormalCxSpFirst\" style=\"line-height: 150%;\">Sermer, Zusana. Survival Kit (Toronto, Azrieli Foundation, 2012)<\/p>\n<p class=\"MsoNormalCxSpMiddle\" style=\"line-height: 150%;\">Abrams, Judy and Eva Marx. Tenuous Threads Judy Abrams\/One of the Lucky Ones (Toronto, Azrieli Foundation, 2011)<\/p>\n<p class=\"MsoNormalCxSpMiddle\" style=\"line-height: 150%;\">Bornstein, Max. If Home is Not Here (Toronto, Azrieli Foundation, 2011)<\/p>\n<p class=\"MsoNormalCxSpMiddle\" style=\"line-height: 150%;\">Opatowski, Felix. Gatehouse to Hell (Toronto, Azrieli Foundation, 2011)<\/p>\n<p class=\"MsoNormalCxSpMiddle\" style=\"line-height: 150%;\">Rich, Betty. Little Girl Lost (Toronto, Azrieli Foundation, 2011)<\/p>\n<p class=\"MsoNormalCxSpMiddle\" style=\"line-height: 150%;\">Domanski, Marian. Traqu\u00e9 (Toronto, Azrieli Foundation, 2011)<\/p>\n<p class=\"MsoNormalCxSpMiddle\" style=\"line-height: 150%;\">Mann, Fred.<span style=\"mso-spacerun: yes;\">\u00a0 <\/span>Un terrible revers de fortune (Toronto, Azrieli Foundation, 2011)<\/p>\n<p class=\"MsoNormalCxSpMiddle\" style=\"line-height: 150%;\">Tomasov, Agnes. De g\u00e9n\u00e9ration en g\u00e9n\u00e9ration (Toronto, Azrieli Foundation, 2011)<\/p>\n<p class=\"MsoNormalCxSpMiddle\" style=\"line-height: 150%;\">Voticky, Anka. Frapper \u00e0 toutes les portes (Toronto, Azrieli Foundation, 2011)<\/p>\n<p class=\"MsoNormalCxSpMiddle\" style=\"line-height: 150%;\">Domanski, Marian. Fleeing from the Hunter (Toronto, Azrieli Foundation, 2010)<\/p>\n<p class=\"MsoNormalCxSpMiddle\" style=\"line-height: 150%;\">Sterner, Willie. The Shadows Behind Me (Toronto, Azrieli Foundation, 2010)<\/p>\n<p class=\"MsoNormalCxSpMiddle\" style=\"line-height: 150%;\">Tomasov, Agnes.<span style=\"mso-spacerun: yes;\">\u00a0 <\/span>From Generation to Generation (Toronto, Azrieli Foundation, 2010)<\/p>\n<p class=\"MsoNormalCxSpMiddle\" style=\"line-height: 150%;\">Voticky, Anka. Knocking on Every Door (Toronto, Azrieli Foundation, 2010)<\/p>\n<p class=\"MsoNormalCxSpMiddle\" style=\"line-height: 150%;\">Szedlecki, Ann. L&#8217;Album de ma vie (Toronto, Azrieli Foundation, 2010)<\/p>\n<p class=\"MsoNormalCxSpMiddle\" style=\"line-height: 150%;\">Levin, Alex. \u00c9toile jaune, \u00e9toile rouge (Toronto, Azrieli Foundation, 2010)<\/p>\n<p class=\"MsoNormalCxSpMiddle\" style=\"line-height: 150%;\">Krakauer, Renate and William Tannenzapf. M\u00e9moires de l&#8217;ab\u00eeme\/Le Bonheur de l&#8217;innocence (Toronto, Azrieli Foundation, 2010)<\/p>\n<p class=\"MsoNormalCxSpMiddle\" style=\"line-height: 150%;\">Levin, Alex. Under the Yellow &amp; Red Stars (Toronto, Azrieli Foundation, 2009)<\/p>\n<p class=\"MsoNormalCxSpMiddle\" style=\"line-height: 150%;\">Mann, Fred. A Drastic Turn of Destiny (Toronto, Azrieli Foundation, 2009)<\/p>\n<p class=\"MsoNormalCxSpMiddle\" style=\"line-height: 150%;\">Rips, Paul-Henri. E\/96: Fate Undecided (Toronto, Azrieli Foundation, 2009)<\/p>\n<p class=\"MsoNormalCxSpMiddle\" style=\"line-height: 150%;\">Szedlecki, Ann. Album of my Life (Toronto, Azrieli Foundation, 2009)<\/p>\n<p class=\"MsoNormalCxSpMiddle\" style=\"line-height: 150%;\">Krakauer, Renate and William Tannenzapf. Memories from the Abyss\/But I had a Happy Childhood (Toronto, Azrieli Foundation, 2009)<\/p>\n<p class=\"MsoNormalCxSpMiddle\" style=\"line-height: 150%;\">Dick, Tommy. Objectif : survivre<\/p>\n<p class=\"MsoNormalCxSpMiddle\" style=\"line-height: 150%;\">Freund, John. La Fin du printemps (Toronto, Azrieli Foundation, 2009)<\/p>\n<p class=\"MsoNormalCxSpMiddle\" style=\"line-height: 150%;\">Rips, Paul-Henri. Matricule E\/96 (Toronto, Azrieli Foundation, 2009)<\/p>\n<p class=\"MsoNormalCxSpMiddle\" style=\"line-height: 150%;\">Dick, Tommy. Getting Out Alive (Toronto, Azrieli Foundation, 2009)<\/p>\n<p class=\"MsoNormalCxSpMiddle\" style=\"line-height: 150%;\">Freund, John. Spring&#8217;s End (Toronto, Azrieli Foundation, 2009)<span style=\"mso-spacerun: yes;\">\u00a0 <\/span><\/p>\n<p class=\"MsoNormalCxSpMiddle\" style=\"line-height: 150%;\">Reinhartz, Henia. Bits and Pieces (Toronto, Azrieli Foundation, 2009)<span style=\"mso-spacerun: yes;\">\u00a0 <\/span><\/p>\n<p class=\"MsoNormalCxSpMiddle\" style=\"line-height: 150%;\">Shtibel, Adam and Rachel Shtibel The Violin by \/A Child&#8217;s Testimony (Toronto, Azrieli Foundation, 2009)<span style=\"mso-spacerun: yes;\">\u00a0 <\/span><\/p>\n<p class=\"MsoNormalCxSpMiddle\" style=\"line-height: 150%;\">Quddus, Marguerite Elias. Cach\u00e9e (Toronto, Azrieli Foundation, 2009)<span style=\"mso-spacerun: yes;\">\u00a0 <\/span><\/p>\n<p class=\"MsoNormalCxSpMiddle\" style=\"line-height: 150%;\">Reinhartz, Henia. Fragments de ma vie<\/p>\n<p class=\"MsoNormalCxSpMiddle\" style=\"line-height: 150%;\">Shtibel, Adam and Rachel Shtibel. Le Violon by \/T\u00e9moignage d&#8217;un enfant (Toronto, Azrieli Foundation, 2009)<\/p>\n<p><\/p>\n<div>\n<hr align=\"left\" size=\"1\" width=\"33%\" \/>\n<div>\n<div>\n<p>Thanks to Jane Freeland for compiling this selected bibliography<\/p>\n<\/div>\n<\/div>\n<\/div>\n","protected":false},"excerpt":{"rendered":"<p>Suggested Resources:\u00a0 A Conference Bibliography Genocide Bloxham, Donald and Dirk Moses. The Oxford Handbook of Genocide Studies (New York, Oxford University Press, 2010). Chalk, Frank and Kurt Jonassohn. The History and Sociology of Genocide: Analyses and Case Studies (New Haven and London, Yale University Press, 1990). Gellately, Robert and Ben Kiernan. The Spector of Genocide: [&hellip;]<\/p>\n","protected":false},"author":10,"featured_media":0,"parent":0,"menu_order":40,"comment_status":"open","ping_status":"open","template":"","meta":{"_relevanssi_hide_post":"","_relevanssi_hide_content":"","_relevanssi_pin_for_all":"","_relevanssi_pin_keywords":"","_relevanssi_unpin_keywords":"","_relevanssi_related_keywords":"","_relevanssi_related_include_ids":"","_relevanssi_related_exclude_ids":"","_relevanssi_related_no_append":"","_relevanssi_related_not_related":"","_relevanssi_related_posts":"","_relevanssi_noindex_reason":"","_mi_skip_tracking":false,"_exactmetrics_sitenote_active":false,"_exactmetrics_sitenote_note":"","_exactmetrics_sitenote_category":0,"footnotes":"","_links_to":"","_links_to_target":""},"yoast_head":"<!-- This site is optimized with the Yoast SEO plugin v21.2 - https:\/\/yoast.com\/wordpress\/plugins\/seo\/ -->\n<title>A Conference Bibliography - Responsibility and Memory After the Holocaust<\/title>\n<meta name=\"description\" content=\"Suggested Resources:\u00a0 A Conference Bibliography Genocide Bloxham, Donald and Dirk Moses. The Oxford Handbook of Genocide Studies (New York, Oxford\" \/>\n<meta name=\"robots\" content=\"index, follow, max-snippet:-1, max-image-preview:large, max-video-preview:-1\" \/>\n<link rel=\"canonical\" href=\"https:\/\/carleton.ca\/memory\/a-conference-bibliography\/\" \/>\n<meta name=\"twitter:label1\" content=\"Est. reading time\" \/>\n\t<meta name=\"twitter:data1\" content=\"9 minutes\" \/>\n<script type=\"application\/ld+json\" class=\"yoast-schema-graph\">{\"@context\":\"https:\/\/schema.org\",\"@graph\":[{\"@type\":\"WebPage\",\"@id\":\"https:\/\/carleton.ca\/memory\/a-conference-bibliography\/\",\"url\":\"https:\/\/carleton.ca\/memory\/a-conference-bibliography\/\",\"name\":\"A Conference Bibliography - Responsibility and Memory After the Holocaust\",\"isPartOf\":{\"@id\":\"https:\/\/carleton.ca\/memory\/#website\"},\"datePublished\":\"2013-03-15T20:47:46+00:00\",\"dateModified\":\"2013-04-15T14:35:35+00:00\",\"description\":\"Suggested Resources:\u00a0 A Conference Bibliography Genocide Bloxham, Donald and Dirk Moses. The Oxford Handbook of Genocide Studies (New York, Oxford\",\"breadcrumb\":{\"@id\":\"https:\/\/carleton.ca\/memory\/a-conference-bibliography\/#breadcrumb\"},\"inLanguage\":\"en-US\",\"potentialAction\":[{\"@type\":\"ReadAction\",\"target\":[\"https:\/\/carleton.ca\/memory\/a-conference-bibliography\/\"]}]},{\"@type\":\"BreadcrumbList\",\"@id\":\"https:\/\/carleton.ca\/memory\/a-conference-bibliography\/#breadcrumb\",\"itemListElement\":[{\"@type\":\"ListItem\",\"position\":1,\"name\":\"Home\",\"item\":\"https:\/\/carleton.ca\/memory\/\"},{\"@type\":\"ListItem\",\"position\":2,\"name\":\"A Conference Bibliography\"}]},{\"@type\":\"WebSite\",\"@id\":\"https:\/\/carleton.ca\/memory\/#website\",\"url\":\"https:\/\/carleton.ca\/memory\/\",\"name\":\"Responsibility and Memory After the Holocaust\",\"description\":\"Carleton University\",\"potentialAction\":[{\"@type\":\"SearchAction\",\"target\":{\"@type\":\"EntryPoint\",\"urlTemplate\":\"https:\/\/carleton.ca\/memory\/?s={search_term_string}\"},\"query-input\":\"required name=search_term_string\"}],\"inLanguage\":\"en-US\"}]}<\/script>\n<!-- \/ Yoast SEO plugin. -->","yoast_head_json":{"title":"A Conference Bibliography - Responsibility and Memory After the Holocaust","description":"Suggested Resources:\u00a0 A Conference Bibliography Genocide Bloxham, Donald and Dirk Moses. The Oxford Handbook of Genocide Studies (New York, Oxford","robots":{"index":"index","follow":"follow","max-snippet":"max-snippet:-1","max-image-preview":"max-image-preview:large","max-video-preview":"max-video-preview:-1"},"canonical":"https:\/\/carleton.ca\/memory\/a-conference-bibliography\/","twitter_misc":{"Est. reading time":"9 minutes"},"schema":{"@context":"https:\/\/schema.org","@graph":[{"@type":"WebPage","@id":"https:\/\/carleton.ca\/memory\/a-conference-bibliography\/","url":"https:\/\/carleton.ca\/memory\/a-conference-bibliography\/","name":"A Conference Bibliography - Responsibility and Memory After the Holocaust","isPartOf":{"@id":"https:\/\/carleton.ca\/memory\/#website"},"datePublished":"2013-03-15T20:47:46+00:00","dateModified":"2013-04-15T14:35:35+00:00","description":"Suggested Resources:\u00a0 A Conference Bibliography Genocide Bloxham, Donald and Dirk Moses. The Oxford Handbook of Genocide Studies (New York, Oxford","breadcrumb":{"@id":"https:\/\/carleton.ca\/memory\/a-conference-bibliography\/#breadcrumb"},"inLanguage":"en-US","potentialAction":[{"@type":"ReadAction","target":["https:\/\/carleton.ca\/memory\/a-conference-bibliography\/"]}]},{"@type":"BreadcrumbList","@id":"https:\/\/carleton.ca\/memory\/a-conference-bibliography\/#breadcrumb","itemListElement":[{"@type":"ListItem","position":1,"name":"Home","item":"https:\/\/carleton.ca\/memory\/"},{"@type":"ListItem","position":2,"name":"A Conference Bibliography"}]},{"@type":"WebSite","@id":"https:\/\/carleton.ca\/memory\/#website","url":"https:\/\/carleton.ca\/memory\/","name":"Responsibility and Memory After the Holocaust","description":"Carleton University","potentialAction":[{"@type":"SearchAction","target":{"@type":"EntryPoint","urlTemplate":"https:\/\/carleton.ca\/memory\/?s={search_term_string}"},"query-input":"required name=search_term_string"}],"inLanguage":"en-US"}]}},"acf":{"banner_image_type":null,"banner_uploaded_image":null,"banner_hosted_image":null,"banner_opacity":null,"banner_button":null,"banner_buttons":null},"_links":{"self":[{"href":"https:\/\/carleton.ca\/memory\/wp-json\/wp\/v2\/pages\/119"}],"collection":[{"href":"https:\/\/carleton.ca\/memory\/wp-json\/wp\/v2\/pages"}],"about":[{"href":"https:\/\/carleton.ca\/memory\/wp-json\/wp\/v2\/types\/page"}],"author":[{"embeddable":true,"href":"https:\/\/carleton.ca\/memory\/wp-json\/wp\/v2\/users\/10"}],"replies":[{"embeddable":true,"href":"https:\/\/carleton.ca\/memory\/wp-json\/wp\/v2\/comments?post=119"}],"version-history":[{"count":3,"href":"https:\/\/carleton.ca\/memory\/wp-json\/wp\/v2\/pages\/119\/revisions"}],"predecessor-version":[{"id":170,"href":"https:\/\/carleton.ca\/memory\/wp-json\/wp\/v2\/pages\/119\/revisions\/170"}],"wp:attachment":[{"href":"https:\/\/carleton.ca\/memory\/wp-json\/wp\/v2\/media?parent=119"}],"curies":[{"name":"wp","href":"https:\/\/api.w.org\/{rel}","templated":true}]}}