{"id":830,"date":"2020-03-16T16:59:19","date_gmt":"2020-03-16T20:59:19","guid":{"rendered":"https:\/\/carleton.ca\/mnato\/?page_id=830"},"modified":"2020-03-16T16:59:19","modified_gmt":"2020-03-16T20:59:19","slug":"2020-award-winners","status":"publish","type":"page","link":"https:\/\/carleton.ca\/mnato\/2020-award-winners\/","title":{"rendered":"2020 Award Winners"},"content":{"rendered":"<h3 dir=\"ltr\" style=\"text-align: center;\"><strong>Congratulations to everyone that took home awards at Carleton Model NATO 2020!<\/strong><\/h3>\n<h4 dir=\"ltr\" style=\"text-align: center;\"><img decoding=\"async\" loading=\"lazy\" class=\"alignnone wp-image-832 size-large\" src=\"https:\/\/carleton.ca\/mnato\/wp-content\/uploads\/Best-Delegation-1-400x267.jpg\" alt=\"\" width=\"400\" height=\"267\" srcset=\"https:\/\/carleton.ca\/mnato\/wp-content\/uploads\/Best-Delegation-1-400x267.jpg 400w, https:\/\/carleton.ca\/mnato\/wp-content\/uploads\/Best-Delegation-1-160x107.jpg 160w, https:\/\/carleton.ca\/mnato\/wp-content\/uploads\/Best-Delegation-1-240x160.jpg 240w, https:\/\/carleton.ca\/mnato\/wp-content\/uploads\/Best-Delegation-1-768x512.jpg 768w, https:\/\/carleton.ca\/mnato\/wp-content\/uploads\/Best-Delegation-1-360x240.jpg 360w, https:\/\/carleton.ca\/mnato\/wp-content\/uploads\/Best-Delegation-1.jpg 2048w\" sizes=\"(max-width: 400px) 100vw, 400px\" \/><\/h4>\n<p dir=\"ltr\" style=\"text-align: center;\"><em><strong>Dr. Lee Windsor Award for Best Delegation:<\/strong><\/em> University of Calgary<\/p>\n<p><\/p>\n<h4 dir=\"ltr\"><\/h4>\n<h3 dir=\"ltr\" style=\"text-align: center;\">North Atlantic Council<\/h3>\n<p dir=\"ltr\" style=\"text-align: center;\"><div class=\"columns\"><div class=\"columns__two\"><p dir=\"ltr\" style=\"text-align: center;\"><img decoding=\"async\" loading=\"lazy\" class=\"aligncenter wp-image-849 size-large\" src=\"https:\/\/carleton.ca\/mnato\/wp-content\/uploads\/NAC-Best-400x267.jpg\" alt=\"\" width=\"400\" height=\"267\" srcset=\"https:\/\/carleton.ca\/mnato\/wp-content\/uploads\/NAC-Best-400x267.jpg 400w, https:\/\/carleton.ca\/mnato\/wp-content\/uploads\/NAC-Best-160x107.jpg 160w, https:\/\/carleton.ca\/mnato\/wp-content\/uploads\/NAC-Best-240x160.jpg 240w, https:\/\/carleton.ca\/mnato\/wp-content\/uploads\/NAC-Best-768x512.jpg 768w, https:\/\/carleton.ca\/mnato\/wp-content\/uploads\/NAC-Best-360x240.jpg 360w, https:\/\/carleton.ca\/mnato\/wp-content\/uploads\/NAC-Best.jpg 2048w\" sizes=\"(max-width: 400px) 100vw, 400px\" \/><\/p>\n<p dir=\"ltr\" style=\"text-align: center;\"><strong>Best Delegate:<\/strong> Mattias Thuns-Rondeau, Romania (Carleton University)<\/p>\n<p dir=\"ltr\" style=\"text-align: center;\"><img decoding=\"async\" loading=\"lazy\" class=\"wp-image-850 size-large aligncenter\" src=\"https:\/\/carleton.ca\/mnato\/wp-content\/uploads\/NAC-Distinguished-400x267.jpg\" alt=\"\" width=\"400\" height=\"267\" srcset=\"https:\/\/carleton.ca\/mnato\/wp-content\/uploads\/NAC-Distinguished-400x267.jpg 400w, https:\/\/carleton.ca\/mnato\/wp-content\/uploads\/NAC-Distinguished-160x107.jpg 160w, https:\/\/carleton.ca\/mnato\/wp-content\/uploads\/NAC-Distinguished-240x160.jpg 240w, https:\/\/carleton.ca\/mnato\/wp-content\/uploads\/NAC-Distinguished-768x512.jpg 768w, https:\/\/carleton.ca\/mnato\/wp-content\/uploads\/NAC-Distinguished-360x240.jpg 360w, https:\/\/carleton.ca\/mnato\/wp-content\/uploads\/NAC-Distinguished.jpg 2048w\" sizes=\"(max-width: 400px) 100vw, 400px\" \/><\/p>\n<p dir=\"ltr\" style=\"text-align: center;\"><strong>Distinguished Delegate:<\/strong> Bayley Young, United Kingdom (Royal Military College)<\/p>\n<p dir=\"ltr\" style=\"text-align: center;\"><\/div><div class=\"columns__two\"><p dir=\"ltr\" style=\"text-align: center;\"><img decoding=\"async\" loading=\"lazy\" class=\"aligncenter wp-image-851 size-large\" src=\"https:\/\/carleton.ca\/mnato\/wp-content\/uploads\/NAC-Honorable-400x267.jpg\" alt=\"\" width=\"400\" height=\"267\" srcset=\"https:\/\/carleton.ca\/mnato\/wp-content\/uploads\/NAC-Honorable-400x267.jpg 400w, https:\/\/carleton.ca\/mnato\/wp-content\/uploads\/NAC-Honorable-160x107.jpg 160w, https:\/\/carleton.ca\/mnato\/wp-content\/uploads\/NAC-Honorable-240x160.jpg 240w, https:\/\/carleton.ca\/mnato\/wp-content\/uploads\/NAC-Honorable-768x512.jpg 768w, https:\/\/carleton.ca\/mnato\/wp-content\/uploads\/NAC-Honorable-360x240.jpg 360w, https:\/\/carleton.ca\/mnato\/wp-content\/uploads\/NAC-Honorable.jpg 2048w\" sizes=\"(max-width: 400px) 100vw, 400px\" \/><\/p>\n<p style=\"text-align: center;\"><strong>Honorable Mention:<\/strong> Joweria Ekram, Czech Republic (University of Calgary)<\/p>\n<p style=\"text-align: center;\"><img decoding=\"async\" loading=\"lazy\" class=\"alignnone wp-image-852 size-large\" src=\"https:\/\/carleton.ca\/mnato\/wp-content\/uploads\/NAC-Paper-400x267.jpg\" alt=\"\" width=\"400\" height=\"267\" srcset=\"https:\/\/carleton.ca\/mnato\/wp-content\/uploads\/NAC-Paper-400x267.jpg 400w, https:\/\/carleton.ca\/mnato\/wp-content\/uploads\/NAC-Paper-160x107.jpg 160w, https:\/\/carleton.ca\/mnato\/wp-content\/uploads\/NAC-Paper-240x160.jpg 240w, https:\/\/carleton.ca\/mnato\/wp-content\/uploads\/NAC-Paper-768x512.jpg 768w, https:\/\/carleton.ca\/mnato\/wp-content\/uploads\/NAC-Paper-360x240.jpg 360w, https:\/\/carleton.ca\/mnato\/wp-content\/uploads\/NAC-Paper.jpg 2048w\" sizes=\"(max-width: 400px) 100vw, 400px\" \/><\/p>\n<p dir=\"ltr\" style=\"text-align: center;\"><strong>Best Position Paper:<\/strong> Anagh Katyayan, Turkey (University of Calgary)<\/p>\n<p style=\"text-align: center;\"><\/div><\/div><\/p>\n<h3 dir=\"ltr\" style=\"text-align: center;\">Military Committee<\/h3>\n<p dir=\"ltr\" style=\"text-align: center;\"><div class=\"columns\"><div class=\"columns__two\"><p dir=\"ltr\" style=\"text-align: center;\"><img decoding=\"async\" loading=\"lazy\" class=\"alignnone wp-image-844 size-large\" src=\"https:\/\/carleton.ca\/mnato\/wp-content\/uploads\/MC-Best-400x267.jpg\" alt=\"\" width=\"400\" height=\"267\" srcset=\"https:\/\/carleton.ca\/mnato\/wp-content\/uploads\/MC-Best-400x267.jpg 400w, https:\/\/carleton.ca\/mnato\/wp-content\/uploads\/MC-Best-160x107.jpg 160w, https:\/\/carleton.ca\/mnato\/wp-content\/uploads\/MC-Best-240x160.jpg 240w, https:\/\/carleton.ca\/mnato\/wp-content\/uploads\/MC-Best-768x512.jpg 768w, https:\/\/carleton.ca\/mnato\/wp-content\/uploads\/MC-Best-360x240.jpg 360w, https:\/\/carleton.ca\/mnato\/wp-content\/uploads\/MC-Best.jpg 2048w\" sizes=\"(max-width: 400px) 100vw, 400px\" \/><\/p>\n<p dir=\"ltr\" style=\"text-align: center;\"><strong>Best Delegate:<\/strong> Justin Gotta, Czech Republic (University of Calgary)<\/p>\n<p dir=\"ltr\" style=\"text-align: center;\"><img decoding=\"async\" loading=\"lazy\" class=\"alignnone wp-image-845 size-large\" src=\"https:\/\/carleton.ca\/mnato\/wp-content\/uploads\/MC-Distinguished-400x267.jpg\" alt=\"\" width=\"400\" height=\"267\" srcset=\"https:\/\/carleton.ca\/mnato\/wp-content\/uploads\/MC-Distinguished-400x267.jpg 400w, https:\/\/carleton.ca\/mnato\/wp-content\/uploads\/MC-Distinguished-160x107.jpg 160w, https:\/\/carleton.ca\/mnato\/wp-content\/uploads\/MC-Distinguished-240x160.jpg 240w, https:\/\/carleton.ca\/mnato\/wp-content\/uploads\/MC-Distinguished-768x512.jpg 768w, https:\/\/carleton.ca\/mnato\/wp-content\/uploads\/MC-Distinguished-360x240.jpg 360w, https:\/\/carleton.ca\/mnato\/wp-content\/uploads\/MC-Distinguished.jpg 2048w\" sizes=\"(max-width: 400px) 100vw, 400px\" \/><\/p>\n<p dir=\"ltr\" style=\"text-align: center;\"><strong>Distinguished Delegate:<\/strong> Sakariye Mohamed, Turkey (University of Calgary)<\/p>\n<p style=\"text-align: center;\"><\/div><div class=\"columns__two\"><p dir=\"ltr\" style=\"text-align: center;\"><img decoding=\"async\" loading=\"lazy\" class=\"alignnone wp-image-846 size-large\" src=\"https:\/\/carleton.ca\/mnato\/wp-content\/uploads\/MC-Honorable-400x267.jpg\" alt=\"\" width=\"400\" height=\"267\" srcset=\"https:\/\/carleton.ca\/mnato\/wp-content\/uploads\/MC-Honorable-400x267.jpg 400w, https:\/\/carleton.ca\/mnato\/wp-content\/uploads\/MC-Honorable-160x107.jpg 160w, https:\/\/carleton.ca\/mnato\/wp-content\/uploads\/MC-Honorable-240x160.jpg 240w, https:\/\/carleton.ca\/mnato\/wp-content\/uploads\/MC-Honorable-768x512.jpg 768w, https:\/\/carleton.ca\/mnato\/wp-content\/uploads\/MC-Honorable-360x240.jpg 360w, https:\/\/carleton.ca\/mnato\/wp-content\/uploads\/MC-Honorable.jpg 2048w\" sizes=\"(max-width: 400px) 100vw, 400px\" \/><\/p>\n<p dir=\"ltr\" style=\"text-align: center;\"><strong>Honorable Mention:<\/strong> Cameron Stanzel, Slovakia (Royal Military College)<\/p>\n<p dir=\"ltr\" style=\"text-align: center;\"><img decoding=\"async\" loading=\"lazy\" class=\"alignnone wp-image-847 size-large\" src=\"https:\/\/carleton.ca\/mnato\/wp-content\/uploads\/MC-Paper-400x267.jpg\" alt=\"\" width=\"400\" height=\"267\" srcset=\"https:\/\/carleton.ca\/mnato\/wp-content\/uploads\/MC-Paper-400x267.jpg 400w, https:\/\/carleton.ca\/mnato\/wp-content\/uploads\/MC-Paper-160x107.jpg 160w, https:\/\/carleton.ca\/mnato\/wp-content\/uploads\/MC-Paper-240x160.jpg 240w, https:\/\/carleton.ca\/mnato\/wp-content\/uploads\/MC-Paper-768x512.jpg 768w, https:\/\/carleton.ca\/mnato\/wp-content\/uploads\/MC-Paper-360x240.jpg 360w, https:\/\/carleton.ca\/mnato\/wp-content\/uploads\/MC-Paper.jpg 2048w\" sizes=\"(max-width: 400px) 100vw, 400px\" \/><\/p>\n<p dir=\"ltr\" style=\"text-align: center;\"><strong>Best Position Paper:<\/strong> Destiny Morrow, Latvia (Western University)<\/p>\n<p dir=\"ltr\" style=\"text-align: center;\"><\/div><\/div><\/p>\n<h3 dir=\"ltr\" style=\"text-align: center;\">Civilian Intelligence Committee<\/h3>\n<p style=\"text-align: center;\"><div class=\"columns\"><div class=\"columns__two\"><p style=\"text-align: center;\"><img decoding=\"async\" loading=\"lazy\" class=\"alignnone wp-image-834 size-large\" src=\"https:\/\/carleton.ca\/mnato\/wp-content\/uploads\/CIC-Best-400x267.jpg\" alt=\"\" width=\"400\" height=\"267\" srcset=\"https:\/\/carleton.ca\/mnato\/wp-content\/uploads\/CIC-Best-400x267.jpg 400w, https:\/\/carleton.ca\/mnato\/wp-content\/uploads\/CIC-Best-160x107.jpg 160w, https:\/\/carleton.ca\/mnato\/wp-content\/uploads\/CIC-Best-240x160.jpg 240w, https:\/\/carleton.ca\/mnato\/wp-content\/uploads\/CIC-Best-768x512.jpg 768w, https:\/\/carleton.ca\/mnato\/wp-content\/uploads\/CIC-Best-360x240.jpg 360w, https:\/\/carleton.ca\/mnato\/wp-content\/uploads\/CIC-Best.jpg 2048w\" sizes=\"(max-width: 400px) 100vw, 400px\" \/><\/p>\n<p style=\"text-align: center;\"><strong>Best Delegate:<\/strong> Isabella Camacho, Montenegro (University of Calgary)<\/p>\n<p style=\"text-align: center;\"><img decoding=\"async\" loading=\"lazy\" class=\"alignnone wp-image-835 size-large\" src=\"https:\/\/carleton.ca\/mnato\/wp-content\/uploads\/CIC-Distinguished-400x267.jpg\" alt=\"\" width=\"400\" height=\"267\" srcset=\"https:\/\/carleton.ca\/mnato\/wp-content\/uploads\/CIC-Distinguished-400x267.jpg 400w, https:\/\/carleton.ca\/mnato\/wp-content\/uploads\/CIC-Distinguished-160x107.jpg 160w, https:\/\/carleton.ca\/mnato\/wp-content\/uploads\/CIC-Distinguished-240x160.jpg 240w, https:\/\/carleton.ca\/mnato\/wp-content\/uploads\/CIC-Distinguished-768x512.jpg 768w, https:\/\/carleton.ca\/mnato\/wp-content\/uploads\/CIC-Distinguished-360x240.jpg 360w, https:\/\/carleton.ca\/mnato\/wp-content\/uploads\/CIC-Distinguished.jpg 2048w\" sizes=\"(max-width: 400px) 100vw, 400px\" \/><\/p>\n<p dir=\"ltr\" style=\"text-align: center;\"><strong>Distinguished Delegate:<\/strong> Ryan Yuen, Poland (University of Calgary)<\/p>\n<p style=\"text-align: center;\"><\/div><div class=\"columns__two\"><p style=\"text-align: center;\"><img decoding=\"async\" loading=\"lazy\" class=\"alignnone wp-image-836 size-large\" src=\"https:\/\/carleton.ca\/mnato\/wp-content\/uploads\/CIC-Honorable-400x267.jpg\" alt=\"\" width=\"400\" height=\"267\" srcset=\"https:\/\/carleton.ca\/mnato\/wp-content\/uploads\/CIC-Honorable-400x267.jpg 400w, https:\/\/carleton.ca\/mnato\/wp-content\/uploads\/CIC-Honorable-160x107.jpg 160w, https:\/\/carleton.ca\/mnato\/wp-content\/uploads\/CIC-Honorable-240x160.jpg 240w, https:\/\/carleton.ca\/mnato\/wp-content\/uploads\/CIC-Honorable-768x512.jpg 768w, https:\/\/carleton.ca\/mnato\/wp-content\/uploads\/CIC-Honorable-360x240.jpg 360w, https:\/\/carleton.ca\/mnato\/wp-content\/uploads\/CIC-Honorable.jpg 2048w\" sizes=\"(max-width: 400px) 100vw, 400px\" \/><\/p>\n<p dir=\"ltr\" style=\"text-align: center;\"><strong>Honorable Mention:<\/strong> Alexa Sipeki, Czech Republic (University of Calgary)<\/p>\n<p dir=\"ltr\" style=\"text-align: center;\"><img decoding=\"async\" loading=\"lazy\" class=\"alignnone wp-image-837 size-large\" src=\"https:\/\/carleton.ca\/mnato\/wp-content\/uploads\/CIC-Paper-400x267.jpg\" alt=\"\" width=\"400\" height=\"267\" srcset=\"https:\/\/carleton.ca\/mnato\/wp-content\/uploads\/CIC-Paper-400x267.jpg 400w, https:\/\/carleton.ca\/mnato\/wp-content\/uploads\/CIC-Paper-160x107.jpg 160w, https:\/\/carleton.ca\/mnato\/wp-content\/uploads\/CIC-Paper-240x160.jpg 240w, https:\/\/carleton.ca\/mnato\/wp-content\/uploads\/CIC-Paper-768x512.jpg 768w, https:\/\/carleton.ca\/mnato\/wp-content\/uploads\/CIC-Paper-360x240.jpg 360w, https:\/\/carleton.ca\/mnato\/wp-content\/uploads\/CIC-Paper.jpg 2048w\" sizes=\"(max-width: 400px) 100vw, 400px\" \/><\/p>\n<p dir=\"ltr\" style=\"text-align: center;\"><strong>Best Position Paper:<\/strong> Liem Nguyen, Norway (Western University)<\/p>\n<p style=\"text-align: center;\"><\/div><\/div><\/p>\n<h3 dir=\"ltr\" style=\"text-align: center;\">Euro-Atlantic Partnership Council<\/h3>\n<p style=\"text-align: center;\"><div class=\"columns\"><div class=\"columns__two\"><p style=\"text-align: center;\"><img decoding=\"async\" loading=\"lazy\" class=\"alignnone wp-image-839 size-large\" src=\"https:\/\/carleton.ca\/mnato\/wp-content\/uploads\/EAPC-Best-400x267.jpg\" alt=\"\" width=\"400\" height=\"267\" srcset=\"https:\/\/carleton.ca\/mnato\/wp-content\/uploads\/EAPC-Best-400x267.jpg 400w, https:\/\/carleton.ca\/mnato\/wp-content\/uploads\/EAPC-Best-160x107.jpg 160w, https:\/\/carleton.ca\/mnato\/wp-content\/uploads\/EAPC-Best-240x160.jpg 240w, https:\/\/carleton.ca\/mnato\/wp-content\/uploads\/EAPC-Best-768x512.jpg 768w, https:\/\/carleton.ca\/mnato\/wp-content\/uploads\/EAPC-Best-360x240.jpg 360w, https:\/\/carleton.ca\/mnato\/wp-content\/uploads\/EAPC-Best.jpg 2048w\" sizes=\"(max-width: 400px) 100vw, 400px\" \/><\/p>\n<p style=\"text-align: center;\"><strong>Best Delegate:<\/strong> Stephanie Sargeant, Turkey (University of Calgary)<\/p>\n<p dir=\"ltr\" style=\"text-align: center;\"><img decoding=\"async\" loading=\"lazy\" class=\"alignnone wp-image-840 size-large\" src=\"https:\/\/carleton.ca\/mnato\/wp-content\/uploads\/EAPC-Distinguished-400x267.jpg\" alt=\"\" width=\"400\" height=\"267\" srcset=\"https:\/\/carleton.ca\/mnato\/wp-content\/uploads\/EAPC-Distinguished-400x267.jpg 400w, https:\/\/carleton.ca\/mnato\/wp-content\/uploads\/EAPC-Distinguished-160x107.jpg 160w, https:\/\/carleton.ca\/mnato\/wp-content\/uploads\/EAPC-Distinguished-240x160.jpg 240w, https:\/\/carleton.ca\/mnato\/wp-content\/uploads\/EAPC-Distinguished-768x512.jpg 768w, https:\/\/carleton.ca\/mnato\/wp-content\/uploads\/EAPC-Distinguished-360x240.jpg 360w, https:\/\/carleton.ca\/mnato\/wp-content\/uploads\/EAPC-Distinguished.jpg 2048w\" sizes=\"(max-width: 400px) 100vw, 400px\" \/><\/p>\n<p dir=\"ltr\" style=\"text-align: center;\"><strong>Distinguished Delegate:<\/strong> Sharon Low, Russia (Western University)<\/p>\n<p dir=\"ltr\" style=\"text-align: center;\"><\/div><div class=\"columns__two\"><p style=\"text-align: center;\"><img decoding=\"async\" loading=\"lazy\" class=\"alignnone wp-image-841 size-large\" src=\"https:\/\/carleton.ca\/mnato\/wp-content\/uploads\/EAPC-Honorable-400x267.jpg\" alt=\"\" width=\"400\" height=\"267\" srcset=\"https:\/\/carleton.ca\/mnato\/wp-content\/uploads\/EAPC-Honorable-400x267.jpg 400w, https:\/\/carleton.ca\/mnato\/wp-content\/uploads\/EAPC-Honorable-160x107.jpg 160w, https:\/\/carleton.ca\/mnato\/wp-content\/uploads\/EAPC-Honorable-240x160.jpg 240w, https:\/\/carleton.ca\/mnato\/wp-content\/uploads\/EAPC-Honorable-768x512.jpg 768w, https:\/\/carleton.ca\/mnato\/wp-content\/uploads\/EAPC-Honorable-360x240.jpg 360w, https:\/\/carleton.ca\/mnato\/wp-content\/uploads\/EAPC-Honorable.jpg 2048w\" sizes=\"(max-width: 400px) 100vw, 400px\" \/><\/p>\n<p style=\"text-align: center;\"><strong>Honorable Mention:<\/strong> Jack Burke, Greece (Western University)<\/p>\n<p dir=\"ltr\" style=\"text-align: center;\"><img decoding=\"async\" loading=\"lazy\" class=\"alignnone wp-image-842 size-large\" src=\"https:\/\/carleton.ca\/mnato\/wp-content\/uploads\/EAPC-Paper-400x267.jpg\" alt=\"\" width=\"400\" height=\"267\" srcset=\"https:\/\/carleton.ca\/mnato\/wp-content\/uploads\/EAPC-Paper-400x267.jpg 400w, https:\/\/carleton.ca\/mnato\/wp-content\/uploads\/EAPC-Paper-160x107.jpg 160w, https:\/\/carleton.ca\/mnato\/wp-content\/uploads\/EAPC-Paper-240x160.jpg 240w, https:\/\/carleton.ca\/mnato\/wp-content\/uploads\/EAPC-Paper-768x512.jpg 768w, https:\/\/carleton.ca\/mnato\/wp-content\/uploads\/EAPC-Paper-360x240.jpg 360w, https:\/\/carleton.ca\/mnato\/wp-content\/uploads\/EAPC-Paper.jpg 2048w\" sizes=\"(max-width: 400px) 100vw, 400px\" \/><\/p>\n<p dir=\"ltr\" style=\"text-align: center;\"><strong>Best Position Paper:<\/strong> Chlo\u00e9 Jorand, Croatia (Universit\u00e9 de Montr\u00e9al)<\/p>\n<p dir=\"ltr\" style=\"text-align: center;\"><\/div><\/div><\/p>\n<p dir=\"ltr\" style=\"text-align: left;\">\n","protected":false},"excerpt":{"rendered":"<p>Congratulations to everyone that took home awards at Carleton Model NATO 2020! Dr. Lee Windsor Award for Best Delegation: University of Calgary North Atlantic Council Military Committee Civilian Intelligence Committee Euro-Atlantic Partnership Council<\/p>\n","protected":false},"author":21,"featured_media":0,"parent":0,"menu_order":0,"comment_status":"closed","ping_status":"closed","template":"","meta":{"_relevanssi_hide_post":"","_relevanssi_hide_content":"","_relevanssi_pin_for_all":"","_relevanssi_pin_keywords":"","_relevanssi_unpin_keywords":"","_relevanssi_related_keywords":"","_relevanssi_related_include_ids":"","_relevanssi_related_exclude_ids":"","_relevanssi_related_no_append":"","_relevanssi_related_not_related":"","_relevanssi_related_posts":"","_relevanssi_noindex_reason":"","_mi_skip_tracking":false,"_exactmetrics_sitenote_active":false,"_exactmetrics_sitenote_note":"","_exactmetrics_sitenote_category":0,"footnotes":"","_links_to":"","_links_to_target":""},"yoast_head":"<!-- This site is optimized with the Yoast SEO plugin v21.2 - https:\/\/yoast.com\/wordpress\/plugins\/seo\/ -->\n<title>2020 Award Winners - MNATO<\/title>\n<meta name=\"description\" content=\"Congratulations to everyone that took home awards at Carleton Model NATO 2020! Dr. Lee Windsor Award for Best Delegation: University of Calgary &nbsp;\" \/>\n<meta name=\"robots\" content=\"index, follow, max-snippet:-1, max-image-preview:large, max-video-preview:-1\" \/>\n<link rel=\"canonical\" href=\"https:\/\/carleton.ca\/mnato\/2020-award-winners\/\" \/>\n<meta name=\"twitter:label1\" content=\"Est. reading time\" \/>\n\t<meta name=\"twitter:data1\" content=\"1 minute\" \/>\n<script type=\"application\/ld+json\" class=\"yoast-schema-graph\">{\"@context\":\"https:\/\/schema.org\",\"@graph\":[{\"@type\":\"WebPage\",\"@id\":\"https:\/\/carleton.ca\/mnato\/2020-award-winners\/\",\"url\":\"https:\/\/carleton.ca\/mnato\/2020-award-winners\/\",\"name\":\"2020 Award Winners - MNATO\",\"isPartOf\":{\"@id\":\"https:\/\/carleton.ca\/mnato\/#website\"},\"datePublished\":\"2020-03-16T20:59:19+00:00\",\"dateModified\":\"2020-03-16T20:59:19+00:00\",\"description\":\"Congratulations to everyone that took home awards at Carleton Model NATO 2020! Dr. Lee Windsor Award for Best Delegation: University of Calgary &nbsp;\",\"breadcrumb\":{\"@id\":\"https:\/\/carleton.ca\/mnato\/2020-award-winners\/#breadcrumb\"},\"inLanguage\":\"en-US\",\"potentialAction\":[{\"@type\":\"ReadAction\",\"target\":[\"https:\/\/carleton.ca\/mnato\/2020-award-winners\/\"]}]},{\"@type\":\"BreadcrumbList\",\"@id\":\"https:\/\/carleton.ca\/mnato\/2020-award-winners\/#breadcrumb\",\"itemListElement\":[{\"@type\":\"ListItem\",\"position\":1,\"name\":\"Home\",\"item\":\"https:\/\/carleton.ca\/mnato\/\"},{\"@type\":\"ListItem\",\"position\":2,\"name\":\"2020 Award Winners\"}]},{\"@type\":\"WebSite\",\"@id\":\"https:\/\/carleton.ca\/mnato\/#website\",\"url\":\"https:\/\/carleton.ca\/mnato\/\",\"name\":\"MNATO\",\"description\":\"Carleton University\",\"potentialAction\":[{\"@type\":\"SearchAction\",\"target\":{\"@type\":\"EntryPoint\",\"urlTemplate\":\"https:\/\/carleton.ca\/mnato\/?s={search_term_string}\"},\"query-input\":\"required name=search_term_string\"}],\"inLanguage\":\"en-US\"}]}<\/script>\n<!-- \/ Yoast SEO plugin. -->","yoast_head_json":{"title":"2020 Award Winners - MNATO","description":"Congratulations to everyone that took home awards at Carleton Model NATO 2020! Dr. Lee Windsor Award for Best Delegation: University of Calgary &nbsp;","robots":{"index":"index","follow":"follow","max-snippet":"max-snippet:-1","max-image-preview":"max-image-preview:large","max-video-preview":"max-video-preview:-1"},"canonical":"https:\/\/carleton.ca\/mnato\/2020-award-winners\/","twitter_misc":{"Est. reading time":"1 minute"},"schema":{"@context":"https:\/\/schema.org","@graph":[{"@type":"WebPage","@id":"https:\/\/carleton.ca\/mnato\/2020-award-winners\/","url":"https:\/\/carleton.ca\/mnato\/2020-award-winners\/","name":"2020 Award Winners - MNATO","isPartOf":{"@id":"https:\/\/carleton.ca\/mnato\/#website"},"datePublished":"2020-03-16T20:59:19+00:00","dateModified":"2020-03-16T20:59:19+00:00","description":"Congratulations to everyone that took home awards at Carleton Model NATO 2020! Dr. Lee Windsor Award for Best Delegation: University of Calgary &nbsp;","breadcrumb":{"@id":"https:\/\/carleton.ca\/mnato\/2020-award-winners\/#breadcrumb"},"inLanguage":"en-US","potentialAction":[{"@type":"ReadAction","target":["https:\/\/carleton.ca\/mnato\/2020-award-winners\/"]}]},{"@type":"BreadcrumbList","@id":"https:\/\/carleton.ca\/mnato\/2020-award-winners\/#breadcrumb","itemListElement":[{"@type":"ListItem","position":1,"name":"Home","item":"https:\/\/carleton.ca\/mnato\/"},{"@type":"ListItem","position":2,"name":"2020 Award Winners"}]},{"@type":"WebSite","@id":"https:\/\/carleton.ca\/mnato\/#website","url":"https:\/\/carleton.ca\/mnato\/","name":"MNATO","description":"Carleton University","potentialAction":[{"@type":"SearchAction","target":{"@type":"EntryPoint","urlTemplate":"https:\/\/carleton.ca\/mnato\/?s={search_term_string}"},"query-input":"required name=search_term_string"}],"inLanguage":"en-US"}]}},"acf":{"banner_image_type":"none","banner_button":"no"},"_links":{"self":[{"href":"https:\/\/carleton.ca\/mnato\/wp-json\/wp\/v2\/pages\/830"}],"collection":[{"href":"https:\/\/carleton.ca\/mnato\/wp-json\/wp\/v2\/pages"}],"about":[{"href":"https:\/\/carleton.ca\/mnato\/wp-json\/wp\/v2\/types\/page"}],"author":[{"embeddable":true,"href":"https:\/\/carleton.ca\/mnato\/wp-json\/wp\/v2\/users\/21"}],"replies":[{"embeddable":true,"href":"https:\/\/carleton.ca\/mnato\/wp-json\/wp\/v2\/comments?post=830"}],"version-history":[{"count":3,"href":"https:\/\/carleton.ca\/mnato\/wp-json\/wp\/v2\/pages\/830\/revisions"}],"predecessor-version":[{"id":893,"href":"https:\/\/carleton.ca\/mnato\/wp-json\/wp\/v2\/pages\/830\/revisions\/893"}],"wp:attachment":[{"href":"https:\/\/carleton.ca\/mnato\/wp-json\/wp\/v2\/media?parent=830"}],"curies":[{"name":"wp","href":"https:\/\/api.w.org\/{rel}","templated":true}]}}