{"id":19,"date":"2024-05-29T11:38:29","date_gmt":"2024-05-29T15:38:29","guid":{"rendered":"https:\/\/carleton.ca\/movebeyondcharity\/?page_id=19"},"modified":"2024-05-30T15:46:00","modified_gmt":"2024-05-30T19:46:00","slug":"news","status":"publish","type":"page","link":"https:\/\/carleton.ca\/movebeyondcharity\/news\/","title":{"rendered":"Contexte de l\u2019\u00e9v\u00e9nement"},"content":{"rendered":"<h2><b>Portrait de l\u2019ins\u00e9curit\u00e9 alimentaire au Canada<\/b><\/h2>\n<p>Dans le contexte inflationniste actuel, o\u00f9 le co\u00fbt de la vie\u00a0\u2013 et de la nourriture \u2013\u00a0ne cesse de grimper, l\u2019ins\u00e9curit\u00e9 alimentaire s\u2019aggrave. Ce n\u2019est pas seulement le milieu de la recherche<sup>1<\/sup> qui le constate, mais aussi les banques alimentaires, les organismes de bienfaisance ainsi que les OBNL, dont les messages d\u2019alerte \u00e0 la population et au gouvernement se sont intensifi\u00e9s depuis la pand\u00e9mie<sup>2<\/sup>. En fait, l\u2019ins\u00e9curit\u00e9 alimentaire a atteint un sommet sans pr\u00e9c\u00e9dent au pays. Selon les estimations de l\u2019Enqu\u00eate canadienne sur le revenu men\u00e9e en 2023 par Statistique Canada, parmi les 10 provinces, 6,9 millions de personnes vivaient dans des m\u00e9nages frapp\u00e9s par l\u2019ins\u00e9curit\u00e9 alimentaire en 2022,a soit plus qu\u2019en 2021. En effet, de 2021 \u00e0 2022, la proportion de personnes touch\u00e9es par l\u2019ins\u00e9curit\u00e9 alimentaire est pass\u00e9e de 15,9 % \u00e0 17,8 %<sup>3<\/sup>. L\u2019ins\u00e9curit\u00e9 alimentaire a toujours \u00e9t\u00e9 importante dans les trois territoires, surtout au Nunavut. En 2022, 46,1\u00a0% de la population nunavoise en souffrait, contre 22,2\u00a0% de la population t\u00e9noise et 12,8\u00a0% de la population yukonaise<sup>4<\/sup>.<\/p>\n<h2><b>Qui souffre d\u2019ins\u00e9curit\u00e9 alimentaire au Canada?<\/b><\/h2>\n<p>Il faut bien comprendre que le risque d\u2019ins\u00e9curit\u00e9 alimentaire varie\u00a0\u00e0 l\u2019\u00e9chelle de la population. Par exemple, selon l\u2019Enqu\u00eate canadienne sur le revenu, l\u2019ins\u00e9curit\u00e9 alimentaire est largement plus r\u00e9pandue chez les m\u00e9nages locataires que chez les m\u00e9nages propri\u00e9taires, avec ou sans hypoth\u00e8que \u00e0 payer<sup>5<\/sup>. Par ailleurs, au pays, l\u2019ins\u00e9curit\u00e9 alimentaire touche principalement les foyers o\u00f9 vivent des personnes autochtones et noires. En 2022, chez ces deux populations, les taux d\u2019ins\u00e9curit\u00e9 alimentaire s\u2019\u00e9levaient respectivement \u00e0 33,4\u00a0% et \u00e0 39,2\u00a0%, soit les plus fortes proportions observ\u00e9es<sup>6<\/sup>.\u00a0<\/p>\n<p>Ce que nous r\u00e9v\u00e8lent des d\u00e9cennies de recherche sur le sujet, c\u2019est que certains groupes (personnes racis\u00e9es, autochtones, immigrantes ou r\u00e9fugi\u00e9es; femmes et m\u00e8res c\u00e9libataires) sont plus touch\u00e9s que d\u2019autres par l\u2019ins\u00e9curit\u00e9 alimentaire<sup>7<\/sup>. Or, tout indique que le ph\u00e9nom\u00e8ne a beaucoup plus \u00e0 voir avec les in\u00e9galit\u00e9s et la discrimination syst\u00e9miques qu\u2019avec un quelconque \u00ab\u00a0\u00e9chec\u00a0\u00bb individuel<sup>8<\/sup>.<\/p>\n<p>Par exemple, selon la recherche men\u00e9e sur les causes de l\u2019ins\u00e9curit\u00e9 alimentaire sp\u00e9cifiques aux communaut\u00e9s autochtones au Canada, plusieurs facteurs syst\u00e9miques et structurels (autres que la discrimination syst\u00e9mique) expliqueraient l\u2019ampleur de ce ph\u00e9nom\u00e8ne parmi ces populations. Mentionnons notamment les s\u00e9quelles profondes du colonialisme, les politiques coloniales entravant l\u2019acc\u00e8s \u00e0 leurs aliments traditionnels et le maintien de leurs coutumes culinaires<sup>9<\/sup>, les changements climatiques<sup>10<\/sup> et le racisme environnemental<sup>11<\/sup>.<\/p>\n<h2><b>En ce moment, que font les autorit\u00e9s gouvernementales pour rem\u00e9dier \u00e0 l\u2019ins\u00e9curit\u00e9 alimentaire?<\/b><\/h2>\n<p>Les chercheur.e.s et moult organismes d\u2019aide alimentaire le disent clairement\u00a0: la charit\u00e9 et les banques alimentaires ne sont pas la solution<sup>12<\/sup>. PROOF par exemple, le groupe de recherche sur les politiques contre l\u2019ins\u00e9curit\u00e9 alimentaire de l\u2019Universit\u00e9 de Toronto, a d\u00e9montr\u00e9 que l\u2019intervention politique est cruciale pour s\u2019attaquer aux racines du probl\u00e8me<sup>13<\/sup>. Par ailleurs, la recherche men\u00e9e avec et par les organismes d\u2019aide alimentaire au pays a d\u00e9montr\u00e9 comment le mod\u00e8le caritatif \u00e9choue \u00e0 pallier les in\u00e9galit\u00e9s d\u2019acc\u00e8s \u00e0 la nourriture. Parmi les probl\u00e8mes mis en lumi\u00e8re, nommons le poids de la honte et de la stigmatisation, qui dissuadent certaines personnes de demander de l\u2019aide; l\u2019impossibilit\u00e9 de se nourrir ad\u00e9quatement par les banques alimentaires; et le manque de ressources, qui fait que lesdites banques peinent \u00e0 r\u00e9pondre \u00e0 la demande<sup>14<\/sup>. Malgr\u00e9 tout, depuis les ann\u00e9es\u00a01980, les gouvernements ont choisi de d\u00e9sinvestir des politiques et de l\u2019aide sociales pour miser syst\u00e9matiquement sur le mod\u00e8le caritatif afin de combattre la faim<sup>15<\/sup>.\u00a0\u00a0<\/p>\n<p>Notre incapacit\u00e9 collective \u00e0 rem\u00e9dier efficacement \u00e0 l\u2019ins\u00e9curit\u00e9 alimentaire est intimement li\u00e9e au discours dominant sur cette r\u00e9alit\u00e9 et sur la pauvret\u00e9, un discours encore aujourd\u2019hui empreint de pr\u00e9jug\u00e9s et d\u2019id\u00e9aux n\u00e9olib\u00e9raux entourant la r\u00e9ussite et la responsabilit\u00e9 individuelle<sup>16<\/sup>.<\/p>\n<p>Face \u00e0 l\u2019ampleur in\u00e9gal\u00e9e de l\u2019ins\u00e9curit\u00e9 alimentaire et \u00e0 l\u2019aveu des banques alimentaires de leur incapacit\u00e9 \u00e0 r\u00e9pondre \u00e0 la demande grandissante, nous nous retrouvons \u00e0 un tournant qui nous force \u00e0 repenser notre approche des enjeux actuels.<\/p>\n<p>Les groupes qui sont au front de la lutte contre l\u2019ins\u00e9curit\u00e9 alimentaire au pays revendiquent des interventions syst\u00e9miques et structurelles. L\u2019\u00e9v\u00e9nement en pr\u00e9sente quelques-uns, afin que nous puissions apprendre d\u2019eux et repenser le mod\u00e8le caritatif dans la construction d\u2019un avenir de l\u2019alimentation plus juste.<\/p>\n<h3><b>R\u00e9f\u00e9rences :\u00a0<\/b><\/h3>\n<p><span style=\"font-weight: 300;\">1 PROOF. (2023). New data on household food insecurity in 2022. PROOF. <\/span><a href=\"https:\/\/proof.utoronto.ca\/2023\/new-data-on-household-food-insecurity-in-2022\/\" target=\"_blank\" rel=\"noopener noreferrer\"><span style=\"font-weight: 300;\">https:\/\/proof.utoronto.ca\/2023\/new-data-on-household-food-insecurity-in-2022\/<\/span><\/a><span style=\"font-weight: 300;\">; Statistics Canada. (2023). The Daily-Canadian Income Survey, 2021. <\/span><a href=\"https:\/\/www150.statcan.gc.ca\/n1\/daily-quotidien\/230502\/dq230502a-eng.htm\" target=\"_blank\" rel=\"noopener noreferrer\"><span style=\"font-weight: 300;\">https:\/\/www150.statcan.gc.ca\/n1\/daily-quotidien\/230502\/dq230502a-eng.htm<\/span><\/a><span style=\"font-weight: 300;\">; Li T, Fafard St-Germain AA, Tarasuk V. (2023) Household food insecurity in Canada, 2022. Toronto: Research to identify policy options to reduce food insecurity (PROOF). Retrieved from <\/span><a href=\"https:\/\/proof.utoronto.ca\/\" target=\"_blank\" rel=\"noopener noreferrer\"><span style=\"font-weight: 300;\">https:\/\/proof.utoronto.ca\/<\/span><\/a><span style=\"font-weight: 300;\">.<\/span><\/p>\n<p><span style=\"font-weight: 300;\">2 Cousineau, M.-E. (2023). Hausse des prix, d\u00e9clin de la sant\u00e9. <\/span><i><span style=\"font-weight: 300;\">Le Devoir<\/span><\/i><span style=\"font-weight: 300;\">. <\/span><a href=\"https:\/\/www.ledevoir.com\/societe\/796292\/hausse-des-prix-declin-de-la-sante\" target=\"_blank\" rel=\"noopener noreferrer\"><span style=\"font-weight: 300;\">https:\/\/www.ledevoir.com\/societe\/796292\/hausse-des-prix-declin-de-la-sante<\/span><\/a><span style=\"font-weight: 300;\">; Currie, B. (2023). \u201cPeople are struggling\u201d: Almost 1 in 4 Nova Scotians are food insecure, data shows. <\/span><i><span style=\"font-weight: 300;\">CBC<\/span><\/i><span style=\"font-weight: 300;\">. <\/span><a href=\"https:\/\/www.cbc.ca\/news\/canada\/nova-scotia\/food-insecurity-data-nova-scotia-2022-1.6833773\" target=\"_blank\" rel=\"noopener noreferrer\"><span style=\"font-weight: 300;\">https:\/\/www.cbc.ca\/news\/canada\/nova-scotia\/food-insecurity-data-nova-scotia-2022-1.6833773<\/span><\/a><span style=\"font-weight: 300;\">; Food Banks Canada. (2022). Hunger Count 2021. <\/span><a href=\"https:\/\/www.moissonmontreal.org\/wp-content\/uploads\/2021\/11\/HungerCount_2021.pdf\" target=\"_blank\" rel=\"noopener noreferrer\"><span style=\"font-weight: 300;\">https:\/\/www.moissonmontreal.org\/wp-content\/uploads\/2021\/11\/HungerCount_2021.pdf<\/span><\/a><span style=\"font-weight: 300;\">; Gear, A. (2023). Food advocates team up to raise awareness of people\u2019s rights to proper\u00a0<\/span><span style=\"font-weight: 300;\">nutrition. <\/span><i><span style=\"font-weight: 300;\">CBC<\/span><\/i><span style=\"font-weight: 300;\">. <\/span><a href=\"https:\/\/www.cbc.ca\/news\/canada\/newfoundland-labrador\/food-security-human-right-1.6858987\" target=\"_blank\" rel=\"noopener noreferrer\"><span style=\"font-weight: 300;\">https:\/\/www.cbc.ca\/news\/canada\/newfoundland-labrador\/food-security-human-right-1.6858987<\/span><\/a><span style=\"font-weight: 300;\">; Pamic, H. (2023). Working-class folks are now food-bank clients. <\/span><i><span style=\"font-weight: 300;\">Toronto Star<\/span><\/i><span style=\"font-weight: 300;\">. <\/span><a href=\"https:\/\/www.thestar.com\/opinion\/working-class-folks-are-now-food-bank-clients\/article_b62dbd3d-e549-57c2-bb39-b7ed456422f2.html\" target=\"_blank\" rel=\"noopener noreferrer\"><span style=\"font-weight: 300;\">https:\/\/www.thestar.com\/opinion\/working-class-folks-are-now-food-bank-clients\/article_b62dbd3d-e549-57c2-bb39-b7ed456422f2.html<\/span><\/a><\/p>\n<p><span style=\"font-weight: 300;\">3 Li et al., 2023.<\/span><\/p>\n<p><span style=\"font-weight: 300;\">4 Li et al., 2023.<\/span><\/p>\n<p><span style=\"font-weight: 300;\">5 In 2022, 27.5 % of the renter households were food-insecure, compared to 16.4 % of homeowners with a mortgage and 8.4 % of homeowners without a mortgage (Li et al., 2023).<\/span><\/p>\n<p><span style=\"font-weight: 300;\">6 <\/span><span style=\"font-weight: 300;\">Li et al., 2023.<\/span><\/p>\n<p><span style=\"font-weight: 300;\">7 Dhunna, S., &amp; Tarasuk, V. (2021). Black\u2013white racial disparities in household food insecurity from 2005 to 2014, Canada. <\/span><i><span style=\"font-weight: 300;\">Canadian Journal of Public Health, 112<\/span><\/i><span style=\"font-weight: 300;\">(5), 888\u2013902; Fournier, F. (2022). La faim justifie des moyens. S\u2019engager \u00e0 r\u00e9duire durablement et \u00e0 pr\u00e9venir l\u2019ins\u00e9curit\u00e9 alimentaire des m\u00e9nages au Qu\u00e9bec. Observatoire des in\u00e9galit\u00e9s. <\/span><a href=\"https:\/\/cdn.ca.yapla.com\/company\/CPYMZxfbWTbVKVvSt3IBEClc\/asset\/files\/La-faim-justifie-des-moyens.pdf\" target=\"_blank\" rel=\"noopener noreferrer\"><span style=\"font-weight: 300;\">https:\/\/cdn.ca.yapla.com\/company\/CPYMZxfbWTbVKVvSt3IBEClc\/asset\/files\/La-faim-justifie-des-moyens.pdf<\/span><\/a><span style=\"font-weight: 300;\">; Li, P. (2021). When it comes to tackling food insecurity, tackling anti-Black racism is an important part of the puzzle. PROOF. <\/span><a href=\"https:\/\/proof.utoronto.ca\/2021\/anti-black-racism\/\" target=\"_blank\" rel=\"noopener noreferrer\"><span style=\"font-weight: 300;\">https:\/\/proof.utoronto.ca\/2021\/anti-black-racism\/<\/span><\/a><span style=\"font-weight: 300;\">; Matheson, J. A., &amp; McIntyre, L. (2014). Women respondents report higher household food insecurity than do men in similar Canadian households. <\/span><i><span style=\"font-weight: 300;\">Public Health Nutrition, 17<\/span><\/i><span style=\"font-weight: 300;\">(1), 40\u201348; PROOF. (n.d.). Indigenous Food Insecurity. <\/span><a href=\"https:\/\/proof.utoronto.ca\/resources\/indigenous-food-insecurity\/\" target=\"_blank\" rel=\"noopener noreferrer\"><span style=\"font-weight: 300;\">https:\/\/proof.utoronto.ca\/resources\/indigenous-food-insecurity\/<\/span><\/a><span style=\"font-weight: 300;\">.<\/span><\/p>\n<p><span style=\"font-weight: 300;\">8 De Souza, R. (2019). <\/span><i><span style=\"font-weight: 300;\">Feeding the other: Whiteness, privilege, and neoliberal stigma in food pantries<\/span><\/i><span style=\"font-weight: 300;\">. Massachusetts: MIT Press.<\/span><\/p>\n<p><span style=\"font-weight: 300;\">9 Bodirsky, M., &amp; Johnson, J. (2008). Decolonizing Diet: Healing by Reclaiming Traditional Indigenous Foodways. <em>Cuizine: Journal of Canadian Food Cultures, 1<\/em>(1).; Dennis, M. K., &amp; Robin, T. (2020). Healthy on our own terms: Indigenous wellbeing and the colonized food system. <em>Critical Dietetics, 5<\/em>(1).; Gavenus, E. R., Beveridge, R., &amp; Satterfield, T. (2023). Restorative diets: A methodological exploration comparing historical and contemporary salmon harvest rates. <em>Ecology and Society, 28<\/em>(2); Martin, D., &amp; Amos, M. (2017). What constitutes good food? Towards a critical Indigenous perspective on food and health. In M. Koc\u0326, A. Winson, &amp; J. M. Sumner (Eds.), <em>Critical perspectives in food studies<\/em> (2nd edition, pp. 205\u2013220). Oxford University Press; Richmond, C., Kerr, R. B., Neufeld, H., Steckley, M., Wilson, K., &amp; Dokis, B. (2021). Supporting food security for Indigenous families through the restoration of Indigenous foodways. <em>Canadian Geographies \/ G\u00e9ographies Canadiennes, 65<\/em>(1), 97\u2013109.<\/span><\/p>\n<p>10 Beaumier, M. C., &amp; Ford, J. D. (2010). Food insecurity among Inuit women exacerbated by socioeconomic stresses and climate change. <em>Canadian Journal of Public Health, 101<\/em>(3), 196\u2013201.<\/p>\n<p>11 Ahmed, F. et al. (2023). Indigenous Land-Based Approaches to Well-Being: The Niska (Goose) Harvesting Program in Subarctic Ontario, Canada. <em>International Journal of Environmental Research and Public Health, 20<\/em>(4), 3686.; Co-operative Housing Federation of BC. (2022). Environmental Racism &amp; Our Food System. <em>CHF BC<\/em>. <a href=\"https:\/\/www.chf.bc.ca\/sustainability-newsletters\/environmental-racism-food-system\/\" target=\"_blank\" rel=\"noopener noreferrer\">https:\/\/www.chf.bc.ca\/sustainability-newsletters\/environmental-racism-food-system\/<\/a>; Liboiron, M. (2021). <em>Pollution Is Colonialism<\/em>. Durham: Duke University Press.<\/p>\n<p>12 Dachner, N., &amp; Tarasuk, V. (2017). Origins and Consequences of and Responses to Food Insecurity in Canada. In M. Koc\u0326, A. Winson, &amp; J. M. Sumner (Eds.), <em>Critical perspectives in food studies<\/em> (2nd edition). Oxford University Press; PROOF 2023a; 2023b; Rideout, K. et al. (2007). Bringing home the right to food in Canada: Challenges and possibilities for achieving food security. <em>Public Health Nutrition, 10<\/em>(6), 566\u2013573; Tarasuk, V., Fafard St-Germain, A.-A., &amp; Loopstra, R. (2020). The Relationship Between Food Banks and Food Insecurity: Insights from Canada. <em>Voluntas (Manchester, England), 31<\/em>(5), 841\u2013852.<\/p>\n<p>13 Brown, E. M., &amp; Tarasuk, V. (2019). Money speaks: Reductions in severe food insecurity follow the Canada Child Benefit. <em>Preventive Medicine, 129<\/em>, 105876; Men, F., Urquia, M. L., &amp; Tarasuk, V. (2021). The role of provincial social policies and economic environments in shaping food insecurity among Canadian families with children. <em>Preventive Medicine, 148<\/em>, 106558.<\/p>\n<p>14 See for example the <a href=\"https:\/\/static1.squarespace.com\/static\/54d9128be4b0de7874ec9a82\/t\/648379449f66dc3abfdb190d\/1686337869723\/rethinking-food-charity-final-report-WEB.pdf\" target=\"_blank\" rel=\"noopener noreferrer\">\u201cRethinking Food Charity\u201d report by Food First Newfoundland<\/a>, or Fournier, 2022.<\/p>\n<p>15 De Souza, 2019; Poppendieck, J. (1998). <em>Sweet charity?: Emergency food and the end of entitlement<\/em>. Viking; Tarasuk, V., Dachner, N., &amp; Loopstra, R. (2014). Food banks, welfare, and food insecurity in Canada. <em>British Food Journal, 116<\/em>(9), 1405\u20131417.<\/p>\n<p>16 De Souza, 2019; Pollard, C. M., &amp; Booth, S. (2019). Food Insecurity and Hunger in Rich Countries\u2014It Is Time for Action against Inequality. <em>International Journal of Environmental Research and Public Health, 16<\/em>(10).<\/p>\n","protected":false},"excerpt":{"rendered":"<p>Portrait de l\u2019ins\u00e9curit\u00e9 alimentaire au Canada Dans le contexte inflationniste actuel, o\u00f9 le co\u00fbt de la vie\u00a0\u2013 et de la nourriture \u2013\u00a0ne cesse de grimper, l\u2019ins\u00e9curit\u00e9 alimentaire s\u2019aggrave. Ce n\u2019est pas seulement le milieu de la recherche1 qui le constate, mais aussi les banques alimentaires, les organismes de bienfaisance ainsi que les OBNL, dont les [&hellip;]<\/p>\n","protected":false},"author":7,"featured_media":0,"parent":0,"menu_order":0,"comment_status":"closed","ping_status":"closed","template":"","meta":{"_relevanssi_hide_post":"","_relevanssi_hide_content":"","_relevanssi_pin_for_all":"","_relevanssi_pin_keywords":"","_relevanssi_unpin_keywords":"","_relevanssi_related_keywords":"","_relevanssi_related_include_ids":"","_relevanssi_related_exclude_ids":"","_relevanssi_related_no_append":"","_relevanssi_related_not_related":"","_relevanssi_related_posts":"","_relevanssi_noindex_reason":"","_mi_skip_tracking":false,"_exactmetrics_sitenote_active":false,"_exactmetrics_sitenote_note":"","_exactmetrics_sitenote_category":0,"footnotes":"","_links_to":"","_links_to_target":""},"yoast_head":"<!-- This site is optimized with the Yoast SEO plugin v21.2 - https:\/\/yoast.com\/wordpress\/plugins\/seo\/ -->\n<title>Contexte de l\u2019\u00e9v\u00e9nement - Let&#039;s Move beyond Charity<\/title>\n<meta name=\"description\" content=\"Portrait de l\u2019ins\u00e9curit\u00e9 alimentaire au Canada Dans le contexte inflationniste actuel, o\u00f9 le co\u00fbt de la vie\u00a0\u2013 et de la nourriture \u2013\u00a0ne cesse de grimper,\" \/>\n<meta name=\"robots\" content=\"index, follow, max-snippet:-1, max-image-preview:large, max-video-preview:-1\" \/>\n<link rel=\"canonical\" href=\"https:\/\/carleton.ca\/movebeyondcharity\/news\/\" \/>\n<meta name=\"twitter:label1\" content=\"Est. reading time\" \/>\n\t<meta name=\"twitter:data1\" content=\"8 minutes\" \/>\n<script type=\"application\/ld+json\" class=\"yoast-schema-graph\">{\"@context\":\"https:\/\/schema.org\",\"@graph\":[{\"@type\":\"WebPage\",\"@id\":\"https:\/\/carleton.ca\/movebeyondcharity\/news\/\",\"url\":\"https:\/\/carleton.ca\/movebeyondcharity\/news\/\",\"name\":\"Contexte de l\u2019\u00e9v\u00e9nement - Let&#039;s Move beyond Charity\",\"isPartOf\":{\"@id\":\"https:\/\/carleton.ca\/movebeyondcharity\/#website\"},\"datePublished\":\"2024-05-29T15:38:29+00:00\",\"dateModified\":\"2024-05-30T19:46:00+00:00\",\"description\":\"Portrait de l\u2019ins\u00e9curit\u00e9 alimentaire au Canada Dans le contexte inflationniste actuel, o\u00f9 le co\u00fbt de la vie\u00a0\u2013 et de la nourriture \u2013\u00a0ne cesse de grimper,\",\"breadcrumb\":{\"@id\":\"https:\/\/carleton.ca\/movebeyondcharity\/news\/#breadcrumb\"},\"inLanguage\":\"en-US\",\"potentialAction\":[{\"@type\":\"ReadAction\",\"target\":[\"https:\/\/carleton.ca\/movebeyondcharity\/news\/\"]}]},{\"@type\":\"BreadcrumbList\",\"@id\":\"https:\/\/carleton.ca\/movebeyondcharity\/news\/#breadcrumb\",\"itemListElement\":[{\"@type\":\"ListItem\",\"position\":1,\"name\":\"Home\",\"item\":\"https:\/\/carleton.ca\/movebeyondcharity\/\"},{\"@type\":\"ListItem\",\"position\":2,\"name\":\"Contexte de l\u2019\u00e9v\u00e9nement\"}]},{\"@type\":\"WebSite\",\"@id\":\"https:\/\/carleton.ca\/movebeyondcharity\/#website\",\"url\":\"https:\/\/carleton.ca\/movebeyondcharity\/\",\"name\":\"Let&#039;s Move beyond Charity\",\"description\":\"\",\"potentialAction\":[{\"@type\":\"SearchAction\",\"target\":{\"@type\":\"EntryPoint\",\"urlTemplate\":\"https:\/\/carleton.ca\/movebeyondcharity\/?s={search_term_string}\"},\"query-input\":\"required name=search_term_string\"}],\"inLanguage\":\"en-US\"}]}<\/script>\n<!-- \/ Yoast SEO plugin. -->","yoast_head_json":{"title":"Contexte de l\u2019\u00e9v\u00e9nement - Let&#039;s Move beyond Charity","description":"Portrait de l\u2019ins\u00e9curit\u00e9 alimentaire au Canada Dans le contexte inflationniste actuel, o\u00f9 le co\u00fbt de la vie\u00a0\u2013 et de la nourriture \u2013\u00a0ne cesse de grimper,","robots":{"index":"index","follow":"follow","max-snippet":"max-snippet:-1","max-image-preview":"max-image-preview:large","max-video-preview":"max-video-preview:-1"},"canonical":"https:\/\/carleton.ca\/movebeyondcharity\/news\/","twitter_misc":{"Est. reading time":"8 minutes"},"schema":{"@context":"https:\/\/schema.org","@graph":[{"@type":"WebPage","@id":"https:\/\/carleton.ca\/movebeyondcharity\/news\/","url":"https:\/\/carleton.ca\/movebeyondcharity\/news\/","name":"Contexte de l\u2019\u00e9v\u00e9nement - Let&#039;s Move beyond Charity","isPartOf":{"@id":"https:\/\/carleton.ca\/movebeyondcharity\/#website"},"datePublished":"2024-05-29T15:38:29+00:00","dateModified":"2024-05-30T19:46:00+00:00","description":"Portrait de l\u2019ins\u00e9curit\u00e9 alimentaire au Canada Dans le contexte inflationniste actuel, o\u00f9 le co\u00fbt de la vie\u00a0\u2013 et de la nourriture \u2013\u00a0ne cesse de grimper,","breadcrumb":{"@id":"https:\/\/carleton.ca\/movebeyondcharity\/news\/#breadcrumb"},"inLanguage":"en-US","potentialAction":[{"@type":"ReadAction","target":["https:\/\/carleton.ca\/movebeyondcharity\/news\/"]}]},{"@type":"BreadcrumbList","@id":"https:\/\/carleton.ca\/movebeyondcharity\/news\/#breadcrumb","itemListElement":[{"@type":"ListItem","position":1,"name":"Home","item":"https:\/\/carleton.ca\/movebeyondcharity\/"},{"@type":"ListItem","position":2,"name":"Contexte de l\u2019\u00e9v\u00e9nement"}]},{"@type":"WebSite","@id":"https:\/\/carleton.ca\/movebeyondcharity\/#website","url":"https:\/\/carleton.ca\/movebeyondcharity\/","name":"Let&#039;s Move beyond Charity","description":"","potentialAction":[{"@type":"SearchAction","target":{"@type":"EntryPoint","urlTemplate":"https:\/\/carleton.ca\/movebeyondcharity\/?s={search_term_string}"},"query-input":"required name=search_term_string"}],"inLanguage":"en-US"}]}},"acf":{"banner_image_type":"none","banner_button":"no"},"_links":{"self":[{"href":"https:\/\/carleton.ca\/movebeyondcharity\/wp-json\/wp\/v2\/pages\/19"}],"collection":[{"href":"https:\/\/carleton.ca\/movebeyondcharity\/wp-json\/wp\/v2\/pages"}],"about":[{"href":"https:\/\/carleton.ca\/movebeyondcharity\/wp-json\/wp\/v2\/types\/page"}],"author":[{"embeddable":true,"href":"https:\/\/carleton.ca\/movebeyondcharity\/wp-json\/wp\/v2\/users\/7"}],"replies":[{"embeddable":true,"href":"https:\/\/carleton.ca\/movebeyondcharity\/wp-json\/wp\/v2\/comments?post=19"}],"version-history":[{"count":3,"href":"https:\/\/carleton.ca\/movebeyondcharity\/wp-json\/wp\/v2\/pages\/19\/revisions"}],"predecessor-version":[{"id":168,"href":"https:\/\/carleton.ca\/movebeyondcharity\/wp-json\/wp\/v2\/pages\/19\/revisions\/168"}],"wp:attachment":[{"href":"https:\/\/carleton.ca\/movebeyondcharity\/wp-json\/wp\/v2\/media?parent=19"}],"curies":[{"name":"wp","href":"https:\/\/api.w.org\/{rel}","templated":true}]}}