{"id":204,"date":"2024-07-01T03:15:29","date_gmt":"2024-07-01T07:15:29","guid":{"rendered":"https:\/\/carleton.ca\/movebeyondcharity\/?page_id=204"},"modified":"2024-07-05T13:52:44","modified_gmt":"2024-07-05T17:52:44","slug":"liste-de-ressources-pertinentes","status":"publish","type":"page","link":"https:\/\/carleton.ca\/movebeyondcharity\/liste-de-ressources-pertinentes\/","title":{"rendered":"Liste de ressources pertinentes"},"content":{"rendered":"<p><a href=\"https:\/\/foodsecurecanada.org\/wordpress\/wp-content\/uploads\/2023\/07\/2021-FSC-en_rapport_final_-_acces_a_lalimentation_locale_au_canada_francophone_links.pdf\" target=\"_blank\" rel=\"noopener noreferrer\"><i><span style=\"font-weight: 400;\">Acc\u00e8s \u00e0 l\u2019alimentation locale au Canada francophone : perspectives antiracistes et d\u00e9coloniales.<\/span><\/i><\/a><span style=\"font-weight: 400;\"> Co-\u00e9crit par Leslie Toure\u0301 Kapo et Dina Husseini pour le R\u00e9seau pour une alimentation durable. Date de publication : 2021 [version anglaise]<\/span><\/p>\n<p><\/p>\n<p><a href=\"https:\/\/www2.foodsecurecanada.org\/sites\/foodsecurecanada.org\/files\/fr_rapport_-_acces_a_lalimentation_locale_au_canada_francophone_links.pdf\" target=\"_blank\" rel=\"noopener noreferrer\"><i><span style=\"font-weight: 400;\">Acc\u00e8s \u00e0 l\u2019alimentation locale au Canada francophone : perspectives antiracistes et d\u00e9coloniales.<\/span><\/i><\/a><span style=\"font-weight: 400;\"> Co-\u00e9crit par Leslie Toure\u0301 Kapo et Dina Husseini pour le R\u00e9seau pour une alimentation durable. Date de publication : 2021 [version fran\u00e7aise]<\/span><\/p>\n<p><\/p>\n<p><a href=\"https:\/\/www.foodfirstnl.ca\/blog\/overview-vital-signs-poverty-report-card-2024\" target=\"_blank\" rel=\"noopener noreferrer\"><i><span style=\"font-weight: 400;\">Aper\u00e7u du rapport sur les signes vitaux et des bulletins de pauvret\u00e9 de Terre-Neuve-et-Labrador 2024.<\/span><\/i><\/a><span style=\"font-weight: 400;\"> \u00c9crit par Food First NL. Date de publication : 2024 [en anglais]<\/span><\/p>\n<p><\/p>\n<p><a href=\"https:\/\/scholar.google.ca\/citations?view_op=view_citation&amp;hl=en&amp;user=Tzj-6S4AAAAJ&amp;citation_for_view=Tzj-6S4AAAAJ:u5HHmVD_uO8C\" target=\"_blank\" rel=\"noopener noreferrer\"><i><span style=\"font-weight: 400;\">Au-del\u00e0 de la s\u00e9curit\u00e9 alimentaire : \u00e9tudier l\u2019acc\u00e8s \u00e0 la nourriture culturelle pour les Autochtones urbains de Winnipeg en tant que souverainet\u00e9 alimentaire autochtone.<\/span><\/i><\/a><span style=\"font-weight: 400;\"> \u00c9crit par Jaime Cidro, Bamidele Adekunle, Evelyn Peters, et Tabitha Martens pour la Revue canadienne de recherche urbaine. Date de publication : 2015 [en anglais]<\/span><\/p>\n<p><\/p>\n<p><a href=\"https:\/\/foodsecurecanada.org\/2017\/05\/15\/five-big-ideas-for-a-better-food-system\/\" target=\"_blank\" rel=\"noopener noreferrer\"><i><span style=\"font-weight: 400;\">Cinq grandes id\u00e9es pour un meilleur syst\u00e8me alimentaire.<\/span><\/i><\/a><span style=\"font-weight: 400;\"> \u00c9crit par le R\u00e9seau pour une alimentation durable. Date de publication : 2017 [en anglais]<\/span><\/p>\n<p><\/p>\n<p><a href=\"https:\/\/proof.utoronto.ca\/resource\/2023budgetreflection\/\" target=\"_blank\" rel=\"noopener noreferrer\"><i><span style=\"font-weight: 400;\">Examiner de plus pr\u00e8s les budgets provinciaux et territoriaux et ce qu&#8217;ils pourraient signifier par rapport \u00e0 l\u2019ins\u00e9curit\u00e9 alimentaire.<\/span><\/i><\/a><span style=\"font-weight: 400;\"> \u00c9crit par PROOF, \u00e0 l\u2019Universit\u00e9 de Toronto. Date de publication : 2023 [en anglais]<\/span><\/p>\n<p><\/p>\n<p><a href=\"https:\/\/observatoiredesinegalites.com\/la-faim-justifie-des-moyens\/\" target=\"_blank\" rel=\"noopener noreferrer\"><i><span style=\"font-weight: 400;\">La faim justifie des moyens<\/span><\/i><\/a><span style=\"font-weight: 400;\">. \u00c9crit par l\u2019Observatoire qu\u00e9b\u00e9cois des in\u00e9galit\u00e9s. Date de publication : 2022.<\/span><\/p>\n<p><\/p>\n<p><a href=\"https:\/\/yellowheadinstitute.org\/food-sovereignty-omafra\/\" target=\"_blank\" rel=\"noopener noreferrer\"><i><span style=\"font-weight: 400;\">La souverainet\u00e9 alimentaire autochtone en Ontario : une \u00e9tude sur l&#8217;exclusion au minist\u00e8re de l&#8217;Agriculture, de l&#8217;Alimentation et des Affaires rurales.<\/span><\/i><\/a><span style=\"font-weight: 400;\"> \u00c9crit par Tabitha Robin, Sarah Rotz, et Adrianne Xavier pour l&#8217;Institut Yellowhead. Date de publication : 2023 [en anglais]<\/span><\/p>\n<p><\/p>\n<p><a href=\"https:\/\/theconversation.com\/time-and-money-the-biggest-hurdles-to-healthy-eating-104082\" target=\"_blank\" rel=\"noopener noreferrer\"><i><span style=\"font-weight: 400;\">Le temps et l\u2019argent \u2013 \u200b\u200bles plus grands obstacles \u00e0 une alimentation saine.<\/span><\/i><\/a><span style=\"font-weight: 400;\"> \u00c9crit par Tiff-Annie Kenny pour La Conversation. Date de publication : 2018 [en anglais]<\/span><\/p>\n<p><\/p>\n<p><a href=\"https:\/\/harvest.usask.ca\/items\/eeab1aed-37d9-4bf3-bd42-bb2916dd1f03\" target=\"_blank\" rel=\"noopener noreferrer\"><i><span style=\"font-weight: 400;\">Les programmes d\u2019alimentation scolaire au Canada : 15 cas prometteurs.<\/span><\/i><\/a> <span style=\"font-weight: 400;\">\u00c9crit par Amberley Ruetz, Kaylee Michnik, Rachel Engler-Stringer, Natalia Alaniz Salinas, Emily Doyle, Sara Kirk, Dana Korten, Kirsti Tasala, Charles Levkoe, Alicia Martin, Genevieve Mercille, Amber Heckelman, Chrissy Smith, Kerry Renwick, Alissa Sallans, Sonja Ostertag, Kelly Skinner, Nina Trask, Nicole Weber, et Gary Hoyer pour l&#8217;Universit\u00e9 de la Saskatchewan et la Coalition pour une alimentation scolaire saine. Date de publication : 2024 [en anglais]<\/span><\/p>\n<p><\/p>\n<p><a href=\"https:\/\/www.homelesshub.ca\/resource\/should-canadian-health-promoters-support-food-stamp-style-program-address-food-insecurity\" target=\"_blank\" rel=\"noopener noreferrer\"><i><span style=\"font-weight: 400;\">Les promoteurs de la sant\u00e9 au Canada devraient-ils soutenir un programme de type bons d\u2019alimentation pour lutter contre l\u2019ins\u00e9curit\u00e9 alimentaire ?<\/span><\/i><\/a> <span style=\"font-weight: 400;\">\u00c9crit par Elaine Power, Margaret Little, and Patricia Collins pour le Journal international de promotion de la sant\u00e9. Date de publication : 2014 [en anglais]<\/span><\/p>\n<p><\/p>\n<p><a href=\"https:\/\/proof.utoronto.ca\/2023\/food-insecurity-in-canada-is-the-worst-its-ever-been-heres-how-we-can-solve-it\/\" target=\"_blank\" rel=\"noopener noreferrer\"><i><span style=\"font-weight: 400;\">L\u2019ins\u00e9curit\u00e9 alimentaire au Canada est la pire qu\u2019elle ait jamais \u00e9t\u00e9 \u2013 voici comment nous pouvons la r\u00e9soudre.<\/span><\/i><\/a><span style=\"font-weight: 400;\"> \u00c9crit par Valerie Tarasuk et Tim Li pour PROOF, \u00e0 l\u2019Universit\u00e9 de Toronto. Date de publication : 2023 [en anglais]<\/span><\/p>\n<p><\/p>\n<p><a href=\"https:\/\/proof.utoronto.ca\/resource\/household-food-insecurity-in-canada-2022\/\" target=\"_blank\" rel=\"noopener noreferrer\"><i><span style=\"font-weight: 400;\">L\u2019ins\u00e9curit\u00e9 Alimentaire des M\u00e9nages au Canada, 2022.<\/span><\/i><\/a><span style=\"font-weight: 400;\"> \u00c9crit par Tim Li, Andr\u00e9e-Anne Fafard St-Germain, et Valerie Tarasuk pour PROOF, \u00e0 l\u2019Universit\u00e9 de Toronto. Date de publication : 2023 [version anglaise]<\/span><\/p>\n<p><\/p>\n<p><a href=\"https:\/\/proof.utoronto.ca\/wp-content\/uploads\/2023\/12\/Linsecurite-alimentaire-des-menages-au-Canada-2022-PROOF.pdf\" target=\"_blank\" rel=\"noopener noreferrer\"><i><span style=\"font-weight: 400;\">L\u2019ins\u00e9curit\u00e9 Alimentaire des M\u00e9nages au Canada, 2022<\/span><\/i><\/a><span style=\"font-weight: 400;\">. \u00c9crit par Tim Li, Andr\u00e9e-Anne Fafard St-Germain, et Valerie Tarasuk pour PROOF, \u00e0 l\u2019Universit\u00e9 de Toronto. Date de publication : 2023 [version fran\u00e7aise]<\/span><\/p>\n<p><\/p>\n<p><a href=\"https:\/\/scholar.google.ca\/citations?view_op=view_citation&amp;hl=en&amp;user=Tzj-6S4AAAAJ&amp;citation_for_view=Tzj-6S4AAAAJ:Y0pCki6q_DkC\" target=\"_blank\" rel=\"noopener noreferrer\"><i><span style=\"font-weight: 400;\">Nos mains \u00e0 l\u2019\u0153uvre : la souverainet\u00e9 alimentaire autochtone dans l\u2019Ouest canadien<\/span><\/i><\/a><i><span style=\"font-weight: 400;\">.<\/span><\/i><span style=\"font-weight: 400;\"> \u00c9crit par Tabitha Robin pour le Journal de l&#8217;agriculture, des syst\u00e8mes alimentaires et du d\u00e9veloppement communautaire. Date de publication : 2019 [en anglais]<\/span><\/p>\n<p><\/p>\n<p><a href=\"https:\/\/proof.utoronto.ca\/2024\/new-data-on-household-food-insecurity-in-2023\/\" target=\"_blank\" rel=\"noopener noreferrer\"><i><span style=\"font-weight: 400;\">Nouvelles donn\u00e9es sur l\u2019ins\u00e9curit\u00e9 alimentaire des m\u00e9nages en 2023<\/span><\/i><\/a><i><span style=\"font-weight: 400;\">. <\/span><\/i><span style=\"font-weight: 400;\">\u00c9crit par PROOF, \u00e0 l\u2019Universit\u00e9 de Toronto. Date de publication : 2024 [en anglais]<\/span><\/p>\n<p><\/p>\n<p><a href=\"https:\/\/www.dietitians.ca\/DietitiansOfCanada\/media\/Documents\/Resources\/HFI-Background-DC-FINAL.pdf\" target=\"_blank\" rel=\"noopener noreferrer\"><i><span style=\"font-weight: 400;\">Pr\u00e9valence, gravit\u00e9 et impact de l&#8217;ins\u00e9curit\u00e9 alimentaire des m\u00e9nages : un grave probl\u00e8me de sant\u00e9 publique<\/span><\/i><\/a><i><span style=\"font-weight: 400;\">. <\/span><\/i><span style=\"font-weight: 400;\">\u00c9crit par Elaine Power pour les Di\u00e9t\u00e9tistes du Canada. Date de publication : 2016 [en anglais]<\/span><\/p>\n<p><\/p>\n<p><a href=\"https:\/\/foodsecurecanada.org\/2013\/08\/14\/what-is-food-sovereignty\/\" target=\"_blank\" rel=\"noopener noreferrer\"><i><span style=\"font-weight: 400;\">Qu\u2019est-ce que la souverainet\u00e9 alimentaire ?<\/span><\/i><\/a><span style=\"font-weight: 400;\"> \u00c9crit par le R\u00e9seau pour une alimentation durable. Date de publication : 2013 [en anglais]<\/span><\/p>\n<p><\/p>\n<p><a href=\"https:\/\/www.foodfirstnl.ca\/rethinking-food-charity\" target=\"_blank\" rel=\"noopener noreferrer\"><i><span style=\"font-weight: 400;\">Red\u00e9finir la charit\u00e9 alimentaire : une conversation communautaire.<\/span><\/i><\/a><span style=\"font-weight: 400;\"> \u00c9crit par Food First NL. Date de publication : 2023 [en anglais]<\/span><\/p>\n<p><\/p>\n<p><a href=\"https:\/\/www.researchgate.net\/publication\/374993112_Food_Security_and_Food_Sovereignty_The_Difference_Between_Surviving_and_Thriving\" target=\"_blank\" rel=\"noopener noreferrer\"><i><span style=\"font-weight: 400;\">S\u00e9curit\u00e9 alimentaire et souverainet\u00e9 alimentaire : La diff\u00e9rence entre survivre et prosp\u00e9rer<\/span><\/i><\/a><span style=\"font-weight: 400;\"> \u00c9crit par Tara Maudrie, Cassandra J. Nguyen, Rachel E. Wilbur, Megan Mucioki, Kaylee R. Clyma, Gary Ferguson et Blue Bird. Date de publication : 2023. [en anglais]<\/span><\/p>\n<p><\/p>\n<p><a href=\"https:\/\/www.bbc.com\/news\/uk-scotland-17867323\" target=\"_blank\" rel=\"noopener noreferrer\"><i><span style=\"font-weight: 400;\">Une professeure canadienne affirme que les banques alimentaires \u00ab collent du pl\u00e2tre sur les plaies b\u00e9antes \u00bb.<\/span><\/i><\/a><span style=\"font-weight: 400;\"> \u00c9crit par Elaine Power pour BBC. Date de publication : 2012 [en anglais]<\/span><\/p>\n","protected":false},"excerpt":{"rendered":"<p>Acc\u00e8s \u00e0 l\u2019alimentation locale au Canada francophone : perspectives antiracistes et d\u00e9coloniales. Co-\u00e9crit par Leslie Toure\u0301 Kapo et Dina Husseini pour le R\u00e9seau pour une alimentation durable. Date de publication : 2021 [version anglaise] Acc\u00e8s \u00e0 l\u2019alimentation locale au Canada francophone : perspectives antiracistes et d\u00e9coloniales. Co-\u00e9crit par Leslie Toure\u0301 Kapo et Dina Husseini pour [&hellip;]<\/p>\n","protected":false},"author":7,"featured_media":0,"parent":0,"menu_order":0,"comment_status":"closed","ping_status":"closed","template":"","meta":{"_relevanssi_hide_post":"","_relevanssi_hide_content":"","_relevanssi_pin_for_all":"","_relevanssi_pin_keywords":"","_relevanssi_unpin_keywords":"","_relevanssi_related_keywords":"","_relevanssi_related_include_ids":"","_relevanssi_related_exclude_ids":"","_relevanssi_related_no_append":"","_relevanssi_related_not_related":"","_relevanssi_related_posts":"","_relevanssi_noindex_reason":"","_mi_skip_tracking":false,"_exactmetrics_sitenote_active":false,"_exactmetrics_sitenote_note":"","_exactmetrics_sitenote_category":0,"footnotes":"","_links_to":"","_links_to_target":""},"yoast_head":"<!-- This site is optimized with the Yoast SEO plugin v21.2 - https:\/\/yoast.com\/wordpress\/plugins\/seo\/ -->\n<title>Liste de ressources pertinentes - Let&#039;s Move beyond Charity<\/title>\n<meta name=\"description\" content=\"Acc\u00e8s \u00e0 l\u2019alimentation locale au Canada francophone : perspectives antiracistes et d\u00e9coloniales. Co-\u00e9crit par Leslie Toure\u0301 Kapo et Dina Husseini pour le\" \/>\n<meta name=\"robots\" content=\"index, follow, max-snippet:-1, max-image-preview:large, max-video-preview:-1\" \/>\n<link rel=\"canonical\" href=\"https:\/\/carleton.ca\/movebeyondcharity\/liste-de-ressources-pertinentes\/\" \/>\n<meta name=\"twitter:label1\" content=\"Est. reading time\" \/>\n\t<meta name=\"twitter:data1\" content=\"4 minutes\" \/>\n<script type=\"application\/ld+json\" class=\"yoast-schema-graph\">{\"@context\":\"https:\/\/schema.org\",\"@graph\":[{\"@type\":\"WebPage\",\"@id\":\"https:\/\/carleton.ca\/movebeyondcharity\/liste-de-ressources-pertinentes\/\",\"url\":\"https:\/\/carleton.ca\/movebeyondcharity\/liste-de-ressources-pertinentes\/\",\"name\":\"Liste de ressources pertinentes - Let&#039;s Move beyond Charity\",\"isPartOf\":{\"@id\":\"https:\/\/carleton.ca\/movebeyondcharity\/#website\"},\"datePublished\":\"2024-07-01T07:15:29+00:00\",\"dateModified\":\"2024-07-05T17:52:44+00:00\",\"description\":\"Acc\u00e8s \u00e0 l\u2019alimentation locale au Canada francophone : perspectives antiracistes et d\u00e9coloniales. Co-\u00e9crit par Leslie Toure\u0301 Kapo et Dina Husseini pour le\",\"breadcrumb\":{\"@id\":\"https:\/\/carleton.ca\/movebeyondcharity\/liste-de-ressources-pertinentes\/#breadcrumb\"},\"inLanguage\":\"en-US\",\"potentialAction\":[{\"@type\":\"ReadAction\",\"target\":[\"https:\/\/carleton.ca\/movebeyondcharity\/liste-de-ressources-pertinentes\/\"]}]},{\"@type\":\"BreadcrumbList\",\"@id\":\"https:\/\/carleton.ca\/movebeyondcharity\/liste-de-ressources-pertinentes\/#breadcrumb\",\"itemListElement\":[{\"@type\":\"ListItem\",\"position\":1,\"name\":\"Home\",\"item\":\"https:\/\/carleton.ca\/movebeyondcharity\/\"},{\"@type\":\"ListItem\",\"position\":2,\"name\":\"Liste de ressources pertinentes\"}]},{\"@type\":\"WebSite\",\"@id\":\"https:\/\/carleton.ca\/movebeyondcharity\/#website\",\"url\":\"https:\/\/carleton.ca\/movebeyondcharity\/\",\"name\":\"Let&#039;s Move beyond Charity\",\"description\":\"\",\"potentialAction\":[{\"@type\":\"SearchAction\",\"target\":{\"@type\":\"EntryPoint\",\"urlTemplate\":\"https:\/\/carleton.ca\/movebeyondcharity\/?s={search_term_string}\"},\"query-input\":\"required name=search_term_string\"}],\"inLanguage\":\"en-US\"}]}<\/script>\n<!-- \/ Yoast SEO plugin. -->","yoast_head_json":{"title":"Liste de ressources pertinentes - Let&#039;s Move beyond Charity","description":"Acc\u00e8s \u00e0 l\u2019alimentation locale au Canada francophone : perspectives antiracistes et d\u00e9coloniales. Co-\u00e9crit par Leslie Toure\u0301 Kapo et Dina Husseini pour le","robots":{"index":"index","follow":"follow","max-snippet":"max-snippet:-1","max-image-preview":"max-image-preview:large","max-video-preview":"max-video-preview:-1"},"canonical":"https:\/\/carleton.ca\/movebeyondcharity\/liste-de-ressources-pertinentes\/","twitter_misc":{"Est. reading time":"4 minutes"},"schema":{"@context":"https:\/\/schema.org","@graph":[{"@type":"WebPage","@id":"https:\/\/carleton.ca\/movebeyondcharity\/liste-de-ressources-pertinentes\/","url":"https:\/\/carleton.ca\/movebeyondcharity\/liste-de-ressources-pertinentes\/","name":"Liste de ressources pertinentes - Let&#039;s Move beyond Charity","isPartOf":{"@id":"https:\/\/carleton.ca\/movebeyondcharity\/#website"},"datePublished":"2024-07-01T07:15:29+00:00","dateModified":"2024-07-05T17:52:44+00:00","description":"Acc\u00e8s \u00e0 l\u2019alimentation locale au Canada francophone : perspectives antiracistes et d\u00e9coloniales. Co-\u00e9crit par Leslie Toure\u0301 Kapo et Dina Husseini pour le","breadcrumb":{"@id":"https:\/\/carleton.ca\/movebeyondcharity\/liste-de-ressources-pertinentes\/#breadcrumb"},"inLanguage":"en-US","potentialAction":[{"@type":"ReadAction","target":["https:\/\/carleton.ca\/movebeyondcharity\/liste-de-ressources-pertinentes\/"]}]},{"@type":"BreadcrumbList","@id":"https:\/\/carleton.ca\/movebeyondcharity\/liste-de-ressources-pertinentes\/#breadcrumb","itemListElement":[{"@type":"ListItem","position":1,"name":"Home","item":"https:\/\/carleton.ca\/movebeyondcharity\/"},{"@type":"ListItem","position":2,"name":"Liste de ressources pertinentes"}]},{"@type":"WebSite","@id":"https:\/\/carleton.ca\/movebeyondcharity\/#website","url":"https:\/\/carleton.ca\/movebeyondcharity\/","name":"Let&#039;s Move beyond Charity","description":"","potentialAction":[{"@type":"SearchAction","target":{"@type":"EntryPoint","urlTemplate":"https:\/\/carleton.ca\/movebeyondcharity\/?s={search_term_string}"},"query-input":"required name=search_term_string"}],"inLanguage":"en-US"}]}},"acf":{"banner_image_type":"none","banner_button":"no"},"_links":{"self":[{"href":"https:\/\/carleton.ca\/movebeyondcharity\/wp-json\/wp\/v2\/pages\/204"}],"collection":[{"href":"https:\/\/carleton.ca\/movebeyondcharity\/wp-json\/wp\/v2\/pages"}],"about":[{"href":"https:\/\/carleton.ca\/movebeyondcharity\/wp-json\/wp\/v2\/types\/page"}],"author":[{"embeddable":true,"href":"https:\/\/carleton.ca\/movebeyondcharity\/wp-json\/wp\/v2\/users\/7"}],"replies":[{"embeddable":true,"href":"https:\/\/carleton.ca\/movebeyondcharity\/wp-json\/wp\/v2\/comments?post=204"}],"version-history":[{"count":4,"href":"https:\/\/carleton.ca\/movebeyondcharity\/wp-json\/wp\/v2\/pages\/204\/revisions"}],"predecessor-version":[{"id":273,"href":"https:\/\/carleton.ca\/movebeyondcharity\/wp-json\/wp\/v2\/pages\/204\/revisions\/273"}],"wp:attachment":[{"href":"https:\/\/carleton.ca\/movebeyondcharity\/wp-json\/wp\/v2\/media?parent=204"}],"curies":[{"name":"wp","href":"https:\/\/api.w.org\/{rel}","templated":true}]}}