{"id":208,"date":"2024-07-01T03:17:57","date_gmt":"2024-07-01T07:17:57","guid":{"rendered":"https:\/\/carleton.ca\/movebeyondcharity\/?page_id=208"},"modified":"2024-07-05T13:54:53","modified_gmt":"2024-07-05T17:54:53","slug":"list-of-relevant-resources","status":"publish","type":"page","link":"https:\/\/carleton.ca\/movebeyondcharity\/list-of-relevant-resources\/","title":{"rendered":"List of relevant resources"},"content":{"rendered":"<p><a href=\"https:\/\/foodsecurecanada.org\/wordpress\/wp-content\/uploads\/2023\/07\/2021-FSC-en_rapport_final_-_acces_a_lalimentation_locale_au_canada_francophone_links.pdf\" target=\"_blank\" rel=\"noopener noreferrer\"><i><span style=\"font-weight: 400;\">Access to Local Food in Francophone Canada: Antiracist and decolonial perspectives<\/span><\/i><\/a><span style=\"font-weight: 400;\">. Co-written by Leslie Toure\u0301 Kapo and Dina Husseini for Food Secure Canada. Publication date: 2021 [English]<\/span><\/p>\n<p><\/p>\n<p><a href=\"https:\/\/www2.foodsecurecanada.org\/sites\/foodsecurecanada.org\/files\/fr_rapport_-_acces_a_lalimentation_locale_au_canada_francophone_links.pdf\" target=\"_blank\" rel=\"noopener noreferrer\"><i><span style=\"font-weight: 400;\">Acc\u00e8s \u00e0 l\u2019alimentation locale au Canada francophone: Perspectives antiracistes et d\u00e9coloniales<\/span><\/i><\/a><span style=\"font-weight: 400;\">. Co-written by Leslie Toure\u0301 Kapo and Dina Husseini for Food Secure Canada. Publication date: 2021 [French]<\/span><\/p>\n<p><\/p>\n<p><a href=\"https:\/\/scholar.google.ca\/citations?view_op=view_citation&amp;hl=en&amp;user=Tzj-6S4AAAAJ&amp;citation_for_view=Tzj-6S4AAAAJ:u5HHmVD_uO8C\" target=\"_blank\" rel=\"noopener noreferrer\"><i><span style=\"font-weight: 400;\">Beyond food security: Understanding access to cultural food for urban Indigenous people in Winnipeg as Indigenous food sovereignty<\/span><\/i><\/a><i><span style=\"font-weight: 400;\">.<\/span><\/i><span style=\"font-weight: 400;\"> Written by Jaime Cidro, Bamidele Adekunle, Evelyn Peters, and Tabitha Martens for the Canadian Journal of Urban Research. Publication date: 2015.\u00a0<\/span><\/p>\n<p><\/p>\n<p><a href=\"https:\/\/www.bbc.com\/news\/uk-scotland-17867323\" target=\"_blank\" rel=\"noopener noreferrer\"><i><span style=\"font-weight: 400;\">Canadian professor says food banks are &#8216;sticking plaster on gaping wounds.&#8217;<\/span><\/i><\/a> <span style=\"font-weight: 400;\">Written by Elaine Power for the BBC. Publication date: 2012.\u00a0<\/span><\/p>\n<p><\/p>\n<p><a href=\"https:\/\/foodsecurecanada.org\/2017\/05\/15\/five-big-ideas-for-a-better-food-system\/\" target=\"_blank\" rel=\"noopener noreferrer\"><i><span style=\"font-weight: 400;\">Five big ideas for a better food system<\/span><\/i><\/a> <span style=\"font-weight: 400;\"> Written by Food Secure Canada. Publication date: 2017. <\/span><\/p>\n<p><\/p>\n<p><a href=\"https:\/\/proof.utoronto.ca\/2023\/food-insecurity-in-canada-is-the-worst-its-ever-been-heres-how-we-can-solve-it\/\" target=\"_blank\" rel=\"noopener noreferrer\"><i>Food insecurity in Canada is the worst it\u2019s ever been \u2014 here\u2019s how we can solve it<\/i><\/a>. Written by Valerie Tarasuk and Tim Li for PROOF University of Toronto. Publication date: 2023.<\/p>\n<p><em><a href=\"https:\/\/www.researchgate.net\/profile\/Gary-Ferguson-7\/publication\/374993112_Food_Security_and_Food_Sovereignty_The_Difference_Between_Surviving_and_Thriving\/links\/65429caf0426ef6369f54d91\/Food-Security-and-Food-Sovereignty-The-Difference-Between-Surviving-and-Thriving.pdf\" target=\"_blank\" rel=\"noopener noreferrer\">Food Security and Food Sovereignty: The Difference Between Surviving and Thriving<\/a> <\/em>Written by Tara Maudrie, Cassandra J. Nguyen, Rachel E. Wilbur, Megan Mucioki, Kaylee R. Clyma, Gary Ferguson, and Blue Bird.\u00a0Publication date: 2023.<\/p>\n<p><a href=\"https:\/\/proof.utoronto.ca\/resource\/household-food-insecurity-in-canada-2022\/\" target=\"_blank\" rel=\"noopener noreferrer\"><i><span style=\"font-weight: 400;\">Household Food Insecurity in Canada, 2022<\/span><\/i><\/a><span style=\"font-weight: 400;\">. Written by Tim Li, Andr\u00e9e-Anne Fafard St-Germain, and Valerie Tarasuk for PROOF University of Toronto. Publication date: 2023. [English]<\/span><\/p>\n<p><\/p>\n<p><a href=\"https:\/\/yellowheadinstitute.org\/food-sovereignty-omafra\/\" target=\"_blank\" rel=\"noopener noreferrer\"><i><span style=\"font-weight: 400;\">Indigenous Food Sovereignty in Ontario: A Study of Exclusion at the Ministry of Agriculture, Food &amp; Rural Affairs<\/span><\/i><\/a><span style=\"font-weight: 400;\">. Written by Tabitha Robin, Sarah Rotz, and Adrianne Xavier for the Yellowhead Institute. Publication date: 2023.\u00a0<\/span><\/p>\n<p><\/p>\n<p><a href=\"https:\/\/observatoiredesinegalites.com\/la-faim-justifie-des-moyens\/\" target=\"_blank\" rel=\"noopener noreferrer\"><i><span style=\"font-weight: 400;\">La faim justifie des moyens<\/span><\/i><\/a><span style=\"font-weight: 400;\">. Written by Observatoire qu\u00e9b\u00e9cois des in\u00e9galit\u00e9s. Publication date: 2022.<\/span><\/p>\n<p><\/p>\n<p><a href=\"https:\/\/proof.utoronto.ca\/wp-content\/uploads\/2023\/12\/Linsecurite-alimentaire-des-menages-au-Canada-2022-PROOF.pdf\" target=\"_blank\" rel=\"noopener noreferrer\"><i><span style=\"font-weight: 400;\">L\u2019ins\u00e9curit\u00e9 Alimentaire des M\u00e9nages au Canada, 2022<\/span><\/i><\/a><span style=\"font-weight: 400;\">. Written by Tim Li, Andr\u00e9e-Anne Fafard St-Germain, and Valerie Tarasuk for PROOF University of Toronto. Publication date: 2023. [French]<\/span><\/p>\n<p><\/p>\n<p><a href=\"https:\/\/proof.utoronto.ca\/2024\/new-data-on-household-food-insecurity-in-2023\/\" target=\"_blank\" rel=\"noopener noreferrer\"><i><span style=\"font-weight: 400;\">New data on household food insecurity in 2023<\/span><\/i><\/a><span style=\"font-weight: 400;\">. Written by PROOF University of Toronto. Publication date: 2024.<\/span><\/p>\n<p><\/p>\n<p><a href=\"https:\/\/scholar.google.ca\/citations?view_op=view_citation&amp;hl=en&amp;user=Tzj-6S4AAAAJ&amp;citation_for_view=Tzj-6S4AAAAJ:Y0pCki6q_DkC\" target=\"_blank\" rel=\"noopener noreferrer\"><i><span style=\"font-weight: 400;\">Our hands at work: Indigenous food sovereignty in Western Canada<\/span><\/i><\/a><span style=\"font-weight: 400;\">. Written by Tabitha Robin for the Journal of Agriculture, Food Systems, and Community Development. Publication date: 2019.<\/span><\/p>\n<p><\/p>\n<p><a href=\"https:\/\/www.foodfirstnl.ca\/blog\/overview-vital-signs-poverty-report-card-2024\" target=\"_blank\" rel=\"noopener noreferrer\"><i><span style=\"font-weight: 400;\">Overview Of N.L. Vital Signs Report And Poverty Report Cards 2024.<\/span><\/i><\/a><span style=\"font-weight: 400;\"> Written by Food First NL. Publication date: 2024.<\/span><\/p>\n<p><\/p>\n<p><a href=\"https:\/\/www.dietitians.ca\/DietitiansOfCanada\/media\/Documents\/Resources\/HFI-Background-DC-FINAL.pdf\" target=\"_blank\" rel=\"noopener noreferrer\"><i><span style=\"font-weight: 400;\">Prevalence, Severity and Impact of Household Food Insecurity: A Serious Public Health Issue.<\/span><\/i><\/a> <span style=\"font-weight: 400;\">Written by Elaine Power for Dietitians of Canada. Publication date: 2016.<\/span><\/p>\n<p><\/p>\n<p><a href=\"https:\/\/www.foodfirstnl.ca\/rethinking-food-charity\" target=\"_blank\" rel=\"noopener noreferrer\"><i><span style=\"font-weight: 400;\">Rethinking Food Charity: A Community Conversation<\/span><\/i><\/a><span style=\"font-weight: 400;\">. Written by Food First NL. Publication date: 2023.<\/span><\/p>\n<p><\/p>\n<p><a href=\"https:\/\/hdl.handle.net\/10388\/15712\" target=\"_blank\" rel=\"noopener noreferrer\"><i><span style=\"font-weight: 400;\">School Food Programs in Canada: 15 Promising Cases<\/span><\/i><\/a><span style=\"font-weight: 400;\">. Written by Amberley Ruetz, Kaylee Michnik, Rachel Engler-Stringer, Natalia Alaniz Salinas, Emily Doyle, Sara Kirk, Dana Korten, Kirsti Tasala, Charles Levkoe, Alicia Martin, Genevieve Mercille, Amber Heckelman, Chrissy Smith, Kerry Renwick, Alissa Sallans, Sonja Ostertag, Kelly Skinner, Nina Trask, Nicole Weber, and Gary Hoyer for the University of Saskatchewan and Coalition for Healthy School Food. Publication date: 2024.<\/span><\/p>\n<p><\/p>\n<p><a href=\"https:\/\/www.homelesshub.ca\/resource\/should-canadian-health-promoters-support-food-stamp-style-program-address-food-insecurity\" target=\"_blank\" rel=\"noopener noreferrer\"><i><span style=\"font-weight: 400;\">Should Canadian health promoters support a food stamp-style program to address food insecurity?<\/span><\/i><\/a> <span style=\"font-weight: 400;\">Written by Elaine Power, Margaret Little, and Patricia Collins for the Health Promotion International Journal. Publication date: 2014.\u00a0<\/span><\/p>\n<p><\/p>\n<p><a href=\"https:\/\/proof.utoronto.ca\/resource\/2023budgetreflection\/\" target=\"_blank\" rel=\"noopener noreferrer\"><i><span style=\"font-weight: 400;\">Taking a closer look at provincial and territorial budgets and what they could mean for food insecurity<\/span><\/i><\/a><i><span style=\"font-weight: 400;\">.<\/span><\/i><span style=\"font-weight: 400;\"> Written by PROOF University of Toronto. Publication date: 2023.<\/span><\/p>\n<p><\/p>\n<p><a href=\"https:\/\/theconversation.com\/time-and-money-the-biggest-hurdles-to-healthy-eating-104082\" target=\"_blank\" rel=\"noopener noreferrer\"><i><span style=\"font-weight: 400;\">Time and money \u2013 the biggest hurdles to healthy eating<\/span><\/i><\/a><span style=\"font-weight: 400;\">. Written by Tiff-Annie Kenny for the Conversation. Publication date: 2018.\u00a0<\/span><\/p>\n<p><\/p>\n<p><a href=\"https:\/\/foodsecurecanada.org\/2013\/08\/14\/what-is-food-sovereignty\/\" target=\"_blank\" rel=\"noopener noreferrer\"><i><span style=\"font-weight: 400;\">What is Food Sovereignty?<\/span><\/i><\/a><span style=\"font-weight: 400;\"> Written by Food Secure Canada. Publication date: 2013.\u00a0<\/span><\/p>\n","protected":false},"excerpt":{"rendered":"<p>Access to Local Food in Francophone Canada: Antiracist and decolonial perspectives. Co-written by Leslie Toure\u0301 Kapo and Dina Husseini for Food Secure Canada. Publication date: 2021 [English] Acc\u00e8s \u00e0 l\u2019alimentation locale au Canada francophone: Perspectives antiracistes et d\u00e9coloniales. Co-written by Leslie Toure\u0301 Kapo and Dina Husseini for Food Secure Canada. Publication date: 2021 [French] Beyond [&hellip;]<\/p>\n","protected":false},"author":7,"featured_media":0,"parent":0,"menu_order":0,"comment_status":"closed","ping_status":"closed","template":"","meta":{"_relevanssi_hide_post":"","_relevanssi_hide_content":"","_relevanssi_pin_for_all":"","_relevanssi_pin_keywords":"","_relevanssi_unpin_keywords":"","_relevanssi_related_keywords":"","_relevanssi_related_include_ids":"","_relevanssi_related_exclude_ids":"","_relevanssi_related_no_append":"","_relevanssi_related_not_related":"","_relevanssi_related_posts":"","_relevanssi_noindex_reason":"","_mi_skip_tracking":false,"_exactmetrics_sitenote_active":false,"_exactmetrics_sitenote_note":"","_exactmetrics_sitenote_category":0,"footnotes":"","_links_to":"","_links_to_target":""},"yoast_head":"<!-- This site is optimized with the Yoast SEO plugin v21.2 - https:\/\/yoast.com\/wordpress\/plugins\/seo\/ -->\n<title>List of relevant resources - Let&#039;s Move beyond Charity<\/title>\n<meta name=\"description\" content=\"Access to Local Food in Francophone Canada: Antiracist and decolonial perspectives. Co-written by Leslie Toure\u0301 Kapo and Dina Husseini for Food Secure\" \/>\n<meta name=\"robots\" content=\"index, follow, max-snippet:-1, max-image-preview:large, max-video-preview:-1\" \/>\n<link rel=\"canonical\" href=\"https:\/\/carleton.ca\/movebeyondcharity\/list-of-relevant-resources\/\" \/>\n<meta name=\"twitter:label1\" content=\"Est. reading time\" \/>\n\t<meta name=\"twitter:data1\" content=\"3 minutes\" \/>\n<script type=\"application\/ld+json\" class=\"yoast-schema-graph\">{\"@context\":\"https:\/\/schema.org\",\"@graph\":[{\"@type\":\"WebPage\",\"@id\":\"https:\/\/carleton.ca\/movebeyondcharity\/list-of-relevant-resources\/\",\"url\":\"https:\/\/carleton.ca\/movebeyondcharity\/list-of-relevant-resources\/\",\"name\":\"List of relevant resources - Let&#039;s Move beyond Charity\",\"isPartOf\":{\"@id\":\"https:\/\/carleton.ca\/movebeyondcharity\/#website\"},\"datePublished\":\"2024-07-01T07:17:57+00:00\",\"dateModified\":\"2024-07-05T17:54:53+00:00\",\"description\":\"Access to Local Food in Francophone Canada: Antiracist and decolonial perspectives. Co-written by Leslie Toure\u0301 Kapo and Dina Husseini for Food Secure\",\"breadcrumb\":{\"@id\":\"https:\/\/carleton.ca\/movebeyondcharity\/list-of-relevant-resources\/#breadcrumb\"},\"inLanguage\":\"en-US\",\"potentialAction\":[{\"@type\":\"ReadAction\",\"target\":[\"https:\/\/carleton.ca\/movebeyondcharity\/list-of-relevant-resources\/\"]}]},{\"@type\":\"BreadcrumbList\",\"@id\":\"https:\/\/carleton.ca\/movebeyondcharity\/list-of-relevant-resources\/#breadcrumb\",\"itemListElement\":[{\"@type\":\"ListItem\",\"position\":1,\"name\":\"Home\",\"item\":\"https:\/\/carleton.ca\/movebeyondcharity\/\"},{\"@type\":\"ListItem\",\"position\":2,\"name\":\"List of relevant resources\"}]},{\"@type\":\"WebSite\",\"@id\":\"https:\/\/carleton.ca\/movebeyondcharity\/#website\",\"url\":\"https:\/\/carleton.ca\/movebeyondcharity\/\",\"name\":\"Let&#039;s Move beyond Charity\",\"description\":\"\",\"potentialAction\":[{\"@type\":\"SearchAction\",\"target\":{\"@type\":\"EntryPoint\",\"urlTemplate\":\"https:\/\/carleton.ca\/movebeyondcharity\/?s={search_term_string}\"},\"query-input\":\"required name=search_term_string\"}],\"inLanguage\":\"en-US\"}]}<\/script>\n<!-- \/ Yoast SEO plugin. -->","yoast_head_json":{"title":"List of relevant resources - Let&#039;s Move beyond Charity","description":"Access to Local Food in Francophone Canada: Antiracist and decolonial perspectives. Co-written by Leslie Toure\u0301 Kapo and Dina Husseini for Food Secure","robots":{"index":"index","follow":"follow","max-snippet":"max-snippet:-1","max-image-preview":"max-image-preview:large","max-video-preview":"max-video-preview:-1"},"canonical":"https:\/\/carleton.ca\/movebeyondcharity\/list-of-relevant-resources\/","twitter_misc":{"Est. reading time":"3 minutes"},"schema":{"@context":"https:\/\/schema.org","@graph":[{"@type":"WebPage","@id":"https:\/\/carleton.ca\/movebeyondcharity\/list-of-relevant-resources\/","url":"https:\/\/carleton.ca\/movebeyondcharity\/list-of-relevant-resources\/","name":"List of relevant resources - Let&#039;s Move beyond Charity","isPartOf":{"@id":"https:\/\/carleton.ca\/movebeyondcharity\/#website"},"datePublished":"2024-07-01T07:17:57+00:00","dateModified":"2024-07-05T17:54:53+00:00","description":"Access to Local Food in Francophone Canada: Antiracist and decolonial perspectives. Co-written by Leslie Toure\u0301 Kapo and Dina Husseini for Food Secure","breadcrumb":{"@id":"https:\/\/carleton.ca\/movebeyondcharity\/list-of-relevant-resources\/#breadcrumb"},"inLanguage":"en-US","potentialAction":[{"@type":"ReadAction","target":["https:\/\/carleton.ca\/movebeyondcharity\/list-of-relevant-resources\/"]}]},{"@type":"BreadcrumbList","@id":"https:\/\/carleton.ca\/movebeyondcharity\/list-of-relevant-resources\/#breadcrumb","itemListElement":[{"@type":"ListItem","position":1,"name":"Home","item":"https:\/\/carleton.ca\/movebeyondcharity\/"},{"@type":"ListItem","position":2,"name":"List of relevant resources"}]},{"@type":"WebSite","@id":"https:\/\/carleton.ca\/movebeyondcharity\/#website","url":"https:\/\/carleton.ca\/movebeyondcharity\/","name":"Let&#039;s Move beyond Charity","description":"","potentialAction":[{"@type":"SearchAction","target":{"@type":"EntryPoint","urlTemplate":"https:\/\/carleton.ca\/movebeyondcharity\/?s={search_term_string}"},"query-input":"required name=search_term_string"}],"inLanguage":"en-US"}]}},"acf":{"banner_image_type":"none","banner_button":"no"},"_links":{"self":[{"href":"https:\/\/carleton.ca\/movebeyondcharity\/wp-json\/wp\/v2\/pages\/208"}],"collection":[{"href":"https:\/\/carleton.ca\/movebeyondcharity\/wp-json\/wp\/v2\/pages"}],"about":[{"href":"https:\/\/carleton.ca\/movebeyondcharity\/wp-json\/wp\/v2\/types\/page"}],"author":[{"embeddable":true,"href":"https:\/\/carleton.ca\/movebeyondcharity\/wp-json\/wp\/v2\/users\/7"}],"replies":[{"embeddable":true,"href":"https:\/\/carleton.ca\/movebeyondcharity\/wp-json\/wp\/v2\/comments?post=208"}],"version-history":[{"count":4,"href":"https:\/\/carleton.ca\/movebeyondcharity\/wp-json\/wp\/v2\/pages\/208\/revisions"}],"predecessor-version":[{"id":274,"href":"https:\/\/carleton.ca\/movebeyondcharity\/wp-json\/wp\/v2\/pages\/208\/revisions\/274"}],"wp:attachment":[{"href":"https:\/\/carleton.ca\/movebeyondcharity\/wp-json\/wp\/v2\/media?parent=208"}],"curies":[{"name":"wp","href":"https:\/\/api.w.org\/{rel}","templated":true}]}}