{"id":21,"date":"2024-05-29T11:38:43","date_gmt":"2024-05-29T15:38:43","guid":{"rendered":"https:\/\/carleton.ca\/movebeyondcharity\/?page_id=21"},"modified":"2024-06-05T21:39:20","modified_gmt":"2024-06-06T01:39:20","slug":"info","status":"publish","type":"page","link":"https:\/\/carleton.ca\/movebeyondcharity\/info\/","title":{"rendered":"Information about the event"},"content":{"rendered":"<p><em><strong>How to register:<\/strong> Places are limited. To take part in the event, register via <a href=\"https:\/\/www.eventbrite.ca\/e\/lets-move-beyond-charity-allons-au-dela-de-la-charite-tickets-912770760917?utm-campaign=social&amp;utm-content=attendeeshare&amp;utm-medium=discovery&amp;utm-term=listing&amp;utm-source=cp&amp;aff=ebdsshcopyurl\" target=\"_blank\" rel=\"noopener noreferrer\">Eventbrite.<\/a><\/em><\/p>\n<h2><b>Event Description:<\/b><\/h2>\n<p>Food insecurity: Let\u2019s move beyond charity!<\/p>\n<p>Systemic issues require systemic solutions!<\/p>\n<p>Come and hear from community groups and researchers who call for systemic social changes and a shift away from food charity approaches to address food insecurity.<\/p>\n<p>This bilingual pan-Canadian event* will include <b>a roundtable<\/b> featuring four non-profit food groups, each of which combats food insecurity in Canada in its own way. What they share are actions and communication practices that seek to 1) raise awareness about the root causes of food insecurity and thereby reframe our approaches to the issue in Canada; 2) propose systemic and structural solutions that address food insecurity in a more sustainable way.<\/p>\n<p>This roundtable will be followed by an <b>interdisciplinary<\/b> <b>panel of researchers<\/b> whose work dovetails with the food groups\u2019 actions and propositions.<\/p>\n<p>The roundtable will feature:<\/p>\n<ul>\n<li>Community Food Centres Canada<\/li>\n<li>Food First NL<\/li>\n<li>\n<div class=\"elementToProof\">Nan\u00e2tohk M\u00eeciwin (Universal School Food Strategy) &#8211; Maskwac\u00ees Education Schools Commission (MESC)<\/div>\n<\/li>\n<li>Regroupement des cuisines collectives du Qu\u00e9bec<\/li>\n<\/ul>\n<p>To learn more about the speakers and the groups they represent, see the <a href=\"https:\/\/carleton.ca\/movebeyondcharity\/presenters\/\">Presenters\u2019 bios<\/a> and the <a href=\"https:\/\/carleton.ca\/movebeyondcharity\/featured-food-groups\/\">Featured Food Groups<\/a> sections.<\/p>\n<p>To attend the event, please register via <a href=\"https:\/\/www.eventbrite.ca\/e\/lets-move-beyond-charity-allons-au-dela-de-la-charite-tickets-912770760917?utm-campaign=social&amp;utm-content=attendeeshare&amp;utm-medium=discovery&amp;utm-term=listing&amp;utm-source=cp&amp;aff=ebdsshcopyurl\" target=\"_blank\" rel=\"noopener noreferrer\">Eventbrite<\/a>.<\/p>\n<p>* Bilingual event with live FR-ENG interpretation available.<\/p>\n<h2><b>Schedule:<\/b><\/h2>\n<table style=\"height: 372px; width: 100%; border-collapse: collapse; border-style: solid; border-color: #000000;\">\n<tbody>\n<tr style=\"height: 24px;\">\n<td style=\"width: 50%; height: 24px; border-style: solid; border-color: #000000;\"><strong>1:00-1:45 p.m<\/strong>.<\/td>\n<td style=\"width: 50%; height: 24px; border-style: solid; border-color: #000000;\"><strong>Introductions and land welcome\u00a0<\/strong><\/td>\n<\/tr>\n<tr style=\"height: 24px;\">\n<td style=\"width: 50%; height: 24px; border-style: none; border-color: #000000;\"><strong>1:45-3:15 p.m<\/strong>.<\/td>\n<td style=\"width: 50%; height: 132px; border-style: solid; border-color: #000000;\" rowspan=\"5\"><strong>Roundtable featuring (in alphabetical order):<\/strong><\/p>\n<ul style=\"list-style-type: square;\">\n<li>Anthony Musiwa from Community Food Centres Canada<\/li>\n<li>Brady Weiler from the Nan\u00e2tohk M\u00eeciwin (Universal School Food Strategy) &#8211; Maskwac\u00ees Education Schools Commission (MESC)<\/li>\n<li>Jocelyne Gamache from Regroupement des cuisines collectives du Qu\u00e9bec<\/li>\n<li>Joshua Smee from Food First NL<\/li>\n<\/ul>\n<\/td>\n<\/tr>\n<tr style=\"height: 24px;\">\n<td style=\"width: 50%; height: 36px; border-color: #000000; border-style: none;\"><\/td>\n<\/tr>\n<tr style=\"height: 24px;\">\n<td style=\"width: 50%; height: 24px; border-color: #000000; border-style: none;\"><\/td>\n<\/tr>\n<tr style=\"height: 24px;\">\n<td style=\"width: 50%; height: 24px; border-color: #000000; border-style: none;\"><\/td>\n<\/tr>\n<tr style=\"height: 24px;\">\n<td style=\"width: 50%; height: 24px; border-color: #000000; border-style: none;\"><\/td>\n<\/tr>\n<tr style=\"height: 24px;\">\n<td style=\"width: 50%; height: 24px; border-style: solid; border-color: #000000;\"><span style=\"font-weight: 400;\"><strong>3:15-3:30 p.m<\/strong>.<\/span><\/td>\n<td style=\"width: 50%; height: 24px; border-style: solid; border-color: #000000;\"><strong>Break<\/strong><\/td>\n<\/tr>\n<tr style=\"height: 24px;\">\n<td style=\"width: 50%; height: 24px; border-style: none; border-color: #000000;\"><strong>3:30-4:40 p.m.<\/strong><\/td>\n<td style=\"width: 50%; height: 168px; border-style: solid; border-color: #000000;\" rowspan=\"6\"><strong>Panel featuring (in alphabetical order):<\/strong><\/p>\n<ul style=\"list-style-type: square;\">\n<li>Elaine Power, Queen\u2019s University<\/li>\n<li>Leslie Tour\u00e9 Kapo, Institut national de la recherche scientifique<\/li>\n<li>Rachel Engler-Stringer, University of Saskatchewan<\/li>\n<li>Tabitha Robin, University of British Columbia<\/li>\n<li>Tiff-Annie Kenny, Universit\u00e9 Laval<\/li>\n<\/ul>\n<\/td>\n<\/tr>\n<tr style=\"height: 24px;\">\n<td style=\"width: 50%; height: 24px; border-color: #000000; border-style: none;\"><\/td>\n<\/tr>\n<tr style=\"height: 48px;\">\n<td style=\"width: 50%; border-color: #000000; height: 48px; border-style: none;\"><\/td>\n<\/tr>\n<tr style=\"height: 24px;\">\n<td style=\"width: 50%; border-color: #000000; height: 24px; border-style: none;\"><\/td>\n<\/tr>\n<tr style=\"height: 24px;\">\n<td style=\"width: 50%; border-color: #000000; height: 24px; border-style: none;\"><\/td>\n<\/tr>\n<tr style=\"height: 24px;\">\n<td style=\"width: 50%; border-color: #000000; height: 24px; border-style: none;\"><\/td>\n<\/tr>\n<tr style=\"height: 24px;\">\n<td style=\"width: 50%; border-style: solid; border-color: #000000; height: 24px;\"><strong>4:40-5:00 p.m.<\/strong><\/td>\n<td style=\"width: 50%; border-style: solid; border-color: #000000; height: 24px;\"><strong>Closing remarks<\/strong><\/td>\n<\/tr>\n<\/tbody>\n<\/table>\n<h2><b>Event details:<\/b><\/h2>\n<p><i><\/i><span style=\"font-weight: 400;\"> Places are limited. Please register via <a href=\"https:\/\/www.eventbrite.ca\/e\/lets-move-beyond-charity-allons-au-dela-de-la-charite-tickets-912770760917?utm-campaign=social&amp;utm-content=attendeeshare&amp;utm-medium=discovery&amp;utm-term=listing&amp;utm-source=cp&amp;aff=ebdsshcopyurl\" target=\"_blank\" rel=\"noopener noreferrer\">Eventbrite<\/a> to ensure you will be able to participate.<\/span><\/p>\n<p><i>When:<\/i> June 18, 2024. 1-5 p.m. (EST)<\/p>\n<p><i>Where: <\/i>The event will be hosted at <b>Reggie&#8217;s Cooperative Bar and Resto, <\/b>located in the<b> Henry F. Hall building of Concordia University<\/b>, Montreal.<\/p>\n<p><em>Full address<\/em><em>:<\/em> Room H-231, at 1455 boulevard de Maisonneuve West, Montr\u00e9al (H3G 1M8).<\/p>\n<p><strong>How to get there:\u00a0<\/strong><\/p>\n<p>The <a href=\"https:\/\/www.concordia.ca\/maps\/directions.html\" target=\"_blank\" rel=\"noopener noreferrer\">Concordia Directions webpage<\/a> has detailed information to help you plan your trip to Montr\u00e9al, whether you are arriving at Concordia\u2019s downtown campus (Sir George Williams campus)\u00a0by air, car or public transportation.<\/p>\n<p><em><strong>How to get to the building:<\/strong><\/em><\/p>\n<p>Public transit:<br \/>\nThe closest metro station to the Hall Building is Guy-Concordia metro, about a 3-minute walk.<br \/>\n<img decoding=\"async\" loading=\"lazy\" class=\"alignnone size-medium wp-image-66\" src=\"https:\/\/carleton.ca\/movebeyondcharity\/wp-content\/uploads\/Screen-Shot-2024-05-30-at-3.05.03-AM-240x240.png\" alt=\"\" width=\"240\" height=\"240\" srcset=\"https:\/\/carleton.ca\/movebeyondcharity\/wp-content\/uploads\/Screen-Shot-2024-05-30-at-3.05.03-AM-240x240.png 240w, https:\/\/carleton.ca\/movebeyondcharity\/wp-content\/uploads\/Screen-Shot-2024-05-30-at-3.05.03-AM-400x400.png 400w, https:\/\/carleton.ca\/movebeyondcharity\/wp-content\/uploads\/Screen-Shot-2024-05-30-at-3.05.03-AM-160x160.png 160w, https:\/\/carleton.ca\/movebeyondcharity\/wp-content\/uploads\/Screen-Shot-2024-05-30-at-3.05.03-AM-200x200.png 200w, https:\/\/carleton.ca\/movebeyondcharity\/wp-content\/uploads\/Screen-Shot-2024-05-30-at-3.05.03-AM-360x360.png 360w, https:\/\/carleton.ca\/movebeyondcharity\/wp-content\/uploads\/Screen-Shot-2024-05-30-at-3.05.03-AM.png 738w\" sizes=\"(max-width: 240px) 100vw, 240px\" \/><br \/>\nBiking:<em><br \/>\n<\/em>Maisonneuve boulevard features a two-way bike path. Right across from the Hall building, on MacKay street, there is a public BIXI bike rental station. Note that you will need a credit card to use the system.<\/p>\n<p>Parking at Concordia:<em><br \/>\n<\/em>Paid street parking and private lot parking are available in the area at varying hourly rates.<\/p>\n<p>There are two secure indoor parking garage options available at a maximum of $29.00 for 24-hour parking, both just a few hundred feet from the venue. Payment by credit card is completed onsite.<\/p>\n<p><a href=\"https:\/\/www.concordia.ca\/maps\/parking\/sgw-campus.html#lb\" target=\"_blank\" rel=\"noopener noreferrer\">The LB Building<\/a>\u00a0lot is the closest to the event venue, but also fills up first. It has two 120-volt EV charging stations.<\/p>\n<p><a href=\"https:\/\/www.concordia.ca\/maps\/parking\/sgw-campus.html#fb\" target=\"_blank\" rel=\"noopener noreferrer\">The Faubourg Building<\/a>\u00a0lot is another option. It has five 240-volt EV charging stations (at an additional cost).<\/p>\n<p><strong><em>How to get to the venue, in the Hall building: <\/em><\/strong><\/p>\n<p>Enter the Hall building through the main entrance, at 1455 boulevard de Maisonneuve West:<\/p>\n<p><img decoding=\"async\" loading=\"lazy\" class=\"alignnone size-medium wp-image-68\" src=\"https:\/\/carleton.ca\/movebeyondcharity\/wp-content\/uploads\/1_hall_building-240x320.jpeg\" alt=\"\" width=\"240\" height=\"320\" srcset=\"https:\/\/carleton.ca\/movebeyondcharity\/wp-content\/uploads\/1_hall_building-240x320.jpeg 240w, https:\/\/carleton.ca\/movebeyondcharity\/wp-content\/uploads\/1_hall_building-400x533.jpeg 400w, https:\/\/carleton.ca\/movebeyondcharity\/wp-content\/uploads\/1_hall_building-160x213.jpeg 160w, https:\/\/carleton.ca\/movebeyondcharity\/wp-content\/uploads\/1_hall_building-360x480.jpeg 360w, https:\/\/carleton.ca\/movebeyondcharity\/wp-content\/uploads\/1_hall_building.jpeg 768w\" sizes=\"(max-width: 240px) 100vw, 240px\" \/><\/p>\n<p><i>Figure 1 Picture of the entrance of the building, on De Maisonneuve West.<\/i><\/p>\n<p><img decoding=\"async\" loading=\"lazy\" class=\"alignnone size-medium wp-image-69\" src=\"https:\/\/carleton.ca\/movebeyondcharity\/wp-content\/uploads\/2_entrance_hall_building-240x320.jpeg\" alt=\"\" width=\"240\" height=\"320\" srcset=\"https:\/\/carleton.ca\/movebeyondcharity\/wp-content\/uploads\/2_entrance_hall_building-240x320.jpeg 240w, https:\/\/carleton.ca\/movebeyondcharity\/wp-content\/uploads\/2_entrance_hall_building-400x533.jpeg 400w, https:\/\/carleton.ca\/movebeyondcharity\/wp-content\/uploads\/2_entrance_hall_building-160x213.jpeg 160w, https:\/\/carleton.ca\/movebeyondcharity\/wp-content\/uploads\/2_entrance_hall_building-360x480.jpeg 360w, https:\/\/carleton.ca\/movebeyondcharity\/wp-content\/uploads\/2_entrance_hall_building.jpeg 768w\" sizes=\"(max-width: 240px) 100vw, 240px\" \/><\/p>\n<p><i>Figure 2 Main entrance hallway.<\/i><\/p>\n<p>If you go to the left once you have entered the building, you will find a hallway leading to the elevator. Take it up to the second floor:<\/p>\n<p><img decoding=\"async\" loading=\"lazy\" class=\"alignnone size-medium wp-image-70\" src=\"https:\/\/carleton.ca\/movebeyondcharity\/wp-content\/uploads\/3_hallway_leading_to_elevators-240x320.jpeg\" alt=\"\" width=\"240\" height=\"320\" srcset=\"https:\/\/carleton.ca\/movebeyondcharity\/wp-content\/uploads\/3_hallway_leading_to_elevators-240x320.jpeg 240w, https:\/\/carleton.ca\/movebeyondcharity\/wp-content\/uploads\/3_hallway_leading_to_elevators-400x533.jpeg 400w, https:\/\/carleton.ca\/movebeyondcharity\/wp-content\/uploads\/3_hallway_leading_to_elevators-160x213.jpeg 160w, https:\/\/carleton.ca\/movebeyondcharity\/wp-content\/uploads\/3_hallway_leading_to_elevators-360x480.jpeg 360w, https:\/\/carleton.ca\/movebeyondcharity\/wp-content\/uploads\/3_hallway_leading_to_elevators.jpeg 768w\" sizes=\"(max-width: 240px) 100vw, 240px\" \/> \u00a0<img decoding=\"async\" loading=\"lazy\" class=\"alignnone size-medium wp-image-72\" src=\"https:\/\/carleton.ca\/movebeyondcharity\/wp-content\/uploads\/4_elevator_hallway-240x320.jpeg\" alt=\"\" width=\"240\" height=\"320\" srcset=\"https:\/\/carleton.ca\/movebeyondcharity\/wp-content\/uploads\/4_elevator_hallway-240x320.jpeg 240w, https:\/\/carleton.ca\/movebeyondcharity\/wp-content\/uploads\/4_elevator_hallway-400x533.jpeg 400w, https:\/\/carleton.ca\/movebeyondcharity\/wp-content\/uploads\/4_elevator_hallway-160x213.jpeg 160w, https:\/\/carleton.ca\/movebeyondcharity\/wp-content\/uploads\/4_elevator_hallway-360x480.jpeg 360w, https:\/\/carleton.ca\/movebeyondcharity\/wp-content\/uploads\/4_elevator_hallway.jpeg 768w\" sizes=\"(max-width: 240px) 100vw, 240px\" \/> \u00a0<img decoding=\"async\" loading=\"lazy\" class=\"alignnone size-medium wp-image-71\" src=\"https:\/\/carleton.ca\/movebeyondcharity\/wp-content\/uploads\/5_elevator-240x320.jpeg\" alt=\"\" width=\"240\" height=\"320\" srcset=\"https:\/\/carleton.ca\/movebeyondcharity\/wp-content\/uploads\/5_elevator-240x320.jpeg 240w, https:\/\/carleton.ca\/movebeyondcharity\/wp-content\/uploads\/5_elevator-400x533.jpeg 400w, https:\/\/carleton.ca\/movebeyondcharity\/wp-content\/uploads\/5_elevator-160x213.jpeg 160w, https:\/\/carleton.ca\/movebeyondcharity\/wp-content\/uploads\/5_elevator-360x480.jpeg 360w, https:\/\/carleton.ca\/movebeyondcharity\/wp-content\/uploads\/5_elevator.jpeg 768w\" sizes=\"(max-width: 240px) 100vw, 240px\" \/><\/p>\n<p>You can also use the stairs or escalator facing the entrance of the building to reach the second floor:<\/p>\n<p><img decoding=\"async\" loading=\"lazy\" class=\"alignnone size-medium wp-image-73\" src=\"https:\/\/carleton.ca\/movebeyondcharity\/wp-content\/uploads\/6_stairway-240x320.jpeg\" alt=\"\" width=\"240\" height=\"320\" srcset=\"https:\/\/carleton.ca\/movebeyondcharity\/wp-content\/uploads\/6_stairway-240x320.jpeg 240w, https:\/\/carleton.ca\/movebeyondcharity\/wp-content\/uploads\/6_stairway-400x533.jpeg 400w, https:\/\/carleton.ca\/movebeyondcharity\/wp-content\/uploads\/6_stairway-160x213.jpeg 160w, https:\/\/carleton.ca\/movebeyondcharity\/wp-content\/uploads\/6_stairway-360x480.jpeg 360w, https:\/\/carleton.ca\/movebeyondcharity\/wp-content\/uploads\/6_stairway.jpeg 768w\" sizes=\"(max-width: 240px) 100vw, 240px\" \/><\/p>\n<p><i>Figure 3 Stairway leading to second floor.<\/i><\/p>\n<p>On the second floor, on the opposite wall from the entrance to the building, you will see the Hive Caf\u00e9. Take the hallway that is at its left:<\/p>\n<p><img decoding=\"async\" loading=\"lazy\" class=\"alignnone size-medium wp-image-74\" src=\"https:\/\/carleton.ca\/movebeyondcharity\/wp-content\/uploads\/7_hive_cafe-240x320.jpeg\" alt=\"\" width=\"240\" height=\"320\" srcset=\"https:\/\/carleton.ca\/movebeyondcharity\/wp-content\/uploads\/7_hive_cafe-240x320.jpeg 240w, https:\/\/carleton.ca\/movebeyondcharity\/wp-content\/uploads\/7_hive_cafe-400x533.jpeg 400w, https:\/\/carleton.ca\/movebeyondcharity\/wp-content\/uploads\/7_hive_cafe-160x213.jpeg 160w, https:\/\/carleton.ca\/movebeyondcharity\/wp-content\/uploads\/7_hive_cafe-360x480.jpeg 360w, https:\/\/carleton.ca\/movebeyondcharity\/wp-content\/uploads\/7_hive_cafe.jpeg 768w\" sizes=\"(max-width: 240px) 100vw, 240px\" \/><\/p>\n<p>Follow that hallway, go through the glass doors, and you will have arrived at Reggie\u2019s, on your right.<\/p>\n<p><img decoding=\"async\" loading=\"lazy\" class=\"alignnone size-medium wp-image-76\" src=\"https:\/\/carleton.ca\/movebeyondcharity\/wp-content\/uploads\/8_hallway_leading_to_reggies-240x320.jpeg\" alt=\"\" width=\"240\" height=\"320\" srcset=\"https:\/\/carleton.ca\/movebeyondcharity\/wp-content\/uploads\/8_hallway_leading_to_reggies-240x320.jpeg 240w, https:\/\/carleton.ca\/movebeyondcharity\/wp-content\/uploads\/8_hallway_leading_to_reggies-400x533.jpeg 400w, https:\/\/carleton.ca\/movebeyondcharity\/wp-content\/uploads\/8_hallway_leading_to_reggies-160x213.jpeg 160w, https:\/\/carleton.ca\/movebeyondcharity\/wp-content\/uploads\/8_hallway_leading_to_reggies-360x480.jpeg 360w, https:\/\/carleton.ca\/movebeyondcharity\/wp-content\/uploads\/8_hallway_leading_to_reggies.jpeg 768w\" sizes=\"(max-width: 240px) 100vw, 240px\" \/> \u00a0<img decoding=\"async\" loading=\"lazy\" class=\"alignnone size-medium wp-image-75\" src=\"https:\/\/carleton.ca\/movebeyondcharity\/wp-content\/uploads\/9_reggies-240x320.jpeg\" alt=\"\" width=\"240\" height=\"320\" srcset=\"https:\/\/carleton.ca\/movebeyondcharity\/wp-content\/uploads\/9_reggies-240x320.jpeg 240w, https:\/\/carleton.ca\/movebeyondcharity\/wp-content\/uploads\/9_reggies-400x533.jpeg 400w, https:\/\/carleton.ca\/movebeyondcharity\/wp-content\/uploads\/9_reggies-160x213.jpeg 160w, https:\/\/carleton.ca\/movebeyondcharity\/wp-content\/uploads\/9_reggies-360x480.jpeg 360w, https:\/\/carleton.ca\/movebeyondcharity\/wp-content\/uploads\/9_reggies.jpeg 768w\" sizes=\"(max-width: 240px) 100vw, 240px\" \/><\/p>\n<p><strong>Accessibility:<\/strong><\/p>\n<p>Although the venue is located on the second floor of the Henry F. Hall building, it is accessible: there is an elevator on the ground floor near the main entrance (1455 boulevard de Maisonneuve West).\u00a0There are gender-neutral washrooms in the Hall building, although, unfortunately, there are none on its second floor, where the event will be held. You can find a list of Concordia\u2019s inclusive washrooms <a href=\"https:\/\/www.concordia.ca\/maps\/buildings\/inclusive-washrooms\/sgw.html#h\" target=\"_blank\" rel=\"noopener noreferrer\"><span style=\"font-weight: 400;\">here<\/span><\/a><span style=\"font-weight: 400;\">.<\/span><\/p>\n","protected":false},"excerpt":{"rendered":"<p>How to register: Places are limited. To take part in the event, register via Eventbrite. Event Description: Food insecurity: Let\u2019s move beyond charity! Systemic issues require systemic solutions! Come and hear from community groups and researchers who call for systemic social changes and a shift away from food charity approaches to address food insecurity. This [&hellip;]<\/p>\n","protected":false},"author":7,"featured_media":0,"parent":0,"menu_order":0,"comment_status":"closed","ping_status":"closed","template":"","meta":{"_relevanssi_hide_post":"","_relevanssi_hide_content":"","_relevanssi_pin_for_all":"","_relevanssi_pin_keywords":"","_relevanssi_unpin_keywords":"","_relevanssi_related_keywords":"","_relevanssi_related_include_ids":"","_relevanssi_related_exclude_ids":"","_relevanssi_related_no_append":"","_relevanssi_related_not_related":"","_relevanssi_related_posts":"","_relevanssi_noindex_reason":"","_mi_skip_tracking":false,"_exactmetrics_sitenote_active":false,"_exactmetrics_sitenote_note":"","_exactmetrics_sitenote_category":0,"footnotes":"","_links_to":"","_links_to_target":""},"yoast_head":"<!-- This site is optimized with the Yoast SEO plugin v21.2 - https:\/\/yoast.com\/wordpress\/plugins\/seo\/ -->\n<title>Information about the event - Let&#039;s Move beyond Charity<\/title>\n<meta name=\"description\" content=\"How to register: Places are limited. To take part in the event, register via Eventbrite. Event Description: Food insecurity: Let\u2019s move beyond charity!\" \/>\n<meta name=\"robots\" content=\"index, follow, max-snippet:-1, max-image-preview:large, max-video-preview:-1\" \/>\n<link rel=\"canonical\" href=\"https:\/\/carleton.ca\/movebeyondcharity\/info\/\" \/>\n<meta name=\"twitter:label1\" content=\"Est. reading time\" \/>\n\t<meta name=\"twitter:data1\" content=\"4 minutes\" \/>\n<script type=\"application\/ld+json\" class=\"yoast-schema-graph\">{\"@context\":\"https:\/\/schema.org\",\"@graph\":[{\"@type\":\"WebPage\",\"@id\":\"https:\/\/carleton.ca\/movebeyondcharity\/info\/\",\"url\":\"https:\/\/carleton.ca\/movebeyondcharity\/info\/\",\"name\":\"Information about the event - Let&#039;s Move beyond Charity\",\"isPartOf\":{\"@id\":\"https:\/\/carleton.ca\/movebeyondcharity\/#website\"},\"datePublished\":\"2024-05-29T15:38:43+00:00\",\"dateModified\":\"2024-06-06T01:39:20+00:00\",\"description\":\"How to register: Places are limited. To take part in the event, register via Eventbrite. Event Description: Food insecurity: Let\u2019s move beyond charity!\",\"breadcrumb\":{\"@id\":\"https:\/\/carleton.ca\/movebeyondcharity\/info\/#breadcrumb\"},\"inLanguage\":\"en-US\",\"potentialAction\":[{\"@type\":\"ReadAction\",\"target\":[\"https:\/\/carleton.ca\/movebeyondcharity\/info\/\"]}]},{\"@type\":\"BreadcrumbList\",\"@id\":\"https:\/\/carleton.ca\/movebeyondcharity\/info\/#breadcrumb\",\"itemListElement\":[{\"@type\":\"ListItem\",\"position\":1,\"name\":\"Home\",\"item\":\"https:\/\/carleton.ca\/movebeyondcharity\/\"},{\"@type\":\"ListItem\",\"position\":2,\"name\":\"Information about the event\"}]},{\"@type\":\"WebSite\",\"@id\":\"https:\/\/carleton.ca\/movebeyondcharity\/#website\",\"url\":\"https:\/\/carleton.ca\/movebeyondcharity\/\",\"name\":\"Let&#039;s Move beyond Charity\",\"description\":\"\",\"potentialAction\":[{\"@type\":\"SearchAction\",\"target\":{\"@type\":\"EntryPoint\",\"urlTemplate\":\"https:\/\/carleton.ca\/movebeyondcharity\/?s={search_term_string}\"},\"query-input\":\"required name=search_term_string\"}],\"inLanguage\":\"en-US\"}]}<\/script>\n<!-- \/ Yoast SEO plugin. -->","yoast_head_json":{"title":"Information about the event - Let&#039;s Move beyond Charity","description":"How to register: Places are limited. To take part in the event, register via Eventbrite. Event Description: Food insecurity: Let\u2019s move beyond charity!","robots":{"index":"index","follow":"follow","max-snippet":"max-snippet:-1","max-image-preview":"max-image-preview:large","max-video-preview":"max-video-preview:-1"},"canonical":"https:\/\/carleton.ca\/movebeyondcharity\/info\/","twitter_misc":{"Est. reading time":"4 minutes"},"schema":{"@context":"https:\/\/schema.org","@graph":[{"@type":"WebPage","@id":"https:\/\/carleton.ca\/movebeyondcharity\/info\/","url":"https:\/\/carleton.ca\/movebeyondcharity\/info\/","name":"Information about the event - Let&#039;s Move beyond Charity","isPartOf":{"@id":"https:\/\/carleton.ca\/movebeyondcharity\/#website"},"datePublished":"2024-05-29T15:38:43+00:00","dateModified":"2024-06-06T01:39:20+00:00","description":"How to register: Places are limited. To take part in the event, register via Eventbrite. Event Description: Food insecurity: Let\u2019s move beyond charity!","breadcrumb":{"@id":"https:\/\/carleton.ca\/movebeyondcharity\/info\/#breadcrumb"},"inLanguage":"en-US","potentialAction":[{"@type":"ReadAction","target":["https:\/\/carleton.ca\/movebeyondcharity\/info\/"]}]},{"@type":"BreadcrumbList","@id":"https:\/\/carleton.ca\/movebeyondcharity\/info\/#breadcrumb","itemListElement":[{"@type":"ListItem","position":1,"name":"Home","item":"https:\/\/carleton.ca\/movebeyondcharity\/"},{"@type":"ListItem","position":2,"name":"Information about the event"}]},{"@type":"WebSite","@id":"https:\/\/carleton.ca\/movebeyondcharity\/#website","url":"https:\/\/carleton.ca\/movebeyondcharity\/","name":"Let&#039;s Move beyond Charity","description":"","potentialAction":[{"@type":"SearchAction","target":{"@type":"EntryPoint","urlTemplate":"https:\/\/carleton.ca\/movebeyondcharity\/?s={search_term_string}"},"query-input":"required name=search_term_string"}],"inLanguage":"en-US"}]}},"acf":{"banner_image_type":"none","banner_button":"no"},"_links":{"self":[{"href":"https:\/\/carleton.ca\/movebeyondcharity\/wp-json\/wp\/v2\/pages\/21"}],"collection":[{"href":"https:\/\/carleton.ca\/movebeyondcharity\/wp-json\/wp\/v2\/pages"}],"about":[{"href":"https:\/\/carleton.ca\/movebeyondcharity\/wp-json\/wp\/v2\/types\/page"}],"author":[{"embeddable":true,"href":"https:\/\/carleton.ca\/movebeyondcharity\/wp-json\/wp\/v2\/users\/7"}],"replies":[{"embeddable":true,"href":"https:\/\/carleton.ca\/movebeyondcharity\/wp-json\/wp\/v2\/comments?post=21"}],"version-history":[{"count":4,"href":"https:\/\/carleton.ca\/movebeyondcharity\/wp-json\/wp\/v2\/pages\/21\/revisions"}],"predecessor-version":[{"id":27,"href":"https:\/\/carleton.ca\/movebeyondcharity\/wp-json\/wp\/v2\/pages\/21\/revisions\/27"}],"wp:attachment":[{"href":"https:\/\/carleton.ca\/movebeyondcharity\/wp-json\/wp\/v2\/media?parent=21"}],"curies":[{"name":"wp","href":"https:\/\/api.w.org\/{rel}","templated":true}]}}