{"id":32,"date":"2024-05-30T02:36:30","date_gmt":"2024-05-30T06:36:30","guid":{"rendered":"https:\/\/carleton.ca\/movebeyondcharity\/?page_id=32"},"modified":"2024-06-05T23:20:23","modified_gmt":"2024-06-06T03:20:23","slug":"context-for-this-event","status":"publish","type":"page","link":"https:\/\/carleton.ca\/movebeyondcharity\/context-for-this-event\/","title":{"rendered":"Context for this event"},"content":{"rendered":"<h2><b>Overview of food insecurity in Canada\u00a0<\/b><\/h2>\n<p>Given the current context of inflation under which the overall cost of living, including the cost of food, is increasing, it is no surprise that food insecurity is increasing as well. This has not only been observed by researchers,<sup>1<\/sup> but also by food banks, charities and non-profit organizations who have been raising the alarm among governments and the general public to an unprecedented extent since the beginning of the pandemic.<sup>2<\/sup> In fact, food insecurity in Canada has hit a record-breaking high. The 2023 estimates from Statistics Canada\u2019s Canadian Income Survey suggest that, across the ten provinces, 6.9 million people lived in households experiencing food insecurity in 2022, an increase from 15.9% (2021) to 17.8% (2022).<sup>3<\/sup>\u00a0Food insecurity has always been high in the three territories, especially in Nunavut\u2014in 2022, 46.1% of people in Nunavut, 22.2% of people in the Northwest Territories, and 12.8% of people in Yukon lived in food-insecure households.<sup>4<\/sup><\/p>\n<h2><b>Who is food insecure in Canada?<\/b><\/h2>\n<p>It is important to understand that not everyone is at equal risk of experiencing food insecurity. To give one example, the Canadian Income Survey reports that food insecurity is much more prevalent in renter households than among homeowners, whether they have a mortgage or not.<sup>5<\/sup> Food insecurity in Canada also disproportionately affects Indigenous and Black households: in 2022, the highest rates of individuals living in food-insecure households was found among Black people at 39.2% and Indigenous people at 33.4%.<sup>6<\/sup><\/p>\n<p>In fact, decades of research on food insecurity have demonstrated that some groups (racialized and Indigenous people, immigrants\/refugees, women\/single mothers) are more affected by food insecurity than others<sup>7<\/sup>, revealing that the phenomenon has more to do with systemic inequality and discrimination than with personal \u201cfailings.\u201d<sup>8<\/sup><\/p>\n<p>Researchers analyzing the specific and distinct causes of food insecurity among Indigenous communities across Canada have identified several systemic and structural causes explaining the high rates of food insecurity within these communities (apart from systemic discrimination), such as the long-lasting impacts of colonialism and development of colonial policies that restrict access to traditional foods and foodways<sup>9<\/sup>; climate change<sup>10<\/sup> and environmental racism.<sup>11<\/sup><\/p>\n<h2><b>How is food insecurity currently being addressed by governmental authorities?<\/b><\/h2>\n<p>Researchers and many food organizations clearly state that food insecurity will not be solved by charities or food banks.<sup>12<\/sup> PROOF, the Food Insecurity Policy Research Group based at the University of Toronto, has shown that policy intervention is key to addressing the roots of this issue.<sup>13<\/sup> Research with and by food organizations in Canada has also demonstrated the problems with the charity model in addressing food inequality. Among other elements, it has highlighted: how some people will not seek aid when needed because of stigma and shame; the impossibility of having access to adequate food via food banks; and the lack of resources, which lead food banks to struggle to meet the needs of the people they serve.<sup>14<\/sup> And yet, since the 1980s, governments have chosen to disinvest from social policies and welfare and have consistently favoured a charity-based model to fight hunger.<sup>15<\/sup><\/p>\n<p>This collective failure to effectively address food insecurity is intimately tied to the dominant discourse surrounding poverty and food insecurity, which is still riddled with stigma and neoliberal ideals of success and individual responsibility.<sup>16<\/sup><\/p>\n<p>As we are observing record highs of food insecurity and hearing from food banks that they are unable to adequately respond to the increased demand, we find ourselves at a critical juncture that requires from us to reimagine how we address the issues at stake.<\/p>\n<p>Food groups at the forefront of the countrywide fight against food insecurity are advocating for systemic and structural responses to the issue. This event features some of these groups, so that we can learn from them and rethink the food charity model as we work towards more just food futures.<\/p>\n<h3><b>References:\u00a0<\/b><\/h3>\n<p><span style=\"font-weight: 300;\">1 PROOF. (2023). New data on household food insecurity in 2022. PROOF. <\/span><a href=\"https:\/\/proof.utoronto.ca\/2023\/new-data-on-household-food-insecurity-in-2022\/\" target=\"_blank\" rel=\"noopener noreferrer\"><span style=\"font-weight: 300;\">https:\/\/proof.utoronto.ca\/2023\/new-data-on-household-food-insecurity-in-2022\/<\/span><\/a><span style=\"font-weight: 300;\">; Statistics Canada. (2023). The Daily-Canadian Income Survey, 2021. <\/span><a href=\"https:\/\/www150.statcan.gc.ca\/n1\/daily-quotidien\/230502\/dq230502a-eng.htm\" target=\"_blank\" rel=\"noopener noreferrer\"><span style=\"font-weight: 300;\">https:\/\/www150.statcan.gc.ca\/n1\/daily-quotidien\/230502\/dq230502a-eng.htm<\/span><\/a><span style=\"font-weight: 300;\">; Li T, Fafard St-Germain AA, Tarasuk V. (2023) Household food insecurity in Canada, 2022. Toronto: Research to identify policy options to reduce food insecurity (PROOF). Retrieved from <\/span><a href=\"https:\/\/proof.utoronto.ca\/\" target=\"_blank\" rel=\"noopener noreferrer\"><span style=\"font-weight: 300;\">https:\/\/proof.utoronto.ca\/<\/span><\/a><span style=\"font-weight: 300;\">.<\/span><\/p>\n<p><span style=\"font-weight: 300;\">2 Cousineau, M.-E. (2023). Hausse des prix, d\u00e9clin de la sant\u00e9. <\/span><i><span style=\"font-weight: 300;\">Le Devoir<\/span><\/i><span style=\"font-weight: 300;\">. <\/span><a href=\"https:\/\/www.ledevoir.com\/societe\/796292\/hausse-des-prix-declin-de-la-sante\" target=\"_blank\" rel=\"noopener noreferrer\"><span style=\"font-weight: 300;\">https:\/\/www.ledevoir.com\/societe\/796292\/hausse-des-prix-declin-de-la-sante<\/span><\/a><span style=\"font-weight: 300;\">; Currie, B. (2023). \u201cPeople are struggling\u201d: Almost 1 in 4 Nova Scotians are food insecure, data shows. <\/span><i><span style=\"font-weight: 300;\">CBC<\/span><\/i><span style=\"font-weight: 300;\">. <\/span><a href=\"https:\/\/www.cbc.ca\/news\/canada\/nova-scotia\/food-insecurity-data-nova-scotia-2022-1.6833773\" target=\"_blank\" rel=\"noopener noreferrer\"><span style=\"font-weight: 300;\">https:\/\/www.cbc.ca\/news\/canada\/nova-scotia\/food-insecurity-data-nova-scotia-2022-1.6833773<\/span><\/a><span style=\"font-weight: 300;\">; Food Banks Canada. (2022). Hunger Count 2021. <\/span><a href=\"https:\/\/www.moissonmontreal.org\/wp-content\/uploads\/2021\/11\/HungerCount_2021.pdf\" target=\"_blank\" rel=\"noopener noreferrer\"><span style=\"font-weight: 300;\">https:\/\/www.moissonmontreal.org\/wp-content\/uploads\/2021\/11\/HungerCount_2021.pdf<\/span><\/a><span style=\"font-weight: 300;\">; Gear, A. (2023). Food advocates team up to raise awareness of people\u2019s rights to proper\u00a0<\/span><span style=\"font-weight: 300;\">nutrition. <\/span><i><span style=\"font-weight: 300;\">CBC<\/span><\/i><span style=\"font-weight: 300;\">. <\/span><a href=\"https:\/\/www.cbc.ca\/news\/canada\/newfoundland-labrador\/food-security-human-right-1.6858987\" target=\"_blank\" rel=\"noopener noreferrer\"><span style=\"font-weight: 300;\">https:\/\/www.cbc.ca\/news\/canada\/newfoundland-labrador\/food-security-human-right-1.6858987<\/span><\/a><span style=\"font-weight: 300;\">; Pamic, H. (2023). Working-class folks are now food-bank clients. <\/span><i><span style=\"font-weight: 300;\">Toronto Star<\/span><\/i><span style=\"font-weight: 300;\">. <\/span><a href=\"https:\/\/www.thestar.com\/opinion\/working-class-folks-are-now-food-bank-clients\/article_b62dbd3d-e549-57c2-bb39-b7ed456422f2.html\" target=\"_blank\" rel=\"noopener noreferrer\"><span style=\"font-weight: 300;\">https:\/\/www.thestar.com\/opinion\/working-class-folks-are-now-food-bank-clients\/article_b62dbd3d-e549-57c2-bb39-b7ed456422f2.html<\/span><\/a><\/p>\n<p><span style=\"font-weight: 300;\">3 Li et al., 2023.<\/span><\/p>\n<p><span style=\"font-weight: 300;\">4 Li et al., 2023.<\/span><\/p>\n<p><span style=\"font-weight: 300;\">5 In 2022, 27.5 % of the renter households were food-insecure, compared to 16.4 % of homeowners with a mortgage and 8.4 % of homeowners without a mortgage (Li et al., 2023).<\/span><\/p>\n<p><span style=\"font-weight: 300;\">6 <\/span><span style=\"font-weight: 300;\">Li et al., 2023.<\/span><\/p>\n<p><span style=\"font-weight: 300;\">7 Dhunna, S., &amp; Tarasuk, V. (2021). Black\u2013white racial disparities in household food insecurity from 2005 to 2014, Canada. <\/span><i><span style=\"font-weight: 300;\">Canadian Journal of Public Health, 112<\/span><\/i><span style=\"font-weight: 300;\">(5), 888\u2013902; Fournier, F. (2022). La faim justifie des moyens. S\u2019engager \u00e0 r\u00e9duire durablement et \u00e0 pr\u00e9venir l\u2019ins\u00e9curit\u00e9 alimentaire des m\u00e9nages au Qu\u00e9bec. Observatoire des in\u00e9galit\u00e9s. <\/span><a href=\"https:\/\/cdn.ca.yapla.com\/company\/CPYMZxfbWTbVKVvSt3IBEClc\/asset\/files\/La-faim-justifie-des-moyens.pdf\" target=\"_blank\" rel=\"noopener noreferrer\"><span style=\"font-weight: 300;\">https:\/\/cdn.ca.yapla.com\/company\/CPYMZxfbWTbVKVvSt3IBEClc\/asset\/files\/La-faim-justifie-des-moyens.pdf<\/span><\/a><span style=\"font-weight: 300;\">; Li, P. (2021). When it comes to tackling food insecurity, tackling anti-Black racism is an important part of the puzzle. PROOF. <\/span><a href=\"https:\/\/proof.utoronto.ca\/2021\/anti-black-racism\/\" target=\"_blank\" rel=\"noopener noreferrer\"><span style=\"font-weight: 300;\">https:\/\/proof.utoronto.ca\/2021\/anti-black-racism\/<\/span><\/a><span style=\"font-weight: 300;\">; Matheson, J. A., &amp; McIntyre, L. (2014). Women respondents report higher household food insecurity than do men in similar Canadian households. <\/span><i><span style=\"font-weight: 300;\">Public Health Nutrition, 17<\/span><\/i><span style=\"font-weight: 300;\">(1), 40\u201348; PROOF. (n.d.). Indigenous Food Insecurity. <\/span><a href=\"https:\/\/proof.utoronto.ca\/resources\/indigenous-food-insecurity\/\" target=\"_blank\" rel=\"noopener noreferrer\"><span style=\"font-weight: 300;\">https:\/\/proof.utoronto.ca\/resources\/indigenous-food-insecurity\/<\/span><\/a><span style=\"font-weight: 300;\">.<\/span><\/p>\n<p><span style=\"font-weight: 300;\">8 De Souza, R. (2019). <\/span><i><span style=\"font-weight: 300;\">Feeding the other: Whiteness, privilege, and neoliberal stigma in food pantries<\/span><\/i><span style=\"font-weight: 300;\">. Massachusetts: MIT Press.<\/span><\/p>\n<p><span style=\"font-weight: 300;\">9 Bodirsky, M., &amp; Johnson, J. (2008). Decolonizing Diet: Healing by Reclaiming Traditional Indigenous Foodways. <em>Cuizine: Journal of Canadian Food Cultures, 1<\/em>(1).; Dennis, M. K., &amp; Robin, T. (2020). Healthy on our own terms: Indigenous wellbeing and the colonized food system. <em>Critical Dietetics, 5<\/em>(1).; Gavenus, E. R., Beveridge, R., &amp; Satterfield, T. (2023). Restorative diets: A methodological exploration comparing historical and contemporary salmon harvest rates. <em>Ecology and Society, 28<\/em>(2); Martin, D., &amp; Amos, M. (2017). What constitutes good food? Towards a critical Indigenous perspective on food and health. In M. Koc\u0326, A. Winson, &amp; J. M. Sumner (Eds.), <em>Critical perspectives in food studies<\/em> (2nd edition, pp. 205\u2013220). Oxford University Press; Richmond, C., Kerr, R. B., Neufeld, H., Steckley, M., Wilson, K., &amp; Dokis, B. (2021). Supporting food security for Indigenous families through the restoration of Indigenous foodways. <em>Canadian Geographies \/ G\u00e9ographies Canadiennes, 65<\/em>(1), 97\u2013109.<\/span><\/p>\n<p>10 Beaumier, M. C., &amp; Ford, J. D. (2010). Food insecurity among Inuit women exacerbated by socioeconomic stresses and climate change. <em>Canadian Journal of Public Health, 101<\/em>(3), 196\u2013201.<\/p>\n<p>11 Ahmed, F. et al. (2023). Indigenous Land-Based Approaches to Well-Being: The Niska (Goose) Harvesting Program in Subarctic Ontario, Canada. <em>International Journal of Environmental Research and Public Health, 20<\/em>(4), 3686.; Co-operative Housing Federation of BC. (2022). Environmental Racism &amp; Our Food System. <em>CHF BC<\/em>. <a href=\"https:\/\/www.chf.bc.ca\/sustainability-newsletters\/environmental-racism-food-system\/\" target=\"_blank\" rel=\"noopener noreferrer\">https:\/\/www.chf.bc.ca\/sustainability-newsletters\/environmental-racism-food-system\/<\/a>; Liboiron, M. (2021). <em>Pollution Is Colonialism<\/em>. Durham: Duke University Press.<\/p>\n<p>12 Dachner, N., &amp; Tarasuk, V. (2017). Origins and Consequences of and Responses to Food Insecurity in Canada. In M. Koc\u0326, A. Winson, &amp; J. M. Sumner (Eds.), <em>Critical perspectives in food studies<\/em> (2nd edition). Oxford University Press; PROOF 2023a; 2023b; Rideout, K. et al. (2007). Bringing home the right to food in Canada: Challenges and possibilities for achieving food security. <em>Public Health Nutrition, 10<\/em>(6), 566\u2013573; Tarasuk, V., Fafard St-Germain, A.-A., &amp; Loopstra, R. (2020). The Relationship Between Food Banks and Food Insecurity: Insights from Canada. <em>Voluntas (Manchester, England), 31<\/em>(5), 841\u2013852.<\/p>\n<p>13 Brown, E. M., &amp; Tarasuk, V. (2019). Money speaks: Reductions in severe food insecurity follow the Canada Child Benefit. <em>Preventive Medicine, 129<\/em>, 105876; Men, F., Urquia, M. L., &amp; Tarasuk, V. (2021). The role of provincial social policies and economic environments in shaping food insecurity among Canadian families with children. <em>Preventive Medicine, 148<\/em>, 106558.<\/p>\n<p>14 See for example the <a href=\"https:\/\/static1.squarespace.com\/static\/54d9128be4b0de7874ec9a82\/t\/648379449f66dc3abfdb190d\/1686337869723\/rethinking-food-charity-final-report-WEB.pdf\" target=\"_blank\" rel=\"noopener noreferrer\">\u201cRethinking Food Charity\u201d report by Food First Newfoundland<\/a>, or Fournier, 2022.<\/p>\n<p>15 De Souza, 2019; Poppendieck, J. (1998). <em>Sweet charity?: Emergency food and the end of entitlement<\/em>. Viking; Tarasuk, V., Dachner, N., &amp; Loopstra, R. (2014). Food banks, welfare, and food insecurity in Canada. <em>British Food Journal, 116<\/em>(9), 1405\u20131417.<\/p>\n<p>16 De Souza, 2019; Pollard, C. M., &amp; Booth, S. (2019). Food Insecurity and Hunger in Rich Countries\u2014It Is Time for Action against Inequality. <em>International Journal of Environmental Research and Public Health, 16<\/em>(10).<\/p>\n","protected":false},"excerpt":{"rendered":"<p>Overview of food insecurity in Canada\u00a0 Given the current context of inflation under which the overall cost of living, including the cost of food, is increasing, it is no surprise that food insecurity is increasing as well. This has not only been observed by researchers,1 but also by food banks, charities and non-profit organizations who [&hellip;]<\/p>\n","protected":false},"author":7,"featured_media":0,"parent":0,"menu_order":0,"comment_status":"closed","ping_status":"closed","template":"","meta":{"_relevanssi_hide_post":"","_relevanssi_hide_content":"","_relevanssi_pin_for_all":"","_relevanssi_pin_keywords":"","_relevanssi_unpin_keywords":"","_relevanssi_related_keywords":"","_relevanssi_related_include_ids":"","_relevanssi_related_exclude_ids":"","_relevanssi_related_no_append":"","_relevanssi_related_not_related":"","_relevanssi_related_posts":"","_relevanssi_noindex_reason":"","_mi_skip_tracking":false,"_exactmetrics_sitenote_active":false,"_exactmetrics_sitenote_note":"","_exactmetrics_sitenote_category":0,"footnotes":"","_links_to":"","_links_to_target":""},"yoast_head":"<!-- This site is optimized with the Yoast SEO plugin v21.2 - https:\/\/yoast.com\/wordpress\/plugins\/seo\/ -->\n<title>Context for this event - Let&#039;s Move beyond Charity<\/title>\n<meta name=\"description\" content=\"Overview of food insecurity in Canada\u00a0 Given the current context of inflation under which the overall cost of living, including the cost of food, is\" \/>\n<meta name=\"robots\" content=\"index, follow, max-snippet:-1, max-image-preview:large, max-video-preview:-1\" \/>\n<link rel=\"canonical\" href=\"https:\/\/carleton.ca\/movebeyondcharity\/context-for-this-event\/\" \/>\n<meta name=\"twitter:label1\" content=\"Est. reading time\" \/>\n\t<meta name=\"twitter:data1\" content=\"7 minutes\" \/>\n<script type=\"application\/ld+json\" class=\"yoast-schema-graph\">{\"@context\":\"https:\/\/schema.org\",\"@graph\":[{\"@type\":\"WebPage\",\"@id\":\"https:\/\/carleton.ca\/movebeyondcharity\/context-for-this-event\/\",\"url\":\"https:\/\/carleton.ca\/movebeyondcharity\/context-for-this-event\/\",\"name\":\"Context for this event - Let&#039;s Move beyond Charity\",\"isPartOf\":{\"@id\":\"https:\/\/carleton.ca\/movebeyondcharity\/#website\"},\"datePublished\":\"2024-05-30T06:36:30+00:00\",\"dateModified\":\"2024-06-06T03:20:23+00:00\",\"description\":\"Overview of food insecurity in Canada\u00a0 Given the current context of inflation under which the overall cost of living, including the cost of food, is\",\"breadcrumb\":{\"@id\":\"https:\/\/carleton.ca\/movebeyondcharity\/context-for-this-event\/#breadcrumb\"},\"inLanguage\":\"en-US\",\"potentialAction\":[{\"@type\":\"ReadAction\",\"target\":[\"https:\/\/carleton.ca\/movebeyondcharity\/context-for-this-event\/\"]}]},{\"@type\":\"BreadcrumbList\",\"@id\":\"https:\/\/carleton.ca\/movebeyondcharity\/context-for-this-event\/#breadcrumb\",\"itemListElement\":[{\"@type\":\"ListItem\",\"position\":1,\"name\":\"Home\",\"item\":\"https:\/\/carleton.ca\/movebeyondcharity\/\"},{\"@type\":\"ListItem\",\"position\":2,\"name\":\"Context for this event\"}]},{\"@type\":\"WebSite\",\"@id\":\"https:\/\/carleton.ca\/movebeyondcharity\/#website\",\"url\":\"https:\/\/carleton.ca\/movebeyondcharity\/\",\"name\":\"Let&#039;s Move beyond Charity\",\"description\":\"\",\"potentialAction\":[{\"@type\":\"SearchAction\",\"target\":{\"@type\":\"EntryPoint\",\"urlTemplate\":\"https:\/\/carleton.ca\/movebeyondcharity\/?s={search_term_string}\"},\"query-input\":\"required name=search_term_string\"}],\"inLanguage\":\"en-US\"}]}<\/script>\n<!-- \/ Yoast SEO plugin. -->","yoast_head_json":{"title":"Context for this event - Let&#039;s Move beyond Charity","description":"Overview of food insecurity in Canada\u00a0 Given the current context of inflation under which the overall cost of living, including the cost of food, is","robots":{"index":"index","follow":"follow","max-snippet":"max-snippet:-1","max-image-preview":"max-image-preview:large","max-video-preview":"max-video-preview:-1"},"canonical":"https:\/\/carleton.ca\/movebeyondcharity\/context-for-this-event\/","twitter_misc":{"Est. reading time":"7 minutes"},"schema":{"@context":"https:\/\/schema.org","@graph":[{"@type":"WebPage","@id":"https:\/\/carleton.ca\/movebeyondcharity\/context-for-this-event\/","url":"https:\/\/carleton.ca\/movebeyondcharity\/context-for-this-event\/","name":"Context for this event - Let&#039;s Move beyond Charity","isPartOf":{"@id":"https:\/\/carleton.ca\/movebeyondcharity\/#website"},"datePublished":"2024-05-30T06:36:30+00:00","dateModified":"2024-06-06T03:20:23+00:00","description":"Overview of food insecurity in Canada\u00a0 Given the current context of inflation under which the overall cost of living, including the cost of food, is","breadcrumb":{"@id":"https:\/\/carleton.ca\/movebeyondcharity\/context-for-this-event\/#breadcrumb"},"inLanguage":"en-US","potentialAction":[{"@type":"ReadAction","target":["https:\/\/carleton.ca\/movebeyondcharity\/context-for-this-event\/"]}]},{"@type":"BreadcrumbList","@id":"https:\/\/carleton.ca\/movebeyondcharity\/context-for-this-event\/#breadcrumb","itemListElement":[{"@type":"ListItem","position":1,"name":"Home","item":"https:\/\/carleton.ca\/movebeyondcharity\/"},{"@type":"ListItem","position":2,"name":"Context for this event"}]},{"@type":"WebSite","@id":"https:\/\/carleton.ca\/movebeyondcharity\/#website","url":"https:\/\/carleton.ca\/movebeyondcharity\/","name":"Let&#039;s Move beyond Charity","description":"","potentialAction":[{"@type":"SearchAction","target":{"@type":"EntryPoint","urlTemplate":"https:\/\/carleton.ca\/movebeyondcharity\/?s={search_term_string}"},"query-input":"required name=search_term_string"}],"inLanguage":"en-US"}]}},"acf":{"banner_image_type":"none","banner_button":"no"},"_links":{"self":[{"href":"https:\/\/carleton.ca\/movebeyondcharity\/wp-json\/wp\/v2\/pages\/32"}],"collection":[{"href":"https:\/\/carleton.ca\/movebeyondcharity\/wp-json\/wp\/v2\/pages"}],"about":[{"href":"https:\/\/carleton.ca\/movebeyondcharity\/wp-json\/wp\/v2\/types\/page"}],"author":[{"embeddable":true,"href":"https:\/\/carleton.ca\/movebeyondcharity\/wp-json\/wp\/v2\/users\/7"}],"replies":[{"embeddable":true,"href":"https:\/\/carleton.ca\/movebeyondcharity\/wp-json\/wp\/v2\/comments?post=32"}],"version-history":[{"count":4,"href":"https:\/\/carleton.ca\/movebeyondcharity\/wp-json\/wp\/v2\/pages\/32\/revisions"}],"predecessor-version":[{"id":200,"href":"https:\/\/carleton.ca\/movebeyondcharity\/wp-json\/wp\/v2\/pages\/32\/revisions\/200"}],"wp:attachment":[{"href":"https:\/\/carleton.ca\/movebeyondcharity\/wp-json\/wp\/v2\/media?parent=32"}],"curies":[{"name":"wp","href":"https:\/\/api.w.org\/{rel}","templated":true}]}}