{"id":36,"date":"2024-05-30T02:45:10","date_gmt":"2024-05-30T06:45:10","guid":{"rendered":"https:\/\/carleton.ca\/movebeyondcharity\/?page_id=36"},"modified":"2024-05-30T13:50:11","modified_gmt":"2024-05-30T17:50:11","slug":"bios-des-presentateurs-et-des-presentatrices","status":"publish","type":"page","link":"https:\/\/carleton.ca\/movebeyondcharity\/bios-des-presentateurs-et-des-presentatrices\/","title":{"rendered":"Bios des pr\u00e9sentateurs et des pr\u00e9sentatrices"},"content":{"rendered":"<h2><b>Anthony Musiwa, Centres communautaires d\u2019alimentation du Canada (il)<\/b><\/h2>\n<p><span style=\"font-weight: 400;\">Anthony Musiwa, d\u00e9tenteur d\u2019un doctorat, est le conseiller principal en mati\u00e8re de politiques de l\u2019Unit\u00e9 de lutte contre la pauvret\u00e9 de Centres communautaires d\u2019alimentation du Canada. B\u00e9n\u00e9ficiaire de la bourse postdoctorale Banting, il est membre du D\u00e9partement des m\u00e9thodes, des donn\u00e9es probantes et de l\u2019impact de la recherche en sant\u00e9 de l\u2019Universit\u00e9 McMaster. Il est \u00e9galement membre du Centre de recherche sur l\u2019enfance et la famille de l\u2019Universit\u00e9 McGill. Anthony situe son travail en mati\u00e8re de politiques, de pratique et de recherche \u00e0 l\u2019intersection des enjeux de pauvret\u00e9, de sant\u00e9 maternelle et infantile ainsi que de protection de l\u2019enfance. Son travail porte plus pr\u00e9cis\u00e9ment sur l\u2019incidence des politiques publiques sur l\u2019acc\u00e8s aux services de base pour les enfants et les familles \u00e0 faible revenu. Il lui a d\u2019ailleurs valu plusieurs prix convoit\u00e9s, d\u00e9cern\u00e9s par des agences comme le Conseil de recherches en sciences humaines, le Fonds de recherche du Qu\u00e9bec\u2013Soci\u00e9t\u00e9 et culture ainsi que le Centre de recherches pour le d\u00e9veloppement international. Dans le cadre de son travail, Anthony met \u00e0 profit sa formation interdisciplinaire en travail social, en droit, en recherche sur les politiques et en \u00e9tudes du d\u00e9veloppement, formation suivie au Canada, au Royaume-Uni et au Zimbabwe.<\/span><\/p>\n<h2><b>Carol\u00a0McGregor (elle)<\/b><\/h2>\n<p><span style=\"font-weight: 400;\">M\u00e8re, grand-m\u00e8re, cheffe traditionnelle, Kanien\u2019keh\u00e1:ka de Kahnaw\u00e0:ke.<\/span><\/p>\n<h2><b>Brady H. Weiler (il)<\/b><\/h2>\n<p><span style=\"font-weight: 400;\">Brady H. Weiler, dot\u00e9 d\u2019un bagage de comp\u00e9tences unique, cumule plus d\u2019une quarantaine\u00a0d\u2019ann\u00e9es d\u2019exp\u00e9rience en restauration et en h\u00f4tellerie. \u00c9lev\u00e9 \u00e0 Edmonton, il a d\u00e9velopp\u00e9 tr\u00e8s t\u00f4t un int\u00e9r\u00eat pour la nourriture et la cuisine. Sa passion pour l\u2019alimentation l\u2019a amen\u00e9 \u00e0 travailler dans une sandwicherie locale \u00e0 12\u00a0ans, puis \u00e0 devenir pr\u00e9pos\u00e9 au ma\u00efs souffl\u00e9 au Colis\u00e9e. Au secondaire, il a travaill\u00e9 pendant trois ans \u00e0 l\u2019h\u00f4tel Four Seasons d\u2019Edmonton. Plus tard, il a aussi port\u00e9 le chapeau de chef principal dans un restaurant aux \u00eeles Ca\u00efman.<\/span><\/p>\n<p><span style=\"font-weight: 400;\">Quelques ann\u00e9es apr\u00e8s son retour au Canada, \u00e0 31\u00a0ans, Brady a ouvert \u00e0 Wetaskiwin la Pipestone Food Company, qui a roul\u00e9 pendant 17\u00a0ans comme restaurant gastronomique, pub irlandais et traiteur. Brady a ensuite repr\u00e9sent\u00e9 une ferme locale vendant des produits carn\u00e9s enti\u00e8rement naturels et sans hormones, ce qui l\u2019a amen\u00e9 \u00e0 devenir fournisseur pour le programme alimentaire de la Commission scolaire de Maskwac\u00ees. En tant que professionnel de l\u2019industrie, il a d\u2019abord \u00e9t\u00e9 sceptique\u00a0\u2013\u00a0mais piqu\u00e9 de curiosit\u00e9\u00a0\u2013\u00a0en apprenant que le programme nourrissait les \u00e9l\u00e8ves pour moins d\u2019un dollar par jour.<\/span><\/p>\n<p><span style=\"font-weight: 400;\">Enfin, le hasard a bien fait les choses\u00a0: il est maintenant directeur de ce programme formidable.<\/span><\/p>\n<h2><b>Elaine Power, Universit\u00e9 Queen\u2019s (elle)<\/b><\/h2>\n<p><span style=\"font-weight: 400;\">Elaine Power est professeure \u00e0 l\u2019\u00c9cole de kin\u00e9siologie et d\u2019\u00e9tudes sur la sant\u00e9 de l\u2019Universit\u00e9 Queen\u2019s. D<\/span><span style=\"font-weight: 400;\">re<\/span><span style=\"font-weight: 400;\"> Power a obtenu son doctorat de l\u2019Universit\u00e9 de Toronto en 2002. Chercheuse en \u00e9tudes culturelles, elle consacre ses recherches aux intersections entre l\u2019alimentation, la sant\u00e9 et le revenu, avec un int\u00e9r\u00eat particulier pour l\u2019ins\u00e9curit\u00e9 alimentaire. Elle est membre fondatrice du Kingston Action Group for a Basic Income Guarantee et coauteure du livre <\/span><i><span style=\"font-weight: 400;\">The Case for Basic Income: Freedom, Security, Justice<\/span><\/i><span style=\"font-weight: 400;\"> (BTL Press, 2021). Actuellement, D<\/span><span style=\"font-weight: 400;\">re<\/span><span style=\"font-weight: 400;\"> Power travaille avec une petite \u00e9quipe d\u2019universitaires et d\u2019artistes pour cr\u00e9er un roman graphique pr\u00e9sentant aux jeunes les facteurs syst\u00e9miques et structurels qui sont \u00e0 l\u2019origine de l\u2019ins\u00e9curit\u00e9 alimentaire, et qui les encourage \u00e0 envisager des solutions au-del\u00e0 du mod\u00e8le caritatif traditionnel.<\/span><\/p>\n<h2><b>Fran\u00e7ois Fournier, Observatoire qu\u00e9b\u00e9cois des in\u00e9galit\u00e9s\u00a0(il\/lui)<\/b><\/h2>\n<p><span style=\"font-weight: 400;\">Fran\u00e7ois Fournier d\u00e9tient une ma\u00eetrise en sciences politiques et un doctorat en sociologie. G\u00e9n\u00e9raliste curieux plut\u00f4t que sp\u00e9cialiste d\u2019un domaine d\u2019\u00e9tude, il a effectu\u00e9 des mandats de recherche, qualitatifs et documentaires, tr\u00e8s vari\u00e9s, notamment aupr\u00e8s de populations vuln\u00e9rables. Son parcours de recherche l\u2019a conduit \u00e0 travailler comme analyste senior sur une diversit\u00e9 de probl\u00e9matiques sociales dans des cadres universitaires, des instances de droits de la personne et pour deux importantes commissions d\u2019enqu\u00eate au Qu\u00e9bec.<\/span><\/p>\n<p><span style=\"font-weight: 400;\">Chercheur \u00e0 l\u2019Observatoire qu\u00e9b\u00e9cois des in\u00e9galit\u00e9s depuis plus de trois ans, ses int\u00e9r\u00eats de recherche portent notamment sur les in\u00e9galit\u00e9s en mati\u00e8re de besoins essentiels (ins\u00e9curit\u00e9 alimentaire) et sur les d\u00e9terminants de la mobilit\u00e9 sociale (in\u00e9galit\u00e9s scolaires), en int\u00e9grant une perspective intersectionnelle. Il coordonne \u00e9galement \u00e0 l\u2019Observatoire un chantier d\u2019\u00e9ducation aux in\u00e9galit\u00e9s qui vise \u00e0 sensibiliser aussi bien les \u00e9l\u00e8ves du secondaire que le grand public aux disparit\u00e9s sociales, \u00e0 leurs cons\u00e9quences et \u00e0 leurs causes structurelles.<\/span><\/p>\n<h2><b>Irena Knezevic, Universit\u00e9 Carleton (elle)<\/b><\/h2>\n<p><i><span style=\"font-weight: 400;\"><strong>Co-organisatrice de l\u2019\u00e9v\u00e9nement.<\/strong><br \/>\n<\/span><\/i><span style=\"font-weight: 400;\">Irena Knezevic est professeure agr\u00e9g\u00e9e en communication, culture et sant\u00e9 \u00e0 l\u2019Universit\u00e9 Carleton \u00e0 Ottawa. Dans ce cadre, elle codirige l\u2019initiative de recherche Food and Media Hub. La plupart de ses travaux s\u2019inscrivent dans une approche communautaire et portent sur les syst\u00e8mes alimentaires, la communication en sant\u00e9, l\u2019\u00e9quit\u00e9 et les discours entourant l\u2019alimentation et la sant\u00e9. Elle est \u00e9galement co\u00e9ditrice du manuel <\/span><i><span style=\"font-weight: 400;\">Food Studies: Matter, Meaning, Movement<\/span><\/i><span style=\"font-weight: 400;\"> (2022). Elle a enseign\u00e9 les \u00e9tudes alimentaires aux niveaux coll\u00e9gial et universitaire et est actuellement titulaire de la Chaire en innovation p\u00e9dagogique 2022-2025 de l\u2019Universit\u00e9 Carleton.<\/span><\/p>\n<h2><b>Jocelyne Gamache, Regroupement des cuisines collectives du Qu\u00e9bec (elle)<\/b><\/h2>\n<p><span style=\"font-weight: 400;\">Jocelyne Gamache est coordonnatrice g\u00e9n\u00e9rale du Regroupement des cuisines collectives du Qu\u00e9bec (RCCQ), un organisme qui favorise l\u2019\u00e9mergence, la consolidation et la concertation des cuisines collectives sur le territoire du Qu\u00e9bec. Avant de se joindre au Regroupement en 2019, elle a compl\u00e9t\u00e9 une formation en sciences politiques et travaill\u00e9 dans diff\u00e9rents groupes communautaires impliqu\u00e9s aupr\u00e8s de personnes en situation de vuln\u00e9rabilit\u00e9. Elle a travaill\u00e9 notamment dans un organisme de d\u00e9fense des droits des personnes assist\u00e9es sociales \u00e0 Montr\u00e9al, au sein d\u2019un organisme qui \u0153uvre dans le domaine des troubles d\u2019apprentissage, ainsi que dans le domaine de la petite enfance.<\/span><\/p>\n<p><span style=\"font-weight: 400;\">Depuis le d\u00e9but de son mandat au sein du RCCQ, elle a mis sur pied un comit\u00e9 qui travaille \u00e0 d\u00e9velopper un projet de loi-cadre sur le droit \u00e0 l\u2019alimentation. Elle est passionn\u00e9e par les mouvements de mobilisation et de revendication citoyennes ainsi que par le droit \u00e0 l\u2019alimentation pour tous et toutes.<\/span><\/p>\n<h2><b>Joshua Smee, Food First NL (il\/lui)<\/b><\/h2>\n<p><span style=\"font-weight: 400;\">Joshua Smee est le directeur g\u00e9n\u00e9ral de Food First NL, une organisation provinciale \u00e0 but non lucratif qui travaille avec les communaut\u00e9s de Terre-Neuve-et-Labrador pour faire progresser le droit \u00e0 l\u2019alimentation et promouvoir leur vision d\u2019une province o\u00f9 chacun peut manger avec joie et dignit\u00e9.<\/span><\/p>\n<p><span style=\"font-weight: 400;\">Passionn\u00e9 par les changements syst\u00e9miques et le pouvoir de l\u2019action collective, Joshua a jou\u00e9 un r\u00f4le de premier plan dans de nombreuses coalitions et campagnes. Il copr\u00e9side le groupe de travail sur la s\u00e9curit\u00e9 alimentaire avec le gouvernement de Terre-Neuve-et-Labrador, est l\u2019un des principaux organisateurs de Basic Income NL et a si\u00e9g\u00e9 au groupe de travail de la province sur l\u2019Accord sur la sant\u00e9.<\/span><\/p>\n<p><span style=\"font-weight: 400;\">En dehors de son travail, Joshua fait partie de nombreux conseils d\u2019administration et comit\u00e9s et s\u2019investit dans des travaux autour de l\u2019engagement civique, de l\u2019alimentation locale et des arts.<\/span><\/p>\n<h2><b>Leslie Tour\u00e9 Kapo, Institut national de la recherche scientifique (il\/lui)<\/b><\/h2>\n<p><span style=\"font-weight: 400;\">Leslie Tour\u00e9 Kapo est professeur au Centre Urbanisation Culture Soci\u00e9t\u00e9 de l\u2019Institut national de la recherche scientifique (INRS). Les int\u00e9r\u00eats de recherche de D<\/span><span style=\"font-weight: 400;\">r<\/span><span style=\"font-weight: 400;\"> Kapo portent sur les \u00e9tudes urbaines, les \u00e9tudes sur la jeunesse, la th\u00e9orie critique de la race ainsi que le genre et la sexualit\u00e9. Il explore sp\u00e9cifiquement l\u2019impact des processus de racialisation sur la vie quotidienne et ordinaire des jeunes dans des quartiers \u00e0 faible revenu et dans des quartiers d\u2019immigrant.e.s. Le projet de recherche doctoral de D<\/span><span style=\"font-weight: 400;\">r<\/span><span style=\"font-weight: 400;\"> Kapo portait sur la vie quotidienne des jeunes personnes racialis\u00e9es \u00e0 Montr\u00e9al. Il a co\u00e9crit le rapport \u00ab\u00a0Acc\u00e8s \u00e0 l\u2019alimentation locale au Canada francophone\u00a0: perspectives antiracistes et d\u00e9coloniales\u00a0\u00bb et il est membre du R\u00e9seau panafricain canadien pour la souverainet\u00e9 alimentaire.<\/span><\/p>\n<h2><b>Myriam Durocher, Universit\u00e9 d\u2019Amsterdam (elle)<\/b><\/h2>\n<p><i><span style=\"font-weight: 400;\"><strong>Co-organisatrice de l\u2019\u00e9v\u00e9nement.<\/strong><br \/>\n<\/span><\/i><span style=\"font-weight: 400;\">Myriam Durocher est chercheuse postdoctorale financ\u00e9e par le CRSH et affili\u00e9e avec le d\u00e9partement d\u2019anthropologie (programme <\/span><i><span style=\"font-weight: 400;\">Health, Care and the Body<\/span><\/i><span style=\"font-weight: 400;\">) de l\u2019Universit\u00e9 d\u2019Amsterdam (Pays-Bas). Ses recherches portent sur l\u2019examen critique des relations de pouvoir n\u00e9goci\u00e9es dans la culture alimentaire du Qu\u00e9bec et du Canada afin d\u2019initier un changement constructif vers des cultures et des syst\u00e8mes alimentaires plus justes (c\u2019est-\u00e0-dire plus durables, plus inclusifs et moins normatifs). Ses recherches actuelles, engag\u00e9es dans la communaut\u00e9, portent sur le processus du Regroupement des cuisines collectives du Qu\u00e9bec, un groupe communautaire qui travaille au d\u00e9veloppement d\u2019un projet de loi-cadre sur le droit \u00e0 l\u2019alimentation.<\/span><\/p>\n<h2><b>Rachel Engler-Stringer, Universit\u00e9 de la Saskatchewan (elle)<\/b><\/h2>\n<p><span style=\"font-weight: 400;\">Rachel Engler-Stringer est professeure au d\u00e9partement de sant\u00e9 communautaire et d\u2019\u00e9pid\u00e9miologie du Coll\u00e8ge de m\u00e9decine de l\u2019Universit\u00e9 de la Saskatchewan. Elle est \u00e9galement chercheuse pour la Saskatchewan Population Health and Evaluation Research Unit. Titulaire d\u2019un doctorat en nutrition, elle travaille sur la s\u00e9curit\u00e9 alimentaire communautaire, les environnements alimentaires et l\u2019acc\u00e8s \u00e0 la nourriture, la durabilit\u00e9 du syst\u00e8me alimentaire, la promotion de la sant\u00e9 et la recherche communautaire et participative. Plus r\u00e9cemment, les recherches de D<\/span><span style=\"font-weight: 400;\">re<\/span><span style=\"font-weight: 400;\"> Engler-Stringer ont port\u00e9 sur l\u2019analyse des programmes d\u2019alimentation scolaire et la mani\u00e8re dont ceux-ci peuvent nous aider \u00e0 nous reconnecter avec la production alimentaire et \u00e0 cr\u00e9er des syst\u00e8mes alimentaires locaux plus durables. D<\/span><span style=\"font-weight: 400;\">re<\/span><span style=\"font-weight: 400;\"> Engler-Stringer milite activement depuis de nombreuses ann\u00e9es en faveur d\u2019un programme national d\u2019alimentation scolaire au Canada. Elle est actuellement coresponsable d\u2019un groupe de recherche interdisciplinaire qui travaille \u00e0 informer la prise de d\u00e9cision au f\u00e9d\u00e9ral sur un programme national d\u2019alimentation scolaire.<\/span><\/p>\n<h2><b>Shylah\u00a0Wolfe, Concordia Food Coalition (elle)<\/b><\/h2>\n<p><span style=\"font-weight: 400;\">Shylah\u00a0Wolfe est chef cuisini\u00e8re professionnelle et organisatrice communautaire. Avant de devenir directrice g\u00e9n\u00e9rale de la Concordia Food Coalition, elle a cog\u00e9r\u00e9 une petite ferme biologique, cuisin\u00e9 \u00e0 la Hive Caf\u00e9 Coop, coordonn\u00e9 CHNGR MTL (\u00ab\u00a0Changer Montr\u00e9al\u00a0\u00bb) et a \u00e9t\u00e9 la gestionnaire de projet de la Local Food and Farm Cooperative.<\/span><\/p>\n<h2><b>Tabitha Robin, Universit\u00e9 de la Colombie-Britannique (elle)<\/b><\/h2>\n<p><i><span style=\"font-weight: 400;\"><strong>Co-organisatrice de l\u2019\u00e9v\u00e9nement.<\/strong><br \/>\n<\/span><\/i><span style=\"font-weight: 400;\">Tabitha Robin est chercheuse, \u00e9ducatrice et \u00e9crivaine d\u2019ascendance mixte m\u00e9tisse et crie. Elle est professeure adjointe \u00e0 la Facult\u00e9 des terres et des syst\u00e8mes alimentaires de l\u2019Universit\u00e9 de la Colombie-Britannique. D<\/span><span style=\"font-weight: 400;\">re<\/span><span style=\"font-weight: 400;\"> Robin a obtenu son doctorat \u00e0 l\u2019Universit\u00e9 du Manitoba, o\u00f9 elle a examin\u00e9 le r\u00f4le de la nourriture dans les pratiques d\u2019aide et de gu\u00e9rison des peuples cris. Elle explore dans ses recherches les processus et les pratiques des syst\u00e8mes alimentaires autochtones, en particulier les facteurs qui affectent la souverainet\u00e9 alimentaire des peuples autochtones.<\/span><\/p>\n<h2><b>Tiff-Annie Kenny, Universit\u00e9 Laval (elle)<\/b><\/h2>\n<p><span style=\"font-weight: 400;\">Tiff-Annie Kenny est professeure adjointe au d\u00e9partement de m\u00e9decine sociale et pr\u00e9ventive de la Facult\u00e9 de m\u00e9decine de l\u2019Universit\u00e9 Laval. Elle est \u00e9galement chercheuse au Centre de recherche du CHU de Qu\u00e9bec. Ses recherches font appel \u00e0 des m\u00e9thodologies participatives et syst\u00e9miques pour examiner les d\u00e9terminants sociaux et \u00e9cologiques de la sant\u00e9, et portent sur la s\u00e9curit\u00e9 alimentaire, la nutrition et les maladies chroniques chez les peuples autochtones du Canada. Au cours des 10 derni\u00e8res ann\u00e9es, D<\/span><span style=\"font-weight: 400;\">re<\/span><span style=\"font-weight: 400;\"> Kenny a collabor\u00e9 avec les communaut\u00e9s autochtones des r\u00e9gions nordiques et c\u00f4ti\u00e8res du Canada pour \u00e9tudier les effets des changements climatiques sur la s\u00e9curit\u00e9 alimentaire et la sant\u00e9, explorant les strat\u00e9gies employ\u00e9es par ces communaut\u00e9s pour soutenir des syst\u00e8mes alimentaires r\u00e9silients.<\/span><\/p>\n","protected":false},"excerpt":{"rendered":"<p>Anthony Musiwa, Centres communautaires d\u2019alimentation du Canada (il) Anthony Musiwa, d\u00e9tenteur d\u2019un doctorat, est le conseiller principal en mati\u00e8re de politiques de l\u2019Unit\u00e9 de lutte contre la pauvret\u00e9 de Centres communautaires d\u2019alimentation du Canada. B\u00e9n\u00e9ficiaire de la bourse postdoctorale Banting, il est membre du D\u00e9partement des m\u00e9thodes, des donn\u00e9es probantes et de l\u2019impact de la [&hellip;]<\/p>\n","protected":false},"author":7,"featured_media":0,"parent":0,"menu_order":0,"comment_status":"closed","ping_status":"closed","template":"","meta":{"_relevanssi_hide_post":"","_relevanssi_hide_content":"","_relevanssi_pin_for_all":"","_relevanssi_pin_keywords":"","_relevanssi_unpin_keywords":"","_relevanssi_related_keywords":"","_relevanssi_related_include_ids":"","_relevanssi_related_exclude_ids":"","_relevanssi_related_no_append":"","_relevanssi_related_not_related":"","_relevanssi_related_posts":"","_relevanssi_noindex_reason":"","_mi_skip_tracking":false,"_exactmetrics_sitenote_active":false,"_exactmetrics_sitenote_note":"","_exactmetrics_sitenote_category":0,"footnotes":"","_links_to":"","_links_to_target":""},"yoast_head":"<!-- This site is optimized with the Yoast SEO plugin v21.2 - https:\/\/yoast.com\/wordpress\/plugins\/seo\/ -->\n<title>Bios des pr\u00e9sentateurs et des pr\u00e9sentatrices - Let&#039;s Move beyond Charity<\/title>\n<meta name=\"description\" content=\"Anthony Musiwa, Centres communautaires d\u2019alimentation du Canada (il) Anthony Musiwa, d\u00e9tenteur d\u2019un doctorat, est le conseiller principal en mati\u00e8re de\" \/>\n<meta name=\"robots\" content=\"index, follow, max-snippet:-1, max-image-preview:large, max-video-preview:-1\" \/>\n<link rel=\"canonical\" href=\"https:\/\/carleton.ca\/movebeyondcharity\/bios-des-presentateurs-et-des-presentatrices\/\" \/>\n<meta name=\"twitter:label1\" content=\"Est. reading time\" \/>\n\t<meta name=\"twitter:data1\" content=\"10 minutes\" \/>\n<script type=\"application\/ld+json\" class=\"yoast-schema-graph\">{\"@context\":\"https:\/\/schema.org\",\"@graph\":[{\"@type\":\"WebPage\",\"@id\":\"https:\/\/carleton.ca\/movebeyondcharity\/bios-des-presentateurs-et-des-presentatrices\/\",\"url\":\"https:\/\/carleton.ca\/movebeyondcharity\/bios-des-presentateurs-et-des-presentatrices\/\",\"name\":\"Bios des pr\u00e9sentateurs et des pr\u00e9sentatrices - Let&#039;s Move beyond Charity\",\"isPartOf\":{\"@id\":\"https:\/\/carleton.ca\/movebeyondcharity\/#website\"},\"datePublished\":\"2024-05-30T06:45:10+00:00\",\"dateModified\":\"2024-05-30T17:50:11+00:00\",\"description\":\"Anthony Musiwa, Centres communautaires d\u2019alimentation du Canada (il) Anthony Musiwa, d\u00e9tenteur d\u2019un doctorat, est le conseiller principal en mati\u00e8re de\",\"breadcrumb\":{\"@id\":\"https:\/\/carleton.ca\/movebeyondcharity\/bios-des-presentateurs-et-des-presentatrices\/#breadcrumb\"},\"inLanguage\":\"en-US\",\"potentialAction\":[{\"@type\":\"ReadAction\",\"target\":[\"https:\/\/carleton.ca\/movebeyondcharity\/bios-des-presentateurs-et-des-presentatrices\/\"]}]},{\"@type\":\"BreadcrumbList\",\"@id\":\"https:\/\/carleton.ca\/movebeyondcharity\/bios-des-presentateurs-et-des-presentatrices\/#breadcrumb\",\"itemListElement\":[{\"@type\":\"ListItem\",\"position\":1,\"name\":\"Home\",\"item\":\"https:\/\/carleton.ca\/movebeyondcharity\/\"},{\"@type\":\"ListItem\",\"position\":2,\"name\":\"Bios des pr\u00e9sentateurs et des pr\u00e9sentatrices\"}]},{\"@type\":\"WebSite\",\"@id\":\"https:\/\/carleton.ca\/movebeyondcharity\/#website\",\"url\":\"https:\/\/carleton.ca\/movebeyondcharity\/\",\"name\":\"Let&#039;s Move beyond Charity\",\"description\":\"\",\"potentialAction\":[{\"@type\":\"SearchAction\",\"target\":{\"@type\":\"EntryPoint\",\"urlTemplate\":\"https:\/\/carleton.ca\/movebeyondcharity\/?s={search_term_string}\"},\"query-input\":\"required name=search_term_string\"}],\"inLanguage\":\"en-US\"}]}<\/script>\n<!-- \/ Yoast SEO plugin. -->","yoast_head_json":{"title":"Bios des pr\u00e9sentateurs et des pr\u00e9sentatrices - Let&#039;s Move beyond Charity","description":"Anthony Musiwa, Centres communautaires d\u2019alimentation du Canada (il) Anthony Musiwa, d\u00e9tenteur d\u2019un doctorat, est le conseiller principal en mati\u00e8re de","robots":{"index":"index","follow":"follow","max-snippet":"max-snippet:-1","max-image-preview":"max-image-preview:large","max-video-preview":"max-video-preview:-1"},"canonical":"https:\/\/carleton.ca\/movebeyondcharity\/bios-des-presentateurs-et-des-presentatrices\/","twitter_misc":{"Est. reading time":"10 minutes"},"schema":{"@context":"https:\/\/schema.org","@graph":[{"@type":"WebPage","@id":"https:\/\/carleton.ca\/movebeyondcharity\/bios-des-presentateurs-et-des-presentatrices\/","url":"https:\/\/carleton.ca\/movebeyondcharity\/bios-des-presentateurs-et-des-presentatrices\/","name":"Bios des pr\u00e9sentateurs et des pr\u00e9sentatrices - Let&#039;s Move beyond Charity","isPartOf":{"@id":"https:\/\/carleton.ca\/movebeyondcharity\/#website"},"datePublished":"2024-05-30T06:45:10+00:00","dateModified":"2024-05-30T17:50:11+00:00","description":"Anthony Musiwa, Centres communautaires d\u2019alimentation du Canada (il) Anthony Musiwa, d\u00e9tenteur d\u2019un doctorat, est le conseiller principal en mati\u00e8re de","breadcrumb":{"@id":"https:\/\/carleton.ca\/movebeyondcharity\/bios-des-presentateurs-et-des-presentatrices\/#breadcrumb"},"inLanguage":"en-US","potentialAction":[{"@type":"ReadAction","target":["https:\/\/carleton.ca\/movebeyondcharity\/bios-des-presentateurs-et-des-presentatrices\/"]}]},{"@type":"BreadcrumbList","@id":"https:\/\/carleton.ca\/movebeyondcharity\/bios-des-presentateurs-et-des-presentatrices\/#breadcrumb","itemListElement":[{"@type":"ListItem","position":1,"name":"Home","item":"https:\/\/carleton.ca\/movebeyondcharity\/"},{"@type":"ListItem","position":2,"name":"Bios des pr\u00e9sentateurs et des pr\u00e9sentatrices"}]},{"@type":"WebSite","@id":"https:\/\/carleton.ca\/movebeyondcharity\/#website","url":"https:\/\/carleton.ca\/movebeyondcharity\/","name":"Let&#039;s Move beyond Charity","description":"","potentialAction":[{"@type":"SearchAction","target":{"@type":"EntryPoint","urlTemplate":"https:\/\/carleton.ca\/movebeyondcharity\/?s={search_term_string}"},"query-input":"required name=search_term_string"}],"inLanguage":"en-US"}]}},"acf":{"banner_image_type":"none","banner_button":"no"},"_links":{"self":[{"href":"https:\/\/carleton.ca\/movebeyondcharity\/wp-json\/wp\/v2\/pages\/36"}],"collection":[{"href":"https:\/\/carleton.ca\/movebeyondcharity\/wp-json\/wp\/v2\/pages"}],"about":[{"href":"https:\/\/carleton.ca\/movebeyondcharity\/wp-json\/wp\/v2\/types\/page"}],"author":[{"embeddable":true,"href":"https:\/\/carleton.ca\/movebeyondcharity\/wp-json\/wp\/v2\/users\/7"}],"replies":[{"embeddable":true,"href":"https:\/\/carleton.ca\/movebeyondcharity\/wp-json\/wp\/v2\/comments?post=36"}],"version-history":[{"count":3,"href":"https:\/\/carleton.ca\/movebeyondcharity\/wp-json\/wp\/v2\/pages\/36\/revisions"}],"predecessor-version":[{"id":131,"href":"https:\/\/carleton.ca\/movebeyondcharity\/wp-json\/wp\/v2\/pages\/36\/revisions\/131"}],"wp:attachment":[{"href":"https:\/\/carleton.ca\/movebeyondcharity\/wp-json\/wp\/v2\/media?parent=36"}],"curies":[{"name":"wp","href":"https:\/\/api.w.org\/{rel}","templated":true}]}}