{"id":42,"date":"2024-05-30T03:05:23","date_gmt":"2024-05-30T07:05:23","guid":{"rendered":"https:\/\/carleton.ca\/movebeyondcharity\/?page_id=42"},"modified":"2024-05-30T14:09:43","modified_gmt":"2024-05-30T18:09:43","slug":"groupes-alimentaires-en-vedette","status":"publish","type":"page","link":"https:\/\/carleton.ca\/movebeyondcharity\/groupes-alimentaires-en-vedette\/","title":{"rendered":"Groupes alimentaires en vedette"},"content":{"rendered":"<h2><b>Centres communautaires d\u2019alimentation du Canada<\/b><\/h2>\n<p>L\u2019organisme Centres communautaires d\u2019alimentation du Canada (CCAC) s\u2019emploie \u00e0 outiller et \u00e0 renforcer le secteur communautaire de l\u2019alimentation. Avec ses partenaires de partout au pays, il se mobilise pour impulser un changement progressif des politiques. Chez CCAC, nous croyons en un pays o\u00f9 le droit \u00e0 l\u2019alimentation est assur\u00e9 pour tout le monde et o\u00f9 toutes les communaut\u00e9s ont acc\u00e8s \u00e0 un lieu pour se nourrir qui favorise la sant\u00e9, le bien-\u00eatre, les liens d\u2019appartenance et la justice sociale. Pour faire de cette vision une r\u00e9alit\u00e9, nous collaborons avec notre r\u00e9seau de plus de 350 groupes alimentaires afin de mettre sur pied des centres communautaires d\u2019alimentation inclusifs et culturellement adapt\u00e9s, de permettre l\u2019\u00e9change de connaissances, de cr\u00e9er de nouveaux programmes ax\u00e9s sur la sant\u00e9 et, enfin, de plaider en faveur de politiques publiques \u00e9quitables pour lutter contre l\u2019ins\u00e9curit\u00e9 alimentaire. Nous savons que l\u2019ins\u00e9curit\u00e9 alimentaire est due \u00e0 une insuffisance de revenu, et non de nourriture. C\u2019est pourquoi nous plaidons pour la mise en place de politiques qui octroient une aide financi\u00e8re directement aux personnes qui souffrent de pauvret\u00e9 et d\u2019ins\u00e9curit\u00e9 alimentaire. Par ailleurs, dans tous les pans de notre travail, nous nous effor\u00e7ons toujours de tendre vers l\u2019\u00e9quit\u00e9, l\u2019inclusion, la r\u00e9conciliation et l\u2019accessibilit\u00e9, tout en luttant contre les oppressions. Notre travail se voit ainsi enrichi par la reconnaissance et la valorisation de tout l\u2019\u00e9ventail des perspectives et exp\u00e9riences existant au pays.<\/p>\n<h2><b>Food First NL<\/b><\/h2>\n<p>Food First NL, un organisme \u00e0 but non lucratif provincial, collabore depuis plus de deux d\u00e9cennies avec les collectivit\u00e9s et les organismes d\u2019un peu partout \u00e0 Terre-Neuve-et-Labrador pour promouvoir la s\u00e9curit\u00e9 alimentaire dans la r\u00e9gion. Anim\u00e9 par la mission de faire progresser le droit \u00e0 l\u2019alimentation pour toute la population terre-neuvienne, l\u2019organisme imagine une province o\u00f9 chaque personne mange dans la joie et la dignit\u00e9. Pour r\u00e9aliser sa vision, Food First NL suit quatre axes strat\u00e9giques\u00a0: plaider (pour des solutions politiques et ax\u00e9es sur le revenu), organiser (les individus et les organismes pour qu\u2019ils se penchent ensemble sur les probl\u00e8mes d\u2019alimentation), agir directement (par la mise en \u0153uvre et le financement de programmes sur le terrain en faveur de la s\u00e9curit\u00e9 alimentaire) et valoriser les gens (en encourageant la consultation de personnes ayant une exp\u00e9rience v\u00e9cue pertinente). De 2022 \u00e0 2023, l\u2019organisme a men\u00e9 des consultations pour repenser la charit\u00e9 alimentaire \u00e0 Terre-Neuve-et-Labrador, notamment aupr\u00e8s de personnes souffrant ou ayant souffert d\u2019ins\u00e9curit\u00e9 alimentaire, d\u2019employ\u00e9.e.s ou de membres b\u00e9n\u00e9voles d\u2019organismes de bienfaisance alimentaire ainsi que d\u2019autres citoyen.ne.s \u00e9clair\u00e9.e.s. Les diverses consultations \u2013 sondages, groupes de discussion, grands rassemblements en personne \u2013 ont abouti \u00e0 un rapport final assorti de 23\u00a0recommandations pour le secteur caritatif, le gouvernement et les organismes intervenant au niveau syst\u00e9mique.<\/p>\n<h2><b>Nan\u00e2tohk M\u00eeciwin (Strat\u00e9gie d&#8217;alimentation scolaire universelle) &#8211;\u00a0Commission scolaire de Maskwac\u00ees<\/b><\/h2>\n<p>Fond\u00e9e sur les principes de la culture, de la tradition et de la langue cries, la Commission scolaire de Maskwac\u00ees (CSM) a vu le jour apr\u00e8s de vastes consultations, beaucoup de recherche et de planification ainsi que des n\u00e9gociations intensives entre quatre communaut\u00e9s autochtones \u00e9tablies \u00e0 ou aux alentours de Maskwac\u00ees, en Alberta. La CSM est l\u2019autorit\u00e9 \u00e9ducative ind\u00e9pendante des quatre nations de Maskwac\u00ees, r\u00e9gissant un total de dix \u00e9coles de la maternelle \u00e0 la 12e ann\u00e9e. Son principal objectif\u00a0: contribuer \u00e0 fa\u00e7onner l\u2019avenir de Maskwac\u00ees en aidant les \u00e9l\u00e8ves \u00e0 renouer avec leur langue et leur culture, \u00e0 r\u00e9ussir en classe et \u00e0 devenir des leaders. Pour favoriser le succ\u00e8s scolaire, l\u2019organisation a notamment mis sur pied un programme alimentaire scolaire universel qui fait bien plus que nourrir les \u00e9l\u00e8ves. La CSM a d\u00e9velopp\u00e9 son propre syst\u00e8me de collecte et d\u2019entreposage centralis\u00e9 afin d\u2019acheminer des aliments traditionnels dans les \u00e9coles. Le programme entretient fi\u00e8rement des relations avec les agriculteur.trice.s du coin afin de cr\u00e9er et supporter le d\u00e9veloppement d\u2019un syst\u00e8me alimentaire local tant \u00e0 l\u2019int\u00e9rieur qu\u2019\u00e0 l\u2019ext\u00e9rieur des nations de m\u00eame qu\u2019afin de renforcer les connections avec et l\u2019acc\u00e8s aux aliments et pratiques alimentaires traditionnelles. Les \u00e9tudiant.e.s apprenent \u00e0 propos de l\u2019alimentation dans leurs cours cris et ont l\u2019opportunit\u00e9 de participer \u00e0 des activit\u00e9s alimentaires li\u00e9es \u00e0 la terre et aux r\u00e9coltes. Le programme alimentaire est bas\u00e9 sur les valeurs cries de Wahkohtiwin \u2013 la filiation et le partage, l\u2019exercice de sa responsabilit\u00e9 sociale, et la prise en compte de la souverainet\u00e9 alimentaire des populations autochtones \u2013 et poss\u00e8de une pleine autonomie et le contr\u00f4le sur les aliments que les \u00e9tudiant.e.s re\u00e7oivent dans les \u00e9coles de Maskwac\u00ees.<\/p>\n<h2><b>Regroupement des cuisines collectives du Qu\u00e9bec<\/b><\/h2>\n<p>Le Regroupement des cuisines collectives du Qu\u00e9bec (RCCQ), qui repr\u00e9sente plus de 1\u00a0200 cuisines collectives dans la province, a pour mission de favoriser l\u2019\u00e9mergence, la consolidation et la concertation des cuisines collectives sur l\u2019ensemble du territoire. R\u00e9solu \u00e0 \u00eatre un maillon fort du mouvement des cuisines collectives, l\u2019organisme fait la promotion des valeurs qui les sous-tendent aupr\u00e8s de la population et du gouvernement. De plus, guid\u00e9 par les principes de l\u2019\u00e9ducation populaire, le RCCQ inscrit ses actions dans une approche collective de la s\u00e9curit\u00e9 alimentaire, ses efforts et son travail de repr\u00e9sentation \u00e9tant orient\u00e9s vers l\u2019atteinte de l\u2019autonomie alimentaire, individuelle et collective. Dans le droit fil de cet objectif, il plaide pour la reconnaissance du droit \u00e0 l\u2019alimentation en tant que droit fondamental. D\u2019ailleurs, il a r\u00e9cemment commenc\u00e9 l\u2019\u00e9bauche d\u2019un projet de loi-cadre sur le droit \u00e0 l\u2019alimentation, qu\u2019il compte soumettre au gouvernement du Qu\u00e9bec.<\/p>\n","protected":false},"excerpt":{"rendered":"<p>Centres communautaires d\u2019alimentation du Canada L\u2019organisme Centres communautaires d\u2019alimentation du Canada (CCAC) s\u2019emploie \u00e0 outiller et \u00e0 renforcer le secteur communautaire de l\u2019alimentation. Avec ses partenaires de partout au pays, il se mobilise pour impulser un changement progressif des politiques. Chez CCAC, nous croyons en un pays o\u00f9 le droit \u00e0 l\u2019alimentation est assur\u00e9 pour [&hellip;]<\/p>\n","protected":false},"author":7,"featured_media":0,"parent":0,"menu_order":0,"comment_status":"closed","ping_status":"closed","template":"","meta":{"_relevanssi_hide_post":"","_relevanssi_hide_content":"","_relevanssi_pin_for_all":"","_relevanssi_pin_keywords":"","_relevanssi_unpin_keywords":"","_relevanssi_related_keywords":"","_relevanssi_related_include_ids":"","_relevanssi_related_exclude_ids":"","_relevanssi_related_no_append":"","_relevanssi_related_not_related":"","_relevanssi_related_posts":"","_relevanssi_noindex_reason":"","_mi_skip_tracking":false,"_exactmetrics_sitenote_active":false,"_exactmetrics_sitenote_note":"","_exactmetrics_sitenote_category":0,"footnotes":"","_links_to":"","_links_to_target":""},"yoast_head":"<!-- This site is optimized with the Yoast SEO plugin v21.2 - https:\/\/yoast.com\/wordpress\/plugins\/seo\/ -->\n<title>Groupes alimentaires en vedette - Let&#039;s Move beyond Charity<\/title>\n<meta name=\"description\" content=\"Centres communautaires d\u2019alimentation du Canada L\u2019organisme Centres communautaires d\u2019alimentation du Canada (CCAC) s\u2019emploie \u00e0 outiller et \u00e0 renforcer le\" \/>\n<meta name=\"robots\" content=\"index, follow, max-snippet:-1, max-image-preview:large, max-video-preview:-1\" \/>\n<link rel=\"canonical\" href=\"https:\/\/carleton.ca\/movebeyondcharity\/groupes-alimentaires-en-vedette\/\" \/>\n<meta name=\"twitter:label1\" content=\"Est. reading time\" \/>\n\t<meta name=\"twitter:data1\" content=\"5 minutes\" \/>\n<script type=\"application\/ld+json\" class=\"yoast-schema-graph\">{\"@context\":\"https:\/\/schema.org\",\"@graph\":[{\"@type\":\"WebPage\",\"@id\":\"https:\/\/carleton.ca\/movebeyondcharity\/groupes-alimentaires-en-vedette\/\",\"url\":\"https:\/\/carleton.ca\/movebeyondcharity\/groupes-alimentaires-en-vedette\/\",\"name\":\"Groupes alimentaires en vedette - Let&#039;s Move beyond Charity\",\"isPartOf\":{\"@id\":\"https:\/\/carleton.ca\/movebeyondcharity\/#website\"},\"datePublished\":\"2024-05-30T07:05:23+00:00\",\"dateModified\":\"2024-05-30T18:09:43+00:00\",\"description\":\"Centres communautaires d\u2019alimentation du Canada L\u2019organisme Centres communautaires d\u2019alimentation du Canada (CCAC) s\u2019emploie \u00e0 outiller et \u00e0 renforcer le\",\"breadcrumb\":{\"@id\":\"https:\/\/carleton.ca\/movebeyondcharity\/groupes-alimentaires-en-vedette\/#breadcrumb\"},\"inLanguage\":\"en-US\",\"potentialAction\":[{\"@type\":\"ReadAction\",\"target\":[\"https:\/\/carleton.ca\/movebeyondcharity\/groupes-alimentaires-en-vedette\/\"]}]},{\"@type\":\"BreadcrumbList\",\"@id\":\"https:\/\/carleton.ca\/movebeyondcharity\/groupes-alimentaires-en-vedette\/#breadcrumb\",\"itemListElement\":[{\"@type\":\"ListItem\",\"position\":1,\"name\":\"Home\",\"item\":\"https:\/\/carleton.ca\/movebeyondcharity\/\"},{\"@type\":\"ListItem\",\"position\":2,\"name\":\"Groupes alimentaires en vedette\"}]},{\"@type\":\"WebSite\",\"@id\":\"https:\/\/carleton.ca\/movebeyondcharity\/#website\",\"url\":\"https:\/\/carleton.ca\/movebeyondcharity\/\",\"name\":\"Let&#039;s Move beyond Charity\",\"description\":\"\",\"potentialAction\":[{\"@type\":\"SearchAction\",\"target\":{\"@type\":\"EntryPoint\",\"urlTemplate\":\"https:\/\/carleton.ca\/movebeyondcharity\/?s={search_term_string}\"},\"query-input\":\"required name=search_term_string\"}],\"inLanguage\":\"en-US\"}]}<\/script>\n<!-- \/ Yoast SEO plugin. -->","yoast_head_json":{"title":"Groupes alimentaires en vedette - Let&#039;s Move beyond Charity","description":"Centres communautaires d\u2019alimentation du Canada L\u2019organisme Centres communautaires d\u2019alimentation du Canada (CCAC) s\u2019emploie \u00e0 outiller et \u00e0 renforcer le","robots":{"index":"index","follow":"follow","max-snippet":"max-snippet:-1","max-image-preview":"max-image-preview:large","max-video-preview":"max-video-preview:-1"},"canonical":"https:\/\/carleton.ca\/movebeyondcharity\/groupes-alimentaires-en-vedette\/","twitter_misc":{"Est. reading time":"5 minutes"},"schema":{"@context":"https:\/\/schema.org","@graph":[{"@type":"WebPage","@id":"https:\/\/carleton.ca\/movebeyondcharity\/groupes-alimentaires-en-vedette\/","url":"https:\/\/carleton.ca\/movebeyondcharity\/groupes-alimentaires-en-vedette\/","name":"Groupes alimentaires en vedette - Let&#039;s Move beyond Charity","isPartOf":{"@id":"https:\/\/carleton.ca\/movebeyondcharity\/#website"},"datePublished":"2024-05-30T07:05:23+00:00","dateModified":"2024-05-30T18:09:43+00:00","description":"Centres communautaires d\u2019alimentation du Canada L\u2019organisme Centres communautaires d\u2019alimentation du Canada (CCAC) s\u2019emploie \u00e0 outiller et \u00e0 renforcer le","breadcrumb":{"@id":"https:\/\/carleton.ca\/movebeyondcharity\/groupes-alimentaires-en-vedette\/#breadcrumb"},"inLanguage":"en-US","potentialAction":[{"@type":"ReadAction","target":["https:\/\/carleton.ca\/movebeyondcharity\/groupes-alimentaires-en-vedette\/"]}]},{"@type":"BreadcrumbList","@id":"https:\/\/carleton.ca\/movebeyondcharity\/groupes-alimentaires-en-vedette\/#breadcrumb","itemListElement":[{"@type":"ListItem","position":1,"name":"Home","item":"https:\/\/carleton.ca\/movebeyondcharity\/"},{"@type":"ListItem","position":2,"name":"Groupes alimentaires en vedette"}]},{"@type":"WebSite","@id":"https:\/\/carleton.ca\/movebeyondcharity\/#website","url":"https:\/\/carleton.ca\/movebeyondcharity\/","name":"Let&#039;s Move beyond Charity","description":"","potentialAction":[{"@type":"SearchAction","target":{"@type":"EntryPoint","urlTemplate":"https:\/\/carleton.ca\/movebeyondcharity\/?s={search_term_string}"},"query-input":"required name=search_term_string"}],"inLanguage":"en-US"}]}},"acf":{"banner_image_type":"none","banner_button":"no"},"_links":{"self":[{"href":"https:\/\/carleton.ca\/movebeyondcharity\/wp-json\/wp\/v2\/pages\/42"}],"collection":[{"href":"https:\/\/carleton.ca\/movebeyondcharity\/wp-json\/wp\/v2\/pages"}],"about":[{"href":"https:\/\/carleton.ca\/movebeyondcharity\/wp-json\/wp\/v2\/types\/page"}],"author":[{"embeddable":true,"href":"https:\/\/carleton.ca\/movebeyondcharity\/wp-json\/wp\/v2\/users\/7"}],"replies":[{"embeddable":true,"href":"https:\/\/carleton.ca\/movebeyondcharity\/wp-json\/wp\/v2\/comments?post=42"}],"version-history":[{"count":3,"href":"https:\/\/carleton.ca\/movebeyondcharity\/wp-json\/wp\/v2\/pages\/42\/revisions"}],"predecessor-version":[{"id":137,"href":"https:\/\/carleton.ca\/movebeyondcharity\/wp-json\/wp\/v2\/pages\/42\/revisions\/137"}],"wp:attachment":[{"href":"https:\/\/carleton.ca\/movebeyondcharity\/wp-json\/wp\/v2\/media?parent=42"}],"curies":[{"name":"wp","href":"https:\/\/api.w.org\/{rel}","templated":true}]}}