{"id":51,"date":"2024-05-30T03:18:12","date_gmt":"2024-05-30T07:18:12","guid":{"rendered":"https:\/\/carleton.ca\/movebeyondcharity\/?page_id=51"},"modified":"2024-08-28T01:46:56","modified_gmt":"2024-08-28T05:46:56","slug":"notre-equipe","status":"publish","type":"page","link":"https:\/\/carleton.ca\/movebeyondcharity\/notre-equipe\/","title":{"rendered":"Notre \u00e9quipe"},"content":{"rendered":"<h2><b>Irena Knezevic, Universit\u00e9 Carleton (elle)<\/b><\/h2>\n<p><i><b>Co-organisatrice de l\u2019\u00e9v\u00e9nement<\/b><\/i><br \/>\nIrena Knezevic est professeure agr\u00e9g\u00e9e en communication, culture et sant\u00e9 \u00e0 l\u2019Universit\u00e9 Carleton \u00e0 Ottawa. Dans ce cadre, elle codirige l\u2019initiative de recherche Food and Media Hub. La plupart de ses travaux s\u2019inscrivent dans une approche communautaire et portent sur les syst\u00e8mes alimentaires, la communication en sant\u00e9, l\u2019\u00e9quit\u00e9 et les discours entourant l\u2019alimentation et la sant\u00e9. Elle est \u00e9galement co\u00e9ditrice du manuel <i>Food Studies: Matter, Meaning, Movement<\/i> (2022). Elle a enseign\u00e9 les \u00e9tudes alimentaires aux niveaux coll\u00e9gial et universitaire et est actuellement titulaire de la Chaire en innovation p\u00e9dagogique 2022-2025 de l\u2019Universit\u00e9 Carleton.<\/p>\n<h2><b>Myriam Durocher, Universit\u00e9 d\u2019Amsterdam (elle)<\/b><\/h2>\n<p><i><b>Co-organisatrice de l\u2019\u00e9v\u00e9nement<\/b><\/i><br \/>\nMyriam Durocher est chercheuse postdoctorale financ\u00e9e par le CRSH et affili\u00e9e avec le d\u00e9partement d\u2019anthropologie (programme <i>Health, Care and the Body<\/i>) de l\u2019Universit\u00e9 d\u2019Amsterdam (Pays-Bas). Ses recherches portent sur l\u2019examen critique des relations de pouvoir n\u00e9goci\u00e9es dans la culture alimentaire du Qu\u00e9bec et du Canada afin d\u2019initier un changement constructif vers des cultures et des syst\u00e8mes alimentaires plus justes (c\u2019est-\u00e0-dire plus durables, plus inclusifs et moins normatifs). Ses recherches actuelles, engag\u00e9es dans la communaut\u00e9, portent sur le processus du Regroupement des cuisines collectives du Qu\u00e9bec, un groupe communautaire qui travaille au d\u00e9veloppement d\u2019un projet de loi-cadre sur le droit \u00e0 l\u2019alimentation.<\/p>\n<h2><b>Tabitha Robin, Universit\u00e9 de la Colombie-Britannique (elle)<\/b><\/h2>\n<p><i><b>Co-organisatrice de l\u2019\u00e9v\u00e9nement<\/b><\/i><br \/>\nTabitha Robin est chercheuse, \u00e9ducatrice et \u00e9crivaine d\u2019ascendance mixte m\u00e9tisse et crie. Elle est professeure adjointe \u00e0 la Facult\u00e9 des terres et des syst\u00e8mes alimentaires de l\u2019Universit\u00e9 de la Colombie-Britannique. Dre Robin a obtenu son doctorat \u00e0 l\u2019Universit\u00e9 du Manitoba, o\u00f9 elle a examin\u00e9 le r\u00f4le de la nourriture dans les pratiques d\u2019aide et de gu\u00e9rison des peuples cris. Elle explore dans ses recherches les processus et les pratiques des syst\u00e8mes alimentaires autochtones, en particulier les facteurs qui affectent la souverainet\u00e9 alimentaire des peuples autochtones.<\/p>\n<h2>Alannah Exelby (elle)<\/h2>\n<p><strong><i>Assistante de recherche<\/i><\/strong><br \/>\nAlannah en est \u00e0 sa derni\u00e8re ann\u00e9e de son programme de premier cycle en sciences de la sant\u00e9 \u00e0 l&#8217;Universit\u00e9 Carleton, o\u00f9 son travail est motiv\u00e9 par sa passion pour la sant\u00e9 publique communautaire. Dans son travail, elle vise \u00e0 int\u00e9grer la recherche clinique et la recherche en sant\u00e9 publique pour favoriser des communaut\u00e9s plus saines et plus \u00e9quitables en s&#8217;attaquant aux disparit\u00e9s en mati\u00e8re de sant\u00e9, y compris le risque in\u00e9gal d&#8217;ins\u00e9curit\u00e9 alimentaire pour les diff\u00e9rentes communaut\u00e9s canadiennes. Tout au long de son programme de baccalaur\u00e9at, elle a d\u00e9velopp\u00e9 un fort int\u00e9r\u00eat particuli\u00e8rement pour l\u2019\u00e9pid\u00e9miologie et la mobilisation des connaissances. Elle applique des connaissances \u00e9pid\u00e9miologiques pour cr\u00e9er des solutions de sant\u00e9 sur mesure au sein des communaut\u00e9s, en utilisant des m\u00e9thodes de mobilisation des connaissances dans son travail. Par d\u00e9sir d&#8217;approfondir sa compr\u00e9hension de la d\u00e9fense de la justice alimentaire et de l&#8217;ins\u00e9curit\u00e9 alimentaire \u00e0 travers le Canada, Alannah s\u2019engage dans des conversations qui contribuent positivement aux connaissances et \u00e0 l&#8217;action collectives.<\/p>\n<h2><b>Annika Walsh (elle\/iel)<\/b><\/h2>\n<p><strong><i>Assistante de recherche &#8211; Responsable de la coordination et de la conception-cr\u00e9ation<\/i><\/strong><br \/>\nArtiste transdisciplinaire en \u00e9mergence, Annika Walsh travaille avec la nourriture, la cuisine et tout ce qui se trouve entre les deux pour approfondir les notions de connexion et de convivialit\u00e9. En 2022, Annika a termin\u00e9 un baccalaur\u00e9at en beaux-arts sp\u00e9cialis\u00e9 en arts m\u00e9diatiques \u00e0 l\u2019Universit\u00e9 d\u2019Ottawa, d\u2019o\u00f9 sa posture et son approche d\u2019artiste en recherche. Faisant actuellement sa ma\u00eetrise \u00e8s sciences en \u00e9tudes int\u00e9gr\u00e9es sur l\u2019agriculture et l\u2019alimentation \u00e0 l\u2019Universit\u00e9 de la Colombie-Britannique, Annika explore les croisements entre nourriture, culture et identit\u00e9. Sa passion pour tout ce qui entoure l\u2019alimentation d\u00e9coule de son vif int\u00e9r\u00eat pour les modes de connaissance relationnels et incarn\u00e9s, notamment en lien avec l\u2019identit\u00e9 culturelle. D\u00e8s qu\u2019il s\u2019agit de favoriser la r\u00e9paration, le dialogue et le rapprochement des mondes alimentaires, Annika est tout \u00e0 fait dans son \u00e9l\u00e9ment.<\/p>\n<h2><b>Dania Asahi Ogie (elle)<\/b><\/h2>\n<p><strong><i>Assistante de recherche<\/i><\/strong><br \/>\nDania est \u00e9tudiante \u00e0 la ma\u00eetrise en sciences de la planification \u00e0 l\u2019Universit\u00e9 de Toronto. Pendant son parcours acad\u00e9mique, elle a eu l\u2019opportunit\u00e9 de travailler avec FoodShare, une organisation de justice alimentaire bas\u00e9e \u00e0 Toronto. Plus pr\u00e9cis\u00e9ment, elle a travaill\u00e9 avec l\u2019\u00e9quipe de revendication ce qui l\u2019a conscientis\u00e9e aux barri\u00e8res syst\u00e9miques multiples et intersectionnelles qui existent entre les individus et l\u2019acc\u00e8s aux aliments dans la ville de Toronto. Combinant son \u00e9ducation en planification urbaine et l\u2019exp\u00e9rience et les connaissances acquises avec FoodShare, elle a d\u00e9velopp\u00e9 un int\u00e9r\u00eat grandissant pour la relation entre les espaces urbains et l\u2019acc\u00e8s \u00e0 l\u2019alimentation. En tant qu\u2019assistante de recherche, Dania esp\u00e8re d\u00e9velopper une compr\u00e9hension plus approfondie de la d\u00e9fense de la justice alimentaire et de l\u2019\u00e9tat de l\u2019ins\u00e9curit\u00e9 alimentaire au Canada. Elle se r\u00e9jouit du fait de pouvoir \u00e9couter et participer aux conversations qui prendront forme dans le cadre de cet \u00e9v\u00e9nement.<\/p>\n<h2><b>Hanine El Mir (elle)<\/b><\/h2>\n<p><strong><i>Assistante de recherche<\/i><\/strong><br \/>\nConceptrice de jeux, Hanine travaille pour le plaisir et s\u2019amuse pour gagner sa vie. Fervente militante dans l\u2019\u00e2me et anthropologue en herbe depuis peu, elle est titulaire d\u2019une ma\u00eetrise en anthropologie sociale et culturelle de l\u2019Universit\u00e9 Concordia, d\u2019un baccalaur\u00e9at en litt\u00e9rature anglaise et d\u2019un baccalaur\u00e9at en m\u00e9dias et en communications, avec une mineure en cin\u00e9ma et \u00e9tudes visuelles et une autre en langue arabe, de l\u2019Universit\u00e9 am\u00e9ricaine de Beyrouth. Actuellement au doctorat, Hanine \u00e9tudie l\u2019ins\u00e9curit\u00e9 alimentaire \u00e0 l\u2019aide de simulateurs de p\u00eache tout en enseignant la conception de jeux comme coordinatrice de l\u2019incubateur de jeux chez Pixelles. Son int\u00e9r\u00eat pour la stabilit\u00e9 et l\u2019accessibilit\u00e9 alimentaires fa\u00e7onne ses activit\u00e9s, notamment son implication au sein des conseils d\u2019administration de People\u2019s Potato et de la Concordia Food Coalition. Pendant ses temps libres, Hanine s\u2019occupe d\u2019un jardin communautaire, fait la popote dans une cuisine solidaire v\u00e9g\u00e9talienne et cr\u00e9e des jeux que vous pouvez trouver ici\u00a0: <a href=\"https:\/\/arnabitakhdar.itch.io\/\" target=\"_blank\" rel=\"noopener noreferrer\">https:\/\/arnabitakhdar.itch.io\/<\/a><\/p>\n<h2><b>Madison (Madi) Hynes (elle)<\/b><\/h2>\n<p><strong><i>Assistante de recherche<\/i><\/strong><br \/>\nMadison (Madi) Hynes, doctorante en psychologie sociale \u00e0 l\u2019Universit\u00e9 Memorial de Terre-Neuve, s\u2019int\u00e9resse en particulier \u00e0 la psychologie l\u00e9gale et judiciaire. Dans le cadre de son projet de recherche actuel, elle \u00e9tudie ce que les candidat.e.s jur\u00e9.e.s canadien.ne.s savent ou croient r\u00e9ellement au sujet des interrogatoires policiers et des confessions afin de d\u00e9terminer si les profanes connaissent le contenu des t\u00e9moignages d\u2019expert.e.s sur les aveux obtenus sous la contrainte. Lorsqu\u2019elle ne fait pas de lectures ou de recherches sur les confessions forc\u00e9es, elle est assistante de programme \u00e0 temps partiel chez Food First NL, un organisme provincial \u00e0 but non lucratif dont la mission est de faire progresser le droit \u00e0 l\u2019alimentation \u00e0 Terre-Neuve-et-Labrador. Madi y pilote le projet Rethinking Food Charity, qui s\u2019est inscrit dans un processus d\u2019un an visant \u00e0 repenser la bienfaisance alimentaire dans la r\u00e9gion \u00e0 la lumi\u00e8re de consultations aupr\u00e8s de personnes souffrant ou ayant souffert d\u2019ins\u00e9curit\u00e9 alimentaire, d\u2019employ\u00e9.e.s et de membres b\u00e9n\u00e9voles d\u2019organismes de bienfaisance alimentaire et d\u2019autres citoyen.ne.s \u00e9clair\u00e9.e.s. Les diverses consultations \u2013 sondages, groupes de discussion, grands rassemblements en personne \u2013 ont abouti \u00e0 un rapport final assorti de 23\u00a0recommandations pour le secteur caritatif, le gouvernement et les organismes intervenant au niveau syst\u00e9mique. Le projet est rendu \u00e0 l\u2019\u00e9tape de mise en \u0153uvre des recommandations.<\/p>\n","protected":false},"excerpt":{"rendered":"<p>Irena Knezevic, Universit\u00e9 Carleton (elle) Co-organisatrice de l\u2019\u00e9v\u00e9nement Irena Knezevic est professeure agr\u00e9g\u00e9e en communication, culture et sant\u00e9 \u00e0 l\u2019Universit\u00e9 Carleton \u00e0 Ottawa. Dans ce cadre, elle codirige l\u2019initiative de recherche Food and Media Hub. La plupart de ses travaux s\u2019inscrivent dans une approche communautaire et portent sur les syst\u00e8mes alimentaires, la communication en sant\u00e9, [&hellip;]<\/p>\n","protected":false},"author":7,"featured_media":0,"parent":0,"menu_order":0,"comment_status":"closed","ping_status":"closed","template":"","meta":{"_relevanssi_hide_post":"","_relevanssi_hide_content":"","_relevanssi_pin_for_all":"","_relevanssi_pin_keywords":"","_relevanssi_unpin_keywords":"","_relevanssi_related_keywords":"","_relevanssi_related_include_ids":"","_relevanssi_related_exclude_ids":"","_relevanssi_related_no_append":"","_relevanssi_related_not_related":"","_relevanssi_related_posts":"","_relevanssi_noindex_reason":"","_mi_skip_tracking":false,"_exactmetrics_sitenote_active":false,"_exactmetrics_sitenote_note":"","_exactmetrics_sitenote_category":0,"footnotes":"","_links_to":"","_links_to_target":""},"yoast_head":"<!-- This site is optimized with the Yoast SEO plugin v21.2 - https:\/\/yoast.com\/wordpress\/plugins\/seo\/ -->\n<title>Notre \u00e9quipe - Let&#039;s Move beyond Charity<\/title>\n<meta name=\"description\" content=\"Irena Knezevic, Universit\u00e9 Carleton (elle) Co-organisatrice de l\u2019\u00e9v\u00e9nement Irena Knezevic est professeure agr\u00e9g\u00e9e en communication, culture et sant\u00e9 \u00e0\" \/>\n<meta name=\"robots\" content=\"index, follow, max-snippet:-1, max-image-preview:large, max-video-preview:-1\" \/>\n<link rel=\"canonical\" href=\"https:\/\/carleton.ca\/movebeyondcharity\/notre-equipe\/\" \/>\n<meta name=\"twitter:label1\" content=\"Est. reading time\" \/>\n\t<meta name=\"twitter:data1\" content=\"7 minutes\" \/>\n<script type=\"application\/ld+json\" class=\"yoast-schema-graph\">{\"@context\":\"https:\/\/schema.org\",\"@graph\":[{\"@type\":\"WebPage\",\"@id\":\"https:\/\/carleton.ca\/movebeyondcharity\/notre-equipe\/\",\"url\":\"https:\/\/carleton.ca\/movebeyondcharity\/notre-equipe\/\",\"name\":\"Notre \u00e9quipe - Let&#039;s Move beyond Charity\",\"isPartOf\":{\"@id\":\"https:\/\/carleton.ca\/movebeyondcharity\/#website\"},\"datePublished\":\"2024-05-30T07:18:12+00:00\",\"dateModified\":\"2024-08-28T05:46:56+00:00\",\"description\":\"Irena Knezevic, Universit\u00e9 Carleton (elle) Co-organisatrice de l\u2019\u00e9v\u00e9nement Irena Knezevic est professeure agr\u00e9g\u00e9e en communication, culture et sant\u00e9 \u00e0\",\"breadcrumb\":{\"@id\":\"https:\/\/carleton.ca\/movebeyondcharity\/notre-equipe\/#breadcrumb\"},\"inLanguage\":\"en-US\",\"potentialAction\":[{\"@type\":\"ReadAction\",\"target\":[\"https:\/\/carleton.ca\/movebeyondcharity\/notre-equipe\/\"]}]},{\"@type\":\"BreadcrumbList\",\"@id\":\"https:\/\/carleton.ca\/movebeyondcharity\/notre-equipe\/#breadcrumb\",\"itemListElement\":[{\"@type\":\"ListItem\",\"position\":1,\"name\":\"Home\",\"item\":\"https:\/\/carleton.ca\/movebeyondcharity\/\"},{\"@type\":\"ListItem\",\"position\":2,\"name\":\"Notre \u00e9quipe\"}]},{\"@type\":\"WebSite\",\"@id\":\"https:\/\/carleton.ca\/movebeyondcharity\/#website\",\"url\":\"https:\/\/carleton.ca\/movebeyondcharity\/\",\"name\":\"Let&#039;s Move beyond Charity\",\"description\":\"\",\"potentialAction\":[{\"@type\":\"SearchAction\",\"target\":{\"@type\":\"EntryPoint\",\"urlTemplate\":\"https:\/\/carleton.ca\/movebeyondcharity\/?s={search_term_string}\"},\"query-input\":\"required name=search_term_string\"}],\"inLanguage\":\"en-US\"}]}<\/script>\n<!-- \/ Yoast SEO plugin. -->","yoast_head_json":{"title":"Notre \u00e9quipe - Let&#039;s Move beyond Charity","description":"Irena Knezevic, Universit\u00e9 Carleton (elle) Co-organisatrice de l\u2019\u00e9v\u00e9nement Irena Knezevic est professeure agr\u00e9g\u00e9e en communication, culture et sant\u00e9 \u00e0","robots":{"index":"index","follow":"follow","max-snippet":"max-snippet:-1","max-image-preview":"max-image-preview:large","max-video-preview":"max-video-preview:-1"},"canonical":"https:\/\/carleton.ca\/movebeyondcharity\/notre-equipe\/","twitter_misc":{"Est. reading time":"7 minutes"},"schema":{"@context":"https:\/\/schema.org","@graph":[{"@type":"WebPage","@id":"https:\/\/carleton.ca\/movebeyondcharity\/notre-equipe\/","url":"https:\/\/carleton.ca\/movebeyondcharity\/notre-equipe\/","name":"Notre \u00e9quipe - Let&#039;s Move beyond Charity","isPartOf":{"@id":"https:\/\/carleton.ca\/movebeyondcharity\/#website"},"datePublished":"2024-05-30T07:18:12+00:00","dateModified":"2024-08-28T05:46:56+00:00","description":"Irena Knezevic, Universit\u00e9 Carleton (elle) Co-organisatrice de l\u2019\u00e9v\u00e9nement Irena Knezevic est professeure agr\u00e9g\u00e9e en communication, culture et sant\u00e9 \u00e0","breadcrumb":{"@id":"https:\/\/carleton.ca\/movebeyondcharity\/notre-equipe\/#breadcrumb"},"inLanguage":"en-US","potentialAction":[{"@type":"ReadAction","target":["https:\/\/carleton.ca\/movebeyondcharity\/notre-equipe\/"]}]},{"@type":"BreadcrumbList","@id":"https:\/\/carleton.ca\/movebeyondcharity\/notre-equipe\/#breadcrumb","itemListElement":[{"@type":"ListItem","position":1,"name":"Home","item":"https:\/\/carleton.ca\/movebeyondcharity\/"},{"@type":"ListItem","position":2,"name":"Notre \u00e9quipe"}]},{"@type":"WebSite","@id":"https:\/\/carleton.ca\/movebeyondcharity\/#website","url":"https:\/\/carleton.ca\/movebeyondcharity\/","name":"Let&#039;s Move beyond Charity","description":"","potentialAction":[{"@type":"SearchAction","target":{"@type":"EntryPoint","urlTemplate":"https:\/\/carleton.ca\/movebeyondcharity\/?s={search_term_string}"},"query-input":"required name=search_term_string"}],"inLanguage":"en-US"}]}},"acf":{"banner_image_type":"none","banner_button":"no"},"_links":{"self":[{"href":"https:\/\/carleton.ca\/movebeyondcharity\/wp-json\/wp\/v2\/pages\/51"}],"collection":[{"href":"https:\/\/carleton.ca\/movebeyondcharity\/wp-json\/wp\/v2\/pages"}],"about":[{"href":"https:\/\/carleton.ca\/movebeyondcharity\/wp-json\/wp\/v2\/types\/page"}],"author":[{"embeddable":true,"href":"https:\/\/carleton.ca\/movebeyondcharity\/wp-json\/wp\/v2\/users\/7"}],"replies":[{"embeddable":true,"href":"https:\/\/carleton.ca\/movebeyondcharity\/wp-json\/wp\/v2\/comments?post=51"}],"version-history":[{"count":4,"href":"https:\/\/carleton.ca\/movebeyondcharity\/wp-json\/wp\/v2\/pages\/51\/revisions"}],"predecessor-version":[{"id":306,"href":"https:\/\/carleton.ca\/movebeyondcharity\/wp-json\/wp\/v2\/pages\/51\/revisions\/306"}],"wp:attachment":[{"href":"https:\/\/carleton.ca\/movebeyondcharity\/wp-json\/wp\/v2\/media?parent=51"}],"curies":[{"name":"wp","href":"https:\/\/api.w.org\/{rel}","templated":true}]}}