{"id":4522,"date":"2013-07-17T11:35:02","date_gmt":"2013-07-17T15:35:02","guid":{"rendered":"http:\/\/carleton.ca\/music\/?page_id=4522"},"modified":"2025-06-03T10:46:59","modified_gmt":"2025-06-03T14:46:59","slug":"carleton-university-choir-previous-concerts","status":"publish","type":"page","link":"https:\/\/carleton.ca\/music\/carleton-university-choir-previous-concerts\/","title":{"rendered":"CUC &#8211; Previous Concerts"},"content":{"rendered":"\n<section class=\"w-screen px-6 cu-section cu-section--white ml-offset-center md:px-8 lg:px-14\">\n    <div class=\"space-y-6 cu-max-w-child-max  md:space-y-10 cu-prose-first-last\">\n\n        \n        \n        \n            \n    <div class=\"cu-wideimage relative flex items-center justify-center mx-auto px-8 overflow-hidden md:px-16 rounded-xl not-prose  my-6 md:my-12 first:mt-0 bg-cu-black-50 pt-10 pb-12\" style=\"\">\n\n        \n        <div class=\"relative z-[2] max-w-4xl w-full flex flex-col items-center gap-2 cu-wideimage-image cu-zero-first-last\">\n            <header class=\"mx-auto mb-6 text-center text-cu-black-800 cu-pageheader cu-component-updated cu-pageheader--center md:mb-12\">\n\n                                    <h1 class=\"cu-prose-first-last font-semibold mb-2 text-3xl md:text-4xl lg:text-5xl lg:leading-[3.5rem] cu-pageheader--center text-center mx-auto after:left-px\">\n                        CUC &#8211; Previous Concerts\n                    <\/h1>\n                \n                            <\/header>\n        <\/div>\n\n            <\/div>\n\n    \n\n    <\/div>\n<\/section>\n\n\n\n<p><strong>Fall Concert 2018<\/strong><\/p>\n\n\n\n<figure class=\"wp-block-image\"><a href=\"https:\/\/carleton.ca\/music\/wp-content\/uploads\/sites\/91\/CUC-Fall-2018-Poster.jpg\"><img loading=\"lazy\" decoding=\"async\" width=\"400\" height=\"657\" src=\"https:\/\/carleton.ca\/music\/wp-content\/uploads\/sites\/91\/CUC-Fall-2018-Poster-400x657.jpg\" alt=\"\" class=\"wp-image-8640\" srcset=\"https:\/\/carleton.ca\/music\/wp-content\/uploads\/sites\/91\/CUC-Fall-2018-Poster-400x657.jpg 400w, https:\/\/carleton.ca\/music\/wp-content\/uploads\/sites\/91\/CUC-Fall-2018-Poster-160x263.jpg 160w, https:\/\/carleton.ca\/music\/wp-content\/uploads\/sites\/91\/CUC-Fall-2018-Poster-240x394.jpg 240w, https:\/\/carleton.ca\/music\/wp-content\/uploads\/sites\/91\/CUC-Fall-2018-Poster-768x1261.jpg 768w, https:\/\/carleton.ca\/music\/wp-content\/uploads\/sites\/91\/CUC-Fall-2018-Poster-360x591.jpg 360w\" sizes=\"auto, (max-width: 400px) 100vw, 400px\" \/><\/a><\/figure>\n\n\n\n<p><\/p>\n\n\n\n<p>===================================================<\/p>\n\n\n\n<p><strong>Spring Concert 2018<\/strong><\/p>\n\n\n\n<p><\/p>\n\n\n\n<p><em><strong>Requiem for Peace,<\/strong><\/em> a moving and powerful work, incorporating 13 different languages was our 2018 spring concert. It was presented on <strong>Saturday, April 7th, <\/strong>at Dominion-Chalmers.The composer Dr. Larry Nickel travelled from BC for this performance.&nbsp; Listen to <a href=\"https:\/\/soundcloud.com\/requiem-for-peace\" target=\"_blank\" rel=\"noopener\">Requiem for Peace \u2013 on Soundcloud<\/a><strong><br>\n<\/strong><\/p>\n\n\n\n<p>===================================================<\/p>\n\n\n\n<p><strong>Fall Concert 2017<\/strong><\/p>\n\n\n\n<p><\/p>\n\n\n\n<p>The following is a selection of pieces performed by the Choir at the Fall term concert, <em>A Choral Odyssey<\/em>, at Dominion-Chalmers United Church on November 24, 2017.<\/p>\n\n\n\n<p><iframe loading=\"lazy\" frameborder=\"no\" height=\"300\" scrolling=\"no\" src=\"https:\/\/w.soundcloud.com\/player\/?url=https%3A\/\/api.soundcloud.com\/playlists\/425445860&amp;color=%23cf112d&amp;auto_play=false&amp;hide_related=false&amp;show_comments=true&amp;show_user=true&amp;show_reposts=false&amp;show_teaser=true&amp;visual=true\" width=\"100%\"><\/iframe><\/p>\n\n\n\n<p>===================================================<\/p>\n\n\n\n<p><strong>Fall Concert 2016<\/strong><\/p>\n\n\n\n<p><\/p>\n\n\n\n<p>===================================================<\/p>\n\n\n\n<p><strong>Spring Concert 2016<\/strong><\/p>\n\n\n\n<figure class=\"wp-block-image\"><a href=\"https:\/\/carleton.ca\/music\/wp-content\/uploads\/sites\/91\/CUC-Songs-April-2016-Final.png\"><img loading=\"lazy\" decoding=\"async\" width=\"400\" height=\"511\" src=\"https:\/\/carleton.ca\/music\/wp-content\/uploads\/sites\/91\/CUC-Songs-April-2016-Final.png\" alt=\"Horizons concert poster\" class=\"wp-image-6784\" srcset=\"https:\/\/carleton.ca\/music\/wp-content\/uploads\/sites\/91\/CUC-Songs-April-2016-Final.png 400w, https:\/\/carleton.ca\/music\/wp-content\/uploads\/sites\/91\/CUC-Songs-April-2016-Final-160x204.png 160w, https:\/\/carleton.ca\/music\/wp-content\/uploads\/sites\/91\/CUC-Songs-April-2016-Final-240x307.png 240w, https:\/\/carleton.ca\/music\/wp-content\/uploads\/sites\/91\/CUC-Songs-April-2016-Final-360x460.png 360w\" sizes=\"auto, (max-width: 400px) 100vw, 400px\" \/><\/a><\/figure>\n\n\n\n<p><\/p>\n\n\n\n<p><strong><em>Horizons &#8211; Songs of Hope c<\/em>oncert program:<\/strong><\/p>\n\n\n\n<p><strong>Carleton University Choir<\/strong><\/p>\n\n\n\n<p>How Can I keep from Singing &#8211; Gwyneth Walker<\/p>\n\n\n\n<p>Salvation is Created &#8211; Anton Chesnokov<\/p>\n\n\n\n<p>Niggun &#8211; arr. Charles Heller<\/p>\n\n\n\n<p>Hamisha Asar &#8211; arr. Nick Page<\/p>\n\n\n\n<p><strong>Carleton Chamber Singers<\/strong><\/p>\n\n\n\n<p>Sednalo e Djore Dos &#8211; Sara Shakliyan<\/p>\n\n\n\n<p>Earth Song &#8211; Frank Ticheli<\/p>\n\n\n\n<p>Wade in the Water &#8211; arr. Moses Hogan<br>\nSoloist Angelique Francis<\/p>\n\n\n\n<p><strong>Carleton University Choir<\/strong><\/p>\n\n\n\n<p>Blind Man &#8211; Diane Loomer<br>\nSoloists: &nbsp;Melissa Burke and Steve Watson<\/p>\n\n\n\n<p>The Battle of Jericho &#8211; arr. Moses Hogan<\/p>\n\n\n\n<p><strong>Carleton University Choir<\/strong><\/p>\n\n\n\n<p>Bye Bye Blackbird &#8211; arr. Steve Zegree<br>\nTenor Sax Nick Letourneau<br>\nTrumpet Andrew Knox<br>\nBass: James Anderson<br>\nDrums: Christian Lascelles<br>\nVocal: Joy Mwandemange, Melissa Burke<\/p>\n\n\n\n<p>Peace Prayer &#8211; Elise Letourneau<\/p>\n\n\n\n<p>Kyrie (from A Caribbean Mass) &#8211; Glen McClure<br>\nSteel Pans: James Arif<br>\nDrums: Christian Lascelles<br>\nBass:&nbsp; James Anderson<\/p>\n\n\n\n<p><strong>Carleton Chamber Singers<\/strong><\/p>\n\n\n\n<p>Nyon &#8211; Jake Runestad<\/p>\n\n\n\n<p>Horizons &#8211; Peter Louis van Dijk<br>\nSoloists: Alasdair Campbell, Myles Pelley<\/p>\n\n\n\n<p><strong>Carleton University Choir<\/strong><\/p>\n\n\n\n<p>G\u00f8ta &#8211; Peder Karlsson<\/p>\n\n\n\n<p>Baba Yetu &#8211; Christopher Tin<br>\nSoloists: Kevin Lin, Angelique Francis<br>\nPercussion: Martin Potvin, Andrew Knox, Justine Walker<\/p>\n\n\n\n<p>Past Life Melodies &#8211; Sarah Hopkins<\/p>\n\n\n\n<p>MLK &#8211; U2 arr. Bob Chilcott<br>\nSoloist Myles Pelley<\/p>\n\n\n\n<p>===================================================<\/p>\n\n\n\n<p><strong>Fall Concert 2015<\/strong><\/p>\n\n\n\n<figure class=\"wp-block-image\"><img decoding=\"async\" src=\"https:\/\/carleton.ca\/music\/wp-content\/uploads\/sites\/91\/December-2015-CUC-585b-400x470.jpg\" alt=\"Concert poster image\" class=\"wp-image-6224\"\/><\/figure>\n\n\n\n<p><\/p>\n\n\n\n<p><strong>Carleton University Choir: A Gala of Classics from Stage and Screen concert program:<\/strong><\/p>\n\n\n\n<p>Purcell &#8211; Dido\u2018s Lament and final chorus (Dido and Aeneas)<br>\nMezzo <em>Soprano soloist: Kaitlan Brazeau<\/em><\/p>\n\n\n\n<p>Mozart &#8211; Voyager\u2019s Chorus (Idomeneo)<br>\n<em>Soprano soloist: Caitlin Tabbenor<\/em><\/p>\n\n\n\n<p>Puccini &#8211; Humming chorus (Madama Butterfly)<\/p>\n\n\n\n<p>Verdi &#8211; Chorus of the Hebrew Slaves (Nabucco)<\/p>\n\n\n\n<p>Sullivan &#8211; The Long Day Closes<\/p>\n\n\n\n<p>Gilbert &amp; Sullivan &#8211; Major General Song (Pirates of Penzeance)<br>\n<em>Major General: Keith Bider<br>\nMabel: Caitlin Tabbenor<br>\nSamuel: Kristian Clarke <\/em><\/p>\n\n\n\n<p>Verdi &#8211; Brindisi (La Traviata)<br>\n<em>Soprano solo:Bronwyn Blakely, &nbsp;&nbsp;&nbsp;&nbsp;&nbsp;&nbsp; Tenor solo: Myles Pelley<\/em><\/p>\n\n\n\n<p>Larson &#8211; Seasons of Love (Rent) arr. Emerson<br>\n<em>Soloists: Morgan Brittain, Charles Bougard, Kendra Pinto<\/em><\/p>\n\n\n\n<p>Sch\u00f6nberg &#8211; Selections from Les Miserables the Movie Arr. Huff<\/p>\n\n\n\n<p><strong>Male Voices of CUC<\/strong><\/p>\n\n\n\n<p>Wagner &#8211; Pilgrim\u2019s Chorus&nbsp; (Tannhauser<\/p>\n\n\n\n<p><strong>Carleton Chamber Singers<\/strong><\/p>\n\n\n\n<p>Vecchi &#8211; Fa Una Canzona<\/p>\n\n\n\n<p>Monteverdi &#8211; Lasciatemi morire&nbsp;&nbsp; (L\u2019amento D\u2019Arianna )<\/p>\n\n\n\n<p>Lloyd Webber &#8211; Wishing you were somehow here again<\/p>\n\n\n\n<p>===================================================<\/p>\n\n\n\n<p><strong>Spring Concert 2015<\/strong><\/p>\n\n\n\n<figure class=\"wp-block-image\"><img loading=\"lazy\" decoding=\"async\" width=\"400\" height=\"517\" src=\"https:\/\/carleton.ca\/music\/wp-content\/uploads\/sites\/91\/Spring-2015-choir-poster-400x517.png\" alt=\"Choir Concert, Spring 2015, poster image\" class=\"wp-image-5985\" srcset=\"https:\/\/carleton.ca\/music\/wp-content\/uploads\/sites\/91\/Spring-2015-choir-poster-400x517.png 400w, https:\/\/carleton.ca\/music\/wp-content\/uploads\/sites\/91\/Spring-2015-choir-poster-160x207.png 160w, https:\/\/carleton.ca\/music\/wp-content\/uploads\/sites\/91\/Spring-2015-choir-poster-240x310.png 240w, https:\/\/carleton.ca\/music\/wp-content\/uploads\/sites\/91\/Spring-2015-choir-poster-360x466.png 360w, https:\/\/carleton.ca\/music\/wp-content\/uploads\/sites\/91\/Spring-2015-choir-poster.png 440w\" sizes=\"auto, (max-width: 400px) 100vw, 400px\" \/><\/figure>\n\n\n\n<p><\/p>\n\n\n\n<p>===================================================<\/p>\n\n\n\n<figure class=\"wp-block-image alignnone\"><a href=\"http:\/\/carleton.ca\/music\/wp-content\/uploads\/sites\/91\/CUCinCaenFrance-new.jpg\"><img loading=\"lazy\" decoding=\"async\" width=\"480\" height=\"211\" src=\"http:\/\/carleton.ca\/music\/wp-content\/uploads\/sites\/91\/CUCinCaenFrance-new.jpg\" alt=\"Choir in Caen France\" class=\"wp-image-4650\" srcset=\"https:\/\/carleton.ca\/music\/wp-content\/uploads\/sites\/91\/CUCinCaenFrance-new.jpg 480w, https:\/\/carleton.ca\/music\/wp-content\/uploads\/sites\/91\/CUCinCaenFrance-new-160x70.jpg 160w, https:\/\/carleton.ca\/music\/wp-content\/uploads\/sites\/91\/CUCinCaenFrance-new-240x106.jpg 240w, https:\/\/carleton.ca\/music\/wp-content\/uploads\/sites\/91\/CUCinCaenFrance-new-400x176.jpg 400w, https:\/\/carleton.ca\/music\/wp-content\/uploads\/sites\/91\/CUCinCaenFrance-new-360x158.jpg 360w\" sizes=\"auto, (max-width: 480px) 100vw, 480px\" \/><\/a><figcaption class=\"wp-element-caption\">The Carleton University Choir performing in Caen, France, 2004<\/figcaption><\/figure>\n\n\n\n<p><strong>The Carleton University Choir under the direction of Marg Stubington<\/strong><\/p>\n\n\n\n<p>Saturday, April 5, 2014 &#8211; <em>HOPE<\/em><br>\nGabriel Faure\u2019s <em>Requiem<\/em> with orchestra. Shorter works by Laura Hawley, Lalo Schifrin, C.A. Tindley, M. J. Trotta and James Wright.<br>\nScott Richardson, piano<em><br>\n<\/em><\/p>\n\n\n\n<p>Saturday, December 7, 2013 &#8211; <em>A Carleton Christmas<\/em><br>\n<em>A Little Jazz Mass<\/em> by Bob Chilcott. Shorter works by Antognini, Caldwell &amp; Ivory, Courtney, Sirett and Smallman.<br>\nScott Richardson, piano, Cathy Baerg, flute, Mark Alcorn, double bass, Matt Welsh, drums<\/p>\n\n\n\n<p>Saturday April 6, 2013, <em>Spring Mix<\/em><br>\nMusic by Aaron Copland, Moses Hogan, Bob Chilcott,John Lennon &amp; Paul McCartney, Robert Shaw, Stan Rogers,Thomas Morley and others<br>\nScott Richardson, piano and the Eagles-McGowan-Wittet Trio<\/p>\n\n\n\n<p>Saturday December 1, 2012, John Rutter&#8217;s <em>Magnificat<\/em><br>\nwith Orchestra, harp and Shawne Elizabeth, soprano<\/p>\n\n\n\n<p>Saturday March 31, 2012, <em>Music inspired by the Sea<\/em><br>\nCeltic Mass for the Sea (excerpts) by Scott Macmillan and music by Eleanor Daley, Harry Somers, Jonathan Quick and Leon Dubinsky<br>\nwith String Quintet and Celtic ensemble<\/p>\n\n\n\n<p>Saturday, November 26, 2011, <em>Winter Reflections<\/em><br>\nMusic by Luftspring, Baker,Patriquin, Eisenhauer, Lauridsen, Hatfield, Chatman, Stroope, Halley, Runswick, Guaraldi\/Zegree and Chilcott<br>\nwith Marian Moore, soprano, Scott Richardson, piano and Mike Tremblay, soprano saxaphone<\/p>\n\n\n\n<p><strong>The Carleton University Choir under the direction of&nbsp; J.S. Allaire (Music director 2005 &#8211; 2011)<\/strong><\/p>\n\n\n\n<p>Friday, April 1, 2011, <em>Opera et cetera!<\/em><br>\nMusic by Puccini, Bizet, Verdi, Rossini, Donizetti, Offenbach, Wagner, Purcell, Lerner and Lowe, Gilbert and Sullivan<br>\nwith Susan Blyth-Schofield, soprano, Shawne Elizabeth, soprano, Denis Boudreault, tenor, David MacAdam, tenor,Stephanie Song, soprano, Erinne-Colleen Laurin, soprano, Jack Harries, baritone, Kendra Baker, soprano, Elyse Alavie, alto and Scott Richardson, piano<\/p>\n\n\n\n<p>Friday, November 26, 2010, <em>Tunggare (Songs for Christmas)<\/em><br>\nW.A Mozart: Te Deum KV. 141, Ralph Vaughan Williams: Fantasia on Christmas Carols, J.Alfred Schehl: Missa de Nativitate, and other works by Cohen Leek, Mathews, Mathias, Silver, Strauss Jr.and James Wright<br>\nwith Kendra Baker, soprano, Loren Romei, soprano, Dave Benson, baritone and Jennifer Loveless, piano<\/p>\n\n\n\n<p>Saturday, March 27, 2010, <em>A Carleton Spring<\/em><br>\nAnton\u00edn Dvo\u0159\u00e1k: Mass in D and Ave Maria, Ralph Vaughan Williams: O Clap Your Hands<br>\nwith Devon Wastle, soprano and Jennifer Loveless, piano<\/p>\n\n\n\n<p>Saturday, November 21, 2009, <em>Advent Cantatas<\/em><br>\nCantatas 36, 61 and 62 by J. S. Bach<br>\nwith members of the Thirteen Strings Chamber Orchestra, Wanda Procyshyn, soprano, Charlotte Cumberbirch, mezzo-soprano, Michiel Schrey, tenor and Gary Dahl, baritone<\/p>\n\n\n\n<p>Saturday, April 4, 2009, <em>Lovescapes<\/em><br>\nHymne au Soleil &#8211; Lili Boulanger, My Spirit sang all day &#8211; Gerald Finzi, Sure on this shining night &#8211; Samuel Barber, Madrigal &#8211; Gabriel Faur\u00e9, Zigeunerlieder op. 103 &#8211; Johannes Brahms, Liebeslieder Polkas &#8211; P.D.Q. Bach<br>\nwith Denis Boudreault, tenor, Erinne-Colleen Laurin, soprano, Jennifer Loveless, Julie Loveless and Micha\u00ebl Falardeau,piano<\/p>\n\n\n\n<p>Saturday, December 6, 2008, <em>Gloria<\/em><br>\nPoulenc: Gloria and Hodie Christus natus est, Saint-Sa\u00ebns: Christmas Oratorio<br>\nwith Devon Wastle, soprano, Jacqueline Woodley, soprano, Martina Govednik, alto, Bernard Cayouette, tenor, Dion Mazarolle, baritone and Jennifer Loveless, Organ<\/p>\n\n\n\n<p>Saturday, April 5, 2008, <em>An Evening of Mozart<\/em><br>\nCoronation Mass K.317, Vesperae solennes de confessore K.339 and Ave verum corpusK.618<br>\nwith Devon Wastle, soprano, Claudine Ledoux, mezzo-soprano, Bernard Cayouette, tenor, Norman Richard, baritone and the Thirteen Strings Chamber Orchestra<\/p>\n\n\n\n<p>November 24, 2007: <em>Faur\u00e9 &amp; Friends<\/em><br>\nFaur\u00e9&#8217;s Requiem and Cantique de Jean Racine,<br>\nalso music by Saint-Sa\u00ebns, Durufl\u00e9, Allaire, Ducasse, Villette and Franck<br>\nwith Nadia Petrella, soprano, Philip Holmes, baritone and Jennifer Loveless, Organ<\/p>\n\n\n\n<p>March 31, 2007: <em>Sweet Spring<\/em><br>\nMusic by Mozart, Vivaldi, Brahms, Mendelssohn, Schafer, Elgar Chatman, Mercure and others<br>\nwith Devon Wastle, Soprano and Katarina Jovic, Piano<\/p>\n\n\n\n<p>November 25, 2006: <em>In Remembrance<\/em><br>\nEleanor Daley&#8217;s Requiem and John Rutter&#8217;s Requiem<br>\nwith Devon Wastle, Soprano, Louise Frenette, Soprano, David Benson, Baritone and orchestra<\/p>\n\n\n\n<p>April 1, 2006: <em>Viva Vivaldi<\/em><br>\nAn all Vivaldi program including the Gloria, RV.589, Credo, RV.591 and Magnificat, RV.610<br>\nwith Devon Wastle, soprano, Claudine Ledoux, mezzo-soprano and orchestra<\/p>\n\n\n\n<p>December 3, 2005: <em>Ring-a the News<\/em><br>\nChristmas music by Pinkham, Rutter, Vaughan Williams, Taverner, Lauridson, Biebl and others<br>\nwith a Brass Ensemble made up from members of Capital Brassworks and Jennifer Loveless, organ<\/p>\n\n\n\n<p><strong>The Carleton University Choir under the direction of Matthew Larkin (Music director 2004 &#8211; 2005)<\/strong><\/p>\n\n\n\n<p>April 10, 2005: David Fanshawe&#8217;s <em>African Sanctus<\/em><br>\nEsther Guill\u00e9n, Soprano, Alexandra LeBlanc, Soprano, and orchestra<\/p>\n\n\n\n<p>December 5, 2004: John Rutter &#8211; <em>Magnificat<\/em>, and Benjamin Britten &#8211; <em>Saint Nicolas Cantata<\/em> with orchestra and Maghan Stewart, Soprano, Dillon Parmer,Tenor,and the Christ Church Cathedral Boys and Girls choirs<\/p>\n\n\n\n<p><strong>The Carleton University Choir under the direction of Dr. Lisette Canton (Music director 1993 &#8211; 2004)<\/strong><\/p>\n\n\n\n<p>October 3, 2004: Concert at the Hart House at the University of Toronto<br>\nA program of music of war and peace<\/p>\n\n\n\n<p>June 2004: Several concerts in Caen &#8211; France, as part of an international choir festival<\/p>\n\n\n\n<p>March 28, 2004: <em>Love Songs&#8230;Sacred and Profane\/ Chants d&#8217;amour&#8230;sacr\u00e9s et profanes<\/em><br>\nBrahms &#8211; Zigeunerlieder, Stravinsky &#8211; Symphony of Psalms and works by\/et oeuvres par Chatman, Hogan, Lauridsen, Pearsall, and\/et Raminsch<br>\nKate Young, Mezzo Soprano, Ken Parlee, Tenor<br>\nKatarina Jovic and Dr Deirdre Piper, Piano<\/p>\n\n\n\n<p>November 29, 2004: <em>A Canadian Christmas\/Un Noel Canadien<\/em><br>\nCarols and Lessons by Canadian composers and authors\/<br>\nChansons et poemes de Noel par compositeurs et auteurs canadiens<br>\nKatarina Jovic, Piano<\/p>\n\n\n\n<p>March 30, 2003: Foundling Hospital Anthem by G.F. Handel and Missa in Angustiis &#8220;Nelson Mass&#8221; by F.J. Haydn with orchestra and: Kathleen Radke, Soprano; Rachelle Wride, Soprano; Mark Donnelly, Counter-Tenor; Kate Young, Alto; Michiel Schrey, Tenor; Luc Lalonde, Baritone.<\/p>\n\n\n\n<p>November 30, 2002: SING CHANTONS NOEL: Lauda per la Nativita del Signore by Respighi; Fantasia on Christmas Carols by Vaughan Williams and seasonal carols with orchestra, piano and organ and: Dayna Lamothe, Soprano; Isabelle Lacroix, Soprano; Dillon Palmer, Tenor; Gary Dahl, Bass.<br>\nRecorded and broadcast for CBC Television Ottawa.<\/p>\n\n\n\n<p>March 10, 2002: St. Matthew Passion by J.S. Bach with orchestra and: Teri Dunn, Soprano; Daniel Taylor, Counter-Tenor; Michiel Schrey, Tenor; Nils Brown, Tenor; Sean Watson, Bass; the Ottawa Bach Choir and St. Matthew&#8217;s Boys&#8217; Choir.<\/p>\n\n\n\n<p>November 18, 2001: Choir and Brass: Christmas Cantata by D. Pinkham, Gloria by J.Rutter, Te Deum by P.Cardy and seasonal works with members of the Capital Brassworks.<\/p>\n\n\n\n<p>April 1, 2001: Chichester Psalms by Leonard Bernstein, the Sprig of Thyme by J.Rutter and works by Ager, Larkin, Bruckner, Halloran, Willan and Vaughan Williams<br>\nwith harp, percussion and organ<\/p>\n\n\n\n<p>November 11, 2000: Mass in B minor by J.S. Bach with orchestra and: Teresa van der Hoeven, Soprano; Daniel Taylor, Counter-Tenor; Michiel Schrey, Tenor; and Paul Grindlay, Bass-Baritone.<\/p>\n\n\n\n<p>April 2, 2000: Royal Music for the Millennium: Dettinger Te Deum and the King Shall Rejoice by G.F. Handel and newly composed works by Larkin and Ager with orchestra and: Wanda Procyshyn, Soprano; Gwen Millar, Alto; Kevin Reeves, Tenor; Gary Dahl, Bass.<\/p>\n\n\n\n<p>November 28, 1999: Mass in C minor by W.A. Mozart and Symphony No. 29 in K. 201 by W.A. Mozart with orchestra and: Cherette Lewis, Soprano; Christine Colbran, Soprano; Dillon Palmer, Tenor and Gary Dahl, Bass.<\/p>\n\n\n\n<p>March 27, 1999: Mass in C major, op.86 by L. van Beethoven and other works by Pergolesi, Haydn and Ager with orchestra and: Karen Zacy Benner, Soprano; Sonia Sasseville, Mezzo Soprano; Fraser Rubens, Tenor and Gary Dahl, Bass.<\/p>\n\n\n\n<p>November 28, 1998: Requiem in D minor, K.626 by Mozart, Divertimento in D major, K. 136 and Church Sonatas by Mozart with orchestra and: Isabelle Lacroix, Soprano; Gwen Millar, Alto; Dillon Palmer, Tenor and Gary Dahl, Bass.<\/p>\n\n\n\n<p>April 4, 1998: Requiem and Four Motets by M. Durufl\u00e9, Messe Basse by Gabriel Faur\u00e9; works by Healey Willan and Randall Thompson with organ and piano and: Christine Harvey-Finlay, Mezzo Soprano; Gary Dahl, Bass.<\/p>\n\n\n\n<p>November 26, 1997: Magnificat by J.S. Bach, Regina Coeli by W.A. Mozart and seasonal music with orchestra and: Sandra Stringer, Soprano; Daniel Gillis, Counter-Tenor; Dillon Palmer, Tenor; Steve Wilson, Bass.<\/p>\n\n\n\n<p>April 5, 1997: The Creation (Parts 1 and 2) by J.Haydn and shorter works by Randall Thompson, Daley, Dawson, Casals, Willan with orchestra and Shawne Elizabeth, Soprano; Daniel Gillis, Tenor; Gary Dahl, Bass.<\/p>\n\n\n\n<p>November 23, 1996: A Concert of Baroque Music for Christmas: Messe de Minuit pour Noel by Charpentier, Puer Natus in Bethlehem by Michael Praetorius, and other seasonal carols with chamber orchestra.<\/p>\n\n\n\n<p>============================<\/p>\n\n\n\n<p><a href=\"[dalink]836[\/dalink]\"><em><strong>Back to the CUC Home Page<\/strong><\/em><\/a><\/p>\n","protected":false},"excerpt":{"rendered":"<p>Fall Concert 2018 =================================================== Spring Concert 2018 Requiem for Peace, a moving and powerful work, incorporating 13 different languages was our 2018 spring concert. It was presented on Saturday, April 7th, at Dominion-Chalmers.The composer Dr. Larry Nickel travelled from BC for this performance.&nbsp; Listen to Requiem for Peace \u2013 on Soundcloud =================================================== Fall Concert 2017 [&hellip;]<\/p>\n","protected":false},"author":2,"featured_media":0,"parent":0,"menu_order":4,"comment_status":"open","ping_status":"closed","template":"","meta":{"_acf_changed":false,"_cu_dining_location_slug":"","footnotes":"","_links_to":"","_links_to_target":""},"cu_page_type":[54],"class_list":["post-4522","page","type-page","status-publish","hentry","cu_page_type-general"],"acf":{"cu_post_thumbnail":""},"_links":{"self":[{"href":"https:\/\/carleton.ca\/music\/wp-json\/wp\/v2\/pages\/4522","targetHints":{"allow":["GET"]}}],"collection":[{"href":"https:\/\/carleton.ca\/music\/wp-json\/wp\/v2\/pages"}],"about":[{"href":"https:\/\/carleton.ca\/music\/wp-json\/wp\/v2\/types\/page"}],"author":[{"embeddable":true,"href":"https:\/\/carleton.ca\/music\/wp-json\/wp\/v2\/users\/2"}],"replies":[{"embeddable":true,"href":"https:\/\/carleton.ca\/music\/wp-json\/wp\/v2\/comments?post=4522"}],"version-history":[{"count":3,"href":"https:\/\/carleton.ca\/music\/wp-json\/wp\/v2\/pages\/4522\/revisions"}],"predecessor-version":[{"id":14098,"href":"https:\/\/carleton.ca\/music\/wp-json\/wp\/v2\/pages\/4522\/revisions\/14098"}],"wp:attachment":[{"href":"https:\/\/carleton.ca\/music\/wp-json\/wp\/v2\/media?parent=4522"}],"wp:term":[{"taxonomy":"cu_page_type","embeddable":true,"href":"https:\/\/carleton.ca\/music\/wp-json\/wp\/v2\/cu_page_type?post=4522"}],"curies":[{"name":"wp","href":"https:\/\/api.w.org\/{rel}","templated":true}]}}