{"id":8067,"date":"2018-01-17T09:44:29","date_gmt":"2018-01-17T14:44:29","guid":{"rendered":"https:\/\/carleton.ca\/music\/?page_id=8067"},"modified":"2025-06-02T11:30:18","modified_gmt":"2025-06-02T15:30:18","slug":"cuc-members-requiem-learning-tracks","status":"publish","type":"page","link":"https:\/\/carleton.ca\/music\/carleton-university-choir-members-page\/cuc-members-requiem-learning-tracks\/","title":{"rendered":"CUC &#8211; Members&#8217; Requiem &#8211; learning tracks"},"content":{"rendered":"\n<section class=\"w-screen px-6 cu-section cu-section--white ml-offset-center md:px-8 lg:px-14\">\n    <div class=\"space-y-6 cu-max-w-child-5xl  md:space-y-10 cu-prose-first-last\">\n\n            <div class=\"cu-textmedia flex flex-col lg:flex-row mx-auto gap-6 md:gap-10 my-6 md:my-12 first:mt-0 max-w-5xl\">\n        <div class=\"justify-start cu-textmedia-content cu-prose-first-last\" style=\"flex: 0 0 100%;\">\n            <header class=\"font-light prose-xl cu-pageheader md:prose-2xl cu-component-updated cu-prose-first-last\">\n                                    <h1 class=\"cu-prose-first-last font-semibold !mt-2 mb-4 md:mb-6 relative after:absolute after:h-px after:bottom-0 after:bg-cu-red after:left-px text-3xl md:text-4xl lg:text-5xl lg:leading-[3.5rem] pb-5 after:w-10 text-cu-black-700 not-prose\">\n                        CUC &#8211; Members&#8217; Requiem &#8211; learning tracks\n                    <\/h1>\n                \n                                \n                            <\/header>\n\n                    <\/div>\n\n            <\/div>\n\n    <\/div>\n<\/section>\n\n<p><a href=\"https:\/\/musescore.com\/user\/12741311\/scores\/4990156\/s\/97f83d\">B\u00eatise de la guerre Soprano 1<\/a><\/p>\n\n\n\n<p><a href=\"https:\/\/musescore.com\/user\/12741311\/scores\/4990175\/s\/a02574\">B\u00eatise de la guerre Soprano 2<\/a><\/p>\n\n\n\n<p><a href=\"https:\/\/musescore.com\/user\/12741311\/scores\/4990183\/s\/51eb55\">B\u00eatise de la guerre Alto<\/a><\/p>\n\n\n\n<p><a href=\"https:\/\/musescore.com\/user\/12741311\/scores\/4990197\/s\/946ffc\">B\u00eatise de la guerre Tenor<\/a><\/p>\n\n\n\n<p><a href=\"https:\/\/musescore.com\/user\/12741311\/scores\/4990207\/s\/746111\">B\u00eatise de la guerre Bass<\/a><\/p>\n\n\n\n<p>&nbsp;<\/p>\n\n\n\n<p><a href=\"https:\/\/musescore.com\/user\/12741311\/scores\/4990471\/s\/ba1c35\">Bing Che Xing Sop 1<\/a><\/p>\n\n\n\n<p><a href=\"https:\/\/musescore.com\/user\/12741311\/scores\/4990479\/s\/e695fc\">Bing Che Xing Sop 2<\/a><\/p>\n\n\n\n<p><a href=\"https:\/\/musescore.com\/user\/12741311\/scores\/4990482\/s\/7c14cc\">Bing che Xing alto 1<\/a><\/p>\n\n\n\n<p><a href=\"https:\/\/musescore.com\/user\/12741311\/scores\/4990485\/s\/cb36f0\">Bing Che Xing alto 2<\/a><\/p>\n\n\n\n<p><a href=\"https:\/\/musescore.com\/user\/12741311\/scores\/4990487\/s\/04dbe5\">Bing Che Xing Tenor 1<\/a><\/p>\n\n\n\n<p><a href=\"https:\/\/musescore.com\/user\/12741311\/scores\/4990490\/s\/a02a68\">Bing Che xing Tenor 2<\/a><\/p>\n\n\n\n<p><a href=\"https:\/\/musescore.com\/user\/12741311\/scores\/4990495\/s\/30db8f\">Bing Che Xing Baritone<\/a><\/p>\n\n\n\n<p><a href=\"https:\/\/musescore.com\/user\/12741311\/scores\/4990497\/s\/852a59\">Bing Che xing Bass<\/a><\/p>\n\n\n\n<p>&nbsp;<\/p>\n\n\n\n<p><a href=\"https:\/\/musescore.com\/user\/12741311\/scores\/4965742\/s\/353393\">Bani Adam Soprano<\/a><\/p>\n\n\n\n<p><a href=\"https:\/\/musescore.com\/user\/12741311\/scores\/4965774\/s\/c1a579\">Bani Adam Soprano 2<\/a><\/p>\n\n\n\n<p><a href=\"https:\/\/musescore.com\/user\/12741311\/scores\/4965811\/s\/e9178e\">Bani Adam alto<\/a><\/p>\n\n\n\n<p><a href=\"https:\/\/musescore.com\/user\/12741311\/scores\/4965853\/s\/24230a\">Bani adam Tenor<\/a><\/p>\n\n\n\n<p><a href=\"https:\/\/musescore.com\/user\/12741311\/scores\/4965879\/s\/d4bd9e\">Bani Adam Bass<\/a><\/p>\n\n\n\n<p>&nbsp;<\/p>\n\n\n\n<p><a href=\"https:\/\/musescore.com\/user\/12741311\/scores\/4948151\/s\/120ca4\">Kinderen van de vrede<\/a><\/p>\n\n\n\n<p><a href=\"https:\/\/musescore.com\/user\/12741311\/scores\/4948143\/s\/e5656b\">Kinderen ven de vrede Alto<\/a><\/p>\n\n\n\n<p><a href=\"https:\/\/musescore.com\/user\/12741311\/scores\/4948161\/s\/601f34\">Kinderen van de vrede<\/a><\/p>\n\n\n\n<p><a href=\"https:\/\/musescore.com\/user\/12741311\/scores\/4948089\/s\/5313d7\">Kinderen ven de vrede Bass<\/a><\/p>\n\n\n\n<p><a href=\"http:\/\/larrynickel.com\/CanuckComposer\/RFPTutorials.html\">http:\/\/larrynickel.com\/CanuckComposer\/RFPTutorials.html<\/a><\/p>\n\n\n\n<p>&nbsp;<\/p>\n\n\n\n<p><a href=\"https:\/\/musescore.com\/user\/12741311\/scores\/4923121\/s\/ff82af\">Agnus Dei Soprano 1<\/a><\/p>\n\n\n\n<p><a href=\"https:\/\/musescore.com\/user\/12741311\/scores\/4923126\/s\/53ce58\">Agnus Dei Soprano 2<\/a><\/p>\n\n\n\n<p><a href=\"https:\/\/musescore.com\/user\/12741311\/scores\/4923128\/s\/60a818\">Agnus Dei Alto 1<\/a><\/p>\n\n\n\n<p><a href=\"https:\/\/musescore.com\/user\/12741311\/scores\/4923133\/s\/84ec88\">Agnus Dei Alto 2<\/a><\/p>\n\n\n\n<p><a href=\"https:\/\/musescore.com\/user\/12741311\/scores\/4923143\/s\/5176ff\">Agnus Dei Tenor 1<\/a><\/p>\n\n\n\n<p><a href=\"https:\/\/musescore.com\/user\/12741311\/scores\/4923154\/s\/5bf915\">Agnus Dei Tenor 2<\/a><\/p>\n\n\n\n<p><a href=\"https:\/\/musescore.com\/user\/12741311\/scores\/4923161\/s\/ccba3f\">Agnus Dei Baritone<\/a><\/p>\n\n\n\n<p><a href=\"https:\/\/musescore.com\/user\/12741311\/scores\/4923161\/s\/ccba3f\">Agnus Dei Bass<\/a><\/p>\n\n\n\n<p>&nbsp;<\/p>\n\n\n\n<p><a href=\"https:\/\/musescore.com\/user\/12741311\/scores\/4888814\/s\/da2b95\">Fratres in Unum Soprano<\/a><\/p>\n\n\n\n<p><a href=\"https:\/\/musescore.com\/user\/12741311\/scores\/4888823\/s\/fdb9dc\">Fratres in Unum Alto<\/a><\/p>\n\n\n\n<p><a href=\"https:\/\/musescore.com\/user\/12741311\/scores\/4904839\/s\/35e5c7\">Fratres in Unum Tenor<\/a><\/p>\n\n\n\n<p><a href=\"https:\/\/musescore.com\/user\/12741311\/scores\/4894237\/s\/cc5277\">Fratres in unum Bass<\/a><\/p>\n\n\n\n<p>&nbsp;<\/p>\n\n\n\n<p><a href=\"https:\/\/musescore.com\/user\/12741311\/scores\/4888836\/s\/e2646c\">Bugles Sang Soprano<\/a><\/p>\n\n\n\n<p><a href=\"https:\/\/musescore.com\/user\/12741311\/scores\/4888837\/s\/a95bda\">Bugles Sang Alto<\/a><\/p>\n\n\n\n<p><a href=\"https:\/\/musescore.com\/user\/12741311\/scores\/4888838\/s\/f98c39\">Bugles Sang Tenor<\/a><\/p>\n\n\n\n<p><a href=\"https:\/\/musescore.com\/user\/12741311\/scores\/4888841\/s\/9f883a\">Bugles Sang Bass<\/a><\/p>\n\n\n\n<p>&nbsp;<\/p>\n\n\n\n<p><a href=\"https:\/\/musescore.com\/user\/12741311\/scores\/4889967\/s\/92cbb9\">Long Black Arm Soprano<\/a><\/p>\n\n\n\n<p><a href=\"https:\/\/musescore.com\/user\/12741311\/scores\/4889975\/s\/d7ea2f\">Long Black Arm Alto<\/a><\/p>\n\n\n\n<p><a href=\"https:\/\/musescore.com\/user\/12741311\/scores\/4889983\/s\/72f5fa\">Long black Arm Tenor<\/a><\/p>\n\n\n\n<p><a href=\"https:\/\/musescore.com\/user\/12741311\/scores\/4889985\/s\/d98a66\">Long Black Arm Bass<\/a><\/p>\n\n\n\n<p>&nbsp;<\/p>\n\n\n\n<p><a href=\"https:\/\/musescore.com\/user\/12741311\/scores\/4896294\/s\/6a7348\">Requiem Aeternam Soprano<\/a><\/p>\n\n\n\n<p><a href=\"https:\/\/musescore.com\/user\/12741311\/scores\/4896300\/s\/c75b63\">Requiem Aeternam Alto<\/a><\/p>\n\n\n\n<p><a href=\"https:\/\/musescore.com\/user\/12741311\/scores\/4896304\/s\/bfcee7\">Requiem Aeternam Tenor<\/a><\/p>\n\n\n\n<p><a href=\"https:\/\/musescore.com\/user\/12741311\/scores\/4896306\/s\/d1b65a\">Requiem Aeternam Bass<\/a><\/p>\n\n\n\n<p>&nbsp;<\/p>\n\n\n\n<p><a href=\"https:\/\/musescore.com\/user\/12741311\/scores\/4898184\/s\/7c8891\">Ani Shalom Ladies<\/a><\/p>\n\n\n\n<p><a href=\"https:\/\/musescore.com\/user\/12741311\/scores\/4898184\/s\/7c8891\">Ani Shalom Men<\/a><\/p>\n\n\n\n<p>&nbsp;<\/p>\n\n\n\n<p><a href=\"https:\/\/musescore.com\/user\/12741311\/scores\/4900938\/s\/46e6aa\">Hiroshima Soprano<\/a><\/p>\n\n\n\n<p><a href=\"https:\/\/musescore.com\/user\/12741311\/scores\/4900952\/s\/851092\">Hiroshima Alto<\/a><\/p>\n\n\n\n<p><a href=\"https:\/\/musescore.com\/user\/12741311\/scores\/4900958\/s\/19c604\">Hiroshima Tenor<\/a><\/p>\n\n\n\n<p><a href=\"https:\/\/musescore.com\/user\/12741311\/scores\/4900963\/s\/e1e6d2\">Hiroshima Bari\/Bass<\/a><\/p>\n\n\n\n<p>&nbsp;<\/p>\n\n\n\n<p>&nbsp;<\/p>\n","protected":false},"excerpt":{"rendered":"<p>B\u00eatise de la guerre Soprano 1 B\u00eatise de la guerre Soprano 2 B\u00eatise de la guerre Alto B\u00eatise de la guerre Tenor B\u00eatise de la guerre Bass &nbsp; Bing Che Xing Sop 1 Bing Che Xing Sop 2 Bing che Xing alto 1 Bing Che Xing alto 2 Bing Che Xing Tenor 1 Bing Che [&hellip;]<\/p>\n","protected":false},"author":2,"featured_media":0,"parent":4526,"menu_order":0,"comment_status":"closed","ping_status":"closed","template":"","meta":{"_acf_changed":false,"_cu_dining_location_slug":"","footnotes":"","_links_to":"","_links_to_target":""},"cu_page_type":[54],"class_list":["post-8067","page","type-page","status-publish","hentry","cu_page_type-general"],"acf":{"cu_post_thumbnail":false},"_links":{"self":[{"href":"https:\/\/carleton.ca\/music\/wp-json\/wp\/v2\/pages\/8067","targetHints":{"allow":["GET"]}}],"collection":[{"href":"https:\/\/carleton.ca\/music\/wp-json\/wp\/v2\/pages"}],"about":[{"href":"https:\/\/carleton.ca\/music\/wp-json\/wp\/v2\/types\/page"}],"author":[{"embeddable":true,"href":"https:\/\/carleton.ca\/music\/wp-json\/wp\/v2\/users\/2"}],"replies":[{"embeddable":true,"href":"https:\/\/carleton.ca\/music\/wp-json\/wp\/v2\/comments?post=8067"}],"version-history":[{"count":3,"href":"https:\/\/carleton.ca\/music\/wp-json\/wp\/v2\/pages\/8067\/revisions"}],"predecessor-version":[{"id":8220,"href":"https:\/\/carleton.ca\/music\/wp-json\/wp\/v2\/pages\/8067\/revisions\/8220"}],"up":[{"embeddable":true,"href":"https:\/\/carleton.ca\/music\/wp-json\/wp\/v2\/pages\/4526"}],"wp:attachment":[{"href":"https:\/\/carleton.ca\/music\/wp-json\/wp\/v2\/media?parent=8067"}],"wp:term":[{"taxonomy":"cu_page_type","embeddable":true,"href":"https:\/\/carleton.ca\/music\/wp-json\/wp\/v2\/cu_page_type?post=8067"}],"curies":[{"name":"wp","href":"https:\/\/api.w.org\/{rel}","templated":true}]}}