{"id":25,"date":"2020-05-25T16:28:29","date_gmt":"2020-05-25T16:28:29","guid":{"rendered":"https:\/\/carleton.ca\/neuroscience\/?page_id=25"},"modified":"2026-03-06T13:52:29","modified_gmt":"2026-03-06T18:52:29","slug":"colloquium-series-other","status":"publish","type":"page","link":"https:\/\/carleton.ca\/neuroscience\/colloquium-series-other\/","title":{"rendered":"Neuroscience Colloquium Series"},"content":{"rendered":"\n<section class=\"w-screen px-6 cu-section cu-section--white ml-offset-center md:px-8 lg:px-14\">\n    <div class=\"space-y-6 cu-max-w-child-max  md:space-y-10 cu-prose-first-last\">\n\n        \n        \n        \n            \n    <div class=\"cu-wideimage relative flex items-center justify-center mx-auto px-8 overflow-hidden md:px-16 rounded-xl not-prose  my-6 md:my-12 first:mt-0 bg-cu-black-50 pt-10 pb-12\" style=\"\">\n\n        \n        <div class=\"relative z-[2] max-w-4xl w-full flex flex-col items-center gap-2 cu-wideimage-image cu-zero-first-last\">\n            <header class=\"mx-auto mb-6 text-center text-cu-black-800 cu-pageheader cu-component-updated cu-pageheader--center md:mb-12\">\n\n                                    <h1 class=\"cu-prose-first-last font-semibold mb-2 text-3xl md:text-4xl lg:text-5xl lg:leading-[3.5rem] cu-pageheader--center text-center mx-auto after:left-px\">\n                        Neuroscience Colloquium &amp; Brainbytes\n                    <\/h1>\n                \n                            <\/header>\n        <\/div>\n\n            <\/div>\n\n    \n\n    <\/div>\n<\/section>\n\n\n\n<section class=\"w-screen px-6 cu-section cu-section--white ml-offset-center md:px-8 lg:px-14\">\n    <div class=\"space-y-6 cu-max-w-child-4xl  md:space-y-10 cu-prose-first-last\">\n\n        \n    \n    <div class=\"cu-callout cu-callout--center cu-component border-8 md:border-[12px] border-solid border-cu-black-50 px-8 pt-5 pb-6 md:px-16 md:pt-8 md:py-10 rounded-lg cu-prose-first-last\">\n        \n        \n\n<p class=\"has-text-align-left\">The Neuroscience Colloquium series is an opportunity for students and faculty members to attend a lecture from a researcher to learn about the groundbreaking advances being made in field. <strong class=\"myprefix-text-bold\">Colloquiua take place Fridays at 11:30am in 1301 Health Sciences Building.<\/strong><\/p>\n\n\n\n<p class=\"has-text-align-left\">Brainbytes is a forum for neuroscience graduate students to share thesis plans, gain experience presenting, answer questions, and build momentum for works in progress. It is an opportunity to share knowledge among colleagues within the department and includes both human and animal based research. <strong class=\"myprefix-text-bold\">Brainbytes take place Fridays at 11:30am in various locations on campus.<\/strong><\/p>\n\n\n\n<p class=\"has-text-align-left\">To be added to the mailing list for more detailed weekly notices, please contact our Departmental Administrator, <a href=\"mailto:Ryan.MacKay@carleton.ca\">Ryan MacKay<\/a><\/p>\n\n\n    <\/div>\n\n\n    <\/div>\n<\/section>\n\n\n\n<h3 id=\"fall-2025-schedule\" class=\"wp-block-heading\">Fall 2025 Schedule<\/h3>\n\n\n\n<p><strong class=\"myprefix-text-bold\">September 12th &#8211; Dr. Alfonso Abizaid, Carleton University Department of Neuroscience<\/strong><br><em class=\"myprefix-text-italic\">Title: <\/em>G<em class=\"myprefix-text-italic\">hrelin: what is it good for? Absolutely EVERYTHING!<\/em><\/p>\n\n\n\n<p><strong class=\"myprefix-text-bold\">September 19th &#8211; Dr. Cassandra Morrison, Carleton University Psychology Department<\/strong><br><em class=\"myprefix-text-italic\">Title: From Perceived Decline to Detectable Change: Cognitive and Neural Signatures of Subjective Cognitive Decline &#8211;<\/em> Hosted by Dr. Matt Holahan<\/p>\n\n\n\n<p><strong class=\"myprefix-text-bold\">September 26th &#8211; BRAINBYTES<\/strong><br>Matheson Lab &#8211; Karen Aglukark &amp; Tuominen Lab &#8211; Nour Kanaa<\/p>\n\n\n\n<p><strong class=\"myprefix-text-bold\">October 3rd &#8211; Dr. Robert Chen, University of Toronto Department of Medicine (Neurology)<\/strong><br><em class=\"myprefix-text-italic\">Title: Non-invasive brain stimulation for movement disorders <\/em>&#8211; Hosted by Dr. Shawn Hayley<\/p>\n\n\n\n<p><strong class=\"myprefix-text-bold\">October 10th &#8211; BRAINBYTES<\/strong><br>Chee Lab &#8211; Nikita Koziel Ly &amp; D&#8217;Angiulli Lab &#8211; Marwa Alkhalaf<\/p>\n\n\n\n<p><strong class=\"myprefix-text-bold\">October 17th &#8211; Dr. Gilda Stefanelli, University of Ottawa Department of Biology<\/strong><br><em class=\"myprefix-text-italic\">Title: Histone chaperones and histone variants: orchestrating neurodevelopment and disease &#8211; <\/em>Hosted by Dr. Argel Aguilar-Valles and Dr. John Stead<\/p>\n\n\n\n<p><strong class=\"myprefix-text-bold\">October 31st &#8211; Dr. Natalie Michael, Facult\u00e9 de Pharmacie, Universit\u00e9 Laval<\/strong><br><em class=\"myprefix-text-italic\">Title: Uncovering the cellular and molecular foundations of hypothalamic functions &#8211;<\/em> Hosted by Dr. Melissa Chee<\/p>\n\n\n\n<p><strong class=\"myprefix-text-bold\">November 7th &#8211; Dr. Anna Taylor, Department of Pharmacology, University of Alberta. <\/strong><br><em class=\"myprefix-text-italic\">Title: The claustrocortical circuit in acute and chronic pain<\/em> &#8211; Hosted by Dr. Michael Hildebrand<\/p>\n\n\n\n<p><strong class=\"myprefix-text-bold\">November 14th &#8211; Dr. Andrew Nicholson, Royal Ottawa Mental Health Centre, University of Ottawa<\/strong><br><em class=\"myprefix-text-italic\">Title: The Neurobiology of Stress and Trauma: pathways for Improving Treatment Outcomes<\/em> &#8211; Hosted by Dr. Matt Holahan<\/p>\n\n\n\n<p><strong class=\"myprefix-text-bold\">November 21st &#8211; Dr. Zachary Kamensky, Royal Ottawa Mental Health Centre, University of Ottawa<\/strong><br><em class=\"myprefix-text-italic\">Title: Leveraging Biological and Digital Findings Towards Prevention Efforts in Postpartum Depression and Suicide<\/em> &#8211; Hosted by Dr. Matt Holahan<\/p>\n\n\n\n<p><strong class=\"myprefix-text-bold\">December 5th &#8211; BRAINBYTES<\/strong><br>Sun Lab &#8211; Tina Wang &amp; Salmaso Lab &#8211; Alex Abou-Falah<\/p>\n\n\n\n<h3 id=\"winter-2026-schedule\" class=\"wp-block-heading\">Winter 2026 Schedule<\/h3>\n\n\n\n<p><strong class=\"myprefix-text-bold\">January 16th &#8211; Dr. Tanya Halsall, Royal Ottawa Mental Health Centre<\/strong><br><em class=\"myprefix-text-italic\">Title: <em>How to make the world a better place for young people to grow up: Research examining upstream prevention to support child and youth wellbeing<\/em><\/em> &#8211; Hosted by Dr. Alfonso Abizaid<\/p>\n\n\n\n<p><strong class=\"myprefix-text-bold\">January 23rd &#8211; BRAINBYTES<\/strong><br>Hellemans Lab &#8211; Bella Hotston &amp; Aguilar-Valles Lab &#8211; Brandon Rodrigues<\/p>\n\n\n\n<p><strong class=\"myprefix-text-bold\">January 30th &#8211; Dr. Armen Saghatelyan, University of Ottawa Brain and Mind Institute<\/strong><br><em class=\"myprefix-text-italic\">Title: Fear, empathy and processing of natural odors<\/em> &#8211; Hosted by Dr. Natalina Salmaso<\/p>\n\n\n\n<p><strong class=\"myprefix-text-bold\">February 6th &#8211; Dr. Nafissa Ismail, University of Ottawa Psychology Department<\/strong><br><em class=\"myprefix-text-italic\">Title: The gut microbiome: A mediator of sleep disruption-induced depression in male and female mice<\/em> &#8211; Hosted by Dr. Hongyu Sun<\/p>\n\n\n\n<p><strong class=\"myprefix-text-bold\">February 13th &#8211; Dr. Charles Dupras, \u00c9cole de sant\u00e9 publique, D\u00e9partement de M\u00e9decine Sociale et Preventive, Universit\u00e9 de Montr\u00e9al<\/strong><br><em class=\"myprefix-text-italic\">Title: Epigenetics Without Determinism: Ethics at the Intersection of Biology and Social Justice &#8211;<\/em> Hosted by Dr. Amy Bombay<\/p>\n\n\n\n<p><strong class=\"myprefix-text-bold\">February 27th &#8211; BRAINBYTES<br><\/strong>Holahan Lab &#8211; Klara Doelle &amp; Abizaid Lab &#8211; Zachary Silver<\/p>\n\n\n\n<p><strong class=\"myprefix-text-bold\">March 6th &#8211; Dr. Matthew Hill, Hotchkiss Brain Institute, University of Calgary<\/strong><br><em class=\"myprefix-text-italic\">Title: A Tale of Translation: Endocannabinoid Regulation of Stress, Anxiety and Fear from Rodents to Humans<\/em> &#8211; Hosted by Dr. Kim Hellemans and Dr. Alfonso Abizaid<\/p>\n\n\n\n<p><strong class=\"myprefix-text-bold\">March 13th &#8211; Dr. Diane Legace, University of Ottawa Brain and Mind Institute<\/strong><br><em class=\"myprefix-text-italic\">Title: TBA<\/em> &#8211; Hosted by Dr. Argel Aguilar-Valles<\/p>\n\n\n\n<p><strong class=\"myprefix-text-bold\">March 20th &#8211; Dr. James Mackay, University of Albert<\/strong><strong class=\"myprefix-text-bold\">a<\/strong><br><em class=\"myprefix-text-italic\">Title: Tweaking the Wiring: Towards Novel Treatments for Neuropsychiatric Disorders<\/em> &#8211; Hosted by Dr. Melissa Chee<\/p>\n\n\n\n<p><strong class=\"myprefix-text-bold\">March 27th &#8211; Dr. Mireille Khacho, University of Ottawa Brain and Mind Institute<\/strong><br><em class=\"myprefix-text-italic\">Title: TBA<\/em> &#8211; Hosted by Dr. Patrice Smith<\/p>\n\n\n\n<p><strong class=\"myprefix-text-bold\">April 10th &#8211; BRAINBYTES<\/strong><br>Villeneuve Lab &#8211; Abbey Gibbs &amp; McQuaid Lab &#8211; Frances Sheratt<\/p>\n\n\n\n<p><\/p>\n\n\n\n<p><\/p>\n","protected":false},"excerpt":{"rendered":"<p>Fall 2025 Schedule September 12th &#8211; Dr. Alfonso Abizaid, Carleton University Department of NeuroscienceTitle: Ghrelin: what is it good for? Absolutely EVERYTHING! September 19th &#8211; Dr. Cassandra Morrison, Carleton University Psychology DepartmentTitle: From Perceived Decline to Detectable Change: Cognitive and Neural Signatures of Subjective Cognitive Decline &#8211; Hosted by Dr. Matt Holahan September 26th &#8211; [&hellip;]<\/p>\n","protected":false},"author":2,"featured_media":0,"parent":0,"menu_order":0,"comment_status":"closed","ping_status":"closed","template":"","meta":{"_acf_changed":false,"_cu_dining_location_slug":"","footnotes":"","_links_to":"","_links_to_target":""},"cu_page_type":[],"class_list":["post-25","page","type-page","status-publish","hentry"],"acf":{"cu_post_thumbnail":""},"_links":{"self":[{"href":"https:\/\/carleton.ca\/neuroscience\/wp-json\/wp\/v2\/pages\/25","targetHints":{"allow":["GET"]}}],"collection":[{"href":"https:\/\/carleton.ca\/neuroscience\/wp-json\/wp\/v2\/pages"}],"about":[{"href":"https:\/\/carleton.ca\/neuroscience\/wp-json\/wp\/v2\/types\/page"}],"author":[{"embeddable":true,"href":"https:\/\/carleton.ca\/neuroscience\/wp-json\/wp\/v2\/users\/2"}],"replies":[{"embeddable":true,"href":"https:\/\/carleton.ca\/neuroscience\/wp-json\/wp\/v2\/comments?post=25"}],"version-history":[{"count":5,"href":"https:\/\/carleton.ca\/neuroscience\/wp-json\/wp\/v2\/pages\/25\/revisions"}],"predecessor-version":[{"id":9680,"href":"https:\/\/carleton.ca\/neuroscience\/wp-json\/wp\/v2\/pages\/25\/revisions\/9680"}],"wp:attachment":[{"href":"https:\/\/carleton.ca\/neuroscience\/wp-json\/wp\/v2\/media?parent=25"}],"wp:term":[{"taxonomy":"cu_page_type","embeddable":true,"href":"https:\/\/carleton.ca\/neuroscience\/wp-json\/wp\/v2\/cu_page_type?post=25"}],"curies":[{"name":"wp","href":"https:\/\/api.w.org\/{rel}","templated":true}]}}