{"id":1005,"date":"2016-01-25T21:02:46","date_gmt":"2016-01-25T21:02:46","guid":{"rendered":"http:\/\/carleton.ca\/northernresearch\/?page_id=1005"},"modified":"2026-02-12T10:37:33","modified_gmt":"2026-02-12T15:37:33","slug":"call-for-abstracts","status":"publish","type":"page","link":"https:\/\/carleton.ca\/northernresearch\/ocsnrs\/2016-ocsnrs\/call-for-abstracts\/","title":{"rendered":"Call for Abstracts"},"content":{"rendered":"\n<section class=\"w-screen px-6 cu-section cu-section--white ml-offset-center md:px-8 lg:px-14\">\n    <div class=\"space-y-6 cu-max-w-child-5xl  md:space-y-10 cu-prose-first-last\">\n\n            <div class=\"cu-textmedia flex flex-col lg:flex-row mx-auto gap-6 md:gap-10 my-6 md:my-12 first:mt-0 max-w-5xl\">\n        <div class=\"justify-start cu-textmedia-content cu-prose-first-last\" style=\"flex: 0 0 100%;\">\n            <header class=\"font-light prose-xl cu-pageheader md:prose-2xl cu-component-updated cu-prose-first-last\">\n                                    <h1 class=\"cu-prose-first-last font-semibold !mt-2 mb-4 md:mb-6 relative after:absolute after:h-px after:bottom-0 after:bg-cu-red after:left-px text-3xl md:text-4xl lg:text-5xl lg:leading-[3.5rem] pb-5 after:w-10 text-cu-black-700 not-prose\">\n                        Call for Abstracts\n                    <\/h1>\n                \n                                \n                            <\/header>\n\n                    <\/div>\n\n            <\/div>\n\n    <\/div>\n<\/section>\n\n<p><strong>Call for Abstracts<\/strong><\/p>\n\n\n\n<p><a href=\"http:\/\/carleton.ca\/northernresearch\/wp-content\/uploads\/sites\/208\/OCSNRS-Call-for-Abstracts-Poster-1.pdf\" rel=\"\">2016 OCSNRS Call for Abstracts Poster<\/a><\/p>\n\n\n\n<p>**Le fran\u00e7ais suit**<\/p>\n\n\n\n<p>The Ottawa-Carleton Student Northern Research Symposium (OCSNRS) is an annual one-day event showcasing northern research currently conducted at the University of Ottawa and Carleton University by students in social and natural sciences, and the humanities. The OCSNRS provides an excellent opportunity for students to present their research, gain feedback and network. Poster and oral presentation formats are welcome in either French or English and can include preliminary analysis as well as publication-ready results. Undergraduate students, graduate students and recent graduates (since January 2015) from either institution are eligible for poster and oral presentations.<\/p>\n\n\n\n<p>This year, the University of Ottawa will be hosting the event on <strong>Thursday, February 25<sup>th<\/sup>, 2016. <\/strong><\/p>\n\n\n\n<p>The OCSNRS call for abstracts is now open. Please review the abstract submission guidelines below. The abstract submission deadline is <strong>Friday, January 29<sup>th<\/sup>, 2016.<\/strong><\/p>\n\n\n\n<p>Please respond by email to <a href=\"mailto:jjoyc039@uottawa.ca\">jjoyc039@uottawa.ca<\/a>&nbsp;if you plan on attending the Symposium this year. For any further questions or concerns please do not hesitate to contact Jenna Joyce at <a href=\"mailto:jjoyc039@uottawa.ca\">jjoyc039@uottawa.ca<\/a>.<\/p>\n\n\n\n<p><strong><u>Abstract Submission Guidelines <\/u><\/strong><\/p>\n\n\n\n<p>Submission deadline: <strong>Friday, January 29<sup>th<\/sup>, 2016<\/strong><\/p>\n\n\n\n<p>Abstracts are welcome in French or English. Presentations may range from project proposals to publication-ready results.<\/p>\n\n\n\n<p>Northern research eligibility is defined as research taking place north of the Northern Scientific Training Program boundary: <a href=\"http:\/\/www.polarcom.gc.ca\/node\/181\">http:\/\/www.polarcom.gc.ca\/node\/181<\/a>.<\/p>\n\n\n\n<p>Submitted abstracts must include:<\/p>\n\n\n\n<ol class=\"wp-block-list\">\n<li>The names of all authors with the presenting author and institutional affiliation indicated;<\/li>\n\n\n\n<li>The student\u2019s department, program type (BA, BSc, MA, MSc, PhD, etc.) and supervisor\u2019s name;<\/li>\n\n\n\n<li>The presentation title;<\/li>\n\n\n\n<li>Preference for an oral or a poster presentation; and<\/li>\n\n\n\n<li>An abstract of 250 words maximum, which should include a brief introduction to your topic, research objectives, approach\/methods and key findings.<\/li>\n<\/ol>\n\n\n\n<p>Please submit your abstract as a word document to Jenna Joyce (<a href=\"mailto:jjoyc039@uottawa.ca\">jjoyc039@uottawa.ca<\/a>). Confirmation of receipt will be sent to you.<\/p>\n\n\n\n<p>&#8212;&#8212;&#8212;&#8212;&#8212;<\/p>\n\n\n\n<p><strong>L\u2019Appel des&nbsp;R\u00e9sum\u00e9s<\/strong><\/p>\n\n\n\n<p>Le Symposium Ottawa-Carleton sur la recherche \u00e9tudiante dans&nbsp;le Nord (SOCREN) est un \u00e9v\u00e9nement annuel d&#8217;une journ\u00e9e qui met en vedette la recherche nordique men\u00e9e par les \u00e9tudiant(e)s de l\u2019Universit\u00e9 d\u2019Ottawa et l\u2019Universit\u00e9 Carleton en sciences sociales, naturelles et humaines. Le SOCREN est une excellente occasion pour les \u00e9tudiant(e)s de pr\u00e9senter leurs travaux de recherche, d&#8217;obtenir de la r\u00e9troaction et de profiter du r\u00e9seautage social. Les affiches et les pr\u00e9sentations orales sont les bienvenus en fran\u00e7ais ou en anglais et peuvent inclure l&#8217;analyse pr\u00e9liminaire ainsi que les r\u00e9sultats en publication. Les \u00e9tudiant(e)s au premier, deuxi\u00e8me et troisi\u00e8me cycle ainsi que les \u00e9tudiants qui ont r\u00e9cemment obtenu un dipl\u00f4me (depuis janvier 2015) \u00e0 partir des deux institutions sont invit\u00e9s \u00e0 soumettre une affiche ou une pr\u00e9sentation orale.<\/p>\n\n\n\n<p>Cette ann\u00e9e, l\u2019\u00e9v\u00e8nement se d\u00e9roule \u00e0 l\u2019Universit\u00e9 d\u2019Ottawa <strong>le jeudi 25 f\u00e9vrier 2016<\/strong>.<\/p>\n\n\n\n<p>L\u2019appel des r\u00e9sum\u00e9s du SOCREN est maintenant lanc\u00e9. S&#8217;il vous pla\u00eet examiner les directives de soumission de r\u00e9sum\u00e9 ci-dessous. La date limite de soumission des r\u00e9sum\u00e9s est le <strong>vendredi 29 janvier 2016<\/strong>.<\/p>\n\n\n\n<p>S&#8217;il vous pla\u00eet r\u00e9pondre \u00e0 <a href=\"mailto:jjoyc039@uottawa.ca\">jjoyc039@uottawa.ca<\/a>&nbsp;si vous pr\u00e9voyez assister au symposium cette ann\u00e9e. Pour des questions ou des pr\u00e9occupations s&#8217;il vous pla\u00eet ne pas h\u00e9siter \u00e0 communiquer avec Jenna Joyce au <a href=\"mailto:jjoyc039@uottawa.ca\">jjoyc039@uottawa.ca<\/a>.<\/p>\n\n\n\n<p>Nous avons h\u00e2te de vous voir \u00e0 l&#8217;\u00e9v\u00e9nement cette ann\u00e9e.<\/p>\n\n\n\n<p>Jenna Joyce et le comit\u00e9 SOCREN 2016<\/p>\n\n\n\n<p><strong>Guide de Soumission des R\u00e9sum\u00e9s<u> <\/u><\/strong><\/p>\n\n\n\n<p>Date d\u2019\u00e9ch\u00e9ance&nbsp;: <strong>le vendredi 29 janvier 2016<\/strong><\/p>\n\n\n\n<p>Les r\u00e9sum\u00e9s en anglais et en fran\u00e7ais seront accept\u00e9s. Les pr\u00e9sentations peuvent inclure des propositions de recherche ainsi que des r\u00e9sultats en publication.<\/p>\n\n\n\n<p>Pour \u00eatre \u00e9ligible, les projets doivent se concentrer sur des r\u00e9gions situ\u00e9es au nord de la limite d\u00e9finie par la Commission canadienne des affaires polaires : <a href=\"http:\/\/www.polarcom.gc.ca\/node\/181\">http:\/\/www.polarcom.gc.ca\/node\/181<\/a><u>.<\/u><\/p>\n\n\n\n<p><u>Les r\u00e9sum\u00e9s doivent inclure&nbsp;:<\/u><\/p>\n\n\n\n<ol class=\"wp-block-list\">\n<li>Les noms des auteurs (le nom de l\u2019auteur qui pr\u00e9sente et les affiliations institutionnelles doivent \u00eatre clairement indiqu\u00e9es),<\/li>\n\n\n\n<li>Le d\u00e9partement de l\u2019\u00e9tudiant et son programme (BA, BSc, MA, MSc, PhD, etc.) et le nom de son superviseur,<\/li>\n\n\n\n<li>Un titre,<\/li>\n\n\n\n<li>Une pr\u00e9f\u00e9rence entre une pr\u00e9sentation orale ou par affiche, et<\/li>\n\n\n\n<li>Un r\u00e9sum\u00e9 de 250 mots maximum qui inclut une courte introduction au sujet de recherche, les objectives, les m\u00e9thodes et les r\u00e9sultats (s\u2019ils sont disponibles).<\/li>\n<\/ol>\n\n\n\n<p>S\u2019il vous plait soumettre le r\u00e9sum\u00e9 en format .doc ou .docx \u00e0 Jenna Joyce (<a href=\"mailto:jjoyc039@uottawa.ca\">jjoyc039@uottawa.ca<\/a>). Une confirmation de r\u00e9ception vous sera fournie.<\/p>\n","protected":false},"excerpt":{"rendered":"<p>Call for Abstracts 2016 OCSNRS Call for Abstracts Poster **Le fran\u00e7ais suit** The Ottawa-Carleton Student Northern Research Symposium (OCSNRS) is an annual one-day event showcasing northern research currently conducted at the University of Ottawa and Carleton University by students in social and natural sciences, and the humanities. The OCSNRS provides an excellent opportunity for students [&hellip;]<\/p>\n","protected":false},"author":2,"featured_media":0,"parent":986,"menu_order":0,"comment_status":"closed","ping_status":"closed","template":"","meta":{"_acf_changed":false,"_cu_dining_location_slug":"","footnotes":"","_links_to":"","_links_to_target":""},"cu_page_type":[],"class_list":["post-1005","page","type-page","status-publish","hentry"],"acf":{"cu_post_thumbnail":false},"_links":{"self":[{"href":"https:\/\/carleton.ca\/northernresearch\/wp-json\/wp\/v2\/pages\/1005","targetHints":{"allow":["GET"]}}],"collection":[{"href":"https:\/\/carleton.ca\/northernresearch\/wp-json\/wp\/v2\/pages"}],"about":[{"href":"https:\/\/carleton.ca\/northernresearch\/wp-json\/wp\/v2\/types\/page"}],"author":[{"embeddable":true,"href":"https:\/\/carleton.ca\/northernresearch\/wp-json\/wp\/v2\/users\/2"}],"replies":[{"embeddable":true,"href":"https:\/\/carleton.ca\/northernresearch\/wp-json\/wp\/v2\/comments?post=1005"}],"version-history":[{"count":3,"href":"https:\/\/carleton.ca\/northernresearch\/wp-json\/wp\/v2\/pages\/1005\/revisions"}],"predecessor-version":[{"id":1035,"href":"https:\/\/carleton.ca\/northernresearch\/wp-json\/wp\/v2\/pages\/1005\/revisions\/1035"}],"up":[{"embeddable":true,"href":"https:\/\/carleton.ca\/northernresearch\/wp-json\/wp\/v2\/pages\/986"}],"wp:attachment":[{"href":"https:\/\/carleton.ca\/northernresearch\/wp-json\/wp\/v2\/media?parent=1005"}],"wp:term":[{"taxonomy":"cu_page_type","embeddable":true,"href":"https:\/\/carleton.ca\/northernresearch\/wp-json\/wp\/v2\/cu_page_type?post=1005"}],"curies":[{"name":"wp","href":"https:\/\/api.w.org\/{rel}","templated":true}]}}