{"id":1010,"date":"2016-01-25T21:14:42","date_gmt":"2016-01-25T21:14:42","guid":{"rendered":"http:\/\/carleton.ca\/northernresearch\/?page_id=1010"},"modified":"2026-02-12T10:37:33","modified_gmt":"2026-02-12T15:37:33","slug":"photo-contest","status":"publish","type":"page","link":"https:\/\/carleton.ca\/northernresearch\/ocsnrs\/2016-ocsnrs\/photo-contest\/","title":{"rendered":"Photo Contest"},"content":{"rendered":"\n<section class=\"w-screen px-6 cu-section cu-section--white ml-offset-center md:px-8 lg:px-14\">\n    <div class=\"space-y-6 cu-max-w-child-5xl  md:space-y-10 cu-prose-first-last\">\n\n            <div class=\"cu-textmedia flex flex-col lg:flex-row mx-auto gap-6 md:gap-10 my-6 md:my-12 first:mt-0 max-w-5xl\">\n        <div class=\"justify-start cu-textmedia-content cu-prose-first-last\" style=\"flex: 0 0 100%;\">\n            <header class=\"font-light prose-xl cu-pageheader md:prose-2xl cu-component-updated cu-prose-first-last\">\n                                    <h1 class=\"cu-prose-first-last font-semibold !mt-2 mb-4 md:mb-6 relative after:absolute after:h-px after:bottom-0 after:bg-cu-red after:left-px text-3xl md:text-4xl lg:text-5xl lg:leading-[3.5rem] pb-5 after:w-10 text-cu-black-700 not-prose\">\n                        Photo Contest\n                    <\/h1>\n                \n                                \n                            <\/header>\n\n                    <\/div>\n\n            <\/div>\n\n    <\/div>\n<\/section>\n\n<p><strong>Photo Contest<\/strong><\/p>\n\n\n\n<p><a href=\"http:\/\/carleton.ca\/northernresearch\/wp-content\/uploads\/sites\/208\/OCSNRS-2016-Photo-Contest-1.pdf\" rel=\"\">OCSNRS 2016 Photo Contest Poster<\/a><\/p>\n\n\n\n<p>**Le fran\u00e7ais suit**<\/p>\n\n\n\n<p>This year, the OCSNRS will feature a photo contest where students may submit their original northern photos and win prizes. Please review the photo submission guidelines below for further details. The submission deadline for the photo competition is <strong>Friday, February 12<sup>th<\/sup>, 2016<\/strong>.<\/p>\n\n\n\n<p>We look forward to seeing you at this year\u2019s event.<\/p>\n\n\n\n<p>Jenna Joyce and the 2016 OCSNRS committee<\/p>\n\n\n\n<p><strong>Photo Contest Submission Guidelines<\/strong><\/p>\n\n\n\n<p>Submission deadline: <strong>Friday, February 12<sup>th<\/sup>, 2016<\/strong><\/p>\n\n\n\n<p>Submit photos to: <a href=\"mailto:cglas007@uottawa.ca\">cglas007@uottawa.ca<\/a><\/p>\n\n\n\n<p>Eligible submissions must be in accordance with the following criteria:<\/p>\n\n\n\n<ol class=\"wp-block-list\">\n<li>Entrants must be current students or recent graduates (since January 2015) of the University of Ottawa or Carleton University;<\/li>\n\n\n\n<li>Entrants must be the sole proprietor of their image;<\/li>\n\n\n\n<li>Only northern photos will be valid for entry (see NSTP map for Northern Boundary: <a href=\"http:\/\/www.polarcom.gc.ca\/node\/181\">http:\/\/www.polarcom.gc.ca\/node\/181<\/a>);<\/li>\n\n\n\n<li>Photos must be entered into one category of best fit (please include chosen category in email):\n<ol class=\"wp-block-list\">\n<li>Northern Communities, Cultures, and Research;<\/li>\n\n\n\n<li>Northern Landscapes; or<\/li>\n\n\n\n<li>Northern Fauna and Flora.<\/li>\n<\/ol>\n<\/li>\n\n\n\n<li>A maximum of two photos per category may be entered into the contest (maximum of six photos per photographer);<\/li>\n\n\n\n<li>Photos should be your highest resolution in JPG or TIFF format;<\/li>\n\n\n\n<li>File names should follow the format firstname_lastname#.jpg;<\/li>\n\n\n\n<li>Each photo should have its own distinct caption including location and date taken included in the body of the email submission;<\/li>\n\n\n\n<li>Any entry that depicts a recognizable person must be accompanied by a <a href=\"http:\/\/carleton.ca\/northernresearch\/wp-content\/uploads\/sites\/208\/OCSNRS-Consent-Form.pdf\" rel=\"\">OCSNRS Model Release Form<\/a>; and<\/li>\n\n\n\n<li>Entire entry must be less than 10MB.<\/li>\n<\/ol>\n\n\n\n<p><strong>Judging<\/strong><\/p>\n\n\n\n<p>Contest entries will be judged on originality, composition, technical execution and overall impact. The judging panel will be composed of OCSNRS 2016 committee members.<\/p>\n\n\n\n<p><strong>Prizes<\/strong><\/p>\n\n\n\n<p>Prized will be awarded in each category for a first place winner and a runner up.<\/p>\n\n\n\n<p><strong>Copyright Notice<\/strong><\/p>\n\n\n\n<p>The photographer retains copyright of all photographs submitted to this contest. Upon entering the contest, the photographer grants OCSNRS the right to display all photos during the 2016 Symposium.<\/p>\n\n\n\n<p>&#8212;&#8212;&#8212;&#8212;&#8212;&#8212;&#8212;&#8212;&#8212;&#8212;&#8212;<\/p>\n\n\n\n<p><strong>Concours de Photos<\/strong><\/p>\n\n\n\n<p>Cette ann\u00e9e, le SOCREN mettra en vedette un concours de photos o\u00f9 les \u00e9tudiants peuvent soumettre leurs photos originales du Nord et gagner des prix. S&#8217;il vous pla\u00eet examiner les directives de soumission de photo ci-dessous. La date limite de soumission des photos est le <strong>vendredi <\/strong><strong>12 f\u00e9vrier 2016<\/strong>.<\/p>\n\n\n\n<p>Nous avons h\u00e2te de vous voir \u00e0 l&#8217;\u00e9v\u00e9nement cette ann\u00e9e.<\/p>\n\n\n\n<p>Jenna Joyce et le comit\u00e9 SOCREN 2016<\/p>\n\n\n\n<p><strong>Guide de soumission des&nbsp;<span lang=\"EN-US\">r\u00e9sum\u00e9s<\/span><\/strong><\/p>\n\n\n\n<p>Date d\u2019\u00e9ch\u00e9ance&nbsp;: <strong>le vendredi 12 f\u00e9vrier 2016<\/strong><\/p>\n\n\n\n<p>Soumettre les photos \u00e0 l\u2019adresse suivante&nbsp;: <a href=\"mailto:cglas007@uottawa.ca\">cglas007@uottawa.ca<\/a><\/p>\n\n\n\n<p>Les soumissions \u00e9ligibles doivent suivre les directives ci-dessous&nbsp;:<\/p>\n\n\n\n<ol class=\"wp-block-list\">\n<li>Le participant doit \u00e9tudier actuellement ou doit \u00eatre un \u00e9tudiant r\u00e9cemment dipl\u00f4m\u00e9 (depuis janvier 2015),<\/li>\n\n\n\n<li>Le participant doit \u00eatre propri\u00e9taire de l\u2019image,<\/li>\n\n\n\n<li>Seul les photos reli\u00e9es au Nord peuvent \u00eatre soumises (voir la carte des r\u00e9gions nordiques de la Commission canadienne des affaires polaires\u00a0: <a href=\"http:\/\/www.polarcom.gc.ca\/node\/181\">http:\/\/www.polarcom.gc.ca\/node\/181<\/a><u>),<\/u><\/li>\n\n\n\n<li>Les photos doivent \u00eatre reli\u00e9es \u00e0 une cat\u00e9gorie (inclure votre cat\u00e9gorie de choix dans votre courriel)\u00a0:<\/li>\n<\/ol>\n\n\n\n<ol class=\"wp-block-list\">\n<li>Communaut\u00e9s nordiques, culture ou recherche,<\/li>\n\n\n\n<li>Paysages nordiques, ou<\/li>\n\n\n\n<li>Flore ou faune nordique,<\/li>\n<\/ol>\n\n\n\n<ol class=\"wp-block-list\">\n<li>Un maximum de deux photos par cat\u00e9gorie est acceptable (maximum de 6 photos par participant),<\/li>\n\n\n\n<li>Les photos doivent \u00eatre de haute r\u00e9solution en format JPG ou TIFF,<\/li>\n\n\n\n<li>Les noms des fichiers sont \u00e9crit comme ceci\u00a0: surnom_nomdefamille#.jpg,<\/li>\n\n\n\n<li>Chaque photo doit comporter une l\u00e9gende descriptive qui inclut l\u2019endroit et la date qu\u2019elle a \u00e9t\u00e9 prise (ceci est \u00e9crit dans votre courriel),<\/li>\n\n\n\n<li>Une photo qui d\u00e9montre une personne doit \u00eatre accompagn\u00e9e d\u2019un <a href=\"http:\/\/carleton.ca\/northernresearch\/wp-content\/uploads\/sites\/208\/OCSNRS-Consent-Form.pdf\" rel=\"\">OCSNRS Formulaire de Lib\u00e9ration<\/a>,<\/li>\n\n\n\n<li>La soumission au complet doit \u00eatre de moins de 10MB.<\/li>\n<\/ol>\n\n\n\n<p><strong>\u00c9valuation<\/strong><\/p>\n\n\n\n<p>Les soumissions seront jug\u00e9es sur l\u2019originalit\u00e9, la composition, l\u2019ex\u00e9cution technique et l&#8217;impact global. Le jury sera compos\u00e9 des membres du comit\u00e9 SOCREN 2016.<\/p>\n\n\n\n<p><strong>Prix<\/strong><\/p>\n\n\n\n<p>Les prix seront d\u00e9cern\u00e9s dans chaque cat\u00e9gorie pour un gagnant de premi\u00e8re place et un gagnant de deuxi\u00e8me place.<\/p>\n\n\n\n<p><strong>Avis de propri\u00e9t\u00e9 intellectuelle <\/strong><\/p>\n\n\n\n<p>Le photographe conserve le droit d&#8217;auteur de toutes les photographies pr\u00e9sent\u00e9es \u00e0 ce concours. En entrant dans le concours, le photographe donne la permission au SOCREN d&#8217;afficher toutes les photos lors du symposium 2016.<\/p>\n","protected":false},"excerpt":{"rendered":"<p>Photo Contest OCSNRS 2016 Photo Contest Poster **Le fran\u00e7ais suit** This year, the OCSNRS will feature a photo contest where students may submit their original northern photos and win prizes. Please review the photo submission guidelines below for further details. The submission deadline for the photo competition is Friday, February 12th, 2016. We look forward [&hellip;]<\/p>\n","protected":false},"author":2,"featured_media":0,"parent":986,"menu_order":0,"comment_status":"closed","ping_status":"closed","template":"","meta":{"_acf_changed":false,"_cu_dining_location_slug":"","footnotes":"","_links_to":"","_links_to_target":""},"cu_page_type":[],"class_list":["post-1010","page","type-page","status-publish","hentry"],"acf":{"cu_post_thumbnail":false},"_links":{"self":[{"href":"https:\/\/carleton.ca\/northernresearch\/wp-json\/wp\/v2\/pages\/1010","targetHints":{"allow":["GET"]}}],"collection":[{"href":"https:\/\/carleton.ca\/northernresearch\/wp-json\/wp\/v2\/pages"}],"about":[{"href":"https:\/\/carleton.ca\/northernresearch\/wp-json\/wp\/v2\/types\/page"}],"author":[{"embeddable":true,"href":"https:\/\/carleton.ca\/northernresearch\/wp-json\/wp\/v2\/users\/2"}],"replies":[{"embeddable":true,"href":"https:\/\/carleton.ca\/northernresearch\/wp-json\/wp\/v2\/comments?post=1010"}],"version-history":[{"count":3,"href":"https:\/\/carleton.ca\/northernresearch\/wp-json\/wp\/v2\/pages\/1010\/revisions"}],"predecessor-version":[{"id":1030,"href":"https:\/\/carleton.ca\/northernresearch\/wp-json\/wp\/v2\/pages\/1010\/revisions\/1030"}],"up":[{"embeddable":true,"href":"https:\/\/carleton.ca\/northernresearch\/wp-json\/wp\/v2\/pages\/986"}],"wp:attachment":[{"href":"https:\/\/carleton.ca\/northernresearch\/wp-json\/wp\/v2\/media?parent=1010"}],"wp:term":[{"taxonomy":"cu_page_type","embeddable":true,"href":"https:\/\/carleton.ca\/northernresearch\/wp-json\/wp\/v2\/cu_page_type?post=1010"}],"curies":[{"name":"wp","href":"https:\/\/api.w.org\/{rel}","templated":true}]}}