{"id":1324,"date":"2019-01-24T14:41:42","date_gmt":"2019-01-24T19:41:42","guid":{"rendered":"https:\/\/carleton.ca\/northernresearch\/?page_id=1324"},"modified":"2026-02-27T08:52:43","modified_gmt":"2026-02-27T13:52:43","slug":"2017-2-2","status":"publish","type":"page","link":"https:\/\/carleton.ca\/northernresearch\/ocsnrs\/2017-2-2\/","title":{"rendered":"2018"},"content":{"rendered":"\n<section class=\"w-screen px-6 cu-section cu-section--white ml-offset-center md:px-8 lg:px-14\">\n    <div class=\"space-y-6 cu-max-w-child-5xl  md:space-y-10 cu-prose-first-last\">\n\n            <div class=\"cu-textmedia flex flex-col lg:flex-row mx-auto gap-6 md:gap-10 my-6 md:my-12 first:mt-0 max-w-5xl\">\n        <div class=\"justify-start cu-textmedia-content cu-prose-first-last\" style=\"flex: 0 0 100%;\">\n            <header class=\"font-light prose-xl cu-pageheader md:prose-2xl cu-component-updated cu-prose-first-last\">\n                                    <h1 class=\"cu-prose-first-last font-semibold !mt-2 mb-4 md:mb-6 relative after:absolute after:h-px after:bottom-0 after:bg-cu-red after:left-px text-3xl md:text-4xl lg:text-5xl lg:leading-[3.5rem] pb-5 after:w-10 text-cu-black-700 not-prose\">\n                        2018\n                    <\/h1>\n                \n                                \n                            <\/header>\n\n                    <\/div>\n\n            <\/div>\n\n    <\/div>\n<\/section>\n\n\n\n<p><strong>2018 Ottawa Carleton Students Northern Research Symposium<\/strong><\/p>\n\n\n\n<p><strong>When:<\/strong> Thursday, February 15, 2018<\/p>\n\n\n\n<p><strong>Where:<\/strong> University of Ottawa, Desmarais Building (DMS), room 12102<\/p>\n\n\n\n<p><strong>Time:<\/strong> 8:30am &#8211; 5:00pm<\/p>\n\n\n\n<p>&nbsp;<\/p>\n\n\n\n<h3 id=\"ocsnrs-2018-sernoc-full-programme\" class=\"wp-block-heading\"><a href=\"https:\/\/carleton.ca\/northernresearch\/wp-content\/uploads\/sites\/208\/OCSNRS-2018-SERNOC-Programme-1.pdf\">OCSNRS 2018 SERNOC Full Programme<\/a><\/h3>\n\n\n\n<p>&nbsp;<\/p>\n\n\n\n<p>&nbsp;<\/p>\n\n\n\n<p>Please see below for the<strong> call for Abstracts<\/strong> (also see attached to download the <a href=\"https:\/\/carleton.ca\/northernresearch\/wp-content\/uploads\/sites\/208\/OCSNRS_2018_English.pdf\">English<\/a> and <a href=\"https:\/\/carleton.ca\/northernresearch\/wp-content\/uploads\/sites\/208\/SERNOC_2018_Francais.pdf\">French<\/a> version). &nbsp;Abstracts must be submitted to&nbsp;<a href=\"mailto:OCSNRS2018@gmail.com\">OCSNRS2018@gmail.com<\/a>.<\/p>\n\n\n\n<figure class=\"wp-block-image size-full is-resized\"><img loading=\"lazy\" decoding=\"async\" width=\"1662\" height=\"1284\" src=\"https:\/\/carleton.ca\/northernresearch\/wp-content\/uploads\/sites\/208\/OCSNRS_2018_English.jpg\" alt=\"\" class=\"wp-image-1283\" style=\"width:750px\" srcset=\"https:\/\/carleton.ca\/northernresearch\/wp-content\/uploads\/sites\/208\/OCSNRS_2018_English.jpg 1662w, https:\/\/carleton.ca\/northernresearch\/wp-content\/uploads\/sites\/208\/OCSNRS_2018_English-160x124.jpg 160w, https:\/\/carleton.ca\/northernresearch\/wp-content\/uploads\/sites\/208\/OCSNRS_2018_English-240x185.jpg 240w, https:\/\/carleton.ca\/northernresearch\/wp-content\/uploads\/sites\/208\/OCSNRS_2018_English-768x593.jpg 768w, https:\/\/carleton.ca\/northernresearch\/wp-content\/uploads\/sites\/208\/OCSNRS_2018_English-400x309.jpg 400w, https:\/\/carleton.ca\/northernresearch\/wp-content\/uploads\/sites\/208\/OCSNRS_2018_English-360x278.jpg 360w\" sizes=\"auto, (max-width: 1662px) 100vw, 1662px\" \/><\/figure>\n\n\n\n<p><\/p>\n\n\n\n<p><strong>Eligibility<\/strong><\/p>\n\n\n\n<p>Any graduate or undergraduate student at the University of Ottawa or Carleton University whose research involves the north is welcome to present or attend. Students from any discipline are encouraged to participate, as long as their research involves the <a href=\"https:\/\/www.canada.ca\/en\/polar-knowledge\/fundingforresearchers\/maps.html\">geographic north<\/a>. Posters and presentations may be in English or French.<\/p>\n\n\n\n<p><strong>Schedule<\/strong><\/p>\n\n\n\n<p>TBA.<\/p>\n\n\n\n<p><strong>Photo Contest<\/strong><\/p>\n\n\n\n<p>We will be hosting a photo contest for students who would like to showcase the beauty and uniqueness of northern landscapes.<\/p>\n\n\n\n<p><u>Who can participate?<\/u><\/p>\n\n\n\n<p>Anyone attending the symposium can participate. You don\u2019t have to be presenting to participate in the photo contest.<\/p>\n\n\n\n<p><u>What do you have to submit, and when?<\/u><\/p>\n\n\n\n<p>Please submit a high-resolution photo that you have taken in the <a href=\"https:\/\/www.canada.ca\/en\/polar-knowledge\/fundingforresearchers\/maps.html\">geographic north<\/a>. Your photo can be of any subject \u2013 people, animals, plants, landscapes, etc.<\/p>\n\n\n\n<p>Send your photo to <a href=\"mailto:OCSNRS2018@gmail.com\">OCSNRS2018@gmail.com<\/a>&nbsp;with the subject line \u201cPhoto Contest\u201d. Please include a photo title and specify where the photo was taken.<\/p>\n\n\n\n<p><u>How will the winner be chosen?<\/u><\/p>\n\n\n\n<p>Participants and guests to the symposium can vote for their favourite photo during the day. The winner will receive his or her photo printed in large format and framed.<\/p>\n\n\n\n<p><strong>Contact<\/strong><\/p>\n\n\n\n<p>For further information, please contact the organizing committee at <a href=\"mailto:OCSNRS2018@gmail.com\">OCSNRS2018@gmail.com<\/a>.<\/p>\n\n\n\n<p>&nbsp;<\/p>\n\n\n\n<p>*******************<\/p>\n\n\n\n<p>&nbsp;<\/p>\n\n\n\n<p><strong>Le Symposium \u00c9tudiant sur les Recherches Nordiques des d\u2019Ottawa-Carleton (SERNOC)<\/strong> est une conf\u00e9rence annuelle d\u2019une journ\u00e9e qui rassemble les \u00e9tudiants de l\u2019Universit\u00e9 d\u2019Ottawa et de Carleton University qui participent aux \u00e9tudes nordiques. Il s\u2019agit d\u2019une opportunit\u00e9 pour les \u00e9tudiants de pr\u00e9senter leur recherche, faire du r\u00e9seautage et approfondir leur connaissance du Nord.<\/p>\n\n\n\n<p>SERNOC 2018 aura lieu \u00e0 <strong>l\u2019Universit\u00e9 d\u2019Ottawa<\/strong> le <strong>15 f\u00e9vrier<\/strong> 2018, \u00e9difice Desmarais (DMS), chambre 12102.<\/p>\n\n\n\n<p><strong>\u00e9<\/strong><strong>ligibilit\u00e9<\/strong><strong>&nbsp;&nbsp;&nbsp;&nbsp;&nbsp;&nbsp;&nbsp;&nbsp;&nbsp;&nbsp;&nbsp;&nbsp;&nbsp;&nbsp;&nbsp;&nbsp;&nbsp;&nbsp;&nbsp;&nbsp;&nbsp;&nbsp; <\/strong><\/p>\n\n\n\n<p>Les \u00e9tudiants de 1<sup>er<\/sup> cycle, maitrise, ou doctorat de toutes disciplines confondues sont les bienvenus, tant que leur recherche concerne <a href=\"https:\/\/www.canada.ca\/fr\/savoir-polaire\/financementchercheurs\/carte.html\">le nord g\u00e9ographique<\/a>. Les affiches et les pr\u00e9sentations peuvent \u00eatre en anglais ou en fran\u00e7ais.<\/p>\n\n\n\n<p><strong>Appel de r\u00e9sum\u00e9s<\/strong><\/p>\n\n\n\n<p>Veuillez soumettre un r\u00e9sum\u00e9 \u00e0 <a href=\"mailto:OCSNRS2018@gmail.coma\">OCSNRS2018@gmail.com<\/a> par le 29 janvier 2018. Veuillez r\u00e9viser les <a href=\"https:\/\/carleton.ca\/northernresearch\/wp-content\/uploads\/sites\/208\/SERNOC_2018_Francais.pdf\">directives ici<\/a>.<\/p>\n\n\n\n<p><strong>Programme<\/strong><\/p>\n\n\n\n<p>\u00e0 d\u00e9terminer.<\/p>\n\n\n\n<p><strong>Concours Photo<\/strong><\/p>\n\n\n\n<p>Un concours de photographie est organis\u00e9 dans le cadre du symposium pour exposer la beaut\u00e9 des paysages nordiques dans les photos d\u2019\u00e9tudiant(e)s.<\/p>\n\n\n\n<p><u>Qui peut participer? <\/u><\/p>\n\n\n\n<p>Tous ceux qui seront pr\u00e9sents lors du symposium. Vous n\u2019avez pas besoin de soumettre un r\u00e9sum\u00e9 pour une affiche ou une pr\u00e9sentation pour participer au concours.<\/p>\n\n\n\n<p><u>Qu\u2019est-ce que vous devez soumettre et quand? <\/u><\/p>\n\n\n\n<p>Une photo de haute-r\u00e9solution qui a \u00e9t\u00e9 prise dans le <a href=\"https:\/\/www.canada.ca\/fr\/savoir-polaire\/financementchercheurs\/carte.html\">le nord g\u00e9ographique<\/a>. Tous les types de photos sont accept\u00e9s, c.-\u00e0-d. personnes, faune, flore, paysages, etc. Envoyer votre photo avec un titre et l\u2019endroit o\u00f9 elle a \u00e9t\u00e9 prise \u00e0 <a href=\"mailto:OCSNRS2018@gmail.coma\">OCSNRS2018@gmail.com<\/a> dans ou courriel s\u00e9par\u00e9 avec l\u2019objet&nbsp; \u00ab Concours Photo \u00bb avant le 9 f\u00e9vrier 2018.<\/p>\n\n\n\n<p><u>Comment sera choisi le gagnant? <\/u><\/p>\n\n\n\n<p>Les participants au symposium pourront voter pour leur photo favorite durant la journ\u00e9e. Le ou la gagnant(e) recevra sa photo imprim\u00e9e et encadr\u00e9e en grand format.<\/p>\n\n\n\n<p><strong>Contact<\/strong><\/p>\n\n\n\n<p>Pour plus d\u2019information, veuillez contacter le comit\u00e9 organisateur \u00e0 <a href=\"mailto:OCSNRS2018@gmail.coma\">OCSNRS2018@gmail.com<\/a>.<\/p>\n","protected":false},"excerpt":{"rendered":"<p>2018 Ottawa Carleton Students Northern Research Symposium When: Thursday, February 15, 2018 Where: University of Ottawa, Desmarais Building (DMS), room 12102 Time: 8:30am &#8211; 5:00pm &nbsp; OCSNRS 2018 SERNOC Full Programme &nbsp; &nbsp; Please see below for the call for Abstracts (also see attached to download the English and French version). &nbsp;Abstracts must be submitted [&hellip;]<\/p>\n","protected":false},"author":2,"featured_media":0,"parent":84,"menu_order":0,"comment_status":"closed","ping_status":"closed","template":"","meta":{"_acf_changed":false,"_cu_dining_location_slug":"","footnotes":"","_links_to":"","_links_to_target":""},"cu_page_type":[],"class_list":["post-1324","page","type-page","status-publish","hentry"],"acf":{"cu_post_thumbnail":""},"_links":{"self":[{"href":"https:\/\/carleton.ca\/northernresearch\/wp-json\/wp\/v2\/pages\/1324","targetHints":{"allow":["GET"]}}],"collection":[{"href":"https:\/\/carleton.ca\/northernresearch\/wp-json\/wp\/v2\/pages"}],"about":[{"href":"https:\/\/carleton.ca\/northernresearch\/wp-json\/wp\/v2\/types\/page"}],"author":[{"embeddable":true,"href":"https:\/\/carleton.ca\/northernresearch\/wp-json\/wp\/v2\/users\/2"}],"replies":[{"embeddable":true,"href":"https:\/\/carleton.ca\/northernresearch\/wp-json\/wp\/v2\/comments?post=1324"}],"version-history":[{"count":3,"href":"https:\/\/carleton.ca\/northernresearch\/wp-json\/wp\/v2\/pages\/1324\/revisions"}],"predecessor-version":[{"id":1705,"href":"https:\/\/carleton.ca\/northernresearch\/wp-json\/wp\/v2\/pages\/1324\/revisions\/1705"}],"up":[{"embeddable":true,"href":"https:\/\/carleton.ca\/northernresearch\/wp-json\/wp\/v2\/pages\/84"}],"wp:attachment":[{"href":"https:\/\/carleton.ca\/northernresearch\/wp-json\/wp\/v2\/media?parent=1324"}],"wp:term":[{"taxonomy":"cu_page_type","embeddable":true,"href":"https:\/\/carleton.ca\/northernresearch\/wp-json\/wp\/v2\/cu_page_type?post=1324"}],"curies":[{"name":"wp","href":"https:\/\/api.w.org\/{rel}","templated":true}]}}