{"id":1412,"date":"2019-11-11T14:55:41","date_gmt":"2019-11-11T19:55:41","guid":{"rendered":"https:\/\/carleton.ca\/northernresearch\/?page_id=1412"},"modified":"2026-02-27T08:51:58","modified_gmt":"2026-02-27T13:51:58","slug":"ocsnrs-2019","status":"publish","type":"page","link":"https:\/\/carleton.ca\/northernresearch\/ocsnrs\/ocsnrs-2019\/","title":{"rendered":"2019"},"content":{"rendered":"\n<section class=\"w-screen px-6 cu-section cu-section--white ml-offset-center md:px-8 lg:px-14\">\n    <div class=\"space-y-6 cu-max-w-child-5xl  md:space-y-10 cu-prose-first-last\">\n\n            <div class=\"cu-textmedia flex flex-col lg:flex-row mx-auto gap-6 md:gap-10 my-6 md:my-12 first:mt-0 max-w-5xl\">\n        <div class=\"justify-start cu-textmedia-content cu-prose-first-last\" style=\"flex: 0 0 100%;\">\n            <header class=\"font-light prose-xl cu-pageheader md:prose-2xl cu-component-updated cu-prose-first-last\">\n                                    <h1 class=\"cu-prose-first-last font-semibold !mt-2 mb-4 md:mb-6 relative after:absolute after:h-px after:bottom-0 after:bg-cu-red after:left-px text-3xl md:text-4xl lg:text-5xl lg:leading-[3.5rem] pb-5 after:w-10 text-cu-black-700 not-prose\">\n                        2019\n                    <\/h1>\n                \n                                \n                            <\/header>\n\n                    <\/div>\n\n            <\/div>\n\n    <\/div>\n<\/section>\n\n\n\n<h2 id=\"the-2019-ocsnrs-was-hosted-by-carleton-university\" class=\"wp-block-heading\">The 2019 OCSNRS was hosted by Carleton University.<\/h2>\n\n\n\n<p><strong>When:<\/strong> Friday March 15, 2019<\/p>\n\n\n\n<p><strong>Where:<\/strong> Dunton Tower Room 2017<\/p>\n\n\n\n<p><strong>Abstracts Due:<\/strong> February 15, 2019<\/p>\n\n\n\n<p><strong>Photo Submissions Due:<\/strong> March 1, 2019<\/p>\n\n\n\n<h3 id=\"\" class=\"wp-block-heading\"><\/h3>\n\n\n\n<h3 id=\"ocsnrs-agenda-and-full-program-now-available\" class=\"wp-block-heading\">OCSNRS <span style=\"text-decoration: underline;\"><a href=\"https:\/\/carleton.ca\/northernresearch\/wp-content\/uploads\/sites\/208\/OCSNRS-2019-Schedule.pdf\">Agenda<\/a><\/span>&nbsp;and&nbsp;<u><a href=\"https:\/\/carleton.ca\/northernresearch\/wp-content\/uploads\/sites\/208\/PROGRAM-OCSNRS2019.pdf\">Full Program<\/a><\/u>&nbsp;now available.<\/h3>\n\n\n\n<p>&nbsp;<\/p>\n\n\n\n<p><strong>Organizing Committee:<\/strong><\/p>\n\n\n\n<p class=\"p1\">William Twardek &#8211; Biology<\/p>\n\n\n\n<p class=\"p1\">Jacqueline Chapman &#8211; Biology<\/p>\n\n\n\n<p class=\"p1\">Dennis Zimmerman &#8211; Biology<\/p>\n\n\n\n<p class=\"p1\">Emmelie Paquette &#8211; Geography and Environmental Studies<\/p>\n\n\n\n<p class=\"p1\">Ada Loewen &#8211;&nbsp; Geography and Environmental Studies<\/p>\n\n\n\n<p>&nbsp;<\/p>\n\n\n\n<p><em><strong>La version fran\u00e7aise suit.<\/strong><\/em><\/p>\n\n\n\n<p>&nbsp;<\/p>\n\n\n\n<p>Please see below for the<strong> call for Abstracts<\/strong> (also see attached to download the <a href=\"https:\/\/carleton.ca\/northernresearch\/wp-content\/uploads\/sites\/208\/CALL-FOR-ABSTRACTS_poster_EN.pdf\">English<\/a>&nbsp;and <a href=\"https:\/\/carleton.ca\/northernresearch\/wp-content\/uploads\/sites\/208\/CALL-FOR-ABSTRACTS_posterFR.pdf\">French<\/a>&nbsp;version). &nbsp;Abstracts must be submitted to&nbsp;<span class=\"s1\"><a href=\"mailto:JacquelineChapman@cmail.carleton.ca\">JacquelineChapman@cmail.carleton.ca<\/a>&nbsp;by <strong>February 15, 2019<\/strong>.<\/span><\/p>\n\n\n\n<figure class=\"wp-block-image size-full is-resized\"><img loading=\"lazy\" decoding=\"async\" width=\"1299\" height=\"1476\" src=\"https:\/\/carleton.ca\/northernresearch\/wp-content\/uploads\/sites\/208\/CALL-FOR-ABSTRACTS_poster_EN.jpg\" alt=\"\" class=\"wp-image-1333\" style=\"width:750px\" srcset=\"https:\/\/carleton.ca\/northernresearch\/wp-content\/uploads\/sites\/208\/CALL-FOR-ABSTRACTS_poster_EN.jpg 1299w, https:\/\/carleton.ca\/northernresearch\/wp-content\/uploads\/sites\/208\/CALL-FOR-ABSTRACTS_poster_EN-160x182.jpg 160w, https:\/\/carleton.ca\/northernresearch\/wp-content\/uploads\/sites\/208\/CALL-FOR-ABSTRACTS_poster_EN-240x273.jpg 240w, https:\/\/carleton.ca\/northernresearch\/wp-content\/uploads\/sites\/208\/CALL-FOR-ABSTRACTS_poster_EN-768x873.jpg 768w, https:\/\/carleton.ca\/northernresearch\/wp-content\/uploads\/sites\/208\/CALL-FOR-ABSTRACTS_poster_EN-400x455.jpg 400w, https:\/\/carleton.ca\/northernresearch\/wp-content\/uploads\/sites\/208\/CALL-FOR-ABSTRACTS_poster_EN-360x409.jpg 360w\" sizes=\"auto, (max-width: 1299px) 100vw, 1299px\" \/><\/figure>\n\n\n\n<p><\/p>\n\n\n\n<p><strong>Eligibility<\/strong><\/p>\n\n\n\n<p>Any graduate or undergraduate student at the University of Ottawa or Carleton University whose research involves the north is welcome to present or attend. Students from any discipline are encouraged to participate, as long as their research involves the <a href=\"https:\/\/www.canada.ca\/en\/polar-knowledge\/fundingforresearchers\/maps.html\">geographic north<\/a>. Posters and presentations may be in English or French.<\/p>\n\n\n\n<p><strong>Schedule<\/strong><\/p>\n\n\n\n<p>TBA.<\/p>\n\n\n\n<p><strong>Photo Contest<\/strong><\/p>\n\n\n\n<figure class=\"wp-block-image size-full is-resized\"><img loading=\"lazy\" decoding=\"async\" width=\"1280\" height=\"720\" src=\"https:\/\/carleton.ca\/northernresearch\/wp-content\/uploads\/sites\/208\/PHOTO_ContestOCSNRS_2019.jpg\" alt=\"\" class=\"wp-image-1330\" style=\"width:650px\" srcset=\"https:\/\/carleton.ca\/northernresearch\/wp-content\/uploads\/sites\/208\/PHOTO_ContestOCSNRS_2019.jpg 1280w, https:\/\/carleton.ca\/northernresearch\/wp-content\/uploads\/sites\/208\/PHOTO_ContestOCSNRS_2019-160x90.jpg 160w, https:\/\/carleton.ca\/northernresearch\/wp-content\/uploads\/sites\/208\/PHOTO_ContestOCSNRS_2019-240x135.jpg 240w, https:\/\/carleton.ca\/northernresearch\/wp-content\/uploads\/sites\/208\/PHOTO_ContestOCSNRS_2019-768x432.jpg 768w, https:\/\/carleton.ca\/northernresearch\/wp-content\/uploads\/sites\/208\/PHOTO_ContestOCSNRS_2019-400x225.jpg 400w, https:\/\/carleton.ca\/northernresearch\/wp-content\/uploads\/sites\/208\/PHOTO_ContestOCSNRS_2019-360x203.jpg 360w\" sizes=\"auto, (max-width: 1280px) 100vw, 1280px\" \/><\/figure>\n\n\n\n<p><\/p>\n\n\n\n<p>We will be hosting a photo contest for students who would like to showcase the beauty and uniqueness of northern landscapes.<\/p>\n\n\n\n<p><u>Who can participate?<\/u><\/p>\n\n\n\n<p>Anyone attending the symposium can participate. You don\u2019t have to be presenting to participate in the photo contest.<\/p>\n\n\n\n<p><u>What do you have to submit, and when?<\/u><\/p>\n\n\n\n<p>Please submit a high-resolution photo that you have taken in the <a href=\"https:\/\/www.canada.ca\/en\/polar-knowledge\/fundingforresearchers\/maps.html\">geographic north<\/a>. Your photo can be of any subject \u2013 people, animals, plants, landscapes, etc.<\/p>\n\n\n\n<p>Send your photo to&nbsp;<span class=\"s1\"><a href=\"mailto:WillTwardek@cmail.carleton.ca\">WillTwardek@cmail.carleton.ca<\/a>&nbsp;<\/span>with the subject line \u201cPhoto Contest\u201d by <strong>March 1, 2019<\/strong>. Please include a photo title and specify where the photo was taken.<\/p>\n\n\n\n<p><u>How will the winner be chosen?<\/u><\/p>\n\n\n\n<p>Participants and guests to the symposium can vote for their favourite photo during the day. The winner will receive his or her photo printed in large format and framed.<\/p>\n\n\n\n<p><strong>Contact<\/strong><\/p>\n\n\n\n<p>For further information, please contact the organizing committee at&nbsp;<span class=\"s1\"><a href=\"mailto:WillTwardek@cmail.carleton.ca\">WillTwardek@cmail.carleton.ca<\/a><\/span>.<\/p>\n\n\n\n<p>&nbsp;<\/p>\n\n\n\n<p>*******************<\/p>\n\n\n\n<p>&nbsp;<\/p>\n\n\n\n<p>SERNOC 2019 a eu lieu \u00e0 Carleton University le <strong>15 mars<\/strong>&nbsp;<strong>2019<\/strong>, \u00e9difice Dunton Tower (DT), chambre 2017.<\/p>\n\n\n\n<p><strong>\u00e9<\/strong><strong>ligibilit\u00e9<\/strong><strong>&nbsp;&nbsp;&nbsp;&nbsp;&nbsp;&nbsp;&nbsp;&nbsp;&nbsp;&nbsp;&nbsp;&nbsp;&nbsp;&nbsp;&nbsp;&nbsp;&nbsp;&nbsp;&nbsp;&nbsp;&nbsp;&nbsp; <\/strong><\/p>\n\n\n\n<p>Les \u00e9tudiants de 1<sup>er<\/sup> cycle, maitrise, ou doctorat de toutes disciplines confondues sont les bienvenus, tant que leur recherche concerne <a href=\"https:\/\/www.canada.ca\/fr\/savoir-polaire\/financementchercheurs\/carte.html\">le nord g\u00e9ographique<\/a>. Les affiches et les pr\u00e9sentations peuvent \u00eatre en anglais ou en fran\u00e7ais.<\/p>\n\n\n\n<p><strong>Appel de r\u00e9sum\u00e9s<\/strong><\/p>\n\n\n\n<p>Veuillez soumettre un r\u00e9sum\u00e9 \u00e0&nbsp;<span class=\"s1\"><a href=\"mailto:JacquelineChapman@cmail.carleton.ca\">JacquelineChapman@cmail.carleton.ca<\/a>&nbsp;<\/span>par le <strong>15 f\u00e9vrier 2019<\/strong>. Veuillez r\u00e9viser les <a href=\"https:\/\/carleton.ca\/northernresearch\/wp-content\/uploads\/sites\/208\/CALL-FOR-ABSTRACTS_posterFR.pdf\">directives ici<\/a>.<\/p>\n\n\n\n<p><strong>Programme<\/strong><\/p>\n\n\n\n<p>\u00e0 d\u00e9terminer.<\/p>\n\n\n\n<p><strong>Concours Photo<\/strong><\/p>\n\n\n\n<p>Un concours de photographie est organis\u00e9 dans le cadre du symposium pour exposer la beaut\u00e9 des paysages nordiques dans les photos d\u2019\u00e9tudiant(e)s.<\/p>\n\n\n\n<p><u>Qui peut participer? <\/u><\/p>\n\n\n\n<p>Tous ceux qui seront pr\u00e9sents lors du symposium. Vous n\u2019avez pas besoin de soumettre un r\u00e9sum\u00e9 pour une affiche ou une pr\u00e9sentation pour participer au concours.<\/p>\n\n\n\n<p><u>Qu\u2019est-ce que vous devez soumettre et quand? <\/u><\/p>\n\n\n\n<p>Une photo de haute-r\u00e9solution qui a \u00e9t\u00e9 prise dans le <a href=\"https:\/\/www.canada.ca\/fr\/savoir-polaire\/financementchercheurs\/carte.html\">le nord g\u00e9ographique<\/a>. Tous les types de photos sont accept\u00e9s, c.-\u00e0-d. personnes, faune, flore, paysages, etc. Envoyer votre photo avec un titre et l\u2019endroit o\u00f9 elle a \u00e9t\u00e9 prise \u00e0&nbsp;<span class=\"s1\"><a href=\"mailto:WillTwardek@cmail.carleton.ca\">WillTwardek@cmail.carleton.ca<\/a>&nbsp;<\/span>dans ou courriel s\u00e9par\u00e9 avec l\u2019objet&nbsp; \u00ab Concours Photo \u00bb avant le <strong>1 mars 2019<\/strong>.<\/p>\n\n\n\n<p><u>Comment sera choisi le gagnant? <\/u><\/p>\n\n\n\n<p>Les participants au symposium pourront voter pour leur photo favorite durant la journ\u00e9e. Le ou la gagnant(e) recevra sa photo imprim\u00e9e et encadr\u00e9e en grand format.<\/p>\n\n\n\n<p><strong>Contact<\/strong><\/p>\n\n\n\n<p>Pour plus d\u2019information, veuillez contacter le comit\u00e9 organisateur \u00e0&nbsp;<span class=\"s1\"><a href=\"mailto:WillTwardek@cmail.carleton.ca\">WillTwardek@cmail.carleton.ca<\/a><\/span>.<\/p>\n\n\n\n<p>&nbsp;<\/p>\n\n\n\n<p>&#8212;&#8212;&#8212;&#8212;&#8212;&#8212;&#8212;&#8212;&#8212;&#8212;&#8212;&#8212;&#8212;&#8212;&#8212;&#8212;&#8212;-<\/p>\n\n\n\n<p>&nbsp;<\/p>\n\n\n\n<p class=\"has-text-align-left\"><strong>View Previous OCSNRS Schedules\/Abstracts:<br>\n<\/strong><\/p>\n\n\n\n<p><a href=\"https:\/\/carleton.ca\/northernresearch\/ocsnrs\/2017-2-2\/\"><span style=\"text-decoration: underline;\">2<\/span>018 &#8211; Hosted by the University of Ottawa<\/a><\/p>\n\n\n\n<p><a href=\"https:\/\/carleton.ca\/northernresearch\/ocsnrs\/2017-2\/\">2017 &#8211; Hosted by Carleton University<\/a><\/p>\n\n\n\n<p class=\"has-text-align-left\"><a href=\"http:\/\/carleton.ca\/northernresearch\/ocsnrs\/2016-ocsnrs\/\">2016 &#8211; Hosted by the University of Ottawa<\/a><\/p>\n\n\n\n<p class=\"has-text-align-left\"><a href=\"http:\/\/carleton.ca\/northernresearch\/ocsnrs\/2015-ocsnrs\/\">2015 &#8211; Hosted by Carleton University<\/a><\/p>\n\n\n\n<p class=\"has-text-align-left\"><a href=\"http:\/\/carleton.ca\/northernresearch\/2014-ocsnrs\">2014 &#8211; Hosted by the University of Ottawa<\/a><\/p>\n\n\n\n<p class=\"has-text-align-left\"><a title=\"2013 \u2013 Hosted by Carleton University\" href=\"http:\/\/carleton.ca\/northernresearch\/ocsnrs\/2013-ocsnrs\/\">2013 &#8211; Hosted by Carleton University<\/a><\/p>\n\n\n\n<p class=\"has-text-align-left\"><a href=\"http:\/\/carleton.ca\/northernresearch\/wp-content\/uploads\/sites\/208\/OCSNRS2012PresentationList.pdf\">2012 &#8211;&nbsp;Hosted by the University of Ottawa<\/a><\/p>\n\n\n\n<p class=\"has-text-align-left\"><a href=\"http:\/\/carleton.ca\/northernresearch\/wp-content\/uploads\/sites\/208\/2011_OCSNRS_Presentations.pdf\">2011 &#8211;&nbsp;Hosted by Carleton University<\/a><\/p>\n","protected":false},"excerpt":{"rendered":"<p>The 2019 OCSNRS was hosted by Carleton University. When: Friday March 15, 2019 Where: Dunton Tower Room 2017 Abstracts Due: February 15, 2019 Photo Submissions Due: March 1, 2019 OCSNRS Agenda&nbsp;and&nbsp;Full Program&nbsp;now available. &nbsp; Organizing Committee: William Twardek &#8211; Biology Jacqueline Chapman &#8211; Biology Dennis Zimmerman &#8211; Biology Emmelie Paquette &#8211; Geography and Environmental Studies [&hellip;]<\/p>\n","protected":false},"author":2,"featured_media":0,"parent":84,"menu_order":0,"comment_status":"closed","ping_status":"closed","template":"","meta":{"_acf_changed":false,"_cu_dining_location_slug":"","footnotes":"","_links_to":"","_links_to_target":""},"cu_page_type":[],"class_list":["post-1412","page","type-page","status-publish","hentry"],"acf":{"cu_post_thumbnail":""},"_links":{"self":[{"href":"https:\/\/carleton.ca\/northernresearch\/wp-json\/wp\/v2\/pages\/1412","targetHints":{"allow":["GET"]}}],"collection":[{"href":"https:\/\/carleton.ca\/northernresearch\/wp-json\/wp\/v2\/pages"}],"about":[{"href":"https:\/\/carleton.ca\/northernresearch\/wp-json\/wp\/v2\/types\/page"}],"author":[{"embeddable":true,"href":"https:\/\/carleton.ca\/northernresearch\/wp-json\/wp\/v2\/users\/2"}],"replies":[{"embeddable":true,"href":"https:\/\/carleton.ca\/northernresearch\/wp-json\/wp\/v2\/comments?post=1412"}],"version-history":[{"count":4,"href":"https:\/\/carleton.ca\/northernresearch\/wp-json\/wp\/v2\/pages\/1412\/revisions"}],"predecessor-version":[{"id":1704,"href":"https:\/\/carleton.ca\/northernresearch\/wp-json\/wp\/v2\/pages\/1412\/revisions\/1704"}],"up":[{"embeddable":true,"href":"https:\/\/carleton.ca\/northernresearch\/wp-json\/wp\/v2\/pages\/84"}],"wp:attachment":[{"href":"https:\/\/carleton.ca\/northernresearch\/wp-json\/wp\/v2\/media?parent=1412"}],"wp:term":[{"taxonomy":"cu_page_type","embeddable":true,"href":"https:\/\/carleton.ca\/northernresearch\/wp-json\/wp\/v2\/cu_page_type?post=1412"}],"curies":[{"name":"wp","href":"https:\/\/api.w.org\/{rel}","templated":true}]}}