{"id":1476,"date":"2022-01-24T19:58:00","date_gmt":"2022-01-25T00:58:00","guid":{"rendered":"https:\/\/carleton.ca\/northernresearch\/?page_id=1476"},"modified":"2026-02-12T10:37:32","modified_gmt":"2026-02-12T15:37:32","slug":"ocsnrs-2020","status":"publish","type":"page","link":"https:\/\/carleton.ca\/northernresearch\/ocsnrs\/ocsnrs-2020\/","title":{"rendered":"2020"},"content":{"rendered":"\n<section class=\"w-screen px-6 cu-section cu-section--white ml-offset-center md:px-8 lg:px-14\">\n    <div class=\"space-y-6 cu-max-w-child-5xl  md:space-y-10 cu-prose-first-last\">\n\n            <div class=\"cu-textmedia flex flex-col lg:flex-row mx-auto gap-6 md:gap-10 my-6 md:my-12 first:mt-0 max-w-5xl\">\n        <div class=\"justify-start cu-textmedia-content cu-prose-first-last\" style=\"flex: 0 0 100%;\">\n            <header class=\"font-light prose-xl cu-pageheader md:prose-2xl cu-component-updated cu-prose-first-last\">\n                                    <h1 class=\"cu-prose-first-last font-semibold !mt-2 mb-4 md:mb-6 relative after:absolute after:h-px after:bottom-0 after:bg-cu-red after:left-px text-3xl md:text-4xl lg:text-5xl lg:leading-[3.5rem] pb-5 after:w-10 text-cu-black-700 not-prose\">\n                        2020\n                    <\/h1>\n                \n                                \n                            <\/header>\n\n                    <\/div>\n\n            <\/div>\n\n    <\/div>\n<\/section>\n\n<h2 id=\"the-2020-ocsnrs-was-supposed-to-be-hosted-by-the-university-of-ottawa\" class=\"wp-block-heading\">The 2020 OCSNRS was supposed to be hosted by the University of Ottawa<\/h2>\n\n\n\n<p><strong>NOTE THIS EVENT HAS BEEN CANCELLED DUE TO<span lang=\"EN-CA\"> THE RISING CONCERN SURROUNDING THE COVID-19 VIRUS<\/span><\/strong><\/p>\n\n\n\n<p><strong>When: <\/strong><s>Friday March 20&nbsp; 2020, 09:00-16:40<\/s><\/p>\n\n\n\n<p><strong>Where: <\/strong><s>CRX C220\/C230, Learning Crossroads (CRX), 100 Louis-Pasteur Private, University of Ottawa<\/s><\/p>\n\n\n\n<p><strong>Abstracts Due: <\/strong>Feb 3, 2020 at 11:59 pm<strong><br>\n<\/strong><\/p>\n\n\n\n<p><strong>Eligibility<\/strong><\/p>\n\n\n\n<p>Any graduate or undergraduate student at the University of Ottawa or Carleton University whose research involves the north is welcome to present or attend. Students from any discipline are encouraged to participate, as long as their research involves the <a href=\"http:\/\/arcg.is\/1vGHyr\">geographic north<\/a>. Posters and presentations may be in English or French.<\/p>\n\n\n\n<p><strong>Schedule<\/strong><\/p>\n\n\n\n<p><strong>The 2020 OCSNRS <u><a href=\"https:\/\/carleton.ca\/northernresearch\/wp-content\/uploads\/sites\/208\/OCSNRS2020_OFFICIAL_PROGRAM.pdf\" target=\"_blank\" rel=\"noopener noreferrer\">Full Program<\/a><\/u> is now available.<\/strong><\/p>\n\n\n\n<p>For further information, please contact the organizing committee at <a href=\"mailto:ocsnrs2020@gmail.com\">ocsnrs2020@gmail.com<\/a><\/p>\n\n\n\n<p>Braden Smeda, M.Sc. Student<\/p>\n\n\n\n<p>Moya Painter, M.Sc. Student<\/p>\n\n\n\n<p>Yifeng Wang, M.Sc. Student<\/p>\n\n\n\n<p>Dr. Luke Copland<\/p>\n\n\n\n<p><strong>Call for Abstracts<\/strong><\/p>\n\n\n\n<p>We are now accepting abstracts and photo contest submissions for the 2020 Ottawa-Carleton Student Northern Research Symposium (OCSNRS), to be held on March 20, 2020, at the University of Ottawa. All abstracts and photo submissions are due by <strong>Monday, February 3, 2020, at 11:59 pm<\/strong>.<\/p>\n\n\n\n<p>Please follow the link below to submit your abstract (maximum 1,500 characters) and your favourite photo related to your work in the North.<\/p>\n\n\n\n<figure class=\"wp-block-embed\"><div class=\"wp-block-embed__wrapper\">\nhttps:\/\/forms.gle\/NSDtG2NApxMEaZPr5\n<\/div><\/figure>\n\n\n\n<p>Please do not hesitate to contact us at&nbsp;<a href=\"mailto:ocsnrs2020@gmail.com\">ocsnrs2020@gmail.com<\/a> if you have any questions about the upcoming OCSNRS or the submission process.<\/p>\n\n\n\n<p>&nbsp;<\/p>\n\n\n\n<p>*******************<\/p>\n\n\n\n<p><strong>Le Symposium \u00c9tudiant sur les Recherches Nordiques des d\u2019Ottawa-Carleton (SERNOC)<\/strong> est une conf\u00e9rence annuelle d\u2019une journ\u00e9e qui rassemble les \u00e9tudiants de l\u2019Universit\u00e9 d\u2019Ottawa et de Carleton University qui participent aux \u00e9tudes nordiques. Il s\u2019agit d\u2019une opportunit\u00e9 pour les \u00e9tudiants de pr\u00e9senter leur recherche, faire du r\u00e9seautage et approfondir leur connaissance du Nord.<\/p>\n\n\n\n<p>SERNOC 2020 aura lieu \u00e0 <span lang=\"FR-CA\">l\u2019Universit\u00e9 d\u2019Ottawa<\/span> le <strong>20 mars<\/strong>&nbsp;<strong>2020<\/strong><\/p>\n\n\n\n<p><strong>\u00e9<\/strong><strong>ligibilit\u00e9<\/strong><strong>&nbsp;&nbsp;&nbsp;&nbsp;&nbsp;&nbsp;&nbsp;&nbsp;&nbsp;&nbsp;&nbsp;&nbsp;&nbsp;&nbsp;&nbsp;&nbsp;&nbsp;&nbsp;&nbsp;&nbsp;&nbsp;&nbsp; <\/strong><\/p>\n\n\n\n<p>Les \u00e9tudiants de 1<sup>er<\/sup> cycle, maitrise, ou doctorat de toutes disciplines confondues sont les bienvenus, tant que leur recherche concerne <a href=\"http:\/\/arcg.is\/1vGHyr\">le nord g\u00e9ographique<\/a>. Les affiches et les pr\u00e9sentations peuvent \u00eatre en anglais ou en fran\u00e7ais.<\/p>\n\n\n\n<p><strong>Appel de r\u00e9sum\u00e9s<\/strong><\/p>\n\n\n\n<p>Nous acceptons maintenant les r\u00e9sum\u00e9s et les photographes pour le Symposium \u00c9tudiant de Recherche Nordique d&#8217;Ottawa-Carleton (SERNOC) 2020, qui aura lieu \u00e0 l\u2019Universit\u00e9 d\u2019Ottawa le 20 mars 2020. La date limite pour la soumission des r\u00e9sum\u00e9s et des photographes est <strong>lundi, le 3 f\u00e9vrier 2020, avant 23 h 59<\/strong>.<\/p>\n\n\n\n<p>Veuillez suivre le lien ci-dessous pour soumettre un r\u00e9sum\u00e9 (d\u2019un maximum compte de caract\u00e8res de 1500) et une photographe de votre travail au nord. Le gagnant du concours de photos sera annonc\u00e9 lors de la conf\u00e9rence.<\/p>\n\n\n\n<figure class=\"wp-block-embed\"><div class=\"wp-block-embed__wrapper\">\nhttps:\/\/forms.gle\/NSDtG2NApxMEaZPr5\n<\/div><\/figure>\n","protected":false},"excerpt":{"rendered":"<p>The 2020 OCSNRS was supposed to be hosted by the University of Ottawa NOTE THIS EVENT HAS BEEN CANCELLED DUE TO THE RISING CONCERN SURROUNDING THE COVID-19 VIRUS When: Friday March 20&nbsp; 2020, 09:00-16:40 Where: CRX C220\/C230, Learning Crossroads (CRX), 100 Louis-Pasteur Private, University of Ottawa Abstracts Due: Feb 3, 2020 at 11:59 pm Eligibility [&hellip;]<\/p>\n","protected":false},"author":2,"featured_media":0,"parent":84,"menu_order":0,"comment_status":"closed","ping_status":"closed","template":"","meta":{"_acf_changed":false,"_cu_dining_location_slug":"","footnotes":"","_links_to":"","_links_to_target":""},"cu_page_type":[],"class_list":["post-1476","page","type-page","status-publish","hentry"],"acf":{"cu_post_thumbnail":false},"_links":{"self":[{"href":"https:\/\/carleton.ca\/northernresearch\/wp-json\/wp\/v2\/pages\/1476","targetHints":{"allow":["GET"]}}],"collection":[{"href":"https:\/\/carleton.ca\/northernresearch\/wp-json\/wp\/v2\/pages"}],"about":[{"href":"https:\/\/carleton.ca\/northernresearch\/wp-json\/wp\/v2\/types\/page"}],"author":[{"embeddable":true,"href":"https:\/\/carleton.ca\/northernresearch\/wp-json\/wp\/v2\/users\/2"}],"replies":[{"embeddable":true,"href":"https:\/\/carleton.ca\/northernresearch\/wp-json\/wp\/v2\/comments?post=1476"}],"version-history":[{"count":2,"href":"https:\/\/carleton.ca\/northernresearch\/wp-json\/wp\/v2\/pages\/1476\/revisions"}],"predecessor-version":[{"id":1479,"href":"https:\/\/carleton.ca\/northernresearch\/wp-json\/wp\/v2\/pages\/1476\/revisions\/1479"}],"up":[{"embeddable":true,"href":"https:\/\/carleton.ca\/northernresearch\/wp-json\/wp\/v2\/pages\/84"}],"wp:attachment":[{"href":"https:\/\/carleton.ca\/northernresearch\/wp-json\/wp\/v2\/media?parent=1476"}],"wp:term":[{"taxonomy":"cu_page_type","embeddable":true,"href":"https:\/\/carleton.ca\/northernresearch\/wp-json\/wp\/v2\/cu_page_type?post=1476"}],"curies":[{"name":"wp","href":"https:\/\/api.w.org\/{rel}","templated":true}]}}