{"id":1531,"date":"2024-01-24T06:27:37","date_gmt":"2024-01-24T11:27:37","guid":{"rendered":"https:\/\/carleton.ca\/northernresearch\/?page_id=1531"},"modified":"2026-02-27T08:49:04","modified_gmt":"2026-02-27T13:49:04","slug":"ocsnrs-2023","status":"publish","type":"page","link":"https:\/\/carleton.ca\/northernresearch\/ocsnrs\/ocsnrs-2023\/","title":{"rendered":"2023"},"content":{"rendered":"\n<section class=\"w-screen px-6 cu-section cu-section--white ml-offset-center md:px-8 lg:px-14\">\n    <div class=\"space-y-6 cu-max-w-child-5xl  md:space-y-10 cu-prose-first-last\">\n\n            <div class=\"cu-textmedia flex flex-col lg:flex-row mx-auto gap-6 md:gap-10 my-6 md:my-12 first:mt-0 max-w-5xl\">\n        <div class=\"justify-start cu-textmedia-content cu-prose-first-last\" style=\"flex: 0 0 100%;\">\n            <header class=\"font-light prose-xl cu-pageheader md:prose-2xl cu-component-updated cu-prose-first-last\">\n                                    <h1 class=\"cu-prose-first-last font-semibold !mt-2 mb-4 md:mb-6 relative after:absolute after:h-px after:bottom-0 after:bg-cu-red after:left-px text-3xl md:text-4xl lg:text-5xl lg:leading-[3.5rem] pb-5 after:w-10 text-cu-black-700 not-prose\">\n                        2023\n                    <\/h1>\n                \n                                \n                            <\/header>\n\n                    <\/div>\n\n            <\/div>\n\n    <\/div>\n<\/section>\n\n\n\n<h2 id=\"the-2023-ocsnrs-was-hosted-by-carleton-university-on-march-3-2023\" class=\"wp-block-heading\">The 2023 OCSNRS was hosted by Carleton University on March 3, 2023<\/h2>\n\n\n\n<p>The Ottawa-Carleton Student Northern Research Symposium is an annual, one-day conference where students from Carleton University and the University of Ottawa connect, present their research, and learn from each other. We have accepted abstracts from undergraduate and graduate students from a wide variety of disciplines relevant to polar regions. Attached is the schedule for the day.<\/p>\n\n\n\n<p><span id=\"m_8698190349230605807gmail-docs-internal-guid-6eefffa9-7fff-4ffd-3900-3b0701c525fe\">Please fill out the following Google Form by February 23rd if you would like to attend this event held at <b>Carleton University<\/b> at <b>Nicol Building 3040<\/b> (or streamed virtually) on <b>March 3rd<\/b> so we can anticipate numbers for catering: <span id=\"m_8698190349230605807gmail-docs-internal-guid-50fb8f7c-7fff-832e-293c-0731ddf92b84\"><a href=\"https:\/\/can01.safelinks.protection.outlook.com\/?url=https%3A%2F%2Fforms.gle%2FytCD2v1DdQguinAZ7&amp;data=05%7C01%7CDerekMueller%40cunet.carleton.ca%7C2406465a6dcc44b0fe8108db10464faa%7C6ad91895de06485ebc51fce126cc8530%7C0%7C0%7C638121667254470003%7CUnknown%7CTWFpbGZsb3d8eyJWIjoiMC4wLjAwMDAiLCJQIjoiV2luMzIiLCJBTiI6Ik1haWwiLCJXVCI6Mn0%3D%7C2000%7C%7C%7C&amp;sdata=70D9llDHJmHnigBFj6bfoPYsro6t1f8pTXWRcD1dTvw%3D&amp;reserved=0\" target=\"_blank\" rel=\"noopener noreferrer\">https:\/\/forms.gle\/exA2ZUESemeJZjQU7<\/a><\/span> <\/span><\/p>\n\n\n\n<p>A pdf of the program for this year&#8217;s meeting is here:<a href=\"https:\/\/carleton.ca\/northernresearch\/wp-content\/uploads\/sites\/208\/OCSNRS-2023-Program.pdf\"> OCSNRS 2023 Program<\/a><\/p>\n\n\n\n<p>For more information, please email <a class=\"moz-txt-link-freetext\" href=\"mailto:ocsnrsymposium@gmail.com\" target=\"_blank\" rel=\"noopener noreferrer\">ocsnrsymposium@gmail.com<\/a> or visit <a class=\"moz-txt-link-freetext\" href=\"https:\/\/carleton.ca\/northernresearch\/ocsnrs\/\" target=\"_blank\" rel=\"noopener noreferrer\">https:\/\/carleton.ca\/northernresearch\/ocsnrs\/<\/a>.<\/p>\n\n\n\n<p>Thank you for your interest and we look forward to seeing everyone!<\/p>\n\n\n\n<p>On behalf of the OCSNRS 2023 Committee,<\/p>\n\n\n\n<p>Ada Loewen<br>\nReyd Smith<br>\nRachel Mandryk<br>\nAdam Poulin<\/p>\n\n\n\n<p>&#8212;&#8212;&#8212;&#8212;&#8212;&#8212;&#8212;&#8212;&#8212;&#8212;&#8212;&#8212;&#8212;&#8212;&#8212;&#8212;&#8212;-<\/p>\n\n\n\n<p>Dear Students and Faculty,<\/p>\n\n\n\n<p>The Ottawa-Carleton Student Northern Research Symposium (OCSNRS) is an annual, one-day conference that will be held on <b>March 3, 2023.<\/b> It will provide an opportunity for students from Carleton University and the University of Ottawa to connect, present their research, and learn from each other. This year, OCSNRS will be hosted at Carleton University.<\/p>\n\n\n\n<p>We are now accepting abstracts from undergraduate and graduate students of any discipline, provided that the research is relevant to the northern or southern polar regions. Presentations can be on projects of any stage, including project proposals and completed research. Both French and English abstracts are welcome. Please indicate in the Google form whether you will be presenting a talk or a poster.<\/p>\n\n\n\n<p>The deadline to submit an abstract is <b><s>January 31<\/s> February 5 <\/b>at<b> 23:59<\/b> via <b><a href=\"https:\/\/forms.gle\/2J465T5wk8CGwsJr8\">https:\/\/forms.gle\/2J465T5wk8CGwsJr8<\/a>. <\/b><\/p>\n\n\n\n<p>The keynote speaker this year is to be determined.<\/p>\n\n\n\n<p>We will also be having a photo contest if you wish to participate \u2013 photos can be of any subject, provided it was taken in the geographic north or south. Participants in OCSNRS 2023 can submit photographs with their abstract submission in the Google Form provided above.<\/p>\n\n\n\n<p>For more information, please see the attached poster or email <a href=\"mailto:ocsnrsymposium@gmail.com\">ocsnrsymposium@gmail.com<\/a>.<\/p>\n\n\n\n<p>Thank you for your interest and we look forward to seeing everyone in person!<\/p>\n\n\n\n<p>On behalf of the OCSNRS 2023 Committee,<\/p>\n\n\n\n<p>Ada Loewen<br>\nReyd Smith<br>\nRachel Mandryk<br>\nAidan Oliver-Burgess<br>\nAdam Poulin<\/p>\n\n\n\n<p>Download the a Call For Abstract Poster <a href=\"https:\/\/carleton.ca\/northernresearch\/wp-content\/uploads\/sites\/208\/OCSNRS2023_CallforAbstracts_EN.png\">here<\/a><\/p>\n\n\n\n<p><strong>Photo Contest<\/strong><\/p>\n\n\n\n<figure class=\"wp-block-image size-full is-resized\"><img loading=\"lazy\" decoding=\"async\" width=\"1584\" height=\"891\" src=\"https:\/\/carleton.ca\/northernresearch\/wp-content\/uploads\/sites\/208\/OCSNRS2023_PhotoContest_EN.png\" alt=\"\" class=\"wp-image-1505\" style=\"width:500px\" srcset=\"https:\/\/carleton.ca\/northernresearch\/wp-content\/uploads\/sites\/208\/OCSNRS2023_PhotoContest_EN.png 1584w, https:\/\/carleton.ca\/northernresearch\/wp-content\/uploads\/sites\/208\/OCSNRS2023_PhotoContest_EN-160x90.png 160w, https:\/\/carleton.ca\/northernresearch\/wp-content\/uploads\/sites\/208\/OCSNRS2023_PhotoContest_EN-240x135.png 240w, https:\/\/carleton.ca\/northernresearch\/wp-content\/uploads\/sites\/208\/OCSNRS2023_PhotoContest_EN-768x432.png 768w, https:\/\/carleton.ca\/northernresearch\/wp-content\/uploads\/sites\/208\/OCSNRS2023_PhotoContest_EN-400x225.png 400w, https:\/\/carleton.ca\/northernresearch\/wp-content\/uploads\/sites\/208\/OCSNRS2023_PhotoContest_EN-1536x864.png 1536w, https:\/\/carleton.ca\/northernresearch\/wp-content\/uploads\/sites\/208\/OCSNRS2023_PhotoContest_EN-360x203.png 360w\" sizes=\"auto, (max-width: 1584px) 100vw, 1584px\" \/><\/figure>\n\n\n\n<p><\/p>\n\n\n\n<p>We will be hosting a photo contest for students who would like to showcase the beauty and uniqueness of northern landscapes.<\/p>\n\n\n\n<p><span style=\"text-decoration: underline;\">Who can participate?<\/span><\/p>\n\n\n\n<p>Anyone attending the symposium can participate. You don\u2019t have to be presenting to participate in the photo contest.<\/p>\n\n\n\n<p><span style=\"text-decoration: underline;\">What do you have to submit, and when?<\/span><\/p>\n\n\n\n<p>Please submit a high-resolution photo that you have taken in the geographic north or southern polar regions. Your photo can be of any subject \u2013 people, animals, plants, landscapes, etc.<\/p>\n\n\n\n<p>Send your photo to&nbsp;<a href=\"https:\/\/forms.gle\/2J465T5wk8CGwsJr8\">https:\/\/forms.gle\/2J465T5wk8CGwsJr8<\/a> by January 31, 2023.<\/p>\n\n\n\n<p><span style=\"text-decoration: underline;\">How will the winner be chosen?<\/span><\/p>\n\n\n\n<p>Participants and guests to the symposium can vote for their favourite photo during the day. The winner will receive his or her photo printed in large format and framed.<\/p>\n\n\n\n<p><strong>Contact<\/strong><\/p>\n\n\n\n<p>For further information, please contact the organizing committee at <a href=\"mailto:ocsnrsymposium@gmail.com\">ocsnrsymposium@gmail.com<\/a>.<\/p>\n\n\n\n<p>&nbsp;<\/p>\n\n\n\n<p>Chers \u00e9tudiant(e)s et professeurs,<\/p>\n\n\n\n<p>Le Symposium \u00c9tudiant de Recherche Nordique d&#8217;Ottawa-Carleton (SERNOC) est une conf\u00e9rence annuelle d&#8217;une journ\u00e9e qui aura lieu le 3 mars 2023. Il donnera l&#8217;occasion aux \u00e9tudiants de l&#8217;Universit\u00e9 Carleton et de l&#8217;Universit\u00e9 d&#8217;Ottawa de se rencontrer, de pr\u00e9senter leurs recherches, et d&#8217;apprendre les uns des autres. Cette ann\u00e9e, l&#8217;SERNOC aura lieu \u00e0 l&#8217;Universit\u00e9 Carleton.<\/p>\n\n\n\n<p>Nous acceptons maintenant les r\u00e9sum\u00e9s des \u00e9tudiants de premier cycle et des cycles sup\u00e9rieurs de toute discipline, \u00e0 condition que la recherche soit pertinente pour les r\u00e9gions polaires nord ou sud. Les pr\u00e9sentations peuvent porter sur des projets \u00e0 n&#8217;importe quel stade, y compris des propositions de projets et des projets de recherche complets. Les r\u00e9sum\u00e9s en fran\u00e7ais et en anglais sont les bienvenus. Veuillez indiquer dans le formulaire Google si vous comptez pr\u00e9senter un expos\u00e9 ou un poster.<\/p>\n\n\n\n<p><span lang=\"fr-FR\">La date limite pour soumettre un r\u00e9sum\u00e9 est le <\/span><span lang=\"fr-FR\"><b><s>31 janvier<\/s> 5 f\u00e9vrier<\/b><\/span><span lang=\"fr-FR\"> \u00e0 <\/span><span lang=\"fr-FR\"><b>23h59<\/b><\/span><span lang=\"fr-FR\"> via <\/span><span lang=\"fr-FR\"><b><a href=\"https:\/\/forms.gle\/2J465T5wk8CGwsJr8\">https:\/\/forms.gle\/2J465T5wk8CGwsJr8<\/a>. <\/b><\/span><\/p>\n\n\n\n<p>La conf\u00e9renci\u00e8re principale de cette ann\u00e9e reste \u00e0 d\u00e9terminer.<\/p>\n\n\n\n<p>Nous organiserons \u00e9galement un concours de photos si vous souhaitez participer &#8211; les photos peuvent porter sur n&#8217;importe quel sujet, \u00e0 condition qu&#8217;elles aient \u00e9t\u00e9 prises dans le nord ou le sud g\u00e9ographique. Les participants \u00e0 SERNOC 2023 peuvent soumettre des photos avec leur r\u00e9sum\u00e9 dans le formulaire Google fourni ci-dessus.<\/p>\n\n\n\n<p>Pour plus d&#8217;informations, veuillez consulter l&#8217;affiche ci-jointe ou envoyer un courriel \u00e0 <a href=\"mailto:ocsnrsymposium@gmail.com\">ocsnrsymposium@gmail.com<\/a>.<\/p>\n\n\n\n<p>Nous vous remercions de votre int\u00e9r\u00eat et nous avons h\u00e2te de voir tout le monde en personne !<\/p>\n\n\n\n<p>Au nom du comit\u00e9 OCSNRS 2023,<\/p>\n\n\n\n<p>Ada Loewen<br>\nReyd Smith<br>\nRachel Mandryk<br>\nAidan Oliver-Burgess<br>\nAdam Poulin<\/p>\n\n\n\n<p>T\u00e9l\u00e9chargez le poster de l&#8217;appel \u00e0 r\u00e9sum\u00e9s <a href=\"https:\/\/carleton.ca\/northernresearch\/wp-content\/uploads\/sites\/208\/OCSNRS2023_CallforAbstracts_FR.png\">ici<\/a><\/p>\n\n\n\n<p><strong>Concours Photo<\/strong><\/p>\n\n\n\n<figure class=\"wp-block-image size-full is-resized\"><img loading=\"lazy\" decoding=\"async\" width=\"1586\" height=\"890\" src=\"https:\/\/carleton.ca\/northernresearch\/wp-content\/uploads\/sites\/208\/OCSNRS2023_PhotoContest_FR.png\" alt=\"\" class=\"wp-image-1506\" style=\"width:500px\" srcset=\"https:\/\/carleton.ca\/northernresearch\/wp-content\/uploads\/sites\/208\/OCSNRS2023_PhotoContest_FR.png 1586w, https:\/\/carleton.ca\/northernresearch\/wp-content\/uploads\/sites\/208\/OCSNRS2023_PhotoContest_FR-160x90.png 160w, https:\/\/carleton.ca\/northernresearch\/wp-content\/uploads\/sites\/208\/OCSNRS2023_PhotoContest_FR-240x135.png 240w, https:\/\/carleton.ca\/northernresearch\/wp-content\/uploads\/sites\/208\/OCSNRS2023_PhotoContest_FR-768x431.png 768w, https:\/\/carleton.ca\/northernresearch\/wp-content\/uploads\/sites\/208\/OCSNRS2023_PhotoContest_FR-400x224.png 400w, https:\/\/carleton.ca\/northernresearch\/wp-content\/uploads\/sites\/208\/OCSNRS2023_PhotoContest_FR-1536x862.png 1536w, https:\/\/carleton.ca\/northernresearch\/wp-content\/uploads\/sites\/208\/OCSNRS2023_PhotoContest_FR-360x202.png 360w\" sizes=\"auto, (max-width: 1586px) 100vw, 1586px\" \/><\/figure>\n\n\n\n<p><\/p>\n\n\n\n<p>Un concours de photographie est organis\u00e9 dans le cadre du symposium pour exposer la beaut\u00e9 des paysages nordiques dans les photos d\u2019\u00e9tudiant(e)s.<\/p>\n\n\n\n<p><span style=\"text-decoration: underline;\">Qui peut participer?<\/span><\/p>\n\n\n\n<p>Tous ceux qui seront pr\u00e9sents lors du symposium. Vous n\u2019avez pas besoin de soumettre un r\u00e9sum\u00e9 pour une affiche ou une pr\u00e9sentation pour participer au concours.<\/p>\n\n\n\n<p><span style=\"text-decoration: underline;\">Qu\u2019est-ce que vous devez soumettre et quand?<\/span><\/p>\n\n\n\n<p>Une photo de haute-r\u00e9solution qui a \u00e9t\u00e9 prise dans les regions polaires. Tous les types de photos sont accept\u00e9s, c.-\u00e0-d. personnes, faune, flore, paysages, etc.<\/p>\n\n\n\n<p>Soumettre des photos \u00e0 <a href=\"https:\/\/forms.gle\/2J465T5wk8CGwsJr8\">https:\/\/forms.gle\/2J465T5wk8CGwsJr8<\/a> avant le 31 janvier 2023.<\/p>\n\n\n\n<p><span style=\"text-decoration: underline;\">Comment sera choisi le gagnant?<\/span><\/p>\n\n\n\n<p>Les participants au symposium pourront voter pour leur photo favorite durant la journ\u00e9e. Le ou la gagnant(e) recevra sa photo imprim\u00e9e et encadr\u00e9e en grand format.<\/p>\n\n\n\n<p><strong>Contact<\/strong><\/p>\n\n\n\n<p>Pour plus d\u2019information, veuillez contacter le comit\u00e9 organisateur \u00e0&nbsp;<a href=\"mailto:ocsnrsymposium@gmail.com\">ocsnrsymposium@gmail.com<\/a>.<\/p>\n\n\n\n<p>&nbsp;<\/p>\n\n\n\n<hr class=\"wp-block-separator has-alpha-channel-opacity\"\/>\n\n\n\n<p class=\"has-text-align-left\"><strong>View Previous OCSNRS Schedules\/Abstracts:<br>\n<\/strong><\/p>\n\n\n\n<p><a href=\"https:\/\/carleton.ca\/northernresearch\/ocsnrs-2022\/\">2022 &#8211; Hosted by the University of Ottawa<\/a><\/p>\n\n\n\n<p><a href=\"https:\/\/carleton.ca\/northernresearch\/ocsnrs-2020\/\">2020 &#8211; Cancelled due to COVID-19<\/a><\/p>\n\n\n\n<p><a href=\"https:\/\/carleton.ca\/northernresearch\/ocsnrs-2019\/\">2019 &#8211; Hosted by Carleton University<\/a><\/p>\n\n\n\n<p><a href=\"https:\/\/carleton.ca\/northernresearch\/ocsnrs\/2017-2-2\/\"><span style=\"text-decoration: underline;\">2<\/span>018 &#8211; Hosted by the University of Ottawa<\/a><\/p>\n\n\n\n<p><a href=\"https:\/\/carleton.ca\/northernresearch\/ocsnrs\/2017-2\/\">2017 &#8211; Hosted by Carleton University<\/a><\/p>\n\n\n\n<p class=\"has-text-align-left\"><a href=\"http:\/\/carleton.ca\/northernresearch\/ocsnrs\/2016-ocsnrs\/\">2016 &#8211; Hosted by the University of Ottawa<\/a><\/p>\n\n\n\n<p class=\"has-text-align-left\"><a href=\"http:\/\/carleton.ca\/northernresearch\/ocsnrs\/2015-ocsnrs\/\">2015 &#8211; Hosted by Carleton University<\/a><\/p>\n\n\n\n<p class=\"has-text-align-left\"><a href=\"http:\/\/carleton.ca\/northernresearch\/2014-ocsnrs\">2014 &#8211; Hosted by the University of Ottawa<\/a><\/p>\n\n\n\n<p class=\"has-text-align-left\"><a title=\"2013 \u2013 Hosted by Carleton University\" href=\"http:\/\/carleton.ca\/northernresearch\/ocsnrs\/2013-ocsnrs\/\">2013 &#8211; Hosted by Carleton University<\/a><\/p>\n\n\n\n<p class=\"has-text-align-left\"><a href=\"http:\/\/carleton.ca\/northernresearch\/wp-content\/uploads\/sites\/208\/OCSNRS2012PresentationList.pdf\">2012 &#8211;&nbsp;Hosted by the University of Ottawa<\/a><\/p>\n\n\n\n<p class=\"has-text-align-left\"><a href=\"http:\/\/carleton.ca\/northernresearch\/wp-content\/uploads\/sites\/208\/2011_OCSNRS_Presentations.pdf\">2011 &#8211;&nbsp;Hosted by Carleton University<\/a><\/p>\n","protected":false},"excerpt":{"rendered":"<p>The 2023 OCSNRS was hosted by Carleton University on March 3, 2023 The Ottawa-Carleton Student Northern Research Symposium is an annual, one-day conference where students from Carleton University and the University of Ottawa connect, present their research, and learn from each other. We have accepted abstracts from undergraduate and graduate students from a wide variety [&hellip;]<\/p>\n","protected":false},"author":2,"featured_media":0,"parent":84,"menu_order":0,"comment_status":"closed","ping_status":"closed","template":"","meta":{"_acf_changed":false,"_cu_dining_location_slug":"","footnotes":"","_links_to":"","_links_to_target":""},"cu_page_type":[],"class_list":["post-1531","page","type-page","status-publish","hentry"],"acf":{"cu_post_thumbnail":""},"_links":{"self":[{"href":"https:\/\/carleton.ca\/northernresearch\/wp-json\/wp\/v2\/pages\/1531","targetHints":{"allow":["GET"]}}],"collection":[{"href":"https:\/\/carleton.ca\/northernresearch\/wp-json\/wp\/v2\/pages"}],"about":[{"href":"https:\/\/carleton.ca\/northernresearch\/wp-json\/wp\/v2\/types\/page"}],"author":[{"embeddable":true,"href":"https:\/\/carleton.ca\/northernresearch\/wp-json\/wp\/v2\/users\/2"}],"replies":[{"embeddable":true,"href":"https:\/\/carleton.ca\/northernresearch\/wp-json\/wp\/v2\/comments?post=1531"}],"version-history":[{"count":4,"href":"https:\/\/carleton.ca\/northernresearch\/wp-json\/wp\/v2\/pages\/1531\/revisions"}],"predecessor-version":[{"id":1702,"href":"https:\/\/carleton.ca\/northernresearch\/wp-json\/wp\/v2\/pages\/1531\/revisions\/1702"}],"up":[{"embeddable":true,"href":"https:\/\/carleton.ca\/northernresearch\/wp-json\/wp\/v2\/pages\/84"}],"wp:attachment":[{"href":"https:\/\/carleton.ca\/northernresearch\/wp-json\/wp\/v2\/media?parent=1531"}],"wp:term":[{"taxonomy":"cu_page_type","embeddable":true,"href":"https:\/\/carleton.ca\/northernresearch\/wp-json\/wp\/v2\/cu_page_type?post=1531"}],"curies":[{"name":"wp","href":"https:\/\/api.w.org\/{rel}","templated":true}]}}