{"id":1630,"date":"2026-01-24T05:34:28","date_gmt":"2026-01-24T10:34:28","guid":{"rendered":"https:\/\/carleton.ca\/northernresearch\/?page_id=1630"},"modified":"2026-02-27T08:46:17","modified_gmt":"2026-02-27T13:46:17","slug":"ocsnrs-2025","status":"publish","type":"page","link":"https:\/\/carleton.ca\/northernresearch\/ocsnrs\/ocsnrs-2025\/","title":{"rendered":"2025"},"content":{"rendered":"\n<section class=\"w-screen px-6 cu-section cu-section--white ml-offset-center md:px-8 lg:px-14\">\n    <div class=\"space-y-6 cu-max-w-child-5xl  md:space-y-10 cu-prose-first-last\">\n\n            <div class=\"cu-textmedia flex flex-col lg:flex-row mx-auto gap-6 md:gap-10 my-6 md:my-12 first:mt-0 max-w-5xl\">\n        <div class=\"justify-start cu-textmedia-content cu-prose-first-last\" style=\"flex: 0 0 100%;\">\n            <header class=\"font-light prose-xl cu-pageheader md:prose-2xl cu-component-updated cu-prose-first-last\">\n                                    <h1 class=\"cu-prose-first-last font-semibold !mt-2 mb-4 md:mb-6 relative after:absolute after:h-px after:bottom-0 after:bg-cu-red after:left-px text-3xl md:text-4xl lg:text-5xl lg:leading-[3.5rem] pb-5 after:w-10 text-cu-black-700 not-prose\">\n                        2025\n                    <\/h1>\n                \n                                \n                            <\/header>\n\n                    <\/div>\n\n            <\/div>\n\n    <\/div>\n<\/section>\n\n\n\n<p>The Ottawa-Carleton Student Northern Research Symposium (OCSNRS\/SERNOC) took place on March 7, 2025 on the Carleton University campus.&nbsp; To find out more, you can read the <a href=\"https:\/\/carleton.ca\/northernresearch\/wp-content\/uploads\/sites\/208\/OCSNRS_2025_Book-of-Abstracts.pdf\">program<\/a>.<\/p>\n\n\n\n<p>Thanks to the organizers for making this meeting a success!<\/p>\n\n\n\n<ul class=\"wp-block-list\">\n<li> Ada Loewen<\/li>\n\n\n\n<li> Alex Guilllerez<\/li>\n\n\n\n<li> Anna Brownlee<\/li>\n\n\n\n<li> Derek Wilson<\/li>\n\n\n\n<li> Elizabeth Sullivan<\/li>\n\n\n\n<li> Olivia King<\/li>\n\n\n\n<li> Frederic Brieger<\/li>\n\n\n\n<li> Kt Miller<\/li>\n\n\n\n<li> Olivia Meier-Legault<\/li>\n\n\n\n<li> Parna Kazerani<\/li>\n<\/ul>\n\n\n\n<h2 id=\"call-for-abstracts\" class=\"wp-block-heading\">Call for abstracts<\/h2>\n\n\n\n<p>Dear students,<\/p>\n\n\n\n<p>The Ottawa-Carleton Student Northern Research Symposium is an annual, one-day conference where students from Carleton University and the University of Ottawa connect, present their research, and learn from each other. We have accepted abstracts from undergraduate and graduate students from a wide variety of disciplines relevant to polar regions.<\/p>\n\n\n\n<p>David Hik, Chief Scientist &amp; V.P. Research at Polar Knowledge Canada, will be giving the keynote presentation. The the schedule for the day can be downloaded <a href=\"https:\/\/carleton.ca\/northernresearch\/wp-content\/uploads\/sites\/208\/OCSNRS-Schedule-2025.pdf\">here<\/a>&nbsp;and the book of abstracts is available <a href=\"https:\/\/carleton.ca\/northernresearch\/wp-content\/uploads\/sites\/208\/OCSNRS_2025_Book-of-Abstracts.pdf\">here<\/a>.<\/p>\n\n\n\n<p>Please fill out the following Google Form if you would like to attend this event held at Carleton University at <b>St. Patrick&#8217;s Building 303<\/b> on <b>March 7th<\/b> so we can anticipate numbers for catering: <a class=\"moz-txt-link-freetext\" href=\"https:\/\/forms.gle\/apkaybR43YisamH86\"> https:\/\/forms.gle\/apkaybR43YisamH86<\/a><\/p>\n\n\n\n<p>For more information, please email <a class=\"moz-txt-link-abbreviated\" href=\"mailto:KtMiller@cmail.carleton.ca\"> KtMiller@cmail.carleton.ca<\/a> or visit <a class=\"moz-txt-link-freetext\" href=\"https:\/\/carleton.ca\/northernresearch\/ocsnrs\/\"> https:\/\/carleton.ca\/northernresearch\/ocsnrs\/<\/a>.<\/p>\n\n\n\n<p>Thank you for your interest and we look forward to seeing everyone!<\/p>\n\n\n\n<p>On behalf of the OCSNRS 2025 Committee,<\/p>\n\n\n\n<ul class=\"wp-block-list\">\n<li>Ada Loewen<\/li>\n\n\n\n<li>Alex Guilllerez<\/li>\n\n\n\n<li>Anna Brownlee<\/li>\n\n\n\n<li>Derek Wilson<\/li>\n\n\n\n<li>Elizabeth Sullivan<\/li>\n\n\n\n<li>Olivia King<\/li>\n\n\n\n<li>Frederic Brieger<\/li>\n\n\n\n<li>Kt Miller<\/li>\n\n\n\n<li>Olivia Meier-Legault<\/li>\n\n\n\n<li>Parna Kazerani<\/li>\n<\/ul>\n\n\n\n<p><a id=\"call\"><\/a>La version fran\u00e7aise suit.<\/p>\n\n\n\n<p><strong>OCSNRS 2025 Call for Abstracts \/ \u00c9tudiant(e)s: SERNOC 2025 appel de r\u00e9sum\u00e9s<\/strong><\/p>\n\n\n\n<p>Dear students,<\/p>\n\n\n\n<p>We are now <strong>accepting abstracts<\/strong> for the <strong>Ottawa-Carleton Student Northern Research Symposium <\/strong>(OCSNRS), hosted by Carleton University on March 7, 2025.<\/p>\n\n\n\n<p>The OCSNRS is an annual, one-day conference which brings together students from the University of Ottawa and Carleton University who are involved in northern research. It provides an opportunity for students to present their research, network, and to widen their knowledge of the north. Students from any discipline are welcome, given their research involves the geographic north. Presentations may range from project proposals to complete research projects.<\/p>\n\n\n\n<p><strong>The deadline to submit your abstract is <u>January 31st, 2025<\/u>.<\/strong> <a href=\"https:\/\/forms.gle\/ujV2fCR1stDUeHnP9\"> https:\/\/forms.gle\/ujV2fCR1stDUeHnP9<\/a><\/p>\n\n\n\n<p>We look forward to your participation in the symposium!<\/p>\n\n\n\n<figure class=\"wp-block-embed is-type-wp-embed is-provider-cu-northern-research wp-block-embed-cu-northern-research\"><div class=\"wp-block-embed__wrapper\">\n<blockquote class=\"wp-embedded-content\" data-secret=\"8SBU195UTo\"><a href=\"https:\/\/carleton.ca\/northernresearch\/ocsnrs\/\">OCSNRS<\/a><\/blockquote><iframe loading=\"lazy\" class=\"wp-embedded-content\" sandbox=\"allow-scripts\" security=\"restricted\" style=\"position: absolute; visibility: hidden;\" title=\"&#8220;OCSNRS&#8221; &#8212; CU Northern Research\" src=\"https:\/\/carleton.ca\/northernresearch\/ocsnrs\/embed\/#?secret=85IkK5SQCr#?secret=8SBU195UTo\" data-secret=\"8SBU195UTo\" width=\"500\" height=\"282\" frameborder=\"0\" marginwidth=\"0\" marginheight=\"0\" scrolling=\"no\"><\/iframe>\n<\/div><\/figure>\n\n\n\n<p>On behalf of the OCSNRS organising committee,<\/p>\n\n\n\n<p>Olivia King<br>\nPh.D. student, Crockford Lab<br>\nCarleton University<br>\n<a href=\"mailto:Oliviaking3@cmail.carleton.ca\">Oliviaking3@cmail.carleton.ca<\/a><\/p>\n\n\n\n<p>****<\/p>\n\n\n\n<p>Chers \u00e9tudiant(e)s,<\/p>\n\n\n\n<p>Nous acceptons maintenant les r\u00e9sum\u00e9s pour le <strong>Symposium \u00c9tudiant de Recherche Nordique d&#8217;Ottawa-Carleton (SERNOC)<\/strong>, qui aura lui \u00e0 Carleton University le 7 mars 2025.<\/p>\n\n\n\n<p>Le SRNEOC est une conf\u00e9rence annuelle d\u2019une journ\u00e9e qui rassemble les \u00e9tudiants de l\u2019Universit\u00e9 d\u2019Ottawa et de Carleton University qui participent aux \u00e9tudes nordiques. Il s\u2019agit d\u2019une opportunit\u00e9 pour les \u00e9tudiants de pr\u00e9senter leur recherche, faire du r\u00e9seautage et approfondir leur connaissance du Nord. Les \u00e9tudiants de toutes disciplines confondues sont les bienvenus, tant que leur recherche concerne le nord g\u00e9ographique. Les pr\u00e9sentations peuvent autant \u00eatre des propositions de projet que des projets de recherche complets.<\/p>\n\n\n\n<p><strong>La date limite pour la soumission d\u2019un r\u00e9sum\u00e9 est le 31 Janvier 2025<\/strong>. <a href=\"https:\/\/forms.gle\/ujV2fCR1stDUeHnP9\">https:\/\/forms.gle\/ujV2fCR1stDUeHnP9<\/a><\/p>\n\n\n\n<p>En esp\u00e9rant vous voir au symposium!<\/p>\n\n\n\n<figure class=\"wp-block-embed is-type-wp-embed is-provider-cu-northern-research wp-block-embed-cu-northern-research\"><div class=\"wp-block-embed__wrapper\">\n<blockquote class=\"wp-embedded-content\" data-secret=\"8SBU195UTo\"><a href=\"https:\/\/carleton.ca\/northernresearch\/ocsnrs\/\">OCSNRS<\/a><\/blockquote><iframe loading=\"lazy\" class=\"wp-embedded-content\" sandbox=\"allow-scripts\" security=\"restricted\" style=\"position: absolute; visibility: hidden;\" title=\"&#8220;OCSNRS&#8221; &#8212; CU Northern Research\" src=\"https:\/\/carleton.ca\/northernresearch\/ocsnrs\/embed\/#?secret=85IkK5SQCr#?secret=8SBU195UTo\" data-secret=\"8SBU195UTo\" width=\"500\" height=\"282\" frameborder=\"0\" marginwidth=\"0\" marginheight=\"0\" scrolling=\"no\"><\/iframe>\n<\/div><\/figure>\n\n\n\n<p>Au nom du comit\u00e9 organisateur du SERNOC,<\/p>\n\n\n\n<p>Olivia King<br>\nPh.D. student, Crockford Lab<br>\nCarleton University<br>\n<a href=\"mailto:Oliviaking3@cmail.carleton.ca\">Oliviaking3@cmail.carleton.ca<\/a><\/p>\n\n\n\n<figure class=\"wp-block-image size-full is-resized\"><img loading=\"lazy\" decoding=\"async\" width=\"612\" height=\"792\" src=\"https:\/\/carleton.ca\/northernresearch\/wp-content\/uploads\/sites\/208\/OCSNRS_2025_Abstract-Poster.jpg\" alt=\"\" class=\"wp-image-1574\" style=\"width:300px\" srcset=\"https:\/\/carleton.ca\/northernresearch\/wp-content\/uploads\/sites\/208\/OCSNRS_2025_Abstract-Poster.jpg 612w, https:\/\/carleton.ca\/northernresearch\/wp-content\/uploads\/sites\/208\/OCSNRS_2025_Abstract-Poster-160x207.jpg 160w, https:\/\/carleton.ca\/northernresearch\/wp-content\/uploads\/sites\/208\/OCSNRS_2025_Abstract-Poster-240x311.jpg 240w, https:\/\/carleton.ca\/northernresearch\/wp-content\/uploads\/sites\/208\/OCSNRS_2025_Abstract-Poster-400x518.jpg 400w, https:\/\/carleton.ca\/northernresearch\/wp-content\/uploads\/sites\/208\/OCSNRS_2025_Abstract-Poster-360x466.jpg 360w\" sizes=\"auto, (max-width: 612px) 100vw, 612px\" \/><\/figure>\n\n\n\n<p>&nbsp;<\/p>\n\n\n\n<hr class=\"wp-block-separator has-alpha-channel-opacity\"\/>\n\n\n\n<p class=\"has-text-align-left\"><strong>View Previous OCSNRS Schedules\/Abstracts:<br>\n<\/strong><\/p>\n\n\n\n<p><a href=\"https:\/\/carleton.ca\/northernresearch\/ocsnrs-2025\/\">2024 &#8211; Hosted by the University of Ottawa<\/a><\/p>\n\n\n\n<p><a href=\"https:\/\/carleton.ca\/northernresearch\/ocsnrs-2023\/\">2023 &#8211; Hosted by Carleton University<\/a><\/p>\n\n\n\n<p><a href=\"https:\/\/carleton.ca\/northernresearch\/ocsnrs-2022\/\">2022 &#8211; Hosted by the University of Ottawa<\/a><\/p>\n\n\n\n<p><a href=\"https:\/\/carleton.ca\/northernresearch\/ocsnrs-2020\/\">2020 &#8211; Cancelled due to COVID-19<\/a><\/p>\n\n\n\n<p><a href=\"https:\/\/carleton.ca\/northernresearch\/ocsnrs-2019\/\">2019 &#8211; Hosted by Carleton University<\/a><\/p>\n\n\n\n<p><a href=\"https:\/\/carleton.ca\/northernresearch\/ocsnrs\/2017-2-2\/\"><span style=\"text-decoration: underline;\">2<\/span>018 &#8211; Hosted by the University of Ottawa<\/a><\/p>\n\n\n\n<p><a href=\"https:\/\/carleton.ca\/northernresearch\/ocsnrs\/2017-2\/\">2017 &#8211; Hosted by Carleton University<\/a><\/p>\n\n\n\n<p class=\"has-text-align-left\"><a href=\"http:\/\/carleton.ca\/northernresearch\/ocsnrs\/2016-ocsnrs\/\">2016 &#8211; Hosted by the University of Ottawa<\/a><\/p>\n\n\n\n<p class=\"has-text-align-left\"><a href=\"http:\/\/carleton.ca\/northernresearch\/ocsnrs\/2015-ocsnrs\/\">2015 &#8211; Hosted by Carleton University<\/a><\/p>\n\n\n\n<p class=\"has-text-align-left\"><a href=\"http:\/\/carleton.ca\/northernresearch\/2014-ocsnrs\">2014 &#8211; Hosted by the University of Ottawa<\/a><\/p>\n\n\n\n<p class=\"has-text-align-left\"><a title=\"2013 \u2013 Hosted by Carleton University\" href=\"http:\/\/carleton.ca\/northernresearch\/ocsnrs\/2013-ocsnrs\/\">2013 &#8211; Hosted by Carleton University<\/a><\/p>\n\n\n\n<p class=\"has-text-align-left\"><a href=\"http:\/\/carleton.ca\/northernresearch\/wp-content\/uploads\/sites\/208\/OCSNRS2012PresentationList.pdf\">2012 &#8211;&nbsp;Hosted by the University of Ottawa<\/a><\/p>\n\n\n\n<p class=\"has-text-align-left\"><a href=\"http:\/\/carleton.ca\/northernresearch\/wp-content\/uploads\/sites\/208\/2011_OCSNRS_Presentations.pdf\">2011 &#8211;&nbsp;Hosted by Carleton University<\/a><\/p>\n","protected":false},"excerpt":{"rendered":"<p>The Ottawa-Carleton Student Northern Research Symposium (OCSNRS\/SERNOC) took place on March 7, 2025 on the Carleton University campus.&nbsp; To find out more, you can read the program. Thanks to the organizers for making this meeting a success! Call for abstracts Dear students, The Ottawa-Carleton Student Northern Research Symposium is an annual, one-day conference where students [&hellip;]<\/p>\n","protected":false},"author":2,"featured_media":0,"parent":84,"menu_order":0,"comment_status":"closed","ping_status":"closed","template":"","meta":{"_acf_changed":false,"_cu_dining_location_slug":"","footnotes":"","_links_to":"","_links_to_target":""},"cu_page_type":[],"class_list":["post-1630","page","type-page","status-publish","hentry"],"acf":{"cu_post_thumbnail":""},"_links":{"self":[{"href":"https:\/\/carleton.ca\/northernresearch\/wp-json\/wp\/v2\/pages\/1630","targetHints":{"allow":["GET"]}}],"collection":[{"href":"https:\/\/carleton.ca\/northernresearch\/wp-json\/wp\/v2\/pages"}],"about":[{"href":"https:\/\/carleton.ca\/northernresearch\/wp-json\/wp\/v2\/types\/page"}],"author":[{"embeddable":true,"href":"https:\/\/carleton.ca\/northernresearch\/wp-json\/wp\/v2\/users\/2"}],"replies":[{"embeddable":true,"href":"https:\/\/carleton.ca\/northernresearch\/wp-json\/wp\/v2\/comments?post=1630"}],"version-history":[{"count":5,"href":"https:\/\/carleton.ca\/northernresearch\/wp-json\/wp\/v2\/pages\/1630\/revisions"}],"predecessor-version":[{"id":1699,"href":"https:\/\/carleton.ca\/northernresearch\/wp-json\/wp\/v2\/pages\/1630\/revisions\/1699"}],"up":[{"embeddable":true,"href":"https:\/\/carleton.ca\/northernresearch\/wp-json\/wp\/v2\/pages\/84"}],"wp:attachment":[{"href":"https:\/\/carleton.ca\/northernresearch\/wp-json\/wp\/v2\/media?parent=1630"}],"wp:term":[{"taxonomy":"cu_page_type","embeddable":true,"href":"https:\/\/carleton.ca\/northernresearch\/wp-json\/wp\/v2\/cu_page_type?post=1630"}],"curies":[{"name":"wp","href":"https:\/\/api.w.org\/{rel}","templated":true}]}}