{"id":173,"date":"2014-06-03T18:23:55","date_gmt":"2014-06-03T18:23:55","guid":{"rendered":"http:\/\/carleton.ca\/northernresearch\/?page_id=173"},"modified":"2026-02-27T08:57:45","modified_gmt":"2026-02-27T13:57:45","slug":"2014-ocsnrs","status":"publish","type":"page","link":"https:\/\/carleton.ca\/northernresearch\/ocsnrs\/2014-ocsnrs\/","title":{"rendered":"2014"},"content":{"rendered":"\n<section class=\"w-screen px-6 cu-section cu-section--white ml-offset-center md:px-8 lg:px-14\">\n    <div class=\"space-y-6 cu-max-w-child-5xl  md:space-y-10 cu-prose-first-last\">\n\n            <div class=\"cu-textmedia flex flex-col lg:flex-row mx-auto gap-6 md:gap-10 my-6 md:my-12 first:mt-0 max-w-5xl\">\n        <div class=\"justify-start cu-textmedia-content cu-prose-first-last\" style=\"flex: 0 0 100%;\">\n            <header class=\"font-light prose-xl cu-pageheader md:prose-2xl cu-component-updated cu-prose-first-last\">\n                                    <h1 class=\"cu-prose-first-last font-semibold !mt-2 mb-4 md:mb-6 relative after:absolute after:h-px after:bottom-0 after:bg-cu-red after:left-px text-3xl md:text-4xl lg:text-5xl lg:leading-[3.5rem] pb-5 after:w-10 text-cu-black-700 not-prose\">\n                        2014\n                    <\/h1>\n                \n                                \n                            <\/header>\n\n                    <\/div>\n\n            <\/div>\n\n    <\/div>\n<\/section>\n\n\n\n<p><strong>OCSNRS<\/strong> 2014 &#8211; Schedule and Abstracts<\/p>\n\n\n\n<p>January 28, 2014<\/p>\n\n\n\n<p><strong>The 2013 Ottawa-Carleton Northern Research Symposium (OCSNRS) is taking place at the University of Ottawa, in the Demarais Building (Room 12102), from 8:30am &#8211; 4:30pm on Thursday, February 6th.<\/strong><\/p>\n\n\n\n<p><a href=\"http:\/\/carleton.ca\/northernresearch\/wp-content\/uploads\/sites\/208\/2014OCSNRSProgram.pdf\">View 2014 OCSNRS Program and Abstracts<\/a><\/p>\n\n\n\n<p>A french message follows below.<\/p>\n\n\n\n<p>The program for the 2014 Ottawa Carleton Student Northern Research Symposium (OCSNRS) has now been finalized. I am pleased to announce that we have a full day of presentations on a wide range of topics and I would like to thank all of this years presenters in advance for their participation. Please find attached the program for the event, which includes the schedule, a map to the conference location and a list of all the abstracts to be presented.<br>\nThe 2014 OCSNRS will be hosted at the <strong><span style=\"text-decoration: underline;\">University of Ottawa on<\/span> Thursday February 6th , 2014 8:30 &#8211; 4:30 in the Demarais Building, Room 12102.<\/strong><\/p>\n\n\n\n<p>Please note that an <strong>RSVP is required<\/strong> to confirm your attendance, these can be sent to Wesley Van Wychen (<a href=\"https:\/\/ccscas10.cunet.carleton.ca\/owa\/auth\/logon.aspx?url=https:\/\/ccscas10.cunet.carleton.ca\/owa\/redir.aspx%3FC=kXsHgLtoLUq3Cc6yxNaNNYMvetFm8dBIw5rTFv3tZKKXdNuV4jfDpPuvYNrG_fxfFwYScWsZoaE.%26URL=mailto%253awvanw046%2540uottawa.ca&amp;reason=0\">wvanw046@uottawa.ca<\/a>). We ask that you RSVP by <strong>January 31st, 2014.<\/strong><\/p>\n\n\n\n<p>This year, our keynote speaker is <strong>Dr. Martin Sharp<\/strong>, Professor and Chair at the Earth and Atmospheric Science Department at the University of Alberta. His keynote address is entitled &#8220;The Global Dynamics of Arctic Ice Caps&#8221;.<\/p>\n\n\n\n<p>Additionally, those attending the OCSNRS may also be interested in attending a presentation by <strong>Hugh Dale-Harris<\/strong> about his expedition across Ellesmere Island last spring. Hugh will be talking about the wildlife, geography, adventures and travel he experienced, and how this compared with Sverdrup\u2019s expedition from 1898-1902. This talk will be held on the evening of Tuesday February 4th, 2014 at 7:00PM in Demarais 12102 and a poster of this talk is also attached.<\/p>\n\n\n\n<p><strong>Important Guidelines for Presenters:<\/strong><br>\nOral Presentations: We ask that those giving oral presentations prepare talks of 12-13 minutes allowing for 2-3 minutes of questions following the talk. We also ask that those giving oral presentations ensure that they upload their presentations during the break preceding their scheduled talk. This will be done in coordination with the session chair.<\/p>\n\n\n\n<p><strong>Poster Presentations:<\/strong> We ask that those giving poster presentations put up their poster during the registration portion of the morning schedule (8:30-8:55). This will ensure that all posters are available for the entire day and getting maximum exposure.<\/p>\n\n\n\n<p>We look forward to welcoming everyone to this year&#8217;s event.<\/p>\n\n\n\n<p><strong>Wesley Van Wychen<\/strong><br>\nLead Symposium Coordinator<\/p>\n\n\n\n<p>&#8212;&#8212;&#8212;&#8212;&#8212;&#8212;<br>\nLe programme pour le Symposium Ottawa-Carleton sur la recherche \u00e9tudiante sur le Nord (SOCREN) de 2014 est maintenant finalis\u00e9. J\u2019ai le tr\u00e8s grande plaisir de vous informer que le symposium va comporter une journ\u00e9e compl\u00e8te de pr\u00e9sentations portant sur une grande vari\u00e9t\u00e9 de sujets. J\u2019aimerais remercier en avance tous ceux et celles qui pr\u00e9sentent leur recherche pour leur participation. Veuillez trouver ci-joint le programme pour l\u2019\u00e9v\u00e9nement, qui inclut l\u2019horaire des pr\u00e9sentations, une carte du campus indiquant le site du symposium, et la liste des r\u00e9sum\u00e9s \u00e0 \u00eatre pr\u00e9sent\u00e9es.<br>\nLe SOCREN de 2014 aura lieu \u00e0<span style=\"text-decoration: underline;\"><strong> l\u2019Universit\u00e9 d\u2019Ottawa le jeudi 6 f\u00e9vrier, 2014 de 08h30 \u00e0 16h30 dans le pavillon Desmarais, salle 12102.<\/strong><\/span><\/p>\n\n\n\n<p>Veuillez noter que <span style=\"text-decoration: underline;\"><strong>nous avons besoin d\u2019un RSVP<\/strong><\/span> pour confirmer votre assistance \u00e0 l\u2019\u00e9v\u00e9nement ; on peut envoyer ces derniers \u00e0Wesley Van Wychen (<a href=\"https:\/\/ccscas10.cunet.carleton.ca\/owa\/auth\/logon.aspx?url=https:\/\/ccscas10.cunet.carleton.ca\/owa\/redir.aspx%3FC=kXsHgLtoLUq3Cc6yxNaNNYMvetFm8dBIw5rTFv3tZKKXdNuV4jfDpPuvYNrG_fxfFwYScWsZoaE.%26URL=mailto%253awvanw046%2540uottawa.ca&amp;reason=0\">wvanw046@uottawa.ca<\/a>). Nous demandons que vous r\u00e9pondriez par <span style=\"text-decoration: underline;\"><strong>le 31 janvier, 2014.<\/strong><\/span><\/p>\n\n\n\n<p>Le discours d\u2019ouverture sera donn\u00e9 par <strong>Dr. Martin Sharp<\/strong>, professeur et chaire du D\u00e9partement des Sciences de la Terre et de l\u2019Atmosph\u00e8re \u00e0 l\u2019Universit\u00e9 d\u2019Alberta. Son allocution s\u2019intitule : \u00ab The Global Dynamics of Arctic Ice Caps \u00bb.<br>\nDe plus, il se peut que nos participants s\u2019int\u00e9ressent \u00e0 une pr\u00e9sentation de <strong>Hugh Dale-Harris<\/strong> au sujet de son traverse de l\u2019\u00cele d\u2019Ellesm\u00e8re ce printemps pass\u00e9. Hugh va parler de la faune et flore, de la g\u00e9ographie et de ses aventures pendant cette exp\u00e9dition et comment ses exp\u00e9riences se sont compar\u00e9es avec celles de Sverdrup en 1898-1902. Cette pr\u00e9sentation aura lieu le mardi 4 f\u00e9vrier, 2014 \u00e0 19h00 dans la pavillion Desmarais, salle 12102. L\u2019affiche de sa pr\u00e9sentation se trouve aussi ci-joint.<\/p>\n\n\n\n<p>Directives importantes pour les pr\u00e9sentations<br>\n<strong>Pr\u00e9sentations orales<\/strong> : Nous demandons que les pr\u00e9sentations orales se limitent \u00e0 12-13 minutes, ce qui permet un autre 2-3 minutes pour les questions et la discussion suivant le discours. Nous demandons aussi qu\u2019on met les pr\u00e9sentations sur l\u2019ordinateur pendant la pause programm\u00e9e qui pr\u00e9c\u00e8de la pr\u00e9sentation. Ceci va se faire en coordination avec la chaire du session.<\/p>\n\n\n\n<p><strong>Pr\u00e9sentations affiches<\/strong> : Nous demandons que ceux et celles qui ont une affiche \u00e0 pr\u00e9senter postent leur pr\u00e9sentation pendant la p\u00e9riode de r\u00e9gistration au matin (08h30 \u00e0 8h55). Cela va assurer que toutes les affiches se voient le plus possible.<\/p>\n\n\n\n<p>On a h\u00e2te des vous faire la bienvenue au symposium de cette ann\u00e9e.<\/p>\n\n\n\n<p><strong>Wesley Van Wychen<\/strong><br>\nCoordinateur en chef du symposium<\/p>\n\n\n\n<figure class=\"wp-block-image aligncenter size-full is-resized\"><img loading=\"lazy\" decoding=\"async\" width=\"563\" height=\"750\" src=\"https:\/\/carleton.ca\/northernresearch\/wp-content\/uploads\/sites\/208\/Dale-Harris-poster.png\" alt=\"Dale-Harris poster\" class=\"wp-image-175\" style=\"width:300px\" srcset=\"https:\/\/carleton.ca\/northernresearch\/wp-content\/uploads\/sites\/208\/Dale-Harris-poster.png 563w, https:\/\/carleton.ca\/northernresearch\/wp-content\/uploads\/sites\/208\/Dale-Harris-poster-320x426.png 320w, https:\/\/carleton.ca\/northernresearch\/wp-content\/uploads\/sites\/208\/Dale-Harris-poster-240x320.png 240w, https:\/\/carleton.ca\/northernresearch\/wp-content\/uploads\/sites\/208\/Dale-Harris-poster-400x533.png 400w, https:\/\/carleton.ca\/northernresearch\/wp-content\/uploads\/sites\/208\/Dale-Harris-poster-360x480.png 360w\" sizes=\"auto, (max-width: 563px) 100vw, 563px\" \/><\/figure>\n\n\n\n<p><\/p>\n\n\n\n<p>&nbsp;<\/p>\n","protected":false},"excerpt":{"rendered":"<p>OCSNRS 2014 &#8211; Schedule and Abstracts January 28, 2014 The 2013 Ottawa-Carleton Northern Research Symposium (OCSNRS) is taking place at the University of Ottawa, in the Demarais Building (Room 12102), from 8:30am &#8211; 4:30pm on Thursday, February 6th. View 2014 OCSNRS Program and Abstracts A french message follows below. The program for the 2014 Ottawa [&hellip;]<\/p>\n","protected":false},"author":2,"featured_media":0,"parent":84,"menu_order":0,"comment_status":"open","ping_status":"closed","template":"","meta":{"_acf_changed":false,"_cu_dining_location_slug":"","footnotes":"","_links_to":"","_links_to_target":""},"cu_page_type":[],"class_list":["post-173","page","type-page","status-publish","hentry"],"acf":{"cu_post_thumbnail":""},"_links":{"self":[{"href":"https:\/\/carleton.ca\/northernresearch\/wp-json\/wp\/v2\/pages\/173","targetHints":{"allow":["GET"]}}],"collection":[{"href":"https:\/\/carleton.ca\/northernresearch\/wp-json\/wp\/v2\/pages"}],"about":[{"href":"https:\/\/carleton.ca\/northernresearch\/wp-json\/wp\/v2\/types\/page"}],"author":[{"embeddable":true,"href":"https:\/\/carleton.ca\/northernresearch\/wp-json\/wp\/v2\/users\/2"}],"replies":[{"embeddable":true,"href":"https:\/\/carleton.ca\/northernresearch\/wp-json\/wp\/v2\/comments?post=173"}],"version-history":[{"count":3,"href":"https:\/\/carleton.ca\/northernresearch\/wp-json\/wp\/v2\/pages\/173\/revisions"}],"predecessor-version":[{"id":1709,"href":"https:\/\/carleton.ca\/northernresearch\/wp-json\/wp\/v2\/pages\/173\/revisions\/1709"}],"up":[{"embeddable":true,"href":"https:\/\/carleton.ca\/northernresearch\/wp-json\/wp\/v2\/pages\/84"}],"wp:attachment":[{"href":"https:\/\/carleton.ca\/northernresearch\/wp-json\/wp\/v2\/media?parent=173"}],"wp:term":[{"taxonomy":"cu_page_type","embeddable":true,"href":"https:\/\/carleton.ca\/northernresearch\/wp-json\/wp\/v2\/cu_page_type?post=173"}],"curies":[{"name":"wp","href":"https:\/\/api.w.org\/{rel}","templated":true}]}}